{"id":9681,"date":"2020-05-06T19:18:50","date_gmt":"2020-05-06T19:18:50","guid":{"rendered":"http:\/\/proteccionshoppingonline.com.br\/loja\/?post_type=product&#038;p=9681"},"modified":"2025-02-20T16:08:11","modified_gmt":"2025-02-20T19:08:11","slug":"detector-temperatura-dcd-135-convencional","status":"publish","type":"product","link":"https:\/\/proteccionshoppingonline.com.br\/loja\/loja\/deteccao-de-incendio\/detector-temperatura-dcd-135-convencional\/","title":{"rendered":"Detector de Temperatura DCD-135\/-190"},"content":{"rendered":"<h1 style=\"text-align: center;\">Detector Temperatura DCD-135\/-190 Convencional<\/h1>\n<p><strong>Detector Temperatura DCD-135\/-190 Convencional &#8211;<\/strong>\u00a0Hochiki.<\/p>\n<p>O detector de calor de temperatura fixa\/taxa de eleva\u00e7\u00e3o DCD-135\/-190 \u00e9 adequado para instala\u00e7\u00e3o onde inc\u00eandios de alta sa\u00edda de calor s\u00e3o esperados ou em \u00e1reas onde as condi\u00e7\u00f5es ambientais n\u00e3o permitiriam o uso de outros m\u00e9todos de detec\u00e7\u00e3o. Os detectores de calor s\u00e3o destinados \u00e0 prote\u00e7\u00e3o de propriedade.<\/p>\n<p>Os detectores de calor de temperatura fixa\/taxa de aumento DCD-135\/-190 s\u00e3o adequados para detectar na presen\u00e7a de temperaturas de aumento lento ou r\u00e1pido devido \u00e0 queima de combust\u00edveis. A constru\u00e7\u00e3o desses modelos incorpora um elemento de calor termistor protegido contra danos pela prote\u00e7\u00e3o de pl\u00e1stico dur\u00e1vel embutida. Esses detectores eletr\u00f4nicos de calor incorporam dois LEDs de energia\/alarme para indica\u00e7\u00e3o de status de 360\u00b0. Em condi\u00e7\u00f5es de espera, os LEDs de energia piscam em verde. Em condi\u00e7\u00f5es de alarme, os LEDs travam em vermelho. O circuito eletr\u00f4nico de detec\u00e7\u00e3o de calor DCD-135\/-190 executa a mesma fun\u00e7\u00e3o de um dispositivo mec\u00e2nico, mas com precis\u00e3o eletr\u00f4nica. Se o aumento de calor for menor que 12\u00b0\/minuto, o DCD n\u00e3o soar\u00e1 o alarme at\u00e9 atingir sua temperatura de alarme (135\u00b0 ou 190\u00b0 \u00b1 7,5\u00b0F). Se o aumento de calor for maior que 15\u00b0\/minuto, o DCD soar\u00e1 o alarme.<\/p>\n<p>CARACTER\u00cdSTICAS PADR\u00c3O<\/p>\n<p>\u2022 Escolha de detector de calor de temperatura\/taxa de aumento fixa de 135\u00b0F ou 190\u00b0F<\/p>\n<p>\u2022 Espa\u00e7amento listado pela UL de at\u00e9 70&#8242; por 70&#8242;<\/p>\n<p>\u2022 Compatibilidade de base de 2 ou 4 fios, bases de rel\u00e9 dispon\u00edveis<\/p>\n<p>\u2022 Opera\u00e7\u00e3o altamente est\u00e1vel, prote\u00e7\u00e3o RF\/transit\u00f3ria<\/p>\n<p>\u2022 Baixa corrente de espera, 35\u00ffA nominal<\/p>\n<p>\u2022 Dois LEDs de energia\/alarme integrados para visualiza\u00e7\u00e3o de 360\u00b0<\/p>\n<p>\u2022 Opera\u00e7\u00e3o totalmente eletr\u00f4nica<\/p>\n<p>\u2022 LEDs de energia\/alarme confirmam o status do detector<\/p>\n<p>\u2022 Compat\u00edvel com Hochiki SOC-24V, SLR-24V e Detectores SIJ-24 e suas bases<\/p>\n<p>ESPECIFICA\u00c7\u00d5ES<\/p>\n<p>Temperatura de resposta: 135\u00b0 \u00b1 7,5\u00b0F \/ 190\u00b0 \u00b1 7,5\u00b0F<br \/>\nTens\u00e3o de alimenta\u00e7\u00e3o: 15,0 &#8211; 33,0 VCC<br \/>\nCorrente de Supervis\u00e3o: 35\u00b5A a 24 VCC<br \/>\nCorrente de surto: 160\u00b5A m\u00e1x. @ 24 VDC<br \/>\nCorrente de alarme: 150\u00b5A m\u00e1x. @ 24 VDC<br \/>\nTemperatura ambiente listada pela UL: 32\u00b0F ~ 100\u00b0F<br \/>\nFaixa de temperatura operacional: 14\u00b0F ~ 122\u00b0F<br \/>\nFaixa de temperatura de armazenamento: -4\u00b0F ~ +140\u00b0F<br \/>\nAvalia\u00e7\u00e3o de contato: Contatos N\/O \/ 150mA m\u00e1x. @ 24V<br \/>\nCor e material da caixa: Osso, Policarbonato<br \/>\nMontagem: Consulte a Folha de Dados da Base do Detector Convencional NS<\/p>\n<p>&nbsp;<\/p>\n<p>Temos centenas de produtos dispon\u00edveis, a fim de atender suas necessidades!<\/p>\n<p>Consulte-nos para mais detalhes, com a finalidade de sanar suas d\u00favidas!<\/p>\n<p>Atendimento em suma de seg \u00e0 sexta das 08 \u2013 12 e 13 \u2013 17hs.<\/p>\n<p>&nbsp;<\/p>\n<p>Fabricante: Hochiki America Corporation<\/p>\n<p>&nbsp;<\/p>\n<p>Consultar\u00a0<a href=\"http:\/\/www.engenharia.proteccionshoppingonline.com.br\/\">Proteccion engenharia<\/a><\/p>\n<p>Consultar\u00a0<a href=\"https:\/\/proteccionshoppingonline.com.br\/loja\/catalogos-it-normas\/\">Normas<\/a><\/p>\n<p>&nbsp;<\/p>\n","protected":false},"excerpt":{"rendered":"<p>O Detector de Temperatura DCD-135\/-190 \u00e9 adequados para detectar na presen\u00e7a de temperaturas de aumento lento ou r\u00e1pido devido \u00e0 queima de combust\u00edveis.<\/p>\n","protected":false},"featured_media":13236,"template":"","meta":{"_seopress_robots_primary_cat":"none","_seopress_titles_title":"Detector de Temperatura DCD-135 Convencional","_seopress_titles_desc":"O Detector de Temperatura DCD-135\/-190 \u00e9 adequados para detectar na presen\u00e7a de temperaturas de aumento lento ou r\u00e1pido devido \u00e0 queima de combust\u00edveis.","_seopress_robots_index":""},"product_brand":[],"product_cat":[141,510,228],"product_tag":[239,236,237,245,244],"class_list":{"0":"post-9681","1":"product","2":"type-product","3":"status-publish","4":"has-post-thumbnail","6":"product_cat-deteccao-de-incendio","7":"product_cat-deteccao-hochiki","8":"product_cat-hochiki","9":"product_tag-detector-de-fumaca-e-temperatura-aca","10":"product_tag-detector-fumaca-aln-v-enderecado","11":"product_tag-detector-temperatura-atj-enderecado","12":"product_tag-detector-temperatura-dcd-135-convencional","13":"product_tag-detector-temperatura-dfe-135-convencional","15":"first","16":"onbackorder","17":"shipping-taxable","18":"product-type-simple"},"yoast_head":"<!-- This site is optimized with the Yoast SEO plugin v27.2 - https:\/\/yoast.com\/product\/yoast-seo-wordpress\/ -->\n<title>Detector de Temperatura DCD-135\/-190<\/title>\n<meta name=\"description\" content=\"O Detector de Temperatura DCD-135\/-190 \u00e9 adequados para detectar na presen\u00e7a de temperaturas de aumento lento ou r\u00e1pido devido \u00e0 queima de combust\u00edveis.\" \/>\n<meta name=\"robots\" content=\"index, follow, max-snippet:-1, max-image-preview:large, max-video-preview:-1\" \/>\n<link rel=\"canonical\" href=\"https:\/\/proteccionshoppingonline.com.br\/loja\/loja\/deteccao-de-incendio\/detector-temperatura-dcd-135-convencional\/\" \/>\n<meta property=\"og:locale\" content=\"pt_BR\" \/>\n<meta property=\"og:type\" content=\"article\" \/>\n<meta property=\"og:title\" content=\"Detector de Temperatura DCD-135\/-190\" \/>\n<meta property=\"og:description\" content=\"O Detector de Temperatura DCD-135\/-190 \u00e9 adequados para detectar na presen\u00e7a de temperaturas de aumento lento ou r\u00e1pido devido \u00e0 queima de combust\u00edveis.\" \/>\n<meta property=\"og:url\" content=\"https:\/\/proteccionshoppingonline.com.br\/loja\/loja\/deteccao-de-incendio\/detector-temperatura-dcd-135-convencional\/\" \/>\n<meta property=\"og:site_name\" content=\"Protecci\u00f3n\" \/>\n<meta property=\"article:modified_time\" content=\"2025-02-20T19:08:11+00:00\" \/>\n<meta property=\"og:image\" content=\"https:\/\/proteccionshoppingonline.com.br\/loja\/wp-content\/uploads\/2020\/05\/DETECTOR-temperatura-DCD-135.jpg\" \/>\n\t<meta property=\"og:image:width\" content=\"600\" \/>\n\t<meta property=\"og:image:height\" content=\"600\" \/>\n\t<meta property=\"og:image:type\" content=\"image\/jpeg\" \/>\n<meta name=\"twitter:card\" content=\"summary_large_image\" \/>\n<meta name=\"twitter:label1\" content=\"Est. tempo de leitura\" \/>\n\t<meta name=\"twitter:data1\" content=\"3 minutos\" \/>\n<script type=\"application\/ld+json\" class=\"yoast-schema-graph\">{\"@context\":\"https:\/\/schema.org\",\"@graph\":[{\"@type\":\"WebPage\",\"@id\":\"https:\/\/proteccionshoppingonline.com.br\/loja\/loja\/deteccao-de-incendio\/detector-temperatura-dcd-135-convencional\/\",\"url\":\"https:\/\/proteccionshoppingonline.com.br\/loja\/loja\/deteccao-de-incendio\/detector-temperatura-dcd-135-convencional\/\",\"name\":\"Detector de Temperatura DCD-135\/-190\",\"isPartOf\":{\"@id\":\"https:\/\/proteccionshoppingonline.com.br\/loja\/#website\"},\"primaryImageOfPage\":{\"@id\":\"https:\/\/proteccionshoppingonline.com.br\/loja\/loja\/deteccao-de-incendio\/detector-temperatura-dcd-135-convencional\/#primaryimage\"},\"image\":{\"@id\":\"https:\/\/proteccionshoppingonline.com.br\/loja\/loja\/deteccao-de-incendio\/detector-temperatura-dcd-135-convencional\/#primaryimage\"},\"thumbnailUrl\":\"https:\/\/proteccionshoppingonline.com.br\/loja\/wp-content\/uploads\/2020\/05\/DETECTOR-temperatura-DCD-135.jpg\",\"datePublished\":\"2020-05-06T19:18:50+00:00\",\"dateModified\":\"2025-02-20T19:08:11+00:00\",\"description\":\"O Detector de Temperatura DCD-135\/-190 \u00e9 adequados para detectar na presen\u00e7a de temperaturas de aumento lento ou r\u00e1pido devido \u00e0 queima de combust\u00edveis.\",\"breadcrumb\":{\"@id\":\"https:\/\/proteccionshoppingonline.com.br\/loja\/loja\/deteccao-de-incendio\/detector-temperatura-dcd-135-convencional\/#breadcrumb\"},\"inLanguage\":\"pt-BR\",\"potentialAction\":[{\"@type\":\"ReadAction\",\"target\":[\"https:\/\/proteccionshoppingonline.com.br\/loja\/loja\/deteccao-de-incendio\/detector-temperatura-dcd-135-convencional\/\"]}]},{\"@type\":\"ImageObject\",\"inLanguage\":\"pt-BR\",\"@id\":\"https:\/\/proteccionshoppingonline.com.br\/loja\/loja\/deteccao-de-incendio\/detector-temperatura-dcd-135-convencional\/#primaryimage\",\"url\":\"https:\/\/proteccionshoppingonline.com.br\/loja\/wp-content\/uploads\/2020\/05\/DETECTOR-temperatura-DCD-135.jpg\",\"contentUrl\":\"https:\/\/proteccionshoppingonline.com.br\/loja\/wp-content\/uploads\/2020\/05\/DETECTOR-temperatura-DCD-135.jpg\",\"width\":600,\"height\":600,\"caption\":\"Detector Temperatura DCD 135 Convencional\"},{\"@type\":\"BreadcrumbList\",\"@id\":\"https:\/\/proteccionshoppingonline.com.br\/loja\/loja\/deteccao-de-incendio\/detector-temperatura-dcd-135-convencional\/#breadcrumb\",\"itemListElement\":[{\"@type\":\"ListItem\",\"position\":1,\"name\":\"Home\",\"item\":\"https:\/\/proteccionshoppingonline.com.br\/loja\/\"},{\"@type\":\"ListItem\",\"position\":2,\"name\":\"Produtos\",\"item\":\"https:\/\/proteccionshoppingonline.com.br\/loja\/cart-2\/\"},{\"@type\":\"ListItem\",\"position\":3,\"name\":\"Detector de Temperatura DCD-135\/-190\"}]},{\"@type\":\"WebSite\",\"@id\":\"https:\/\/proteccionshoppingonline.com.br\/loja\/#website\",\"url\":\"https:\/\/proteccionshoppingonline.com.br\/loja\/\",\"name\":\"Protecci\u00f3n Shopping On Line | Seguran\u00e7a contra Inc\u00eandios\",\"description\":\"Seguran\u00e7a contra Inc\u00eandios\",\"publisher\":{\"@id\":\"https:\/\/proteccionshoppingonline.com.br\/loja\/#organization\"},\"potentialAction\":[{\"@type\":\"SearchAction\",\"target\":{\"@type\":\"EntryPoint\",\"urlTemplate\":\"https:\/\/proteccionshoppingonline.com.br\/loja\/?s={search_term_string}\"},\"query-input\":{\"@type\":\"PropertyValueSpecification\",\"valueRequired\":true,\"valueName\":\"search_term_string\"}}],\"inLanguage\":\"pt-BR\"},{\"@type\":\"Organization\",\"@id\":\"https:\/\/proteccionshoppingonline.com.br\/loja\/#organization\",\"name\":\"Protecci\u00f3n Shopping On Line\",\"url\":\"https:\/\/proteccionshoppingonline.com.br\/loja\/\",\"logo\":{\"@type\":\"ImageObject\",\"inLanguage\":\"pt-BR\",\"@id\":\"https:\/\/proteccionshoppingonline.com.br\/loja\/#\/schema\/logo\/image\/\",\"url\":\"https:\/\/proteccionshoppingonline.com.br\/loja\/wp-content\/uploads\/2024\/01\/Proteccion-Shopping-On-Line-Logo-Nova.png\",\"contentUrl\":\"https:\/\/proteccionshoppingonline.com.br\/loja\/wp-content\/uploads\/2024\/01\/Proteccion-Shopping-On-Line-Logo-Nova.png\",\"width\":2000,\"height\":600,\"caption\":\"Protecci\u00f3n Shopping On Line\"},\"image\":{\"@id\":\"https:\/\/proteccionshoppingonline.com.br\/loja\/#\/schema\/logo\/image\/\"}}]}<\/script>\n<!-- \/ Yoast SEO plugin. -->","yoast_head_json":{"title":"Detector de Temperatura DCD-135\/-190","description":"O Detector de Temperatura DCD-135\/-190 \u00e9 adequados para detectar na presen\u00e7a de temperaturas de aumento lento ou r\u00e1pido devido \u00e0 queima de combust\u00edveis.","robots":{"index":"index","follow":"follow","max-snippet":"max-snippet:-1","max-image-preview":"max-image-preview:large","max-video-preview":"max-video-preview:-1"},"canonical":"https:\/\/proteccionshoppingonline.com.br\/loja\/loja\/deteccao-de-incendio\/detector-temperatura-dcd-135-convencional\/","og_locale":"pt_BR","og_type":"article","og_title":"Detector de Temperatura DCD-135\/-190","og_description":"O Detector de Temperatura DCD-135\/-190 \u00e9 adequados para detectar na presen\u00e7a de temperaturas de aumento lento ou r\u00e1pido devido \u00e0 queima de combust\u00edveis.","og_url":"https:\/\/proteccionshoppingonline.com.br\/loja\/loja\/deteccao-de-incendio\/detector-temperatura-dcd-135-convencional\/","og_site_name":"Protecci\u00f3n","article_modified_time":"2025-02-20T19:08:11+00:00","og_image":[{"width":600,"height":600,"url":"https:\/\/proteccionshoppingonline.com.br\/loja\/wp-content\/uploads\/2020\/05\/DETECTOR-temperatura-DCD-135.jpg","type":"image\/jpeg"}],"twitter_card":"summary_large_image","twitter_misc":{"Est. tempo de leitura":"3 minutos"},"schema":{"@context":"https:\/\/schema.org","@graph":[{"@type":"WebPage","@id":"https:\/\/proteccionshoppingonline.com.br\/loja\/loja\/deteccao-de-incendio\/detector-temperatura-dcd-135-convencional\/","url":"https:\/\/proteccionshoppingonline.com.br\/loja\/loja\/deteccao-de-incendio\/detector-temperatura-dcd-135-convencional\/","name":"Detector de Temperatura DCD-135\/-190","isPartOf":{"@id":"https:\/\/proteccionshoppingonline.com.br\/loja\/#website"},"primaryImageOfPage":{"@id":"https:\/\/proteccionshoppingonline.com.br\/loja\/loja\/deteccao-de-incendio\/detector-temperatura-dcd-135-convencional\/#primaryimage"},"image":{"@id":"https:\/\/proteccionshoppingonline.com.br\/loja\/loja\/deteccao-de-incendio\/detector-temperatura-dcd-135-convencional\/#primaryimage"},"thumbnailUrl":"https:\/\/proteccionshoppingonline.com.br\/loja\/wp-content\/uploads\/2020\/05\/DETECTOR-temperatura-DCD-135.jpg","datePublished":"2020-05-06T19:18:50+00:00","dateModified":"2025-02-20T19:08:11+00:00","description":"O Detector de Temperatura DCD-135\/-190 \u00e9 adequados para detectar na presen\u00e7a de temperaturas de aumento lento ou r\u00e1pido devido \u00e0 queima de combust\u00edveis.","breadcrumb":{"@id":"https:\/\/proteccionshoppingonline.com.br\/loja\/loja\/deteccao-de-incendio\/detector-temperatura-dcd-135-convencional\/#breadcrumb"},"inLanguage":"pt-BR","potentialAction":[{"@type":"ReadAction","target":["https:\/\/proteccionshoppingonline.com.br\/loja\/loja\/deteccao-de-incendio\/detector-temperatura-dcd-135-convencional\/"]}]},{"@type":"ImageObject","inLanguage":"pt-BR","@id":"https:\/\/proteccionshoppingonline.com.br\/loja\/loja\/deteccao-de-incendio\/detector-temperatura-dcd-135-convencional\/#primaryimage","url":"https:\/\/proteccionshoppingonline.com.br\/loja\/wp-content\/uploads\/2020\/05\/DETECTOR-temperatura-DCD-135.jpg","contentUrl":"https:\/\/proteccionshoppingonline.com.br\/loja\/wp-content\/uploads\/2020\/05\/DETECTOR-temperatura-DCD-135.jpg","width":600,"height":600,"caption":"Detector Temperatura DCD 135 Convencional"},{"@type":"BreadcrumbList","@id":"https:\/\/proteccionshoppingonline.com.br\/loja\/loja\/deteccao-de-incendio\/detector-temperatura-dcd-135-convencional\/#breadcrumb","itemListElement":[{"@type":"ListItem","position":1,"name":"Home","item":"https:\/\/proteccionshoppingonline.com.br\/loja\/"},{"@type":"ListItem","position":2,"name":"Produtos","item":"https:\/\/proteccionshoppingonline.com.br\/loja\/cart-2\/"},{"@type":"ListItem","position":3,"name":"Detector de Temperatura DCD-135\/-190"}]},{"@type":"WebSite","@id":"https:\/\/proteccionshoppingonline.com.br\/loja\/#website","url":"https:\/\/proteccionshoppingonline.com.br\/loja\/","name":"Protecci\u00f3n Shopping On Line | Seguran\u00e7a contra Inc\u00eandios","description":"Seguran\u00e7a contra Inc\u00eandios","publisher":{"@id":"https:\/\/proteccionshoppingonline.com.br\/loja\/#organization"},"potentialAction":[{"@type":"SearchAction","target":{"@type":"EntryPoint","urlTemplate":"https:\/\/proteccionshoppingonline.com.br\/loja\/?s={search_term_string}"},"query-input":{"@type":"PropertyValueSpecification","valueRequired":true,"valueName":"search_term_string"}}],"inLanguage":"pt-BR"},{"@type":"Organization","@id":"https:\/\/proteccionshoppingonline.com.br\/loja\/#organization","name":"Protecci\u00f3n Shopping On Line","url":"https:\/\/proteccionshoppingonline.com.br\/loja\/","logo":{"@type":"ImageObject","inLanguage":"pt-BR","@id":"https:\/\/proteccionshoppingonline.com.br\/loja\/#\/schema\/logo\/image\/","url":"https:\/\/proteccionshoppingonline.com.br\/loja\/wp-content\/uploads\/2024\/01\/Proteccion-Shopping-On-Line-Logo-Nova.png","contentUrl":"https:\/\/proteccionshoppingonline.com.br\/loja\/wp-content\/uploads\/2024\/01\/Proteccion-Shopping-On-Line-Logo-Nova.png","width":2000,"height":600,"caption":"Protecci\u00f3n Shopping On Line"},"image":{"@id":"https:\/\/proteccionshoppingonline.com.br\/loja\/#\/schema\/logo\/image\/"}}]}},"_links":{"self":[{"href":"https:\/\/proteccionshoppingonline.com.br\/loja\/wp-json\/wp\/v2\/product\/9681","targetHints":{"allow":["GET"]}}],"collection":[{"href":"https:\/\/proteccionshoppingonline.com.br\/loja\/wp-json\/wp\/v2\/product"}],"about":[{"href":"https:\/\/proteccionshoppingonline.com.br\/loja\/wp-json\/wp\/v2\/types\/product"}],"version-history":[{"count":5,"href":"https:\/\/proteccionshoppingonline.com.br\/loja\/wp-json\/wp\/v2\/product\/9681\/revisions"}],"predecessor-version":[{"id":18257,"href":"https:\/\/proteccionshoppingonline.com.br\/loja\/wp-json\/wp\/v2\/product\/9681\/revisions\/18257"}],"wp:featuredmedia":[{"embeddable":true,"href":"https:\/\/proteccionshoppingonline.com.br\/loja\/wp-json\/wp\/v2\/media\/13236"}],"wp:attachment":[{"href":"https:\/\/proteccionshoppingonline.com.br\/loja\/wp-json\/wp\/v2\/media?parent=9681"}],"wp:term":[{"taxonomy":"product_brand","embeddable":true,"href":"https:\/\/proteccionshoppingonline.com.br\/loja\/wp-json\/wp\/v2\/product_brand?post=9681"},{"taxonomy":"product_cat","embeddable":true,"href":"https:\/\/proteccionshoppingonline.com.br\/loja\/wp-json\/wp\/v2\/product_cat?post=9681"},{"taxonomy":"product_tag","embeddable":true,"href":"https:\/\/proteccionshoppingonline.com.br\/loja\/wp-json\/wp\/v2\/product_tag?post=9681"}],"curies":[{"name":"wp","href":"https:\/\/api.w.org\/{rel}","templated":true}]}}