{"id":3565,"date":"2019-12-19T16:44:44","date_gmt":"2019-12-19T16:44:44","guid":{"rendered":"http:\/\/proteccionshoppingonline.com.br\/loja\/?post_type=product&#038;p=3565"},"modified":"2025-02-26T13:39:58","modified_gmt":"2025-02-26T16:39:58","slug":"placa-saida-de-emergencia-fotoluminescente","status":"publish","type":"product","link":"https:\/\/proteccionshoppingonline.com.br\/loja\/loja\/placas-sinalizacao\/placa-saida-de-emergencia-fotoluminescente\/","title":{"rendered":"Placa S12 Sa\u00edda de Emerg\u00eancia"},"content":{"rendered":"<h2 style=\"text-align: center;\"><strong>Placa S12 Sa\u00edda de Emerg\u00eancia Fotoluminescente<\/strong><\/h2>\n<p>A Placa S12 Sa\u00edda de Emerg\u00eancia Fotoluminescente tem como finalidade Indicativa a rota de sa\u00edda.<\/p>\n<p>Nossas placas de sinaliza\u00e7\u00e3o est\u00e3o de acordo com Normas e requisitos regulamentares.<\/p>\n<p>A sinaliza\u00e7\u00e3o de advert\u00eancia, regulamenta\u00e7\u00e3o e indica\u00e7\u00e3o tem como meta advertir os utilizadores do lugar sobre condi\u00e7\u00f5es arriscadas, portanto observar as informa\u00e7\u00f5es com aten\u00e7\u00e3o e respeit\u00e1-las.<\/p>\n<p>Fabricado em PVC, policloreto de polivinila<\/p>\n<p>N\u00e3o propaga chamas<\/p>\n<p>Impresso em Silk-screen. Pictograma impresso com\u00a0 tinta fotoluminescente.<\/p>\n<p>Cores de acordo com a Norma NBR 13434-2.<\/p>\n<p>Verde: Pantone 350 C<\/p>\n<p>Tamanho: 24 x 12cm<\/p>\n<p>Espessura: 0,075mm<\/p>\n<p>Peso: 70grs<\/p>\n<p>Consultar\u00a0<a href=\"http:\/\/www.engenharia.proteccionshoppingonline.com.br\/\">Proteccion engenharia<\/a><\/p>\n<p>Consultar\u00a0<a href=\"https:\/\/proteccionshoppingonline.com.br\/loja\/catalogos-it-normas\/\">catalogos-it-normas<\/a><\/p>\n","protected":false},"excerpt":{"rendered":"<p>Placa Sa\u00edda de Emerg\u00eancia Fotoluminescente tem como finalidade Indicativa a rota de sa\u00edda<\/p>\n","protected":false},"featured_media":13329,"template":"","meta":{"_seopress_robots_primary_cat":"174","_seopress_titles_title":"%%title%% %%page%% %%sitename%%","_seopress_titles_desc":"A Placa Sa\u00edda de Emerg\u00eancia Fotoluminescente tem como finalidade Indicativa a rota ou sentido de sa\u00edda de emerg\u00eancia","_seopress_robots_index":""},"product_brand":[],"product_cat":[174],"product_tag":[180,181,125],"class_list":{"0":"post-3565","1":"product","2":"type-product","3":"status-publish","4":"has-post-thumbnail","6":"product_cat-placas-sinalizacao","7":"product_tag-alarme","8":"product_tag-lacre","9":"product_tag-spray-fumaca-teste","10":"product_shipping_class-correios","12":"first","13":"instock","14":"shipping-taxable","15":"product-type-simple"},"yoast_head":"<!-- This site is optimized with the Yoast SEO plugin v27.2 - https:\/\/yoast.com\/product\/yoast-seo-wordpress\/ -->\n<title>Placa S12 Sa\u00edda de Emerg\u00eancia Protecci\u00f3n<\/title>\n<meta name=\"description\" content=\"A Placa Placa S12 Sa\u00edda de Emerg\u00eancia tem como finalidade Indicativa a rota ou sentido de sa\u00edda de emerg\u00eancia. Nossas placas est\u00e3o de acordo com Normas.\" \/>\n<meta name=\"robots\" content=\"index, follow, max-snippet:-1, max-image-preview:large, max-video-preview:-1\" \/>\n<link rel=\"canonical\" href=\"https:\/\/proteccionshoppingonline.com.br\/loja\/loja\/placas-sinalizacao\/placa-saida-de-emergencia-fotoluminescente\/\" \/>\n<meta property=\"og:locale\" content=\"pt_BR\" \/>\n<meta property=\"og:type\" content=\"article\" \/>\n<meta property=\"og:title\" content=\"Placa S12 Sa\u00edda de Emerg\u00eancia Protecci\u00f3n\" \/>\n<meta property=\"og:description\" content=\"A Placa Placa S12 Sa\u00edda de Emerg\u00eancia tem como finalidade Indicativa a rota ou sentido de sa\u00edda de emerg\u00eancia. Nossas placas est\u00e3o de acordo com Normas.\" \/>\n<meta property=\"og:url\" content=\"https:\/\/proteccionshoppingonline.com.br\/loja\/loja\/placas-sinalizacao\/placa-saida-de-emergencia-fotoluminescente\/\" \/>\n<meta property=\"og:site_name\" content=\"Protecci\u00f3n\" \/>\n<meta property=\"article:modified_time\" content=\"2025-02-26T16:39:58+00:00\" \/>\n<meta property=\"og:image\" content=\"https:\/\/proteccionshoppingonline.com.br\/loja\/wp-content\/uploads\/2019\/12\/Placa-Saida-de-Emergencia-29-cm-x-145-cm.jpg\" \/>\n\t<meta property=\"og:image:width\" content=\"600\" \/>\n\t<meta property=\"og:image:height\" content=\"600\" \/>\n\t<meta property=\"og:image:type\" content=\"image\/jpeg\" \/>\n<meta name=\"twitter:card\" content=\"summary_large_image\" \/>\n<meta name=\"twitter:label1\" content=\"Est. tempo de leitura\" \/>\n\t<meta name=\"twitter:data1\" content=\"1 minuto\" \/>\n<script type=\"application\/ld+json\" class=\"yoast-schema-graph\">{\"@context\":\"https:\/\/schema.org\",\"@graph\":[{\"@type\":\"WebPage\",\"@id\":\"https:\/\/proteccionshoppingonline.com.br\/loja\/loja\/placas-sinalizacao\/placa-saida-de-emergencia-fotoluminescente\/\",\"url\":\"https:\/\/proteccionshoppingonline.com.br\/loja\/loja\/placas-sinalizacao\/placa-saida-de-emergencia-fotoluminescente\/\",\"name\":\"Placa S12 Sa\u00edda de Emerg\u00eancia Protecci\u00f3n\",\"isPartOf\":{\"@id\":\"https:\/\/proteccionshoppingonline.com.br\/loja\/#website\"},\"primaryImageOfPage\":{\"@id\":\"https:\/\/proteccionshoppingonline.com.br\/loja\/loja\/placas-sinalizacao\/placa-saida-de-emergencia-fotoluminescente\/#primaryimage\"},\"image\":{\"@id\":\"https:\/\/proteccionshoppingonline.com.br\/loja\/loja\/placas-sinalizacao\/placa-saida-de-emergencia-fotoluminescente\/#primaryimage\"},\"thumbnailUrl\":\"https:\/\/proteccionshoppingonline.com.br\/loja\/wp-content\/uploads\/2019\/12\/Placa-Saida-de-Emergencia-29-cm-x-145-cm.jpg\",\"datePublished\":\"2019-12-19T16:44:44+00:00\",\"dateModified\":\"2025-02-26T16:39:58+00:00\",\"description\":\"A Placa Placa S12 Sa\u00edda de Emerg\u00eancia tem como finalidade Indicativa a rota ou sentido de sa\u00edda de emerg\u00eancia. Nossas placas est\u00e3o de acordo com Normas.\",\"breadcrumb\":{\"@id\":\"https:\/\/proteccionshoppingonline.com.br\/loja\/loja\/placas-sinalizacao\/placa-saida-de-emergencia-fotoluminescente\/#breadcrumb\"},\"inLanguage\":\"pt-BR\",\"potentialAction\":[{\"@type\":\"ReadAction\",\"target\":[\"https:\/\/proteccionshoppingonline.com.br\/loja\/loja\/placas-sinalizacao\/placa-saida-de-emergencia-fotoluminescente\/\"]}]},{\"@type\":\"ImageObject\",\"inLanguage\":\"pt-BR\",\"@id\":\"https:\/\/proteccionshoppingonline.com.br\/loja\/loja\/placas-sinalizacao\/placa-saida-de-emergencia-fotoluminescente\/#primaryimage\",\"url\":\"https:\/\/proteccionshoppingonline.com.br\/loja\/wp-content\/uploads\/2019\/12\/Placa-Saida-de-Emergencia-29-cm-x-145-cm.jpg\",\"contentUrl\":\"https:\/\/proteccionshoppingonline.com.br\/loja\/wp-content\/uploads\/2019\/12\/Placa-Saida-de-Emergencia-29-cm-x-145-cm.jpg\",\"width\":600,\"height\":600,\"caption\":\"Placa S12 Saida de Emergencia Fotolumi\"},{\"@type\":\"BreadcrumbList\",\"@id\":\"https:\/\/proteccionshoppingonline.com.br\/loja\/loja\/placas-sinalizacao\/placa-saida-de-emergencia-fotoluminescente\/#breadcrumb\",\"itemListElement\":[{\"@type\":\"ListItem\",\"position\":1,\"name\":\"Home\",\"item\":\"https:\/\/proteccionshoppingonline.com.br\/loja\/\"},{\"@type\":\"ListItem\",\"position\":2,\"name\":\"Produtos\",\"item\":\"https:\/\/proteccionshoppingonline.com.br\/loja\/cart-2\/\"},{\"@type\":\"ListItem\",\"position\":3,\"name\":\"Placa S12 Sa\u00edda de Emerg\u00eancia\"}]},{\"@type\":\"WebSite\",\"@id\":\"https:\/\/proteccionshoppingonline.com.br\/loja\/#website\",\"url\":\"https:\/\/proteccionshoppingonline.com.br\/loja\/\",\"name\":\"Protecci\u00f3n Shopping On Line | Seguran\u00e7a contra Inc\u00eandios\",\"description\":\"Seguran\u00e7a contra Inc\u00eandios\",\"publisher\":{\"@id\":\"https:\/\/proteccionshoppingonline.com.br\/loja\/#organization\"},\"potentialAction\":[{\"@type\":\"SearchAction\",\"target\":{\"@type\":\"EntryPoint\",\"urlTemplate\":\"https:\/\/proteccionshoppingonline.com.br\/loja\/?s={search_term_string}\"},\"query-input\":{\"@type\":\"PropertyValueSpecification\",\"valueRequired\":true,\"valueName\":\"search_term_string\"}}],\"inLanguage\":\"pt-BR\"},{\"@type\":\"Organization\",\"@id\":\"https:\/\/proteccionshoppingonline.com.br\/loja\/#organization\",\"name\":\"Protecci\u00f3n Shopping On Line\",\"url\":\"https:\/\/proteccionshoppingonline.com.br\/loja\/\",\"logo\":{\"@type\":\"ImageObject\",\"inLanguage\":\"pt-BR\",\"@id\":\"https:\/\/proteccionshoppingonline.com.br\/loja\/#\/schema\/logo\/image\/\",\"url\":\"https:\/\/proteccionshoppingonline.com.br\/loja\/wp-content\/uploads\/2024\/01\/Proteccion-Shopping-On-Line-Logo-Nova.png\",\"contentUrl\":\"https:\/\/proteccionshoppingonline.com.br\/loja\/wp-content\/uploads\/2024\/01\/Proteccion-Shopping-On-Line-Logo-Nova.png\",\"width\":2000,\"height\":600,\"caption\":\"Protecci\u00f3n Shopping On Line\"},\"image\":{\"@id\":\"https:\/\/proteccionshoppingonline.com.br\/loja\/#\/schema\/logo\/image\/\"}}]}<\/script>\n<!-- \/ Yoast SEO plugin. -->","yoast_head_json":{"title":"Placa S12 Sa\u00edda de Emerg\u00eancia Protecci\u00f3n","description":"A Placa Placa S12 Sa\u00edda de Emerg\u00eancia tem como finalidade Indicativa a rota ou sentido de sa\u00edda de emerg\u00eancia. Nossas placas est\u00e3o de acordo com Normas.","robots":{"index":"index","follow":"follow","max-snippet":"max-snippet:-1","max-image-preview":"max-image-preview:large","max-video-preview":"max-video-preview:-1"},"canonical":"https:\/\/proteccionshoppingonline.com.br\/loja\/loja\/placas-sinalizacao\/placa-saida-de-emergencia-fotoluminescente\/","og_locale":"pt_BR","og_type":"article","og_title":"Placa S12 Sa\u00edda de Emerg\u00eancia Protecci\u00f3n","og_description":"A Placa Placa S12 Sa\u00edda de Emerg\u00eancia tem como finalidade Indicativa a rota ou sentido de sa\u00edda de emerg\u00eancia. Nossas placas est\u00e3o de acordo com Normas.","og_url":"https:\/\/proteccionshoppingonline.com.br\/loja\/loja\/placas-sinalizacao\/placa-saida-de-emergencia-fotoluminescente\/","og_site_name":"Protecci\u00f3n","article_modified_time":"2025-02-26T16:39:58+00:00","og_image":[{"width":600,"height":600,"url":"https:\/\/proteccionshoppingonline.com.br\/loja\/wp-content\/uploads\/2019\/12\/Placa-Saida-de-Emergencia-29-cm-x-145-cm.jpg","type":"image\/jpeg"}],"twitter_card":"summary_large_image","twitter_misc":{"Est. tempo de leitura":"1 minuto"},"schema":{"@context":"https:\/\/schema.org","@graph":[{"@type":"WebPage","@id":"https:\/\/proteccionshoppingonline.com.br\/loja\/loja\/placas-sinalizacao\/placa-saida-de-emergencia-fotoluminescente\/","url":"https:\/\/proteccionshoppingonline.com.br\/loja\/loja\/placas-sinalizacao\/placa-saida-de-emergencia-fotoluminescente\/","name":"Placa S12 Sa\u00edda de Emerg\u00eancia Protecci\u00f3n","isPartOf":{"@id":"https:\/\/proteccionshoppingonline.com.br\/loja\/#website"},"primaryImageOfPage":{"@id":"https:\/\/proteccionshoppingonline.com.br\/loja\/loja\/placas-sinalizacao\/placa-saida-de-emergencia-fotoluminescente\/#primaryimage"},"image":{"@id":"https:\/\/proteccionshoppingonline.com.br\/loja\/loja\/placas-sinalizacao\/placa-saida-de-emergencia-fotoluminescente\/#primaryimage"},"thumbnailUrl":"https:\/\/proteccionshoppingonline.com.br\/loja\/wp-content\/uploads\/2019\/12\/Placa-Saida-de-Emergencia-29-cm-x-145-cm.jpg","datePublished":"2019-12-19T16:44:44+00:00","dateModified":"2025-02-26T16:39:58+00:00","description":"A Placa Placa S12 Sa\u00edda de Emerg\u00eancia tem como finalidade Indicativa a rota ou sentido de sa\u00edda de emerg\u00eancia. Nossas placas est\u00e3o de acordo com Normas.","breadcrumb":{"@id":"https:\/\/proteccionshoppingonline.com.br\/loja\/loja\/placas-sinalizacao\/placa-saida-de-emergencia-fotoluminescente\/#breadcrumb"},"inLanguage":"pt-BR","potentialAction":[{"@type":"ReadAction","target":["https:\/\/proteccionshoppingonline.com.br\/loja\/loja\/placas-sinalizacao\/placa-saida-de-emergencia-fotoluminescente\/"]}]},{"@type":"ImageObject","inLanguage":"pt-BR","@id":"https:\/\/proteccionshoppingonline.com.br\/loja\/loja\/placas-sinalizacao\/placa-saida-de-emergencia-fotoluminescente\/#primaryimage","url":"https:\/\/proteccionshoppingonline.com.br\/loja\/wp-content\/uploads\/2019\/12\/Placa-Saida-de-Emergencia-29-cm-x-145-cm.jpg","contentUrl":"https:\/\/proteccionshoppingonline.com.br\/loja\/wp-content\/uploads\/2019\/12\/Placa-Saida-de-Emergencia-29-cm-x-145-cm.jpg","width":600,"height":600,"caption":"Placa S12 Saida de Emergencia Fotolumi"},{"@type":"BreadcrumbList","@id":"https:\/\/proteccionshoppingonline.com.br\/loja\/loja\/placas-sinalizacao\/placa-saida-de-emergencia-fotoluminescente\/#breadcrumb","itemListElement":[{"@type":"ListItem","position":1,"name":"Home","item":"https:\/\/proteccionshoppingonline.com.br\/loja\/"},{"@type":"ListItem","position":2,"name":"Produtos","item":"https:\/\/proteccionshoppingonline.com.br\/loja\/cart-2\/"},{"@type":"ListItem","position":3,"name":"Placa S12 Sa\u00edda de Emerg\u00eancia"}]},{"@type":"WebSite","@id":"https:\/\/proteccionshoppingonline.com.br\/loja\/#website","url":"https:\/\/proteccionshoppingonline.com.br\/loja\/","name":"Protecci\u00f3n Shopping On Line | Seguran\u00e7a contra Inc\u00eandios","description":"Seguran\u00e7a contra Inc\u00eandios","publisher":{"@id":"https:\/\/proteccionshoppingonline.com.br\/loja\/#organization"},"potentialAction":[{"@type":"SearchAction","target":{"@type":"EntryPoint","urlTemplate":"https:\/\/proteccionshoppingonline.com.br\/loja\/?s={search_term_string}"},"query-input":{"@type":"PropertyValueSpecification","valueRequired":true,"valueName":"search_term_string"}}],"inLanguage":"pt-BR"},{"@type":"Organization","@id":"https:\/\/proteccionshoppingonline.com.br\/loja\/#organization","name":"Protecci\u00f3n Shopping On Line","url":"https:\/\/proteccionshoppingonline.com.br\/loja\/","logo":{"@type":"ImageObject","inLanguage":"pt-BR","@id":"https:\/\/proteccionshoppingonline.com.br\/loja\/#\/schema\/logo\/image\/","url":"https:\/\/proteccionshoppingonline.com.br\/loja\/wp-content\/uploads\/2024\/01\/Proteccion-Shopping-On-Line-Logo-Nova.png","contentUrl":"https:\/\/proteccionshoppingonline.com.br\/loja\/wp-content\/uploads\/2024\/01\/Proteccion-Shopping-On-Line-Logo-Nova.png","width":2000,"height":600,"caption":"Protecci\u00f3n Shopping On Line"},"image":{"@id":"https:\/\/proteccionshoppingonline.com.br\/loja\/#\/schema\/logo\/image\/"}}]}},"_links":{"self":[{"href":"https:\/\/proteccionshoppingonline.com.br\/loja\/wp-json\/wp\/v2\/product\/3565","targetHints":{"allow":["GET"]}}],"collection":[{"href":"https:\/\/proteccionshoppingonline.com.br\/loja\/wp-json\/wp\/v2\/product"}],"about":[{"href":"https:\/\/proteccionshoppingonline.com.br\/loja\/wp-json\/wp\/v2\/types\/product"}],"version-history":[{"count":3,"href":"https:\/\/proteccionshoppingonline.com.br\/loja\/wp-json\/wp\/v2\/product\/3565\/revisions"}],"predecessor-version":[{"id":18333,"href":"https:\/\/proteccionshoppingonline.com.br\/loja\/wp-json\/wp\/v2\/product\/3565\/revisions\/18333"}],"wp:featuredmedia":[{"embeddable":true,"href":"https:\/\/proteccionshoppingonline.com.br\/loja\/wp-json\/wp\/v2\/media\/13329"}],"wp:attachment":[{"href":"https:\/\/proteccionshoppingonline.com.br\/loja\/wp-json\/wp\/v2\/media?parent=3565"}],"wp:term":[{"taxonomy":"product_brand","embeddable":true,"href":"https:\/\/proteccionshoppingonline.com.br\/loja\/wp-json\/wp\/v2\/product_brand?post=3565"},{"taxonomy":"product_cat","embeddable":true,"href":"https:\/\/proteccionshoppingonline.com.br\/loja\/wp-json\/wp\/v2\/product_cat?post=3565"},{"taxonomy":"product_tag","embeddable":true,"href":"https:\/\/proteccionshoppingonline.com.br\/loja\/wp-json\/wp\/v2\/product_tag?post=3565"}],"curies":[{"name":"wp","href":"https:\/\/api.w.org\/{rel}","templated":true}]}}