{"id":1956,"date":"2018-08-22T17:04:34","date_gmt":"2018-08-22T17:04:34","guid":{"rendered":"http:\/\/proteccionshoppingonline.com.br\/loja\/?post_type=product&#038;p=1956"},"modified":"2020-01-30T18:29:44","modified_gmt":"2020-01-30T18:29:44","slug":"valvula-esfera-latao-genebre","status":"publish","type":"product","link":"https:\/\/proteccionshoppingonline.com.br\/loja\/loja\/valvula-esfera\/valvula-esfera-latao-genebre\/","title":{"rendered":"V\u00e1lvula Esfera Lat\u00e3o Genebre"},"content":{"rendered":"<h3 style=\"text-align: center\">V\u00e1lvula Esfera Lat\u00e3o Genebre<\/h3>\n<p>V\u00e1lvula Esfera Lat\u00e3o Genebre Tamanhos<\/p>\n<ul>\n<li>1\/2&#8221; polegada<\/li>\n<li>3\/4&#8221;\u00a0polegada<\/li>\n<li>1&#8221;\u00a0 \u00a0 \u00a0polegada<\/li>\n<li>1\u00bc&#8221;\u00a0 polegada<\/li>\n<li>1\u00bd&#8221; polegada<\/li>\n<li>2&#8221;\u00a0 \u00a0 polegada<\/li>\n<li>2\u00bd&#8221;\u00a0polegada<\/li>\n<\/ul>\n<p>&#8220;Escolha o Tamanho abaixo do t\u00edtulo&#8221;<\/p>\n<p>Fabricante: Genebre<\/p>\n<p>Consultar\u00a0<a href=\"https:\/\/proteccionshoppingonline.com.br\/loja\/catalogos-it-normas\/\">CA<\/a><br \/>\nConsultar\u00a0<a href=\"http:\/\/www.engeharia.proteciononline.com.br\/\">Proteccion Engenharia<\/a><\/p>\n<p>&nbsp;<\/p>\n","protected":false},"excerpt":{"rendered":"<p>V\u00e1lvula Esfera Lat\u00e3o Genebre Tamanhos<\/p>\n","protected":false},"featured_media":0,"template":"","meta":{"_seopress_robots_primary_cat":"","_seopress_titles_title":"V\u00e1lvula Esfera Lat\u00e3o Genebre Tamanhos","_seopress_titles_desc":"V\u00e1lvula Esfera Lat\u00e3o Genebre Tamanhos de \u00bd polegada - 2\u00bd polegadas acionamento \u00bc de volta.","_seopress_robots_index":""},"product_brand":[],"product_cat":[151],"product_tag":[],"class_list":{"0":"post-1956","1":"product","2":"type-product","3":"status-publish","5":"product_cat-valvula-esfera","6":"product_shipping_class-correios","8":"first","9":"outofstock","10":"shipping-taxable","11":"purchasable","12":"product-type-variable"},"yoast_head":"<!-- This site is optimized with the Yoast SEO plugin v27.2 - https:\/\/yoast.com\/product\/yoast-seo-wordpress\/ -->\n<title>V\u00e1lvula Esfera Lat\u00e3o Genebre - Protecci\u00f3n<\/title>\n<meta name=\"description\" content=\"V\u00e1lvula Esfera Lat\u00e3o Genebre Tamanhos de \u00bd polegada - 2\u00bd polegadas acionamento \u00bc de volta.\" \/>\n<meta name=\"robots\" content=\"index, follow, max-snippet:-1, max-image-preview:large, max-video-preview:-1\" \/>\n<link rel=\"canonical\" href=\"https:\/\/proteccionshoppingonline.com.br\/loja\/loja\/valvula-esfera\/valvula-esfera-latao-genebre\/\" \/>\n<meta property=\"og:locale\" content=\"pt_BR\" \/>\n<meta property=\"og:type\" content=\"article\" \/>\n<meta property=\"og:title\" content=\"V\u00e1lvula Esfera Lat\u00e3o Genebre - Protecci\u00f3n\" \/>\n<meta property=\"og:description\" content=\"V\u00e1lvula Esfera Lat\u00e3o Genebre Tamanhos de \u00bd polegada - 2\u00bd polegadas acionamento \u00bc de volta.\" \/>\n<meta property=\"og:url\" content=\"https:\/\/proteccionshoppingonline.com.br\/loja\/loja\/valvula-esfera\/valvula-esfera-latao-genebre\/\" \/>\n<meta property=\"og:site_name\" content=\"Protecci\u00f3n\" \/>\n<meta property=\"article:modified_time\" content=\"2020-01-30T18:29:44+00:00\" \/>\n<meta name=\"twitter:card\" content=\"summary_large_image\" \/>\n<script type=\"application\/ld+json\" class=\"yoast-schema-graph\">{\"@context\":\"https:\/\/schema.org\",\"@graph\":[{\"@type\":\"WebPage\",\"@id\":\"https:\/\/proteccionshoppingonline.com.br\/loja\/loja\/valvula-esfera\/valvula-esfera-latao-genebre\/\",\"url\":\"https:\/\/proteccionshoppingonline.com.br\/loja\/loja\/valvula-esfera\/valvula-esfera-latao-genebre\/\",\"name\":\"V\u00e1lvula Esfera Lat\u00e3o Genebre - Protecci\u00f3n\",\"isPartOf\":{\"@id\":\"https:\/\/proteccionshoppingonline.com.br\/loja\/#website\"},\"datePublished\":\"2018-08-22T17:04:34+00:00\",\"dateModified\":\"2020-01-30T18:29:44+00:00\",\"description\":\"V\u00e1lvula Esfera Lat\u00e3o Genebre Tamanhos de \u00bd polegada - 2\u00bd polegadas acionamento \u00bc de volta.\",\"breadcrumb\":{\"@id\":\"https:\/\/proteccionshoppingonline.com.br\/loja\/loja\/valvula-esfera\/valvula-esfera-latao-genebre\/#breadcrumb\"},\"inLanguage\":\"pt-BR\",\"potentialAction\":[{\"@type\":\"ReadAction\",\"target\":[\"https:\/\/proteccionshoppingonline.com.br\/loja\/loja\/valvula-esfera\/valvula-esfera-latao-genebre\/\"]}]},{\"@type\":\"BreadcrumbList\",\"@id\":\"https:\/\/proteccionshoppingonline.com.br\/loja\/loja\/valvula-esfera\/valvula-esfera-latao-genebre\/#breadcrumb\",\"itemListElement\":[{\"@type\":\"ListItem\",\"position\":1,\"name\":\"Home\",\"item\":\"https:\/\/proteccionshoppingonline.com.br\/loja\/\"},{\"@type\":\"ListItem\",\"position\":2,\"name\":\"Produtos\",\"item\":\"https:\/\/proteccionshoppingonline.com.br\/loja\/cart-2\/\"},{\"@type\":\"ListItem\",\"position\":3,\"name\":\"V\u00e1lvula Esfera Lat\u00e3o Genebre\"}]},{\"@type\":\"WebSite\",\"@id\":\"https:\/\/proteccionshoppingonline.com.br\/loja\/#website\",\"url\":\"https:\/\/proteccionshoppingonline.com.br\/loja\/\",\"name\":\"Protecci\u00f3n Shopping On Line | Seguran\u00e7a contra Inc\u00eandios\",\"description\":\"Seguran\u00e7a contra Inc\u00eandios\",\"publisher\":{\"@id\":\"https:\/\/proteccionshoppingonline.com.br\/loja\/#organization\"},\"potentialAction\":[{\"@type\":\"SearchAction\",\"target\":{\"@type\":\"EntryPoint\",\"urlTemplate\":\"https:\/\/proteccionshoppingonline.com.br\/loja\/?s={search_term_string}\"},\"query-input\":{\"@type\":\"PropertyValueSpecification\",\"valueRequired\":true,\"valueName\":\"search_term_string\"}}],\"inLanguage\":\"pt-BR\"},{\"@type\":\"Organization\",\"@id\":\"https:\/\/proteccionshoppingonline.com.br\/loja\/#organization\",\"name\":\"Protecci\u00f3n Shopping On Line\",\"url\":\"https:\/\/proteccionshoppingonline.com.br\/loja\/\",\"logo\":{\"@type\":\"ImageObject\",\"inLanguage\":\"pt-BR\",\"@id\":\"https:\/\/proteccionshoppingonline.com.br\/loja\/#\/schema\/logo\/image\/\",\"url\":\"https:\/\/proteccionshoppingonline.com.br\/loja\/wp-content\/uploads\/2024\/01\/Proteccion-Shopping-On-Line-Logo-Nova.png\",\"contentUrl\":\"https:\/\/proteccionshoppingonline.com.br\/loja\/wp-content\/uploads\/2024\/01\/Proteccion-Shopping-On-Line-Logo-Nova.png\",\"width\":2000,\"height\":600,\"caption\":\"Protecci\u00f3n Shopping On Line\"},\"image\":{\"@id\":\"https:\/\/proteccionshoppingonline.com.br\/loja\/#\/schema\/logo\/image\/\"}}]}<\/script>\n<!-- \/ Yoast SEO plugin. -->","yoast_head_json":{"title":"V\u00e1lvula Esfera Lat\u00e3o Genebre - Protecci\u00f3n","description":"V\u00e1lvula Esfera Lat\u00e3o Genebre Tamanhos de \u00bd polegada - 2\u00bd polegadas acionamento \u00bc de volta.","robots":{"index":"index","follow":"follow","max-snippet":"max-snippet:-1","max-image-preview":"max-image-preview:large","max-video-preview":"max-video-preview:-1"},"canonical":"https:\/\/proteccionshoppingonline.com.br\/loja\/loja\/valvula-esfera\/valvula-esfera-latao-genebre\/","og_locale":"pt_BR","og_type":"article","og_title":"V\u00e1lvula Esfera Lat\u00e3o Genebre - Protecci\u00f3n","og_description":"V\u00e1lvula Esfera Lat\u00e3o Genebre Tamanhos de \u00bd polegada - 2\u00bd polegadas acionamento \u00bc de volta.","og_url":"https:\/\/proteccionshoppingonline.com.br\/loja\/loja\/valvula-esfera\/valvula-esfera-latao-genebre\/","og_site_name":"Protecci\u00f3n","article_modified_time":"2020-01-30T18:29:44+00:00","twitter_card":"summary_large_image","schema":{"@context":"https:\/\/schema.org","@graph":[{"@type":"WebPage","@id":"https:\/\/proteccionshoppingonline.com.br\/loja\/loja\/valvula-esfera\/valvula-esfera-latao-genebre\/","url":"https:\/\/proteccionshoppingonline.com.br\/loja\/loja\/valvula-esfera\/valvula-esfera-latao-genebre\/","name":"V\u00e1lvula Esfera Lat\u00e3o Genebre - Protecci\u00f3n","isPartOf":{"@id":"https:\/\/proteccionshoppingonline.com.br\/loja\/#website"},"datePublished":"2018-08-22T17:04:34+00:00","dateModified":"2020-01-30T18:29:44+00:00","description":"V\u00e1lvula Esfera Lat\u00e3o Genebre Tamanhos de \u00bd polegada - 2\u00bd polegadas acionamento \u00bc de volta.","breadcrumb":{"@id":"https:\/\/proteccionshoppingonline.com.br\/loja\/loja\/valvula-esfera\/valvula-esfera-latao-genebre\/#breadcrumb"},"inLanguage":"pt-BR","potentialAction":[{"@type":"ReadAction","target":["https:\/\/proteccionshoppingonline.com.br\/loja\/loja\/valvula-esfera\/valvula-esfera-latao-genebre\/"]}]},{"@type":"BreadcrumbList","@id":"https:\/\/proteccionshoppingonline.com.br\/loja\/loja\/valvula-esfera\/valvula-esfera-latao-genebre\/#breadcrumb","itemListElement":[{"@type":"ListItem","position":1,"name":"Home","item":"https:\/\/proteccionshoppingonline.com.br\/loja\/"},{"@type":"ListItem","position":2,"name":"Produtos","item":"https:\/\/proteccionshoppingonline.com.br\/loja\/cart-2\/"},{"@type":"ListItem","position":3,"name":"V\u00e1lvula Esfera Lat\u00e3o Genebre"}]},{"@type":"WebSite","@id":"https:\/\/proteccionshoppingonline.com.br\/loja\/#website","url":"https:\/\/proteccionshoppingonline.com.br\/loja\/","name":"Protecci\u00f3n Shopping On Line | Seguran\u00e7a contra Inc\u00eandios","description":"Seguran\u00e7a contra Inc\u00eandios","publisher":{"@id":"https:\/\/proteccionshoppingonline.com.br\/loja\/#organization"},"potentialAction":[{"@type":"SearchAction","target":{"@type":"EntryPoint","urlTemplate":"https:\/\/proteccionshoppingonline.com.br\/loja\/?s={search_term_string}"},"query-input":{"@type":"PropertyValueSpecification","valueRequired":true,"valueName":"search_term_string"}}],"inLanguage":"pt-BR"},{"@type":"Organization","@id":"https:\/\/proteccionshoppingonline.com.br\/loja\/#organization","name":"Protecci\u00f3n Shopping On Line","url":"https:\/\/proteccionshoppingonline.com.br\/loja\/","logo":{"@type":"ImageObject","inLanguage":"pt-BR","@id":"https:\/\/proteccionshoppingonline.com.br\/loja\/#\/schema\/logo\/image\/","url":"https:\/\/proteccionshoppingonline.com.br\/loja\/wp-content\/uploads\/2024\/01\/Proteccion-Shopping-On-Line-Logo-Nova.png","contentUrl":"https:\/\/proteccionshoppingonline.com.br\/loja\/wp-content\/uploads\/2024\/01\/Proteccion-Shopping-On-Line-Logo-Nova.png","width":2000,"height":600,"caption":"Protecci\u00f3n Shopping On Line"},"image":{"@id":"https:\/\/proteccionshoppingonline.com.br\/loja\/#\/schema\/logo\/image\/"}}]}},"_links":{"self":[{"href":"https:\/\/proteccionshoppingonline.com.br\/loja\/wp-json\/wp\/v2\/product\/1956","targetHints":{"allow":["GET"]}}],"collection":[{"href":"https:\/\/proteccionshoppingonline.com.br\/loja\/wp-json\/wp\/v2\/product"}],"about":[{"href":"https:\/\/proteccionshoppingonline.com.br\/loja\/wp-json\/wp\/v2\/types\/product"}],"version-history":[{"count":0,"href":"https:\/\/proteccionshoppingonline.com.br\/loja\/wp-json\/wp\/v2\/product\/1956\/revisions"}],"wp:attachment":[{"href":"https:\/\/proteccionshoppingonline.com.br\/loja\/wp-json\/wp\/v2\/media?parent=1956"}],"wp:term":[{"taxonomy":"product_brand","embeddable":true,"href":"https:\/\/proteccionshoppingonline.com.br\/loja\/wp-json\/wp\/v2\/product_brand?post=1956"},{"taxonomy":"product_cat","embeddable":true,"href":"https:\/\/proteccionshoppingonline.com.br\/loja\/wp-json\/wp\/v2\/product_cat?post=1956"},{"taxonomy":"product_tag","embeddable":true,"href":"https:\/\/proteccionshoppingonline.com.br\/loja\/wp-json\/wp\/v2\/product_tag?post=1956"}],"curies":[{"name":"wp","href":"https:\/\/api.w.org\/{rel}","templated":true}]}}