{"id":18424,"date":"2025-03-10T14:45:26","date_gmt":"2025-03-10T17:45:26","guid":{"rendered":"https:\/\/proteccionshoppingonline.com.br\/loja\/?post_type=product&#038;p=18424"},"modified":"2025-03-10T14:55:52","modified_gmt":"2025-03-10T17:55:52","slug":"modulo-de-zona-enderecavel-fdci-183","status":"publish","type":"product","link":"https:\/\/proteccionshoppingonline.com.br\/loja\/loja\/alarme-de-incendio\/modulo-de-zona-enderecavel-fdci-183\/","title":{"rendered":"M\u00f3dulo de Zona Endere\u00e7\u00e1vel  FDCI 183"},"content":{"rendered":"<h1 style=\"text-align: center;\">M\u00f3dulo de Zona Endere\u00e7\u00e1vel FDCI 183<\/h1>\n<p><strong>M\u00f3dulo de Zona Endere\u00e7\u00e1vel FDCI 183 &#8211;<\/strong> <strong>Siemens.<\/strong><\/p>\n<p>O m\u00f3dulo de zona endere\u00e7\u00e1vel FDCI 183 \u00e9 um componente utilizado em sistemas de alarme e detec\u00e7\u00e3o de inc\u00eandio, geralmente em centrais de alarme endere\u00e7\u00e1veis. Ele serve para monitorar dispositivos de detec\u00e7\u00e3o, como detectores de fuma\u00e7a, calor ou sensores manuais, e enviar as informa\u00e7\u00f5es de maneira individualizada para a central de controle.<\/p>\n<p>Em sistemas endere\u00e7\u00e1veis, cada dispositivo ou m\u00f3dulo recebe um endere\u00e7o \u00fanico, permitindo que a central saiba exatamente qual dispositivo gerou o alerta ou precisa de manuten\u00e7\u00e3o, o que facilita o diagn\u00f3stico e a localiza\u00e7\u00e3o de problemas em um grande n\u00famero de dispositivos.<\/p>\n<p>O m\u00f3dulo FDCI 183, em particular, \u00e9 projetado para ser compat\u00edvel com sistemas de alarme endere\u00e7\u00e1veis, oferecendo benef\u00edcios como a melhoria na gest\u00e3o do sistema de seguran\u00e7a, precis\u00e3o na identifica\u00e7\u00e3o de zonas afetadas, e a possibilidade de realizar manuten\u00e7\u00e3o preventiva de forma mais eficaz.<\/p>\n<p>&nbsp;<\/p>\n<p><strong>Caracter\u00edsticas<\/strong><br \/>\n&#8211; 1 entrada monitorada para conex\u00e3o de equipamentos convencionais;<br \/>\n&#8211; LED indicador de status de falha e alarme;<br \/>\n&#8211; Alimenta\u00e7\u00e3o externa 24VDC;<br \/>\n&#8211; Avalia\u00e7\u00e3o de sinal controlado por microprocessador;<br \/>\n&#8211; Monitoramento de falha terra;<br \/>\n&#8211; Com o diodo Zener, tamb\u00e9m \u00e9 poss\u00edvel conectar detectores intrinsecamente<br \/>\nseguros;<br \/>\n&#8211; Diretamente utilizado em \u00e1reas secas, aplic\u00e1vel em \u00e1reas com poeira e \u00famidas<br \/>\nquando instaladas na caixa FDCH221.<\/p>\n<p>&nbsp;<\/p>\n<p>&nbsp;<\/p>\n<p>Temos centenas de produtos dispon\u00edveis, a fim de atender suas necessidades!<\/p>\n<p>Consulte-nos para mais detalhes, com a finalidade de sanar suas d\u00favidas!<\/p>\n<p>Atendimento em suma de seg \u00e0 sexta das 08 \u2013 12 e 13 \u2013 17hs.<\/p>\n<p>&nbsp;<\/p>\n<p>Fabricante: Siemens<\/p>\n<p>Consultar\u00a0<a href=\"http:\/\/www.engenharia.proteccionshoppingonline.com.br\/\">Proteccion engenharia<\/a><\/p>\n<p>Consultar\u00a0<a href=\"https:\/\/proteccionshoppingonline.com.br\/loja\/catalogos-it-normas\/\">Normas<\/a><\/p>\n<p>&nbsp;<\/p>\n","protected":false},"excerpt":{"rendered":"<p>O m\u00f3dulo de zona endere\u00e7\u00e1vel FDCI 183 \u00e9 um componente utilizado em sistemas de alarme e detec\u00e7\u00e3o de inc\u00eandio, geralmente em centrais de alarme endere\u00e7\u00e1veis. Ele serve para monitorar dispositivos de detec\u00e7\u00e3o, como detectores de fuma\u00e7a, calor ou sensores manuais, e enviar as informa\u00e7\u00f5es de maneira individualizada para a central de controle<\/p>\n","protected":false},"featured_media":18425,"template":"","meta":{"_seopress_robots_primary_cat":"none","_seopress_titles_title":"M\u00f3dulo de Zona Endere\u00e7\u00e1vel FDCI 183","_seopress_titles_desc":"M\u00f3dulo de Zona Endere\u00e7\u00e1vel FDCI 183","_seopress_robots_index":""},"product_brand":[],"product_cat":[55,141,227],"product_tag":[548],"class_list":{"0":"post-18424","1":"product","2":"type-product","3":"status-publish","4":"has-post-thumbnail","6":"product_cat-alarme-de-incendio","7":"product_cat-deteccao-de-incendio","8":"product_cat-siemens","9":"product_tag-modulo-de-zona-enderecavel-fdci-183","11":"first","12":"onbackorder","13":"shipping-taxable","14":"product-type-simple"},"yoast_head":"<!-- This site is optimized with the Yoast SEO plugin v27.2 - https:\/\/yoast.com\/product\/yoast-seo-wordpress\/ -->\n<title>M\u00f3dulo de Zona Endere\u00e7\u00e1vel FDCI 183 Protecci\u00f3n<\/title>\n<meta name=\"description\" content=\"O m\u00f3dulo de zona endere\u00e7\u00e1vel FDCI 183 \u00e9 um componente utilizado em sistemas de alarme e detec\u00e7\u00e3o de inc\u00eandio, geralmente em centrais de alarme endere\u00e7\u00e1veis. Ele serve para monitorar dispositivos de detec\u00e7\u00e3o, como detectores de fuma\u00e7a, calor ou sensores manuais, e enviar as informa\u00e7\u00f5es de maneira individualizada para a central de controle.\" \/>\n<meta name=\"robots\" content=\"index, follow, max-snippet:-1, max-image-preview:large, max-video-preview:-1\" \/>\n<link rel=\"canonical\" href=\"https:\/\/proteccionshoppingonline.com.br\/loja\/loja\/alarme-de-incendio\/modulo-de-zona-enderecavel-fdci-183\/\" \/>\n<meta property=\"og:locale\" content=\"pt_BR\" \/>\n<meta property=\"og:type\" content=\"article\" \/>\n<meta property=\"og:title\" content=\"M\u00f3dulo de Zona Endere\u00e7\u00e1vel FDCI 183 Protecci\u00f3n\" \/>\n<meta property=\"og:description\" content=\"O m\u00f3dulo de zona endere\u00e7\u00e1vel FDCI 183 \u00e9 um componente utilizado em sistemas de alarme e detec\u00e7\u00e3o de inc\u00eandio, geralmente em centrais de alarme endere\u00e7\u00e1veis. Ele serve para monitorar dispositivos de detec\u00e7\u00e3o, como detectores de fuma\u00e7a, calor ou sensores manuais, e enviar as informa\u00e7\u00f5es de maneira individualizada para a central de controle.\" \/>\n<meta property=\"og:url\" content=\"https:\/\/proteccionshoppingonline.com.br\/loja\/loja\/alarme-de-incendio\/modulo-de-zona-enderecavel-fdci-183\/\" \/>\n<meta property=\"og:site_name\" content=\"Protecci\u00f3n\" \/>\n<meta property=\"article:modified_time\" content=\"2025-03-10T17:55:52+00:00\" \/>\n<meta property=\"og:image\" content=\"https:\/\/proteccionshoppingonline.com.br\/loja\/wp-content\/uploads\/2025\/03\/5-1.png\" \/>\n\t<meta property=\"og:image:width\" content=\"600\" \/>\n\t<meta property=\"og:image:height\" content=\"600\" \/>\n\t<meta property=\"og:image:type\" content=\"image\/png\" \/>\n<meta name=\"twitter:card\" content=\"summary_large_image\" \/>\n<meta name=\"twitter:label1\" content=\"Est. tempo de leitura\" \/>\n\t<meta name=\"twitter:data1\" content=\"2 minutos\" \/>\n<script type=\"application\/ld+json\" class=\"yoast-schema-graph\">{\"@context\":\"https:\/\/schema.org\",\"@graph\":[{\"@type\":\"WebPage\",\"@id\":\"https:\/\/proteccionshoppingonline.com.br\/loja\/loja\/alarme-de-incendio\/modulo-de-zona-enderecavel-fdci-183\/\",\"url\":\"https:\/\/proteccionshoppingonline.com.br\/loja\/loja\/alarme-de-incendio\/modulo-de-zona-enderecavel-fdci-183\/\",\"name\":\"M\u00f3dulo de Zona Endere\u00e7\u00e1vel FDCI 183 Protecci\u00f3n\",\"isPartOf\":{\"@id\":\"https:\/\/proteccionshoppingonline.com.br\/loja\/#website\"},\"primaryImageOfPage\":{\"@id\":\"https:\/\/proteccionshoppingonline.com.br\/loja\/loja\/alarme-de-incendio\/modulo-de-zona-enderecavel-fdci-183\/#primaryimage\"},\"image\":{\"@id\":\"https:\/\/proteccionshoppingonline.com.br\/loja\/loja\/alarme-de-incendio\/modulo-de-zona-enderecavel-fdci-183\/#primaryimage\"},\"thumbnailUrl\":\"https:\/\/proteccionshoppingonline.com.br\/loja\/wp-content\/uploads\/2025\/03\/5-1.png\",\"datePublished\":\"2025-03-10T17:45:26+00:00\",\"dateModified\":\"2025-03-10T17:55:52+00:00\",\"description\":\"O m\u00f3dulo de zona endere\u00e7\u00e1vel FDCI 183 \u00e9 um componente utilizado em sistemas de alarme e detec\u00e7\u00e3o de inc\u00eandio, geralmente em centrais de alarme endere\u00e7\u00e1veis. Ele serve para monitorar dispositivos de detec\u00e7\u00e3o, como detectores de fuma\u00e7a, calor ou sensores manuais, e enviar as informa\u00e7\u00f5es de maneira individualizada para a central de controle.\",\"breadcrumb\":{\"@id\":\"https:\/\/proteccionshoppingonline.com.br\/loja\/loja\/alarme-de-incendio\/modulo-de-zona-enderecavel-fdci-183\/#breadcrumb\"},\"inLanguage\":\"pt-BR\",\"potentialAction\":[{\"@type\":\"ReadAction\",\"target\":[\"https:\/\/proteccionshoppingonline.com.br\/loja\/loja\/alarme-de-incendio\/modulo-de-zona-enderecavel-fdci-183\/\"]}]},{\"@type\":\"ImageObject\",\"inLanguage\":\"pt-BR\",\"@id\":\"https:\/\/proteccionshoppingonline.com.br\/loja\/loja\/alarme-de-incendio\/modulo-de-zona-enderecavel-fdci-183\/#primaryimage\",\"url\":\"https:\/\/proteccionshoppingonline.com.br\/loja\/wp-content\/uploads\/2025\/03\/5-1.png\",\"contentUrl\":\"https:\/\/proteccionshoppingonline.com.br\/loja\/wp-content\/uploads\/2025\/03\/5-1.png\",\"width\":600,\"height\":600},{\"@type\":\"BreadcrumbList\",\"@id\":\"https:\/\/proteccionshoppingonline.com.br\/loja\/loja\/alarme-de-incendio\/modulo-de-zona-enderecavel-fdci-183\/#breadcrumb\",\"itemListElement\":[{\"@type\":\"ListItem\",\"position\":1,\"name\":\"Home\",\"item\":\"https:\/\/proteccionshoppingonline.com.br\/loja\/\"},{\"@type\":\"ListItem\",\"position\":2,\"name\":\"Produtos\",\"item\":\"https:\/\/proteccionshoppingonline.com.br\/loja\/cart-2\/\"},{\"@type\":\"ListItem\",\"position\":3,\"name\":\"M\u00f3dulo de Zona Endere\u00e7\u00e1vel FDCI 183\"}]},{\"@type\":\"WebSite\",\"@id\":\"https:\/\/proteccionshoppingonline.com.br\/loja\/#website\",\"url\":\"https:\/\/proteccionshoppingonline.com.br\/loja\/\",\"name\":\"Protecci\u00f3n Shopping On Line | Seguran\u00e7a contra Inc\u00eandios\",\"description\":\"Seguran\u00e7a contra Inc\u00eandios\",\"publisher\":{\"@id\":\"https:\/\/proteccionshoppingonline.com.br\/loja\/#organization\"},\"potentialAction\":[{\"@type\":\"SearchAction\",\"target\":{\"@type\":\"EntryPoint\",\"urlTemplate\":\"https:\/\/proteccionshoppingonline.com.br\/loja\/?s={search_term_string}\"},\"query-input\":{\"@type\":\"PropertyValueSpecification\",\"valueRequired\":true,\"valueName\":\"search_term_string\"}}],\"inLanguage\":\"pt-BR\"},{\"@type\":\"Organization\",\"@id\":\"https:\/\/proteccionshoppingonline.com.br\/loja\/#organization\",\"name\":\"Protecci\u00f3n Shopping On Line\",\"url\":\"https:\/\/proteccionshoppingonline.com.br\/loja\/\",\"logo\":{\"@type\":\"ImageObject\",\"inLanguage\":\"pt-BR\",\"@id\":\"https:\/\/proteccionshoppingonline.com.br\/loja\/#\/schema\/logo\/image\/\",\"url\":\"https:\/\/proteccionshoppingonline.com.br\/loja\/wp-content\/uploads\/2024\/01\/Proteccion-Shopping-On-Line-Logo-Nova.png\",\"contentUrl\":\"https:\/\/proteccionshoppingonline.com.br\/loja\/wp-content\/uploads\/2024\/01\/Proteccion-Shopping-On-Line-Logo-Nova.png\",\"width\":2000,\"height\":600,\"caption\":\"Protecci\u00f3n Shopping On Line\"},\"image\":{\"@id\":\"https:\/\/proteccionshoppingonline.com.br\/loja\/#\/schema\/logo\/image\/\"}}]}<\/script>\n<!-- \/ Yoast SEO plugin. -->","yoast_head_json":{"title":"M\u00f3dulo de Zona Endere\u00e7\u00e1vel FDCI 183 Protecci\u00f3n","description":"O m\u00f3dulo de zona endere\u00e7\u00e1vel FDCI 183 \u00e9 um componente utilizado em sistemas de alarme e detec\u00e7\u00e3o de inc\u00eandio, geralmente em centrais de alarme endere\u00e7\u00e1veis. Ele serve para monitorar dispositivos de detec\u00e7\u00e3o, como detectores de fuma\u00e7a, calor ou sensores manuais, e enviar as informa\u00e7\u00f5es de maneira individualizada para a central de controle.","robots":{"index":"index","follow":"follow","max-snippet":"max-snippet:-1","max-image-preview":"max-image-preview:large","max-video-preview":"max-video-preview:-1"},"canonical":"https:\/\/proteccionshoppingonline.com.br\/loja\/loja\/alarme-de-incendio\/modulo-de-zona-enderecavel-fdci-183\/","og_locale":"pt_BR","og_type":"article","og_title":"M\u00f3dulo de Zona Endere\u00e7\u00e1vel FDCI 183 Protecci\u00f3n","og_description":"O m\u00f3dulo de zona endere\u00e7\u00e1vel FDCI 183 \u00e9 um componente utilizado em sistemas de alarme e detec\u00e7\u00e3o de inc\u00eandio, geralmente em centrais de alarme endere\u00e7\u00e1veis. Ele serve para monitorar dispositivos de detec\u00e7\u00e3o, como detectores de fuma\u00e7a, calor ou sensores manuais, e enviar as informa\u00e7\u00f5es de maneira individualizada para a central de controle.","og_url":"https:\/\/proteccionshoppingonline.com.br\/loja\/loja\/alarme-de-incendio\/modulo-de-zona-enderecavel-fdci-183\/","og_site_name":"Protecci\u00f3n","article_modified_time":"2025-03-10T17:55:52+00:00","og_image":[{"width":600,"height":600,"url":"https:\/\/proteccionshoppingonline.com.br\/loja\/wp-content\/uploads\/2025\/03\/5-1.png","type":"image\/png"}],"twitter_card":"summary_large_image","twitter_misc":{"Est. tempo de leitura":"2 minutos"},"schema":{"@context":"https:\/\/schema.org","@graph":[{"@type":"WebPage","@id":"https:\/\/proteccionshoppingonline.com.br\/loja\/loja\/alarme-de-incendio\/modulo-de-zona-enderecavel-fdci-183\/","url":"https:\/\/proteccionshoppingonline.com.br\/loja\/loja\/alarme-de-incendio\/modulo-de-zona-enderecavel-fdci-183\/","name":"M\u00f3dulo de Zona Endere\u00e7\u00e1vel FDCI 183 Protecci\u00f3n","isPartOf":{"@id":"https:\/\/proteccionshoppingonline.com.br\/loja\/#website"},"primaryImageOfPage":{"@id":"https:\/\/proteccionshoppingonline.com.br\/loja\/loja\/alarme-de-incendio\/modulo-de-zona-enderecavel-fdci-183\/#primaryimage"},"image":{"@id":"https:\/\/proteccionshoppingonline.com.br\/loja\/loja\/alarme-de-incendio\/modulo-de-zona-enderecavel-fdci-183\/#primaryimage"},"thumbnailUrl":"https:\/\/proteccionshoppingonline.com.br\/loja\/wp-content\/uploads\/2025\/03\/5-1.png","datePublished":"2025-03-10T17:45:26+00:00","dateModified":"2025-03-10T17:55:52+00:00","description":"O m\u00f3dulo de zona endere\u00e7\u00e1vel FDCI 183 \u00e9 um componente utilizado em sistemas de alarme e detec\u00e7\u00e3o de inc\u00eandio, geralmente em centrais de alarme endere\u00e7\u00e1veis. Ele serve para monitorar dispositivos de detec\u00e7\u00e3o, como detectores de fuma\u00e7a, calor ou sensores manuais, e enviar as informa\u00e7\u00f5es de maneira individualizada para a central de controle.","breadcrumb":{"@id":"https:\/\/proteccionshoppingonline.com.br\/loja\/loja\/alarme-de-incendio\/modulo-de-zona-enderecavel-fdci-183\/#breadcrumb"},"inLanguage":"pt-BR","potentialAction":[{"@type":"ReadAction","target":["https:\/\/proteccionshoppingonline.com.br\/loja\/loja\/alarme-de-incendio\/modulo-de-zona-enderecavel-fdci-183\/"]}]},{"@type":"ImageObject","inLanguage":"pt-BR","@id":"https:\/\/proteccionshoppingonline.com.br\/loja\/loja\/alarme-de-incendio\/modulo-de-zona-enderecavel-fdci-183\/#primaryimage","url":"https:\/\/proteccionshoppingonline.com.br\/loja\/wp-content\/uploads\/2025\/03\/5-1.png","contentUrl":"https:\/\/proteccionshoppingonline.com.br\/loja\/wp-content\/uploads\/2025\/03\/5-1.png","width":600,"height":600},{"@type":"BreadcrumbList","@id":"https:\/\/proteccionshoppingonline.com.br\/loja\/loja\/alarme-de-incendio\/modulo-de-zona-enderecavel-fdci-183\/#breadcrumb","itemListElement":[{"@type":"ListItem","position":1,"name":"Home","item":"https:\/\/proteccionshoppingonline.com.br\/loja\/"},{"@type":"ListItem","position":2,"name":"Produtos","item":"https:\/\/proteccionshoppingonline.com.br\/loja\/cart-2\/"},{"@type":"ListItem","position":3,"name":"M\u00f3dulo de Zona Endere\u00e7\u00e1vel FDCI 183"}]},{"@type":"WebSite","@id":"https:\/\/proteccionshoppingonline.com.br\/loja\/#website","url":"https:\/\/proteccionshoppingonline.com.br\/loja\/","name":"Protecci\u00f3n Shopping On Line | Seguran\u00e7a contra Inc\u00eandios","description":"Seguran\u00e7a contra Inc\u00eandios","publisher":{"@id":"https:\/\/proteccionshoppingonline.com.br\/loja\/#organization"},"potentialAction":[{"@type":"SearchAction","target":{"@type":"EntryPoint","urlTemplate":"https:\/\/proteccionshoppingonline.com.br\/loja\/?s={search_term_string}"},"query-input":{"@type":"PropertyValueSpecification","valueRequired":true,"valueName":"search_term_string"}}],"inLanguage":"pt-BR"},{"@type":"Organization","@id":"https:\/\/proteccionshoppingonline.com.br\/loja\/#organization","name":"Protecci\u00f3n Shopping On Line","url":"https:\/\/proteccionshoppingonline.com.br\/loja\/","logo":{"@type":"ImageObject","inLanguage":"pt-BR","@id":"https:\/\/proteccionshoppingonline.com.br\/loja\/#\/schema\/logo\/image\/","url":"https:\/\/proteccionshoppingonline.com.br\/loja\/wp-content\/uploads\/2024\/01\/Proteccion-Shopping-On-Line-Logo-Nova.png","contentUrl":"https:\/\/proteccionshoppingonline.com.br\/loja\/wp-content\/uploads\/2024\/01\/Proteccion-Shopping-On-Line-Logo-Nova.png","width":2000,"height":600,"caption":"Protecci\u00f3n Shopping On Line"},"image":{"@id":"https:\/\/proteccionshoppingonline.com.br\/loja\/#\/schema\/logo\/image\/"}}]}},"_links":{"self":[{"href":"https:\/\/proteccionshoppingonline.com.br\/loja\/wp-json\/wp\/v2\/product\/18424","targetHints":{"allow":["GET"]}}],"collection":[{"href":"https:\/\/proteccionshoppingonline.com.br\/loja\/wp-json\/wp\/v2\/product"}],"about":[{"href":"https:\/\/proteccionshoppingonline.com.br\/loja\/wp-json\/wp\/v2\/types\/product"}],"version-history":[{"count":1,"href":"https:\/\/proteccionshoppingonline.com.br\/loja\/wp-json\/wp\/v2\/product\/18424\/revisions"}],"predecessor-version":[{"id":18426,"href":"https:\/\/proteccionshoppingonline.com.br\/loja\/wp-json\/wp\/v2\/product\/18424\/revisions\/18426"}],"wp:featuredmedia":[{"embeddable":true,"href":"https:\/\/proteccionshoppingonline.com.br\/loja\/wp-json\/wp\/v2\/media\/18425"}],"wp:attachment":[{"href":"https:\/\/proteccionshoppingonline.com.br\/loja\/wp-json\/wp\/v2\/media?parent=18424"}],"wp:term":[{"taxonomy":"product_brand","embeddable":true,"href":"https:\/\/proteccionshoppingonline.com.br\/loja\/wp-json\/wp\/v2\/product_brand?post=18424"},{"taxonomy":"product_cat","embeddable":true,"href":"https:\/\/proteccionshoppingonline.com.br\/loja\/wp-json\/wp\/v2\/product_cat?post=18424"},{"taxonomy":"product_tag","embeddable":true,"href":"https:\/\/proteccionshoppingonline.com.br\/loja\/wp-json\/wp\/v2\/product_tag?post=18424"}],"curies":[{"name":"wp","href":"https:\/\/api.w.org\/{rel}","templated":true}]}}