{"id":18405,"date":"2025-03-10T10:19:54","date_gmt":"2025-03-10T13:19:54","guid":{"rendered":"https:\/\/proteccionshoppingonline.com.br\/loja\/?post_type=product&#038;p=18405"},"modified":"2025-03-18T15:34:35","modified_gmt":"2025-03-18T18:34:35","slug":"base-para-sirene-enderecavel-fdb221","status":"publish","type":"product","link":"https:\/\/proteccionshoppingonline.com.br\/loja\/loja\/alarme-de-incendio\/base-para-sirene-enderecavel-fdb221\/","title":{"rendered":"Base Para Sirene enderec\u0327a\u0301vel &#8211; FDB221"},"content":{"rendered":"<h1 style=\"text-align: center;\">Base Para Sirene enderec\u0327a\u0301vel &#8211; FDB221 Siemens<\/h1>\n<p><strong>Base Para Sirene enderec\u0327a\u0301vel &#8211; FDB221 Siemens &#8211;<\/strong> <strong>Siemens.<\/strong><\/p>\n<p>A Base de Sirene Endere\u00e7\u00e1vel FDB221 \u00e9 um dispositivo utilizado em sistemas de alarme e automa\u00e7\u00e3o predial, com a fun\u00e7\u00e3o de emitir sinais sonoros em caso de eventos ou emerg\u00eancias. Ela \u00e9 endere\u00e7\u00e1vel, o que significa que pode ser identificada individualmente em um sistema de detec\u00e7\u00e3o, facilitando a localiza\u00e7\u00e3o e o controle.<br \/>\nEssa base normalmente faz parte de um sistema de detec\u00e7\u00e3o de inc\u00eandio, seguran\u00e7a, ou controle de acesso, onde as informa\u00e7\u00f5es de cada dispositivo (como a sirene) s\u00e3o monitoradas e gerenciadas de forma centralizada. O modelo FDB221 pode ser instalado em conjunto com outros dispositivos endere\u00e7\u00e1veis, como detectores de fuma\u00e7a ou de calor, para fornecer uma solu\u00e7\u00e3o integrada.<\/p>\n<p>&nbsp;<\/p>\n<p>Base feita a partir de material sint\u00e9tico \u00e0 prova de impacto e resistente a riscos. Grande abertura na base do detector permite a reutiliza\u00e7\u00e3o de furos existentes de sistemas mais antigos. Terminais de conex\u00e3o sem parafusos &#8216;laranja&#8217;. Espa\u00e7o para terminais auxiliares como micro terminais 0,5 mm <sup>2<\/sup> ou terminais de conex\u00e3o 2,5 mm <sup>2<\/sup>2.<br \/>\nPara equipamentos com processamento de sinal endere\u00e7\u00e1vel.<br \/>\nPara a fia\u00e7\u00e3o de recesso. Para a fia\u00e7\u00e3o de fonte de superf\u00edcie, di\u00e2metro do cabo at\u00e9 6 mm.<\/p>\n<p>&nbsp;<\/p>\n<p>&nbsp;<\/p>\n<p>Temos centenas de produtos dispon\u00edveis, a fim de atender suas necessidades!<\/p>\n<p>Consulte-nos para mais detalhes, com a finalidade de sanar suas d\u00favidas!<\/p>\n<p>Atendimento em suma de seg \u00e0 sexta das 08 \u2013 12 e 13 \u2013 17hs.<\/p>\n<p>&nbsp;<\/p>\n<p>Fabricante: Siemens<\/p>\n<p>Consultar\u00a0<a href=\"http:\/\/www.engenharia.proteccionshoppingonline.com.br\/\">Proteccion engenharia<\/a><\/p>\n<p>Consultar\u00a0<a href=\"https:\/\/proteccionshoppingonline.com.br\/loja\/catalogos-it-normas\/\">Normas<\/a><\/p>\n<p>&nbsp;<\/p>\n","protected":false},"excerpt":{"rendered":"<p><strong>Sirene Audiovisual Enderec\u0327a\u0301vel Vermelha FDS229-R &#8211;<\/strong> <strong>Siemens.<\/strong><\/p>\n<p><span class=\"HwtZe\" lang=\"pt\"><span class=\"jCAhz ChMk0b\"><span class=\"ryNqvb\">-Alarme sonoro com 11 tonalidades selecion\u00e1veis, 2 n\u00edveis de ativa\u00e7\u00e3o program\u00e1veis. <\/span><\/span><\/span><\/p>\n<p><span class=\"HwtZe\" lang=\"pt\"><span class=\"jCAhz ChMk0b\"><span class=\"ryNqvb\">-Intensidade sonora de at\u00e9 99 dB(A), ajust\u00e1vel em 3 n\u00edveis. <\/span><\/span><\/span><\/p>\n<p><span class=\"HwtZe\" lang=\"pt\"><span class=\"jCAhz ChMk0b\"><span class=\"ryNqvb\">-O alarme sonoro tem uma sequ\u00eancia fixa de piscadas, modo de piscada ajust\u00e1vel. <\/span><\/span><\/span><\/p>\n<p><span class=\"HwtZe\" lang=\"pt\"><span class=\"jCAhz ChMk0b\"><span class=\"ryNqvb\">-Alimenta\u00e7\u00e3o e comunica\u00e7\u00e3o via C-NET\/FDnet.<\/span><\/span><\/span><\/p>\n<p><span class=\"HwtZe\" lang=\"pt\"><span class=\"jCAhz ChMk0b\"><span class=\"ryNqvb\">-Compat\u00edvel com a base do detector endere\u00e7\u00e1vel. <\/span><\/span><\/span><\/p>\n<p><span class=\"HwtZe\" lang=\"pt\"><span class=\"jCAhz ChMk0b\"><span class=\"ryNqvb\">-Poss\u00edvel uso de acess\u00f3rios da base. <\/span><\/span><\/span><\/p>\n<p><span class=\"HwtZe\" lang=\"pt\"><span class=\"jCAhz ChMk0b\"><span class=\"ryNqvb\">-Monitoramento do status do dispositivo.<\/span><\/span><\/span><\/p>\n<p>&nbsp;<\/p>\n","protected":false},"featured_media":18406,"template":"","meta":{"_seopress_robots_primary_cat":"none","_seopress_titles_title":"Base Para Sirene enderec\u0327a\u0301vel - FDB221 Siemens","_seopress_titles_desc":"A Base de Sirene Endere\u00e7\u00e1vel FDB221 \u00e9 um dispositivo utilizado em sistemas de alarme, com a fun\u00e7\u00e3o de emitir sinais sonoros em emerg\u00eancias.","_seopress_robots_index":""},"product_brand":[],"product_cat":[55,141,227],"product_tag":[543],"class_list":{"0":"post-18405","1":"product","2":"type-product","3":"status-publish","4":"has-post-thumbnail","6":"product_cat-alarme-de-incendio","7":"product_cat-deteccao-de-incendio","8":"product_cat-siemens","9":"product_tag-sirene-audiovisual-enderecavel-vermelha-fds229-r","11":"first","12":"onbackorder","13":"shipping-taxable","14":"product-type-simple"},"yoast_head":"<!-- This site is optimized with the Yoast SEO plugin v27.2 - https:\/\/yoast.com\/product\/yoast-seo-wordpress\/ -->\n<title>Base Para Sirene enderec\u0327a\u0301vel - FDB221 Protecci\u00f3n<\/title>\n<meta name=\"description\" content=\"A Base de Sirene Endere\u00e7\u00e1vel FDB221 \u00e9 um dispositivo utilizado em sistemas de alarme e automa\u00e7\u00e3o predial, com a fun\u00e7\u00e3o de emitir sinais sonoros em caso de eventos ou emerg\u00eancias.\" \/>\n<meta name=\"robots\" content=\"index, follow, max-snippet:-1, max-image-preview:large, max-video-preview:-1\" \/>\n<link rel=\"canonical\" href=\"https:\/\/proteccionshoppingonline.com.br\/loja\/loja\/alarme-de-incendio\/base-para-sirene-enderecavel-fdb221\/\" \/>\n<meta property=\"og:locale\" content=\"pt_BR\" \/>\n<meta property=\"og:type\" content=\"article\" \/>\n<meta property=\"og:title\" content=\"Base Para Sirene enderec\u0327a\u0301vel - FDB221 Protecci\u00f3n\" \/>\n<meta property=\"og:description\" content=\"A Base de Sirene Endere\u00e7\u00e1vel FDB221 \u00e9 um dispositivo utilizado em sistemas de alarme e automa\u00e7\u00e3o predial, com a fun\u00e7\u00e3o de emitir sinais sonoros em caso de eventos ou emerg\u00eancias.\" \/>\n<meta property=\"og:url\" content=\"https:\/\/proteccionshoppingonline.com.br\/loja\/loja\/alarme-de-incendio\/base-para-sirene-enderecavel-fdb221\/\" \/>\n<meta property=\"og:site_name\" content=\"Protecci\u00f3n\" \/>\n<meta property=\"article:modified_time\" content=\"2025-03-18T18:34:35+00:00\" \/>\n<meta property=\"og:image\" content=\"https:\/\/proteccionshoppingonline.com.br\/loja\/wp-content\/uploads\/2025\/03\/8.png\" \/>\n\t<meta property=\"og:image:width\" content=\"600\" \/>\n\t<meta property=\"og:image:height\" content=\"600\" \/>\n\t<meta property=\"og:image:type\" content=\"image\/png\" \/>\n<meta name=\"twitter:card\" content=\"summary_large_image\" \/>\n<meta name=\"twitter:label1\" content=\"Est. tempo de leitura\" \/>\n\t<meta name=\"twitter:data1\" content=\"2 minutos\" \/>\n<script type=\"application\/ld+json\" class=\"yoast-schema-graph\">{\"@context\":\"https:\/\/schema.org\",\"@graph\":[{\"@type\":\"WebPage\",\"@id\":\"https:\/\/proteccionshoppingonline.com.br\/loja\/loja\/alarme-de-incendio\/base-para-sirene-enderecavel-fdb221\/\",\"url\":\"https:\/\/proteccionshoppingonline.com.br\/loja\/loja\/alarme-de-incendio\/base-para-sirene-enderecavel-fdb221\/\",\"name\":\"Base Para Sirene enderec\u0327a\u0301vel - FDB221 Protecci\u00f3n\",\"isPartOf\":{\"@id\":\"https:\/\/proteccionshoppingonline.com.br\/loja\/#website\"},\"primaryImageOfPage\":{\"@id\":\"https:\/\/proteccionshoppingonline.com.br\/loja\/loja\/alarme-de-incendio\/base-para-sirene-enderecavel-fdb221\/#primaryimage\"},\"image\":{\"@id\":\"https:\/\/proteccionshoppingonline.com.br\/loja\/loja\/alarme-de-incendio\/base-para-sirene-enderecavel-fdb221\/#primaryimage\"},\"thumbnailUrl\":\"https:\/\/proteccionshoppingonline.com.br\/loja\/wp-content\/uploads\/2025\/03\/8.png\",\"datePublished\":\"2025-03-10T13:19:54+00:00\",\"dateModified\":\"2025-03-18T18:34:35+00:00\",\"description\":\"A Base de Sirene Endere\u00e7\u00e1vel FDB221 \u00e9 um dispositivo utilizado em sistemas de alarme e automa\u00e7\u00e3o predial, com a fun\u00e7\u00e3o de emitir sinais sonoros em caso de eventos ou emerg\u00eancias.\",\"breadcrumb\":{\"@id\":\"https:\/\/proteccionshoppingonline.com.br\/loja\/loja\/alarme-de-incendio\/base-para-sirene-enderecavel-fdb221\/#breadcrumb\"},\"inLanguage\":\"pt-BR\",\"potentialAction\":[{\"@type\":\"ReadAction\",\"target\":[\"https:\/\/proteccionshoppingonline.com.br\/loja\/loja\/alarme-de-incendio\/base-para-sirene-enderecavel-fdb221\/\"]}]},{\"@type\":\"ImageObject\",\"inLanguage\":\"pt-BR\",\"@id\":\"https:\/\/proteccionshoppingonline.com.br\/loja\/loja\/alarme-de-incendio\/base-para-sirene-enderecavel-fdb221\/#primaryimage\",\"url\":\"https:\/\/proteccionshoppingonline.com.br\/loja\/wp-content\/uploads\/2025\/03\/8.png\",\"contentUrl\":\"https:\/\/proteccionshoppingonline.com.br\/loja\/wp-content\/uploads\/2025\/03\/8.png\",\"width\":600,\"height\":600},{\"@type\":\"BreadcrumbList\",\"@id\":\"https:\/\/proteccionshoppingonline.com.br\/loja\/loja\/alarme-de-incendio\/base-para-sirene-enderecavel-fdb221\/#breadcrumb\",\"itemListElement\":[{\"@type\":\"ListItem\",\"position\":1,\"name\":\"Home\",\"item\":\"https:\/\/proteccionshoppingonline.com.br\/loja\/\"},{\"@type\":\"ListItem\",\"position\":2,\"name\":\"Produtos\",\"item\":\"https:\/\/proteccionshoppingonline.com.br\/loja\/cart-2\/\"},{\"@type\":\"ListItem\",\"position\":3,\"name\":\"Base Para Sirene enderec\u0327a\u0301vel &#8211; FDB221\"}]},{\"@type\":\"WebSite\",\"@id\":\"https:\/\/proteccionshoppingonline.com.br\/loja\/#website\",\"url\":\"https:\/\/proteccionshoppingonline.com.br\/loja\/\",\"name\":\"Protecci\u00f3n Shopping On Line | Seguran\u00e7a contra Inc\u00eandios\",\"description\":\"Seguran\u00e7a contra Inc\u00eandios\",\"publisher\":{\"@id\":\"https:\/\/proteccionshoppingonline.com.br\/loja\/#organization\"},\"potentialAction\":[{\"@type\":\"SearchAction\",\"target\":{\"@type\":\"EntryPoint\",\"urlTemplate\":\"https:\/\/proteccionshoppingonline.com.br\/loja\/?s={search_term_string}\"},\"query-input\":{\"@type\":\"PropertyValueSpecification\",\"valueRequired\":true,\"valueName\":\"search_term_string\"}}],\"inLanguage\":\"pt-BR\"},{\"@type\":\"Organization\",\"@id\":\"https:\/\/proteccionshoppingonline.com.br\/loja\/#organization\",\"name\":\"Protecci\u00f3n Shopping On Line\",\"url\":\"https:\/\/proteccionshoppingonline.com.br\/loja\/\",\"logo\":{\"@type\":\"ImageObject\",\"inLanguage\":\"pt-BR\",\"@id\":\"https:\/\/proteccionshoppingonline.com.br\/loja\/#\/schema\/logo\/image\/\",\"url\":\"https:\/\/proteccionshoppingonline.com.br\/loja\/wp-content\/uploads\/2024\/01\/Proteccion-Shopping-On-Line-Logo-Nova.png\",\"contentUrl\":\"https:\/\/proteccionshoppingonline.com.br\/loja\/wp-content\/uploads\/2024\/01\/Proteccion-Shopping-On-Line-Logo-Nova.png\",\"width\":2000,\"height\":600,\"caption\":\"Protecci\u00f3n Shopping On Line\"},\"image\":{\"@id\":\"https:\/\/proteccionshoppingonline.com.br\/loja\/#\/schema\/logo\/image\/\"}}]}<\/script>\n<!-- \/ Yoast SEO plugin. -->","yoast_head_json":{"title":"Base Para Sirene enderec\u0327a\u0301vel - FDB221 Protecci\u00f3n","description":"A Base de Sirene Endere\u00e7\u00e1vel FDB221 \u00e9 um dispositivo utilizado em sistemas de alarme e automa\u00e7\u00e3o predial, com a fun\u00e7\u00e3o de emitir sinais sonoros em caso de eventos ou emerg\u00eancias.","robots":{"index":"index","follow":"follow","max-snippet":"max-snippet:-1","max-image-preview":"max-image-preview:large","max-video-preview":"max-video-preview:-1"},"canonical":"https:\/\/proteccionshoppingonline.com.br\/loja\/loja\/alarme-de-incendio\/base-para-sirene-enderecavel-fdb221\/","og_locale":"pt_BR","og_type":"article","og_title":"Base Para Sirene enderec\u0327a\u0301vel - FDB221 Protecci\u00f3n","og_description":"A Base de Sirene Endere\u00e7\u00e1vel FDB221 \u00e9 um dispositivo utilizado em sistemas de alarme e automa\u00e7\u00e3o predial, com a fun\u00e7\u00e3o de emitir sinais sonoros em caso de eventos ou emerg\u00eancias.","og_url":"https:\/\/proteccionshoppingonline.com.br\/loja\/loja\/alarme-de-incendio\/base-para-sirene-enderecavel-fdb221\/","og_site_name":"Protecci\u00f3n","article_modified_time":"2025-03-18T18:34:35+00:00","og_image":[{"width":600,"height":600,"url":"https:\/\/proteccionshoppingonline.com.br\/loja\/wp-content\/uploads\/2025\/03\/8.png","type":"image\/png"}],"twitter_card":"summary_large_image","twitter_misc":{"Est. tempo de leitura":"2 minutos"},"schema":{"@context":"https:\/\/schema.org","@graph":[{"@type":"WebPage","@id":"https:\/\/proteccionshoppingonline.com.br\/loja\/loja\/alarme-de-incendio\/base-para-sirene-enderecavel-fdb221\/","url":"https:\/\/proteccionshoppingonline.com.br\/loja\/loja\/alarme-de-incendio\/base-para-sirene-enderecavel-fdb221\/","name":"Base Para Sirene enderec\u0327a\u0301vel - FDB221 Protecci\u00f3n","isPartOf":{"@id":"https:\/\/proteccionshoppingonline.com.br\/loja\/#website"},"primaryImageOfPage":{"@id":"https:\/\/proteccionshoppingonline.com.br\/loja\/loja\/alarme-de-incendio\/base-para-sirene-enderecavel-fdb221\/#primaryimage"},"image":{"@id":"https:\/\/proteccionshoppingonline.com.br\/loja\/loja\/alarme-de-incendio\/base-para-sirene-enderecavel-fdb221\/#primaryimage"},"thumbnailUrl":"https:\/\/proteccionshoppingonline.com.br\/loja\/wp-content\/uploads\/2025\/03\/8.png","datePublished":"2025-03-10T13:19:54+00:00","dateModified":"2025-03-18T18:34:35+00:00","description":"A Base de Sirene Endere\u00e7\u00e1vel FDB221 \u00e9 um dispositivo utilizado em sistemas de alarme e automa\u00e7\u00e3o predial, com a fun\u00e7\u00e3o de emitir sinais sonoros em caso de eventos ou emerg\u00eancias.","breadcrumb":{"@id":"https:\/\/proteccionshoppingonline.com.br\/loja\/loja\/alarme-de-incendio\/base-para-sirene-enderecavel-fdb221\/#breadcrumb"},"inLanguage":"pt-BR","potentialAction":[{"@type":"ReadAction","target":["https:\/\/proteccionshoppingonline.com.br\/loja\/loja\/alarme-de-incendio\/base-para-sirene-enderecavel-fdb221\/"]}]},{"@type":"ImageObject","inLanguage":"pt-BR","@id":"https:\/\/proteccionshoppingonline.com.br\/loja\/loja\/alarme-de-incendio\/base-para-sirene-enderecavel-fdb221\/#primaryimage","url":"https:\/\/proteccionshoppingonline.com.br\/loja\/wp-content\/uploads\/2025\/03\/8.png","contentUrl":"https:\/\/proteccionshoppingonline.com.br\/loja\/wp-content\/uploads\/2025\/03\/8.png","width":600,"height":600},{"@type":"BreadcrumbList","@id":"https:\/\/proteccionshoppingonline.com.br\/loja\/loja\/alarme-de-incendio\/base-para-sirene-enderecavel-fdb221\/#breadcrumb","itemListElement":[{"@type":"ListItem","position":1,"name":"Home","item":"https:\/\/proteccionshoppingonline.com.br\/loja\/"},{"@type":"ListItem","position":2,"name":"Produtos","item":"https:\/\/proteccionshoppingonline.com.br\/loja\/cart-2\/"},{"@type":"ListItem","position":3,"name":"Base Para Sirene enderec\u0327a\u0301vel &#8211; FDB221"}]},{"@type":"WebSite","@id":"https:\/\/proteccionshoppingonline.com.br\/loja\/#website","url":"https:\/\/proteccionshoppingonline.com.br\/loja\/","name":"Protecci\u00f3n Shopping On Line | Seguran\u00e7a contra Inc\u00eandios","description":"Seguran\u00e7a contra Inc\u00eandios","publisher":{"@id":"https:\/\/proteccionshoppingonline.com.br\/loja\/#organization"},"potentialAction":[{"@type":"SearchAction","target":{"@type":"EntryPoint","urlTemplate":"https:\/\/proteccionshoppingonline.com.br\/loja\/?s={search_term_string}"},"query-input":{"@type":"PropertyValueSpecification","valueRequired":true,"valueName":"search_term_string"}}],"inLanguage":"pt-BR"},{"@type":"Organization","@id":"https:\/\/proteccionshoppingonline.com.br\/loja\/#organization","name":"Protecci\u00f3n Shopping On Line","url":"https:\/\/proteccionshoppingonline.com.br\/loja\/","logo":{"@type":"ImageObject","inLanguage":"pt-BR","@id":"https:\/\/proteccionshoppingonline.com.br\/loja\/#\/schema\/logo\/image\/","url":"https:\/\/proteccionshoppingonline.com.br\/loja\/wp-content\/uploads\/2024\/01\/Proteccion-Shopping-On-Line-Logo-Nova.png","contentUrl":"https:\/\/proteccionshoppingonline.com.br\/loja\/wp-content\/uploads\/2024\/01\/Proteccion-Shopping-On-Line-Logo-Nova.png","width":2000,"height":600,"caption":"Protecci\u00f3n Shopping On Line"},"image":{"@id":"https:\/\/proteccionshoppingonline.com.br\/loja\/#\/schema\/logo\/image\/"}}]}},"_links":{"self":[{"href":"https:\/\/proteccionshoppingonline.com.br\/loja\/wp-json\/wp\/v2\/product\/18405","targetHints":{"allow":["GET"]}}],"collection":[{"href":"https:\/\/proteccionshoppingonline.com.br\/loja\/wp-json\/wp\/v2\/product"}],"about":[{"href":"https:\/\/proteccionshoppingonline.com.br\/loja\/wp-json\/wp\/v2\/types\/product"}],"version-history":[{"count":2,"href":"https:\/\/proteccionshoppingonline.com.br\/loja\/wp-json\/wp\/v2\/product\/18405\/revisions"}],"predecessor-version":[{"id":18535,"href":"https:\/\/proteccionshoppingonline.com.br\/loja\/wp-json\/wp\/v2\/product\/18405\/revisions\/18535"}],"wp:featuredmedia":[{"embeddable":true,"href":"https:\/\/proteccionshoppingonline.com.br\/loja\/wp-json\/wp\/v2\/media\/18406"}],"wp:attachment":[{"href":"https:\/\/proteccionshoppingonline.com.br\/loja\/wp-json\/wp\/v2\/media?parent=18405"}],"wp:term":[{"taxonomy":"product_brand","embeddable":true,"href":"https:\/\/proteccionshoppingonline.com.br\/loja\/wp-json\/wp\/v2\/product_brand?post=18405"},{"taxonomy":"product_cat","embeddable":true,"href":"https:\/\/proteccionshoppingonline.com.br\/loja\/wp-json\/wp\/v2\/product_cat?post=18405"},{"taxonomy":"product_tag","embeddable":true,"href":"https:\/\/proteccionshoppingonline.com.br\/loja\/wp-json\/wp\/v2\/product_tag?post=18405"}],"curies":[{"name":"wp","href":"https:\/\/api.w.org\/{rel}","templated":true}]}}