{"id":18276,"date":"2025-02-24T13:31:09","date_gmt":"2025-02-24T16:31:09","guid":{"rendered":"https:\/\/proteccionshoppingonline.com.br\/loja\/?post_type=product&#038;p=18276"},"modified":"2025-02-24T16:25:59","modified_gmt":"2025-02-24T19:25:59","slug":"acionador-manual-enderecavel-hcp","status":"publish","type":"product","link":"https:\/\/proteccionshoppingonline.com.br\/loja\/loja\/deteccao-de-incendio\/acionador-manual-enderecavel-hcp\/","title":{"rendered":"Acionador Manual Endere\u00e7avel HCP-W"},"content":{"rendered":"<h1 style=\"text-align: center;\"><strong>Acionador Manual Endere\u00e7avel HCP-W<\/strong><\/h1>\n<p>&nbsp;<\/p>\n<p>&nbsp;<\/p>\n<p><strong>Acionador Manual Endere\u00e7avel HCP-W(CSI) &#8211;<\/strong>\u00a0Hochiki.<\/p>\n<p><span class=\"HwtZe\" lang=\"pt\"><span class=\"jCAhz ChMk0b\"><span class=\"ryNqvb\">O modelo HCP-W(SCI) \u00e9 um ponto de chamada manual \u00e0 prova de intemp\u00e9ries com isolador de curto-circuito integral, que \u00e9 totalmente compat\u00edvel com o protocolo endere\u00e7\u00e1vel anal\u00f3gico ESP da Hochiki.<\/span><\/span> <span class=\"jCAhz ChMk0b\"><span class=\"ryNqvb\">A unidade incorpora um LED bicolor, que pode ser selecionado como pulsante\/n\u00e3o pulsante*1 para pesquisa de comunica\u00e7\u00f5es e fica continuamente aceso quando o HCP-W(SCI) \u00e9 operado \u2013 nesses dois estados, o LED ficar\u00e1 vermelho.<\/span><\/span> <\/span><\/p>\n<p><span class=\"HwtZe\" lang=\"pt\"><span class=\"jCAhz ChMk0b\"><span class=\"ryNqvb\">O LED ficar\u00e1 \u00e2mbar quando houver um curto-circuito, mas mudar\u00e1 para vermelho se a unidade for ativada.<\/span><\/span> <span class=\"jCAhz ChMk0b\"><span class=\"ryNqvb\">A unidade opera pressionando o elemento n\u00e3o frang\u00edvel (pl\u00e1stico) em conformidade com EN54 e produz uma interrup\u00e7\u00e3o ESP de alto n\u00edvel.<\/span><\/span> <span class=\"jCAhz ChMk0b\"><span class=\"ryNqvb\">Uma fun\u00e7\u00e3o de teste integrada iniciada pelo painel de controle garante a integridade do dispositivo em todos os momentos e o dispositivo pode ser testado pela inser\u00e7\u00e3o de uma chave de teste na parte inferior da unidade.<\/span><\/span> <span class=\"jCAhz ChMk0b\"><span class=\"ryNqvb\">Dois blocos de terminais s\u00e3o fornecidos para f\u00e1cil conex\u00e3o \u00e0 fia\u00e7\u00e3o do loop.<\/span><\/span> <\/span><\/p>\n<p><span class=\"HwtZe\" lang=\"pt\"><span class=\"jCAhz\"><span class=\"ryNqvb\">A unidade \u00e9 endere\u00e7ada usando o Programador Port\u00e1til TCH-B100 para endere\u00e7amento r\u00e1pido e confi\u00e1vel.<\/span><\/span> <span class=\"jCAhz ChMk0b\"><span class=\"ryNqvb\">Um elemento de vidro opcional tamb\u00e9m est\u00e1 dispon\u00edvel.<\/span><\/span> <\/span><\/p>\n<p>&nbsp;<\/p>\n<p><span class=\"HwtZe\" lang=\"pt\"><span class=\"jCAhz ChMk0b\"><span class=\"ryNqvb\">NOTA IMPORTANTE: Se estiver mudando o elemento de Vidro para Flexi, confirme a opera\u00e7\u00e3o pressionando o elemento reconfigur\u00e1vel.<\/span><\/span><\/span><\/p>\n<p>&nbsp;<\/p>\n<p>Temos centenas de produtos dispon\u00edveis, a fim de atender suas necessidades!<\/p>\n<p>Consulte-nos para mais detalhes, com a finalidade de sanar suas d\u00favidas!<\/p>\n<p>Atendimento em suma de seg \u00e0 sexta das 08 \u2013 12 e 13 \u2013 17hs.<\/p>\n<p>&nbsp;<\/p>\n<p>Fabricante: Hochiki America Corporation<\/p>\n<p>&nbsp;<\/p>\n<p>Consultar\u00a0<a href=\"http:\/\/www.engenharia.proteccionshoppingonline.com.br\/\">Proteccion engenharia<\/a><\/p>\n<p>Consultar\u00a0<a href=\"https:\/\/proteccionshoppingonline.com.br\/loja\/catalogos-it-normas\/\">Normas<\/a><\/p>\n<p>&nbsp;<\/p>\n","protected":false},"excerpt":{"rendered":"<p>O Acionador Manual Endere\u00e7avel HCP-W \u00e9 um componente essencial de um Sistema de Detec\u00e7\u00e3o e Alarme de Inc\u00eandio.\u00a0 Age rapidamente em situa\u00e7\u00f5es de emerg\u00eancia.<\/p>\n","protected":false},"featured_media":18279,"template":"","meta":{"_seopress_robots_primary_cat":"none","_seopress_titles_title":"Acionador Manual Endere\u00e7avel HCP-W","_seopress_titles_desc":"O Acionador Manual Endere\u00e7avel HCP-W \u00e9 um componente essencial de um Sistema de Detec\u00e7\u00e3o e Alarme de Inc\u00eandio","_seopress_robots_index":""},"product_brand":[],"product_cat":[141,228],"product_tag":[246,247,236,245,244],"class_list":{"0":"post-18276","1":"product","2":"type-product","3":"status-publish","4":"has-post-thumbnail","6":"product_cat-deteccao-de-incendio","7":"product_cat-hochiki","8":"product_tag-acionador-manual-hcp-w-enderecado","9":"product_tag-acionador-manual-rp-rs-01","10":"product_tag-detector-fumaca-aln-v-enderecado","11":"product_tag-detector-temperatura-dcd-135-convencional","12":"product_tag-detector-temperatura-dfe-135-convencional","14":"first","15":"onbackorder","16":"shipping-taxable","17":"product-type-simple"},"yoast_head":"<!-- This site is optimized with the Yoast SEO plugin v27.2 - https:\/\/yoast.com\/product\/yoast-seo-wordpress\/ -->\n<title>Acionador Manual Endere\u00e7avel HCP-W Protecci\u00f3n<\/title>\n<meta name=\"description\" content=\"O Acionador Manual Endere\u00e7avel hcp \u00e9 um componente essencial de um Sistema de Detec\u00e7\u00e3o e Alarme de Inc\u00eandio (SDAI).\u00a0 Age rapidamente em situa\u00e7\u00f5es de emerg\u00ea %\" \/>\n<meta name=\"robots\" content=\"index, follow, max-snippet:-1, max-image-preview:large, max-video-preview:-1\" \/>\n<link rel=\"canonical\" href=\"https:\/\/proteccionshoppingonline.com.br\/loja\/loja\/deteccao-de-incendio\/acionador-manual-enderecavel-hcp\/\" \/>\n<meta property=\"og:locale\" content=\"pt_BR\" \/>\n<meta property=\"og:type\" content=\"article\" \/>\n<meta property=\"og:title\" content=\"Acionador Manual Endere\u00e7avel HCP-W Protecci\u00f3n\" \/>\n<meta property=\"og:description\" content=\"O Acionador Manual Endere\u00e7avel hcp \u00e9 um componente essencial de um Sistema de Detec\u00e7\u00e3o e Alarme de Inc\u00eandio (SDAI).\u00a0 Age rapidamente em situa\u00e7\u00f5es de emerg\u00ea %\" \/>\n<meta property=\"og:url\" content=\"https:\/\/proteccionshoppingonline.com.br\/loja\/loja\/deteccao-de-incendio\/acionador-manual-enderecavel-hcp\/\" \/>\n<meta property=\"og:site_name\" content=\"Protecci\u00f3n\" \/>\n<meta property=\"article:modified_time\" content=\"2025-02-24T19:25:59+00:00\" \/>\n<meta property=\"og:image\" content=\"https:\/\/proteccionshoppingonline.com.br\/loja\/wp-content\/uploads\/2025\/02\/Design-sem-nome1.png\" \/>\n\t<meta property=\"og:image:width\" content=\"600\" \/>\n\t<meta property=\"og:image:height\" content=\"600\" \/>\n\t<meta property=\"og:image:type\" content=\"image\/png\" \/>\n<meta name=\"twitter:card\" content=\"summary_large_image\" \/>\n<meta name=\"twitter:label1\" content=\"Est. tempo de leitura\" \/>\n\t<meta name=\"twitter:data1\" content=\"2 minutos\" \/>\n<script type=\"application\/ld+json\" class=\"yoast-schema-graph\">{\"@context\":\"https:\/\/schema.org\",\"@graph\":[{\"@type\":\"WebPage\",\"@id\":\"https:\/\/proteccionshoppingonline.com.br\/loja\/loja\/deteccao-de-incendio\/acionador-manual-enderecavel-hcp\/\",\"url\":\"https:\/\/proteccionshoppingonline.com.br\/loja\/loja\/deteccao-de-incendio\/acionador-manual-enderecavel-hcp\/\",\"name\":\"Acionador Manual Endere\u00e7avel HCP-W Protecci\u00f3n\",\"isPartOf\":{\"@id\":\"https:\/\/proteccionshoppingonline.com.br\/loja\/#website\"},\"primaryImageOfPage\":{\"@id\":\"https:\/\/proteccionshoppingonline.com.br\/loja\/loja\/deteccao-de-incendio\/acionador-manual-enderecavel-hcp\/#primaryimage\"},\"image\":{\"@id\":\"https:\/\/proteccionshoppingonline.com.br\/loja\/loja\/deteccao-de-incendio\/acionador-manual-enderecavel-hcp\/#primaryimage\"},\"thumbnailUrl\":\"https:\/\/proteccionshoppingonline.com.br\/loja\/wp-content\/uploads\/2025\/02\/Design-sem-nome1.png\",\"datePublished\":\"2025-02-24T16:31:09+00:00\",\"dateModified\":\"2025-02-24T19:25:59+00:00\",\"description\":\"O Acionador Manual Endere\u00e7avel hcp \u00e9 um componente essencial de um Sistema de Detec\u00e7\u00e3o e Alarme de Inc\u00eandio (SDAI).\u00a0 Age rapidamente em situa\u00e7\u00f5es de emerg\u00ea %\",\"breadcrumb\":{\"@id\":\"https:\/\/proteccionshoppingonline.com.br\/loja\/loja\/deteccao-de-incendio\/acionador-manual-enderecavel-hcp\/#breadcrumb\"},\"inLanguage\":\"pt-BR\",\"potentialAction\":[{\"@type\":\"ReadAction\",\"target\":[\"https:\/\/proteccionshoppingonline.com.br\/loja\/loja\/deteccao-de-incendio\/acionador-manual-enderecavel-hcp\/\"]}]},{\"@type\":\"ImageObject\",\"inLanguage\":\"pt-BR\",\"@id\":\"https:\/\/proteccionshoppingonline.com.br\/loja\/loja\/deteccao-de-incendio\/acionador-manual-enderecavel-hcp\/#primaryimage\",\"url\":\"https:\/\/proteccionshoppingonline.com.br\/loja\/wp-content\/uploads\/2025\/02\/Design-sem-nome1.png\",\"contentUrl\":\"https:\/\/proteccionshoppingonline.com.br\/loja\/wp-content\/uploads\/2025\/02\/Design-sem-nome1.png\",\"width\":600,\"height\":600},{\"@type\":\"BreadcrumbList\",\"@id\":\"https:\/\/proteccionshoppingonline.com.br\/loja\/loja\/deteccao-de-incendio\/acionador-manual-enderecavel-hcp\/#breadcrumb\",\"itemListElement\":[{\"@type\":\"ListItem\",\"position\":1,\"name\":\"Home\",\"item\":\"https:\/\/proteccionshoppingonline.com.br\/loja\/\"},{\"@type\":\"ListItem\",\"position\":2,\"name\":\"Produtos\",\"item\":\"https:\/\/proteccionshoppingonline.com.br\/loja\/cart-2\/\"},{\"@type\":\"ListItem\",\"position\":3,\"name\":\"Acionador Manual Endere\u00e7avel HCP-W\"}]},{\"@type\":\"WebSite\",\"@id\":\"https:\/\/proteccionshoppingonline.com.br\/loja\/#website\",\"url\":\"https:\/\/proteccionshoppingonline.com.br\/loja\/\",\"name\":\"Protecci\u00f3n Shopping On Line | Seguran\u00e7a contra Inc\u00eandios\",\"description\":\"Seguran\u00e7a contra Inc\u00eandios\",\"publisher\":{\"@id\":\"https:\/\/proteccionshoppingonline.com.br\/loja\/#organization\"},\"potentialAction\":[{\"@type\":\"SearchAction\",\"target\":{\"@type\":\"EntryPoint\",\"urlTemplate\":\"https:\/\/proteccionshoppingonline.com.br\/loja\/?s={search_term_string}\"},\"query-input\":{\"@type\":\"PropertyValueSpecification\",\"valueRequired\":true,\"valueName\":\"search_term_string\"}}],\"inLanguage\":\"pt-BR\"},{\"@type\":\"Organization\",\"@id\":\"https:\/\/proteccionshoppingonline.com.br\/loja\/#organization\",\"name\":\"Protecci\u00f3n Shopping On Line\",\"url\":\"https:\/\/proteccionshoppingonline.com.br\/loja\/\",\"logo\":{\"@type\":\"ImageObject\",\"inLanguage\":\"pt-BR\",\"@id\":\"https:\/\/proteccionshoppingonline.com.br\/loja\/#\/schema\/logo\/image\/\",\"url\":\"https:\/\/proteccionshoppingonline.com.br\/loja\/wp-content\/uploads\/2024\/01\/Proteccion-Shopping-On-Line-Logo-Nova.png\",\"contentUrl\":\"https:\/\/proteccionshoppingonline.com.br\/loja\/wp-content\/uploads\/2024\/01\/Proteccion-Shopping-On-Line-Logo-Nova.png\",\"width\":2000,\"height\":600,\"caption\":\"Protecci\u00f3n Shopping On Line\"},\"image\":{\"@id\":\"https:\/\/proteccionshoppingonline.com.br\/loja\/#\/schema\/logo\/image\/\"}}]}<\/script>\n<!-- \/ Yoast SEO plugin. -->","yoast_head_json":{"title":"Acionador Manual Endere\u00e7avel HCP-W Protecci\u00f3n","description":"O Acionador Manual Endere\u00e7avel hcp \u00e9 um componente essencial de um Sistema de Detec\u00e7\u00e3o e Alarme de Inc\u00eandio (SDAI).\u00a0 Age rapidamente em situa\u00e7\u00f5es de emerg\u00ea %","robots":{"index":"index","follow":"follow","max-snippet":"max-snippet:-1","max-image-preview":"max-image-preview:large","max-video-preview":"max-video-preview:-1"},"canonical":"https:\/\/proteccionshoppingonline.com.br\/loja\/loja\/deteccao-de-incendio\/acionador-manual-enderecavel-hcp\/","og_locale":"pt_BR","og_type":"article","og_title":"Acionador Manual Endere\u00e7avel HCP-W Protecci\u00f3n","og_description":"O Acionador Manual Endere\u00e7avel hcp \u00e9 um componente essencial de um Sistema de Detec\u00e7\u00e3o e Alarme de Inc\u00eandio (SDAI).\u00a0 Age rapidamente em situa\u00e7\u00f5es de emerg\u00ea %","og_url":"https:\/\/proteccionshoppingonline.com.br\/loja\/loja\/deteccao-de-incendio\/acionador-manual-enderecavel-hcp\/","og_site_name":"Protecci\u00f3n","article_modified_time":"2025-02-24T19:25:59+00:00","og_image":[{"width":600,"height":600,"url":"https:\/\/proteccionshoppingonline.com.br\/loja\/wp-content\/uploads\/2025\/02\/Design-sem-nome1.png","type":"image\/png"}],"twitter_card":"summary_large_image","twitter_misc":{"Est. tempo de leitura":"2 minutos"},"schema":{"@context":"https:\/\/schema.org","@graph":[{"@type":"WebPage","@id":"https:\/\/proteccionshoppingonline.com.br\/loja\/loja\/deteccao-de-incendio\/acionador-manual-enderecavel-hcp\/","url":"https:\/\/proteccionshoppingonline.com.br\/loja\/loja\/deteccao-de-incendio\/acionador-manual-enderecavel-hcp\/","name":"Acionador Manual Endere\u00e7avel HCP-W Protecci\u00f3n","isPartOf":{"@id":"https:\/\/proteccionshoppingonline.com.br\/loja\/#website"},"primaryImageOfPage":{"@id":"https:\/\/proteccionshoppingonline.com.br\/loja\/loja\/deteccao-de-incendio\/acionador-manual-enderecavel-hcp\/#primaryimage"},"image":{"@id":"https:\/\/proteccionshoppingonline.com.br\/loja\/loja\/deteccao-de-incendio\/acionador-manual-enderecavel-hcp\/#primaryimage"},"thumbnailUrl":"https:\/\/proteccionshoppingonline.com.br\/loja\/wp-content\/uploads\/2025\/02\/Design-sem-nome1.png","datePublished":"2025-02-24T16:31:09+00:00","dateModified":"2025-02-24T19:25:59+00:00","description":"O Acionador Manual Endere\u00e7avel hcp \u00e9 um componente essencial de um Sistema de Detec\u00e7\u00e3o e Alarme de Inc\u00eandio (SDAI).\u00a0 Age rapidamente em situa\u00e7\u00f5es de emerg\u00ea %","breadcrumb":{"@id":"https:\/\/proteccionshoppingonline.com.br\/loja\/loja\/deteccao-de-incendio\/acionador-manual-enderecavel-hcp\/#breadcrumb"},"inLanguage":"pt-BR","potentialAction":[{"@type":"ReadAction","target":["https:\/\/proteccionshoppingonline.com.br\/loja\/loja\/deteccao-de-incendio\/acionador-manual-enderecavel-hcp\/"]}]},{"@type":"ImageObject","inLanguage":"pt-BR","@id":"https:\/\/proteccionshoppingonline.com.br\/loja\/loja\/deteccao-de-incendio\/acionador-manual-enderecavel-hcp\/#primaryimage","url":"https:\/\/proteccionshoppingonline.com.br\/loja\/wp-content\/uploads\/2025\/02\/Design-sem-nome1.png","contentUrl":"https:\/\/proteccionshoppingonline.com.br\/loja\/wp-content\/uploads\/2025\/02\/Design-sem-nome1.png","width":600,"height":600},{"@type":"BreadcrumbList","@id":"https:\/\/proteccionshoppingonline.com.br\/loja\/loja\/deteccao-de-incendio\/acionador-manual-enderecavel-hcp\/#breadcrumb","itemListElement":[{"@type":"ListItem","position":1,"name":"Home","item":"https:\/\/proteccionshoppingonline.com.br\/loja\/"},{"@type":"ListItem","position":2,"name":"Produtos","item":"https:\/\/proteccionshoppingonline.com.br\/loja\/cart-2\/"},{"@type":"ListItem","position":3,"name":"Acionador Manual Endere\u00e7avel HCP-W"}]},{"@type":"WebSite","@id":"https:\/\/proteccionshoppingonline.com.br\/loja\/#website","url":"https:\/\/proteccionshoppingonline.com.br\/loja\/","name":"Protecci\u00f3n Shopping On Line | Seguran\u00e7a contra Inc\u00eandios","description":"Seguran\u00e7a contra Inc\u00eandios","publisher":{"@id":"https:\/\/proteccionshoppingonline.com.br\/loja\/#organization"},"potentialAction":[{"@type":"SearchAction","target":{"@type":"EntryPoint","urlTemplate":"https:\/\/proteccionshoppingonline.com.br\/loja\/?s={search_term_string}"},"query-input":{"@type":"PropertyValueSpecification","valueRequired":true,"valueName":"search_term_string"}}],"inLanguage":"pt-BR"},{"@type":"Organization","@id":"https:\/\/proteccionshoppingonline.com.br\/loja\/#organization","name":"Protecci\u00f3n Shopping On Line","url":"https:\/\/proteccionshoppingonline.com.br\/loja\/","logo":{"@type":"ImageObject","inLanguage":"pt-BR","@id":"https:\/\/proteccionshoppingonline.com.br\/loja\/#\/schema\/logo\/image\/","url":"https:\/\/proteccionshoppingonline.com.br\/loja\/wp-content\/uploads\/2024\/01\/Proteccion-Shopping-On-Line-Logo-Nova.png","contentUrl":"https:\/\/proteccionshoppingonline.com.br\/loja\/wp-content\/uploads\/2024\/01\/Proteccion-Shopping-On-Line-Logo-Nova.png","width":2000,"height":600,"caption":"Protecci\u00f3n Shopping On Line"},"image":{"@id":"https:\/\/proteccionshoppingonline.com.br\/loja\/#\/schema\/logo\/image\/"}}]}},"_links":{"self":[{"href":"https:\/\/proteccionshoppingonline.com.br\/loja\/wp-json\/wp\/v2\/product\/18276","targetHints":{"allow":["GET"]}}],"collection":[{"href":"https:\/\/proteccionshoppingonline.com.br\/loja\/wp-json\/wp\/v2\/product"}],"about":[{"href":"https:\/\/proteccionshoppingonline.com.br\/loja\/wp-json\/wp\/v2\/types\/product"}],"version-history":[{"count":2,"href":"https:\/\/proteccionshoppingonline.com.br\/loja\/wp-json\/wp\/v2\/product\/18276\/revisions"}],"predecessor-version":[{"id":18293,"href":"https:\/\/proteccionshoppingonline.com.br\/loja\/wp-json\/wp\/v2\/product\/18276\/revisions\/18293"}],"wp:featuredmedia":[{"embeddable":true,"href":"https:\/\/proteccionshoppingonline.com.br\/loja\/wp-json\/wp\/v2\/media\/18279"}],"wp:attachment":[{"href":"https:\/\/proteccionshoppingonline.com.br\/loja\/wp-json\/wp\/v2\/media?parent=18276"}],"wp:term":[{"taxonomy":"product_brand","embeddable":true,"href":"https:\/\/proteccionshoppingonline.com.br\/loja\/wp-json\/wp\/v2\/product_brand?post=18276"},{"taxonomy":"product_cat","embeddable":true,"href":"https:\/\/proteccionshoppingonline.com.br\/loja\/wp-json\/wp\/v2\/product_cat?post=18276"},{"taxonomy":"product_tag","embeddable":true,"href":"https:\/\/proteccionshoppingonline.com.br\/loja\/wp-json\/wp\/v2\/product_tag?post=18276"}],"curies":[{"name":"wp","href":"https:\/\/api.w.org\/{rel}","templated":true}]}}