{"id":17053,"date":"2024-12-09T22:44:07","date_gmt":"2024-12-09T22:44:07","guid":{"rendered":"https:\/\/proteccionshoppingonline.com.br\/loja\/?post_type=product&#038;p=17053"},"modified":"2024-12-09T22:55:55","modified_gmt":"2024-12-09T22:55:55","slug":"carretel-mangueira-mangotinho","status":"publish","type":"product","link":"https:\/\/proteccionshoppingonline.com.br\/loja\/loja\/hidrantes\/carretel-mangueira-mangotinho\/","title":{"rendered":"Carretel com Mangueira Mangotinho 1&#8243; x 30cm"},"content":{"rendered":"<h1 style=\"text-align: center;\">Carretel com Mangueira Mangotinho 1&#8243; x 30cm<\/h1>\n<p>&nbsp;<\/p>\n<h4 style=\"text-align: left;\">Carretel com Mangueira Mangotinho 1&#8243; x 30cm<\/h4>\n<p>O carretel basculante mangotinho \u00e9 projetado com um bra\u00e7o articulado que permite um giro de 180\u00b0.<\/p>\n<p>Facilitando o manuseio e a opera\u00e7\u00e3o em situa\u00e7\u00f5es de emerg\u00eancia.<\/p>\n<p>Equipado com mangueira semirr\u00edgida e esguicho regul\u00e1vel, o carretel oferece tr\u00eas posi\u00e7\u00f5es de opera\u00e7\u00e3o: bocal fechado, jato s\u00f3lido e neblina.<\/p>\n<p>Essa versatilidade \u00e9 essencial para adaptar-se a diferentes cen\u00e1rios de combate a inc\u00eandios.<\/p>\n<p>Constru\u00eddo com materiais de alta qualidade, como a\u00e7o galvanizado e pintura eletrost\u00e1tica em p\u00f3, o carretel basculante mangotinho garante durabilidade e resist\u00eancia.<\/p>\n<p>A mangueira semirr\u00edgida \u00e9 confeccionada em poli\u00e9ster de alta tenacidade.<\/p>\n<p>Com press\u00e3o de trabalho de at\u00e9 12 Kgf\/cm\u00b2 &#8211; 21 kgf\/cm\u00b2, o equipamento \u00e9 capaz de suportar condi\u00e7\u00f5es adversas sem comprometer a seguran\u00e7a.<\/p>\n<p>O carretel basculante mangotinho \u00e9 ideal para uma ampla gama de aplica\u00e7\u00f5es.<\/p>\n<p>Desde instala\u00e7\u00f5es industriais at\u00e9 edif\u00edcios comerciais e residenciais.<\/p>\n<p>Sua flexibilidade e facilidade de instala\u00e7\u00e3o tornam-no uma escolha confi\u00e1vel para qualquer sistema de combate a inc\u00eandios.<\/p>\n<p>&nbsp;<\/p>\n<p><strong>CARACTER\u00cdSTICAS T\u00c9CNICAS<\/strong><\/p>\n<ul>\n<li>Rosca de Entrada 1\u201d BSP (F\u00eamea);<\/li>\n<li>\u00a0Discos fabricados em a\u00e7o galvanizado;<\/li>\n<li>Pintura eletrost\u00e1tica em p\u00f3 na cor vermelha;<\/li>\n<li>Mangueira semi r\u00edgida confeccionada em poli\u00e9ster de alta tenacidade e monofilamento, atendendo EN694 e IT22 do Corpo de Bombeiros do Estado de SP;<\/li>\n<li>Fabricados com mangueiras nas medidas: 15, 20 e 30 metros de \u00d8 1\u201d;<\/li>\n<li>Press\u00e3o de Trabalho: 12,5 kgf\/cm\u00b2- 21 kgf\/cm\u00b2<\/li>\n<\/ul>\n<p>&nbsp;<\/p>\n<p>&nbsp;<\/p>\n<p>Temos centenas de produtos dispon\u00edveis, a fim de atender suas necessidades!<\/p>\n<p>Consulte-nos para mais detalhes, com a finalidade de sanar suas d\u00favidas!<\/p>\n<p>Atendimento em suma de segunda \u00e0 sexta das 08 \u2013 12 e 13 \u2013 17hs.<\/p>\n<p>&nbsp;<\/p>\n<p>Consultar\u00a0<a href=\"http:\/\/www.engenharia.proteccionshoppingonline.com.br\/\">Proteccion Engenharia<\/a><\/p>\n<p>Consultar\u00a0<a href=\"https:\/\/proteccionshoppingonline.com.br\/loja\/catalogos-it-normas\/\">CA \u2013 Normas<\/a><\/p>\n<h2><\/h2>\n","protected":false},"excerpt":{"rendered":"<p>O carretel com mangueira mangotinho \u00e9 constru\u00eddo com materiais de alta qualidade, garantindo a sua durabilidade e resist\u00eancia.<\/p>\n","protected":false},"featured_media":17054,"template":"","meta":{"_seopress_robots_primary_cat":"none","_seopress_titles_title":"Carretel com Mangueira Mangotinho 1\" x 30cm","_seopress_titles_desc":"O carretel com mangueira mangotinho \u00e9 constru\u00eddo com materiais de alta qualidade, garantindo a sua durabilidade e resist\u00eancia.","_seopress_robots_index":""},"product_brand":[],"product_cat":[66],"product_tag":[429,413,430,433,435,432],"class_list":{"0":"post-17053","1":"product","2":"type-product","3":"status-publish","4":"has-post-thumbnail","6":"product_cat-hidrantes","7":"product_tag-abrigo-de-extintor-em-inox-80x30x20","8":"product_tag-abrigo-de-hidrante-90x60x17-embutir","9":"product_tag-acrilico-para-hidrante-21x21","10":"product_tag-mangueira-hidrante-tipo-2-1-1-2-15mt-industrial","11":"product_tag-mangueira-hidrante-tipo-2-2-1-2-15mt-industrial","12":"product_tag-suporte-extintor-incendio-tripe","14":"first","15":"onbackorder","16":"shipping-taxable","17":"product-type-simple"},"yoast_head":"<!-- This site is optimized with the Yoast SEO plugin v27.2 - https:\/\/yoast.com\/product\/yoast-seo-wordpress\/ -->\n<title>Carretel com Mangueira Mangotinho 1&quot; x 30cm - Protecci\u00f3n<\/title>\n<meta name=\"description\" content=\"O carretel com mangueira mangotinho \u00e9 constru\u00eddo com materiais de alta qualidade, garantindo a sua durabilidade e resist\u00eancia.\" \/>\n<meta name=\"robots\" content=\"index, follow, max-snippet:-1, max-image-preview:large, max-video-preview:-1\" \/>\n<link rel=\"canonical\" href=\"https:\/\/proteccionshoppingonline.com.br\/loja\/loja\/hidrantes\/carretel-mangueira-mangotinho\/\" \/>\n<meta property=\"og:locale\" content=\"pt_BR\" \/>\n<meta property=\"og:type\" content=\"article\" \/>\n<meta property=\"og:title\" content=\"Carretel com Mangueira Mangotinho 1&quot; x 30cm - Protecci\u00f3n\" \/>\n<meta property=\"og:description\" content=\"O carretel com mangueira mangotinho \u00e9 constru\u00eddo com materiais de alta qualidade, garantindo a sua durabilidade e resist\u00eancia.\" \/>\n<meta property=\"og:url\" content=\"https:\/\/proteccionshoppingonline.com.br\/loja\/loja\/hidrantes\/carretel-mangueira-mangotinho\/\" \/>\n<meta property=\"og:site_name\" content=\"Protecci\u00f3n\" \/>\n<meta property=\"article:modified_time\" content=\"2024-12-09T22:55:55+00:00\" \/>\n<meta property=\"og:image\" content=\"https:\/\/proteccionshoppingonline.com.br\/loja\/wp-content\/uploads\/2024\/12\/CARRETEL-COM-MANGUEIRA-MANGOTINHO-1.png\" \/>\n\t<meta property=\"og:image:width\" content=\"500\" \/>\n\t<meta property=\"og:image:height\" content=\"500\" \/>\n\t<meta property=\"og:image:type\" content=\"image\/png\" \/>\n<meta name=\"twitter:card\" content=\"summary_large_image\" \/>\n<meta name=\"twitter:label1\" content=\"Est. tempo de leitura\" \/>\n\t<meta name=\"twitter:data1\" content=\"2 minutos\" \/>\n<script type=\"application\/ld+json\" class=\"yoast-schema-graph\">{\"@context\":\"https:\/\/schema.org\",\"@graph\":[{\"@type\":\"WebPage\",\"@id\":\"https:\/\/proteccionshoppingonline.com.br\/loja\/loja\/hidrantes\/carretel-mangueira-mangotinho\/\",\"url\":\"https:\/\/proteccionshoppingonline.com.br\/loja\/loja\/hidrantes\/carretel-mangueira-mangotinho\/\",\"name\":\"Carretel com Mangueira Mangotinho 1\\\" x 30cm - Protecci\u00f3n\",\"isPartOf\":{\"@id\":\"https:\/\/proteccionshoppingonline.com.br\/loja\/#website\"},\"primaryImageOfPage\":{\"@id\":\"https:\/\/proteccionshoppingonline.com.br\/loja\/loja\/hidrantes\/carretel-mangueira-mangotinho\/#primaryimage\"},\"image\":{\"@id\":\"https:\/\/proteccionshoppingonline.com.br\/loja\/loja\/hidrantes\/carretel-mangueira-mangotinho\/#primaryimage\"},\"thumbnailUrl\":\"https:\/\/proteccionshoppingonline.com.br\/loja\/wp-content\/uploads\/2024\/12\/CARRETEL-COM-MANGUEIRA-MANGOTINHO-1.png\",\"datePublished\":\"2024-12-09T22:44:07+00:00\",\"dateModified\":\"2024-12-09T22:55:55+00:00\",\"description\":\"O carretel com mangueira mangotinho \u00e9 constru\u00eddo com materiais de alta qualidade, garantindo a sua durabilidade e resist\u00eancia.\",\"breadcrumb\":{\"@id\":\"https:\/\/proteccionshoppingonline.com.br\/loja\/loja\/hidrantes\/carretel-mangueira-mangotinho\/#breadcrumb\"},\"inLanguage\":\"pt-BR\",\"potentialAction\":[{\"@type\":\"ReadAction\",\"target\":[\"https:\/\/proteccionshoppingonline.com.br\/loja\/loja\/hidrantes\/carretel-mangueira-mangotinho\/\"]}]},{\"@type\":\"ImageObject\",\"inLanguage\":\"pt-BR\",\"@id\":\"https:\/\/proteccionshoppingonline.com.br\/loja\/loja\/hidrantes\/carretel-mangueira-mangotinho\/#primaryimage\",\"url\":\"https:\/\/proteccionshoppingonline.com.br\/loja\/wp-content\/uploads\/2024\/12\/CARRETEL-COM-MANGUEIRA-MANGOTINHO-1.png\",\"contentUrl\":\"https:\/\/proteccionshoppingonline.com.br\/loja\/wp-content\/uploads\/2024\/12\/CARRETEL-COM-MANGUEIRA-MANGOTINHO-1.png\",\"width\":500,\"height\":500,\"caption\":\"CARRETEL COM MANGUEIRA MANGOTINHO\"},{\"@type\":\"BreadcrumbList\",\"@id\":\"https:\/\/proteccionshoppingonline.com.br\/loja\/loja\/hidrantes\/carretel-mangueira-mangotinho\/#breadcrumb\",\"itemListElement\":[{\"@type\":\"ListItem\",\"position\":1,\"name\":\"Home\",\"item\":\"https:\/\/proteccionshoppingonline.com.br\/loja\/\"},{\"@type\":\"ListItem\",\"position\":2,\"name\":\"Produtos\",\"item\":\"https:\/\/proteccionshoppingonline.com.br\/loja\/cart-2\/\"},{\"@type\":\"ListItem\",\"position\":3,\"name\":\"Carretel com Mangueira Mangotinho 1&#8243; x 30cm\"}]},{\"@type\":\"WebSite\",\"@id\":\"https:\/\/proteccionshoppingonline.com.br\/loja\/#website\",\"url\":\"https:\/\/proteccionshoppingonline.com.br\/loja\/\",\"name\":\"Protecci\u00f3n Shopping On Line | Seguran\u00e7a contra Inc\u00eandios\",\"description\":\"Seguran\u00e7a contra Inc\u00eandios\",\"publisher\":{\"@id\":\"https:\/\/proteccionshoppingonline.com.br\/loja\/#organization\"},\"potentialAction\":[{\"@type\":\"SearchAction\",\"target\":{\"@type\":\"EntryPoint\",\"urlTemplate\":\"https:\/\/proteccionshoppingonline.com.br\/loja\/?s={search_term_string}\"},\"query-input\":{\"@type\":\"PropertyValueSpecification\",\"valueRequired\":true,\"valueName\":\"search_term_string\"}}],\"inLanguage\":\"pt-BR\"},{\"@type\":\"Organization\",\"@id\":\"https:\/\/proteccionshoppingonline.com.br\/loja\/#organization\",\"name\":\"Protecci\u00f3n Shopping On Line\",\"url\":\"https:\/\/proteccionshoppingonline.com.br\/loja\/\",\"logo\":{\"@type\":\"ImageObject\",\"inLanguage\":\"pt-BR\",\"@id\":\"https:\/\/proteccionshoppingonline.com.br\/loja\/#\/schema\/logo\/image\/\",\"url\":\"https:\/\/proteccionshoppingonline.com.br\/loja\/wp-content\/uploads\/2024\/01\/Proteccion-Shopping-On-Line-Logo-Nova.png\",\"contentUrl\":\"https:\/\/proteccionshoppingonline.com.br\/loja\/wp-content\/uploads\/2024\/01\/Proteccion-Shopping-On-Line-Logo-Nova.png\",\"width\":2000,\"height\":600,\"caption\":\"Protecci\u00f3n Shopping On Line\"},\"image\":{\"@id\":\"https:\/\/proteccionshoppingonline.com.br\/loja\/#\/schema\/logo\/image\/\"}}]}<\/script>\n<!-- \/ Yoast SEO plugin. -->","yoast_head_json":{"title":"Carretel com Mangueira Mangotinho 1\" x 30cm - Protecci\u00f3n","description":"O carretel com mangueira mangotinho \u00e9 constru\u00eddo com materiais de alta qualidade, garantindo a sua durabilidade e resist\u00eancia.","robots":{"index":"index","follow":"follow","max-snippet":"max-snippet:-1","max-image-preview":"max-image-preview:large","max-video-preview":"max-video-preview:-1"},"canonical":"https:\/\/proteccionshoppingonline.com.br\/loja\/loja\/hidrantes\/carretel-mangueira-mangotinho\/","og_locale":"pt_BR","og_type":"article","og_title":"Carretel com Mangueira Mangotinho 1\" x 30cm - Protecci\u00f3n","og_description":"O carretel com mangueira mangotinho \u00e9 constru\u00eddo com materiais de alta qualidade, garantindo a sua durabilidade e resist\u00eancia.","og_url":"https:\/\/proteccionshoppingonline.com.br\/loja\/loja\/hidrantes\/carretel-mangueira-mangotinho\/","og_site_name":"Protecci\u00f3n","article_modified_time":"2024-12-09T22:55:55+00:00","og_image":[{"width":500,"height":500,"url":"https:\/\/proteccionshoppingonline.com.br\/loja\/wp-content\/uploads\/2024\/12\/CARRETEL-COM-MANGUEIRA-MANGOTINHO-1.png","type":"image\/png"}],"twitter_card":"summary_large_image","twitter_misc":{"Est. tempo de leitura":"2 minutos"},"schema":{"@context":"https:\/\/schema.org","@graph":[{"@type":"WebPage","@id":"https:\/\/proteccionshoppingonline.com.br\/loja\/loja\/hidrantes\/carretel-mangueira-mangotinho\/","url":"https:\/\/proteccionshoppingonline.com.br\/loja\/loja\/hidrantes\/carretel-mangueira-mangotinho\/","name":"Carretel com Mangueira Mangotinho 1\" x 30cm - Protecci\u00f3n","isPartOf":{"@id":"https:\/\/proteccionshoppingonline.com.br\/loja\/#website"},"primaryImageOfPage":{"@id":"https:\/\/proteccionshoppingonline.com.br\/loja\/loja\/hidrantes\/carretel-mangueira-mangotinho\/#primaryimage"},"image":{"@id":"https:\/\/proteccionshoppingonline.com.br\/loja\/loja\/hidrantes\/carretel-mangueira-mangotinho\/#primaryimage"},"thumbnailUrl":"https:\/\/proteccionshoppingonline.com.br\/loja\/wp-content\/uploads\/2024\/12\/CARRETEL-COM-MANGUEIRA-MANGOTINHO-1.png","datePublished":"2024-12-09T22:44:07+00:00","dateModified":"2024-12-09T22:55:55+00:00","description":"O carretel com mangueira mangotinho \u00e9 constru\u00eddo com materiais de alta qualidade, garantindo a sua durabilidade e resist\u00eancia.","breadcrumb":{"@id":"https:\/\/proteccionshoppingonline.com.br\/loja\/loja\/hidrantes\/carretel-mangueira-mangotinho\/#breadcrumb"},"inLanguage":"pt-BR","potentialAction":[{"@type":"ReadAction","target":["https:\/\/proteccionshoppingonline.com.br\/loja\/loja\/hidrantes\/carretel-mangueira-mangotinho\/"]}]},{"@type":"ImageObject","inLanguage":"pt-BR","@id":"https:\/\/proteccionshoppingonline.com.br\/loja\/loja\/hidrantes\/carretel-mangueira-mangotinho\/#primaryimage","url":"https:\/\/proteccionshoppingonline.com.br\/loja\/wp-content\/uploads\/2024\/12\/CARRETEL-COM-MANGUEIRA-MANGOTINHO-1.png","contentUrl":"https:\/\/proteccionshoppingonline.com.br\/loja\/wp-content\/uploads\/2024\/12\/CARRETEL-COM-MANGUEIRA-MANGOTINHO-1.png","width":500,"height":500,"caption":"CARRETEL COM MANGUEIRA MANGOTINHO"},{"@type":"BreadcrumbList","@id":"https:\/\/proteccionshoppingonline.com.br\/loja\/loja\/hidrantes\/carretel-mangueira-mangotinho\/#breadcrumb","itemListElement":[{"@type":"ListItem","position":1,"name":"Home","item":"https:\/\/proteccionshoppingonline.com.br\/loja\/"},{"@type":"ListItem","position":2,"name":"Produtos","item":"https:\/\/proteccionshoppingonline.com.br\/loja\/cart-2\/"},{"@type":"ListItem","position":3,"name":"Carretel com Mangueira Mangotinho 1&#8243; x 30cm"}]},{"@type":"WebSite","@id":"https:\/\/proteccionshoppingonline.com.br\/loja\/#website","url":"https:\/\/proteccionshoppingonline.com.br\/loja\/","name":"Protecci\u00f3n Shopping On Line | Seguran\u00e7a contra Inc\u00eandios","description":"Seguran\u00e7a contra Inc\u00eandios","publisher":{"@id":"https:\/\/proteccionshoppingonline.com.br\/loja\/#organization"},"potentialAction":[{"@type":"SearchAction","target":{"@type":"EntryPoint","urlTemplate":"https:\/\/proteccionshoppingonline.com.br\/loja\/?s={search_term_string}"},"query-input":{"@type":"PropertyValueSpecification","valueRequired":true,"valueName":"search_term_string"}}],"inLanguage":"pt-BR"},{"@type":"Organization","@id":"https:\/\/proteccionshoppingonline.com.br\/loja\/#organization","name":"Protecci\u00f3n Shopping On Line","url":"https:\/\/proteccionshoppingonline.com.br\/loja\/","logo":{"@type":"ImageObject","inLanguage":"pt-BR","@id":"https:\/\/proteccionshoppingonline.com.br\/loja\/#\/schema\/logo\/image\/","url":"https:\/\/proteccionshoppingonline.com.br\/loja\/wp-content\/uploads\/2024\/01\/Proteccion-Shopping-On-Line-Logo-Nova.png","contentUrl":"https:\/\/proteccionshoppingonline.com.br\/loja\/wp-content\/uploads\/2024\/01\/Proteccion-Shopping-On-Line-Logo-Nova.png","width":2000,"height":600,"caption":"Protecci\u00f3n Shopping On Line"},"image":{"@id":"https:\/\/proteccionshoppingonline.com.br\/loja\/#\/schema\/logo\/image\/"}}]}},"_links":{"self":[{"href":"https:\/\/proteccionshoppingonline.com.br\/loja\/wp-json\/wp\/v2\/product\/17053","targetHints":{"allow":["GET"]}}],"collection":[{"href":"https:\/\/proteccionshoppingonline.com.br\/loja\/wp-json\/wp\/v2\/product"}],"about":[{"href":"https:\/\/proteccionshoppingonline.com.br\/loja\/wp-json\/wp\/v2\/types\/product"}],"version-history":[{"count":1,"href":"https:\/\/proteccionshoppingonline.com.br\/loja\/wp-json\/wp\/v2\/product\/17053\/revisions"}],"predecessor-version":[{"id":17055,"href":"https:\/\/proteccionshoppingonline.com.br\/loja\/wp-json\/wp\/v2\/product\/17053\/revisions\/17055"}],"wp:featuredmedia":[{"embeddable":true,"href":"https:\/\/proteccionshoppingonline.com.br\/loja\/wp-json\/wp\/v2\/media\/17054"}],"wp:attachment":[{"href":"https:\/\/proteccionshoppingonline.com.br\/loja\/wp-json\/wp\/v2\/media?parent=17053"}],"wp:term":[{"taxonomy":"product_brand","embeddable":true,"href":"https:\/\/proteccionshoppingonline.com.br\/loja\/wp-json\/wp\/v2\/product_brand?post=17053"},{"taxonomy":"product_cat","embeddable":true,"href":"https:\/\/proteccionshoppingonline.com.br\/loja\/wp-json\/wp\/v2\/product_cat?post=17053"},{"taxonomy":"product_tag","embeddable":true,"href":"https:\/\/proteccionshoppingonline.com.br\/loja\/wp-json\/wp\/v2\/product_tag?post=17053"}],"curies":[{"name":"wp","href":"https:\/\/api.w.org\/{rel}","templated":true}]}}