{"id":17042,"date":"2024-12-09T22:13:51","date_gmt":"2024-12-09T22:13:51","guid":{"rendered":"https:\/\/proteccionshoppingonline.com.br\/loja\/?post_type=product&#038;p=17042"},"modified":"2024-12-09T22:33:30","modified_gmt":"2024-12-09T22:33:30","slug":"mangueira-mangotinho-semirrigida","status":"publish","type":"product","link":"https:\/\/proteccionshoppingonline.com.br\/loja\/loja\/hidrantes\/mangueira-mangotinho-semirrigida\/","title":{"rendered":"Mangueira Mangotinho 1&#8243; x 15cm"},"content":{"rendered":"<h1 style=\"text-align: center;\">Mangueira Mangotinho Semirr\u00edgida com Esguicho de 1&#8243;x15<\/h1>\n<p>&nbsp;<\/p>\n<h4 style=\"text-align: left;\">Mangueira Mangotinho Semirr\u00edgida com Esguicho de 1&#8243;x15<\/h4>\n<p>A<strong> Mangueira Mangotinho Semirr\u00edgida com Esguicho de 1&#8243;x15<\/strong> \u00e9 adequada para uso em diferentes tipos de inc\u00eandios, por pessoas inexperientes para combate a princ\u00edpios de inc\u00eandios. Sua aplica\u00e7\u00e3o \u00e9 especificada de acordo com a NBR 16642 para ambientes resid\u00eancias ou industriais que possuam em linhas de hidrante press\u00e3o de trabalho de at\u00e9 21 kgf\/cm\u00b2.<\/p>\n<p>\u00c9 confeccionada com refor\u00e7o t\u00eaxtil, 100% em fios de poli\u00e9ster de alta tenacidade e monofilamento, com tubo interno de borracha sint\u00e9tica.<\/p>\n<p>&nbsp;<\/p>\n<p>O mangotinho\u00a0fica sempre conectado ao seu esguicho em uma ponta e a outra\u00a0geralmente a um registro esfera\u00a0de 1&#8243; ligado ao\u00a0sistema de inc\u00eandio.<\/p>\n<p>&nbsp;<\/p>\n<p><strong>CARACTER\u00cdSTICAS T\u00c9CNICAS<\/strong><\/p>\n<ul>\n<li>Modelo: Mangotinho semirr\u00edgida<\/li>\n<li>Di\u00e2metro: 1&#8243;<\/li>\n<li>Tamanho: 15 metros<\/li>\n<li>Press\u00e3o de Trabalho: 12 Kgf\/cm\u00b2 &#8211; 21 kgf\/cm\u00b2<\/li>\n<li>Press\u00e3o de Ruptura: m\u00ednima de 36 Kgf\/cm\u00b2<\/li>\n<li>Entrada: Rosca macho 11 fios BSP de 1&#8243;.<\/li>\n<li>Esguicho: Corpo interno em lat\u00e3o e manopla para regulagem de abertura e fechamento em borracha vermelha<\/li>\n<li>Uso: Edif\u00edcios residenciais e comerciais. Consulte exig\u00eancia do corpo de bombeiros<\/li>\n<\/ul>\n<h4><\/h4>\n<p>&nbsp;<\/p>\n<p>&nbsp;<\/p>\n<p>Temos centenas de produtos dispon\u00edveis, a fim de atender suas necessidades!<\/p>\n<p>Consulte-nos para mais detalhes, com a finalidade de sanar suas d\u00favidas!<\/p>\n<p>Atendimento em suma de segunda \u00e0 sexta das 08 \u2013 12 e 13 \u2013 17hs.<\/p>\n<p>&nbsp;<\/p>\n<p>Consultar\u00a0<a href=\"http:\/\/www.engenharia.proteccionshoppingonline.com.br\/\">Proteccion Engenharia<\/a><\/p>\n<p>Consultar\u00a0<a href=\"https:\/\/proteccionshoppingonline.com.br\/loja\/catalogos-it-normas\/\">CA \u2013 Normas<\/a><\/p>\n<h2><\/h2>\n","protected":false},"excerpt":{"rendered":"<p>A Mangueira Mangotinho \u00e9 adequada para uso em diferentes tipos de inc\u00eandios, por pessoas inexperientes para combate a princ\u00edpios de inc\u00eandios.<\/p>\n","protected":false},"featured_media":17043,"template":"","meta":{"_seopress_robots_primary_cat":"none","_seopress_titles_title":"Mangueira Mangotinho Semirr\u00edgida com Esguicho de 1\"x15","_seopress_titles_desc":"A Mangueira Mangotinho \u00e9 adequada para uso em diferentes tipos de inc\u00eandios, por pessoas inexperientes para combate a princ\u00edpios de inc\u00eandios.","_seopress_robots_index":""},"product_brand":[],"product_cat":[66],"product_tag":[429,413,430,433,435,432],"class_list":{"0":"post-17042","1":"product","2":"type-product","3":"status-publish","4":"has-post-thumbnail","6":"product_cat-hidrantes","7":"product_tag-abrigo-de-extintor-em-inox-80x30x20","8":"product_tag-abrigo-de-hidrante-90x60x17-embutir","9":"product_tag-acrilico-para-hidrante-21x21","10":"product_tag-mangueira-hidrante-tipo-2-1-1-2-15mt-industrial","11":"product_tag-mangueira-hidrante-tipo-2-2-1-2-15mt-industrial","12":"product_tag-suporte-extintor-incendio-tripe","14":"first","15":"onbackorder","16":"shipping-taxable","17":"product-type-simple"},"yoast_head":"<!-- This site is optimized with the Yoast SEO plugin v27.2 - https:\/\/yoast.com\/product\/yoast-seo-wordpress\/ -->\n<title>Mangueira Mangotinho 1&quot; x 15cm - Protecci\u00f3n<\/title>\n<meta name=\"description\" content=\"A Mangueira Mangotinho \u00e9 adequada para uso em diferentes tipos de inc\u00eandios, por pessoas inexperientes para combate a princ\u00edpios de inc\u00eandios.\" \/>\n<meta name=\"robots\" content=\"index, follow, max-snippet:-1, max-image-preview:large, max-video-preview:-1\" \/>\n<link rel=\"canonical\" href=\"https:\/\/proteccionshoppingonline.com.br\/loja\/loja\/hidrantes\/mangueira-mangotinho-semirrigida\/\" \/>\n<meta property=\"og:locale\" content=\"pt_BR\" \/>\n<meta property=\"og:type\" content=\"article\" \/>\n<meta property=\"og:title\" content=\"Mangueira Mangotinho 1&quot; x 15cm - Protecci\u00f3n\" \/>\n<meta property=\"og:description\" content=\"A Mangueira Mangotinho \u00e9 adequada para uso em diferentes tipos de inc\u00eandios, por pessoas inexperientes para combate a princ\u00edpios de inc\u00eandios.\" \/>\n<meta property=\"og:url\" content=\"https:\/\/proteccionshoppingonline.com.br\/loja\/loja\/hidrantes\/mangueira-mangotinho-semirrigida\/\" \/>\n<meta property=\"og:site_name\" content=\"Protecci\u00f3n\" \/>\n<meta property=\"article:modified_time\" content=\"2024-12-09T22:33:30+00:00\" \/>\n<meta property=\"og:image\" content=\"https:\/\/proteccionshoppingonline.com.br\/loja\/wp-content\/uploads\/2024\/12\/MANGUEIRA-MANGOTE-01X15.png\" \/>\n\t<meta property=\"og:image:width\" content=\"500\" \/>\n\t<meta property=\"og:image:height\" content=\"500\" \/>\n\t<meta property=\"og:image:type\" content=\"image\/png\" \/>\n<meta name=\"twitter:card\" content=\"summary_large_image\" \/>\n<meta name=\"twitter:label1\" content=\"Est. tempo de leitura\" \/>\n\t<meta name=\"twitter:data1\" content=\"2 minutos\" \/>\n<script type=\"application\/ld+json\" class=\"yoast-schema-graph\">{\"@context\":\"https:\/\/schema.org\",\"@graph\":[{\"@type\":\"WebPage\",\"@id\":\"https:\/\/proteccionshoppingonline.com.br\/loja\/loja\/hidrantes\/mangueira-mangotinho-semirrigida\/\",\"url\":\"https:\/\/proteccionshoppingonline.com.br\/loja\/loja\/hidrantes\/mangueira-mangotinho-semirrigida\/\",\"name\":\"Mangueira Mangotinho 1\\\" x 15cm - Protecci\u00f3n\",\"isPartOf\":{\"@id\":\"https:\/\/proteccionshoppingonline.com.br\/loja\/#website\"},\"primaryImageOfPage\":{\"@id\":\"https:\/\/proteccionshoppingonline.com.br\/loja\/loja\/hidrantes\/mangueira-mangotinho-semirrigida\/#primaryimage\"},\"image\":{\"@id\":\"https:\/\/proteccionshoppingonline.com.br\/loja\/loja\/hidrantes\/mangueira-mangotinho-semirrigida\/#primaryimage\"},\"thumbnailUrl\":\"https:\/\/proteccionshoppingonline.com.br\/loja\/wp-content\/uploads\/2024\/12\/MANGUEIRA-MANGOTE-01X15.png\",\"datePublished\":\"2024-12-09T22:13:51+00:00\",\"dateModified\":\"2024-12-09T22:33:30+00:00\",\"description\":\"A Mangueira Mangotinho \u00e9 adequada para uso em diferentes tipos de inc\u00eandios, por pessoas inexperientes para combate a princ\u00edpios de inc\u00eandios.\",\"breadcrumb\":{\"@id\":\"https:\/\/proteccionshoppingonline.com.br\/loja\/loja\/hidrantes\/mangueira-mangotinho-semirrigida\/#breadcrumb\"},\"inLanguage\":\"pt-BR\",\"potentialAction\":[{\"@type\":\"ReadAction\",\"target\":[\"https:\/\/proteccionshoppingonline.com.br\/loja\/loja\/hidrantes\/mangueira-mangotinho-semirrigida\/\"]}]},{\"@type\":\"ImageObject\",\"inLanguage\":\"pt-BR\",\"@id\":\"https:\/\/proteccionshoppingonline.com.br\/loja\/loja\/hidrantes\/mangueira-mangotinho-semirrigida\/#primaryimage\",\"url\":\"https:\/\/proteccionshoppingonline.com.br\/loja\/wp-content\/uploads\/2024\/12\/MANGUEIRA-MANGOTE-01X15.png\",\"contentUrl\":\"https:\/\/proteccionshoppingonline.com.br\/loja\/wp-content\/uploads\/2024\/12\/MANGUEIRA-MANGOTE-01X15.png\",\"width\":500,\"height\":500,\"caption\":\"MANGUEIRA MANGOTE 01X15\"},{\"@type\":\"BreadcrumbList\",\"@id\":\"https:\/\/proteccionshoppingonline.com.br\/loja\/loja\/hidrantes\/mangueira-mangotinho-semirrigida\/#breadcrumb\",\"itemListElement\":[{\"@type\":\"ListItem\",\"position\":1,\"name\":\"Home\",\"item\":\"https:\/\/proteccionshoppingonline.com.br\/loja\/\"},{\"@type\":\"ListItem\",\"position\":2,\"name\":\"Produtos\",\"item\":\"https:\/\/proteccionshoppingonline.com.br\/loja\/cart-2\/\"},{\"@type\":\"ListItem\",\"position\":3,\"name\":\"Mangueira Mangotinho 1&#8243; x 15cm\"}]},{\"@type\":\"WebSite\",\"@id\":\"https:\/\/proteccionshoppingonline.com.br\/loja\/#website\",\"url\":\"https:\/\/proteccionshoppingonline.com.br\/loja\/\",\"name\":\"Protecci\u00f3n Shopping On Line | Seguran\u00e7a contra Inc\u00eandios\",\"description\":\"Seguran\u00e7a contra Inc\u00eandios\",\"publisher\":{\"@id\":\"https:\/\/proteccionshoppingonline.com.br\/loja\/#organization\"},\"potentialAction\":[{\"@type\":\"SearchAction\",\"target\":{\"@type\":\"EntryPoint\",\"urlTemplate\":\"https:\/\/proteccionshoppingonline.com.br\/loja\/?s={search_term_string}\"},\"query-input\":{\"@type\":\"PropertyValueSpecification\",\"valueRequired\":true,\"valueName\":\"search_term_string\"}}],\"inLanguage\":\"pt-BR\"},{\"@type\":\"Organization\",\"@id\":\"https:\/\/proteccionshoppingonline.com.br\/loja\/#organization\",\"name\":\"Protecci\u00f3n Shopping On Line\",\"url\":\"https:\/\/proteccionshoppingonline.com.br\/loja\/\",\"logo\":{\"@type\":\"ImageObject\",\"inLanguage\":\"pt-BR\",\"@id\":\"https:\/\/proteccionshoppingonline.com.br\/loja\/#\/schema\/logo\/image\/\",\"url\":\"https:\/\/proteccionshoppingonline.com.br\/loja\/wp-content\/uploads\/2024\/01\/Proteccion-Shopping-On-Line-Logo-Nova.png\",\"contentUrl\":\"https:\/\/proteccionshoppingonline.com.br\/loja\/wp-content\/uploads\/2024\/01\/Proteccion-Shopping-On-Line-Logo-Nova.png\",\"width\":2000,\"height\":600,\"caption\":\"Protecci\u00f3n Shopping On Line\"},\"image\":{\"@id\":\"https:\/\/proteccionshoppingonline.com.br\/loja\/#\/schema\/logo\/image\/\"}}]}<\/script>\n<!-- \/ Yoast SEO plugin. -->","yoast_head_json":{"title":"Mangueira Mangotinho 1\" x 15cm - Protecci\u00f3n","description":"A Mangueira Mangotinho \u00e9 adequada para uso em diferentes tipos de inc\u00eandios, por pessoas inexperientes para combate a princ\u00edpios de inc\u00eandios.","robots":{"index":"index","follow":"follow","max-snippet":"max-snippet:-1","max-image-preview":"max-image-preview:large","max-video-preview":"max-video-preview:-1"},"canonical":"https:\/\/proteccionshoppingonline.com.br\/loja\/loja\/hidrantes\/mangueira-mangotinho-semirrigida\/","og_locale":"pt_BR","og_type":"article","og_title":"Mangueira Mangotinho 1\" x 15cm - Protecci\u00f3n","og_description":"A Mangueira Mangotinho \u00e9 adequada para uso em diferentes tipos de inc\u00eandios, por pessoas inexperientes para combate a princ\u00edpios de inc\u00eandios.","og_url":"https:\/\/proteccionshoppingonline.com.br\/loja\/loja\/hidrantes\/mangueira-mangotinho-semirrigida\/","og_site_name":"Protecci\u00f3n","article_modified_time":"2024-12-09T22:33:30+00:00","og_image":[{"width":500,"height":500,"url":"https:\/\/proteccionshoppingonline.com.br\/loja\/wp-content\/uploads\/2024\/12\/MANGUEIRA-MANGOTE-01X15.png","type":"image\/png"}],"twitter_card":"summary_large_image","twitter_misc":{"Est. tempo de leitura":"2 minutos"},"schema":{"@context":"https:\/\/schema.org","@graph":[{"@type":"WebPage","@id":"https:\/\/proteccionshoppingonline.com.br\/loja\/loja\/hidrantes\/mangueira-mangotinho-semirrigida\/","url":"https:\/\/proteccionshoppingonline.com.br\/loja\/loja\/hidrantes\/mangueira-mangotinho-semirrigida\/","name":"Mangueira Mangotinho 1\" x 15cm - Protecci\u00f3n","isPartOf":{"@id":"https:\/\/proteccionshoppingonline.com.br\/loja\/#website"},"primaryImageOfPage":{"@id":"https:\/\/proteccionshoppingonline.com.br\/loja\/loja\/hidrantes\/mangueira-mangotinho-semirrigida\/#primaryimage"},"image":{"@id":"https:\/\/proteccionshoppingonline.com.br\/loja\/loja\/hidrantes\/mangueira-mangotinho-semirrigida\/#primaryimage"},"thumbnailUrl":"https:\/\/proteccionshoppingonline.com.br\/loja\/wp-content\/uploads\/2024\/12\/MANGUEIRA-MANGOTE-01X15.png","datePublished":"2024-12-09T22:13:51+00:00","dateModified":"2024-12-09T22:33:30+00:00","description":"A Mangueira Mangotinho \u00e9 adequada para uso em diferentes tipos de inc\u00eandios, por pessoas inexperientes para combate a princ\u00edpios de inc\u00eandios.","breadcrumb":{"@id":"https:\/\/proteccionshoppingonline.com.br\/loja\/loja\/hidrantes\/mangueira-mangotinho-semirrigida\/#breadcrumb"},"inLanguage":"pt-BR","potentialAction":[{"@type":"ReadAction","target":["https:\/\/proteccionshoppingonline.com.br\/loja\/loja\/hidrantes\/mangueira-mangotinho-semirrigida\/"]}]},{"@type":"ImageObject","inLanguage":"pt-BR","@id":"https:\/\/proteccionshoppingonline.com.br\/loja\/loja\/hidrantes\/mangueira-mangotinho-semirrigida\/#primaryimage","url":"https:\/\/proteccionshoppingonline.com.br\/loja\/wp-content\/uploads\/2024\/12\/MANGUEIRA-MANGOTE-01X15.png","contentUrl":"https:\/\/proteccionshoppingonline.com.br\/loja\/wp-content\/uploads\/2024\/12\/MANGUEIRA-MANGOTE-01X15.png","width":500,"height":500,"caption":"MANGUEIRA MANGOTE 01X15"},{"@type":"BreadcrumbList","@id":"https:\/\/proteccionshoppingonline.com.br\/loja\/loja\/hidrantes\/mangueira-mangotinho-semirrigida\/#breadcrumb","itemListElement":[{"@type":"ListItem","position":1,"name":"Home","item":"https:\/\/proteccionshoppingonline.com.br\/loja\/"},{"@type":"ListItem","position":2,"name":"Produtos","item":"https:\/\/proteccionshoppingonline.com.br\/loja\/cart-2\/"},{"@type":"ListItem","position":3,"name":"Mangueira Mangotinho 1&#8243; x 15cm"}]},{"@type":"WebSite","@id":"https:\/\/proteccionshoppingonline.com.br\/loja\/#website","url":"https:\/\/proteccionshoppingonline.com.br\/loja\/","name":"Protecci\u00f3n Shopping On Line | Seguran\u00e7a contra Inc\u00eandios","description":"Seguran\u00e7a contra Inc\u00eandios","publisher":{"@id":"https:\/\/proteccionshoppingonline.com.br\/loja\/#organization"},"potentialAction":[{"@type":"SearchAction","target":{"@type":"EntryPoint","urlTemplate":"https:\/\/proteccionshoppingonline.com.br\/loja\/?s={search_term_string}"},"query-input":{"@type":"PropertyValueSpecification","valueRequired":true,"valueName":"search_term_string"}}],"inLanguage":"pt-BR"},{"@type":"Organization","@id":"https:\/\/proteccionshoppingonline.com.br\/loja\/#organization","name":"Protecci\u00f3n Shopping On Line","url":"https:\/\/proteccionshoppingonline.com.br\/loja\/","logo":{"@type":"ImageObject","inLanguage":"pt-BR","@id":"https:\/\/proteccionshoppingonline.com.br\/loja\/#\/schema\/logo\/image\/","url":"https:\/\/proteccionshoppingonline.com.br\/loja\/wp-content\/uploads\/2024\/01\/Proteccion-Shopping-On-Line-Logo-Nova.png","contentUrl":"https:\/\/proteccionshoppingonline.com.br\/loja\/wp-content\/uploads\/2024\/01\/Proteccion-Shopping-On-Line-Logo-Nova.png","width":2000,"height":600,"caption":"Protecci\u00f3n Shopping On Line"},"image":{"@id":"https:\/\/proteccionshoppingonline.com.br\/loja\/#\/schema\/logo\/image\/"}}]}},"_links":{"self":[{"href":"https:\/\/proteccionshoppingonline.com.br\/loja\/wp-json\/wp\/v2\/product\/17042","targetHints":{"allow":["GET"]}}],"collection":[{"href":"https:\/\/proteccionshoppingonline.com.br\/loja\/wp-json\/wp\/v2\/product"}],"about":[{"href":"https:\/\/proteccionshoppingonline.com.br\/loja\/wp-json\/wp\/v2\/types\/product"}],"version-history":[{"count":6,"href":"https:\/\/proteccionshoppingonline.com.br\/loja\/wp-json\/wp\/v2\/product\/17042\/revisions"}],"predecessor-version":[{"id":17049,"href":"https:\/\/proteccionshoppingonline.com.br\/loja\/wp-json\/wp\/v2\/product\/17042\/revisions\/17049"}],"wp:featuredmedia":[{"embeddable":true,"href":"https:\/\/proteccionshoppingonline.com.br\/loja\/wp-json\/wp\/v2\/media\/17043"}],"wp:attachment":[{"href":"https:\/\/proteccionshoppingonline.com.br\/loja\/wp-json\/wp\/v2\/media?parent=17042"}],"wp:term":[{"taxonomy":"product_brand","embeddable":true,"href":"https:\/\/proteccionshoppingonline.com.br\/loja\/wp-json\/wp\/v2\/product_brand?post=17042"},{"taxonomy":"product_cat","embeddable":true,"href":"https:\/\/proteccionshoppingonline.com.br\/loja\/wp-json\/wp\/v2\/product_cat?post=17042"},{"taxonomy":"product_tag","embeddable":true,"href":"https:\/\/proteccionshoppingonline.com.br\/loja\/wp-json\/wp\/v2\/product_tag?post=17042"}],"curies":[{"name":"wp","href":"https:\/\/api.w.org\/{rel}","templated":true}]}}