{"id":17038,"date":"2024-12-09T21:41:15","date_gmt":"2024-12-09T21:41:15","guid":{"rendered":"https:\/\/proteccionshoppingonline.com.br\/loja\/?post_type=product&#038;p=17038"},"modified":"2025-02-20T16:44:57","modified_gmt":"2025-02-20T19:44:57","slug":"carretel-para-mangotinho","status":"publish","type":"product","link":"https:\/\/proteccionshoppingonline.com.br\/loja\/loja\/hidrantes\/carretel-para-mangotinho\/","title":{"rendered":"Carretel para Mangotinho Sem Mangueira"},"content":{"rendered":"<h1 style=\"text-align: center;\">Carretel para Mangotinho<\/h1>\n<p>&nbsp;<\/p>\n<h4 style=\"text-align: left;\">Carretel para Mangotinho<\/h4>\n<p>O <strong>Carretel para Mangotinho<\/strong> \u00e9 utilizado em sistemas hidr\u00e1ulicos de combate a inc\u00eandios. Possui um bra\u00e7o articulado para fixa\u00e7\u00e3o na parede que possibilita um giro de 180\u00b0.<\/p>\n<p>De f\u00e1cil instala\u00e7\u00e3o e manuten\u00e7\u00e3o, o seu manuseio \u00e9 simplificado, bastando uma \u00fanica pessoa para oper\u00e1-lo. Aplicado em sistemas fixos, como pr\u00e9dios, Centro Empresariais, Shopping Centers, Ind\u00fastrias em geral e Corpo de Bombeiro. A sua press\u00e3o de trabalho m\u00e1xima de 21kgf\/cm. Atendendo a norma EN 694B, conforme item 5.7.3.2 da NBR 13714 e IT 22 do Corpo de Bombeiros do Estado de S\u00e3o Paulo.<\/p>\n<p>O Carretel pode ser basculante 180, possibilitando movimenta\u00e7\u00e3o em todas as dire\u00e7\u00f5es sem necessidade de guia para mangueira. Constru\u00eddo com materiais de alta qualidade, como a\u00e7o galvanizado e pintura eletrost\u00e1tica em p\u00f3, o carretel basculante mangotinho garante durabilidade e resist\u00eancia.<\/p>\n<p><strong>CARACTER\u00cdSTICAS T\u00c9CNICAS<\/strong><\/p>\n<p>\u25aa Discos fabricados em a\u00e7o galvanizado;<br \/>\n\u25aa Pintura eletrost\u00e1tica em p\u00f3 na cor vermelha;<br \/>\n\u25aa Press\u00e3o de Trabalho: 12,5 kgf\/cm\u00b2.<\/p>\n<p>&nbsp;<\/p>\n<p>&nbsp;<\/p>\n<p>Temos centenas de produtos dispon\u00edveis, a fim de atender suas necessidades!<\/p>\n<p>Consulte-nos para mais detalhes, com a finalidade de sanar suas d\u00favidas!<\/p>\n<p>Atendimento em suma de segunda \u00e0 sexta das 08 \u2013 12 e 13 \u2013 17hs.<\/p>\n<p>&nbsp;<\/p>\n<p>Consultar\u00a0<a href=\"http:\/\/www.engenharia.proteccionshoppingonline.com.br\/\">Proteccion Engenharia<\/a><\/p>\n<p>Consultar\u00a0<a href=\"https:\/\/proteccionshoppingonline.com.br\/loja\/catalogos-it-normas\/\">CA \u2013 Normas<\/a><\/p>\n<h2><\/h2>\n","protected":false},"excerpt":{"rendered":"<p>Carretel para Mangotinho \u00e9 utilizado em sistemas hidr\u00e1ulicos de combate a inc\u00eandios. Possui um bra\u00e7o articulado para fixa\u00e7\u00e3o na parede.<\/p>\n","protected":false},"featured_media":17039,"template":"","meta":{"_seopress_robots_primary_cat":"none","_seopress_titles_title":"Carretel para Mangotinho","_seopress_titles_desc":"Carretel para Mangotinho \u00e9 utilizado em sistemas hidr\u00e1ulicos de combate a inc\u00eandios. Possui um bra\u00e7o articulado para fixa\u00e7\u00e3o na parede.","_seopress_robots_index":""},"product_brand":[],"product_cat":[66],"product_tag":[429,413,430,433,435,432],"class_list":{"0":"post-17038","1":"product","2":"type-product","3":"status-publish","4":"has-post-thumbnail","6":"product_cat-hidrantes","7":"product_tag-abrigo-de-extintor-em-inox-80x30x20","8":"product_tag-abrigo-de-hidrante-90x60x17-embutir","9":"product_tag-acrilico-para-hidrante-21x21","10":"product_tag-mangueira-hidrante-tipo-2-1-1-2-15mt-industrial","11":"product_tag-mangueira-hidrante-tipo-2-2-1-2-15mt-industrial","12":"product_tag-suporte-extintor-incendio-tripe","14":"first","15":"onbackorder","16":"shipping-taxable","17":"product-type-simple"},"yoast_head":"<!-- This site is optimized with the Yoast SEO plugin v27.2 - https:\/\/yoast.com\/product\/yoast-seo-wordpress\/ -->\n<title>Carretel para Mangotinho Sem Mangueira - Protecci\u00f3n<\/title>\n<meta name=\"description\" content=\"O Carretel para Mangotinho \u00e9 utilizado em sistemas hidr\u00e1ulicos de combate a inc\u00eandios. Possui um bra\u00e7o articulado para fixa\u00e7\u00e3o na parede.\" \/>\n<meta name=\"robots\" content=\"index, follow, max-snippet:-1, max-image-preview:large, max-video-preview:-1\" \/>\n<link rel=\"canonical\" href=\"https:\/\/proteccionshoppingonline.com.br\/loja\/loja\/hidrantes\/carretel-para-mangotinho\/\" \/>\n<meta property=\"og:locale\" content=\"pt_BR\" \/>\n<meta property=\"og:type\" content=\"article\" \/>\n<meta property=\"og:title\" content=\"Carretel para Mangotinho Sem Mangueira - Protecci\u00f3n\" \/>\n<meta property=\"og:description\" content=\"O Carretel para Mangotinho \u00e9 utilizado em sistemas hidr\u00e1ulicos de combate a inc\u00eandios. Possui um bra\u00e7o articulado para fixa\u00e7\u00e3o na parede.\" \/>\n<meta property=\"og:url\" content=\"https:\/\/proteccionshoppingonline.com.br\/loja\/loja\/hidrantes\/carretel-para-mangotinho\/\" \/>\n<meta property=\"og:site_name\" content=\"Protecci\u00f3n\" \/>\n<meta property=\"article:modified_time\" content=\"2025-02-20T19:44:57+00:00\" \/>\n<meta property=\"og:image\" content=\"https:\/\/proteccionshoppingonline.com.br\/loja\/wp-content\/uploads\/2024\/12\/CARRETEL-PARA-MANGOTINHO.png\" \/>\n\t<meta property=\"og:image:width\" content=\"500\" \/>\n\t<meta property=\"og:image:height\" content=\"500\" \/>\n\t<meta property=\"og:image:type\" content=\"image\/png\" \/>\n<meta name=\"twitter:card\" content=\"summary_large_image\" \/>\n<meta name=\"twitter:label1\" content=\"Est. tempo de leitura\" \/>\n\t<meta name=\"twitter:data1\" content=\"2 minutos\" \/>\n<script type=\"application\/ld+json\" class=\"yoast-schema-graph\">{\"@context\":\"https:\/\/schema.org\",\"@graph\":[{\"@type\":\"WebPage\",\"@id\":\"https:\/\/proteccionshoppingonline.com.br\/loja\/loja\/hidrantes\/carretel-para-mangotinho\/\",\"url\":\"https:\/\/proteccionshoppingonline.com.br\/loja\/loja\/hidrantes\/carretel-para-mangotinho\/\",\"name\":\"Carretel para Mangotinho Sem Mangueira - Protecci\u00f3n\",\"isPartOf\":{\"@id\":\"https:\/\/proteccionshoppingonline.com.br\/loja\/#website\"},\"primaryImageOfPage\":{\"@id\":\"https:\/\/proteccionshoppingonline.com.br\/loja\/loja\/hidrantes\/carretel-para-mangotinho\/#primaryimage\"},\"image\":{\"@id\":\"https:\/\/proteccionshoppingonline.com.br\/loja\/loja\/hidrantes\/carretel-para-mangotinho\/#primaryimage\"},\"thumbnailUrl\":\"https:\/\/proteccionshoppingonline.com.br\/loja\/wp-content\/uploads\/2024\/12\/CARRETEL-PARA-MANGOTINHO.png\",\"datePublished\":\"2024-12-09T21:41:15+00:00\",\"dateModified\":\"2025-02-20T19:44:57+00:00\",\"description\":\"O Carretel para Mangotinho \u00e9 utilizado em sistemas hidr\u00e1ulicos de combate a inc\u00eandios. Possui um bra\u00e7o articulado para fixa\u00e7\u00e3o na parede.\",\"breadcrumb\":{\"@id\":\"https:\/\/proteccionshoppingonline.com.br\/loja\/loja\/hidrantes\/carretel-para-mangotinho\/#breadcrumb\"},\"inLanguage\":\"pt-BR\",\"potentialAction\":[{\"@type\":\"ReadAction\",\"target\":[\"https:\/\/proteccionshoppingonline.com.br\/loja\/loja\/hidrantes\/carretel-para-mangotinho\/\"]}]},{\"@type\":\"ImageObject\",\"inLanguage\":\"pt-BR\",\"@id\":\"https:\/\/proteccionshoppingonline.com.br\/loja\/loja\/hidrantes\/carretel-para-mangotinho\/#primaryimage\",\"url\":\"https:\/\/proteccionshoppingonline.com.br\/loja\/wp-content\/uploads\/2024\/12\/CARRETEL-PARA-MANGOTINHO.png\",\"contentUrl\":\"https:\/\/proteccionshoppingonline.com.br\/loja\/wp-content\/uploads\/2024\/12\/CARRETEL-PARA-MANGOTINHO.png\",\"width\":500,\"height\":500,\"caption\":\"CARRETEL PARA MANGOTINHO\"},{\"@type\":\"BreadcrumbList\",\"@id\":\"https:\/\/proteccionshoppingonline.com.br\/loja\/loja\/hidrantes\/carretel-para-mangotinho\/#breadcrumb\",\"itemListElement\":[{\"@type\":\"ListItem\",\"position\":1,\"name\":\"Home\",\"item\":\"https:\/\/proteccionshoppingonline.com.br\/loja\/\"},{\"@type\":\"ListItem\",\"position\":2,\"name\":\"Produtos\",\"item\":\"https:\/\/proteccionshoppingonline.com.br\/loja\/cart-2\/\"},{\"@type\":\"ListItem\",\"position\":3,\"name\":\"Carretel para Mangotinho Sem Mangueira\"}]},{\"@type\":\"WebSite\",\"@id\":\"https:\/\/proteccionshoppingonline.com.br\/loja\/#website\",\"url\":\"https:\/\/proteccionshoppingonline.com.br\/loja\/\",\"name\":\"Protecci\u00f3n Shopping On Line | Seguran\u00e7a contra Inc\u00eandios\",\"description\":\"Seguran\u00e7a contra Inc\u00eandios\",\"publisher\":{\"@id\":\"https:\/\/proteccionshoppingonline.com.br\/loja\/#organization\"},\"potentialAction\":[{\"@type\":\"SearchAction\",\"target\":{\"@type\":\"EntryPoint\",\"urlTemplate\":\"https:\/\/proteccionshoppingonline.com.br\/loja\/?s={search_term_string}\"},\"query-input\":{\"@type\":\"PropertyValueSpecification\",\"valueRequired\":true,\"valueName\":\"search_term_string\"}}],\"inLanguage\":\"pt-BR\"},{\"@type\":\"Organization\",\"@id\":\"https:\/\/proteccionshoppingonline.com.br\/loja\/#organization\",\"name\":\"Protecci\u00f3n Shopping On Line\",\"url\":\"https:\/\/proteccionshoppingonline.com.br\/loja\/\",\"logo\":{\"@type\":\"ImageObject\",\"inLanguage\":\"pt-BR\",\"@id\":\"https:\/\/proteccionshoppingonline.com.br\/loja\/#\/schema\/logo\/image\/\",\"url\":\"https:\/\/proteccionshoppingonline.com.br\/loja\/wp-content\/uploads\/2024\/01\/Proteccion-Shopping-On-Line-Logo-Nova.png\",\"contentUrl\":\"https:\/\/proteccionshoppingonline.com.br\/loja\/wp-content\/uploads\/2024\/01\/Proteccion-Shopping-On-Line-Logo-Nova.png\",\"width\":2000,\"height\":600,\"caption\":\"Protecci\u00f3n Shopping On Line\"},\"image\":{\"@id\":\"https:\/\/proteccionshoppingonline.com.br\/loja\/#\/schema\/logo\/image\/\"}}]}<\/script>\n<!-- \/ Yoast SEO plugin. -->","yoast_head_json":{"title":"Carretel para Mangotinho Sem Mangueira - Protecci\u00f3n","description":"O Carretel para Mangotinho \u00e9 utilizado em sistemas hidr\u00e1ulicos de combate a inc\u00eandios. Possui um bra\u00e7o articulado para fixa\u00e7\u00e3o na parede.","robots":{"index":"index","follow":"follow","max-snippet":"max-snippet:-1","max-image-preview":"max-image-preview:large","max-video-preview":"max-video-preview:-1"},"canonical":"https:\/\/proteccionshoppingonline.com.br\/loja\/loja\/hidrantes\/carretel-para-mangotinho\/","og_locale":"pt_BR","og_type":"article","og_title":"Carretel para Mangotinho Sem Mangueira - Protecci\u00f3n","og_description":"O Carretel para Mangotinho \u00e9 utilizado em sistemas hidr\u00e1ulicos de combate a inc\u00eandios. Possui um bra\u00e7o articulado para fixa\u00e7\u00e3o na parede.","og_url":"https:\/\/proteccionshoppingonline.com.br\/loja\/loja\/hidrantes\/carretel-para-mangotinho\/","og_site_name":"Protecci\u00f3n","article_modified_time":"2025-02-20T19:44:57+00:00","og_image":[{"width":500,"height":500,"url":"https:\/\/proteccionshoppingonline.com.br\/loja\/wp-content\/uploads\/2024\/12\/CARRETEL-PARA-MANGOTINHO.png","type":"image\/png"}],"twitter_card":"summary_large_image","twitter_misc":{"Est. tempo de leitura":"2 minutos"},"schema":{"@context":"https:\/\/schema.org","@graph":[{"@type":"WebPage","@id":"https:\/\/proteccionshoppingonline.com.br\/loja\/loja\/hidrantes\/carretel-para-mangotinho\/","url":"https:\/\/proteccionshoppingonline.com.br\/loja\/loja\/hidrantes\/carretel-para-mangotinho\/","name":"Carretel para Mangotinho Sem Mangueira - Protecci\u00f3n","isPartOf":{"@id":"https:\/\/proteccionshoppingonline.com.br\/loja\/#website"},"primaryImageOfPage":{"@id":"https:\/\/proteccionshoppingonline.com.br\/loja\/loja\/hidrantes\/carretel-para-mangotinho\/#primaryimage"},"image":{"@id":"https:\/\/proteccionshoppingonline.com.br\/loja\/loja\/hidrantes\/carretel-para-mangotinho\/#primaryimage"},"thumbnailUrl":"https:\/\/proteccionshoppingonline.com.br\/loja\/wp-content\/uploads\/2024\/12\/CARRETEL-PARA-MANGOTINHO.png","datePublished":"2024-12-09T21:41:15+00:00","dateModified":"2025-02-20T19:44:57+00:00","description":"O Carretel para Mangotinho \u00e9 utilizado em sistemas hidr\u00e1ulicos de combate a inc\u00eandios. Possui um bra\u00e7o articulado para fixa\u00e7\u00e3o na parede.","breadcrumb":{"@id":"https:\/\/proteccionshoppingonline.com.br\/loja\/loja\/hidrantes\/carretel-para-mangotinho\/#breadcrumb"},"inLanguage":"pt-BR","potentialAction":[{"@type":"ReadAction","target":["https:\/\/proteccionshoppingonline.com.br\/loja\/loja\/hidrantes\/carretel-para-mangotinho\/"]}]},{"@type":"ImageObject","inLanguage":"pt-BR","@id":"https:\/\/proteccionshoppingonline.com.br\/loja\/loja\/hidrantes\/carretel-para-mangotinho\/#primaryimage","url":"https:\/\/proteccionshoppingonline.com.br\/loja\/wp-content\/uploads\/2024\/12\/CARRETEL-PARA-MANGOTINHO.png","contentUrl":"https:\/\/proteccionshoppingonline.com.br\/loja\/wp-content\/uploads\/2024\/12\/CARRETEL-PARA-MANGOTINHO.png","width":500,"height":500,"caption":"CARRETEL PARA MANGOTINHO"},{"@type":"BreadcrumbList","@id":"https:\/\/proteccionshoppingonline.com.br\/loja\/loja\/hidrantes\/carretel-para-mangotinho\/#breadcrumb","itemListElement":[{"@type":"ListItem","position":1,"name":"Home","item":"https:\/\/proteccionshoppingonline.com.br\/loja\/"},{"@type":"ListItem","position":2,"name":"Produtos","item":"https:\/\/proteccionshoppingonline.com.br\/loja\/cart-2\/"},{"@type":"ListItem","position":3,"name":"Carretel para Mangotinho Sem Mangueira"}]},{"@type":"WebSite","@id":"https:\/\/proteccionshoppingonline.com.br\/loja\/#website","url":"https:\/\/proteccionshoppingonline.com.br\/loja\/","name":"Protecci\u00f3n Shopping On Line | Seguran\u00e7a contra Inc\u00eandios","description":"Seguran\u00e7a contra Inc\u00eandios","publisher":{"@id":"https:\/\/proteccionshoppingonline.com.br\/loja\/#organization"},"potentialAction":[{"@type":"SearchAction","target":{"@type":"EntryPoint","urlTemplate":"https:\/\/proteccionshoppingonline.com.br\/loja\/?s={search_term_string}"},"query-input":{"@type":"PropertyValueSpecification","valueRequired":true,"valueName":"search_term_string"}}],"inLanguage":"pt-BR"},{"@type":"Organization","@id":"https:\/\/proteccionshoppingonline.com.br\/loja\/#organization","name":"Protecci\u00f3n Shopping On Line","url":"https:\/\/proteccionshoppingonline.com.br\/loja\/","logo":{"@type":"ImageObject","inLanguage":"pt-BR","@id":"https:\/\/proteccionshoppingonline.com.br\/loja\/#\/schema\/logo\/image\/","url":"https:\/\/proteccionshoppingonline.com.br\/loja\/wp-content\/uploads\/2024\/01\/Proteccion-Shopping-On-Line-Logo-Nova.png","contentUrl":"https:\/\/proteccionshoppingonline.com.br\/loja\/wp-content\/uploads\/2024\/01\/Proteccion-Shopping-On-Line-Logo-Nova.png","width":2000,"height":600,"caption":"Protecci\u00f3n Shopping On Line"},"image":{"@id":"https:\/\/proteccionshoppingonline.com.br\/loja\/#\/schema\/logo\/image\/"}}]}},"_links":{"self":[{"href":"https:\/\/proteccionshoppingonline.com.br\/loja\/wp-json\/wp\/v2\/product\/17038","targetHints":{"allow":["GET"]}}],"collection":[{"href":"https:\/\/proteccionshoppingonline.com.br\/loja\/wp-json\/wp\/v2\/product"}],"about":[{"href":"https:\/\/proteccionshoppingonline.com.br\/loja\/wp-json\/wp\/v2\/types\/product"}],"version-history":[{"count":3,"href":"https:\/\/proteccionshoppingonline.com.br\/loja\/wp-json\/wp\/v2\/product\/17038\/revisions"}],"predecessor-version":[{"id":18258,"href":"https:\/\/proteccionshoppingonline.com.br\/loja\/wp-json\/wp\/v2\/product\/17038\/revisions\/18258"}],"wp:featuredmedia":[{"embeddable":true,"href":"https:\/\/proteccionshoppingonline.com.br\/loja\/wp-json\/wp\/v2\/media\/17039"}],"wp:attachment":[{"href":"https:\/\/proteccionshoppingonline.com.br\/loja\/wp-json\/wp\/v2\/media?parent=17038"}],"wp:term":[{"taxonomy":"product_brand","embeddable":true,"href":"https:\/\/proteccionshoppingonline.com.br\/loja\/wp-json\/wp\/v2\/product_brand?post=17038"},{"taxonomy":"product_cat","embeddable":true,"href":"https:\/\/proteccionshoppingonline.com.br\/loja\/wp-json\/wp\/v2\/product_cat?post=17038"},{"taxonomy":"product_tag","embeddable":true,"href":"https:\/\/proteccionshoppingonline.com.br\/loja\/wp-json\/wp\/v2\/product_tag?post=17038"}],"curies":[{"name":"wp","href":"https:\/\/api.w.org\/{rel}","templated":true}]}}