{"id":16998,"date":"2024-12-06T22:38:37","date_gmt":"2024-12-06T22:38:37","guid":{"rendered":"https:\/\/proteccionshoppingonline.com.br\/loja\/?post_type=product&#038;p=16998"},"modified":"2024-12-06T22:48:49","modified_gmt":"2024-12-06T22:48:49","slug":"extintor-de-espuma-mecanica-10kg","status":"publish","type":"product","link":"https:\/\/proteccionshoppingonline.com.br\/loja\/loja\/extintores\/extintor-de-espuma-mecanica-10kg\/","title":{"rendered":"Extintor de Espuma Mec\u00e2nica &#8211; 10 litros"},"content":{"rendered":"<h1 style=\"text-align: center;\">Extintor de Espuma Mec\u00e2nica &#8211; 10 litros<\/h1>\n<p>&nbsp;<\/p>\n<p>&nbsp;<\/p>\n<p>O <strong>Extintor de Espuma Mec\u00e2nica &#8211; 10Kg &#8211; <\/strong>O extintor de espuma mec\u00e2nica\u00a0\u00e9 um dispositivo essencial para combater inc\u00eandios de classe A e B. Ele \u00e9 projetado para conter chamas causadas por materiais s\u00f3lidos inflam\u00e1veis, como papel e madeira (classe A), e l\u00edquidos inflam\u00e1veis, como \u00f3leo e gasolina (classe B).<\/p>\n<p>&nbsp;<\/p>\n<div id=\"aligner\">\n<div id=\"buttons\" class=\"\">\n<div id=\"icon\">\n<div id=\"maskedImage\">\n<div id=\"aligner\">\n<div id=\"buttons\" class=\"\">\n<div id=\"icon\">\n<div id=\"maskedImage\"><strong style=\"font-size: 22px; letter-spacing: 1px; word-spacing: 0.5px;\">Principais Aplica\u00e7\u00f5es<\/strong><\/div>\n<\/div>\n<\/div>\n<\/div>\n<p>Indicado para combater as classes de inc\u00eandio tipo B e C:<\/p>\n<p>&nbsp;<\/p>\n<ul data-hveid=\"CBQQAQ\" data-ved=\"2ahUKEwjd44a4opOKAxXrLrkGHQmGPCoQm_YKegQIFBAB\">\n<li><strong>Classe B<\/strong>:\u00a0L\u00edquidos inflam\u00e1veis, como gasolina<span class=\"UV3uM\">\u00a0<\/span>\n<div class=\"NPrrbc\" data-cid=\"9b31dc1c-7007-4bb6-8bcb-6dabd17c4f1b\">\n<div class=\"BMebGe btku5b fCrZyc LwdV0e FR7ZSc OJeuxf\" tabindex=\"0\" role=\"button\" aria-label=\"Mostrar links relacionados\" data-hveid=\"CBIQAQ\" data-ved=\"2ahUKEwjd44a4opOKAxXrLrkGHQmGPCoQ3fYKegQIEhAB\"><\/div>\n<\/div>\n<\/li>\n<li><strong>Classe C<\/strong>:\u00a0Equipamentos el\u00e9tricos energizados<\/li>\n<\/ul>\n<\/div>\n<\/div>\n<\/div>\n<h2><\/h2>\n<h2><strong style=\"font-size: 22px; letter-spacing: 1px; word-spacing: 0.5px;\"><br \/>\nCaracter\u00edsticas T\u00e9cnicas<\/strong><\/h2>\n<ul>\n<li>Capacidade Extintora: 2A &#8211; 10B<br \/>\nMaterial: Espuma Mec\u00e2nica<br \/>\nCarga: 10 litros<br \/>\nPressuriza\u00e7\u00e3o: Direta<br \/>\nTempo de Descarga: 5 Seg.<br \/>\nNorma: \u00a0NBR 15808<\/li>\n<li>Validade de Carga: 1 ano<\/li>\n<\/ul>\n<div id=\"buttons\" class=\"\">\n<div id=\"icon\">\n<div id=\"maskedImage\">\n<h2><strong style=\"font-size: 22px; letter-spacing: 1px; word-spacing: 0.5px;\">Orienta\u00e7\u00e3o T\u00e9cnica<\/strong><\/h2>\n<p>Quando o extintor completar 1 (um) ano de fabrica\u00e7\u00e3o, deve se fazer a manuten\u00e7\u00e3o para avaliar se \u00e9<br \/>\nnecess\u00e1ria a troca do agente extintor e seus componentes, conforme a necessidade.<br \/>\nSempre \u00e9 necess\u00e1rio fazer a inspe\u00e7\u00e3o t\u00e9cnica, que consiste em examinar periodicamente o extintor com<br \/>\na finalidade de verificar se o mesmo permanece em condi\u00e7\u00f5es de uso, quanto ao seu aspecto e componentes externos.<\/p>\n<p>&nbsp;<\/p>\n<p>Entrega limitada por quantidades, entre em contato afinal e fa\u00e7a sua cota\u00e7\u00e3o!<\/p>\n<p>&nbsp;<\/p>\n<p>Temos centenas de produtos dispon\u00edveis, a fim de atender suas necessidades!<\/p>\n<p>Consulte-nos para mais detalhes, com a finalidade de sanar suas d\u00favidas!<\/p>\n<p>Atendimento em suma de seg \u00e0 sexta das 08 &#8211; 12 e 13 &#8211; 17hs.<\/p>\n<p>&nbsp;<\/p>\n<p>Consultar\u00a0<a href=\"http:\/\/www.engenharia.proteccionshoppingonline.com.br\/\">Proteccion Engenharia<\/a><\/p>\n<p>Consultar\u00a0<a href=\"https:\/\/proteccionshoppingonline.com.br\/loja\/catalogos-it-normas\/\">CA \u2013 Normas<\/a><\/p>\n<\/div>\n<\/div>\n<\/div>\n<\/div>\n","protected":false},"excerpt":{"rendered":"<p style=\"text-align: left;\">Extintor de espuma mec\u00e2nica. Indicado para inc\u00eandios de: Classe B (l\u00edquidos inflam\u00e1veis) e classe C (equipamentos eletr\u00f4nicos).<\/p>\n","protected":false},"featured_media":16999,"template":"","meta":{"_seopress_robots_primary_cat":"465","_seopress_titles_title":"Extintor de Espuma Mec\u00e2nica - 10 litros","_seopress_titles_desc":"Extintor de espuma mec\u00e2nica. Indicado para inc\u00eandios de: Classe B (l\u00edquidos inflam\u00e1veis) e classe C (equipamentos eletr\u00f4nicos).","_seopress_robots_index":""},"product_brand":[],"product_cat":[465],"product_tag":[427,430,301,431],"class_list":{"0":"post-16998","1":"product","2":"type-product","3":"status-publish","4":"has-post-thumbnail","6":"product_cat-extintores","7":"product_tag-abrigo-de-extintor-para-embutir-85x40x30","8":"product_tag-acrilico-para-hidrante-21x21","9":"product_tag-placa-extintor-agua-fotoluminescente","10":"product_tag-suporte-de-extintor-solo-de-fibra-de-vidro","11":"product_shipping_class-correios","13":"first","14":"onbackorder","15":"shipping-taxable","16":"product-type-simple"},"yoast_head":"<!-- This site is optimized with the Yoast SEO plugin v27.2 - https:\/\/yoast.com\/product\/yoast-seo-wordpress\/ -->\n<title>Extintor de Espuma Mec\u00e2nica - 10 litros - Proteccion Shopping<\/title>\n<meta name=\"description\" content=\"Extintor de espuma mec\u00e2nica. Indicado para inc\u00eandios de: Classe B (l\u00edquidos inflam\u00e1veis) e classe C (equipamentos eletr\u00f4nicos).\" \/>\n<meta name=\"robots\" content=\"index, follow, max-snippet:-1, max-image-preview:large, max-video-preview:-1\" \/>\n<link rel=\"canonical\" href=\"https:\/\/proteccionshoppingonline.com.br\/loja\/loja\/extintores\/extintor-de-espuma-mecanica-10kg\/\" \/>\n<meta property=\"og:locale\" content=\"pt_BR\" \/>\n<meta property=\"og:type\" content=\"article\" \/>\n<meta property=\"og:title\" content=\"Extintor de Espuma Mec\u00e2nica - 10 litros - Proteccion Shopping\" \/>\n<meta property=\"og:description\" content=\"Extintor de espuma mec\u00e2nica. Indicado para inc\u00eandios de: Classe B (l\u00edquidos inflam\u00e1veis) e classe C (equipamentos eletr\u00f4nicos).\" \/>\n<meta property=\"og:url\" content=\"https:\/\/proteccionshoppingonline.com.br\/loja\/loja\/extintores\/extintor-de-espuma-mecanica-10kg\/\" \/>\n<meta property=\"og:site_name\" content=\"Protecci\u00f3n\" \/>\n<meta property=\"article:modified_time\" content=\"2024-12-06T22:48:49+00:00\" \/>\n<meta property=\"og:image\" content=\"https:\/\/proteccionshoppingonline.com.br\/loja\/wp-content\/uploads\/2024\/12\/Espuma-Mecanica-10L.png\" \/>\n\t<meta property=\"og:image:width\" content=\"500\" \/>\n\t<meta property=\"og:image:height\" content=\"500\" \/>\n\t<meta property=\"og:image:type\" content=\"image\/png\" \/>\n<meta name=\"twitter:card\" content=\"summary_large_image\" \/>\n<meta name=\"twitter:label1\" content=\"Est. tempo de leitura\" \/>\n\t<meta name=\"twitter:data1\" content=\"2 minutos\" \/>\n<script type=\"application\/ld+json\" class=\"yoast-schema-graph\">{\"@context\":\"https:\/\/schema.org\",\"@graph\":[{\"@type\":\"WebPage\",\"@id\":\"https:\/\/proteccionshoppingonline.com.br\/loja\/loja\/extintores\/extintor-de-espuma-mecanica-10kg\/\",\"url\":\"https:\/\/proteccionshoppingonline.com.br\/loja\/loja\/extintores\/extintor-de-espuma-mecanica-10kg\/\",\"name\":\"Extintor de Espuma Mec\u00e2nica - 10 litros - Proteccion Shopping\",\"isPartOf\":{\"@id\":\"https:\/\/proteccionshoppingonline.com.br\/loja\/#website\"},\"primaryImageOfPage\":{\"@id\":\"https:\/\/proteccionshoppingonline.com.br\/loja\/loja\/extintores\/extintor-de-espuma-mecanica-10kg\/#primaryimage\"},\"image\":{\"@id\":\"https:\/\/proteccionshoppingonline.com.br\/loja\/loja\/extintores\/extintor-de-espuma-mecanica-10kg\/#primaryimage\"},\"thumbnailUrl\":\"https:\/\/proteccionshoppingonline.com.br\/loja\/wp-content\/uploads\/2024\/12\/Espuma-Mecanica-10L.png\",\"datePublished\":\"2024-12-06T22:38:37+00:00\",\"dateModified\":\"2024-12-06T22:48:49+00:00\",\"description\":\"Extintor de espuma mec\u00e2nica. Indicado para inc\u00eandios de: Classe B (l\u00edquidos inflam\u00e1veis) e classe C (equipamentos eletr\u00f4nicos).\",\"breadcrumb\":{\"@id\":\"https:\/\/proteccionshoppingonline.com.br\/loja\/loja\/extintores\/extintor-de-espuma-mecanica-10kg\/#breadcrumb\"},\"inLanguage\":\"pt-BR\",\"potentialAction\":[{\"@type\":\"ReadAction\",\"target\":[\"https:\/\/proteccionshoppingonline.com.br\/loja\/loja\/extintores\/extintor-de-espuma-mecanica-10kg\/\"]}]},{\"@type\":\"ImageObject\",\"inLanguage\":\"pt-BR\",\"@id\":\"https:\/\/proteccionshoppingonline.com.br\/loja\/loja\/extintores\/extintor-de-espuma-mecanica-10kg\/#primaryimage\",\"url\":\"https:\/\/proteccionshoppingonline.com.br\/loja\/wp-content\/uploads\/2024\/12\/Espuma-Mecanica-10L.png\",\"contentUrl\":\"https:\/\/proteccionshoppingonline.com.br\/loja\/wp-content\/uploads\/2024\/12\/Espuma-Mecanica-10L.png\",\"width\":500,\"height\":500,\"caption\":\"Espuma Mec\u00e2nica - 10L\"},{\"@type\":\"BreadcrumbList\",\"@id\":\"https:\/\/proteccionshoppingonline.com.br\/loja\/loja\/extintores\/extintor-de-espuma-mecanica-10kg\/#breadcrumb\",\"itemListElement\":[{\"@type\":\"ListItem\",\"position\":1,\"name\":\"Home\",\"item\":\"https:\/\/proteccionshoppingonline.com.br\/loja\/\"},{\"@type\":\"ListItem\",\"position\":2,\"name\":\"Produtos\",\"item\":\"https:\/\/proteccionshoppingonline.com.br\/loja\/cart-2\/\"},{\"@type\":\"ListItem\",\"position\":3,\"name\":\"Extintor de Espuma Mec\u00e2nica &#8211; 10 litros\"}]},{\"@type\":\"WebSite\",\"@id\":\"https:\/\/proteccionshoppingonline.com.br\/loja\/#website\",\"url\":\"https:\/\/proteccionshoppingonline.com.br\/loja\/\",\"name\":\"Protecci\u00f3n Shopping On Line | Seguran\u00e7a contra Inc\u00eandios\",\"description\":\"Seguran\u00e7a contra Inc\u00eandios\",\"publisher\":{\"@id\":\"https:\/\/proteccionshoppingonline.com.br\/loja\/#organization\"},\"potentialAction\":[{\"@type\":\"SearchAction\",\"target\":{\"@type\":\"EntryPoint\",\"urlTemplate\":\"https:\/\/proteccionshoppingonline.com.br\/loja\/?s={search_term_string}\"},\"query-input\":{\"@type\":\"PropertyValueSpecification\",\"valueRequired\":true,\"valueName\":\"search_term_string\"}}],\"inLanguage\":\"pt-BR\"},{\"@type\":\"Organization\",\"@id\":\"https:\/\/proteccionshoppingonline.com.br\/loja\/#organization\",\"name\":\"Protecci\u00f3n Shopping On Line\",\"url\":\"https:\/\/proteccionshoppingonline.com.br\/loja\/\",\"logo\":{\"@type\":\"ImageObject\",\"inLanguage\":\"pt-BR\",\"@id\":\"https:\/\/proteccionshoppingonline.com.br\/loja\/#\/schema\/logo\/image\/\",\"url\":\"https:\/\/proteccionshoppingonline.com.br\/loja\/wp-content\/uploads\/2024\/01\/Proteccion-Shopping-On-Line-Logo-Nova.png\",\"contentUrl\":\"https:\/\/proteccionshoppingonline.com.br\/loja\/wp-content\/uploads\/2024\/01\/Proteccion-Shopping-On-Line-Logo-Nova.png\",\"width\":2000,\"height\":600,\"caption\":\"Protecci\u00f3n Shopping On Line\"},\"image\":{\"@id\":\"https:\/\/proteccionshoppingonline.com.br\/loja\/#\/schema\/logo\/image\/\"}}]}<\/script>\n<!-- \/ Yoast SEO plugin. -->","yoast_head_json":{"title":"Extintor de Espuma Mec\u00e2nica - 10 litros - Proteccion Shopping","description":"Extintor de espuma mec\u00e2nica. Indicado para inc\u00eandios de: Classe B (l\u00edquidos inflam\u00e1veis) e classe C (equipamentos eletr\u00f4nicos).","robots":{"index":"index","follow":"follow","max-snippet":"max-snippet:-1","max-image-preview":"max-image-preview:large","max-video-preview":"max-video-preview:-1"},"canonical":"https:\/\/proteccionshoppingonline.com.br\/loja\/loja\/extintores\/extintor-de-espuma-mecanica-10kg\/","og_locale":"pt_BR","og_type":"article","og_title":"Extintor de Espuma Mec\u00e2nica - 10 litros - Proteccion Shopping","og_description":"Extintor de espuma mec\u00e2nica. Indicado para inc\u00eandios de: Classe B (l\u00edquidos inflam\u00e1veis) e classe C (equipamentos eletr\u00f4nicos).","og_url":"https:\/\/proteccionshoppingonline.com.br\/loja\/loja\/extintores\/extintor-de-espuma-mecanica-10kg\/","og_site_name":"Protecci\u00f3n","article_modified_time":"2024-12-06T22:48:49+00:00","og_image":[{"width":500,"height":500,"url":"https:\/\/proteccionshoppingonline.com.br\/loja\/wp-content\/uploads\/2024\/12\/Espuma-Mecanica-10L.png","type":"image\/png"}],"twitter_card":"summary_large_image","twitter_misc":{"Est. tempo de leitura":"2 minutos"},"schema":{"@context":"https:\/\/schema.org","@graph":[{"@type":"WebPage","@id":"https:\/\/proteccionshoppingonline.com.br\/loja\/loja\/extintores\/extintor-de-espuma-mecanica-10kg\/","url":"https:\/\/proteccionshoppingonline.com.br\/loja\/loja\/extintores\/extintor-de-espuma-mecanica-10kg\/","name":"Extintor de Espuma Mec\u00e2nica - 10 litros - Proteccion Shopping","isPartOf":{"@id":"https:\/\/proteccionshoppingonline.com.br\/loja\/#website"},"primaryImageOfPage":{"@id":"https:\/\/proteccionshoppingonline.com.br\/loja\/loja\/extintores\/extintor-de-espuma-mecanica-10kg\/#primaryimage"},"image":{"@id":"https:\/\/proteccionshoppingonline.com.br\/loja\/loja\/extintores\/extintor-de-espuma-mecanica-10kg\/#primaryimage"},"thumbnailUrl":"https:\/\/proteccionshoppingonline.com.br\/loja\/wp-content\/uploads\/2024\/12\/Espuma-Mecanica-10L.png","datePublished":"2024-12-06T22:38:37+00:00","dateModified":"2024-12-06T22:48:49+00:00","description":"Extintor de espuma mec\u00e2nica. Indicado para inc\u00eandios de: Classe B (l\u00edquidos inflam\u00e1veis) e classe C (equipamentos eletr\u00f4nicos).","breadcrumb":{"@id":"https:\/\/proteccionshoppingonline.com.br\/loja\/loja\/extintores\/extintor-de-espuma-mecanica-10kg\/#breadcrumb"},"inLanguage":"pt-BR","potentialAction":[{"@type":"ReadAction","target":["https:\/\/proteccionshoppingonline.com.br\/loja\/loja\/extintores\/extintor-de-espuma-mecanica-10kg\/"]}]},{"@type":"ImageObject","inLanguage":"pt-BR","@id":"https:\/\/proteccionshoppingonline.com.br\/loja\/loja\/extintores\/extintor-de-espuma-mecanica-10kg\/#primaryimage","url":"https:\/\/proteccionshoppingonline.com.br\/loja\/wp-content\/uploads\/2024\/12\/Espuma-Mecanica-10L.png","contentUrl":"https:\/\/proteccionshoppingonline.com.br\/loja\/wp-content\/uploads\/2024\/12\/Espuma-Mecanica-10L.png","width":500,"height":500,"caption":"Espuma Mec\u00e2nica - 10L"},{"@type":"BreadcrumbList","@id":"https:\/\/proteccionshoppingonline.com.br\/loja\/loja\/extintores\/extintor-de-espuma-mecanica-10kg\/#breadcrumb","itemListElement":[{"@type":"ListItem","position":1,"name":"Home","item":"https:\/\/proteccionshoppingonline.com.br\/loja\/"},{"@type":"ListItem","position":2,"name":"Produtos","item":"https:\/\/proteccionshoppingonline.com.br\/loja\/cart-2\/"},{"@type":"ListItem","position":3,"name":"Extintor de Espuma Mec\u00e2nica &#8211; 10 litros"}]},{"@type":"WebSite","@id":"https:\/\/proteccionshoppingonline.com.br\/loja\/#website","url":"https:\/\/proteccionshoppingonline.com.br\/loja\/","name":"Protecci\u00f3n Shopping On Line | Seguran\u00e7a contra Inc\u00eandios","description":"Seguran\u00e7a contra Inc\u00eandios","publisher":{"@id":"https:\/\/proteccionshoppingonline.com.br\/loja\/#organization"},"potentialAction":[{"@type":"SearchAction","target":{"@type":"EntryPoint","urlTemplate":"https:\/\/proteccionshoppingonline.com.br\/loja\/?s={search_term_string}"},"query-input":{"@type":"PropertyValueSpecification","valueRequired":true,"valueName":"search_term_string"}}],"inLanguage":"pt-BR"},{"@type":"Organization","@id":"https:\/\/proteccionshoppingonline.com.br\/loja\/#organization","name":"Protecci\u00f3n Shopping On Line","url":"https:\/\/proteccionshoppingonline.com.br\/loja\/","logo":{"@type":"ImageObject","inLanguage":"pt-BR","@id":"https:\/\/proteccionshoppingonline.com.br\/loja\/#\/schema\/logo\/image\/","url":"https:\/\/proteccionshoppingonline.com.br\/loja\/wp-content\/uploads\/2024\/01\/Proteccion-Shopping-On-Line-Logo-Nova.png","contentUrl":"https:\/\/proteccionshoppingonline.com.br\/loja\/wp-content\/uploads\/2024\/01\/Proteccion-Shopping-On-Line-Logo-Nova.png","width":2000,"height":600,"caption":"Protecci\u00f3n Shopping On Line"},"image":{"@id":"https:\/\/proteccionshoppingonline.com.br\/loja\/#\/schema\/logo\/image\/"}}]}},"_links":{"self":[{"href":"https:\/\/proteccionshoppingonline.com.br\/loja\/wp-json\/wp\/v2\/product\/16998","targetHints":{"allow":["GET"]}}],"collection":[{"href":"https:\/\/proteccionshoppingonline.com.br\/loja\/wp-json\/wp\/v2\/product"}],"about":[{"href":"https:\/\/proteccionshoppingonline.com.br\/loja\/wp-json\/wp\/v2\/types\/product"}],"version-history":[{"count":1,"href":"https:\/\/proteccionshoppingonline.com.br\/loja\/wp-json\/wp\/v2\/product\/16998\/revisions"}],"predecessor-version":[{"id":17000,"href":"https:\/\/proteccionshoppingonline.com.br\/loja\/wp-json\/wp\/v2\/product\/16998\/revisions\/17000"}],"wp:featuredmedia":[{"embeddable":true,"href":"https:\/\/proteccionshoppingonline.com.br\/loja\/wp-json\/wp\/v2\/media\/16999"}],"wp:attachment":[{"href":"https:\/\/proteccionshoppingonline.com.br\/loja\/wp-json\/wp\/v2\/media?parent=16998"}],"wp:term":[{"taxonomy":"product_brand","embeddable":true,"href":"https:\/\/proteccionshoppingonline.com.br\/loja\/wp-json\/wp\/v2\/product_brand?post=16998"},{"taxonomy":"product_cat","embeddable":true,"href":"https:\/\/proteccionshoppingonline.com.br\/loja\/wp-json\/wp\/v2\/product_cat?post=16998"},{"taxonomy":"product_tag","embeddable":true,"href":"https:\/\/proteccionshoppingonline.com.br\/loja\/wp-json\/wp\/v2\/product_tag?post=16998"}],"curies":[{"name":"wp","href":"https:\/\/api.w.org\/{rel}","templated":true}]}}