{"id":1673,"date":"2018-08-08T18:09:04","date_gmt":"2018-08-08T18:09:04","guid":{"rendered":"http:\/\/proteccionshoppingonline.com.br\/loja\/?post_type=product&#038;p=1673"},"modified":"2020-07-06T19:14:55","modified_gmt":"2020-07-06T19:14:55","slug":"luminaria-emergencia-led-lea101","status":"publish","type":"product","link":"https:\/\/proteccionshoppingonline.com.br\/loja\/loja\/luz-de-emergencia\/luminaria-emergencia-led-lea101\/","title":{"rendered":"Lumin\u00e1ria emerg\u00eancia Led LEA101"},"content":{"rendered":"<h3 style=\"text-align: center\">Lumin\u00e1ria emerg\u00eancia Led<\/h3>\n<p style=\"text-align: center\">Lumin\u00e1ria emerg\u00eancia Led LEA101<\/p>\n<p>&nbsp;<\/p>\n<p>Consultar\u00a0<a href=\"https:\/\/proteccionshoppingonline.com.br\/loja\/catalogos-it-normas\/\">CA<\/a><br \/>\nConsultar\u00a0<a href=\"http:\/\/www.engeharia.proteciononline.com.br\/\">Proteccion Engenharia<\/a><\/p>\n","protected":false},"excerpt":{"rendered":"<p>Lumin\u00e1ria emerg\u00eancia Led LEA101<\/p>\n","protected":false},"featured_media":0,"template":"","meta":{"_seopress_robots_primary_cat":"137","_seopress_titles_title":"","_seopress_titles_desc":"Lumin\u00e1ria emerg\u00eancia Led LEA101 ou LDE30L","_seopress_robots_index":""},"product_brand":[],"product_cat":[137],"product_tag":[],"class_list":{"0":"post-1673","1":"product","2":"type-product","3":"status-publish","5":"product_cat-luz-de-emergencia","7":"first","8":"outofstock","9":"shipping-taxable","10":"product-type-simple"},"yoast_head":"<!-- This site is optimized with the Yoast SEO plugin v27.2 - https:\/\/yoast.com\/product\/yoast-seo-wordpress\/ -->\n<title>Lumin\u00e1ria emerg\u00eancia Led LEA101 - Protecci\u00f3n<\/title>\n<meta name=\"description\" content=\"Lumin\u00e1ria emerg\u00eancia Led LEA101 ou LDE30L\" \/>\n<meta name=\"robots\" content=\"index, follow, max-snippet:-1, max-image-preview:large, max-video-preview:-1\" \/>\n<link rel=\"canonical\" href=\"https:\/\/proteccionshoppingonline.com.br\/loja\/loja\/luz-de-emergencia\/luminaria-emergencia-led-lea101\/\" \/>\n<meta property=\"og:locale\" content=\"pt_BR\" \/>\n<meta property=\"og:type\" content=\"article\" \/>\n<meta property=\"og:title\" content=\"Lumin\u00e1ria emerg\u00eancia Led LEA101 - Protecci\u00f3n\" \/>\n<meta property=\"og:description\" content=\"Lumin\u00e1ria emerg\u00eancia Led LEA101 ou LDE30L\" \/>\n<meta property=\"og:url\" content=\"https:\/\/proteccionshoppingonline.com.br\/loja\/loja\/luz-de-emergencia\/luminaria-emergencia-led-lea101\/\" \/>\n<meta property=\"og:site_name\" content=\"Protecci\u00f3n\" \/>\n<meta property=\"article:modified_time\" content=\"2020-07-06T19:14:55+00:00\" \/>\n<meta name=\"twitter:card\" content=\"summary_large_image\" \/>\n<script type=\"application\/ld+json\" class=\"yoast-schema-graph\">{\"@context\":\"https:\/\/schema.org\",\"@graph\":[{\"@type\":\"WebPage\",\"@id\":\"https:\/\/proteccionshoppingonline.com.br\/loja\/loja\/luz-de-emergencia\/luminaria-emergencia-led-lea101\/\",\"url\":\"https:\/\/proteccionshoppingonline.com.br\/loja\/loja\/luz-de-emergencia\/luminaria-emergencia-led-lea101\/\",\"name\":\"Lumin\u00e1ria emerg\u00eancia Led LEA101 - Protecci\u00f3n\",\"isPartOf\":{\"@id\":\"https:\/\/proteccionshoppingonline.com.br\/loja\/#website\"},\"datePublished\":\"2018-08-08T18:09:04+00:00\",\"dateModified\":\"2020-07-06T19:14:55+00:00\",\"description\":\"Lumin\u00e1ria emerg\u00eancia Led LEA101 ou LDE30L\",\"breadcrumb\":{\"@id\":\"https:\/\/proteccionshoppingonline.com.br\/loja\/loja\/luz-de-emergencia\/luminaria-emergencia-led-lea101\/#breadcrumb\"},\"inLanguage\":\"pt-BR\",\"potentialAction\":[{\"@type\":\"ReadAction\",\"target\":[\"https:\/\/proteccionshoppingonline.com.br\/loja\/loja\/luz-de-emergencia\/luminaria-emergencia-led-lea101\/\"]}]},{\"@type\":\"BreadcrumbList\",\"@id\":\"https:\/\/proteccionshoppingonline.com.br\/loja\/loja\/luz-de-emergencia\/luminaria-emergencia-led-lea101\/#breadcrumb\",\"itemListElement\":[{\"@type\":\"ListItem\",\"position\":1,\"name\":\"Home\",\"item\":\"https:\/\/proteccionshoppingonline.com.br\/loja\/\"},{\"@type\":\"ListItem\",\"position\":2,\"name\":\"Produtos\",\"item\":\"https:\/\/proteccionshoppingonline.com.br\/loja\/cart-2\/\"},{\"@type\":\"ListItem\",\"position\":3,\"name\":\"Lumin\u00e1ria emerg\u00eancia Led LEA101\"}]},{\"@type\":\"WebSite\",\"@id\":\"https:\/\/proteccionshoppingonline.com.br\/loja\/#website\",\"url\":\"https:\/\/proteccionshoppingonline.com.br\/loja\/\",\"name\":\"Protecci\u00f3n Shopping On Line | Seguran\u00e7a contra Inc\u00eandios\",\"description\":\"Seguran\u00e7a contra Inc\u00eandios\",\"publisher\":{\"@id\":\"https:\/\/proteccionshoppingonline.com.br\/loja\/#organization\"},\"potentialAction\":[{\"@type\":\"SearchAction\",\"target\":{\"@type\":\"EntryPoint\",\"urlTemplate\":\"https:\/\/proteccionshoppingonline.com.br\/loja\/?s={search_term_string}\"},\"query-input\":{\"@type\":\"PropertyValueSpecification\",\"valueRequired\":true,\"valueName\":\"search_term_string\"}}],\"inLanguage\":\"pt-BR\"},{\"@type\":\"Organization\",\"@id\":\"https:\/\/proteccionshoppingonline.com.br\/loja\/#organization\",\"name\":\"Protecci\u00f3n Shopping On Line\",\"url\":\"https:\/\/proteccionshoppingonline.com.br\/loja\/\",\"logo\":{\"@type\":\"ImageObject\",\"inLanguage\":\"pt-BR\",\"@id\":\"https:\/\/proteccionshoppingonline.com.br\/loja\/#\/schema\/logo\/image\/\",\"url\":\"https:\/\/proteccionshoppingonline.com.br\/loja\/wp-content\/uploads\/2024\/01\/Proteccion-Shopping-On-Line-Logo-Nova.png\",\"contentUrl\":\"https:\/\/proteccionshoppingonline.com.br\/loja\/wp-content\/uploads\/2024\/01\/Proteccion-Shopping-On-Line-Logo-Nova.png\",\"width\":2000,\"height\":600,\"caption\":\"Protecci\u00f3n Shopping On Line\"},\"image\":{\"@id\":\"https:\/\/proteccionshoppingonline.com.br\/loja\/#\/schema\/logo\/image\/\"}}]}<\/script>\n<!-- \/ Yoast SEO plugin. -->","yoast_head_json":{"title":"Lumin\u00e1ria emerg\u00eancia Led LEA101 - Protecci\u00f3n","description":"Lumin\u00e1ria emerg\u00eancia Led LEA101 ou LDE30L","robots":{"index":"index","follow":"follow","max-snippet":"max-snippet:-1","max-image-preview":"max-image-preview:large","max-video-preview":"max-video-preview:-1"},"canonical":"https:\/\/proteccionshoppingonline.com.br\/loja\/loja\/luz-de-emergencia\/luminaria-emergencia-led-lea101\/","og_locale":"pt_BR","og_type":"article","og_title":"Lumin\u00e1ria emerg\u00eancia Led LEA101 - Protecci\u00f3n","og_description":"Lumin\u00e1ria emerg\u00eancia Led LEA101 ou LDE30L","og_url":"https:\/\/proteccionshoppingonline.com.br\/loja\/loja\/luz-de-emergencia\/luminaria-emergencia-led-lea101\/","og_site_name":"Protecci\u00f3n","article_modified_time":"2020-07-06T19:14:55+00:00","twitter_card":"summary_large_image","schema":{"@context":"https:\/\/schema.org","@graph":[{"@type":"WebPage","@id":"https:\/\/proteccionshoppingonline.com.br\/loja\/loja\/luz-de-emergencia\/luminaria-emergencia-led-lea101\/","url":"https:\/\/proteccionshoppingonline.com.br\/loja\/loja\/luz-de-emergencia\/luminaria-emergencia-led-lea101\/","name":"Lumin\u00e1ria emerg\u00eancia Led LEA101 - Protecci\u00f3n","isPartOf":{"@id":"https:\/\/proteccionshoppingonline.com.br\/loja\/#website"},"datePublished":"2018-08-08T18:09:04+00:00","dateModified":"2020-07-06T19:14:55+00:00","description":"Lumin\u00e1ria emerg\u00eancia Led LEA101 ou LDE30L","breadcrumb":{"@id":"https:\/\/proteccionshoppingonline.com.br\/loja\/loja\/luz-de-emergencia\/luminaria-emergencia-led-lea101\/#breadcrumb"},"inLanguage":"pt-BR","potentialAction":[{"@type":"ReadAction","target":["https:\/\/proteccionshoppingonline.com.br\/loja\/loja\/luz-de-emergencia\/luminaria-emergencia-led-lea101\/"]}]},{"@type":"BreadcrumbList","@id":"https:\/\/proteccionshoppingonline.com.br\/loja\/loja\/luz-de-emergencia\/luminaria-emergencia-led-lea101\/#breadcrumb","itemListElement":[{"@type":"ListItem","position":1,"name":"Home","item":"https:\/\/proteccionshoppingonline.com.br\/loja\/"},{"@type":"ListItem","position":2,"name":"Produtos","item":"https:\/\/proteccionshoppingonline.com.br\/loja\/cart-2\/"},{"@type":"ListItem","position":3,"name":"Lumin\u00e1ria emerg\u00eancia Led LEA101"}]},{"@type":"WebSite","@id":"https:\/\/proteccionshoppingonline.com.br\/loja\/#website","url":"https:\/\/proteccionshoppingonline.com.br\/loja\/","name":"Protecci\u00f3n Shopping On Line | Seguran\u00e7a contra Inc\u00eandios","description":"Seguran\u00e7a contra Inc\u00eandios","publisher":{"@id":"https:\/\/proteccionshoppingonline.com.br\/loja\/#organization"},"potentialAction":[{"@type":"SearchAction","target":{"@type":"EntryPoint","urlTemplate":"https:\/\/proteccionshoppingonline.com.br\/loja\/?s={search_term_string}"},"query-input":{"@type":"PropertyValueSpecification","valueRequired":true,"valueName":"search_term_string"}}],"inLanguage":"pt-BR"},{"@type":"Organization","@id":"https:\/\/proteccionshoppingonline.com.br\/loja\/#organization","name":"Protecci\u00f3n Shopping On Line","url":"https:\/\/proteccionshoppingonline.com.br\/loja\/","logo":{"@type":"ImageObject","inLanguage":"pt-BR","@id":"https:\/\/proteccionshoppingonline.com.br\/loja\/#\/schema\/logo\/image\/","url":"https:\/\/proteccionshoppingonline.com.br\/loja\/wp-content\/uploads\/2024\/01\/Proteccion-Shopping-On-Line-Logo-Nova.png","contentUrl":"https:\/\/proteccionshoppingonline.com.br\/loja\/wp-content\/uploads\/2024\/01\/Proteccion-Shopping-On-Line-Logo-Nova.png","width":2000,"height":600,"caption":"Protecci\u00f3n Shopping On Line"},"image":{"@id":"https:\/\/proteccionshoppingonline.com.br\/loja\/#\/schema\/logo\/image\/"}}]}},"_links":{"self":[{"href":"https:\/\/proteccionshoppingonline.com.br\/loja\/wp-json\/wp\/v2\/product\/1673","targetHints":{"allow":["GET"]}}],"collection":[{"href":"https:\/\/proteccionshoppingonline.com.br\/loja\/wp-json\/wp\/v2\/product"}],"about":[{"href":"https:\/\/proteccionshoppingonline.com.br\/loja\/wp-json\/wp\/v2\/types\/product"}],"version-history":[{"count":0,"href":"https:\/\/proteccionshoppingonline.com.br\/loja\/wp-json\/wp\/v2\/product\/1673\/revisions"}],"wp:attachment":[{"href":"https:\/\/proteccionshoppingonline.com.br\/loja\/wp-json\/wp\/v2\/media?parent=1673"}],"wp:term":[{"taxonomy":"product_brand","embeddable":true,"href":"https:\/\/proteccionshoppingonline.com.br\/loja\/wp-json\/wp\/v2\/product_brand?post=1673"},{"taxonomy":"product_cat","embeddable":true,"href":"https:\/\/proteccionshoppingonline.com.br\/loja\/wp-json\/wp\/v2\/product_cat?post=1673"},{"taxonomy":"product_tag","embeddable":true,"href":"https:\/\/proteccionshoppingonline.com.br\/loja\/wp-json\/wp\/v2\/product_tag?post=1673"}],"curies":[{"name":"wp","href":"https:\/\/api.w.org\/{rel}","templated":true}]}}