{"id":16561,"date":"2024-11-27T22:52:15","date_gmt":"2024-11-27T22:52:15","guid":{"rendered":"https:\/\/proteccionshoppingonline.com.br\/loja\/?post_type=product&#038;p=16561"},"modified":"2024-12-20T11:06:08","modified_gmt":"2024-12-20T14:06:08","slug":"mangueira-de-incendio-tipo-2-2-1-2%e2%80%b3-30m","status":"publish","type":"product","link":"https:\/\/proteccionshoppingonline.com.br\/loja\/loja\/hidrantes\/mangueira-de-incendio-tipo-2-2-1-2%e2%80%b3-30m\/","title":{"rendered":"Mangueira de Inc\u00eandio Tipo 2 &#8211; 2.1\/2\u2033 30m Lat\u00e3o"},"content":{"rendered":"<h1 style=\"text-align: center;\">Mangueira de Inc\u00eandio Tipo 2 &#8211; 2.1\/2\u2033 30m &#8211; Lat\u00e3o<\/h1>\n<p>&nbsp;<\/p>\n<h4 style=\"text-align: left;\"><strong>Mangueira de Inc\u00eandio Tipo 2 &#8211; 2.1\/2\u2033 30m &#8211; Lat\u00e3o<\/strong><\/h4>\n<p>A Mangueira de inc\u00eandio Tipo 2 \u00e9 confeccionada com refor\u00e7o t\u00eaxtil, 100% em fios de poli\u00e9ster de alta tenacidade na cor branca e com duto interno de borracha. Aplica\u00e7\u00e3o, onde a press\u00e3o de trabalho n\u00e3o ultrapasse 14 Kg\/cm\u00b2. Em suas extremidades s\u00e3o acopladas uni\u00f5es de engate r\u00e1pido (Storz), fabricadas em lat\u00e3o fundido ou alum\u00ednio. Lances de 15, 20, 25 e 30 metros. Dispon\u00edveis nos di\u00e2metros 1 \u00bd\u201d e 2 \u00bd\u201d.<\/p>\n<p><strong>Principais Aplica\u00e7\u00f5es:<\/strong><\/p>\n<p>Sua aplica\u00e7\u00e3o \u00e9 ideal para edif\u00edcios comerciais, industriais ou corpo de bombeiros. Oferece <strong>resist\u00eancia a ruptura, abras\u00e3o e deteriora\u00e7\u00e3o<\/strong>\u00a0por bolor e fungos, sendo um produto de\u00a0<strong>alta durabilidade<\/strong>. Al\u00e9m disso, \u00e9 <strong>leve<\/strong>\u00a0e f\u00e1cil de ser transportada.<\/p>\n<p>&nbsp;<\/p>\n<h2><strong>Especifica\u00e7\u00f5es T\u00e9cnicas<\/strong><strong>:<\/strong><\/h2>\n<p>&nbsp;<\/p>\n<ul>\n<li>Confeccionada em tubo de borracha revestido com poliester..<\/li>\n<li>Tamanho: 30mt<\/li>\n<li>Acabamento: revestimento em poliester<\/li>\n<li>Uni\u00e3o Storz em lat\u00e3o nas extremidades<\/li>\n<li><span class=\"corAmarela\">Normas:<\/span>\u00a0NBR 11861<\/li>\n<\/ul>\n<h2><strong>\u00a0<\/strong><\/h2>\n<p>Entrega limitada por quantidades, entre em contato afinal e fa\u00e7a sua cota\u00e7\u00e3o!<\/p>\n<p>&nbsp;<\/p>\n<p>Temos centenas de produtos dispon\u00edveis, a fim de atender suas necessidades!<\/p>\n<p>Consulte-nos para mais detalhes, com a finalidade de sanar suas d\u00favidas!<\/p>\n<p>Atendimento em suma de seg \u00e0 sexta das 08 \u2013 12 e 13 \u2013 17hs.<\/p>\n<p>&nbsp;<\/p>\n<p>Consultar\u00a0<a href=\"http:\/\/www.engenharia.proteccionshoppingonline.com.br\/\">Proteccion Engenharia<\/a><\/p>\n<p>Consultar\u00a0<a href=\"https:\/\/proteccionshoppingonline.com.br\/loja\/catalogos-it-normas\/\">CA \u2013 Normas<\/a><\/p>\n<h2><\/h2>\n","protected":false},"excerpt":{"rendered":"<p style=\"text-align: left;\">A Mangueira de Inc\u00eandio Tipo 2, \u00e9 uma mangueira destinada a edif\u00edcios comerciais, industriais ou corpo de bombeiros.<\/p>\n","protected":false},"featured_media":13456,"template":"","meta":{"_seopress_robots_primary_cat":"none","_seopress_titles_title":"Mangueira de Inc\u00eandio Tipo 2 - 2.1\/2\u2033 30m","_seopress_titles_desc":"A Mangueira de Inc\u00eandio Tipo 2 - 2.1\/2\u2033, \u00e9 uma mangueira destinada a edif\u00edcios comerciais, industriais ou corpo de bombeiros.","_seopress_robots_index":""},"product_brand":[],"product_cat":[66],"product_tag":[429,413,430,433,435,432],"class_list":{"0":"post-16561","1":"product","2":"type-product","3":"status-publish","4":"has-post-thumbnail","6":"product_cat-hidrantes","7":"product_tag-abrigo-de-extintor-em-inox-80x30x20","8":"product_tag-abrigo-de-hidrante-90x60x17-embutir","9":"product_tag-acrilico-para-hidrante-21x21","10":"product_tag-mangueira-hidrante-tipo-2-1-1-2-15mt-industrial","11":"product_tag-mangueira-hidrante-tipo-2-2-1-2-15mt-industrial","12":"product_tag-suporte-extintor-incendio-tripe","13":"product_shipping_class-correios","15":"first","16":"onbackorder","17":"shipping-taxable","18":"product-type-simple"},"yoast_head":"<!-- This site is optimized with the Yoast SEO plugin v27.2 - https:\/\/yoast.com\/product\/yoast-seo-wordpress\/ -->\n<title>Mangueira de Inc\u00eandio Tipo 2 - 2.1\/2\u2033 30m Lat\u00e3o -<\/title>\n<meta name=\"description\" content=\"A Mangueira de Inc\u00eandio Tipo 2 - 2.1\/2\u2033 30m, \u00e9 uma mangueira destinada a edif\u00edcios comerciais, industriais ou corpo de bombeiros.\" \/>\n<meta name=\"robots\" content=\"index, follow, max-snippet:-1, max-image-preview:large, max-video-preview:-1\" \/>\n<link rel=\"canonical\" href=\"https:\/\/proteccionshoppingonline.com.br\/loja\/loja\/hidrantes\/mangueira-de-incendio-tipo-2-2-1-2\u2033-30m\/\" \/>\n<meta property=\"og:locale\" content=\"pt_BR\" \/>\n<meta property=\"og:type\" content=\"article\" \/>\n<meta property=\"og:title\" content=\"Mangueira de Inc\u00eandio Tipo 2 - 2.1\/2\u2033 30m Lat\u00e3o -\" \/>\n<meta property=\"og:description\" content=\"A Mangueira de Inc\u00eandio Tipo 2 - 2.1\/2\u2033 30m, \u00e9 uma mangueira destinada a edif\u00edcios comerciais, industriais ou corpo de bombeiros.\" \/>\n<meta property=\"og:url\" content=\"https:\/\/proteccionshoppingonline.com.br\/loja\/loja\/hidrantes\/mangueira-de-incendio-tipo-2-2-1-2\u2033-30m\/\" \/>\n<meta property=\"og:site_name\" content=\"Protecci\u00f3n\" \/>\n<meta property=\"article:modified_time\" content=\"2024-12-20T14:06:08+00:00\" \/>\n<meta property=\"og:image\" content=\"https:\/\/proteccionshoppingonline.com.br\/loja\/wp-content\/uploads\/2020\/08\/mangueira-.jpg\" \/>\n\t<meta property=\"og:image:width\" content=\"600\" \/>\n\t<meta property=\"og:image:height\" content=\"600\" \/>\n\t<meta property=\"og:image:type\" content=\"image\/jpeg\" \/>\n<meta name=\"twitter:card\" content=\"summary_large_image\" \/>\n<meta name=\"twitter:label1\" content=\"Est. tempo de leitura\" \/>\n\t<meta name=\"twitter:data1\" content=\"2 minutos\" \/>\n<script type=\"application\/ld+json\" class=\"yoast-schema-graph\">{\"@context\":\"https:\/\/schema.org\",\"@graph\":[{\"@type\":\"WebPage\",\"@id\":\"https:\/\/proteccionshoppingonline.com.br\/loja\/loja\/hidrantes\/mangueira-de-incendio-tipo-2-2-1-2%e2%80%b3-30m\/\",\"url\":\"https:\/\/proteccionshoppingonline.com.br\/loja\/loja\/hidrantes\/mangueira-de-incendio-tipo-2-2-1-2%e2%80%b3-30m\/\",\"name\":\"Mangueira de Inc\u00eandio Tipo 2 - 2.1\/2\u2033 30m Lat\u00e3o -\",\"isPartOf\":{\"@id\":\"https:\/\/proteccionshoppingonline.com.br\/loja\/#website\"},\"primaryImageOfPage\":{\"@id\":\"https:\/\/proteccionshoppingonline.com.br\/loja\/loja\/hidrantes\/mangueira-de-incendio-tipo-2-2-1-2%e2%80%b3-30m\/#primaryimage\"},\"image\":{\"@id\":\"https:\/\/proteccionshoppingonline.com.br\/loja\/loja\/hidrantes\/mangueira-de-incendio-tipo-2-2-1-2%e2%80%b3-30m\/#primaryimage\"},\"thumbnailUrl\":\"https:\/\/proteccionshoppingonline.com.br\/loja\/wp-content\/uploads\/2020\/08\/mangueira-.jpg\",\"datePublished\":\"2024-11-27T22:52:15+00:00\",\"dateModified\":\"2024-12-20T14:06:08+00:00\",\"description\":\"A Mangueira de Inc\u00eandio Tipo 2 - 2.1\/2\u2033 30m, \u00e9 uma mangueira destinada a edif\u00edcios comerciais, industriais ou corpo de bombeiros.\",\"breadcrumb\":{\"@id\":\"https:\/\/proteccionshoppingonline.com.br\/loja\/loja\/hidrantes\/mangueira-de-incendio-tipo-2-2-1-2%e2%80%b3-30m\/#breadcrumb\"},\"inLanguage\":\"pt-BR\",\"potentialAction\":[{\"@type\":\"ReadAction\",\"target\":[\"https:\/\/proteccionshoppingonline.com.br\/loja\/loja\/hidrantes\/mangueira-de-incendio-tipo-2-2-1-2%e2%80%b3-30m\/\"]}]},{\"@type\":\"ImageObject\",\"inLanguage\":\"pt-BR\",\"@id\":\"https:\/\/proteccionshoppingonline.com.br\/loja\/loja\/hidrantes\/mangueira-de-incendio-tipo-2-2-1-2%e2%80%b3-30m\/#primaryimage\",\"url\":\"https:\/\/proteccionshoppingonline.com.br\/loja\/wp-content\/uploads\/2020\/08\/mangueira-.jpg\",\"contentUrl\":\"https:\/\/proteccionshoppingonline.com.br\/loja\/wp-content\/uploads\/2020\/08\/mangueira-.jpg\",\"width\":600,\"height\":600,\"caption\":\"Mangueira Hidrante tipo 2 - 2.1\/2\u2033 30mt\"},{\"@type\":\"BreadcrumbList\",\"@id\":\"https:\/\/proteccionshoppingonline.com.br\/loja\/loja\/hidrantes\/mangueira-de-incendio-tipo-2-2-1-2%e2%80%b3-30m\/#breadcrumb\",\"itemListElement\":[{\"@type\":\"ListItem\",\"position\":1,\"name\":\"Home\",\"item\":\"https:\/\/proteccionshoppingonline.com.br\/loja\/\"},{\"@type\":\"ListItem\",\"position\":2,\"name\":\"Produtos\",\"item\":\"https:\/\/proteccionshoppingonline.com.br\/loja\/cart-2\/\"},{\"@type\":\"ListItem\",\"position\":3,\"name\":\"Mangueira de Inc\u00eandio Tipo 2 &#8211; 2.1\/2\u2033 30m Lat\u00e3o\"}]},{\"@type\":\"WebSite\",\"@id\":\"https:\/\/proteccionshoppingonline.com.br\/loja\/#website\",\"url\":\"https:\/\/proteccionshoppingonline.com.br\/loja\/\",\"name\":\"Protecci\u00f3n Shopping On Line | Seguran\u00e7a contra Inc\u00eandios\",\"description\":\"Seguran\u00e7a contra Inc\u00eandios\",\"publisher\":{\"@id\":\"https:\/\/proteccionshoppingonline.com.br\/loja\/#organization\"},\"potentialAction\":[{\"@type\":\"SearchAction\",\"target\":{\"@type\":\"EntryPoint\",\"urlTemplate\":\"https:\/\/proteccionshoppingonline.com.br\/loja\/?s={search_term_string}\"},\"query-input\":{\"@type\":\"PropertyValueSpecification\",\"valueRequired\":true,\"valueName\":\"search_term_string\"}}],\"inLanguage\":\"pt-BR\"},{\"@type\":\"Organization\",\"@id\":\"https:\/\/proteccionshoppingonline.com.br\/loja\/#organization\",\"name\":\"Protecci\u00f3n Shopping On Line\",\"url\":\"https:\/\/proteccionshoppingonline.com.br\/loja\/\",\"logo\":{\"@type\":\"ImageObject\",\"inLanguage\":\"pt-BR\",\"@id\":\"https:\/\/proteccionshoppingonline.com.br\/loja\/#\/schema\/logo\/image\/\",\"url\":\"https:\/\/proteccionshoppingonline.com.br\/loja\/wp-content\/uploads\/2024\/01\/Proteccion-Shopping-On-Line-Logo-Nova.png\",\"contentUrl\":\"https:\/\/proteccionshoppingonline.com.br\/loja\/wp-content\/uploads\/2024\/01\/Proteccion-Shopping-On-Line-Logo-Nova.png\",\"width\":2000,\"height\":600,\"caption\":\"Protecci\u00f3n Shopping On Line\"},\"image\":{\"@id\":\"https:\/\/proteccionshoppingonline.com.br\/loja\/#\/schema\/logo\/image\/\"}}]}<\/script>\n<!-- \/ Yoast SEO plugin. -->","yoast_head_json":{"title":"Mangueira de Inc\u00eandio Tipo 2 - 2.1\/2\u2033 30m Lat\u00e3o -","description":"A Mangueira de Inc\u00eandio Tipo 2 - 2.1\/2\u2033 30m, \u00e9 uma mangueira destinada a edif\u00edcios comerciais, industriais ou corpo de bombeiros.","robots":{"index":"index","follow":"follow","max-snippet":"max-snippet:-1","max-image-preview":"max-image-preview:large","max-video-preview":"max-video-preview:-1"},"canonical":"https:\/\/proteccionshoppingonline.com.br\/loja\/loja\/hidrantes\/mangueira-de-incendio-tipo-2-2-1-2\u2033-30m\/","og_locale":"pt_BR","og_type":"article","og_title":"Mangueira de Inc\u00eandio Tipo 2 - 2.1\/2\u2033 30m Lat\u00e3o -","og_description":"A Mangueira de Inc\u00eandio Tipo 2 - 2.1\/2\u2033 30m, \u00e9 uma mangueira destinada a edif\u00edcios comerciais, industriais ou corpo de bombeiros.","og_url":"https:\/\/proteccionshoppingonline.com.br\/loja\/loja\/hidrantes\/mangueira-de-incendio-tipo-2-2-1-2\u2033-30m\/","og_site_name":"Protecci\u00f3n","article_modified_time":"2024-12-20T14:06:08+00:00","og_image":[{"width":600,"height":600,"url":"https:\/\/proteccionshoppingonline.com.br\/loja\/wp-content\/uploads\/2020\/08\/mangueira-.jpg","type":"image\/jpeg"}],"twitter_card":"summary_large_image","twitter_misc":{"Est. tempo de leitura":"2 minutos"},"schema":{"@context":"https:\/\/schema.org","@graph":[{"@type":"WebPage","@id":"https:\/\/proteccionshoppingonline.com.br\/loja\/loja\/hidrantes\/mangueira-de-incendio-tipo-2-2-1-2%e2%80%b3-30m\/","url":"https:\/\/proteccionshoppingonline.com.br\/loja\/loja\/hidrantes\/mangueira-de-incendio-tipo-2-2-1-2%e2%80%b3-30m\/","name":"Mangueira de Inc\u00eandio Tipo 2 - 2.1\/2\u2033 30m Lat\u00e3o -","isPartOf":{"@id":"https:\/\/proteccionshoppingonline.com.br\/loja\/#website"},"primaryImageOfPage":{"@id":"https:\/\/proteccionshoppingonline.com.br\/loja\/loja\/hidrantes\/mangueira-de-incendio-tipo-2-2-1-2%e2%80%b3-30m\/#primaryimage"},"image":{"@id":"https:\/\/proteccionshoppingonline.com.br\/loja\/loja\/hidrantes\/mangueira-de-incendio-tipo-2-2-1-2%e2%80%b3-30m\/#primaryimage"},"thumbnailUrl":"https:\/\/proteccionshoppingonline.com.br\/loja\/wp-content\/uploads\/2020\/08\/mangueira-.jpg","datePublished":"2024-11-27T22:52:15+00:00","dateModified":"2024-12-20T14:06:08+00:00","description":"A Mangueira de Inc\u00eandio Tipo 2 - 2.1\/2\u2033 30m, \u00e9 uma mangueira destinada a edif\u00edcios comerciais, industriais ou corpo de bombeiros.","breadcrumb":{"@id":"https:\/\/proteccionshoppingonline.com.br\/loja\/loja\/hidrantes\/mangueira-de-incendio-tipo-2-2-1-2%e2%80%b3-30m\/#breadcrumb"},"inLanguage":"pt-BR","potentialAction":[{"@type":"ReadAction","target":["https:\/\/proteccionshoppingonline.com.br\/loja\/loja\/hidrantes\/mangueira-de-incendio-tipo-2-2-1-2%e2%80%b3-30m\/"]}]},{"@type":"ImageObject","inLanguage":"pt-BR","@id":"https:\/\/proteccionshoppingonline.com.br\/loja\/loja\/hidrantes\/mangueira-de-incendio-tipo-2-2-1-2%e2%80%b3-30m\/#primaryimage","url":"https:\/\/proteccionshoppingonline.com.br\/loja\/wp-content\/uploads\/2020\/08\/mangueira-.jpg","contentUrl":"https:\/\/proteccionshoppingonline.com.br\/loja\/wp-content\/uploads\/2020\/08\/mangueira-.jpg","width":600,"height":600,"caption":"Mangueira Hidrante tipo 2 - 2.1\/2\u2033 30mt"},{"@type":"BreadcrumbList","@id":"https:\/\/proteccionshoppingonline.com.br\/loja\/loja\/hidrantes\/mangueira-de-incendio-tipo-2-2-1-2%e2%80%b3-30m\/#breadcrumb","itemListElement":[{"@type":"ListItem","position":1,"name":"Home","item":"https:\/\/proteccionshoppingonline.com.br\/loja\/"},{"@type":"ListItem","position":2,"name":"Produtos","item":"https:\/\/proteccionshoppingonline.com.br\/loja\/cart-2\/"},{"@type":"ListItem","position":3,"name":"Mangueira de Inc\u00eandio Tipo 2 &#8211; 2.1\/2\u2033 30m Lat\u00e3o"}]},{"@type":"WebSite","@id":"https:\/\/proteccionshoppingonline.com.br\/loja\/#website","url":"https:\/\/proteccionshoppingonline.com.br\/loja\/","name":"Protecci\u00f3n Shopping On Line | Seguran\u00e7a contra Inc\u00eandios","description":"Seguran\u00e7a contra Inc\u00eandios","publisher":{"@id":"https:\/\/proteccionshoppingonline.com.br\/loja\/#organization"},"potentialAction":[{"@type":"SearchAction","target":{"@type":"EntryPoint","urlTemplate":"https:\/\/proteccionshoppingonline.com.br\/loja\/?s={search_term_string}"},"query-input":{"@type":"PropertyValueSpecification","valueRequired":true,"valueName":"search_term_string"}}],"inLanguage":"pt-BR"},{"@type":"Organization","@id":"https:\/\/proteccionshoppingonline.com.br\/loja\/#organization","name":"Protecci\u00f3n Shopping On Line","url":"https:\/\/proteccionshoppingonline.com.br\/loja\/","logo":{"@type":"ImageObject","inLanguage":"pt-BR","@id":"https:\/\/proteccionshoppingonline.com.br\/loja\/#\/schema\/logo\/image\/","url":"https:\/\/proteccionshoppingonline.com.br\/loja\/wp-content\/uploads\/2024\/01\/Proteccion-Shopping-On-Line-Logo-Nova.png","contentUrl":"https:\/\/proteccionshoppingonline.com.br\/loja\/wp-content\/uploads\/2024\/01\/Proteccion-Shopping-On-Line-Logo-Nova.png","width":2000,"height":600,"caption":"Protecci\u00f3n Shopping On Line"},"image":{"@id":"https:\/\/proteccionshoppingonline.com.br\/loja\/#\/schema\/logo\/image\/"}}]}},"_links":{"self":[{"href":"https:\/\/proteccionshoppingonline.com.br\/loja\/wp-json\/wp\/v2\/product\/16561","targetHints":{"allow":["GET"]}}],"collection":[{"href":"https:\/\/proteccionshoppingonline.com.br\/loja\/wp-json\/wp\/v2\/product"}],"about":[{"href":"https:\/\/proteccionshoppingonline.com.br\/loja\/wp-json\/wp\/v2\/types\/product"}],"version-history":[{"count":2,"href":"https:\/\/proteccionshoppingonline.com.br\/loja\/wp-json\/wp\/v2\/product\/16561\/revisions"}],"predecessor-version":[{"id":17259,"href":"https:\/\/proteccionshoppingonline.com.br\/loja\/wp-json\/wp\/v2\/product\/16561\/revisions\/17259"}],"wp:featuredmedia":[{"embeddable":true,"href":"https:\/\/proteccionshoppingonline.com.br\/loja\/wp-json\/wp\/v2\/media\/13456"}],"wp:attachment":[{"href":"https:\/\/proteccionshoppingonline.com.br\/loja\/wp-json\/wp\/v2\/media?parent=16561"}],"wp:term":[{"taxonomy":"product_brand","embeddable":true,"href":"https:\/\/proteccionshoppingonline.com.br\/loja\/wp-json\/wp\/v2\/product_brand?post=16561"},{"taxonomy":"product_cat","embeddable":true,"href":"https:\/\/proteccionshoppingonline.com.br\/loja\/wp-json\/wp\/v2\/product_cat?post=16561"},{"taxonomy":"product_tag","embeddable":true,"href":"https:\/\/proteccionshoppingonline.com.br\/loja\/wp-json\/wp\/v2\/product_tag?post=16561"}],"curies":[{"name":"wp","href":"https:\/\/api.w.org\/{rel}","templated":true}]}}