{"id":15964,"date":"2024-11-04T18:43:18","date_gmt":"2024-11-04T18:43:18","guid":{"rendered":"https:\/\/proteccionshoppingonline.com.br\/loja\/?post_type=product&#038;p=15964"},"modified":"2024-12-11T19:23:46","modified_gmt":"2024-12-11T22:23:46","slug":"sirene-audiovisual-enderecavel-g1avrf","status":"publish","type":"product","link":"https:\/\/proteccionshoppingonline.com.br\/loja\/loja\/deteccao-de-incendio\/sirene-audiovisual-enderecavel-g1avrf\/","title":{"rendered":"Sirene Audiovisual Endere\u00e7\u00e1vel G1AVRF"},"content":{"rendered":"<h1 style=\"text-align: center;\">Sirene Audiovisual Endere\u00e7\u00e1vel G1AVRF<\/h1>\n<p><strong>Sirene Audiovisual Endere\u00e7\u00e1vel G1AVRF &#8211; Edwards<\/strong><\/p>\n<p id=\"tw-target-text\" class=\"tw-data-text tw-text-large tw-ta\" dir=\"ltr\" data-placeholder=\"Tradu\u00e7\u00e3o\">As cornetas e estrobosc\u00f3pios LED Genesis LED G1 Series apresentam um design elegante<br \/>\ndesign discreto e tecnologia de efici\u00eancia energ\u00e9tica que os torna mais baratos de instalar<br \/>\ne operar, reduzindo a sobrecarga.<br \/>\nLEDs de alto desempenho requerem menos circuitos e fontes de alimenta\u00e7\u00e3o.<br \/>\nEsses novos aparelhos s\u00e3o projetados pensando na efici\u00eancia energ\u00e9tica e na seguran\u00e7a de<br \/>\nvidas.<br \/>\nA s\u00e9rie Genesis LED G1 usa \u00f3ptica de alta efici\u00eancia, combinada com eletr\u00f4nica<br \/>\npatenteada, para fornecer um padr\u00e3o de distribui\u00e7\u00e3o de luz altamente controlado e<br \/>\neficientemente focado em troca de requisitos de corrente mais baixos. Os estrobosc\u00f3pios<br \/>\napresentam sa\u00edda de luz de 15, 30 ou 75 cd selecion\u00e1veis em campo.<br \/>\nComparados com os estrobos do tipo Xenon, os aparelhos Genesis LED G1<br \/>\nSeries precisam de menos fontes de alimenta\u00e7\u00e3o e geralmente de bitola de<br \/>\nfio menor, o que alivia os requisitos de condu\u00edte. Eles tamb\u00e9m s\u00e3o<br \/>\ncompat\u00edveis com vers\u00f5es anteriores dos estrobos legados, ent\u00e3o n\u00e3o h\u00e1<br \/>\nnecessidade de substituir todos os seus dispositivos existentes para<br \/>\natualizar para a nova tecnologia LED. Na verdade, os estrobos G1 podem ser<br \/>\nmisturados no mesmo circuito e usados no mesmo campo de vis\u00e3o que os<br \/>\nestrobos baseados em Xenon. Isso torna a Genesis LED G1 Series ideal<br \/>\npara novas instala\u00e7\u00f5es e reformas.<br \/>\nOs n\u00edveis de sa\u00edda de som configur\u00e1veis em campo fornecem a flexibilidade que os<br \/>\nprojetos modernos de seguran\u00e7a de vida exigem, enquanto o protocolo de controle<br \/>\nGenesis LED mant\u00e9m v\u00e1rios estrobosc\u00f3pios em circuitos NAC compat\u00edveis sincronizados<br \/>\ndentro dos requisitos da NFPA 72.<br \/>\nA facilidade de manuten\u00e7\u00e3o \u00e9 outra \u00e1rea em que os aparelhos da S\u00e9rie G1 se destacam.<br \/>\nOs inovadores pontos de teste de diagn\u00f3stico ocultos oferecem f\u00e1cil acesso aos testes do<br \/>\ncircuito do dispositivo enquanto montado.<\/p>\n<p dir=\"ltr\" data-placeholder=\"Tradu\u00e7\u00e3o\"><strong>Especifica\u00e7\u00f5es<br \/>\n<\/strong>Tens\u00e3o de opera\u00e7\u00e3o: 16 a 33 VCC, 16 a 33 VFWR<br \/>\nTipo de sinal de buzina: Constante ou T3 temporal<br \/>\nSa\u00edda de luz: 15, 30 ou 75 candelas<br \/>\nTaxa de flash estrobosc\u00f3pico: 1 fps (flash por segundo) aprox.<\/p>\n<p>Sincroniza\u00e7\u00e3o:<br \/>\n20 \u00ff m\u00e1x. entre quaisquer dois dispositivos. (Para determinar a resist\u00eancia permitida do fio, consulte estas especifica\u00e7\u00f5es e as especifica\u00e7\u00f5es da fonte de sinal sincronizada.)<\/p>\n<p>Fontes de sincroniza\u00e7\u00e3o: M\u00f3dulos de sinal da s\u00e9rie CC da EDWARDS, fontes de alimenta\u00e7\u00e3o auxiliares e de refor\u00e7o e pain\u00e9is de controle inteligentes e convencionais.<\/p>\n<p dir=\"ltr\" data-placeholder=\"Tradu\u00e7\u00e3o\">Tamanho do fio: 12 a 18 AWG (0,75 a 2,50 mm2 )<\/p>\n<p dir=\"ltr\" data-placeholder=\"Tradu\u00e7\u00e3o\">Dimens\u00f5es (L\u00d7A\u00d7P): 3 \u00d7 4-5\/8 \u00d7 1-1\/8 pol. (7,62 \u00d7 11,75 x 2,86 cm)<\/p>\n<p dir=\"ltr\" data-placeholder=\"Tradu\u00e7\u00e3o\">Deslocamento central do estrobosc\u00f3pio para a caixa: -0,71 polegadas (-1,8 cm)<\/p>\n<p dir=\"ltr\" data-placeholder=\"Tradu\u00e7\u00e3o\">Caixas el\u00e9tricas compat\u00edveis [1]: 1-gang, 2-gang, oct\u00f3gono de 4 polegadas, quadrado de 4 polegadas<\/p>\n<p dir=\"ltr\" data-placeholder=\"Tradu\u00e7\u00e3o\">An\u00e9is de acabamento: G1TR, G1TW &#8211; Dimens\u00f5es 5 x 5-7\/8 x 9\/16 pol. (12,7 x 14,92 x 1,43 cm)<\/p>\n<p dir=\"ltr\" data-placeholder=\"Tradu\u00e7\u00e3o\">Listagens de ag\u00eancias: FCC, ICC, UL1971, UL1638, UL464, CSFM<br \/>\n(Todos os modelos est\u00e3o em conformidade com o c\u00f3digo ADA de regulamenta\u00e7\u00e3o federal, Cap\u00edtulo 28, Parte 36, regra final)<\/p>\n<p>Ambiente operacional<br \/>\nTemperatura: 32 a 122\u00b0F (0 a 50\u00b0C)<br \/>\nHumidade relativa: 0 a 93% sem condensa\u00e7\u00e3o<\/p>\n<p>&nbsp;<\/p>\n<p>Temos centenas de produtos dispon\u00edveis, a fim de atender suas necessidades!<\/p>\n<p>Consulte-nos para mais detalhes, com a finalidade de sanar suas d\u00favidas!<\/p>\n<p>Atendimento de segunda \u00e0 sexta das 08 \u2013 12 e 13 \u2013 17hs.<\/p>\n<p>&nbsp;<\/p>\n<p>Fabricante: Edwards<\/p>\n<p>&nbsp;<\/p>\n<p>Consultar\u00a0<a href=\"http:\/\/www.engenharia.proteccionshoppingonline.com.br\/\">Proteccion engenharia<\/a><\/p>\n<p>Consultar\u00a0<a href=\"https:\/\/proteccionshoppingonline.com.br\/loja\/catalogos-it-normas\/\">Normas<\/a><\/p>\n","protected":false},"excerpt":{"rendered":"<p>Sirene Audiovisual Endere\u00e7\u00e1vel G1AVRF Sirene Audiovisual Endere\u00e7\u00e1vel G1AVRF &#8211; Edwards As cornetas e estrobosc\u00f3pios LED Genesis LED G1 Series apresentam&hellip;<\/p>\n","protected":false},"featured_media":15983,"template":"","meta":{"_seopress_robots_primary_cat":"141","_seopress_titles_title":"Sirene Audiovisual Endere\u00e7\u00e1vel G1AVRF","_seopress_titles_desc":"A Sirene G1AVRF apresenta um design elegante, discreto e tecnologia que torna o pre\u00e7o de sua instala\u00e7\u00e3o mais acess\u00edvel e o manuseio mais pr\u00e1tico.","_seopress_robots_index":""},"product_brand":[],"product_cat":[141,513],"product_tag":[522],"class_list":{"0":"post-15964","1":"product","2":"type-product","3":"status-publish","4":"has-post-thumbnail","6":"product_cat-deteccao-de-incendio","7":"product_cat-edwards","8":"product_tag-sirene-audiovisual-enderecavel-g1avrf","10":"first","11":"onbackorder","12":"shipping-taxable","13":"product-type-simple"},"yoast_head":"<!-- This site is optimized with the Yoast SEO plugin v27.2 - https:\/\/yoast.com\/product\/yoast-seo-wordpress\/ -->\n<title>Sirene Audiovisual Endere\u00e7\u00e1vel G1AVRF -<\/title>\n<meta name=\"description\" content=\"A Sirene G1AVRF apresenta um design elegante, discreto e tecnologia que torna o pre\u00e7o de sua instala\u00e7\u00e3o mais acess\u00edvel e o manuseio mais pr\u00e1tico.\" \/>\n<meta name=\"robots\" content=\"index, follow, max-snippet:-1, max-image-preview:large, max-video-preview:-1\" \/>\n<link rel=\"canonical\" href=\"https:\/\/proteccionshoppingonline.com.br\/loja\/loja\/deteccao-de-incendio\/sirene-audiovisual-enderecavel-g1avrf\/\" \/>\n<meta property=\"og:locale\" content=\"pt_BR\" \/>\n<meta property=\"og:type\" content=\"article\" \/>\n<meta property=\"og:title\" content=\"Sirene Audiovisual Endere\u00e7\u00e1vel G1AVRF -\" \/>\n<meta property=\"og:description\" content=\"A Sirene G1AVRF apresenta um design elegante, discreto e tecnologia que torna o pre\u00e7o de sua instala\u00e7\u00e3o mais acess\u00edvel e o manuseio mais pr\u00e1tico.\" \/>\n<meta property=\"og:url\" content=\"https:\/\/proteccionshoppingonline.com.br\/loja\/loja\/deteccao-de-incendio\/sirene-audiovisual-enderecavel-g1avrf\/\" \/>\n<meta property=\"og:site_name\" content=\"Protecci\u00f3n\" \/>\n<meta property=\"article:modified_time\" content=\"2024-12-11T22:23:46+00:00\" \/>\n<meta property=\"og:image\" content=\"https:\/\/proteccionshoppingonline.com.br\/loja\/wp-content\/uploads\/2024\/11\/G1AVRF.png\" \/>\n\t<meta property=\"og:image:width\" content=\"500\" \/>\n\t<meta property=\"og:image:height\" content=\"500\" \/>\n\t<meta property=\"og:image:type\" content=\"image\/png\" \/>\n<meta name=\"twitter:card\" content=\"summary_large_image\" \/>\n<meta name=\"twitter:label1\" content=\"Est. tempo de leitura\" \/>\n\t<meta name=\"twitter:data1\" content=\"4 minutos\" \/>\n<script type=\"application\/ld+json\" class=\"yoast-schema-graph\">{\"@context\":\"https:\/\/schema.org\",\"@graph\":[{\"@type\":\"WebPage\",\"@id\":\"https:\/\/proteccionshoppingonline.com.br\/loja\/loja\/deteccao-de-incendio\/sirene-audiovisual-enderecavel-g1avrf\/\",\"url\":\"https:\/\/proteccionshoppingonline.com.br\/loja\/loja\/deteccao-de-incendio\/sirene-audiovisual-enderecavel-g1avrf\/\",\"name\":\"Sirene Audiovisual Endere\u00e7\u00e1vel G1AVRF -\",\"isPartOf\":{\"@id\":\"https:\/\/proteccionshoppingonline.com.br\/loja\/#website\"},\"primaryImageOfPage\":{\"@id\":\"https:\/\/proteccionshoppingonline.com.br\/loja\/loja\/deteccao-de-incendio\/sirene-audiovisual-enderecavel-g1avrf\/#primaryimage\"},\"image\":{\"@id\":\"https:\/\/proteccionshoppingonline.com.br\/loja\/loja\/deteccao-de-incendio\/sirene-audiovisual-enderecavel-g1avrf\/#primaryimage\"},\"thumbnailUrl\":\"https:\/\/proteccionshoppingonline.com.br\/loja\/wp-content\/uploads\/2024\/11\/G1AVRF.png\",\"datePublished\":\"2024-11-04T18:43:18+00:00\",\"dateModified\":\"2024-12-11T22:23:46+00:00\",\"description\":\"A Sirene G1AVRF apresenta um design elegante, discreto e tecnologia que torna o pre\u00e7o de sua instala\u00e7\u00e3o mais acess\u00edvel e o manuseio mais pr\u00e1tico.\",\"breadcrumb\":{\"@id\":\"https:\/\/proteccionshoppingonline.com.br\/loja\/loja\/deteccao-de-incendio\/sirene-audiovisual-enderecavel-g1avrf\/#breadcrumb\"},\"inLanguage\":\"pt-BR\",\"potentialAction\":[{\"@type\":\"ReadAction\",\"target\":[\"https:\/\/proteccionshoppingonline.com.br\/loja\/loja\/deteccao-de-incendio\/sirene-audiovisual-enderecavel-g1avrf\/\"]}]},{\"@type\":\"ImageObject\",\"inLanguage\":\"pt-BR\",\"@id\":\"https:\/\/proteccionshoppingonline.com.br\/loja\/loja\/deteccao-de-incendio\/sirene-audiovisual-enderecavel-g1avrf\/#primaryimage\",\"url\":\"https:\/\/proteccionshoppingonline.com.br\/loja\/wp-content\/uploads\/2024\/11\/G1AVRF.png\",\"contentUrl\":\"https:\/\/proteccionshoppingonline.com.br\/loja\/wp-content\/uploads\/2024\/11\/G1AVRF.png\",\"width\":500,\"height\":500},{\"@type\":\"BreadcrumbList\",\"@id\":\"https:\/\/proteccionshoppingonline.com.br\/loja\/loja\/deteccao-de-incendio\/sirene-audiovisual-enderecavel-g1avrf\/#breadcrumb\",\"itemListElement\":[{\"@type\":\"ListItem\",\"position\":1,\"name\":\"Home\",\"item\":\"https:\/\/proteccionshoppingonline.com.br\/loja\/\"},{\"@type\":\"ListItem\",\"position\":2,\"name\":\"Produtos\",\"item\":\"https:\/\/proteccionshoppingonline.com.br\/loja\/cart-2\/\"},{\"@type\":\"ListItem\",\"position\":3,\"name\":\"Sirene Audiovisual Endere\u00e7\u00e1vel G1AVRF\"}]},{\"@type\":\"WebSite\",\"@id\":\"https:\/\/proteccionshoppingonline.com.br\/loja\/#website\",\"url\":\"https:\/\/proteccionshoppingonline.com.br\/loja\/\",\"name\":\"Protecci\u00f3n Shopping On Line | Seguran\u00e7a contra Inc\u00eandios\",\"description\":\"Seguran\u00e7a contra Inc\u00eandios\",\"publisher\":{\"@id\":\"https:\/\/proteccionshoppingonline.com.br\/loja\/#organization\"},\"potentialAction\":[{\"@type\":\"SearchAction\",\"target\":{\"@type\":\"EntryPoint\",\"urlTemplate\":\"https:\/\/proteccionshoppingonline.com.br\/loja\/?s={search_term_string}\"},\"query-input\":{\"@type\":\"PropertyValueSpecification\",\"valueRequired\":true,\"valueName\":\"search_term_string\"}}],\"inLanguage\":\"pt-BR\"},{\"@type\":\"Organization\",\"@id\":\"https:\/\/proteccionshoppingonline.com.br\/loja\/#organization\",\"name\":\"Protecci\u00f3n Shopping On Line\",\"url\":\"https:\/\/proteccionshoppingonline.com.br\/loja\/\",\"logo\":{\"@type\":\"ImageObject\",\"inLanguage\":\"pt-BR\",\"@id\":\"https:\/\/proteccionshoppingonline.com.br\/loja\/#\/schema\/logo\/image\/\",\"url\":\"https:\/\/proteccionshoppingonline.com.br\/loja\/wp-content\/uploads\/2024\/01\/Proteccion-Shopping-On-Line-Logo-Nova.png\",\"contentUrl\":\"https:\/\/proteccionshoppingonline.com.br\/loja\/wp-content\/uploads\/2024\/01\/Proteccion-Shopping-On-Line-Logo-Nova.png\",\"width\":2000,\"height\":600,\"caption\":\"Protecci\u00f3n Shopping On Line\"},\"image\":{\"@id\":\"https:\/\/proteccionshoppingonline.com.br\/loja\/#\/schema\/logo\/image\/\"}}]}<\/script>\n<!-- \/ Yoast SEO plugin. -->","yoast_head_json":{"title":"Sirene Audiovisual Endere\u00e7\u00e1vel G1AVRF -","description":"A Sirene G1AVRF apresenta um design elegante, discreto e tecnologia que torna o pre\u00e7o de sua instala\u00e7\u00e3o mais acess\u00edvel e o manuseio mais pr\u00e1tico.","robots":{"index":"index","follow":"follow","max-snippet":"max-snippet:-1","max-image-preview":"max-image-preview:large","max-video-preview":"max-video-preview:-1"},"canonical":"https:\/\/proteccionshoppingonline.com.br\/loja\/loja\/deteccao-de-incendio\/sirene-audiovisual-enderecavel-g1avrf\/","og_locale":"pt_BR","og_type":"article","og_title":"Sirene Audiovisual Endere\u00e7\u00e1vel G1AVRF -","og_description":"A Sirene G1AVRF apresenta um design elegante, discreto e tecnologia que torna o pre\u00e7o de sua instala\u00e7\u00e3o mais acess\u00edvel e o manuseio mais pr\u00e1tico.","og_url":"https:\/\/proteccionshoppingonline.com.br\/loja\/loja\/deteccao-de-incendio\/sirene-audiovisual-enderecavel-g1avrf\/","og_site_name":"Protecci\u00f3n","article_modified_time":"2024-12-11T22:23:46+00:00","og_image":[{"width":500,"height":500,"url":"https:\/\/proteccionshoppingonline.com.br\/loja\/wp-content\/uploads\/2024\/11\/G1AVRF.png","type":"image\/png"}],"twitter_card":"summary_large_image","twitter_misc":{"Est. tempo de leitura":"4 minutos"},"schema":{"@context":"https:\/\/schema.org","@graph":[{"@type":"WebPage","@id":"https:\/\/proteccionshoppingonline.com.br\/loja\/loja\/deteccao-de-incendio\/sirene-audiovisual-enderecavel-g1avrf\/","url":"https:\/\/proteccionshoppingonline.com.br\/loja\/loja\/deteccao-de-incendio\/sirene-audiovisual-enderecavel-g1avrf\/","name":"Sirene Audiovisual Endere\u00e7\u00e1vel G1AVRF -","isPartOf":{"@id":"https:\/\/proteccionshoppingonline.com.br\/loja\/#website"},"primaryImageOfPage":{"@id":"https:\/\/proteccionshoppingonline.com.br\/loja\/loja\/deteccao-de-incendio\/sirene-audiovisual-enderecavel-g1avrf\/#primaryimage"},"image":{"@id":"https:\/\/proteccionshoppingonline.com.br\/loja\/loja\/deteccao-de-incendio\/sirene-audiovisual-enderecavel-g1avrf\/#primaryimage"},"thumbnailUrl":"https:\/\/proteccionshoppingonline.com.br\/loja\/wp-content\/uploads\/2024\/11\/G1AVRF.png","datePublished":"2024-11-04T18:43:18+00:00","dateModified":"2024-12-11T22:23:46+00:00","description":"A Sirene G1AVRF apresenta um design elegante, discreto e tecnologia que torna o pre\u00e7o de sua instala\u00e7\u00e3o mais acess\u00edvel e o manuseio mais pr\u00e1tico.","breadcrumb":{"@id":"https:\/\/proteccionshoppingonline.com.br\/loja\/loja\/deteccao-de-incendio\/sirene-audiovisual-enderecavel-g1avrf\/#breadcrumb"},"inLanguage":"pt-BR","potentialAction":[{"@type":"ReadAction","target":["https:\/\/proteccionshoppingonline.com.br\/loja\/loja\/deteccao-de-incendio\/sirene-audiovisual-enderecavel-g1avrf\/"]}]},{"@type":"ImageObject","inLanguage":"pt-BR","@id":"https:\/\/proteccionshoppingonline.com.br\/loja\/loja\/deteccao-de-incendio\/sirene-audiovisual-enderecavel-g1avrf\/#primaryimage","url":"https:\/\/proteccionshoppingonline.com.br\/loja\/wp-content\/uploads\/2024\/11\/G1AVRF.png","contentUrl":"https:\/\/proteccionshoppingonline.com.br\/loja\/wp-content\/uploads\/2024\/11\/G1AVRF.png","width":500,"height":500},{"@type":"BreadcrumbList","@id":"https:\/\/proteccionshoppingonline.com.br\/loja\/loja\/deteccao-de-incendio\/sirene-audiovisual-enderecavel-g1avrf\/#breadcrumb","itemListElement":[{"@type":"ListItem","position":1,"name":"Home","item":"https:\/\/proteccionshoppingonline.com.br\/loja\/"},{"@type":"ListItem","position":2,"name":"Produtos","item":"https:\/\/proteccionshoppingonline.com.br\/loja\/cart-2\/"},{"@type":"ListItem","position":3,"name":"Sirene Audiovisual Endere\u00e7\u00e1vel G1AVRF"}]},{"@type":"WebSite","@id":"https:\/\/proteccionshoppingonline.com.br\/loja\/#website","url":"https:\/\/proteccionshoppingonline.com.br\/loja\/","name":"Protecci\u00f3n Shopping On Line | Seguran\u00e7a contra Inc\u00eandios","description":"Seguran\u00e7a contra Inc\u00eandios","publisher":{"@id":"https:\/\/proteccionshoppingonline.com.br\/loja\/#organization"},"potentialAction":[{"@type":"SearchAction","target":{"@type":"EntryPoint","urlTemplate":"https:\/\/proteccionshoppingonline.com.br\/loja\/?s={search_term_string}"},"query-input":{"@type":"PropertyValueSpecification","valueRequired":true,"valueName":"search_term_string"}}],"inLanguage":"pt-BR"},{"@type":"Organization","@id":"https:\/\/proteccionshoppingonline.com.br\/loja\/#organization","name":"Protecci\u00f3n Shopping On Line","url":"https:\/\/proteccionshoppingonline.com.br\/loja\/","logo":{"@type":"ImageObject","inLanguage":"pt-BR","@id":"https:\/\/proteccionshoppingonline.com.br\/loja\/#\/schema\/logo\/image\/","url":"https:\/\/proteccionshoppingonline.com.br\/loja\/wp-content\/uploads\/2024\/01\/Proteccion-Shopping-On-Line-Logo-Nova.png","contentUrl":"https:\/\/proteccionshoppingonline.com.br\/loja\/wp-content\/uploads\/2024\/01\/Proteccion-Shopping-On-Line-Logo-Nova.png","width":2000,"height":600,"caption":"Protecci\u00f3n Shopping On Line"},"image":{"@id":"https:\/\/proteccionshoppingonline.com.br\/loja\/#\/schema\/logo\/image\/"}}]}},"_links":{"self":[{"href":"https:\/\/proteccionshoppingonline.com.br\/loja\/wp-json\/wp\/v2\/product\/15964","targetHints":{"allow":["GET"]}}],"collection":[{"href":"https:\/\/proteccionshoppingonline.com.br\/loja\/wp-json\/wp\/v2\/product"}],"about":[{"href":"https:\/\/proteccionshoppingonline.com.br\/loja\/wp-json\/wp\/v2\/types\/product"}],"version-history":[{"count":2,"href":"https:\/\/proteccionshoppingonline.com.br\/loja\/wp-json\/wp\/v2\/product\/15964\/revisions"}],"predecessor-version":[{"id":15982,"href":"https:\/\/proteccionshoppingonline.com.br\/loja\/wp-json\/wp\/v2\/product\/15964\/revisions\/15982"}],"wp:featuredmedia":[{"embeddable":true,"href":"https:\/\/proteccionshoppingonline.com.br\/loja\/wp-json\/wp\/v2\/media\/15983"}],"wp:attachment":[{"href":"https:\/\/proteccionshoppingonline.com.br\/loja\/wp-json\/wp\/v2\/media?parent=15964"}],"wp:term":[{"taxonomy":"product_brand","embeddable":true,"href":"https:\/\/proteccionshoppingonline.com.br\/loja\/wp-json\/wp\/v2\/product_brand?post=15964"},{"taxonomy":"product_cat","embeddable":true,"href":"https:\/\/proteccionshoppingonline.com.br\/loja\/wp-json\/wp\/v2\/product_cat?post=15964"},{"taxonomy":"product_tag","embeddable":true,"href":"https:\/\/proteccionshoppingonline.com.br\/loja\/wp-json\/wp\/v2\/product_tag?post=15964"}],"curies":[{"name":"wp","href":"https:\/\/api.w.org\/{rel}","templated":true}]}}