{"id":15945,"date":"2024-11-04T16:32:53","date_gmt":"2024-11-04T16:32:53","guid":{"rendered":"https:\/\/proteccionshoppingonline.com.br\/loja\/?post_type=product&#038;p=15945"},"modified":"2024-12-11T19:30:10","modified_gmt":"2024-12-11T22:30:10","slug":"modulo-enderecavel-de-rele-de-controle-siga-cr","status":"publish","type":"product","link":"https:\/\/proteccionshoppingonline.com.br\/loja\/loja\/deteccao-de-incendio\/modulo-enderecavel-de-rele-de-controle-siga-cr\/","title":{"rendered":"M\u00f3dulo Endere\u00e7\u00e1vel de Rel\u00e9 de Controle SIGA-CR"},"content":{"rendered":"<h1 style=\"text-align: center;\">M\u00f3dulo Endere\u00e7\u00e1vel de Rel\u00e9 de Controle SIGA-CR<\/h1>\n<p><strong>M\u00f3dulo Endere\u00e7\u00e1vel de Rel\u00e9 de Controle SIGA-CR &#8211; Edwards<\/strong><\/p>\n<p id=\"tw-target-text\" class=\"tw-data-text tw-text-large tw-ta\" dir=\"ltr\" data-placeholder=\"Tradu\u00e7\u00e3o\">O M\u00f3dulo de Rel\u00e9 de Controle SIGA-CR \u00e9 um dispositivo endere\u00e7\u00e1vel que<br \/>\nfornece um rel\u00e9 de sa\u00edda de contato seco Form C. Os contatos do rel\u00e9 s\u00e3o<br \/>\ntransferidos quando o m\u00f3dulo \u00e9 ativado.<br \/>\nO m\u00f3dulo requer um endere\u00e7o no circuito de linha de sinaliza\u00e7\u00e3o (SLC). Os<br \/>\nendere\u00e7os s\u00e3o atribu\u00eddos eletronicamente. N\u00e3o h\u00e1 interruptores de endere\u00e7o.<\/p>\n<p dir=\"ltr\" data-placeholder=\"Tradu\u00e7\u00e3o\"><strong>Especifica\u00e7\u00f5es<\/strong><\/p>\n<p>Tens\u00e3o de opera\u00e7\u00e3o: 15,20 a 19,95 VCC<br \/>\nAtual<br \/>\nEspera: 85 \u00b5A<br \/>\nAtivado: 85 \u00b5A<\/p>\n<p>Imped\u00e2ncia de falha de aterramento: 10 k\u00ff<\/p>\n<p>Classifica\u00e7\u00f5es de contato (servi\u00e7o de piloto): 24 VCC a 2 A \/ 120 VCA a 0,5 A<\/p>\n<p>Tipo de rel\u00e9: Formul\u00e1rio C, Classe E program\u00e1vel<\/p>\n<p>Designa\u00e7\u00e3o do circuito<br \/>\nCircuitos de linha de sinaliza\u00e7\u00e3o: Classe A, Estilo 6 ou Classe B, Estilo 4<\/p>\n<p>Tamanho do fio: 12 a 18 AWG (1,0 a 4,0 mm\u00b2)<\/p>\n<p>Caixa el\u00e9trica LPCB\/CPR<br \/>\nRequisitos: Caixa de pl\u00e1stico com placa de cobertura, sem lacunas ou furos n\u00e3o utilizados<br \/>\nTamanho m\u00ednimo L \u00d7 A \u00d7 P: 2,4 \u00d7 3,5 \u00d7 1,5 pol. (60 \u00d7 85 \u00d7 38 mm)<\/p>\n<p>Caixas el\u00e9tricas compat\u00edveis:<br \/>\nCaixa de fundo simples de 2-1\/2 pol. (64 mm)<br \/>\nCaixa quadrada padr\u00e3o de 4 pol., 1-1\/2 pol. (38 mm) de profundidade<\/p>\n<p>Ambiente operacional<br \/>\nTemperatura: 32 a 120\u00b0F (0 a 49\u00b0C)<br \/>\nHumidade relativa: 0 a 93%, sem condensa\u00e7\u00e3o<\/p>\n<p>Faixa de temperatura de armazenamento: \u00ff4 a 140\u00b0F (\u00ff20 a 60\u00b0C)<\/p>\n<p>Circuito SLC: Classe A ou Classe B<\/p>\n<p>&nbsp;<\/p>\n<p><strong>Informa\u00e7\u00f5es regulamentares<\/strong><\/p>\n<p>Conformidade com a FCC:<br \/>\nEste dispositivo est\u00e1 em conformidade com a parte 15 das<br \/>\nRegras da FCC. A opera\u00e7\u00e3o est\u00e1 sujeita \u00e0s duas condi\u00e7\u00f5es<br \/>\na seguir: (1) Este dispositivo n\u00e3o pode causar<br \/>\ninterfer\u00eancia prejudicial e (2) este dispositivo deve aceitar<br \/>\nqualquer interfer\u00eancia recebida, incluindo interfer\u00eancia<br \/>\nque possa causar opera\u00e7\u00e3o indesejada.<\/p>\n<p>Padr\u00f5es norte americanos: CAN\/ULC-S527, UL 864<\/p>\n<p>PT 54: EN 54-18:2005 Dispositivos de entrada\/sa\u00edda<\/p>\n<p>Conformidade com a UE: CE<\/p>\n<p>Certificados de RCP: 0832-RCP-F0330<\/p>\n<p>&nbsp;<\/p>\n<p>Temos centenas de produtos dispon\u00edveis, a fim de atender suas necessidades!<\/p>\n<p>Consulte-nos para mais detalhes, com a finalidade de sanar suas d\u00favidas!<\/p>\n<p>Atendimento de segunda \u00e0 sexta das 08 \u2013 12 e 13 \u2013 17hs.<\/p>\n<p>&nbsp;<\/p>\n<p>Fabricante: Edwards<\/p>\n<p>&nbsp;<\/p>\n<p>Consultar\u00a0<a href=\"http:\/\/www.engenharia.proteccionshoppingonline.com.br\/\">Proteccion engenharia<\/a><\/p>\n<p>Consultar\u00a0<a href=\"https:\/\/proteccionshoppingonline.com.br\/loja\/catalogos-it-normas\/\">Normas<\/a><\/p>\n","protected":false},"excerpt":{"rendered":"<p>M\u00f3dulo Endere\u00e7\u00e1vel de Rel\u00e9 de Controle SIGA-CR M\u00f3dulo Endere\u00e7\u00e1vel de Rel\u00e9 de Controle SIGA-CR &#8211; Edwards O M\u00f3dulo de Rel\u00e9&hellip;<\/p>\n","protected":false},"featured_media":15949,"template":"","meta":{"_seopress_robots_primary_cat":"141","_seopress_titles_title":"M\u00f3dulo Endere\u00e7\u00e1vel de Rel\u00e9 de Controle SIGA-CR","_seopress_titles_desc":"O M\u00f3dulo SIGA-CR \u00e9 um dispositivo endere\u00e7\u00e1vel que fornece um rel\u00e9 de sa\u00edda de contato seco Form C. Os contatos s\u00e3o transferidos quando o m\u00f3dulo \u00e9 ativado.","_seopress_robots_index":""},"product_brand":[],"product_cat":[141,513],"product_tag":[520],"class_list":{"0":"post-15945","1":"product","2":"type-product","3":"status-publish","4":"has-post-thumbnail","6":"product_cat-deteccao-de-incendio","7":"product_cat-edwards","8":"product_tag-modulo-enderecavel-de-rele-de-controle-siga-cr","10":"first","11":"onbackorder","12":"shipping-taxable","13":"product-type-simple"},"yoast_head":"<!-- This site is optimized with the Yoast SEO plugin v27.2 - https:\/\/yoast.com\/product\/yoast-seo-wordpress\/ -->\n<title>M\u00f3dulo Endere\u00e7\u00e1vel de Rel\u00e9 de Controle SIGA-CR -<\/title>\n<meta name=\"description\" content=\"O M\u00f3dulo SIGA-CR \u00e9 um dispositivo endere\u00e7\u00e1vel que fornece um rel\u00e9 de sa\u00edda de contato seco Form C. Os contatos s\u00e3o transferidos quando o m\u00f3dulo \u00e9 ativado.\" \/>\n<meta name=\"robots\" content=\"index, follow, max-snippet:-1, max-image-preview:large, max-video-preview:-1\" \/>\n<link rel=\"canonical\" href=\"https:\/\/proteccionshoppingonline.com.br\/loja\/loja\/deteccao-de-incendio\/modulo-enderecavel-de-rele-de-controle-siga-cr\/\" \/>\n<meta property=\"og:locale\" content=\"pt_BR\" \/>\n<meta property=\"og:type\" content=\"article\" \/>\n<meta property=\"og:title\" content=\"M\u00f3dulo Endere\u00e7\u00e1vel de Rel\u00e9 de Controle SIGA-CR -\" \/>\n<meta property=\"og:description\" content=\"O M\u00f3dulo SIGA-CR \u00e9 um dispositivo endere\u00e7\u00e1vel que fornece um rel\u00e9 de sa\u00edda de contato seco Form C. Os contatos s\u00e3o transferidos quando o m\u00f3dulo \u00e9 ativado.\" \/>\n<meta property=\"og:url\" content=\"https:\/\/proteccionshoppingonline.com.br\/loja\/loja\/deteccao-de-incendio\/modulo-enderecavel-de-rele-de-controle-siga-cr\/\" \/>\n<meta property=\"og:site_name\" content=\"Protecci\u00f3n\" \/>\n<meta property=\"article:modified_time\" content=\"2024-12-11T22:30:10+00:00\" \/>\n<meta property=\"og:image\" content=\"https:\/\/proteccionshoppingonline.com.br\/loja\/wp-content\/uploads\/2024\/11\/SIGA-CR-1.png\" \/>\n\t<meta property=\"og:image:width\" content=\"500\" \/>\n\t<meta property=\"og:image:height\" content=\"500\" \/>\n\t<meta property=\"og:image:type\" content=\"image\/png\" \/>\n<meta name=\"twitter:card\" content=\"summary_large_image\" \/>\n<meta name=\"twitter:label1\" content=\"Est. tempo de leitura\" \/>\n\t<meta name=\"twitter:data1\" content=\"3 minutos\" \/>\n<script type=\"application\/ld+json\" class=\"yoast-schema-graph\">{\"@context\":\"https:\/\/schema.org\",\"@graph\":[{\"@type\":\"WebPage\",\"@id\":\"https:\/\/proteccionshoppingonline.com.br\/loja\/loja\/deteccao-de-incendio\/modulo-enderecavel-de-rele-de-controle-siga-cr\/\",\"url\":\"https:\/\/proteccionshoppingonline.com.br\/loja\/loja\/deteccao-de-incendio\/modulo-enderecavel-de-rele-de-controle-siga-cr\/\",\"name\":\"M\u00f3dulo Endere\u00e7\u00e1vel de Rel\u00e9 de Controle SIGA-CR -\",\"isPartOf\":{\"@id\":\"https:\/\/proteccionshoppingonline.com.br\/loja\/#website\"},\"primaryImageOfPage\":{\"@id\":\"https:\/\/proteccionshoppingonline.com.br\/loja\/loja\/deteccao-de-incendio\/modulo-enderecavel-de-rele-de-controle-siga-cr\/#primaryimage\"},\"image\":{\"@id\":\"https:\/\/proteccionshoppingonline.com.br\/loja\/loja\/deteccao-de-incendio\/modulo-enderecavel-de-rele-de-controle-siga-cr\/#primaryimage\"},\"thumbnailUrl\":\"https:\/\/proteccionshoppingonline.com.br\/loja\/wp-content\/uploads\/2024\/11\/SIGA-CR-1.png\",\"datePublished\":\"2024-11-04T16:32:53+00:00\",\"dateModified\":\"2024-12-11T22:30:10+00:00\",\"description\":\"O M\u00f3dulo SIGA-CR \u00e9 um dispositivo endere\u00e7\u00e1vel que fornece um rel\u00e9 de sa\u00edda de contato seco Form C. Os contatos s\u00e3o transferidos quando o m\u00f3dulo \u00e9 ativado.\",\"breadcrumb\":{\"@id\":\"https:\/\/proteccionshoppingonline.com.br\/loja\/loja\/deteccao-de-incendio\/modulo-enderecavel-de-rele-de-controle-siga-cr\/#breadcrumb\"},\"inLanguage\":\"pt-BR\",\"potentialAction\":[{\"@type\":\"ReadAction\",\"target\":[\"https:\/\/proteccionshoppingonline.com.br\/loja\/loja\/deteccao-de-incendio\/modulo-enderecavel-de-rele-de-controle-siga-cr\/\"]}]},{\"@type\":\"ImageObject\",\"inLanguage\":\"pt-BR\",\"@id\":\"https:\/\/proteccionshoppingonline.com.br\/loja\/loja\/deteccao-de-incendio\/modulo-enderecavel-de-rele-de-controle-siga-cr\/#primaryimage\",\"url\":\"https:\/\/proteccionshoppingonline.com.br\/loja\/wp-content\/uploads\/2024\/11\/SIGA-CR-1.png\",\"contentUrl\":\"https:\/\/proteccionshoppingonline.com.br\/loja\/wp-content\/uploads\/2024\/11\/SIGA-CR-1.png\",\"width\":500,\"height\":500},{\"@type\":\"BreadcrumbList\",\"@id\":\"https:\/\/proteccionshoppingonline.com.br\/loja\/loja\/deteccao-de-incendio\/modulo-enderecavel-de-rele-de-controle-siga-cr\/#breadcrumb\",\"itemListElement\":[{\"@type\":\"ListItem\",\"position\":1,\"name\":\"Home\",\"item\":\"https:\/\/proteccionshoppingonline.com.br\/loja\/\"},{\"@type\":\"ListItem\",\"position\":2,\"name\":\"Produtos\",\"item\":\"https:\/\/proteccionshoppingonline.com.br\/loja\/cart-2\/\"},{\"@type\":\"ListItem\",\"position\":3,\"name\":\"M\u00f3dulo Endere\u00e7\u00e1vel de Rel\u00e9 de Controle SIGA-CR\"}]},{\"@type\":\"WebSite\",\"@id\":\"https:\/\/proteccionshoppingonline.com.br\/loja\/#website\",\"url\":\"https:\/\/proteccionshoppingonline.com.br\/loja\/\",\"name\":\"Protecci\u00f3n Shopping On Line | Seguran\u00e7a contra Inc\u00eandios\",\"description\":\"Seguran\u00e7a contra Inc\u00eandios\",\"publisher\":{\"@id\":\"https:\/\/proteccionshoppingonline.com.br\/loja\/#organization\"},\"potentialAction\":[{\"@type\":\"SearchAction\",\"target\":{\"@type\":\"EntryPoint\",\"urlTemplate\":\"https:\/\/proteccionshoppingonline.com.br\/loja\/?s={search_term_string}\"},\"query-input\":{\"@type\":\"PropertyValueSpecification\",\"valueRequired\":true,\"valueName\":\"search_term_string\"}}],\"inLanguage\":\"pt-BR\"},{\"@type\":\"Organization\",\"@id\":\"https:\/\/proteccionshoppingonline.com.br\/loja\/#organization\",\"name\":\"Protecci\u00f3n Shopping On Line\",\"url\":\"https:\/\/proteccionshoppingonline.com.br\/loja\/\",\"logo\":{\"@type\":\"ImageObject\",\"inLanguage\":\"pt-BR\",\"@id\":\"https:\/\/proteccionshoppingonline.com.br\/loja\/#\/schema\/logo\/image\/\",\"url\":\"https:\/\/proteccionshoppingonline.com.br\/loja\/wp-content\/uploads\/2024\/01\/Proteccion-Shopping-On-Line-Logo-Nova.png\",\"contentUrl\":\"https:\/\/proteccionshoppingonline.com.br\/loja\/wp-content\/uploads\/2024\/01\/Proteccion-Shopping-On-Line-Logo-Nova.png\",\"width\":2000,\"height\":600,\"caption\":\"Protecci\u00f3n Shopping On Line\"},\"image\":{\"@id\":\"https:\/\/proteccionshoppingonline.com.br\/loja\/#\/schema\/logo\/image\/\"}}]}<\/script>\n<!-- \/ Yoast SEO plugin. -->","yoast_head_json":{"title":"M\u00f3dulo Endere\u00e7\u00e1vel de Rel\u00e9 de Controle SIGA-CR -","description":"O M\u00f3dulo SIGA-CR \u00e9 um dispositivo endere\u00e7\u00e1vel que fornece um rel\u00e9 de sa\u00edda de contato seco Form C. Os contatos s\u00e3o transferidos quando o m\u00f3dulo \u00e9 ativado.","robots":{"index":"index","follow":"follow","max-snippet":"max-snippet:-1","max-image-preview":"max-image-preview:large","max-video-preview":"max-video-preview:-1"},"canonical":"https:\/\/proteccionshoppingonline.com.br\/loja\/loja\/deteccao-de-incendio\/modulo-enderecavel-de-rele-de-controle-siga-cr\/","og_locale":"pt_BR","og_type":"article","og_title":"M\u00f3dulo Endere\u00e7\u00e1vel de Rel\u00e9 de Controle SIGA-CR -","og_description":"O M\u00f3dulo SIGA-CR \u00e9 um dispositivo endere\u00e7\u00e1vel que fornece um rel\u00e9 de sa\u00edda de contato seco Form C. Os contatos s\u00e3o transferidos quando o m\u00f3dulo \u00e9 ativado.","og_url":"https:\/\/proteccionshoppingonline.com.br\/loja\/loja\/deteccao-de-incendio\/modulo-enderecavel-de-rele-de-controle-siga-cr\/","og_site_name":"Protecci\u00f3n","article_modified_time":"2024-12-11T22:30:10+00:00","og_image":[{"width":500,"height":500,"url":"https:\/\/proteccionshoppingonline.com.br\/loja\/wp-content\/uploads\/2024\/11\/SIGA-CR-1.png","type":"image\/png"}],"twitter_card":"summary_large_image","twitter_misc":{"Est. tempo de leitura":"3 minutos"},"schema":{"@context":"https:\/\/schema.org","@graph":[{"@type":"WebPage","@id":"https:\/\/proteccionshoppingonline.com.br\/loja\/loja\/deteccao-de-incendio\/modulo-enderecavel-de-rele-de-controle-siga-cr\/","url":"https:\/\/proteccionshoppingonline.com.br\/loja\/loja\/deteccao-de-incendio\/modulo-enderecavel-de-rele-de-controle-siga-cr\/","name":"M\u00f3dulo Endere\u00e7\u00e1vel de Rel\u00e9 de Controle SIGA-CR -","isPartOf":{"@id":"https:\/\/proteccionshoppingonline.com.br\/loja\/#website"},"primaryImageOfPage":{"@id":"https:\/\/proteccionshoppingonline.com.br\/loja\/loja\/deteccao-de-incendio\/modulo-enderecavel-de-rele-de-controle-siga-cr\/#primaryimage"},"image":{"@id":"https:\/\/proteccionshoppingonline.com.br\/loja\/loja\/deteccao-de-incendio\/modulo-enderecavel-de-rele-de-controle-siga-cr\/#primaryimage"},"thumbnailUrl":"https:\/\/proteccionshoppingonline.com.br\/loja\/wp-content\/uploads\/2024\/11\/SIGA-CR-1.png","datePublished":"2024-11-04T16:32:53+00:00","dateModified":"2024-12-11T22:30:10+00:00","description":"O M\u00f3dulo SIGA-CR \u00e9 um dispositivo endere\u00e7\u00e1vel que fornece um rel\u00e9 de sa\u00edda de contato seco Form C. Os contatos s\u00e3o transferidos quando o m\u00f3dulo \u00e9 ativado.","breadcrumb":{"@id":"https:\/\/proteccionshoppingonline.com.br\/loja\/loja\/deteccao-de-incendio\/modulo-enderecavel-de-rele-de-controle-siga-cr\/#breadcrumb"},"inLanguage":"pt-BR","potentialAction":[{"@type":"ReadAction","target":["https:\/\/proteccionshoppingonline.com.br\/loja\/loja\/deteccao-de-incendio\/modulo-enderecavel-de-rele-de-controle-siga-cr\/"]}]},{"@type":"ImageObject","inLanguage":"pt-BR","@id":"https:\/\/proteccionshoppingonline.com.br\/loja\/loja\/deteccao-de-incendio\/modulo-enderecavel-de-rele-de-controle-siga-cr\/#primaryimage","url":"https:\/\/proteccionshoppingonline.com.br\/loja\/wp-content\/uploads\/2024\/11\/SIGA-CR-1.png","contentUrl":"https:\/\/proteccionshoppingonline.com.br\/loja\/wp-content\/uploads\/2024\/11\/SIGA-CR-1.png","width":500,"height":500},{"@type":"BreadcrumbList","@id":"https:\/\/proteccionshoppingonline.com.br\/loja\/loja\/deteccao-de-incendio\/modulo-enderecavel-de-rele-de-controle-siga-cr\/#breadcrumb","itemListElement":[{"@type":"ListItem","position":1,"name":"Home","item":"https:\/\/proteccionshoppingonline.com.br\/loja\/"},{"@type":"ListItem","position":2,"name":"Produtos","item":"https:\/\/proteccionshoppingonline.com.br\/loja\/cart-2\/"},{"@type":"ListItem","position":3,"name":"M\u00f3dulo Endere\u00e7\u00e1vel de Rel\u00e9 de Controle SIGA-CR"}]},{"@type":"WebSite","@id":"https:\/\/proteccionshoppingonline.com.br\/loja\/#website","url":"https:\/\/proteccionshoppingonline.com.br\/loja\/","name":"Protecci\u00f3n Shopping On Line | Seguran\u00e7a contra Inc\u00eandios","description":"Seguran\u00e7a contra Inc\u00eandios","publisher":{"@id":"https:\/\/proteccionshoppingonline.com.br\/loja\/#organization"},"potentialAction":[{"@type":"SearchAction","target":{"@type":"EntryPoint","urlTemplate":"https:\/\/proteccionshoppingonline.com.br\/loja\/?s={search_term_string}"},"query-input":{"@type":"PropertyValueSpecification","valueRequired":true,"valueName":"search_term_string"}}],"inLanguage":"pt-BR"},{"@type":"Organization","@id":"https:\/\/proteccionshoppingonline.com.br\/loja\/#organization","name":"Protecci\u00f3n Shopping On Line","url":"https:\/\/proteccionshoppingonline.com.br\/loja\/","logo":{"@type":"ImageObject","inLanguage":"pt-BR","@id":"https:\/\/proteccionshoppingonline.com.br\/loja\/#\/schema\/logo\/image\/","url":"https:\/\/proteccionshoppingonline.com.br\/loja\/wp-content\/uploads\/2024\/01\/Proteccion-Shopping-On-Line-Logo-Nova.png","contentUrl":"https:\/\/proteccionshoppingonline.com.br\/loja\/wp-content\/uploads\/2024\/01\/Proteccion-Shopping-On-Line-Logo-Nova.png","width":2000,"height":600,"caption":"Protecci\u00f3n Shopping On Line"},"image":{"@id":"https:\/\/proteccionshoppingonline.com.br\/loja\/#\/schema\/logo\/image\/"}}]}},"_links":{"self":[{"href":"https:\/\/proteccionshoppingonline.com.br\/loja\/wp-json\/wp\/v2\/product\/15945","targetHints":{"allow":["GET"]}}],"collection":[{"href":"https:\/\/proteccionshoppingonline.com.br\/loja\/wp-json\/wp\/v2\/product"}],"about":[{"href":"https:\/\/proteccionshoppingonline.com.br\/loja\/wp-json\/wp\/v2\/types\/product"}],"version-history":[{"count":1,"href":"https:\/\/proteccionshoppingonline.com.br\/loja\/wp-json\/wp\/v2\/product\/15945\/revisions"}],"predecessor-version":[{"id":15950,"href":"https:\/\/proteccionshoppingonline.com.br\/loja\/wp-json\/wp\/v2\/product\/15945\/revisions\/15950"}],"wp:featuredmedia":[{"embeddable":true,"href":"https:\/\/proteccionshoppingonline.com.br\/loja\/wp-json\/wp\/v2\/media\/15949"}],"wp:attachment":[{"href":"https:\/\/proteccionshoppingonline.com.br\/loja\/wp-json\/wp\/v2\/media?parent=15945"}],"wp:term":[{"taxonomy":"product_brand","embeddable":true,"href":"https:\/\/proteccionshoppingonline.com.br\/loja\/wp-json\/wp\/v2\/product_brand?post=15945"},{"taxonomy":"product_cat","embeddable":true,"href":"https:\/\/proteccionshoppingonline.com.br\/loja\/wp-json\/wp\/v2\/product_cat?post=15945"},{"taxonomy":"product_tag","embeddable":true,"href":"https:\/\/proteccionshoppingonline.com.br\/loja\/wp-json\/wp\/v2\/product_tag?post=15945"}],"curies":[{"name":"wp","href":"https:\/\/api.w.org\/{rel}","templated":true}]}}