{"id":15932,"date":"2024-11-04T15:01:40","date_gmt":"2024-11-04T15:01:40","guid":{"rendered":"https:\/\/proteccionshoppingonline.com.br\/loja\/?post_type=product&#038;p=15932"},"modified":"2024-12-11T19:34:04","modified_gmt":"2024-12-11T22:34:04","slug":"detector-de-temperatura-siga-hrd-enderecavel","status":"publish","type":"product","link":"https:\/\/proteccionshoppingonline.com.br\/loja\/loja\/deteccao-de-incendio\/detector-de-temperatura-siga-hrd-enderecavel\/","title":{"rendered":"Detector de Temperatura SIGA-HRD Endere\u00e7\u00e1vel"},"content":{"rendered":"<h1 style=\"text-align: center;\">Detector de Temperatura Endere\u00e7\u00e1vel<br \/>\nSIGA-HRD<\/h1>\n<p><strong>Detector de Temperatura Endere\u00e7\u00e1vel &#8211; SIGA-HRD &#8211; Edwards<\/strong><\/p>\n<p id=\"tw-target-text\" class=\"tw-data-text tw-text-large tw-ta\" dir=\"ltr\" data-placeholder=\"Tradu\u00e7\u00e3o\">O modelo SIGA-HRD da s\u00e9rie Signature \u00e9 um detector inteligente de calor com taxa de<br \/>\naumento e temperatura fixa, um dispositivo inteligente que cont\u00e9m uma fun\u00e7\u00e3o de sensor<br \/>\nde calor com taxa de aumento e temperatura fixa para detectar inc\u00eandios.<br \/>\nO sensor de calor monitora a temperatura do ar ao redor e o detector analisa os dados<br \/>\ndo sensor para determinar se deve iniciar um alarme. A fun\u00e7\u00e3o de calor de taxa de aumento<br \/>\ndetecta rapidamente um inc\u00eandio r\u00e1pido e flamejante. A fun\u00e7\u00e3o de calor de temperatura<br \/>\nfixa detecta inc\u00eandio quando a temperatura do ar perto do detector excede o ponto de<br \/>\nalarme.<\/p>\n<p dir=\"ltr\" data-placeholder=\"Tradu\u00e7\u00e3o\"><strong>Especifica\u00e7\u00f5es<\/strong><\/p>\n<p dir=\"ltr\" data-placeholder=\"Tradu\u00e7\u00e3o\">Tens\u00e3o de opera\u00e7\u00e3o: 15,20 a 19,95 VCC<\/p>\n<p>Atual<br \/>\nOpera\u00e7\u00e3o normal: 51 \u00b5A<br \/>\nAlarme: 68 \u00b5A<\/p>\n<p>N\u00edvel de vibra\u00e7\u00e3o: 10 a 35 Hz, com amplitude de 0,01 pol.<\/p>\n<p>Espa\u00e7amento m\u00e1ximo [1]: Centros de 50 p\u00e9s (15,2 m)<\/p>\n<p>Bases compat\u00edveis<br \/>\nPadr\u00e3o: SIGA-SB, SIGA-SB4<br \/>\nRel\u00e9: SIGA-RB, SIGA-RB4<br \/>\nIsolador: SIGA-IB, SIGA-IB4<br \/>\nAud\u00edvel: SIGA-AB4G, SIGA-AB4GT, SIGA-AB4G-LF<\/p>\n<p>Testadores de detectores compat\u00edveis [2]: Testifire 1000, Testifire 2000<\/p>\n<p>Ambiente operacional<br \/>\nTemperatura: 32 a 100\u00b0F (0 a 38\u00b0C)<br \/>\nHumidade relativa: 0 a 93% sem condensa\u00e7\u00e3o \u00ff4<\/p>\n<p>Temperatura de armazenamento: a 140\u00b0F (\u00ff20 a 60\u00b0C)<\/p>\n<p dir=\"ltr\" data-placeholder=\"Tradu\u00e7\u00e3o\">I<strong>nforma\u00e7\u00f5es Regulat\u00f3rias<\/strong><\/p>\n<p dir=\"ltr\" data-placeholder=\"Tradu\u00e7\u00e3o\">Padr\u00f5es norte americanos: CAN\/ULC-S530, UL 521<br \/>\nClassifica\u00e7\u00e3o de alarme de temperatura fixa UL\/ULC: 135\u00b0F (57,2\u00b0C)<br \/>\nPonto de alarme real UL\/ULC: 129 a 141\u00b0F (53,9 a 60,6\u00b0C)<br \/>\n\u00cdndice de tempo de resposta: R\u00e1pido (avaliado pela FM Approvals)<\/p>\n<p>Conformidade com a FCC:<br \/>\nEste dispositivo est\u00e1 em conformidade com a parte 15<br \/>\ndas Regras da FCC. A opera\u00e7\u00e3o est\u00e1 sujeita \u00e0s duas<br \/>\ncondi\u00e7\u00f5es a seguir: (1) Este dispositivo n\u00e3o pode causar<br \/>\ninterfer\u00eancia prejudicial e (2) este dispositivo deve aceitar<br \/>\nqualquer interfer\u00eancia recebida, incluindo interfer\u00eancia que<br \/>\npossa causar opera\u00e7\u00e3o indesejada.<\/p>\n<p>Conformidade com a Industry Canada:<br \/>\nEste aparelho digital Classe A est\u00e1 em conformidade com a norma canadense ICES-003.<\/p>\n<p>&nbsp;<\/p>\n<p>Temos centenas de produtos dispon\u00edveis, a fim de atender suas necessidades!<\/p>\n<p>Consulte-nos para mais detalhes, com a finalidade de sanar suas d\u00favidas!<\/p>\n<p>Atendimento de segunda \u00e0 sexta das 08 \u2013 12 e 13 \u2013 17hs.<\/p>\n<p>&nbsp;<\/p>\n<p>Fabricante: Edwards<\/p>\n<p>&nbsp;<\/p>\n<p>Consultar\u00a0<a href=\"http:\/\/www.engenharia.proteccionshoppingonline.com.br\/\">Proteccion engenharia<\/a><\/p>\n<p>Consultar\u00a0<a href=\"https:\/\/proteccionshoppingonline.com.br\/loja\/catalogos-it-normas\/\">Normas<\/a><\/p>\n","protected":false},"excerpt":{"rendered":"<p>Detector de Temperatura Endere\u00e7\u00e1vel SIGA-HRD Detector de Temperatura Endere\u00e7\u00e1vel &#8211; SIGA-HRD &#8211; Edwards O modelo SIGA-HRD da s\u00e9rie Signature \u00e9&hellip;<\/p>\n","protected":false},"featured_media":15933,"template":"","meta":{"_seopress_robots_primary_cat":"141","_seopress_titles_title":"Detector de Temperatura Endere\u00e7\u00e1vel SIGA-HRD - Edwards","_seopress_titles_desc":"O Detector de Temperatura SIGA-HRD \u00e9 um detector inteligente de temperatura fixa, que cont\u00e9m uma fun\u00e7\u00e3o de sensor de calor para detectar inc\u00eandios.","_seopress_robots_index":""},"product_brand":[],"product_cat":[141,513],"product_tag":[514,517],"class_list":{"0":"post-15932","1":"product","2":"type-product","3":"status-publish","4":"has-post-thumbnail","6":"product_cat-deteccao-de-incendio","7":"product_cat-edwards","8":"product_tag-detector-edwards","9":"product_tag-detector-siga-hrd","11":"first","12":"onbackorder","13":"shipping-taxable","14":"product-type-simple"},"yoast_head":"<!-- This site is optimized with the Yoast SEO plugin v27.2 - https:\/\/yoast.com\/product\/yoast-seo-wordpress\/ -->\n<title>Detector de Temperatura SIGA-HRD Endere\u00e7\u00e1vel -<\/title>\n<meta name=\"description\" content=\"O Detector de Temperatura SIGA-HRD \u00e9 um detector inteligente de temperatura fixa, que cont\u00e9m uma fun\u00e7\u00e3o de sensor de calor para detectar inc\u00eandios.\" \/>\n<meta name=\"robots\" content=\"index, follow, max-snippet:-1, max-image-preview:large, max-video-preview:-1\" \/>\n<link rel=\"canonical\" href=\"https:\/\/proteccionshoppingonline.com.br\/loja\/loja\/deteccao-de-incendio\/detector-de-temperatura-siga-hrd-enderecavel\/\" \/>\n<meta property=\"og:locale\" content=\"pt_BR\" \/>\n<meta property=\"og:type\" content=\"article\" \/>\n<meta property=\"og:title\" content=\"Detector de Temperatura SIGA-HRD Endere\u00e7\u00e1vel -\" \/>\n<meta property=\"og:description\" content=\"O Detector de Temperatura SIGA-HRD \u00e9 um detector inteligente de temperatura fixa, que cont\u00e9m uma fun\u00e7\u00e3o de sensor de calor para detectar inc\u00eandios.\" \/>\n<meta property=\"og:url\" content=\"https:\/\/proteccionshoppingonline.com.br\/loja\/loja\/deteccao-de-incendio\/detector-de-temperatura-siga-hrd-enderecavel\/\" \/>\n<meta property=\"og:site_name\" content=\"Protecci\u00f3n\" \/>\n<meta property=\"article:modified_time\" content=\"2024-12-11T22:34:04+00:00\" \/>\n<meta property=\"og:image\" content=\"https:\/\/proteccionshoppingonline.com.br\/loja\/wp-content\/uploads\/2024\/11\/SIGA-HRD.png\" \/>\n\t<meta property=\"og:image:width\" content=\"500\" \/>\n\t<meta property=\"og:image:height\" content=\"500\" \/>\n\t<meta property=\"og:image:type\" content=\"image\/png\" \/>\n<meta name=\"twitter:card\" content=\"summary_large_image\" \/>\n<meta name=\"twitter:label1\" content=\"Est. tempo de leitura\" \/>\n\t<meta name=\"twitter:data1\" content=\"3 minutos\" \/>\n<script type=\"application\/ld+json\" class=\"yoast-schema-graph\">{\"@context\":\"https:\/\/schema.org\",\"@graph\":[{\"@type\":\"WebPage\",\"@id\":\"https:\/\/proteccionshoppingonline.com.br\/loja\/loja\/deteccao-de-incendio\/detector-de-temperatura-siga-hrd-enderecavel\/\",\"url\":\"https:\/\/proteccionshoppingonline.com.br\/loja\/loja\/deteccao-de-incendio\/detector-de-temperatura-siga-hrd-enderecavel\/\",\"name\":\"Detector de Temperatura SIGA-HRD Endere\u00e7\u00e1vel -\",\"isPartOf\":{\"@id\":\"https:\/\/proteccionshoppingonline.com.br\/loja\/#website\"},\"primaryImageOfPage\":{\"@id\":\"https:\/\/proteccionshoppingonline.com.br\/loja\/loja\/deteccao-de-incendio\/detector-de-temperatura-siga-hrd-enderecavel\/#primaryimage\"},\"image\":{\"@id\":\"https:\/\/proteccionshoppingonline.com.br\/loja\/loja\/deteccao-de-incendio\/detector-de-temperatura-siga-hrd-enderecavel\/#primaryimage\"},\"thumbnailUrl\":\"https:\/\/proteccionshoppingonline.com.br\/loja\/wp-content\/uploads\/2024\/11\/SIGA-HRD.png\",\"datePublished\":\"2024-11-04T15:01:40+00:00\",\"dateModified\":\"2024-12-11T22:34:04+00:00\",\"description\":\"O Detector de Temperatura SIGA-HRD \u00e9 um detector inteligente de temperatura fixa, que cont\u00e9m uma fun\u00e7\u00e3o de sensor de calor para detectar inc\u00eandios.\",\"breadcrumb\":{\"@id\":\"https:\/\/proteccionshoppingonline.com.br\/loja\/loja\/deteccao-de-incendio\/detector-de-temperatura-siga-hrd-enderecavel\/#breadcrumb\"},\"inLanguage\":\"pt-BR\",\"potentialAction\":[{\"@type\":\"ReadAction\",\"target\":[\"https:\/\/proteccionshoppingonline.com.br\/loja\/loja\/deteccao-de-incendio\/detector-de-temperatura-siga-hrd-enderecavel\/\"]}]},{\"@type\":\"ImageObject\",\"inLanguage\":\"pt-BR\",\"@id\":\"https:\/\/proteccionshoppingonline.com.br\/loja\/loja\/deteccao-de-incendio\/detector-de-temperatura-siga-hrd-enderecavel\/#primaryimage\",\"url\":\"https:\/\/proteccionshoppingonline.com.br\/loja\/wp-content\/uploads\/2024\/11\/SIGA-HRD.png\",\"contentUrl\":\"https:\/\/proteccionshoppingonline.com.br\/loja\/wp-content\/uploads\/2024\/11\/SIGA-HRD.png\",\"width\":500,\"height\":500},{\"@type\":\"BreadcrumbList\",\"@id\":\"https:\/\/proteccionshoppingonline.com.br\/loja\/loja\/deteccao-de-incendio\/detector-de-temperatura-siga-hrd-enderecavel\/#breadcrumb\",\"itemListElement\":[{\"@type\":\"ListItem\",\"position\":1,\"name\":\"Home\",\"item\":\"https:\/\/proteccionshoppingonline.com.br\/loja\/\"},{\"@type\":\"ListItem\",\"position\":2,\"name\":\"Produtos\",\"item\":\"https:\/\/proteccionshoppingonline.com.br\/loja\/cart-2\/\"},{\"@type\":\"ListItem\",\"position\":3,\"name\":\"Detector de Temperatura SIGA-HRD Endere\u00e7\u00e1vel\"}]},{\"@type\":\"WebSite\",\"@id\":\"https:\/\/proteccionshoppingonline.com.br\/loja\/#website\",\"url\":\"https:\/\/proteccionshoppingonline.com.br\/loja\/\",\"name\":\"Protecci\u00f3n Shopping On Line | Seguran\u00e7a contra Inc\u00eandios\",\"description\":\"Seguran\u00e7a contra Inc\u00eandios\",\"publisher\":{\"@id\":\"https:\/\/proteccionshoppingonline.com.br\/loja\/#organization\"},\"potentialAction\":[{\"@type\":\"SearchAction\",\"target\":{\"@type\":\"EntryPoint\",\"urlTemplate\":\"https:\/\/proteccionshoppingonline.com.br\/loja\/?s={search_term_string}\"},\"query-input\":{\"@type\":\"PropertyValueSpecification\",\"valueRequired\":true,\"valueName\":\"search_term_string\"}}],\"inLanguage\":\"pt-BR\"},{\"@type\":\"Organization\",\"@id\":\"https:\/\/proteccionshoppingonline.com.br\/loja\/#organization\",\"name\":\"Protecci\u00f3n Shopping On Line\",\"url\":\"https:\/\/proteccionshoppingonline.com.br\/loja\/\",\"logo\":{\"@type\":\"ImageObject\",\"inLanguage\":\"pt-BR\",\"@id\":\"https:\/\/proteccionshoppingonline.com.br\/loja\/#\/schema\/logo\/image\/\",\"url\":\"https:\/\/proteccionshoppingonline.com.br\/loja\/wp-content\/uploads\/2024\/01\/Proteccion-Shopping-On-Line-Logo-Nova.png\",\"contentUrl\":\"https:\/\/proteccionshoppingonline.com.br\/loja\/wp-content\/uploads\/2024\/01\/Proteccion-Shopping-On-Line-Logo-Nova.png\",\"width\":2000,\"height\":600,\"caption\":\"Protecci\u00f3n Shopping On Line\"},\"image\":{\"@id\":\"https:\/\/proteccionshoppingonline.com.br\/loja\/#\/schema\/logo\/image\/\"}}]}<\/script>\n<!-- \/ Yoast SEO plugin. -->","yoast_head_json":{"title":"Detector de Temperatura SIGA-HRD Endere\u00e7\u00e1vel -","description":"O Detector de Temperatura SIGA-HRD \u00e9 um detector inteligente de temperatura fixa, que cont\u00e9m uma fun\u00e7\u00e3o de sensor de calor para detectar inc\u00eandios.","robots":{"index":"index","follow":"follow","max-snippet":"max-snippet:-1","max-image-preview":"max-image-preview:large","max-video-preview":"max-video-preview:-1"},"canonical":"https:\/\/proteccionshoppingonline.com.br\/loja\/loja\/deteccao-de-incendio\/detector-de-temperatura-siga-hrd-enderecavel\/","og_locale":"pt_BR","og_type":"article","og_title":"Detector de Temperatura SIGA-HRD Endere\u00e7\u00e1vel -","og_description":"O Detector de Temperatura SIGA-HRD \u00e9 um detector inteligente de temperatura fixa, que cont\u00e9m uma fun\u00e7\u00e3o de sensor de calor para detectar inc\u00eandios.","og_url":"https:\/\/proteccionshoppingonline.com.br\/loja\/loja\/deteccao-de-incendio\/detector-de-temperatura-siga-hrd-enderecavel\/","og_site_name":"Protecci\u00f3n","article_modified_time":"2024-12-11T22:34:04+00:00","og_image":[{"width":500,"height":500,"url":"https:\/\/proteccionshoppingonline.com.br\/loja\/wp-content\/uploads\/2024\/11\/SIGA-HRD.png","type":"image\/png"}],"twitter_card":"summary_large_image","twitter_misc":{"Est. tempo de leitura":"3 minutos"},"schema":{"@context":"https:\/\/schema.org","@graph":[{"@type":"WebPage","@id":"https:\/\/proteccionshoppingonline.com.br\/loja\/loja\/deteccao-de-incendio\/detector-de-temperatura-siga-hrd-enderecavel\/","url":"https:\/\/proteccionshoppingonline.com.br\/loja\/loja\/deteccao-de-incendio\/detector-de-temperatura-siga-hrd-enderecavel\/","name":"Detector de Temperatura SIGA-HRD Endere\u00e7\u00e1vel -","isPartOf":{"@id":"https:\/\/proteccionshoppingonline.com.br\/loja\/#website"},"primaryImageOfPage":{"@id":"https:\/\/proteccionshoppingonline.com.br\/loja\/loja\/deteccao-de-incendio\/detector-de-temperatura-siga-hrd-enderecavel\/#primaryimage"},"image":{"@id":"https:\/\/proteccionshoppingonline.com.br\/loja\/loja\/deteccao-de-incendio\/detector-de-temperatura-siga-hrd-enderecavel\/#primaryimage"},"thumbnailUrl":"https:\/\/proteccionshoppingonline.com.br\/loja\/wp-content\/uploads\/2024\/11\/SIGA-HRD.png","datePublished":"2024-11-04T15:01:40+00:00","dateModified":"2024-12-11T22:34:04+00:00","description":"O Detector de Temperatura SIGA-HRD \u00e9 um detector inteligente de temperatura fixa, que cont\u00e9m uma fun\u00e7\u00e3o de sensor de calor para detectar inc\u00eandios.","breadcrumb":{"@id":"https:\/\/proteccionshoppingonline.com.br\/loja\/loja\/deteccao-de-incendio\/detector-de-temperatura-siga-hrd-enderecavel\/#breadcrumb"},"inLanguage":"pt-BR","potentialAction":[{"@type":"ReadAction","target":["https:\/\/proteccionshoppingonline.com.br\/loja\/loja\/deteccao-de-incendio\/detector-de-temperatura-siga-hrd-enderecavel\/"]}]},{"@type":"ImageObject","inLanguage":"pt-BR","@id":"https:\/\/proteccionshoppingonline.com.br\/loja\/loja\/deteccao-de-incendio\/detector-de-temperatura-siga-hrd-enderecavel\/#primaryimage","url":"https:\/\/proteccionshoppingonline.com.br\/loja\/wp-content\/uploads\/2024\/11\/SIGA-HRD.png","contentUrl":"https:\/\/proteccionshoppingonline.com.br\/loja\/wp-content\/uploads\/2024\/11\/SIGA-HRD.png","width":500,"height":500},{"@type":"BreadcrumbList","@id":"https:\/\/proteccionshoppingonline.com.br\/loja\/loja\/deteccao-de-incendio\/detector-de-temperatura-siga-hrd-enderecavel\/#breadcrumb","itemListElement":[{"@type":"ListItem","position":1,"name":"Home","item":"https:\/\/proteccionshoppingonline.com.br\/loja\/"},{"@type":"ListItem","position":2,"name":"Produtos","item":"https:\/\/proteccionshoppingonline.com.br\/loja\/cart-2\/"},{"@type":"ListItem","position":3,"name":"Detector de Temperatura SIGA-HRD Endere\u00e7\u00e1vel"}]},{"@type":"WebSite","@id":"https:\/\/proteccionshoppingonline.com.br\/loja\/#website","url":"https:\/\/proteccionshoppingonline.com.br\/loja\/","name":"Protecci\u00f3n Shopping On Line | Seguran\u00e7a contra Inc\u00eandios","description":"Seguran\u00e7a contra Inc\u00eandios","publisher":{"@id":"https:\/\/proteccionshoppingonline.com.br\/loja\/#organization"},"potentialAction":[{"@type":"SearchAction","target":{"@type":"EntryPoint","urlTemplate":"https:\/\/proteccionshoppingonline.com.br\/loja\/?s={search_term_string}"},"query-input":{"@type":"PropertyValueSpecification","valueRequired":true,"valueName":"search_term_string"}}],"inLanguage":"pt-BR"},{"@type":"Organization","@id":"https:\/\/proteccionshoppingonline.com.br\/loja\/#organization","name":"Protecci\u00f3n Shopping On Line","url":"https:\/\/proteccionshoppingonline.com.br\/loja\/","logo":{"@type":"ImageObject","inLanguage":"pt-BR","@id":"https:\/\/proteccionshoppingonline.com.br\/loja\/#\/schema\/logo\/image\/","url":"https:\/\/proteccionshoppingonline.com.br\/loja\/wp-content\/uploads\/2024\/01\/Proteccion-Shopping-On-Line-Logo-Nova.png","contentUrl":"https:\/\/proteccionshoppingonline.com.br\/loja\/wp-content\/uploads\/2024\/01\/Proteccion-Shopping-On-Line-Logo-Nova.png","width":2000,"height":600,"caption":"Protecci\u00f3n Shopping On Line"},"image":{"@id":"https:\/\/proteccionshoppingonline.com.br\/loja\/#\/schema\/logo\/image\/"}}]}},"_links":{"self":[{"href":"https:\/\/proteccionshoppingonline.com.br\/loja\/wp-json\/wp\/v2\/product\/15932","targetHints":{"allow":["GET"]}}],"collection":[{"href":"https:\/\/proteccionshoppingonline.com.br\/loja\/wp-json\/wp\/v2\/product"}],"about":[{"href":"https:\/\/proteccionshoppingonline.com.br\/loja\/wp-json\/wp\/v2\/types\/product"}],"version-history":[{"count":3,"href":"https:\/\/proteccionshoppingonline.com.br\/loja\/wp-json\/wp\/v2\/product\/15932\/revisions"}],"predecessor-version":[{"id":16067,"href":"https:\/\/proteccionshoppingonline.com.br\/loja\/wp-json\/wp\/v2\/product\/15932\/revisions\/16067"}],"wp:featuredmedia":[{"embeddable":true,"href":"https:\/\/proteccionshoppingonline.com.br\/loja\/wp-json\/wp\/v2\/media\/15933"}],"wp:attachment":[{"href":"https:\/\/proteccionshoppingonline.com.br\/loja\/wp-json\/wp\/v2\/media?parent=15932"}],"wp:term":[{"taxonomy":"product_brand","embeddable":true,"href":"https:\/\/proteccionshoppingonline.com.br\/loja\/wp-json\/wp\/v2\/product_brand?post=15932"},{"taxonomy":"product_cat","embeddable":true,"href":"https:\/\/proteccionshoppingonline.com.br\/loja\/wp-json\/wp\/v2\/product_cat?post=15932"},{"taxonomy":"product_tag","embeddable":true,"href":"https:\/\/proteccionshoppingonline.com.br\/loja\/wp-json\/wp\/v2\/product_tag?post=15932"}],"curies":[{"name":"wp","href":"https:\/\/api.w.org\/{rel}","templated":true}]}}