{"id":13628,"date":"2023-02-03T15:20:13","date_gmt":"2023-02-03T15:20:13","guid":{"rendered":"https:\/\/proteccionshoppingonline.com.br\/loja\/?post_type=product&#038;p=13628"},"modified":"2024-02-01T19:34:53","modified_gmt":"2024-02-01T19:34:53","slug":"modulo-de-controle-enderecavel-fcm1","status":"publish","type":"product","link":"https:\/\/proteccionshoppingonline.com.br\/loja\/loja\/detector-de-temperatura-notifier\/notifier\/modulo-de-controle-enderecavel-fcm1\/","title":{"rendered":"Modulo de Controle Endere\u00e7\u00e1vel &#8211; FCM-1"},"content":{"rendered":"<h1 style=\"text-align: center;\">Modulo de Controle Endere\u00e7\u00e1vel &#8211; FCM-1<\/h1>\n<p><b>Modulo de Controle Endere\u00e7\u00e1vel com 01 sa\u00edda 24vcc &#8211; FCM-1 &#8211;<\/b> Notifier.<\/p>\n<p>O m\u00f3dulo de controle de descarga FCM-1-REL est\u00e1 desenhado especificamente para aplica\u00e7\u00f5es de descarga para a extin\u00e7\u00e3o de inc\u00eandios em sistemas FlashScan\u00ae. A energia para o\/os solen\u00f3ide\/s de descarga de agente funcionam atrav\u00e9s do m\u00f3dulo para monitoramento e supervis\u00e3o de tempo completo.<\/p>\n<p>O m\u00f3dulo de controle de descarga FCM-1-REL utiliza um protocolo redundante; o m\u00f3dulo deve ser armado com sinais em pares para ser ativado. Acessar\u00e1 ent\u00e3o a uma janela de tr\u00eas segundos aguardando os pares de sinais de confirma\u00e7\u00e3o. Se n\u00e3o receber uma confirma\u00e7\u00e3o, o m\u00f3dulo ser\u00e1 restabelecido automaticamente. Tamb\u00e9m supervisa a fia\u00e7\u00e3o el\u00e9trica \u00e0 carga conectada e informa o estado no painel como NORMAL, OPEN ou SHORT CIRCUIT (circuito normal, aberto, curto-circuito). O m\u00f3dulo tem dois pares de pontos de termina\u00e7\u00e3o de sa\u00edda dispon\u00edveis para fia\u00e7\u00e3o el\u00e9trica tolerante a falha e um indicador de luz LED controlado pelo painel. O m\u00f3dulo pode ser conectado a um solen\u00f3ide 24VCC ou at\u00e9 dois solen\u00f3ides 12VCC (em s\u00e9rie). Para ter garantir o funcionamento adequado, esse m\u00f3dulo dever\u00e1 ser conectado unicamente a um painel de controle de sistema Notifier compat\u00edvel (lista dispon\u00edvel em). Al\u00e9m disso, consulte o Documento de compatibilidade de dispositivo de Notifier PN 15378 para obter a lista de solen\u00f3ides compat\u00edveis.<\/p>\n<p>OBSERVA\u00c7\u00d5ES: O FCM-1-REL \u00e9 requerido para todas as novas aplica\u00e7\u00f5es de descarga do modo FlashScan com pain\u00e9is NFS2- 3030 (vers\u00e3o 14.0 ou maior), NFS2-640 (vers\u00e3o 12.0 ou maior) e NFS-320(E)(C) (vers\u00e3o 12.0 ou maior). Utilize FCM-1para aplica\u00e7\u00f5es de descarga em pain\u00e9is NFS-640, NFS-3030, e em todos os pain\u00e9is de modo CLIP.<\/p>\n<p>Fun\u00e7\u00f5es<br \/>\n\u2022 Protocolo redundante para prote\u00e7\u00e3o adicional<br \/>\n\u2022 Configur\u00e1vel para opera\u00e7\u00e3o Classe A ou Classe B<br \/>\n\u2022 Monitoramento de voltagem de fonte externa<br \/>\n\u2022 Pode ser fonte de energia de um solen\u00f3ide de 24V ou dois de 12V<br \/>\n\u2022 Parafusos SEMS para facilitar a fia\u00e7\u00e3o el\u00e9trica \u2022 Luz LED de estado controlada pelo painel<br \/>\n\u2022 Comunica\u00e7\u00f5es anal\u00f3gicas \u2022 Interruptores de endere\u00e7os rotativos \u2022 Energia standby baixa<br \/>\n\u2022 \u00c9 montada em caixa de conex\u00f5es standard 4&#8243; (10.16 cm) \u2022 Opera\u00e7\u00e3o FlashScan Especifica\u00e7\u00f5es ESPECIFICA\u00c7\u00d5ES GERAIS<br \/>\n\u2022 Voltagem operativa: 20 a 32 VCC<br \/>\n\u2022 Imped\u00e2ncia de la\u00e7o de linha de comunica\u00e7\u00e3o: m\u00e1ximo 40 Ohm.<br \/>\n\u2022 Faixa de temperatura: 14\u00b0F a 140\u00b0F (-10\u00b0 a 60\u00b0C)<br \/>\n\u2022 Umidade relativa: de 10% a 95% sem condensa\u00e7\u00e3o<br \/>\n\u2022 Peso de envio: 5.5 on\u00e7as (156 gramas)<\/p>\n<p>\u2022 Dimens\u00f5es: 4.275&#8243; de largura \u00d7 4.675&#8243; de altura \u00d7 1.400&#8243;<br \/>\nde profundidade (10.86 cm. de largura \u00d7 11.87 cm. de<br \/>\naltura \u00d7 3.56 cm. de profundidade)<\/p>\n<p>SLC<br \/>\n\u2022 Energia operativa m\u00e9dia: 700 \u00b5A m\u00e1x. a 24 VCC (uma<br \/>\ncomunica\u00e7\u00e3o a cada 5 segundos com luz LED ativada)<br \/>\n\u2022 Energia m\u00e1xima de ativa\u00e7\u00e3o: 9.0 mA (luz LED acesa)<\/p>\n<p>FONTE EXTERNA<br \/>\n\u2022 Voltagem operativa normal: 24 VCC Nominal<br \/>\n\u2022 Perda m\u00e1xima de linha: 2.3 VCC (perda total permitida<br \/>\ndesde a fonte de alimenta\u00e7\u00e3o at\u00e9 o m\u00f3dulo e do m\u00f3dulo<br \/>\nat\u00e9 o solen\u00f3ide)<br \/>\n\u2022 Voltagem operativa m\u00ednima para ativar o solen\u00f3ide: 18<br \/>\nVCC (no solen\u00f3ide)<br \/>\n\u2022 Energia standby: 6.4 mA<br \/>\n\u2022 Energia de ativa\u00e7\u00e3o: 10 mA<\/p>\n<p>SOLEN\u00d3IDE<br \/>\n\u2022 Voltagem de la\u00e7o de supervis\u00e3o: 3.3 V<br \/>\n\u2022 Energia de la\u00e7o de supervis\u00e3o (normal): 30 mA<br \/>\n\u2022 Energia m\u00e1xima de ativa\u00e7\u00e3o: 2 A<\/p>\n<p>Temos centenas de produtos dispon\u00edveis, a fim de atender suas necessidades!<\/p>\n<p>Consulte-nos para mais detalhes, com a finalidade de sanar suas d\u00favidas!<\/p>\n<p>Atendimento em suma de seg \u00e0 sexta das 08 \u2013 12 e 13 \u2013 17hs.<\/p>\n<p>&nbsp;<\/p>\n<p>Fabricante: Notifier<\/p>\n<p>&nbsp;<\/p>\n<p>Consultar\u00a0<a href=\"http:\/\/www.engenharia.proteccionshoppingonline.com.br\/\">Proteccion engenharia<\/a><\/p>\n<p>Consultar\u00a0<a href=\"https:\/\/proteccionshoppingonline.com.br\/loja\/catalogos-it-normas\/\">Normas<\/a><\/p>\n","protected":false},"excerpt":{"rendered":"<p>Modulo de Controle Endere\u00e7\u00e1vel &#8211; FCM-1 Modulo de Controle Endere\u00e7\u00e1vel com 01 sa\u00edda 24vcc &#8211; FCM-1 &#8211; Notifier. O m\u00f3dulo&hellip;<\/p>\n","protected":false},"featured_media":13629,"template":"","meta":{"_seopress_robots_primary_cat":"493","_seopress_titles_title":"%%title%% %%page%% %%sep%%","_seopress_titles_desc":"O m\u00f3dulo de controle de descarga FCM-1-REL est\u00e1 desenhado especificamente para aplica\u00e7\u00f5es de descarga para a extin\u00e7\u00e3o de inc\u00eandios em sistemas FlashScan\u00ae.","_seopress_robots_index":""},"product_brand":[],"product_cat":[141,499,493],"product_tag":[],"class_list":{"0":"post-13628","1":"product","2":"type-product","3":"status-publish","4":"has-post-thumbnail","6":"product_cat-deteccao-de-incendio","7":"product_cat-modulo-de-controle-enderecavel-fcm-1-notifier","8":"product_cat-notifier","10":"first","11":"onbackorder","12":"shipping-taxable","13":"product-type-simple"},"yoast_head":"<!-- This site is optimized with the Yoast SEO plugin v27.2 - https:\/\/yoast.com\/product\/yoast-seo-wordpress\/ -->\n<title>Modulo de Controle Endere\u00e7\u00e1vel - FCM-1 -<\/title>\n<meta name=\"description\" content=\"O m\u00f3dulo de controle de descarga FCM-1-REL est\u00e1 desenhado especificamente para aplica\u00e7\u00f5es de descarga para a extin\u00e7\u00e3o de inc\u00eandios em sistemas FlashScan\u00ae.\" \/>\n<meta name=\"robots\" content=\"index, follow, max-snippet:-1, max-image-preview:large, max-video-preview:-1\" \/>\n<link rel=\"canonical\" href=\"https:\/\/proteccionshoppingonline.com.br\/loja\/loja\/detector-de-temperatura-notifier\/notifier\/modulo-de-controle-enderecavel-fcm1\/\" \/>\n<meta property=\"og:locale\" content=\"pt_BR\" \/>\n<meta property=\"og:type\" content=\"article\" \/>\n<meta property=\"og:title\" content=\"Modulo de Controle Endere\u00e7\u00e1vel - FCM-1 -\" \/>\n<meta property=\"og:description\" content=\"O m\u00f3dulo de controle de descarga FCM-1-REL est\u00e1 desenhado especificamente para aplica\u00e7\u00f5es de descarga para a extin\u00e7\u00e3o de inc\u00eandios em sistemas FlashScan\u00ae.\" \/>\n<meta property=\"og:url\" content=\"https:\/\/proteccionshoppingonline.com.br\/loja\/loja\/detector-de-temperatura-notifier\/notifier\/modulo-de-controle-enderecavel-fcm1\/\" \/>\n<meta property=\"og:site_name\" content=\"Protecci\u00f3n\" \/>\n<meta property=\"article:modified_time\" content=\"2024-02-01T19:34:53+00:00\" \/>\n<meta property=\"og:image\" content=\"https:\/\/proteccionshoppingonline.com.br\/loja\/wp-content\/uploads\/2023\/02\/Design-sem-nome-5.png\" \/>\n\t<meta property=\"og:image:width\" content=\"500\" \/>\n\t<meta property=\"og:image:height\" content=\"500\" \/>\n\t<meta property=\"og:image:type\" content=\"image\/png\" \/>\n<meta name=\"twitter:card\" content=\"summary_large_image\" \/>\n<meta name=\"twitter:label1\" content=\"Est. tempo de leitura\" \/>\n\t<meta name=\"twitter:data1\" content=\"4 minutos\" \/>\n<script type=\"application\/ld+json\" class=\"yoast-schema-graph\">{\"@context\":\"https:\/\/schema.org\",\"@graph\":[{\"@type\":\"WebPage\",\"@id\":\"https:\/\/proteccionshoppingonline.com.br\/loja\/loja\/detector-de-temperatura-notifier\/notifier\/modulo-de-controle-enderecavel-fcm1\/\",\"url\":\"https:\/\/proteccionshoppingonline.com.br\/loja\/loja\/detector-de-temperatura-notifier\/notifier\/modulo-de-controle-enderecavel-fcm1\/\",\"name\":\"Modulo de Controle Endere\u00e7\u00e1vel - FCM-1 -\",\"isPartOf\":{\"@id\":\"https:\/\/proteccionshoppingonline.com.br\/loja\/#website\"},\"primaryImageOfPage\":{\"@id\":\"https:\/\/proteccionshoppingonline.com.br\/loja\/loja\/detector-de-temperatura-notifier\/notifier\/modulo-de-controle-enderecavel-fcm1\/#primaryimage\"},\"image\":{\"@id\":\"https:\/\/proteccionshoppingonline.com.br\/loja\/loja\/detector-de-temperatura-notifier\/notifier\/modulo-de-controle-enderecavel-fcm1\/#primaryimage\"},\"thumbnailUrl\":\"https:\/\/proteccionshoppingonline.com.br\/loja\/wp-content\/uploads\/2023\/02\/Design-sem-nome-5.png\",\"datePublished\":\"2023-02-03T15:20:13+00:00\",\"dateModified\":\"2024-02-01T19:34:53+00:00\",\"description\":\"O m\u00f3dulo de controle de descarga FCM-1-REL est\u00e1 desenhado especificamente para aplica\u00e7\u00f5es de descarga para a extin\u00e7\u00e3o de inc\u00eandios em sistemas FlashScan\u00ae.\",\"breadcrumb\":{\"@id\":\"https:\/\/proteccionshoppingonline.com.br\/loja\/loja\/detector-de-temperatura-notifier\/notifier\/modulo-de-controle-enderecavel-fcm1\/#breadcrumb\"},\"inLanguage\":\"pt-BR\",\"potentialAction\":[{\"@type\":\"ReadAction\",\"target\":[\"https:\/\/proteccionshoppingonline.com.br\/loja\/loja\/detector-de-temperatura-notifier\/notifier\/modulo-de-controle-enderecavel-fcm1\/\"]}]},{\"@type\":\"ImageObject\",\"inLanguage\":\"pt-BR\",\"@id\":\"https:\/\/proteccionshoppingonline.com.br\/loja\/loja\/detector-de-temperatura-notifier\/notifier\/modulo-de-controle-enderecavel-fcm1\/#primaryimage\",\"url\":\"https:\/\/proteccionshoppingonline.com.br\/loja\/wp-content\/uploads\/2023\/02\/Design-sem-nome-5.png\",\"contentUrl\":\"https:\/\/proteccionshoppingonline.com.br\/loja\/wp-content\/uploads\/2023\/02\/Design-sem-nome-5.png\",\"width\":500,\"height\":500,\"caption\":\"modulo de comando endere\u00e7\u00e1vel FCM1\"},{\"@type\":\"BreadcrumbList\",\"@id\":\"https:\/\/proteccionshoppingonline.com.br\/loja\/loja\/detector-de-temperatura-notifier\/notifier\/modulo-de-controle-enderecavel-fcm1\/#breadcrumb\",\"itemListElement\":[{\"@type\":\"ListItem\",\"position\":1,\"name\":\"Home\",\"item\":\"https:\/\/proteccionshoppingonline.com.br\/loja\/\"},{\"@type\":\"ListItem\",\"position\":2,\"name\":\"Produtos\",\"item\":\"https:\/\/proteccionshoppingonline.com.br\/loja\/cart-2\/\"},{\"@type\":\"ListItem\",\"position\":3,\"name\":\"Modulo de Controle Endere\u00e7\u00e1vel &#8211; FCM-1\"}]},{\"@type\":\"WebSite\",\"@id\":\"https:\/\/proteccionshoppingonline.com.br\/loja\/#website\",\"url\":\"https:\/\/proteccionshoppingonline.com.br\/loja\/\",\"name\":\"Protecci\u00f3n Shopping On Line | Seguran\u00e7a contra Inc\u00eandios\",\"description\":\"Seguran\u00e7a contra Inc\u00eandios\",\"publisher\":{\"@id\":\"https:\/\/proteccionshoppingonline.com.br\/loja\/#organization\"},\"potentialAction\":[{\"@type\":\"SearchAction\",\"target\":{\"@type\":\"EntryPoint\",\"urlTemplate\":\"https:\/\/proteccionshoppingonline.com.br\/loja\/?s={search_term_string}\"},\"query-input\":{\"@type\":\"PropertyValueSpecification\",\"valueRequired\":true,\"valueName\":\"search_term_string\"}}],\"inLanguage\":\"pt-BR\"},{\"@type\":\"Organization\",\"@id\":\"https:\/\/proteccionshoppingonline.com.br\/loja\/#organization\",\"name\":\"Protecci\u00f3n Shopping On Line\",\"url\":\"https:\/\/proteccionshoppingonline.com.br\/loja\/\",\"logo\":{\"@type\":\"ImageObject\",\"inLanguage\":\"pt-BR\",\"@id\":\"https:\/\/proteccionshoppingonline.com.br\/loja\/#\/schema\/logo\/image\/\",\"url\":\"https:\/\/proteccionshoppingonline.com.br\/loja\/wp-content\/uploads\/2024\/01\/Proteccion-Shopping-On-Line-Logo-Nova.png\",\"contentUrl\":\"https:\/\/proteccionshoppingonline.com.br\/loja\/wp-content\/uploads\/2024\/01\/Proteccion-Shopping-On-Line-Logo-Nova.png\",\"width\":2000,\"height\":600,\"caption\":\"Protecci\u00f3n Shopping On Line\"},\"image\":{\"@id\":\"https:\/\/proteccionshoppingonline.com.br\/loja\/#\/schema\/logo\/image\/\"}}]}<\/script>\n<!-- \/ Yoast SEO plugin. -->","yoast_head_json":{"title":"Modulo de Controle Endere\u00e7\u00e1vel - FCM-1 -","description":"O m\u00f3dulo de controle de descarga FCM-1-REL est\u00e1 desenhado especificamente para aplica\u00e7\u00f5es de descarga para a extin\u00e7\u00e3o de inc\u00eandios em sistemas FlashScan\u00ae.","robots":{"index":"index","follow":"follow","max-snippet":"max-snippet:-1","max-image-preview":"max-image-preview:large","max-video-preview":"max-video-preview:-1"},"canonical":"https:\/\/proteccionshoppingonline.com.br\/loja\/loja\/detector-de-temperatura-notifier\/notifier\/modulo-de-controle-enderecavel-fcm1\/","og_locale":"pt_BR","og_type":"article","og_title":"Modulo de Controle Endere\u00e7\u00e1vel - FCM-1 -","og_description":"O m\u00f3dulo de controle de descarga FCM-1-REL est\u00e1 desenhado especificamente para aplica\u00e7\u00f5es de descarga para a extin\u00e7\u00e3o de inc\u00eandios em sistemas FlashScan\u00ae.","og_url":"https:\/\/proteccionshoppingonline.com.br\/loja\/loja\/detector-de-temperatura-notifier\/notifier\/modulo-de-controle-enderecavel-fcm1\/","og_site_name":"Protecci\u00f3n","article_modified_time":"2024-02-01T19:34:53+00:00","og_image":[{"width":500,"height":500,"url":"https:\/\/proteccionshoppingonline.com.br\/loja\/wp-content\/uploads\/2023\/02\/Design-sem-nome-5.png","type":"image\/png"}],"twitter_card":"summary_large_image","twitter_misc":{"Est. tempo de leitura":"4 minutos"},"schema":{"@context":"https:\/\/schema.org","@graph":[{"@type":"WebPage","@id":"https:\/\/proteccionshoppingonline.com.br\/loja\/loja\/detector-de-temperatura-notifier\/notifier\/modulo-de-controle-enderecavel-fcm1\/","url":"https:\/\/proteccionshoppingonline.com.br\/loja\/loja\/detector-de-temperatura-notifier\/notifier\/modulo-de-controle-enderecavel-fcm1\/","name":"Modulo de Controle Endere\u00e7\u00e1vel - FCM-1 -","isPartOf":{"@id":"https:\/\/proteccionshoppingonline.com.br\/loja\/#website"},"primaryImageOfPage":{"@id":"https:\/\/proteccionshoppingonline.com.br\/loja\/loja\/detector-de-temperatura-notifier\/notifier\/modulo-de-controle-enderecavel-fcm1\/#primaryimage"},"image":{"@id":"https:\/\/proteccionshoppingonline.com.br\/loja\/loja\/detector-de-temperatura-notifier\/notifier\/modulo-de-controle-enderecavel-fcm1\/#primaryimage"},"thumbnailUrl":"https:\/\/proteccionshoppingonline.com.br\/loja\/wp-content\/uploads\/2023\/02\/Design-sem-nome-5.png","datePublished":"2023-02-03T15:20:13+00:00","dateModified":"2024-02-01T19:34:53+00:00","description":"O m\u00f3dulo de controle de descarga FCM-1-REL est\u00e1 desenhado especificamente para aplica\u00e7\u00f5es de descarga para a extin\u00e7\u00e3o de inc\u00eandios em sistemas FlashScan\u00ae.","breadcrumb":{"@id":"https:\/\/proteccionshoppingonline.com.br\/loja\/loja\/detector-de-temperatura-notifier\/notifier\/modulo-de-controle-enderecavel-fcm1\/#breadcrumb"},"inLanguage":"pt-BR","potentialAction":[{"@type":"ReadAction","target":["https:\/\/proteccionshoppingonline.com.br\/loja\/loja\/detector-de-temperatura-notifier\/notifier\/modulo-de-controle-enderecavel-fcm1\/"]}]},{"@type":"ImageObject","inLanguage":"pt-BR","@id":"https:\/\/proteccionshoppingonline.com.br\/loja\/loja\/detector-de-temperatura-notifier\/notifier\/modulo-de-controle-enderecavel-fcm1\/#primaryimage","url":"https:\/\/proteccionshoppingonline.com.br\/loja\/wp-content\/uploads\/2023\/02\/Design-sem-nome-5.png","contentUrl":"https:\/\/proteccionshoppingonline.com.br\/loja\/wp-content\/uploads\/2023\/02\/Design-sem-nome-5.png","width":500,"height":500,"caption":"modulo de comando endere\u00e7\u00e1vel FCM1"},{"@type":"BreadcrumbList","@id":"https:\/\/proteccionshoppingonline.com.br\/loja\/loja\/detector-de-temperatura-notifier\/notifier\/modulo-de-controle-enderecavel-fcm1\/#breadcrumb","itemListElement":[{"@type":"ListItem","position":1,"name":"Home","item":"https:\/\/proteccionshoppingonline.com.br\/loja\/"},{"@type":"ListItem","position":2,"name":"Produtos","item":"https:\/\/proteccionshoppingonline.com.br\/loja\/cart-2\/"},{"@type":"ListItem","position":3,"name":"Modulo de Controle Endere\u00e7\u00e1vel &#8211; FCM-1"}]},{"@type":"WebSite","@id":"https:\/\/proteccionshoppingonline.com.br\/loja\/#website","url":"https:\/\/proteccionshoppingonline.com.br\/loja\/","name":"Protecci\u00f3n Shopping On Line | Seguran\u00e7a contra Inc\u00eandios","description":"Seguran\u00e7a contra Inc\u00eandios","publisher":{"@id":"https:\/\/proteccionshoppingonline.com.br\/loja\/#organization"},"potentialAction":[{"@type":"SearchAction","target":{"@type":"EntryPoint","urlTemplate":"https:\/\/proteccionshoppingonline.com.br\/loja\/?s={search_term_string}"},"query-input":{"@type":"PropertyValueSpecification","valueRequired":true,"valueName":"search_term_string"}}],"inLanguage":"pt-BR"},{"@type":"Organization","@id":"https:\/\/proteccionshoppingonline.com.br\/loja\/#organization","name":"Protecci\u00f3n Shopping On Line","url":"https:\/\/proteccionshoppingonline.com.br\/loja\/","logo":{"@type":"ImageObject","inLanguage":"pt-BR","@id":"https:\/\/proteccionshoppingonline.com.br\/loja\/#\/schema\/logo\/image\/","url":"https:\/\/proteccionshoppingonline.com.br\/loja\/wp-content\/uploads\/2024\/01\/Proteccion-Shopping-On-Line-Logo-Nova.png","contentUrl":"https:\/\/proteccionshoppingonline.com.br\/loja\/wp-content\/uploads\/2024\/01\/Proteccion-Shopping-On-Line-Logo-Nova.png","width":2000,"height":600,"caption":"Protecci\u00f3n Shopping On Line"},"image":{"@id":"https:\/\/proteccionshoppingonline.com.br\/loja\/#\/schema\/logo\/image\/"}}]}},"_links":{"self":[{"href":"https:\/\/proteccionshoppingonline.com.br\/loja\/wp-json\/wp\/v2\/product\/13628","targetHints":{"allow":["GET"]}}],"collection":[{"href":"https:\/\/proteccionshoppingonline.com.br\/loja\/wp-json\/wp\/v2\/product"}],"about":[{"href":"https:\/\/proteccionshoppingonline.com.br\/loja\/wp-json\/wp\/v2\/types\/product"}],"version-history":[{"count":3,"href":"https:\/\/proteccionshoppingonline.com.br\/loja\/wp-json\/wp\/v2\/product\/13628\/revisions"}],"predecessor-version":[{"id":17075,"href":"https:\/\/proteccionshoppingonline.com.br\/loja\/wp-json\/wp\/v2\/product\/13628\/revisions\/17075"}],"wp:featuredmedia":[{"embeddable":true,"href":"https:\/\/proteccionshoppingonline.com.br\/loja\/wp-json\/wp\/v2\/media\/13629"}],"wp:attachment":[{"href":"https:\/\/proteccionshoppingonline.com.br\/loja\/wp-json\/wp\/v2\/media?parent=13628"}],"wp:term":[{"taxonomy":"product_brand","embeddable":true,"href":"https:\/\/proteccionshoppingonline.com.br\/loja\/wp-json\/wp\/v2\/product_brand?post=13628"},{"taxonomy":"product_cat","embeddable":true,"href":"https:\/\/proteccionshoppingonline.com.br\/loja\/wp-json\/wp\/v2\/product_cat?post=13628"},{"taxonomy":"product_tag","embeddable":true,"href":"https:\/\/proteccionshoppingonline.com.br\/loja\/wp-json\/wp\/v2\/product_tag?post=13628"}],"curies":[{"name":"wp","href":"https:\/\/api.w.org\/{rel}","templated":true}]}}