{"id":12817,"date":"2020-10-14T14:27:36","date_gmt":"2020-10-14T14:27:36","guid":{"rendered":"http:\/\/proteccionshoppingonline.com.br\/loja\/?post_type=product&#038;p=12817"},"modified":"2025-01-14T14:38:02","modified_gmt":"2025-01-14T17:38:02","slug":"kit-dreno-bico-sprinkler-rede-de-incendio","status":"publish","type":"product","link":"https:\/\/proteccionshoppingonline.com.br\/loja\/loja\/sprinkler\/kit-dreno-bico-sprinkler-rede-de-incendio\/","title":{"rendered":"Kit Dreno para Bico de Sprinkler"},"content":{"rendered":"<h1 style=\"text-align: center;\">Kit Dreno para Bico Sprinkler Rede de Inc\u00eandio<\/h1>\n<p>&nbsp;<\/p>\n<p><strong>Kit Dreno para Bico de Sprinkler<br \/>\n<\/strong>Confeccionado em a\u00e7o carbono, \u00e9 utilizado em rede de inc\u00eandio (sprinkler) a fim de drenar rede de inc\u00eandio.<\/p>\n<p>Um kit de dreno para sprinklers serve para drenar a rede de inc\u00eandio.\u00a0O sprinkler, ou SPK (Sistema de Prote\u00e7\u00e3o contra Inc\u00eandio por Chuveiros Autom\u00e1ticos), \u00e9 um sistema de combate a inc\u00eandios que \u00e9 muito usado em edif\u00edcios comerciais, industriais e residenciais.<\/p>\n<p>O dreno do sistema de sprinklers \u00e9 usado para testes de funcionamento e para diversos tipos de manuten\u00e7\u00e3o.<span class=\"UV3uM\">\u00a0<\/span><\/p>\n<p>Kit com Man\u00f4metro conforme normas, caneta (tubo a\u00e7o carbono), luva de redu\u00e7\u00e3o 1&#215;1\/2&#8243;, tamp\u00e3o, tee, v\u00e1lvula tripartida com certifica\u00e7\u00e3o ( MGA &#8211; MIPEL &#8211; WCB ) , niples e 1 fita veda rosca<\/p>\n<p>&nbsp;<\/p>\n<div id=\"aligner\">\n<div id=\"buttons\" class=\"\">\n<div id=\"icon\">\n<div id=\"maskedImage\"><strong style=\"font-size: 22px; letter-spacing: 1px; word-spacing: 0.5px;\">Principais Aplica\u00e7\u00f5es<\/strong><\/div>\n<\/div>\n<\/div>\n<\/div>\n<p>&nbsp;<\/p>\n<p>Encaixe para tubula\u00e7\u00e3o de 1&#8243;polegada. Utilizado em rede de inc\u00eandio ( Sprinkler ) para drenar rede de inc\u00eandio.<\/p>\n<p>&nbsp;<\/p>\n<h2><strong>Especifica\u00e7\u00f5es T\u00e9cnicas Kit Dreno<\/strong><strong>:<\/strong><\/h2>\n<p>&nbsp;<\/p>\n<ul>\n<li>Confeccionado em a\u00e7o carbono<\/li>\n<li>Bitola: 1&#8243; (para outras medidas entre em contato)<\/li>\n<li><span class=\"corAmarela\">Man\u00f4metro e v\u00e1lvula com certifica\u00e7\u00e3o.<\/span><\/li>\n<li>Man\u00f4metro enviado: vertical ou horizontal (depende da necessidade do cliente)<\/li>\n<\/ul>\n<p>&nbsp;<\/p>\n<p>Entrega limitada por quantidades, tamb\u00e9m fazemos sob medida. portanto entre em contato e fa\u00e7a sua cota\u00e7\u00e3o!<\/p>\n<p>&nbsp;<\/p>\n<p>Temos centenas de produtos dispon\u00edveis, a fim de atender suas necessidades!<\/p>\n<p>Consulte-nos para mais detalhes, com a finalidade de sanar suas d\u00favidas!<\/p>\n<p>Atendimento em suma de seg \u00e0 sexta das 08 &#8211; 12 e 13 &#8211; 17hs.<\/p>\n<p>&nbsp;<\/p>\n<p>Consultar\u00a0<a href=\"http:\/\/www.engenharia.proteccionshoppingonline.com.br\/\">Proteccion Engenharia<\/a><\/p>\n<p>Consultar\u00a0<a href=\"https:\/\/proteccionshoppingonline.com.br\/loja\/catalogos-it-normas\/\">CA \u2013 Normas<\/a><\/p>\n","protected":false},"excerpt":{"rendered":"<p style=\"text-align: left;\"><strong>Dreno para Sprinkler Rede inc\u00eandio &#8211; Confeccionado em a\u00e7o carbono, \u00e9 utilizado em rede de inc\u00eandio (sprinkler) a fim de drenar rede de inc\u00eandio.<\/strong><\/p>\n","protected":false},"featured_media":17441,"template":"","meta":{"_seopress_robots_primary_cat":"171","_seopress_titles_title":"Kit Dreno para Bico de Sprinkler","_seopress_titles_desc":"Kit Dreno bico Sprinkler Rede de inc\u00eandio - Confeccionado em a\u00e7o carbono, \u00e9 utilizado em rede de inc\u00eandio (sprinkler) a fim de drenar rede de inc\u00eandio.","_seopress_robots_index":""},"product_brand":[],"product_cat":[171,149],"product_tag":[447,452,443,436,448,446],"class_list":{"0":"post-12817","1":"product","2":"type-product","3":"status-publish","4":"has-post-thumbnail","6":"product_cat-hidraulica","7":"product_cat-sprinkler","8":"product_tag-adaptador-storz","9":"product_tag-dreno-para-sprinkler-rede-incendio","10":"product_tag-esguicho-jato-regulavel-1-1-2","11":"product_tag-mangueira-hidrante-tipo-2-1-1-2-30mt","12":"product_tag-tampao-storz-para-hidrante-confeccionado-em-latao-ou-aluminio","13":"product_tag-valvula-globo-angular-de-2-1-2-x-45o","14":"product_shipping_class-correios","16":"first","17":"onbackorder","18":"shipping-taxable","19":"purchasable","20":"product-type-simple"},"yoast_head":"<!-- This site is optimized with the Yoast SEO plugin v27.2 - https:\/\/yoast.com\/product\/yoast-seo-wordpress\/ -->\n<title>Kit Dreno para Bico de Sprinkler - Protecci\u00f3n Shopping<\/title>\n<meta name=\"description\" content=\"Kit Dreno bico Sprinkler Rede de inc\u00eandio - Confeccionado em a\u00e7o carbono, \u00e9 utilizado em rede de inc\u00eandio (sprinkler) a fim de drenar rede de inc\u00eandio.\" \/>\n<meta name=\"robots\" content=\"index, follow, max-snippet:-1, max-image-preview:large, max-video-preview:-1\" \/>\n<link rel=\"canonical\" href=\"https:\/\/proteccionshoppingonline.com.br\/loja\/loja\/hidraulica\/kit-dreno-bico-sprinkler-rede-de-incendio\/\" \/>\n<meta property=\"og:locale\" content=\"pt_BR\" \/>\n<meta property=\"og:type\" content=\"article\" \/>\n<meta property=\"og:title\" content=\"Kit Dreno para Bico de Sprinkler - Protecci\u00f3n Shopping\" \/>\n<meta property=\"og:description\" content=\"Kit Dreno bico Sprinkler Rede de inc\u00eandio - Confeccionado em a\u00e7o carbono, \u00e9 utilizado em rede de inc\u00eandio (sprinkler) a fim de drenar rede de inc\u00eandio.\" \/>\n<meta property=\"og:url\" content=\"https:\/\/proteccionshoppingonline.com.br\/loja\/loja\/hidraulica\/kit-dreno-bico-sprinkler-rede-de-incendio\/\" \/>\n<meta property=\"og:site_name\" content=\"Protecci\u00f3n\" \/>\n<meta property=\"article:modified_time\" content=\"2025-01-14T17:38:02+00:00\" \/>\n<meta property=\"og:image\" content=\"https:\/\/proteccionshoppingonline.com.br\/loja\/wp-content\/uploads\/2020\/10\/KIT-DRENO-SPK.png\" \/>\n\t<meta property=\"og:image:width\" content=\"500\" \/>\n\t<meta property=\"og:image:height\" content=\"500\" \/>\n\t<meta property=\"og:image:type\" content=\"image\/png\" \/>\n<meta name=\"twitter:card\" content=\"summary_large_image\" \/>\n<meta name=\"twitter:label1\" content=\"Est. tempo de leitura\" \/>\n\t<meta name=\"twitter:data1\" content=\"2 minutos\" \/>\n<script type=\"application\/ld+json\" class=\"yoast-schema-graph\">{\"@context\":\"https:\/\/schema.org\",\"@graph\":[{\"@type\":\"WebPage\",\"@id\":\"https:\/\/proteccionshoppingonline.com.br\/loja\/loja\/hidraulica\/kit-dreno-bico-sprinkler-rede-de-incendio\/\",\"url\":\"https:\/\/proteccionshoppingonline.com.br\/loja\/loja\/hidraulica\/kit-dreno-bico-sprinkler-rede-de-incendio\/\",\"name\":\"Kit Dreno para Bico de Sprinkler - Protecci\u00f3n Shopping\",\"isPartOf\":{\"@id\":\"https:\/\/proteccionshoppingonline.com.br\/loja\/#website\"},\"primaryImageOfPage\":{\"@id\":\"https:\/\/proteccionshoppingonline.com.br\/loja\/loja\/hidraulica\/kit-dreno-bico-sprinkler-rede-de-incendio\/#primaryimage\"},\"image\":{\"@id\":\"https:\/\/proteccionshoppingonline.com.br\/loja\/loja\/hidraulica\/kit-dreno-bico-sprinkler-rede-de-incendio\/#primaryimage\"},\"thumbnailUrl\":\"https:\/\/proteccionshoppingonline.com.br\/loja\/wp-content\/uploads\/2020\/10\/KIT-DRENO-SPK.png\",\"datePublished\":\"2020-10-14T14:27:36+00:00\",\"dateModified\":\"2025-01-14T17:38:02+00:00\",\"description\":\"Kit Dreno bico Sprinkler Rede de inc\u00eandio - Confeccionado em a\u00e7o carbono, \u00e9 utilizado em rede de inc\u00eandio (sprinkler) a fim de drenar rede de inc\u00eandio.\",\"breadcrumb\":{\"@id\":\"https:\/\/proteccionshoppingonline.com.br\/loja\/loja\/hidraulica\/kit-dreno-bico-sprinkler-rede-de-incendio\/#breadcrumb\"},\"inLanguage\":\"pt-BR\",\"potentialAction\":[{\"@type\":\"ReadAction\",\"target\":[\"https:\/\/proteccionshoppingonline.com.br\/loja\/loja\/hidraulica\/kit-dreno-bico-sprinkler-rede-de-incendio\/\"]}]},{\"@type\":\"ImageObject\",\"inLanguage\":\"pt-BR\",\"@id\":\"https:\/\/proteccionshoppingonline.com.br\/loja\/loja\/hidraulica\/kit-dreno-bico-sprinkler-rede-de-incendio\/#primaryimage\",\"url\":\"https:\/\/proteccionshoppingonline.com.br\/loja\/wp-content\/uploads\/2020\/10\/KIT-DRENO-SPK.png\",\"contentUrl\":\"https:\/\/proteccionshoppingonline.com.br\/loja\/wp-content\/uploads\/2020\/10\/KIT-DRENO-SPK.png\",\"width\":500,\"height\":500,\"caption\":\"KIT DRENO SPK\"},{\"@type\":\"BreadcrumbList\",\"@id\":\"https:\/\/proteccionshoppingonline.com.br\/loja\/loja\/hidraulica\/kit-dreno-bico-sprinkler-rede-de-incendio\/#breadcrumb\",\"itemListElement\":[{\"@type\":\"ListItem\",\"position\":1,\"name\":\"Home\",\"item\":\"https:\/\/proteccionshoppingonline.com.br\/loja\/\"},{\"@type\":\"ListItem\",\"position\":2,\"name\":\"Produtos\",\"item\":\"https:\/\/proteccionshoppingonline.com.br\/loja\/cart-2\/\"},{\"@type\":\"ListItem\",\"position\":3,\"name\":\"Kit Dreno para Bico de Sprinkler\"}]},{\"@type\":\"WebSite\",\"@id\":\"https:\/\/proteccionshoppingonline.com.br\/loja\/#website\",\"url\":\"https:\/\/proteccionshoppingonline.com.br\/loja\/\",\"name\":\"Protecci\u00f3n Shopping On Line | Seguran\u00e7a contra Inc\u00eandios\",\"description\":\"Seguran\u00e7a contra Inc\u00eandios\",\"publisher\":{\"@id\":\"https:\/\/proteccionshoppingonline.com.br\/loja\/#organization\"},\"potentialAction\":[{\"@type\":\"SearchAction\",\"target\":{\"@type\":\"EntryPoint\",\"urlTemplate\":\"https:\/\/proteccionshoppingonline.com.br\/loja\/?s={search_term_string}\"},\"query-input\":{\"@type\":\"PropertyValueSpecification\",\"valueRequired\":true,\"valueName\":\"search_term_string\"}}],\"inLanguage\":\"pt-BR\"},{\"@type\":\"Organization\",\"@id\":\"https:\/\/proteccionshoppingonline.com.br\/loja\/#organization\",\"name\":\"Protecci\u00f3n Shopping On Line\",\"url\":\"https:\/\/proteccionshoppingonline.com.br\/loja\/\",\"logo\":{\"@type\":\"ImageObject\",\"inLanguage\":\"pt-BR\",\"@id\":\"https:\/\/proteccionshoppingonline.com.br\/loja\/#\/schema\/logo\/image\/\",\"url\":\"https:\/\/proteccionshoppingonline.com.br\/loja\/wp-content\/uploads\/2024\/01\/Proteccion-Shopping-On-Line-Logo-Nova.png\",\"contentUrl\":\"https:\/\/proteccionshoppingonline.com.br\/loja\/wp-content\/uploads\/2024\/01\/Proteccion-Shopping-On-Line-Logo-Nova.png\",\"width\":2000,\"height\":600,\"caption\":\"Protecci\u00f3n Shopping On Line\"},\"image\":{\"@id\":\"https:\/\/proteccionshoppingonline.com.br\/loja\/#\/schema\/logo\/image\/\"}}]}<\/script>\n<!-- \/ Yoast SEO plugin. -->","yoast_head_json":{"title":"Kit Dreno para Bico de Sprinkler - Protecci\u00f3n Shopping","description":"Kit Dreno bico Sprinkler Rede de inc\u00eandio - Confeccionado em a\u00e7o carbono, \u00e9 utilizado em rede de inc\u00eandio (sprinkler) a fim de drenar rede de inc\u00eandio.","robots":{"index":"index","follow":"follow","max-snippet":"max-snippet:-1","max-image-preview":"max-image-preview:large","max-video-preview":"max-video-preview:-1"},"canonical":"https:\/\/proteccionshoppingonline.com.br\/loja\/loja\/hidraulica\/kit-dreno-bico-sprinkler-rede-de-incendio\/","og_locale":"pt_BR","og_type":"article","og_title":"Kit Dreno para Bico de Sprinkler - Protecci\u00f3n Shopping","og_description":"Kit Dreno bico Sprinkler Rede de inc\u00eandio - Confeccionado em a\u00e7o carbono, \u00e9 utilizado em rede de inc\u00eandio (sprinkler) a fim de drenar rede de inc\u00eandio.","og_url":"https:\/\/proteccionshoppingonline.com.br\/loja\/loja\/hidraulica\/kit-dreno-bico-sprinkler-rede-de-incendio\/","og_site_name":"Protecci\u00f3n","article_modified_time":"2025-01-14T17:38:02+00:00","og_image":[{"width":500,"height":500,"url":"https:\/\/proteccionshoppingonline.com.br\/loja\/wp-content\/uploads\/2020\/10\/KIT-DRENO-SPK.png","type":"image\/png"}],"twitter_card":"summary_large_image","twitter_misc":{"Est. tempo de leitura":"2 minutos"},"schema":{"@context":"https:\/\/schema.org","@graph":[{"@type":"WebPage","@id":"https:\/\/proteccionshoppingonline.com.br\/loja\/loja\/hidraulica\/kit-dreno-bico-sprinkler-rede-de-incendio\/","url":"https:\/\/proteccionshoppingonline.com.br\/loja\/loja\/hidraulica\/kit-dreno-bico-sprinkler-rede-de-incendio\/","name":"Kit Dreno para Bico de Sprinkler - Protecci\u00f3n Shopping","isPartOf":{"@id":"https:\/\/proteccionshoppingonline.com.br\/loja\/#website"},"primaryImageOfPage":{"@id":"https:\/\/proteccionshoppingonline.com.br\/loja\/loja\/hidraulica\/kit-dreno-bico-sprinkler-rede-de-incendio\/#primaryimage"},"image":{"@id":"https:\/\/proteccionshoppingonline.com.br\/loja\/loja\/hidraulica\/kit-dreno-bico-sprinkler-rede-de-incendio\/#primaryimage"},"thumbnailUrl":"https:\/\/proteccionshoppingonline.com.br\/loja\/wp-content\/uploads\/2020\/10\/KIT-DRENO-SPK.png","datePublished":"2020-10-14T14:27:36+00:00","dateModified":"2025-01-14T17:38:02+00:00","description":"Kit Dreno bico Sprinkler Rede de inc\u00eandio - Confeccionado em a\u00e7o carbono, \u00e9 utilizado em rede de inc\u00eandio (sprinkler) a fim de drenar rede de inc\u00eandio.","breadcrumb":{"@id":"https:\/\/proteccionshoppingonline.com.br\/loja\/loja\/hidraulica\/kit-dreno-bico-sprinkler-rede-de-incendio\/#breadcrumb"},"inLanguage":"pt-BR","potentialAction":[{"@type":"ReadAction","target":["https:\/\/proteccionshoppingonline.com.br\/loja\/loja\/hidraulica\/kit-dreno-bico-sprinkler-rede-de-incendio\/"]}]},{"@type":"ImageObject","inLanguage":"pt-BR","@id":"https:\/\/proteccionshoppingonline.com.br\/loja\/loja\/hidraulica\/kit-dreno-bico-sprinkler-rede-de-incendio\/#primaryimage","url":"https:\/\/proteccionshoppingonline.com.br\/loja\/wp-content\/uploads\/2020\/10\/KIT-DRENO-SPK.png","contentUrl":"https:\/\/proteccionshoppingonline.com.br\/loja\/wp-content\/uploads\/2020\/10\/KIT-DRENO-SPK.png","width":500,"height":500,"caption":"KIT DRENO SPK"},{"@type":"BreadcrumbList","@id":"https:\/\/proteccionshoppingonline.com.br\/loja\/loja\/hidraulica\/kit-dreno-bico-sprinkler-rede-de-incendio\/#breadcrumb","itemListElement":[{"@type":"ListItem","position":1,"name":"Home","item":"https:\/\/proteccionshoppingonline.com.br\/loja\/"},{"@type":"ListItem","position":2,"name":"Produtos","item":"https:\/\/proteccionshoppingonline.com.br\/loja\/cart-2\/"},{"@type":"ListItem","position":3,"name":"Kit Dreno para Bico de Sprinkler"}]},{"@type":"WebSite","@id":"https:\/\/proteccionshoppingonline.com.br\/loja\/#website","url":"https:\/\/proteccionshoppingonline.com.br\/loja\/","name":"Protecci\u00f3n Shopping On Line | Seguran\u00e7a contra Inc\u00eandios","description":"Seguran\u00e7a contra Inc\u00eandios","publisher":{"@id":"https:\/\/proteccionshoppingonline.com.br\/loja\/#organization"},"potentialAction":[{"@type":"SearchAction","target":{"@type":"EntryPoint","urlTemplate":"https:\/\/proteccionshoppingonline.com.br\/loja\/?s={search_term_string}"},"query-input":{"@type":"PropertyValueSpecification","valueRequired":true,"valueName":"search_term_string"}}],"inLanguage":"pt-BR"},{"@type":"Organization","@id":"https:\/\/proteccionshoppingonline.com.br\/loja\/#organization","name":"Protecci\u00f3n Shopping On Line","url":"https:\/\/proteccionshoppingonline.com.br\/loja\/","logo":{"@type":"ImageObject","inLanguage":"pt-BR","@id":"https:\/\/proteccionshoppingonline.com.br\/loja\/#\/schema\/logo\/image\/","url":"https:\/\/proteccionshoppingonline.com.br\/loja\/wp-content\/uploads\/2024\/01\/Proteccion-Shopping-On-Line-Logo-Nova.png","contentUrl":"https:\/\/proteccionshoppingonline.com.br\/loja\/wp-content\/uploads\/2024\/01\/Proteccion-Shopping-On-Line-Logo-Nova.png","width":2000,"height":600,"caption":"Protecci\u00f3n Shopping On Line"},"image":{"@id":"https:\/\/proteccionshoppingonline.com.br\/loja\/#\/schema\/logo\/image\/"}}]}},"_links":{"self":[{"href":"https:\/\/proteccionshoppingonline.com.br\/loja\/wp-json\/wp\/v2\/product\/12817","targetHints":{"allow":["GET"]}}],"collection":[{"href":"https:\/\/proteccionshoppingonline.com.br\/loja\/wp-json\/wp\/v2\/product"}],"about":[{"href":"https:\/\/proteccionshoppingonline.com.br\/loja\/wp-json\/wp\/v2\/types\/product"}],"version-history":[{"count":6,"href":"https:\/\/proteccionshoppingonline.com.br\/loja\/wp-json\/wp\/v2\/product\/12817\/revisions"}],"predecessor-version":[{"id":17443,"href":"https:\/\/proteccionshoppingonline.com.br\/loja\/wp-json\/wp\/v2\/product\/12817\/revisions\/17443"}],"wp:featuredmedia":[{"embeddable":true,"href":"https:\/\/proteccionshoppingonline.com.br\/loja\/wp-json\/wp\/v2\/media\/17441"}],"wp:attachment":[{"href":"https:\/\/proteccionshoppingonline.com.br\/loja\/wp-json\/wp\/v2\/media?parent=12817"}],"wp:term":[{"taxonomy":"product_brand","embeddable":true,"href":"https:\/\/proteccionshoppingonline.com.br\/loja\/wp-json\/wp\/v2\/product_brand?post=12817"},{"taxonomy":"product_cat","embeddable":true,"href":"https:\/\/proteccionshoppingonline.com.br\/loja\/wp-json\/wp\/v2\/product_cat?post=12817"},{"taxonomy":"product_tag","embeddable":true,"href":"https:\/\/proteccionshoppingonline.com.br\/loja\/wp-json\/wp\/v2\/product_tag?post=12817"}],"curies":[{"name":"wp","href":"https:\/\/api.w.org\/{rel}","templated":true}]}}