{"id":12753,"date":"2020-08-31T13:38:32","date_gmt":"2020-08-31T13:38:32","guid":{"rendered":"http:\/\/proteccionshoppingonline.com.br\/loja\/?post_type=product&#038;p=12753"},"modified":"2025-02-12T14:16:20","modified_gmt":"2025-02-12T17:16:20","slug":"tampao-storz-para-hidrante-aluminio","status":"publish","type":"product","link":"https:\/\/proteccionshoppingonline.com.br\/loja\/loja\/hidrantes\/tampao-storz-para-hidrante-aluminio\/","title":{"rendered":"Tamp\u00e3o Storz 1.1\/2&#8243; em Alum\u00ednio"},"content":{"rendered":"<h1 style=\"text-align: center;\">Tamp\u00e3o Storz para Hidrante 1.1\/2&#8243; Alum\u00ednio<\/h1>\n<p>&nbsp;<\/p>\n<p><strong>Tamp\u00e3o Storz para Hidrante 1.1\/2&#8243; Alum\u00ednio <\/strong><\/p>\n<p>Geralmente utilizados nas sa\u00eddas das V\u00e1lvulas de inc\u00eandio em conjunto com adaptadores, a fim de proteger as partes internas das V\u00e1lvulas, podendo ser aplicados em tubula\u00e7\u00f5es em geral ou equipamentos que possuem engate do tipo Storz. N\u00e3o se recomenda para aplica\u00e7\u00f5es que necessitam estanqueidade.<\/p>\n<p>Os\u00a0<strong>Tamp\u00f5es Storz Cego<\/strong>\u00a0s\u00e3o produzidos em lat\u00e3o ou alum\u00ednio fundido, com apresenta\u00e7\u00f5es de 1 \u00bd\u201d e 2 \u00bd\u201d, ambos possuem acabamento usinado com jateamento e possuem correntes. Aplicados em v\u00e1lvulas de\u00a0 inc\u00eandio e tubula\u00e7\u00f5es\u00a0 em\u00a0 geral, para prote\u00e7\u00e3o das partes internas do equipamento onde \u00e9 utilizada.<\/p>\n<div id=\"aligner\">\n<div id=\"buttons\" class=\"\">\n<div id=\"icon\">\n<div id=\"maskedImage\"><strong style=\"font-size: 22px; letter-spacing: 1px; word-spacing: 0.5px;\">Principais Aplica\u00e7\u00f5es para tamp\u00e3o Storz<\/strong><\/div>\n<\/div>\n<\/div>\n<\/div>\n<p>&nbsp;<\/p>\n<p>Possui um lado storz (engate r\u00e1pido) e a outro rosca f\u00eamea para acoplar no registro. Usado para facilitar o acoplamento r\u00e1pido entre a mangueira e o registro.<\/p>\n<h2><strong>Especifica\u00e7\u00f5es T\u00e9cnicas <strong style=\"font-size: 22px; letter-spacing: 1px; word-spacing: 0.5px;\">para tamp\u00e3o Storz<\/strong><\/strong><strong>:<\/strong><\/h2>\n<p>\u25aa Borrachas de Veda\u00e7\u00e3o SBR;<br \/>\n\u25aa Fabricado em Lat\u00e3o ou Alum\u00ednio fundido;<br \/>\n\u25aa Corrente em A\u00e7o Galvanizado<br \/>\n\u25aa Acabamento: Jateado e Usinado;<br \/>\n\u25aa Engates R\u00e1pido Storz 1.\u00bd\u2019\u2019 ou 2.\u00bd\u2019\u2019;<\/p>\n<p>&nbsp;<\/p>\n<p>Entrega limitada por quantidades, entre em contato afinal e fa\u00e7a sua cota\u00e7\u00e3o!<\/p>\n<p>&nbsp;<\/p>\n<p>Temos centenas de produtos dispon\u00edveis, a fim de atender suas necessidades!<\/p>\n<p>Consulte-nos para mais detalhes, com a finalidade de sanar suas d\u00favidas!<\/p>\n<p>Atendimento em suma de seg \u00e0 sexta das 08 &#8211; 12 e 13 &#8211; 17hs.<\/p>\n<p>&nbsp;<\/p>\n<p>Consultar\u00a0<a href=\"http:\/\/www.engenharia.proteccionshoppingonline.com.br\/\">Proteccion Engenharia<\/a><\/p>\n<p>Consultar\u00a0<a href=\"https:\/\/proteccionshoppingonline.com.br\/loja\/catalogos-it-normas\/\">CA \u2013 Normas<\/a><\/p>\n<p><strong>\u00a0<\/strong><\/p>\n","protected":false},"excerpt":{"rendered":"<p style=\"text-align: left;\">Tamp\u00e3o Storz para Hidrante 1.1\/2&#8243; Alum\u00ednio &#8211; Confeccionado em alum\u00ednio e lat\u00e3o, \u00e9 utilizado em hidrantes para evitar a obstru\u00e7\u00e3o dos registros de inc\u00eandio.<\/p>\n","protected":false},"featured_media":17660,"template":"","meta":{"_seopress_robots_primary_cat":"none","_seopress_titles_title":"Tamp\u00e3o Storz para Hidrante 1.1\/2\" Alum\u00ednio","_seopress_titles_desc":"Tamp\u00e3o Storz 1.1\/2\" Alum\u00ednio - Confeccionado em alum\u00ednio e lat\u00e3o, \u00e9 utilizado em hidrantes para evitar a obstru\u00e7\u00e3o dos registros de inc\u00eandio.","_seopress_robots_index":""},"product_brand":[],"product_cat":[66],"product_tag":[413,447,443,464,448],"class_list":{"0":"post-12753","1":"product","2":"type-product","3":"status-publish","4":"has-post-thumbnail","6":"product_cat-hidrantes","7":"product_tag-abrigo-de-hidrante-90x60x17-embutir","8":"product_tag-adaptador-storz","9":"product_tag-esguicho-jato-regulavel-1-1-2","10":"product_tag-tampao-storz-2-1-2-latao","11":"product_tag-tampao-storz-para-hidrante-confeccionado-em-latao-ou-aluminio","12":"product_shipping_class-correios","14":"first","15":"onbackorder","16":"shipping-taxable","17":"purchasable","18":"product-type-simple"},"yoast_head":"<!-- This site is optimized with the Yoast SEO plugin v27.2 - https:\/\/yoast.com\/product\/yoast-seo-wordpress\/ -->\n<title>Tamp\u00e3o Storz 1.1\/2&quot; em Alum\u00ednio - Proteccion<\/title>\n<meta name=\"description\" content=\"Tamp\u00e3o Storz para Hidrante 1.1\/2&quot; Alum\u00ednio - Confeccionado em alum\u00ednio e lat\u00e3o, \u00e9 utilizado em hidrantes para evitar a obstru\u00e7\u00e3o dos registros de inc\u00eandio.\" \/>\n<meta name=\"robots\" content=\"index, follow, max-snippet:-1, max-image-preview:large, max-video-preview:-1\" \/>\n<link rel=\"canonical\" href=\"https:\/\/proteccionshoppingonline.com.br\/loja\/loja\/hidrantes\/tampao-storz-para-hidrante-aluminio\/\" \/>\n<meta property=\"og:locale\" content=\"pt_BR\" \/>\n<meta property=\"og:type\" content=\"article\" \/>\n<meta property=\"og:title\" content=\"Tamp\u00e3o Storz 1.1\/2&quot; em Alum\u00ednio - Proteccion\" \/>\n<meta property=\"og:description\" content=\"Tamp\u00e3o Storz para Hidrante 1.1\/2&quot; Alum\u00ednio - Confeccionado em alum\u00ednio e lat\u00e3o, \u00e9 utilizado em hidrantes para evitar a obstru\u00e7\u00e3o dos registros de inc\u00eandio.\" \/>\n<meta property=\"og:url\" content=\"https:\/\/proteccionshoppingonline.com.br\/loja\/loja\/hidrantes\/tampao-storz-para-hidrante-aluminio\/\" \/>\n<meta property=\"og:site_name\" content=\"Protecci\u00f3n\" \/>\n<meta property=\"article:modified_time\" content=\"2025-02-12T17:16:20+00:00\" \/>\n<meta property=\"og:image\" content=\"https:\/\/proteccionshoppingonline.com.br\/loja\/wp-content\/uploads\/2024\/11\/Design-sem-nome-36.png\" \/>\n\t<meta property=\"og:image:width\" content=\"500\" \/>\n\t<meta property=\"og:image:height\" content=\"500\" \/>\n\t<meta property=\"og:image:type\" content=\"image\/png\" \/>\n<meta name=\"twitter:card\" content=\"summary_large_image\" \/>\n<meta name=\"twitter:label1\" content=\"Est. tempo de leitura\" \/>\n\t<meta name=\"twitter:data1\" content=\"2 minutos\" \/>\n<script type=\"application\/ld+json\" class=\"yoast-schema-graph\">{\"@context\":\"https:\/\/schema.org\",\"@graph\":[{\"@type\":\"WebPage\",\"@id\":\"https:\/\/proteccionshoppingonline.com.br\/loja\/loja\/hidrantes\/tampao-storz-para-hidrante-aluminio\/\",\"url\":\"https:\/\/proteccionshoppingonline.com.br\/loja\/loja\/hidrantes\/tampao-storz-para-hidrante-aluminio\/\",\"name\":\"Tamp\u00e3o Storz 1.1\/2\\\" em Alum\u00ednio - Proteccion\",\"isPartOf\":{\"@id\":\"https:\/\/proteccionshoppingonline.com.br\/loja\/#website\"},\"primaryImageOfPage\":{\"@id\":\"https:\/\/proteccionshoppingonline.com.br\/loja\/loja\/hidrantes\/tampao-storz-para-hidrante-aluminio\/#primaryimage\"},\"image\":{\"@id\":\"https:\/\/proteccionshoppingonline.com.br\/loja\/loja\/hidrantes\/tampao-storz-para-hidrante-aluminio\/#primaryimage\"},\"thumbnailUrl\":\"https:\/\/proteccionshoppingonline.com.br\/loja\/wp-content\/uploads\/2024\/11\/Design-sem-nome-36.png\",\"datePublished\":\"2020-08-31T13:38:32+00:00\",\"dateModified\":\"2025-02-12T17:16:20+00:00\",\"description\":\"Tamp\u00e3o Storz para Hidrante 1.1\/2\\\" Alum\u00ednio - Confeccionado em alum\u00ednio e lat\u00e3o, \u00e9 utilizado em hidrantes para evitar a obstru\u00e7\u00e3o dos registros de inc\u00eandio.\",\"breadcrumb\":{\"@id\":\"https:\/\/proteccionshoppingonline.com.br\/loja\/loja\/hidrantes\/tampao-storz-para-hidrante-aluminio\/#breadcrumb\"},\"inLanguage\":\"pt-BR\",\"potentialAction\":[{\"@type\":\"ReadAction\",\"target\":[\"https:\/\/proteccionshoppingonline.com.br\/loja\/loja\/hidrantes\/tampao-storz-para-hidrante-aluminio\/\"]}]},{\"@type\":\"ImageObject\",\"inLanguage\":\"pt-BR\",\"@id\":\"https:\/\/proteccionshoppingonline.com.br\/loja\/loja\/hidrantes\/tampao-storz-para-hidrante-aluminio\/#primaryimage\",\"url\":\"https:\/\/proteccionshoppingonline.com.br\/loja\/wp-content\/uploads\/2024\/11\/Design-sem-nome-36.png\",\"contentUrl\":\"https:\/\/proteccionshoppingonline.com.br\/loja\/wp-content\/uploads\/2024\/11\/Design-sem-nome-36.png\",\"width\":500,\"height\":500,\"caption\":\"TAMP\u00c3O STORZ\"},{\"@type\":\"BreadcrumbList\",\"@id\":\"https:\/\/proteccionshoppingonline.com.br\/loja\/loja\/hidrantes\/tampao-storz-para-hidrante-aluminio\/#breadcrumb\",\"itemListElement\":[{\"@type\":\"ListItem\",\"position\":1,\"name\":\"Home\",\"item\":\"https:\/\/proteccionshoppingonline.com.br\/loja\/\"},{\"@type\":\"ListItem\",\"position\":2,\"name\":\"Produtos\",\"item\":\"https:\/\/proteccionshoppingonline.com.br\/loja\/cart-2\/\"},{\"@type\":\"ListItem\",\"position\":3,\"name\":\"Tamp\u00e3o Storz 1.1\/2&#8243; em Alum\u00ednio\"}]},{\"@type\":\"WebSite\",\"@id\":\"https:\/\/proteccionshoppingonline.com.br\/loja\/#website\",\"url\":\"https:\/\/proteccionshoppingonline.com.br\/loja\/\",\"name\":\"Protecci\u00f3n Shopping On Line | Seguran\u00e7a contra Inc\u00eandios\",\"description\":\"Seguran\u00e7a contra Inc\u00eandios\",\"publisher\":{\"@id\":\"https:\/\/proteccionshoppingonline.com.br\/loja\/#organization\"},\"potentialAction\":[{\"@type\":\"SearchAction\",\"target\":{\"@type\":\"EntryPoint\",\"urlTemplate\":\"https:\/\/proteccionshoppingonline.com.br\/loja\/?s={search_term_string}\"},\"query-input\":{\"@type\":\"PropertyValueSpecification\",\"valueRequired\":true,\"valueName\":\"search_term_string\"}}],\"inLanguage\":\"pt-BR\"},{\"@type\":\"Organization\",\"@id\":\"https:\/\/proteccionshoppingonline.com.br\/loja\/#organization\",\"name\":\"Protecci\u00f3n Shopping On Line\",\"url\":\"https:\/\/proteccionshoppingonline.com.br\/loja\/\",\"logo\":{\"@type\":\"ImageObject\",\"inLanguage\":\"pt-BR\",\"@id\":\"https:\/\/proteccionshoppingonline.com.br\/loja\/#\/schema\/logo\/image\/\",\"url\":\"https:\/\/proteccionshoppingonline.com.br\/loja\/wp-content\/uploads\/2024\/01\/Proteccion-Shopping-On-Line-Logo-Nova.png\",\"contentUrl\":\"https:\/\/proteccionshoppingonline.com.br\/loja\/wp-content\/uploads\/2024\/01\/Proteccion-Shopping-On-Line-Logo-Nova.png\",\"width\":2000,\"height\":600,\"caption\":\"Protecci\u00f3n Shopping On Line\"},\"image\":{\"@id\":\"https:\/\/proteccionshoppingonline.com.br\/loja\/#\/schema\/logo\/image\/\"}}]}<\/script>\n<!-- \/ Yoast SEO plugin. -->","yoast_head_json":{"title":"Tamp\u00e3o Storz 1.1\/2\" em Alum\u00ednio - Proteccion","description":"Tamp\u00e3o Storz para Hidrante 1.1\/2\" Alum\u00ednio - Confeccionado em alum\u00ednio e lat\u00e3o, \u00e9 utilizado em hidrantes para evitar a obstru\u00e7\u00e3o dos registros de inc\u00eandio.","robots":{"index":"index","follow":"follow","max-snippet":"max-snippet:-1","max-image-preview":"max-image-preview:large","max-video-preview":"max-video-preview:-1"},"canonical":"https:\/\/proteccionshoppingonline.com.br\/loja\/loja\/hidrantes\/tampao-storz-para-hidrante-aluminio\/","og_locale":"pt_BR","og_type":"article","og_title":"Tamp\u00e3o Storz 1.1\/2\" em Alum\u00ednio - Proteccion","og_description":"Tamp\u00e3o Storz para Hidrante 1.1\/2\" Alum\u00ednio - Confeccionado em alum\u00ednio e lat\u00e3o, \u00e9 utilizado em hidrantes para evitar a obstru\u00e7\u00e3o dos registros de inc\u00eandio.","og_url":"https:\/\/proteccionshoppingonline.com.br\/loja\/loja\/hidrantes\/tampao-storz-para-hidrante-aluminio\/","og_site_name":"Protecci\u00f3n","article_modified_time":"2025-02-12T17:16:20+00:00","og_image":[{"width":500,"height":500,"url":"https:\/\/proteccionshoppingonline.com.br\/loja\/wp-content\/uploads\/2024\/11\/Design-sem-nome-36.png","type":"image\/png"}],"twitter_card":"summary_large_image","twitter_misc":{"Est. tempo de leitura":"2 minutos"},"schema":{"@context":"https:\/\/schema.org","@graph":[{"@type":"WebPage","@id":"https:\/\/proteccionshoppingonline.com.br\/loja\/loja\/hidrantes\/tampao-storz-para-hidrante-aluminio\/","url":"https:\/\/proteccionshoppingonline.com.br\/loja\/loja\/hidrantes\/tampao-storz-para-hidrante-aluminio\/","name":"Tamp\u00e3o Storz 1.1\/2\" em Alum\u00ednio - Proteccion","isPartOf":{"@id":"https:\/\/proteccionshoppingonline.com.br\/loja\/#website"},"primaryImageOfPage":{"@id":"https:\/\/proteccionshoppingonline.com.br\/loja\/loja\/hidrantes\/tampao-storz-para-hidrante-aluminio\/#primaryimage"},"image":{"@id":"https:\/\/proteccionshoppingonline.com.br\/loja\/loja\/hidrantes\/tampao-storz-para-hidrante-aluminio\/#primaryimage"},"thumbnailUrl":"https:\/\/proteccionshoppingonline.com.br\/loja\/wp-content\/uploads\/2024\/11\/Design-sem-nome-36.png","datePublished":"2020-08-31T13:38:32+00:00","dateModified":"2025-02-12T17:16:20+00:00","description":"Tamp\u00e3o Storz para Hidrante 1.1\/2\" Alum\u00ednio - Confeccionado em alum\u00ednio e lat\u00e3o, \u00e9 utilizado em hidrantes para evitar a obstru\u00e7\u00e3o dos registros de inc\u00eandio.","breadcrumb":{"@id":"https:\/\/proteccionshoppingonline.com.br\/loja\/loja\/hidrantes\/tampao-storz-para-hidrante-aluminio\/#breadcrumb"},"inLanguage":"pt-BR","potentialAction":[{"@type":"ReadAction","target":["https:\/\/proteccionshoppingonline.com.br\/loja\/loja\/hidrantes\/tampao-storz-para-hidrante-aluminio\/"]}]},{"@type":"ImageObject","inLanguage":"pt-BR","@id":"https:\/\/proteccionshoppingonline.com.br\/loja\/loja\/hidrantes\/tampao-storz-para-hidrante-aluminio\/#primaryimage","url":"https:\/\/proteccionshoppingonline.com.br\/loja\/wp-content\/uploads\/2024\/11\/Design-sem-nome-36.png","contentUrl":"https:\/\/proteccionshoppingonline.com.br\/loja\/wp-content\/uploads\/2024\/11\/Design-sem-nome-36.png","width":500,"height":500,"caption":"TAMP\u00c3O STORZ"},{"@type":"BreadcrumbList","@id":"https:\/\/proteccionshoppingonline.com.br\/loja\/loja\/hidrantes\/tampao-storz-para-hidrante-aluminio\/#breadcrumb","itemListElement":[{"@type":"ListItem","position":1,"name":"Home","item":"https:\/\/proteccionshoppingonline.com.br\/loja\/"},{"@type":"ListItem","position":2,"name":"Produtos","item":"https:\/\/proteccionshoppingonline.com.br\/loja\/cart-2\/"},{"@type":"ListItem","position":3,"name":"Tamp\u00e3o Storz 1.1\/2&#8243; em Alum\u00ednio"}]},{"@type":"WebSite","@id":"https:\/\/proteccionshoppingonline.com.br\/loja\/#website","url":"https:\/\/proteccionshoppingonline.com.br\/loja\/","name":"Protecci\u00f3n Shopping On Line | Seguran\u00e7a contra Inc\u00eandios","description":"Seguran\u00e7a contra Inc\u00eandios","publisher":{"@id":"https:\/\/proteccionshoppingonline.com.br\/loja\/#organization"},"potentialAction":[{"@type":"SearchAction","target":{"@type":"EntryPoint","urlTemplate":"https:\/\/proteccionshoppingonline.com.br\/loja\/?s={search_term_string}"},"query-input":{"@type":"PropertyValueSpecification","valueRequired":true,"valueName":"search_term_string"}}],"inLanguage":"pt-BR"},{"@type":"Organization","@id":"https:\/\/proteccionshoppingonline.com.br\/loja\/#organization","name":"Protecci\u00f3n Shopping On Line","url":"https:\/\/proteccionshoppingonline.com.br\/loja\/","logo":{"@type":"ImageObject","inLanguage":"pt-BR","@id":"https:\/\/proteccionshoppingonline.com.br\/loja\/#\/schema\/logo\/image\/","url":"https:\/\/proteccionshoppingonline.com.br\/loja\/wp-content\/uploads\/2024\/01\/Proteccion-Shopping-On-Line-Logo-Nova.png","contentUrl":"https:\/\/proteccionshoppingonline.com.br\/loja\/wp-content\/uploads\/2024\/01\/Proteccion-Shopping-On-Line-Logo-Nova.png","width":2000,"height":600,"caption":"Protecci\u00f3n Shopping On Line"},"image":{"@id":"https:\/\/proteccionshoppingonline.com.br\/loja\/#\/schema\/logo\/image\/"}}]}},"_links":{"self":[{"href":"https:\/\/proteccionshoppingonline.com.br\/loja\/wp-json\/wp\/v2\/product\/12753","targetHints":{"allow":["GET"]}}],"collection":[{"href":"https:\/\/proteccionshoppingonline.com.br\/loja\/wp-json\/wp\/v2\/product"}],"about":[{"href":"https:\/\/proteccionshoppingonline.com.br\/loja\/wp-json\/wp\/v2\/types\/product"}],"version-history":[{"count":6,"href":"https:\/\/proteccionshoppingonline.com.br\/loja\/wp-json\/wp\/v2\/product\/12753\/revisions"}],"predecessor-version":[{"id":17656,"href":"https:\/\/proteccionshoppingonline.com.br\/loja\/wp-json\/wp\/v2\/product\/12753\/revisions\/17656"}],"wp:featuredmedia":[{"embeddable":true,"href":"https:\/\/proteccionshoppingonline.com.br\/loja\/wp-json\/wp\/v2\/media\/17660"}],"wp:attachment":[{"href":"https:\/\/proteccionshoppingonline.com.br\/loja\/wp-json\/wp\/v2\/media?parent=12753"}],"wp:term":[{"taxonomy":"product_brand","embeddable":true,"href":"https:\/\/proteccionshoppingonline.com.br\/loja\/wp-json\/wp\/v2\/product_brand?post=12753"},{"taxonomy":"product_cat","embeddable":true,"href":"https:\/\/proteccionshoppingonline.com.br\/loja\/wp-json\/wp\/v2\/product_cat?post=12753"},{"taxonomy":"product_tag","embeddable":true,"href":"https:\/\/proteccionshoppingonline.com.br\/loja\/wp-json\/wp\/v2\/product_tag?post=12753"}],"curies":[{"name":"wp","href":"https:\/\/api.w.org\/{rel}","templated":true}]}}