{"id":12735,"date":"2020-08-24T14:09:27","date_gmt":"2020-08-24T14:09:27","guid":{"rendered":"http:\/\/proteccionshoppingonline.com.br\/loja\/?post_type=product&#038;p=12735"},"modified":"2025-02-12T13:57:03","modified_gmt":"2025-02-12T16:57:03","slug":"esguicho-jato-regulavel-1-1-2%e2%80%b3aluminio","status":"publish","type":"product","link":"https:\/\/proteccionshoppingonline.com.br\/loja\/loja\/hidrantes\/esguicho-jato-regulavel-1-1-2%e2%80%b3aluminio\/","title":{"rendered":"Esguicho Regul\u00e1vel 1.1\/2\u2033alum\u00ednio"},"content":{"rendered":"<h1 style=\"text-align: center;\">Esguicho Regul\u00e1vel 1.1\/2\u2033alum\u00ednio<\/h1>\n<p>&nbsp;<\/p>\n<p><strong>Esguicho Regul\u00e1vel 1.1\/2\u2033alum\u00ednio<br \/>\n<\/strong><\/p>\n<p>Utilizado na ponta de mangueiras de inc\u00eandio que possuem uma conex\u00e3o do tipo storz, geralmente operado em tr\u00eas poss\u00edveis posi\u00e7\u00f5es, bocal aberto, neblina e bocal fechado, podendo alcan\u00e7ar um leque de abertura de at\u00e9 120\u00b0, possui ressaltos para melhor manuseio durante a opera\u00e7\u00e3o. Aplicados em industrias em geral, constru\u00e7\u00f5es civil e corpo de bombeiro para auxilio no combate a inc\u00eandio.<\/p>\n<div id=\"aligner\">\n<div id=\"buttons\" class=\"\">\n<div id=\"icon\">\n<div id=\"maskedImage\"><strong style=\"font-size: 22px; letter-spacing: 1px; word-spacing: 0.5px;\">Principais Aplica\u00e7\u00f5es<\/strong><\/div>\n<\/div>\n<\/div>\n<\/div>\n<p>Sua aplica\u00e7\u00e3o \u00e9 ideal\u00a0para combate a inc\u00eandio operando em jato s\u00f3lido e neblina, com varia\u00e7\u00e3o de abertura do leque at\u00e9 120\u00ba.<\/p>\n<p>&nbsp;<\/p>\n<h2><strong>Especifica\u00e7\u00f5es T\u00e9cnicas<\/strong><strong>:<\/strong><\/h2>\n<p>\u25aa Fabricado em Lat\u00e3o fundido ou Alum\u00ednio;<br \/>\n\u25aa Acabamento: Jateado e Usinado;<br \/>\n\u25aa Press\u00e3o de Trabalho: 5 a 14 kgf\/cm\u00b2;<br \/>\n\u25aa Press\u00e3o de Teste: 21 kgf\/cm\u00b2;<br \/>\n\u25aa Entrada: Engate R\u00e1pido Storz;<\/p>\n<p>\u00c9 importante sempre conferir e realizar a manuten\u00e7\u00e3o no seu equipamento de combate a inc\u00eandio, pois garante sua efetividade no momento de emerg\u00eancia. Contudo, siga sempre as orienta\u00e7\u00f5es do\u00a0<a href=\"http:\/\/www.corpodebombeiros.sp.gov.br\/\" target=\"_blank\" rel=\"noopener noreferrer\">Corpo de Bombeiros<\/a>\u00a0para a seguran\u00e7a na instala\u00e7\u00e3o de sistemas contra inc\u00eandio.<\/p>\n<p>&nbsp;<\/p>\n<p>Entrega limitada por quantidades, entre em contato e fa\u00e7a sua cota\u00e7\u00e3o!<\/p>\n<p>&nbsp;<\/p>\n<p>Temos centenas de produtos dispon\u00edveis, a fim de atender suas necessidades!<\/p>\n<p>Consulte-nos para mais detalhes, com a finalidade de sanar suas d\u00favidas!<\/p>\n<p>Atendimento em suma de seg \u00e0 sexta das 08 &#8211; 12 e 13 &#8211; 17hs.<\/p>\n<p>&nbsp;<\/p>\n<p>Consultar\u00a0<a href=\"http:\/\/www.engenharia.proteccionshoppingonline.com.br\/\">Proteccion Engenharia<\/a><\/p>\n<p>Consultar\u00a0<a href=\"https:\/\/proteccionshoppingonline.com.br\/loja\/catalogos-it-normas\/\">CA \u2013 Normas<\/a><\/p>\n<p><strong>\u00a0<\/strong><\/p>\n","protected":false},"excerpt":{"rendered":"<p style=\"text-align: left;\">Esguicho jato regul\u00e1vel 1.1\/2\u2033alum\u00ednio<\/p>\n","protected":false},"featured_media":17303,"template":"","meta":{"_seopress_robots_primary_cat":"none","_seopress_titles_title":"%%title%% %%page%% %%sep%% Proteccion Shopping","_seopress_titles_desc":"Esguicho jato regul\u00e1vel 1.1\/2\u2033alum\u00ednio com acabamento jateado. Utilizado para combate a inc\u00eandio operando em jato s\u00f3lido e neblina.","_seopress_robots_index":""},"product_brand":[],"product_cat":[66],"product_tag":[413,443,445,436,432],"class_list":{"0":"post-12735","1":"product","2":"type-product","3":"status-publish","4":"has-post-thumbnail","6":"product_cat-hidrantes","7":"product_tag-abrigo-de-hidrante-90x60x17-embutir","8":"product_tag-esguicho-jato-regulavel-1-1-2","9":"product_tag-esguicho-jato-regulavel-1-1-2aluminio","10":"product_tag-mangueira-hidrante-tipo-2-1-1-2-30mt","11":"product_tag-suporte-extintor-incendio-tripe","12":"product_shipping_class-correios","14":"first","15":"onbackorder","16":"shipping-taxable","17":"purchasable","18":"product-type-simple"},"yoast_head":"<!-- This site is optimized with the Yoast SEO plugin v27.2 - https:\/\/yoast.com\/product\/yoast-seo-wordpress\/ -->\n<title>Esguicho Regul\u00e1vel 1.1\/2\u2033alum\u00ednio - Proteccion Shopping<\/title>\n<meta name=\"description\" content=\"Esguicho jato regul\u00e1vel 1.1\/2\u2033alum\u00ednio com acabamento jateado. Utilizado para combate a inc\u00eandio operando em jato s\u00f3lido e neblina.\" \/>\n<meta name=\"robots\" content=\"index, follow, max-snippet:-1, max-image-preview:large, max-video-preview:-1\" \/>\n<link rel=\"canonical\" href=\"https:\/\/proteccionshoppingonline.com.br\/loja\/loja\/hidrantes\/esguicho-jato-regulavel-1-1-2\u2033aluminio\/\" \/>\n<meta property=\"og:locale\" content=\"pt_BR\" \/>\n<meta property=\"og:type\" content=\"article\" \/>\n<meta property=\"og:title\" content=\"Esguicho Regul\u00e1vel 1.1\/2\u2033alum\u00ednio - Proteccion Shopping\" \/>\n<meta property=\"og:description\" content=\"Esguicho jato regul\u00e1vel 1.1\/2\u2033alum\u00ednio com acabamento jateado. Utilizado para combate a inc\u00eandio operando em jato s\u00f3lido e neblina.\" \/>\n<meta property=\"og:url\" content=\"https:\/\/proteccionshoppingonline.com.br\/loja\/loja\/hidrantes\/esguicho-jato-regulavel-1-1-2\u2033aluminio\/\" \/>\n<meta property=\"og:site_name\" content=\"Protecci\u00f3n\" \/>\n<meta property=\"article:modified_time\" content=\"2025-02-12T16:57:03+00:00\" \/>\n<meta property=\"og:image\" content=\"https:\/\/proteccionshoppingonline.com.br\/loja\/wp-content\/uploads\/2024\/11\/ESGUICHO-REGULAVEL-ALUMINIO.png\" \/>\n\t<meta property=\"og:image:width\" content=\"500\" \/>\n\t<meta property=\"og:image:height\" content=\"500\" \/>\n\t<meta property=\"og:image:type\" content=\"image\/png\" \/>\n<meta name=\"twitter:card\" content=\"summary_large_image\" \/>\n<meta name=\"twitter:label1\" content=\"Est. tempo de leitura\" \/>\n\t<meta name=\"twitter:data1\" content=\"2 minutos\" \/>\n<script type=\"application\/ld+json\" class=\"yoast-schema-graph\">{\"@context\":\"https:\/\/schema.org\",\"@graph\":[{\"@type\":\"WebPage\",\"@id\":\"https:\/\/proteccionshoppingonline.com.br\/loja\/loja\/hidrantes\/esguicho-jato-regulavel-1-1-2%e2%80%b3aluminio\/\",\"url\":\"https:\/\/proteccionshoppingonline.com.br\/loja\/loja\/hidrantes\/esguicho-jato-regulavel-1-1-2%e2%80%b3aluminio\/\",\"name\":\"Esguicho Regul\u00e1vel 1.1\/2\u2033alum\u00ednio - Proteccion Shopping\",\"isPartOf\":{\"@id\":\"https:\/\/proteccionshoppingonline.com.br\/loja\/#website\"},\"primaryImageOfPage\":{\"@id\":\"https:\/\/proteccionshoppingonline.com.br\/loja\/loja\/hidrantes\/esguicho-jato-regulavel-1-1-2%e2%80%b3aluminio\/#primaryimage\"},\"image\":{\"@id\":\"https:\/\/proteccionshoppingonline.com.br\/loja\/loja\/hidrantes\/esguicho-jato-regulavel-1-1-2%e2%80%b3aluminio\/#primaryimage\"},\"thumbnailUrl\":\"https:\/\/proteccionshoppingonline.com.br\/loja\/wp-content\/uploads\/2024\/11\/ESGUICHO-REGULAVEL-ALUMINIO.png\",\"datePublished\":\"2020-08-24T14:09:27+00:00\",\"dateModified\":\"2025-02-12T16:57:03+00:00\",\"description\":\"Esguicho jato regul\u00e1vel 1.1\/2\u2033alum\u00ednio com acabamento jateado. Utilizado para combate a inc\u00eandio operando em jato s\u00f3lido e neblina.\",\"breadcrumb\":{\"@id\":\"https:\/\/proteccionshoppingonline.com.br\/loja\/loja\/hidrantes\/esguicho-jato-regulavel-1-1-2%e2%80%b3aluminio\/#breadcrumb\"},\"inLanguage\":\"pt-BR\",\"potentialAction\":[{\"@type\":\"ReadAction\",\"target\":[\"https:\/\/proteccionshoppingonline.com.br\/loja\/loja\/hidrantes\/esguicho-jato-regulavel-1-1-2%e2%80%b3aluminio\/\"]}]},{\"@type\":\"ImageObject\",\"inLanguage\":\"pt-BR\",\"@id\":\"https:\/\/proteccionshoppingonline.com.br\/loja\/loja\/hidrantes\/esguicho-jato-regulavel-1-1-2%e2%80%b3aluminio\/#primaryimage\",\"url\":\"https:\/\/proteccionshoppingonline.com.br\/loja\/wp-content\/uploads\/2024\/11\/ESGUICHO-REGULAVEL-ALUMINIO.png\",\"contentUrl\":\"https:\/\/proteccionshoppingonline.com.br\/loja\/wp-content\/uploads\/2024\/11\/ESGUICHO-REGULAVEL-ALUMINIO.png\",\"width\":500,\"height\":500,\"caption\":\"ESGUICHO REGUL\u00c1VEL ALUM\u00cdNIO\"},{\"@type\":\"BreadcrumbList\",\"@id\":\"https:\/\/proteccionshoppingonline.com.br\/loja\/loja\/hidrantes\/esguicho-jato-regulavel-1-1-2%e2%80%b3aluminio\/#breadcrumb\",\"itemListElement\":[{\"@type\":\"ListItem\",\"position\":1,\"name\":\"Home\",\"item\":\"https:\/\/proteccionshoppingonline.com.br\/loja\/\"},{\"@type\":\"ListItem\",\"position\":2,\"name\":\"Produtos\",\"item\":\"https:\/\/proteccionshoppingonline.com.br\/loja\/cart-2\/\"},{\"@type\":\"ListItem\",\"position\":3,\"name\":\"Esguicho Regul\u00e1vel 1.1\/2\u2033alum\u00ednio\"}]},{\"@type\":\"WebSite\",\"@id\":\"https:\/\/proteccionshoppingonline.com.br\/loja\/#website\",\"url\":\"https:\/\/proteccionshoppingonline.com.br\/loja\/\",\"name\":\"Protecci\u00f3n Shopping On Line | Seguran\u00e7a contra Inc\u00eandios\",\"description\":\"Seguran\u00e7a contra Inc\u00eandios\",\"publisher\":{\"@id\":\"https:\/\/proteccionshoppingonline.com.br\/loja\/#organization\"},\"potentialAction\":[{\"@type\":\"SearchAction\",\"target\":{\"@type\":\"EntryPoint\",\"urlTemplate\":\"https:\/\/proteccionshoppingonline.com.br\/loja\/?s={search_term_string}\"},\"query-input\":{\"@type\":\"PropertyValueSpecification\",\"valueRequired\":true,\"valueName\":\"search_term_string\"}}],\"inLanguage\":\"pt-BR\"},{\"@type\":\"Organization\",\"@id\":\"https:\/\/proteccionshoppingonline.com.br\/loja\/#organization\",\"name\":\"Protecci\u00f3n Shopping On Line\",\"url\":\"https:\/\/proteccionshoppingonline.com.br\/loja\/\",\"logo\":{\"@type\":\"ImageObject\",\"inLanguage\":\"pt-BR\",\"@id\":\"https:\/\/proteccionshoppingonline.com.br\/loja\/#\/schema\/logo\/image\/\",\"url\":\"https:\/\/proteccionshoppingonline.com.br\/loja\/wp-content\/uploads\/2024\/01\/Proteccion-Shopping-On-Line-Logo-Nova.png\",\"contentUrl\":\"https:\/\/proteccionshoppingonline.com.br\/loja\/wp-content\/uploads\/2024\/01\/Proteccion-Shopping-On-Line-Logo-Nova.png\",\"width\":2000,\"height\":600,\"caption\":\"Protecci\u00f3n Shopping On Line\"},\"image\":{\"@id\":\"https:\/\/proteccionshoppingonline.com.br\/loja\/#\/schema\/logo\/image\/\"}}]}<\/script>\n<!-- \/ Yoast SEO plugin. -->","yoast_head_json":{"title":"Esguicho Regul\u00e1vel 1.1\/2\u2033alum\u00ednio - Proteccion Shopping","description":"Esguicho jato regul\u00e1vel 1.1\/2\u2033alum\u00ednio com acabamento jateado. Utilizado para combate a inc\u00eandio operando em jato s\u00f3lido e neblina.","robots":{"index":"index","follow":"follow","max-snippet":"max-snippet:-1","max-image-preview":"max-image-preview:large","max-video-preview":"max-video-preview:-1"},"canonical":"https:\/\/proteccionshoppingonline.com.br\/loja\/loja\/hidrantes\/esguicho-jato-regulavel-1-1-2\u2033aluminio\/","og_locale":"pt_BR","og_type":"article","og_title":"Esguicho Regul\u00e1vel 1.1\/2\u2033alum\u00ednio - Proteccion Shopping","og_description":"Esguicho jato regul\u00e1vel 1.1\/2\u2033alum\u00ednio com acabamento jateado. Utilizado para combate a inc\u00eandio operando em jato s\u00f3lido e neblina.","og_url":"https:\/\/proteccionshoppingonline.com.br\/loja\/loja\/hidrantes\/esguicho-jato-regulavel-1-1-2\u2033aluminio\/","og_site_name":"Protecci\u00f3n","article_modified_time":"2025-02-12T16:57:03+00:00","og_image":[{"width":500,"height":500,"url":"https:\/\/proteccionshoppingonline.com.br\/loja\/wp-content\/uploads\/2024\/11\/ESGUICHO-REGULAVEL-ALUMINIO.png","type":"image\/png"}],"twitter_card":"summary_large_image","twitter_misc":{"Est. tempo de leitura":"2 minutos"},"schema":{"@context":"https:\/\/schema.org","@graph":[{"@type":"WebPage","@id":"https:\/\/proteccionshoppingonline.com.br\/loja\/loja\/hidrantes\/esguicho-jato-regulavel-1-1-2%e2%80%b3aluminio\/","url":"https:\/\/proteccionshoppingonline.com.br\/loja\/loja\/hidrantes\/esguicho-jato-regulavel-1-1-2%e2%80%b3aluminio\/","name":"Esguicho Regul\u00e1vel 1.1\/2\u2033alum\u00ednio - Proteccion Shopping","isPartOf":{"@id":"https:\/\/proteccionshoppingonline.com.br\/loja\/#website"},"primaryImageOfPage":{"@id":"https:\/\/proteccionshoppingonline.com.br\/loja\/loja\/hidrantes\/esguicho-jato-regulavel-1-1-2%e2%80%b3aluminio\/#primaryimage"},"image":{"@id":"https:\/\/proteccionshoppingonline.com.br\/loja\/loja\/hidrantes\/esguicho-jato-regulavel-1-1-2%e2%80%b3aluminio\/#primaryimage"},"thumbnailUrl":"https:\/\/proteccionshoppingonline.com.br\/loja\/wp-content\/uploads\/2024\/11\/ESGUICHO-REGULAVEL-ALUMINIO.png","datePublished":"2020-08-24T14:09:27+00:00","dateModified":"2025-02-12T16:57:03+00:00","description":"Esguicho jato regul\u00e1vel 1.1\/2\u2033alum\u00ednio com acabamento jateado. Utilizado para combate a inc\u00eandio operando em jato s\u00f3lido e neblina.","breadcrumb":{"@id":"https:\/\/proteccionshoppingonline.com.br\/loja\/loja\/hidrantes\/esguicho-jato-regulavel-1-1-2%e2%80%b3aluminio\/#breadcrumb"},"inLanguage":"pt-BR","potentialAction":[{"@type":"ReadAction","target":["https:\/\/proteccionshoppingonline.com.br\/loja\/loja\/hidrantes\/esguicho-jato-regulavel-1-1-2%e2%80%b3aluminio\/"]}]},{"@type":"ImageObject","inLanguage":"pt-BR","@id":"https:\/\/proteccionshoppingonline.com.br\/loja\/loja\/hidrantes\/esguicho-jato-regulavel-1-1-2%e2%80%b3aluminio\/#primaryimage","url":"https:\/\/proteccionshoppingonline.com.br\/loja\/wp-content\/uploads\/2024\/11\/ESGUICHO-REGULAVEL-ALUMINIO.png","contentUrl":"https:\/\/proteccionshoppingonline.com.br\/loja\/wp-content\/uploads\/2024\/11\/ESGUICHO-REGULAVEL-ALUMINIO.png","width":500,"height":500,"caption":"ESGUICHO REGUL\u00c1VEL ALUM\u00cdNIO"},{"@type":"BreadcrumbList","@id":"https:\/\/proteccionshoppingonline.com.br\/loja\/loja\/hidrantes\/esguicho-jato-regulavel-1-1-2%e2%80%b3aluminio\/#breadcrumb","itemListElement":[{"@type":"ListItem","position":1,"name":"Home","item":"https:\/\/proteccionshoppingonline.com.br\/loja\/"},{"@type":"ListItem","position":2,"name":"Produtos","item":"https:\/\/proteccionshoppingonline.com.br\/loja\/cart-2\/"},{"@type":"ListItem","position":3,"name":"Esguicho Regul\u00e1vel 1.1\/2\u2033alum\u00ednio"}]},{"@type":"WebSite","@id":"https:\/\/proteccionshoppingonline.com.br\/loja\/#website","url":"https:\/\/proteccionshoppingonline.com.br\/loja\/","name":"Protecci\u00f3n Shopping On Line | Seguran\u00e7a contra Inc\u00eandios","description":"Seguran\u00e7a contra Inc\u00eandios","publisher":{"@id":"https:\/\/proteccionshoppingonline.com.br\/loja\/#organization"},"potentialAction":[{"@type":"SearchAction","target":{"@type":"EntryPoint","urlTemplate":"https:\/\/proteccionshoppingonline.com.br\/loja\/?s={search_term_string}"},"query-input":{"@type":"PropertyValueSpecification","valueRequired":true,"valueName":"search_term_string"}}],"inLanguage":"pt-BR"},{"@type":"Organization","@id":"https:\/\/proteccionshoppingonline.com.br\/loja\/#organization","name":"Protecci\u00f3n Shopping On Line","url":"https:\/\/proteccionshoppingonline.com.br\/loja\/","logo":{"@type":"ImageObject","inLanguage":"pt-BR","@id":"https:\/\/proteccionshoppingonline.com.br\/loja\/#\/schema\/logo\/image\/","url":"https:\/\/proteccionshoppingonline.com.br\/loja\/wp-content\/uploads\/2024\/01\/Proteccion-Shopping-On-Line-Logo-Nova.png","contentUrl":"https:\/\/proteccionshoppingonline.com.br\/loja\/wp-content\/uploads\/2024\/01\/Proteccion-Shopping-On-Line-Logo-Nova.png","width":2000,"height":600,"caption":"Protecci\u00f3n Shopping On Line"},"image":{"@id":"https:\/\/proteccionshoppingonline.com.br\/loja\/#\/schema\/logo\/image\/"}}]}},"_links":{"self":[{"href":"https:\/\/proteccionshoppingonline.com.br\/loja\/wp-json\/wp\/v2\/product\/12735","targetHints":{"allow":["GET"]}}],"collection":[{"href":"https:\/\/proteccionshoppingonline.com.br\/loja\/wp-json\/wp\/v2\/product"}],"about":[{"href":"https:\/\/proteccionshoppingonline.com.br\/loja\/wp-json\/wp\/v2\/types\/product"}],"version-history":[{"count":3,"href":"https:\/\/proteccionshoppingonline.com.br\/loja\/wp-json\/wp\/v2\/product\/12735\/revisions"}],"predecessor-version":[{"id":16309,"href":"https:\/\/proteccionshoppingonline.com.br\/loja\/wp-json\/wp\/v2\/product\/12735\/revisions\/16309"}],"wp:featuredmedia":[{"embeddable":true,"href":"https:\/\/proteccionshoppingonline.com.br\/loja\/wp-json\/wp\/v2\/media\/17303"}],"wp:attachment":[{"href":"https:\/\/proteccionshoppingonline.com.br\/loja\/wp-json\/wp\/v2\/media?parent=12735"}],"wp:term":[{"taxonomy":"product_brand","embeddable":true,"href":"https:\/\/proteccionshoppingonline.com.br\/loja\/wp-json\/wp\/v2\/product_brand?post=12735"},{"taxonomy":"product_cat","embeddable":true,"href":"https:\/\/proteccionshoppingonline.com.br\/loja\/wp-json\/wp\/v2\/product_cat?post=12735"},{"taxonomy":"product_tag","embeddable":true,"href":"https:\/\/proteccionshoppingonline.com.br\/loja\/wp-json\/wp\/v2\/product_tag?post=12735"}],"curies":[{"name":"wp","href":"https:\/\/api.w.org\/{rel}","templated":true}]}}