{"id":12730,"date":"2020-08-21T16:50:57","date_gmt":"2020-08-21T16:50:57","guid":{"rendered":"http:\/\/proteccionshoppingonline.com.br\/loja\/?post_type=product&#038;p=12730"},"modified":"2025-02-12T14:23:37","modified_gmt":"2025-02-12T17:23:37","slug":"chave-storz-de-aluminio-dupla","status":"publish","type":"product","link":"https:\/\/proteccionshoppingonline.com.br\/loja\/loja\/hidrantes\/chave-storz-de-aluminio-dupla\/","title":{"rendered":"Chave Storz Dupla 2.1\/2&#8243; X 1.1\/2&#8243; Alum\u00ednio"},"content":{"rendered":"<h1 style=\"text-align: center;\">Chave Storz Dupla Predial 2.1\/2&#8243; X 1.1\/2&#8243; Alum\u00ednio<\/h1>\n<p>&nbsp;<\/p>\n<p><strong>Chave Storz Dupla Predial 2.1\/2&#8243; X 1.1\/2&#8243; &#8211; Alum\u00ednio<\/strong><\/p>\n<p>Produzidas em lat\u00e3o ou alum\u00ednio com acabamento jateado. Utilizado para o acoplamento e desacoplamento de componentes com nervuras para chaves que possuam engate r\u00e1pido Storz.<\/p>\n<p>A <strong>chave auxilia no momento de utilizar as mangueiras de inc\u00eandio<\/strong> e essas devem estar sempre pr\u00f3ximo aos equipamentos de seguran\u00e7a. Contudo, esse modelo <strong>evita vazamentos de \u00e1gua<\/strong> que podem comprometer a press\u00e3o. Al\u00e9m disso, a principal vantagem no uso de mangueiras com acoplamento Storz \u00e9 a <strong>rapidez<\/strong> com a qual \u00e9 realizado seu trancamento, pois em um momento de emerg\u00eancia qualquer segundo pode fazer a diferen\u00e7a.<\/p>\n<p>A presen\u00e7a das chaves storz \u00e9 necess\u00e1ria para garantir <strong>maior seguran\u00e7a e efetividade<\/strong>\u00a0no uso dos dispositivos de combate a inc\u00eandios. Contudo, siga sempre as orienta\u00e7\u00f5es do\u00a0<a href=\"http:\/\/www.corpodebombeiros.sp.gov.br\/\" target=\"_blank\" rel=\"noopener noreferrer\">Corpo de Bombeiros<\/a>\u00a0para a seguran\u00e7a na instala\u00e7\u00e3o de sistemas contra inc\u00eandio.<\/p>\n<p>CARACTER\u00cdSTICAS T\u00c9CNICAS:<br \/>\nFabricadas em Lat\u00e3o e Alum\u00ednio fundido;<br \/>\nAcabamento: Jateado;<br \/>\nPara Engates R\u00e1pido Storz 1.\u00bd\u2019\u2019 e 2.\u00bd\u2019\u2019;<\/p>\n<p>Tamb\u00e9m trabalhamos com as seguintes medidas:<br \/>\nCHAVE STORZ DUPLA PREDIAL 2.1\/2&#8243; X 1.1\/2&#8243; &#8211; ALUMINIO<br \/>\nCHAVE STORZ DUPLA PREDIAL 2.1\/2&#8243; X 1.1\/2&#8243; \u2013 LAT\u00c3O<br \/>\nCHAVE STORZ DUPLA INDUSTRIAL 2.1\/2&#8243; X 1.1\/2&#8243; &#8211; LAT\u00c3O<\/p>\n<p>Temos centenas de produtos dispon\u00edveis, a fim de atender suas necessidades!<\/p>\n<p>Consulte-nos para mais detalhes, com a finalidade de sanar suas d\u00favidas!<\/p>\n<p>Atendimento de segunda \u00e0 sexta das 08 \u2013 12 e 13 \u2013 17hs.<\/p>\n<p>&nbsp;<\/p>\n<p>&nbsp;<\/p>\n<p>Consultar\u00a0<a href=\"http:\/\/www.engenharia.proteccionshoppingonline.com.br\/\">Proteccion engenharia<\/a><\/p>\n<p>Consultar\u00a0<a href=\"https:\/\/proteccionshoppingonline.com.br\/loja\/catalogos-it-normas\/\">Normas<\/a><\/p>\n","protected":false},"excerpt":{"rendered":"<p style=\"text-align: left;\">Chave Storz Dupla 2.1\/2&#8243; X 1.1\/2&#8243; Alum\u00ednio&lt;\/p&gt;<\/p>\n","protected":false},"featured_media":17662,"template":"","meta":{"_seopress_robots_primary_cat":"66","_seopress_titles_title":"Chave Storz Dupla 2.1\/2\" X 1.1\/2\" Alum\u00ednio","_seopress_titles_desc":"Chave Storz Dupla 2.1\/2\" X 1.1\/2\" Alum\u00ednio. Utilizado para o acoplamento e desacoplamento de componentes para chaves que possuam engate r\u00e1pido Storz.","_seopress_robots_index":""},"product_brand":[],"product_cat":[66],"product_tag":[413,430,442,441,440,432],"class_list":{"0":"post-12730","1":"product","2":"type-product","3":"status-publish","4":"has-post-thumbnail","6":"product_cat-hidrantes","7":"product_tag-abrigo-de-hidrante-90x60x17-embutir","8":"product_tag-acrilico-para-hidrante-21x21","9":"product_tag-chave-storz-de-aluminio-dupla","10":"product_tag-chave-storz-de-latao-dupla","11":"product_tag-mangueira-hidrante-tipo-1-1-1-2-30mt","12":"product_tag-suporte-extintor-incendio-tripe","13":"product_shipping_class-correios","15":"first","16":"onbackorder","17":"shipping-taxable","18":"purchasable","19":"product-type-simple"},"yoast_head":"<!-- This site is optimized with the Yoast SEO plugin v27.2 - https:\/\/yoast.com\/product\/yoast-seo-wordpress\/ -->\n<title>Chave Storz Dupla 2.1\/2&quot; X 1.1\/2&quot; Alum\u00ednio - Protecci\u00f3n<\/title>\n<meta name=\"description\" content=\"Chave Storz Dupla 2.1\/2&quot; X 1.1\/2&quot; Alum\u00ednio. Utilizado para o acoplamento e desacoplamento de componentes para chaves que possuam engate r\u00e1pido Storz.\" \/>\n<meta name=\"robots\" content=\"index, follow, max-snippet:-1, max-image-preview:large, max-video-preview:-1\" \/>\n<link rel=\"canonical\" href=\"https:\/\/proteccionshoppingonline.com.br\/loja\/loja\/hidrantes\/chave-storz-de-aluminio-dupla\/\" \/>\n<meta property=\"og:locale\" content=\"pt_BR\" \/>\n<meta property=\"og:type\" content=\"article\" \/>\n<meta property=\"og:title\" content=\"Chave Storz Dupla 2.1\/2&quot; X 1.1\/2&quot; Alum\u00ednio - Protecci\u00f3n\" \/>\n<meta property=\"og:description\" content=\"Chave Storz Dupla 2.1\/2&quot; X 1.1\/2&quot; Alum\u00ednio. Utilizado para o acoplamento e desacoplamento de componentes para chaves que possuam engate r\u00e1pido Storz.\" \/>\n<meta property=\"og:url\" content=\"https:\/\/proteccionshoppingonline.com.br\/loja\/loja\/hidrantes\/chave-storz-de-aluminio-dupla\/\" \/>\n<meta property=\"og:site_name\" content=\"Protecci\u00f3n\" \/>\n<meta property=\"article:modified_time\" content=\"2025-02-12T17:23:37+00:00\" \/>\n<meta property=\"og:image\" content=\"https:\/\/proteccionshoppingonline.com.br\/loja\/wp-content\/uploads\/2020\/08\/Design-sem-nome-38.png\" \/>\n\t<meta property=\"og:image:width\" content=\"500\" \/>\n\t<meta property=\"og:image:height\" content=\"500\" \/>\n\t<meta property=\"og:image:type\" content=\"image\/png\" \/>\n<meta name=\"twitter:card\" content=\"summary_large_image\" \/>\n<meta name=\"twitter:label1\" content=\"Est. tempo de leitura\" \/>\n\t<meta name=\"twitter:data1\" content=\"2 minutos\" \/>\n<script type=\"application\/ld+json\" class=\"yoast-schema-graph\">{\"@context\":\"https:\/\/schema.org\",\"@graph\":[{\"@type\":\"WebPage\",\"@id\":\"https:\/\/proteccionshoppingonline.com.br\/loja\/loja\/hidrantes\/chave-storz-de-aluminio-dupla\/\",\"url\":\"https:\/\/proteccionshoppingonline.com.br\/loja\/loja\/hidrantes\/chave-storz-de-aluminio-dupla\/\",\"name\":\"Chave Storz Dupla 2.1\/2\\\" X 1.1\/2\\\" Alum\u00ednio - Protecci\u00f3n\",\"isPartOf\":{\"@id\":\"https:\/\/proteccionshoppingonline.com.br\/loja\/#website\"},\"primaryImageOfPage\":{\"@id\":\"https:\/\/proteccionshoppingonline.com.br\/loja\/loja\/hidrantes\/chave-storz-de-aluminio-dupla\/#primaryimage\"},\"image\":{\"@id\":\"https:\/\/proteccionshoppingonline.com.br\/loja\/loja\/hidrantes\/chave-storz-de-aluminio-dupla\/#primaryimage\"},\"thumbnailUrl\":\"https:\/\/proteccionshoppingonline.com.br\/loja\/wp-content\/uploads\/2020\/08\/Design-sem-nome-38.png\",\"datePublished\":\"2020-08-21T16:50:57+00:00\",\"dateModified\":\"2025-02-12T17:23:37+00:00\",\"description\":\"Chave Storz Dupla 2.1\/2\\\" X 1.1\/2\\\" Alum\u00ednio. Utilizado para o acoplamento e desacoplamento de componentes para chaves que possuam engate r\u00e1pido Storz.\",\"breadcrumb\":{\"@id\":\"https:\/\/proteccionshoppingonline.com.br\/loja\/loja\/hidrantes\/chave-storz-de-aluminio-dupla\/#breadcrumb\"},\"inLanguage\":\"pt-BR\",\"potentialAction\":[{\"@type\":\"ReadAction\",\"target\":[\"https:\/\/proteccionshoppingonline.com.br\/loja\/loja\/hidrantes\/chave-storz-de-aluminio-dupla\/\"]}]},{\"@type\":\"ImageObject\",\"inLanguage\":\"pt-BR\",\"@id\":\"https:\/\/proteccionshoppingonline.com.br\/loja\/loja\/hidrantes\/chave-storz-de-aluminio-dupla\/#primaryimage\",\"url\":\"https:\/\/proteccionshoppingonline.com.br\/loja\/wp-content\/uploads\/2020\/08\/Design-sem-nome-38.png\",\"contentUrl\":\"https:\/\/proteccionshoppingonline.com.br\/loja\/wp-content\/uploads\/2020\/08\/Design-sem-nome-38.png\",\"width\":500,\"height\":500,\"caption\":\"CHAVE STORZ\"},{\"@type\":\"BreadcrumbList\",\"@id\":\"https:\/\/proteccionshoppingonline.com.br\/loja\/loja\/hidrantes\/chave-storz-de-aluminio-dupla\/#breadcrumb\",\"itemListElement\":[{\"@type\":\"ListItem\",\"position\":1,\"name\":\"Home\",\"item\":\"https:\/\/proteccionshoppingonline.com.br\/loja\/\"},{\"@type\":\"ListItem\",\"position\":2,\"name\":\"Produtos\",\"item\":\"https:\/\/proteccionshoppingonline.com.br\/loja\/cart-2\/\"},{\"@type\":\"ListItem\",\"position\":3,\"name\":\"Chave Storz Dupla 2.1\/2&#8243; X 1.1\/2&#8243; Alum\u00ednio\"}]},{\"@type\":\"WebSite\",\"@id\":\"https:\/\/proteccionshoppingonline.com.br\/loja\/#website\",\"url\":\"https:\/\/proteccionshoppingonline.com.br\/loja\/\",\"name\":\"Protecci\u00f3n Shopping On Line | Seguran\u00e7a contra Inc\u00eandios\",\"description\":\"Seguran\u00e7a contra Inc\u00eandios\",\"publisher\":{\"@id\":\"https:\/\/proteccionshoppingonline.com.br\/loja\/#organization\"},\"potentialAction\":[{\"@type\":\"SearchAction\",\"target\":{\"@type\":\"EntryPoint\",\"urlTemplate\":\"https:\/\/proteccionshoppingonline.com.br\/loja\/?s={search_term_string}\"},\"query-input\":{\"@type\":\"PropertyValueSpecification\",\"valueRequired\":true,\"valueName\":\"search_term_string\"}}],\"inLanguage\":\"pt-BR\"},{\"@type\":\"Organization\",\"@id\":\"https:\/\/proteccionshoppingonline.com.br\/loja\/#organization\",\"name\":\"Protecci\u00f3n Shopping On Line\",\"url\":\"https:\/\/proteccionshoppingonline.com.br\/loja\/\",\"logo\":{\"@type\":\"ImageObject\",\"inLanguage\":\"pt-BR\",\"@id\":\"https:\/\/proteccionshoppingonline.com.br\/loja\/#\/schema\/logo\/image\/\",\"url\":\"https:\/\/proteccionshoppingonline.com.br\/loja\/wp-content\/uploads\/2024\/01\/Proteccion-Shopping-On-Line-Logo-Nova.png\",\"contentUrl\":\"https:\/\/proteccionshoppingonline.com.br\/loja\/wp-content\/uploads\/2024\/01\/Proteccion-Shopping-On-Line-Logo-Nova.png\",\"width\":2000,\"height\":600,\"caption\":\"Protecci\u00f3n Shopping On Line\"},\"image\":{\"@id\":\"https:\/\/proteccionshoppingonline.com.br\/loja\/#\/schema\/logo\/image\/\"}}]}<\/script>\n<!-- \/ Yoast SEO plugin. -->","yoast_head_json":{"title":"Chave Storz Dupla 2.1\/2\" X 1.1\/2\" Alum\u00ednio - Protecci\u00f3n","description":"Chave Storz Dupla 2.1\/2\" X 1.1\/2\" Alum\u00ednio. Utilizado para o acoplamento e desacoplamento de componentes para chaves que possuam engate r\u00e1pido Storz.","robots":{"index":"index","follow":"follow","max-snippet":"max-snippet:-1","max-image-preview":"max-image-preview:large","max-video-preview":"max-video-preview:-1"},"canonical":"https:\/\/proteccionshoppingonline.com.br\/loja\/loja\/hidrantes\/chave-storz-de-aluminio-dupla\/","og_locale":"pt_BR","og_type":"article","og_title":"Chave Storz Dupla 2.1\/2\" X 1.1\/2\" Alum\u00ednio - Protecci\u00f3n","og_description":"Chave Storz Dupla 2.1\/2\" X 1.1\/2\" Alum\u00ednio. Utilizado para o acoplamento e desacoplamento de componentes para chaves que possuam engate r\u00e1pido Storz.","og_url":"https:\/\/proteccionshoppingonline.com.br\/loja\/loja\/hidrantes\/chave-storz-de-aluminio-dupla\/","og_site_name":"Protecci\u00f3n","article_modified_time":"2025-02-12T17:23:37+00:00","og_image":[{"width":500,"height":500,"url":"https:\/\/proteccionshoppingonline.com.br\/loja\/wp-content\/uploads\/2020\/08\/Design-sem-nome-38.png","type":"image\/png"}],"twitter_card":"summary_large_image","twitter_misc":{"Est. tempo de leitura":"2 minutos"},"schema":{"@context":"https:\/\/schema.org","@graph":[{"@type":"WebPage","@id":"https:\/\/proteccionshoppingonline.com.br\/loja\/loja\/hidrantes\/chave-storz-de-aluminio-dupla\/","url":"https:\/\/proteccionshoppingonline.com.br\/loja\/loja\/hidrantes\/chave-storz-de-aluminio-dupla\/","name":"Chave Storz Dupla 2.1\/2\" X 1.1\/2\" Alum\u00ednio - Protecci\u00f3n","isPartOf":{"@id":"https:\/\/proteccionshoppingonline.com.br\/loja\/#website"},"primaryImageOfPage":{"@id":"https:\/\/proteccionshoppingonline.com.br\/loja\/loja\/hidrantes\/chave-storz-de-aluminio-dupla\/#primaryimage"},"image":{"@id":"https:\/\/proteccionshoppingonline.com.br\/loja\/loja\/hidrantes\/chave-storz-de-aluminio-dupla\/#primaryimage"},"thumbnailUrl":"https:\/\/proteccionshoppingonline.com.br\/loja\/wp-content\/uploads\/2020\/08\/Design-sem-nome-38.png","datePublished":"2020-08-21T16:50:57+00:00","dateModified":"2025-02-12T17:23:37+00:00","description":"Chave Storz Dupla 2.1\/2\" X 1.1\/2\" Alum\u00ednio. Utilizado para o acoplamento e desacoplamento de componentes para chaves que possuam engate r\u00e1pido Storz.","breadcrumb":{"@id":"https:\/\/proteccionshoppingonline.com.br\/loja\/loja\/hidrantes\/chave-storz-de-aluminio-dupla\/#breadcrumb"},"inLanguage":"pt-BR","potentialAction":[{"@type":"ReadAction","target":["https:\/\/proteccionshoppingonline.com.br\/loja\/loja\/hidrantes\/chave-storz-de-aluminio-dupla\/"]}]},{"@type":"ImageObject","inLanguage":"pt-BR","@id":"https:\/\/proteccionshoppingonline.com.br\/loja\/loja\/hidrantes\/chave-storz-de-aluminio-dupla\/#primaryimage","url":"https:\/\/proteccionshoppingonline.com.br\/loja\/wp-content\/uploads\/2020\/08\/Design-sem-nome-38.png","contentUrl":"https:\/\/proteccionshoppingonline.com.br\/loja\/wp-content\/uploads\/2020\/08\/Design-sem-nome-38.png","width":500,"height":500,"caption":"CHAVE STORZ"},{"@type":"BreadcrumbList","@id":"https:\/\/proteccionshoppingonline.com.br\/loja\/loja\/hidrantes\/chave-storz-de-aluminio-dupla\/#breadcrumb","itemListElement":[{"@type":"ListItem","position":1,"name":"Home","item":"https:\/\/proteccionshoppingonline.com.br\/loja\/"},{"@type":"ListItem","position":2,"name":"Produtos","item":"https:\/\/proteccionshoppingonline.com.br\/loja\/cart-2\/"},{"@type":"ListItem","position":3,"name":"Chave Storz Dupla 2.1\/2&#8243; X 1.1\/2&#8243; Alum\u00ednio"}]},{"@type":"WebSite","@id":"https:\/\/proteccionshoppingonline.com.br\/loja\/#website","url":"https:\/\/proteccionshoppingonline.com.br\/loja\/","name":"Protecci\u00f3n Shopping On Line | Seguran\u00e7a contra Inc\u00eandios","description":"Seguran\u00e7a contra Inc\u00eandios","publisher":{"@id":"https:\/\/proteccionshoppingonline.com.br\/loja\/#organization"},"potentialAction":[{"@type":"SearchAction","target":{"@type":"EntryPoint","urlTemplate":"https:\/\/proteccionshoppingonline.com.br\/loja\/?s={search_term_string}"},"query-input":{"@type":"PropertyValueSpecification","valueRequired":true,"valueName":"search_term_string"}}],"inLanguage":"pt-BR"},{"@type":"Organization","@id":"https:\/\/proteccionshoppingonline.com.br\/loja\/#organization","name":"Protecci\u00f3n Shopping On Line","url":"https:\/\/proteccionshoppingonline.com.br\/loja\/","logo":{"@type":"ImageObject","inLanguage":"pt-BR","@id":"https:\/\/proteccionshoppingonline.com.br\/loja\/#\/schema\/logo\/image\/","url":"https:\/\/proteccionshoppingonline.com.br\/loja\/wp-content\/uploads\/2024\/01\/Proteccion-Shopping-On-Line-Logo-Nova.png","contentUrl":"https:\/\/proteccionshoppingonline.com.br\/loja\/wp-content\/uploads\/2024\/01\/Proteccion-Shopping-On-Line-Logo-Nova.png","width":2000,"height":600,"caption":"Protecci\u00f3n Shopping On Line"},"image":{"@id":"https:\/\/proteccionshoppingonline.com.br\/loja\/#\/schema\/logo\/image\/"}}]}},"_links":{"self":[{"href":"https:\/\/proteccionshoppingonline.com.br\/loja\/wp-json\/wp\/v2\/product\/12730","targetHints":{"allow":["GET"]}}],"collection":[{"href":"https:\/\/proteccionshoppingonline.com.br\/loja\/wp-json\/wp\/v2\/product"}],"about":[{"href":"https:\/\/proteccionshoppingonline.com.br\/loja\/wp-json\/wp\/v2\/types\/product"}],"version-history":[{"count":4,"href":"https:\/\/proteccionshoppingonline.com.br\/loja\/wp-json\/wp\/v2\/product\/12730\/revisions"}],"predecessor-version":[{"id":16336,"href":"https:\/\/proteccionshoppingonline.com.br\/loja\/wp-json\/wp\/v2\/product\/12730\/revisions\/16336"}],"wp:featuredmedia":[{"embeddable":true,"href":"https:\/\/proteccionshoppingonline.com.br\/loja\/wp-json\/wp\/v2\/media\/17662"}],"wp:attachment":[{"href":"https:\/\/proteccionshoppingonline.com.br\/loja\/wp-json\/wp\/v2\/media?parent=12730"}],"wp:term":[{"taxonomy":"product_brand","embeddable":true,"href":"https:\/\/proteccionshoppingonline.com.br\/loja\/wp-json\/wp\/v2\/product_brand?post=12730"},{"taxonomy":"product_cat","embeddable":true,"href":"https:\/\/proteccionshoppingonline.com.br\/loja\/wp-json\/wp\/v2\/product_cat?post=12730"},{"taxonomy":"product_tag","embeddable":true,"href":"https:\/\/proteccionshoppingonline.com.br\/loja\/wp-json\/wp\/v2\/product_tag?post=12730"}],"curies":[{"name":"wp","href":"https:\/\/api.w.org\/{rel}","templated":true}]}}