{"id":12723,"date":"2020-08-19T17:22:25","date_gmt":"2020-08-19T17:22:25","guid":{"rendered":"http:\/\/proteccionshoppingonline.com.br\/loja\/?post_type=product&#038;p=12723"},"modified":"2024-12-20T10:27:13","modified_gmt":"2024-12-20T13:27:13","slug":"mangueira-de-incendio-tipo-1-1-1-2%e2%80%b3-15mt","status":"publish","type":"product","link":"https:\/\/proteccionshoppingonline.com.br\/loja\/loja\/hidrantes\/mangueira-de-incendio-tipo-1-1-1-2%e2%80%b3-15mt\/","title":{"rendered":"Mangueira de Inc\u00eandio Tipo 1 &#8211; 1.1\/2\u2033 15m Lat\u00e3o"},"content":{"rendered":"<h1 style=\"text-align: center;\">Mangueira de Inc\u00eandio Tipo 1 &#8211; 1.1\/2\u2033 15m &#8211; Lat\u00e3o<\/h1>\n<p>&nbsp;<\/p>\n<h4 style=\"text-align: left;\">Mangueira de Inc\u00eandio Tipo 1 &#8211; 1.1\/2\u2033 15m &#8211; Lat\u00e3o<\/h4>\n<p>A mangueira de inc\u00eandio tipo 1 \u00e9 uma mangueira leve e simples, destinada a edif\u00edcios residenciais e condom\u00ednios, e n\u00e3o \u00e9 encontrada no di\u00e2metro de 2.1\/2&#8243;. As mangueiras de inc\u00eandio tipo 1 s\u00e3o mais adequadas para esses locais porque a press\u00e3o de trabalho \u00e9 menor e n\u00e3o exigem resist\u00eancia a altas press\u00f5es e abras\u00e3o.<\/p>\n<p>Tecida em fibra de poli\u00e9ster, revestida internamente com borracha sint\u00e9tica, por processo de vulcaniza\u00e7\u00e3o direta no tecido, e acopladas com uni\u00f5es de engate r\u00e1pido storz. Fabricadas conforme a norma ABNT NBR 11861 e certificadas com marca de conformidade ABNT.<\/p>\n<div id=\"aligner\">\n<div id=\"buttons\" class=\"\">\n<div id=\"icon\">\n<div id=\"maskedImage\">\n<p><strong style=\"font-size: 22px; letter-spacing: 1px; word-spacing: 0.5px;\">Principais Aplica\u00e7\u00f5es<\/strong><\/p>\n<p>&nbsp;<\/p>\n<\/div>\n<\/div>\n<\/div>\n<\/div>\n<p>Sua aplica\u00e7\u00e3o \u00e9 ideal para edif\u00edcios residenciais. \u00c9 relacionado a mangueiras leves e simples. Somente dispon\u00edveis no di\u00e2metro de 1.1\/2\u201d. Sendo a press\u00e3o de trabalho m\u00e1xima 12 Kg\/cm2. Possui engate r\u00e1pido nas pontas.<\/p>\n<p>&nbsp;<\/p>\n<h2><strong>Especifica\u00e7\u00f5es T\u00e9cnicas<\/strong><strong>:<\/strong><\/h2>\n<p>&nbsp;<\/p>\n<ul>\n<li>Confeccionada em tubo de borracha revestido com poliester..<\/li>\n<li>Tamanho: 15mt<\/li>\n<li>Acabamento: revestimento em poliester<\/li>\n<li>Uni\u00e3o Storz em lat\u00e3o nas extremidades<\/li>\n<li><span class=\"corAmarela\">Normas:<\/span>\u00a0NBR 11861<\/li>\n<\/ul>\n<p>&nbsp;<\/p>\n<p>Entrega limitada por quantidades, entre em contato afinal e fa\u00e7a sua cota\u00e7\u00e3o!<\/p>\n<p>&nbsp;<\/p>\n<p>Temos centenas de produtos dispon\u00edveis, a fim de atender suas necessidades!<\/p>\n<p>Consulte-nos para mais detalhes, com a finalidade de sanar suas d\u00favidas!<\/p>\n<p>Atendimento em suma de seg \u00e0 sexta das 08 &#8211; 12 e 13 &#8211; 17hs.<\/p>\n<p>&nbsp;<\/p>\n<p>Consultar\u00a0<a href=\"http:\/\/www.engenharia.proteccionshoppingonline.com.br\/\">Proteccion Engenharia<\/a><\/p>\n<p>Consultar\u00a0<a href=\"https:\/\/proteccionshoppingonline.com.br\/loja\/catalogos-it-normas\/\">CA \u2013 Normas<\/a><\/p>\n","protected":false},"excerpt":{"rendered":"<p style=\"text-align: left;\">A mangueira destinada a edif\u00edcios residenciais e condom\u00ednios, devido sua press\u00e3o de trabalho ser menor e n\u00e3o exigir resist\u00eancia a altas press\u00f5es e abras\u00e3o.<\/p>\n","protected":false},"featured_media":13456,"template":"","meta":{"_seopress_robots_primary_cat":"none","_seopress_titles_title":"Mangueira de Inc\u00eandio Tipo 1 - 1.1\/2\u2033 15m","_seopress_titles_desc":"A mangueira tipo 1 \u00e9 destinada a edif\u00edcios residenciais e condom\u00ednios, devido sua press\u00e3o de trabalho ser menor e n\u00e3o exigir resist\u00eancia a altas press\u00f5es e abras\u00e3o.","_seopress_robots_index":""},"product_brand":[],"product_cat":[66],"product_tag":[429,413,430,433,435,432],"class_list":{"0":"post-12723","1":"product","2":"type-product","3":"status-publish","4":"has-post-thumbnail","6":"product_cat-hidrantes","7":"product_tag-abrigo-de-extintor-em-inox-80x30x20","8":"product_tag-abrigo-de-hidrante-90x60x17-embutir","9":"product_tag-acrilico-para-hidrante-21x21","10":"product_tag-mangueira-hidrante-tipo-2-1-1-2-15mt-industrial","11":"product_tag-mangueira-hidrante-tipo-2-2-1-2-15mt-industrial","12":"product_tag-suporte-extintor-incendio-tripe","13":"product_shipping_class-correios","15":"first","16":"onbackorder","17":"shipping-taxable","18":"product-type-simple"},"yoast_head":"<!-- This site is optimized with the Yoast SEO plugin v27.2 - https:\/\/yoast.com\/product\/yoast-seo-wordpress\/ -->\n<title>Mangueira de Inc\u00eandio Tipo 1 - 1.1\/2\u2033 15m Lat\u00e3o -<\/title>\n<meta name=\"description\" content=\"Mangueira de Inc\u00eandio Tipo 1 - 1.1\/2\u2033 15m, \u00e9 uma mangueira leve e simples, destinada a edif\u00edcios residenciais e condom\u00ednios.\" \/>\n<meta name=\"robots\" content=\"index, follow, max-snippet:-1, max-image-preview:large, max-video-preview:-1\" \/>\n<link rel=\"canonical\" href=\"https:\/\/proteccionshoppingonline.com.br\/loja\/loja\/hidrantes\/mangueira-de-incendio-tipo-1-1-1-2\u2033-15mt\/\" \/>\n<meta property=\"og:locale\" content=\"pt_BR\" \/>\n<meta property=\"og:type\" content=\"article\" \/>\n<meta property=\"og:title\" content=\"Mangueira de Inc\u00eandio Tipo 1 - 1.1\/2\u2033 15m Lat\u00e3o -\" \/>\n<meta property=\"og:description\" content=\"Mangueira de Inc\u00eandio Tipo 1 - 1.1\/2\u2033 15m, \u00e9 uma mangueira leve e simples, destinada a edif\u00edcios residenciais e condom\u00ednios.\" \/>\n<meta property=\"og:url\" content=\"https:\/\/proteccionshoppingonline.com.br\/loja\/loja\/hidrantes\/mangueira-de-incendio-tipo-1-1-1-2\u2033-15mt\/\" \/>\n<meta property=\"og:site_name\" content=\"Protecci\u00f3n\" \/>\n<meta property=\"article:modified_time\" content=\"2024-12-20T13:27:13+00:00\" \/>\n<meta property=\"og:image\" content=\"https:\/\/proteccionshoppingonline.com.br\/loja\/wp-content\/uploads\/2020\/08\/mangueira-.jpg\" \/>\n\t<meta property=\"og:image:width\" content=\"600\" \/>\n\t<meta property=\"og:image:height\" content=\"600\" \/>\n\t<meta property=\"og:image:type\" content=\"image\/jpeg\" \/>\n<meta name=\"twitter:card\" content=\"summary_large_image\" \/>\n<meta name=\"twitter:label1\" content=\"Est. tempo de leitura\" \/>\n\t<meta name=\"twitter:data1\" content=\"2 minutos\" \/>\n<script type=\"application\/ld+json\" class=\"yoast-schema-graph\">{\"@context\":\"https:\/\/schema.org\",\"@graph\":[{\"@type\":\"WebPage\",\"@id\":\"https:\/\/proteccionshoppingonline.com.br\/loja\/loja\/hidrantes\/mangueira-de-incendio-tipo-1-1-1-2%e2%80%b3-15mt\/\",\"url\":\"https:\/\/proteccionshoppingonline.com.br\/loja\/loja\/hidrantes\/mangueira-de-incendio-tipo-1-1-1-2%e2%80%b3-15mt\/\",\"name\":\"Mangueira de Inc\u00eandio Tipo 1 - 1.1\/2\u2033 15m Lat\u00e3o -\",\"isPartOf\":{\"@id\":\"https:\/\/proteccionshoppingonline.com.br\/loja\/#website\"},\"primaryImageOfPage\":{\"@id\":\"https:\/\/proteccionshoppingonline.com.br\/loja\/loja\/hidrantes\/mangueira-de-incendio-tipo-1-1-1-2%e2%80%b3-15mt\/#primaryimage\"},\"image\":{\"@id\":\"https:\/\/proteccionshoppingonline.com.br\/loja\/loja\/hidrantes\/mangueira-de-incendio-tipo-1-1-1-2%e2%80%b3-15mt\/#primaryimage\"},\"thumbnailUrl\":\"https:\/\/proteccionshoppingonline.com.br\/loja\/wp-content\/uploads\/2020\/08\/mangueira-.jpg\",\"datePublished\":\"2020-08-19T17:22:25+00:00\",\"dateModified\":\"2024-12-20T13:27:13+00:00\",\"description\":\"Mangueira de Inc\u00eandio Tipo 1 - 1.1\/2\u2033 15m, \u00e9 uma mangueira leve e simples, destinada a edif\u00edcios residenciais e condom\u00ednios.\",\"breadcrumb\":{\"@id\":\"https:\/\/proteccionshoppingonline.com.br\/loja\/loja\/hidrantes\/mangueira-de-incendio-tipo-1-1-1-2%e2%80%b3-15mt\/#breadcrumb\"},\"inLanguage\":\"pt-BR\",\"potentialAction\":[{\"@type\":\"ReadAction\",\"target\":[\"https:\/\/proteccionshoppingonline.com.br\/loja\/loja\/hidrantes\/mangueira-de-incendio-tipo-1-1-1-2%e2%80%b3-15mt\/\"]}]},{\"@type\":\"ImageObject\",\"inLanguage\":\"pt-BR\",\"@id\":\"https:\/\/proteccionshoppingonline.com.br\/loja\/loja\/hidrantes\/mangueira-de-incendio-tipo-1-1-1-2%e2%80%b3-15mt\/#primaryimage\",\"url\":\"https:\/\/proteccionshoppingonline.com.br\/loja\/wp-content\/uploads\/2020\/08\/mangueira-.jpg\",\"contentUrl\":\"https:\/\/proteccionshoppingonline.com.br\/loja\/wp-content\/uploads\/2020\/08\/mangueira-.jpg\",\"width\":600,\"height\":600,\"caption\":\"Mangueira Hidrante tipo 2 - 2.1\/2\u2033 30mt\"},{\"@type\":\"BreadcrumbList\",\"@id\":\"https:\/\/proteccionshoppingonline.com.br\/loja\/loja\/hidrantes\/mangueira-de-incendio-tipo-1-1-1-2%e2%80%b3-15mt\/#breadcrumb\",\"itemListElement\":[{\"@type\":\"ListItem\",\"position\":1,\"name\":\"Home\",\"item\":\"https:\/\/proteccionshoppingonline.com.br\/loja\/\"},{\"@type\":\"ListItem\",\"position\":2,\"name\":\"Produtos\",\"item\":\"https:\/\/proteccionshoppingonline.com.br\/loja\/cart-2\/\"},{\"@type\":\"ListItem\",\"position\":3,\"name\":\"Mangueira de Inc\u00eandio Tipo 1 &#8211; 1.1\/2\u2033 15m Lat\u00e3o\"}]},{\"@type\":\"WebSite\",\"@id\":\"https:\/\/proteccionshoppingonline.com.br\/loja\/#website\",\"url\":\"https:\/\/proteccionshoppingonline.com.br\/loja\/\",\"name\":\"Protecci\u00f3n Shopping On Line | Seguran\u00e7a contra Inc\u00eandios\",\"description\":\"Seguran\u00e7a contra Inc\u00eandios\",\"publisher\":{\"@id\":\"https:\/\/proteccionshoppingonline.com.br\/loja\/#organization\"},\"potentialAction\":[{\"@type\":\"SearchAction\",\"target\":{\"@type\":\"EntryPoint\",\"urlTemplate\":\"https:\/\/proteccionshoppingonline.com.br\/loja\/?s={search_term_string}\"},\"query-input\":{\"@type\":\"PropertyValueSpecification\",\"valueRequired\":true,\"valueName\":\"search_term_string\"}}],\"inLanguage\":\"pt-BR\"},{\"@type\":\"Organization\",\"@id\":\"https:\/\/proteccionshoppingonline.com.br\/loja\/#organization\",\"name\":\"Protecci\u00f3n Shopping On Line\",\"url\":\"https:\/\/proteccionshoppingonline.com.br\/loja\/\",\"logo\":{\"@type\":\"ImageObject\",\"inLanguage\":\"pt-BR\",\"@id\":\"https:\/\/proteccionshoppingonline.com.br\/loja\/#\/schema\/logo\/image\/\",\"url\":\"https:\/\/proteccionshoppingonline.com.br\/loja\/wp-content\/uploads\/2024\/01\/Proteccion-Shopping-On-Line-Logo-Nova.png\",\"contentUrl\":\"https:\/\/proteccionshoppingonline.com.br\/loja\/wp-content\/uploads\/2024\/01\/Proteccion-Shopping-On-Line-Logo-Nova.png\",\"width\":2000,\"height\":600,\"caption\":\"Protecci\u00f3n Shopping On Line\"},\"image\":{\"@id\":\"https:\/\/proteccionshoppingonline.com.br\/loja\/#\/schema\/logo\/image\/\"}}]}<\/script>\n<!-- \/ Yoast SEO plugin. -->","yoast_head_json":{"title":"Mangueira de Inc\u00eandio Tipo 1 - 1.1\/2\u2033 15m Lat\u00e3o -","description":"Mangueira de Inc\u00eandio Tipo 1 - 1.1\/2\u2033 15m, \u00e9 uma mangueira leve e simples, destinada a edif\u00edcios residenciais e condom\u00ednios.","robots":{"index":"index","follow":"follow","max-snippet":"max-snippet:-1","max-image-preview":"max-image-preview:large","max-video-preview":"max-video-preview:-1"},"canonical":"https:\/\/proteccionshoppingonline.com.br\/loja\/loja\/hidrantes\/mangueira-de-incendio-tipo-1-1-1-2\u2033-15mt\/","og_locale":"pt_BR","og_type":"article","og_title":"Mangueira de Inc\u00eandio Tipo 1 - 1.1\/2\u2033 15m Lat\u00e3o -","og_description":"Mangueira de Inc\u00eandio Tipo 1 - 1.1\/2\u2033 15m, \u00e9 uma mangueira leve e simples, destinada a edif\u00edcios residenciais e condom\u00ednios.","og_url":"https:\/\/proteccionshoppingonline.com.br\/loja\/loja\/hidrantes\/mangueira-de-incendio-tipo-1-1-1-2\u2033-15mt\/","og_site_name":"Protecci\u00f3n","article_modified_time":"2024-12-20T13:27:13+00:00","og_image":[{"width":600,"height":600,"url":"https:\/\/proteccionshoppingonline.com.br\/loja\/wp-content\/uploads\/2020\/08\/mangueira-.jpg","type":"image\/jpeg"}],"twitter_card":"summary_large_image","twitter_misc":{"Est. tempo de leitura":"2 minutos"},"schema":{"@context":"https:\/\/schema.org","@graph":[{"@type":"WebPage","@id":"https:\/\/proteccionshoppingonline.com.br\/loja\/loja\/hidrantes\/mangueira-de-incendio-tipo-1-1-1-2%e2%80%b3-15mt\/","url":"https:\/\/proteccionshoppingonline.com.br\/loja\/loja\/hidrantes\/mangueira-de-incendio-tipo-1-1-1-2%e2%80%b3-15mt\/","name":"Mangueira de Inc\u00eandio Tipo 1 - 1.1\/2\u2033 15m Lat\u00e3o -","isPartOf":{"@id":"https:\/\/proteccionshoppingonline.com.br\/loja\/#website"},"primaryImageOfPage":{"@id":"https:\/\/proteccionshoppingonline.com.br\/loja\/loja\/hidrantes\/mangueira-de-incendio-tipo-1-1-1-2%e2%80%b3-15mt\/#primaryimage"},"image":{"@id":"https:\/\/proteccionshoppingonline.com.br\/loja\/loja\/hidrantes\/mangueira-de-incendio-tipo-1-1-1-2%e2%80%b3-15mt\/#primaryimage"},"thumbnailUrl":"https:\/\/proteccionshoppingonline.com.br\/loja\/wp-content\/uploads\/2020\/08\/mangueira-.jpg","datePublished":"2020-08-19T17:22:25+00:00","dateModified":"2024-12-20T13:27:13+00:00","description":"Mangueira de Inc\u00eandio Tipo 1 - 1.1\/2\u2033 15m, \u00e9 uma mangueira leve e simples, destinada a edif\u00edcios residenciais e condom\u00ednios.","breadcrumb":{"@id":"https:\/\/proteccionshoppingonline.com.br\/loja\/loja\/hidrantes\/mangueira-de-incendio-tipo-1-1-1-2%e2%80%b3-15mt\/#breadcrumb"},"inLanguage":"pt-BR","potentialAction":[{"@type":"ReadAction","target":["https:\/\/proteccionshoppingonline.com.br\/loja\/loja\/hidrantes\/mangueira-de-incendio-tipo-1-1-1-2%e2%80%b3-15mt\/"]}]},{"@type":"ImageObject","inLanguage":"pt-BR","@id":"https:\/\/proteccionshoppingonline.com.br\/loja\/loja\/hidrantes\/mangueira-de-incendio-tipo-1-1-1-2%e2%80%b3-15mt\/#primaryimage","url":"https:\/\/proteccionshoppingonline.com.br\/loja\/wp-content\/uploads\/2020\/08\/mangueira-.jpg","contentUrl":"https:\/\/proteccionshoppingonline.com.br\/loja\/wp-content\/uploads\/2020\/08\/mangueira-.jpg","width":600,"height":600,"caption":"Mangueira Hidrante tipo 2 - 2.1\/2\u2033 30mt"},{"@type":"BreadcrumbList","@id":"https:\/\/proteccionshoppingonline.com.br\/loja\/loja\/hidrantes\/mangueira-de-incendio-tipo-1-1-1-2%e2%80%b3-15mt\/#breadcrumb","itemListElement":[{"@type":"ListItem","position":1,"name":"Home","item":"https:\/\/proteccionshoppingonline.com.br\/loja\/"},{"@type":"ListItem","position":2,"name":"Produtos","item":"https:\/\/proteccionshoppingonline.com.br\/loja\/cart-2\/"},{"@type":"ListItem","position":3,"name":"Mangueira de Inc\u00eandio Tipo 1 &#8211; 1.1\/2\u2033 15m Lat\u00e3o"}]},{"@type":"WebSite","@id":"https:\/\/proteccionshoppingonline.com.br\/loja\/#website","url":"https:\/\/proteccionshoppingonline.com.br\/loja\/","name":"Protecci\u00f3n Shopping On Line | Seguran\u00e7a contra Inc\u00eandios","description":"Seguran\u00e7a contra Inc\u00eandios","publisher":{"@id":"https:\/\/proteccionshoppingonline.com.br\/loja\/#organization"},"potentialAction":[{"@type":"SearchAction","target":{"@type":"EntryPoint","urlTemplate":"https:\/\/proteccionshoppingonline.com.br\/loja\/?s={search_term_string}"},"query-input":{"@type":"PropertyValueSpecification","valueRequired":true,"valueName":"search_term_string"}}],"inLanguage":"pt-BR"},{"@type":"Organization","@id":"https:\/\/proteccionshoppingonline.com.br\/loja\/#organization","name":"Protecci\u00f3n Shopping On Line","url":"https:\/\/proteccionshoppingonline.com.br\/loja\/","logo":{"@type":"ImageObject","inLanguage":"pt-BR","@id":"https:\/\/proteccionshoppingonline.com.br\/loja\/#\/schema\/logo\/image\/","url":"https:\/\/proteccionshoppingonline.com.br\/loja\/wp-content\/uploads\/2024\/01\/Proteccion-Shopping-On-Line-Logo-Nova.png","contentUrl":"https:\/\/proteccionshoppingonline.com.br\/loja\/wp-content\/uploads\/2024\/01\/Proteccion-Shopping-On-Line-Logo-Nova.png","width":2000,"height":600,"caption":"Protecci\u00f3n Shopping On Line"},"image":{"@id":"https:\/\/proteccionshoppingonline.com.br\/loja\/#\/schema\/logo\/image\/"}}]}},"_links":{"self":[{"href":"https:\/\/proteccionshoppingonline.com.br\/loja\/wp-json\/wp\/v2\/product\/12723","targetHints":{"allow":["GET"]}}],"collection":[{"href":"https:\/\/proteccionshoppingonline.com.br\/loja\/wp-json\/wp\/v2\/product"}],"about":[{"href":"https:\/\/proteccionshoppingonline.com.br\/loja\/wp-json\/wp\/v2\/types\/product"}],"version-history":[{"count":9,"href":"https:\/\/proteccionshoppingonline.com.br\/loja\/wp-json\/wp\/v2\/product\/12723\/revisions"}],"predecessor-version":[{"id":17224,"href":"https:\/\/proteccionshoppingonline.com.br\/loja\/wp-json\/wp\/v2\/product\/12723\/revisions\/17224"}],"wp:featuredmedia":[{"embeddable":true,"href":"https:\/\/proteccionshoppingonline.com.br\/loja\/wp-json\/wp\/v2\/media\/13456"}],"wp:attachment":[{"href":"https:\/\/proteccionshoppingonline.com.br\/loja\/wp-json\/wp\/v2\/media?parent=12723"}],"wp:term":[{"taxonomy":"product_brand","embeddable":true,"href":"https:\/\/proteccionshoppingonline.com.br\/loja\/wp-json\/wp\/v2\/product_brand?post=12723"},{"taxonomy":"product_cat","embeddable":true,"href":"https:\/\/proteccionshoppingonline.com.br\/loja\/wp-json\/wp\/v2\/product_cat?post=12723"},{"taxonomy":"product_tag","embeddable":true,"href":"https:\/\/proteccionshoppingonline.com.br\/loja\/wp-json\/wp\/v2\/product_tag?post=12723"}],"curies":[{"name":"wp","href":"https:\/\/api.w.org\/{rel}","templated":true}]}}