{"id":12173,"date":"2020-06-16T14:19:39","date_gmt":"2020-06-16T14:19:39","guid":{"rendered":"http:\/\/proteccionshoppingonline.com.br\/loja\/?post_type=product&#038;p=12173"},"modified":"2022-05-17T13:56:15","modified_gmt":"2022-05-17T13:56:15","slug":"placa-cuidado-trafego-de-materiais","status":"publish","type":"product","link":"https:\/\/proteccionshoppingonline.com.br\/loja\/loja\/placas-cuidado\/placa-cuidado-trafego-de-materiais\/","title":{"rendered":"Placa Cuidado tr\u00e1fego de materiais"},"content":{"rendered":"<h1 class=\"product_title entry-title\" style=\"text-align: center;\">Placa Cuidado tr\u00e1fego de materiais<\/h1>\n<p><strong>-Placa Cuidado tr\u00e1fego de materiais<\/strong><\/p>\n<p>&nbsp;<\/p>\n<p>Nossas placas de sinaliza\u00e7\u00e3o est\u00e3o de acordo com Normas e requisitos regulamentares.<\/p>\n<p>&nbsp;<\/p>\n<h3>Procedimentos<\/h3>\n<p>A sinaliza\u00e7\u00e3o de advert\u00eancia, regulamenta\u00e7\u00e3o e indica\u00e7\u00e3o tem como meta advertir os utilizadores do lugar sobre condi\u00e7\u00f5es arriscadas, portanto observar as informa\u00e7\u00f5es com aten\u00e7\u00e3o e respeit\u00e1-las.<\/p>\n<p>Seguimos requisitos b\u00e1sicos para que a sinaliza\u00e7\u00e3o de emerg\u00eancia possa ser visualizada e compreendida no interior da edifica\u00e7\u00e3o ou \u00e1rea de risco<\/p>\n<p>Sinaliza\u00e7\u00e3o de emerg\u00eancia a fim de reduzir o risco de ocorr\u00eancia de inc\u00eandio, alertando para os riscos existentes e garantir que sejam adotadas a\u00e7\u00f5es adequadas \u00e0 situa\u00e7\u00e3o de risco, que orientem as a\u00e7\u00f5es de combate e facilitem a localiza\u00e7\u00e3o dos equipamentos e das rotas de sa\u00edda para abandono seguro em caso de inc\u00eandio.<\/p>\n<p>A sinaliza\u00e7\u00e3o de proibi\u00e7\u00e3o apropriada deve ser instalada em local vis\u00edvel e a uma altura m\u00ednima de 1,8 m medida do piso acabado \u00e0 base da sinaliza\u00e7\u00e3o, distribu\u00edda em mais de um ponto dentro da \u00e1rea de risco, de modo que pelo menos uma delas possa ser claramente vis\u00edvel de qualquer posi\u00e7\u00e3o dentro da \u00e1rea, distanciadas em no m\u00e1ximo 15 m entre si.<\/p>\n<p>&nbsp;<\/p>\n<h3>Especifica\u00e7\u00f5es T\u00e9cnicas<\/h3>\n<p>&nbsp;<\/p>\n<p>Sinaliza\u00e7\u00e3o de local &#8211; proibido estacionar, garagens, sa\u00eddas e \u00e1reas de carga e descarga, etc<\/p>\n<p>Material: vinil<\/p>\n<p>Tamanho: 20 x 30cm<\/p>\n<p>&nbsp;<\/p>\n<p>Temos centenas de produtos dispon\u00edveis, a fim de atender suas necessidades!<\/p>\n<p>Consulte-nos para mais detalhes, com a finalidade de sanar suas d\u00favidas!<\/p>\n<p>Atendimento em suma de seg \u00e0 sexta das 08 \u2013 12 e 13 \u2013 17hs.<\/p>\n<p>&nbsp;<\/p>\n<p>Consultar\u00a0<a href=\"http:\/\/www.engenharia.proteccionshoppingonline.com.br\/\">Proteccion engenharia<\/a><\/p>\n<p><span style=\"vertical-align: inherit;\"><span style=\"vertical-align: inherit;\">Consultar\u00a0 <\/span><\/span><a href=\"https:\/\/proteccionshoppingonline.com.br\/loja\/norma-it-20-2019\/\"><span style=\"vertical-align: inherit;\"><span style=\"vertical-align: inherit;\">cat\u00e1logos-it-standards\u00a0<\/span><\/span><\/a><\/p>\n","protected":false},"excerpt":{"rendered":"<p>Placa Cuidado tr\u00e1fego de materiais &#8211; proibido estacionar, garagens, sa\u00eddas e \u00e1reas de carga e descarga, etc<\/p>\n","protected":false},"featured_media":13343,"template":"","meta":{"_seopress_robots_primary_cat":"none","_seopress_titles_title":"%%title%% %%page%% %%sep%% Proteccion Shopping","_seopress_titles_desc":"Placa Cuidado tr\u00e1fego de materiais - Sinaliza\u00e7\u00e3o de local - proibido estacionar, garagens, sa\u00eddas e \u00e1reas de carga e descarga, etc","_seopress_robots_index":""},"product_brand":[],"product_cat":[396],"product_tag":[358,361,362,360,363,356],"class_list":{"0":"post-12173","1":"product","2":"type-product","3":"status-publish","4":"has-post-thumbnail","6":"product_cat-placas-cuidado","7":"product_tag-placa-cuidado-acionamento-automatico","8":"product_tag-placa-cuidado-chao-escorregadio","9":"product_tag-placa-cuidado-fios-de-alta-tensao","10":"product_tag-placa-cuidado-produtos-inflamaveis","11":"product_tag-placa-cuidado-trafego-de-materiais","12":"product_tag-placa-cuidado-use-oculos-de-seguranca","13":"product_shipping_class-correios","15":"first","16":"onbackorder","17":"shipping-taxable","18":"product-type-simple"},"yoast_head":"<!-- This site is optimized with the Yoast SEO plugin v27.2 - https:\/\/yoast.com\/product\/yoast-seo-wordpress\/ -->\n<title>Placa Cuidado tr\u00e1fego de materiais - Proteccion Shopping<\/title>\n<meta name=\"description\" content=\"Placa Cuidado tr\u00e1fego de materiais - Sinaliza\u00e7\u00e3o de local - proibido estacionar, garagens, sa\u00eddas e \u00e1reas de carga e descarga, etc\" \/>\n<meta name=\"robots\" content=\"index, follow, max-snippet:-1, max-image-preview:large, max-video-preview:-1\" \/>\n<link rel=\"canonical\" href=\"https:\/\/proteccionshoppingonline.com.br\/loja\/loja\/placas-cuidado\/placa-cuidado-trafego-de-materiais\/\" \/>\n<meta property=\"og:locale\" content=\"pt_BR\" \/>\n<meta property=\"og:type\" content=\"article\" \/>\n<meta property=\"og:title\" content=\"Placa Cuidado tr\u00e1fego de materiais - Proteccion Shopping\" \/>\n<meta property=\"og:description\" content=\"Placa Cuidado tr\u00e1fego de materiais - Sinaliza\u00e7\u00e3o de local - proibido estacionar, garagens, sa\u00eddas e \u00e1reas de carga e descarga, etc\" \/>\n<meta property=\"og:url\" content=\"https:\/\/proteccionshoppingonline.com.br\/loja\/loja\/placas-cuidado\/placa-cuidado-trafego-de-materiais\/\" \/>\n<meta property=\"og:site_name\" content=\"Protecci\u00f3n\" \/>\n<meta property=\"article:modified_time\" content=\"2022-05-17T13:56:15+00:00\" \/>\n<meta property=\"og:image\" content=\"https:\/\/proteccionshoppingonline.com.br\/loja\/wp-content\/uploads\/2020\/06\/SPE90-150x150-1.jpg\" \/>\n\t<meta property=\"og:image:width\" content=\"600\" \/>\n\t<meta property=\"og:image:height\" content=\"600\" \/>\n\t<meta property=\"og:image:type\" content=\"image\/jpeg\" \/>\n<meta name=\"twitter:card\" content=\"summary_large_image\" \/>\n<meta name=\"twitter:label1\" content=\"Est. tempo de leitura\" \/>\n\t<meta name=\"twitter:data1\" content=\"1 minuto\" \/>\n<script type=\"application\/ld+json\" class=\"yoast-schema-graph\">{\"@context\":\"https:\/\/schema.org\",\"@graph\":[{\"@type\":\"WebPage\",\"@id\":\"https:\/\/proteccionshoppingonline.com.br\/loja\/loja\/placas-cuidado\/placa-cuidado-trafego-de-materiais\/\",\"url\":\"https:\/\/proteccionshoppingonline.com.br\/loja\/loja\/placas-cuidado\/placa-cuidado-trafego-de-materiais\/\",\"name\":\"Placa Cuidado tr\u00e1fego de materiais - Proteccion Shopping\",\"isPartOf\":{\"@id\":\"https:\/\/proteccionshoppingonline.com.br\/loja\/#website\"},\"primaryImageOfPage\":{\"@id\":\"https:\/\/proteccionshoppingonline.com.br\/loja\/loja\/placas-cuidado\/placa-cuidado-trafego-de-materiais\/#primaryimage\"},\"image\":{\"@id\":\"https:\/\/proteccionshoppingonline.com.br\/loja\/loja\/placas-cuidado\/placa-cuidado-trafego-de-materiais\/#primaryimage\"},\"thumbnailUrl\":\"https:\/\/proteccionshoppingonline.com.br\/loja\/wp-content\/uploads\/2020\/06\/SPE90-150x150-1.jpg\",\"datePublished\":\"2020-06-16T14:19:39+00:00\",\"dateModified\":\"2022-05-17T13:56:15+00:00\",\"description\":\"Placa Cuidado tr\u00e1fego de materiais - Sinaliza\u00e7\u00e3o de local - proibido estacionar, garagens, sa\u00eddas e \u00e1reas de carga e descarga, etc\",\"breadcrumb\":{\"@id\":\"https:\/\/proteccionshoppingonline.com.br\/loja\/loja\/placas-cuidado\/placa-cuidado-trafego-de-materiais\/#breadcrumb\"},\"inLanguage\":\"pt-BR\",\"potentialAction\":[{\"@type\":\"ReadAction\",\"target\":[\"https:\/\/proteccionshoppingonline.com.br\/loja\/loja\/placas-cuidado\/placa-cuidado-trafego-de-materiais\/\"]}]},{\"@type\":\"ImageObject\",\"inLanguage\":\"pt-BR\",\"@id\":\"https:\/\/proteccionshoppingonline.com.br\/loja\/loja\/placas-cuidado\/placa-cuidado-trafego-de-materiais\/#primaryimage\",\"url\":\"https:\/\/proteccionshoppingonline.com.br\/loja\/wp-content\/uploads\/2020\/06\/SPE90-150x150-1.jpg\",\"contentUrl\":\"https:\/\/proteccionshoppingonline.com.br\/loja\/wp-content\/uploads\/2020\/06\/SPE90-150x150-1.jpg\",\"width\":600,\"height\":600,\"caption\":\"Placa Cuidado tr\u00e1fego de materiais\"},{\"@type\":\"BreadcrumbList\",\"@id\":\"https:\/\/proteccionshoppingonline.com.br\/loja\/loja\/placas-cuidado\/placa-cuidado-trafego-de-materiais\/#breadcrumb\",\"itemListElement\":[{\"@type\":\"ListItem\",\"position\":1,\"name\":\"Home\",\"item\":\"https:\/\/proteccionshoppingonline.com.br\/loja\/\"},{\"@type\":\"ListItem\",\"position\":2,\"name\":\"Produtos\",\"item\":\"https:\/\/proteccionshoppingonline.com.br\/loja\/cart-2\/\"},{\"@type\":\"ListItem\",\"position\":3,\"name\":\"Placa Cuidado tr\u00e1fego de materiais\"}]},{\"@type\":\"WebSite\",\"@id\":\"https:\/\/proteccionshoppingonline.com.br\/loja\/#website\",\"url\":\"https:\/\/proteccionshoppingonline.com.br\/loja\/\",\"name\":\"Protecci\u00f3n Shopping On Line | Seguran\u00e7a contra Inc\u00eandios\",\"description\":\"Seguran\u00e7a contra Inc\u00eandios\",\"publisher\":{\"@id\":\"https:\/\/proteccionshoppingonline.com.br\/loja\/#organization\"},\"potentialAction\":[{\"@type\":\"SearchAction\",\"target\":{\"@type\":\"EntryPoint\",\"urlTemplate\":\"https:\/\/proteccionshoppingonline.com.br\/loja\/?s={search_term_string}\"},\"query-input\":{\"@type\":\"PropertyValueSpecification\",\"valueRequired\":true,\"valueName\":\"search_term_string\"}}],\"inLanguage\":\"pt-BR\"},{\"@type\":\"Organization\",\"@id\":\"https:\/\/proteccionshoppingonline.com.br\/loja\/#organization\",\"name\":\"Protecci\u00f3n Shopping On Line\",\"url\":\"https:\/\/proteccionshoppingonline.com.br\/loja\/\",\"logo\":{\"@type\":\"ImageObject\",\"inLanguage\":\"pt-BR\",\"@id\":\"https:\/\/proteccionshoppingonline.com.br\/loja\/#\/schema\/logo\/image\/\",\"url\":\"https:\/\/proteccionshoppingonline.com.br\/loja\/wp-content\/uploads\/2024\/01\/Proteccion-Shopping-On-Line-Logo-Nova.png\",\"contentUrl\":\"https:\/\/proteccionshoppingonline.com.br\/loja\/wp-content\/uploads\/2024\/01\/Proteccion-Shopping-On-Line-Logo-Nova.png\",\"width\":2000,\"height\":600,\"caption\":\"Protecci\u00f3n Shopping On Line\"},\"image\":{\"@id\":\"https:\/\/proteccionshoppingonline.com.br\/loja\/#\/schema\/logo\/image\/\"}}]}<\/script>\n<!-- \/ Yoast SEO plugin. -->","yoast_head_json":{"title":"Placa Cuidado tr\u00e1fego de materiais - Proteccion Shopping","description":"Placa Cuidado tr\u00e1fego de materiais - Sinaliza\u00e7\u00e3o de local - proibido estacionar, garagens, sa\u00eddas e \u00e1reas de carga e descarga, etc","robots":{"index":"index","follow":"follow","max-snippet":"max-snippet:-1","max-image-preview":"max-image-preview:large","max-video-preview":"max-video-preview:-1"},"canonical":"https:\/\/proteccionshoppingonline.com.br\/loja\/loja\/placas-cuidado\/placa-cuidado-trafego-de-materiais\/","og_locale":"pt_BR","og_type":"article","og_title":"Placa Cuidado tr\u00e1fego de materiais - Proteccion Shopping","og_description":"Placa Cuidado tr\u00e1fego de materiais - Sinaliza\u00e7\u00e3o de local - proibido estacionar, garagens, sa\u00eddas e \u00e1reas de carga e descarga, etc","og_url":"https:\/\/proteccionshoppingonline.com.br\/loja\/loja\/placas-cuidado\/placa-cuidado-trafego-de-materiais\/","og_site_name":"Protecci\u00f3n","article_modified_time":"2022-05-17T13:56:15+00:00","og_image":[{"width":600,"height":600,"url":"https:\/\/proteccionshoppingonline.com.br\/loja\/wp-content\/uploads\/2020\/06\/SPE90-150x150-1.jpg","type":"image\/jpeg"}],"twitter_card":"summary_large_image","twitter_misc":{"Est. tempo de leitura":"1 minuto"},"schema":{"@context":"https:\/\/schema.org","@graph":[{"@type":"WebPage","@id":"https:\/\/proteccionshoppingonline.com.br\/loja\/loja\/placas-cuidado\/placa-cuidado-trafego-de-materiais\/","url":"https:\/\/proteccionshoppingonline.com.br\/loja\/loja\/placas-cuidado\/placa-cuidado-trafego-de-materiais\/","name":"Placa Cuidado tr\u00e1fego de materiais - Proteccion Shopping","isPartOf":{"@id":"https:\/\/proteccionshoppingonline.com.br\/loja\/#website"},"primaryImageOfPage":{"@id":"https:\/\/proteccionshoppingonline.com.br\/loja\/loja\/placas-cuidado\/placa-cuidado-trafego-de-materiais\/#primaryimage"},"image":{"@id":"https:\/\/proteccionshoppingonline.com.br\/loja\/loja\/placas-cuidado\/placa-cuidado-trafego-de-materiais\/#primaryimage"},"thumbnailUrl":"https:\/\/proteccionshoppingonline.com.br\/loja\/wp-content\/uploads\/2020\/06\/SPE90-150x150-1.jpg","datePublished":"2020-06-16T14:19:39+00:00","dateModified":"2022-05-17T13:56:15+00:00","description":"Placa Cuidado tr\u00e1fego de materiais - Sinaliza\u00e7\u00e3o de local - proibido estacionar, garagens, sa\u00eddas e \u00e1reas de carga e descarga, etc","breadcrumb":{"@id":"https:\/\/proteccionshoppingonline.com.br\/loja\/loja\/placas-cuidado\/placa-cuidado-trafego-de-materiais\/#breadcrumb"},"inLanguage":"pt-BR","potentialAction":[{"@type":"ReadAction","target":["https:\/\/proteccionshoppingonline.com.br\/loja\/loja\/placas-cuidado\/placa-cuidado-trafego-de-materiais\/"]}]},{"@type":"ImageObject","inLanguage":"pt-BR","@id":"https:\/\/proteccionshoppingonline.com.br\/loja\/loja\/placas-cuidado\/placa-cuidado-trafego-de-materiais\/#primaryimage","url":"https:\/\/proteccionshoppingonline.com.br\/loja\/wp-content\/uploads\/2020\/06\/SPE90-150x150-1.jpg","contentUrl":"https:\/\/proteccionshoppingonline.com.br\/loja\/wp-content\/uploads\/2020\/06\/SPE90-150x150-1.jpg","width":600,"height":600,"caption":"Placa Cuidado tr\u00e1fego de materiais"},{"@type":"BreadcrumbList","@id":"https:\/\/proteccionshoppingonline.com.br\/loja\/loja\/placas-cuidado\/placa-cuidado-trafego-de-materiais\/#breadcrumb","itemListElement":[{"@type":"ListItem","position":1,"name":"Home","item":"https:\/\/proteccionshoppingonline.com.br\/loja\/"},{"@type":"ListItem","position":2,"name":"Produtos","item":"https:\/\/proteccionshoppingonline.com.br\/loja\/cart-2\/"},{"@type":"ListItem","position":3,"name":"Placa Cuidado tr\u00e1fego de materiais"}]},{"@type":"WebSite","@id":"https:\/\/proteccionshoppingonline.com.br\/loja\/#website","url":"https:\/\/proteccionshoppingonline.com.br\/loja\/","name":"Protecci\u00f3n Shopping On Line | Seguran\u00e7a contra Inc\u00eandios","description":"Seguran\u00e7a contra Inc\u00eandios","publisher":{"@id":"https:\/\/proteccionshoppingonline.com.br\/loja\/#organization"},"potentialAction":[{"@type":"SearchAction","target":{"@type":"EntryPoint","urlTemplate":"https:\/\/proteccionshoppingonline.com.br\/loja\/?s={search_term_string}"},"query-input":{"@type":"PropertyValueSpecification","valueRequired":true,"valueName":"search_term_string"}}],"inLanguage":"pt-BR"},{"@type":"Organization","@id":"https:\/\/proteccionshoppingonline.com.br\/loja\/#organization","name":"Protecci\u00f3n Shopping On Line","url":"https:\/\/proteccionshoppingonline.com.br\/loja\/","logo":{"@type":"ImageObject","inLanguage":"pt-BR","@id":"https:\/\/proteccionshoppingonline.com.br\/loja\/#\/schema\/logo\/image\/","url":"https:\/\/proteccionshoppingonline.com.br\/loja\/wp-content\/uploads\/2024\/01\/Proteccion-Shopping-On-Line-Logo-Nova.png","contentUrl":"https:\/\/proteccionshoppingonline.com.br\/loja\/wp-content\/uploads\/2024\/01\/Proteccion-Shopping-On-Line-Logo-Nova.png","width":2000,"height":600,"caption":"Protecci\u00f3n Shopping On Line"},"image":{"@id":"https:\/\/proteccionshoppingonline.com.br\/loja\/#\/schema\/logo\/image\/"}}]}},"_links":{"self":[{"href":"https:\/\/proteccionshoppingonline.com.br\/loja\/wp-json\/wp\/v2\/product\/12173","targetHints":{"allow":["GET"]}}],"collection":[{"href":"https:\/\/proteccionshoppingonline.com.br\/loja\/wp-json\/wp\/v2\/product"}],"about":[{"href":"https:\/\/proteccionshoppingonline.com.br\/loja\/wp-json\/wp\/v2\/types\/product"}],"version-history":[{"count":0,"href":"https:\/\/proteccionshoppingonline.com.br\/loja\/wp-json\/wp\/v2\/product\/12173\/revisions"}],"wp:featuredmedia":[{"embeddable":true,"href":"https:\/\/proteccionshoppingonline.com.br\/loja\/wp-json\/wp\/v2\/media\/13343"}],"wp:attachment":[{"href":"https:\/\/proteccionshoppingonline.com.br\/loja\/wp-json\/wp\/v2\/media?parent=12173"}],"wp:term":[{"taxonomy":"product_brand","embeddable":true,"href":"https:\/\/proteccionshoppingonline.com.br\/loja\/wp-json\/wp\/v2\/product_brand?post=12173"},{"taxonomy":"product_cat","embeddable":true,"href":"https:\/\/proteccionshoppingonline.com.br\/loja\/wp-json\/wp\/v2\/product_cat?post=12173"},{"taxonomy":"product_tag","embeddable":true,"href":"https:\/\/proteccionshoppingonline.com.br\/loja\/wp-json\/wp\/v2\/product_tag?post=12173"}],"curies":[{"name":"wp","href":"https:\/\/api.w.org\/{rel}","templated":true}]}}