{"id":11146,"date":"2020-05-29T17:16:10","date_gmt":"2020-05-29T17:16:10","guid":{"rendered":"http:\/\/proteccionshoppingonline.com.br\/loja\/?post_type=product&#038;p=11146"},"modified":"2022-05-16T16:40:44","modified_gmt":"2022-05-16T16:40:44","slug":"placa-rota-homem-seta-sobe-a-esquerda","status":"publish","type":"product","link":"https:\/\/proteccionshoppingonline.com.br\/loja\/loja\/placas-sinalizacao\/placa-rota-homem-seta-sobe-a-esquerda\/","title":{"rendered":"Placa S5 rota homem seta sobe \u00e0 esquerda"},"content":{"rendered":"<h1 class=\"product_title entry-title\" style=\"text-align: center;\">Placa rota homem seta sobe \u00e0 esquerda<\/h1>\n<p><strong> Placa rota homem seta sobe \u00e0 esquerda<\/strong>\u00a0&#8211; tem finalidade Indicativa.<\/p>\n<p>&nbsp;<\/p>\n<p>Nossas placas de sinaliza\u00e7\u00e3o est\u00e3o de acordo com Normas e requisitos regulamentares.<\/p>\n<p>&nbsp;<\/p>\n<h3>Procedimentos<\/h3>\n<p>A sinaliza\u00e7\u00e3o de advert\u00eancia, regulamenta\u00e7\u00e3o e indica\u00e7\u00e3o tem como meta advertir os utilizadores do lugar sobre condi\u00e7\u00f5es arriscadas, portanto observar as informa\u00e7\u00f5es com aten\u00e7\u00e3o e respeit\u00e1-las.<\/p>\n<p>Seguimos requisitos b\u00e1sicos para que a sinaliza\u00e7\u00e3o de emerg\u00eancia possa ser visualizada e compreendida no interior da edifica\u00e7\u00e3o ou \u00e1rea de risco<\/p>\n<p>Sinaliza\u00e7\u00e3o de emerg\u00eancia a fim de reduzir o risco de ocorr\u00eancia de inc\u00eandio, alertando para os riscos existentes e garantir que sejam adotadas a\u00e7\u00f5es adequadas \u00e0 situa\u00e7\u00e3o de risco, que orientem as a\u00e7\u00f5es de combate e facilitem a localiza\u00e7\u00e3o dos equipamentos e das rotas de sa\u00edda para abandono seguro em caso de inc\u00eandio.<\/p>\n<p>&nbsp;<\/p>\n<h3>Especifica\u00e7\u00f5es T\u00e9cnicas <strong>Placa homem seta sobe \u00e0 esquerda<\/strong><\/h3>\n<p>&nbsp;<\/p>\n<p>Fabricado em PVC, policloreto de polivinila<\/p>\n<p>N\u00e3o propaga chamas<\/p>\n<p>Impresso em Silk-screen. Pictograma impresso com\u00a0 tinta fotoluminescente.<\/p>\n<p>Cores de acordo com a Norma NBR 13434-2.<\/p>\n<p>Verde: Pantone 350 C<\/p>\n<p>Tamanho: 3 tamanhos.<\/p>\n<p>&nbsp;<\/p>\n<p>Temos centenas de produtos dispon\u00edveis, a fim de atender suas necessidades!<\/p>\n<p>Consulte-nos para mais detalhes, com a finalidade de sanar suas d\u00favidas!<\/p>\n<p>Atendimento em suma de seg \u00e0 sexta das 08 \u2013 12 e 13 \u2013 17hs.<\/p>\n<p>&nbsp;<\/p>\n<p>Consultar\u00a0<a href=\"http:\/\/www.engenharia.proteccionshoppingonline.com.br\/\">Proteccion engenharia<\/a><\/p>\n<p>Consultar\u00a0<a href=\"https:\/\/proteccionshoppingonline.com.br\/loja\/norma-it-20-2019\/\">catalogos-it-normas\u00a0<\/a><\/p>\n<p>&nbsp;<\/p>\n<p>2.1 Esta Instru\u00e7\u00e3o T\u00e9cnica (IT) aplica-se a todas as edifica\u00e7\u00f5es e \u00e1reas de risco, exceto resid\u00eancias unifamiliares.<\/p>\n","protected":false},"excerpt":{"rendered":"<p>Placa rota homem seta sobe \u00e0 esquerda<\/p>\n","protected":false},"featured_media":13317,"template":"","meta":{"_seopress_robots_primary_cat":"174","_seopress_titles_title":"%%title%% %%page%% %%sitename%%","_seopress_titles_desc":"Placa rota homem seta sobe \u00e0 esquerda - tem finalidade Indicativa a rota de sa\u00edda de fuga do local, no caso de emerg\u00eancia.","_seopress_robots_index":""},"product_brand":[],"product_cat":[174],"product_tag":[279,281,282,283,275,125],"class_list":{"0":"post-11146","1":"product","2":"type-product","3":"status-publish","4":"has-post-thumbnail","6":"product_cat-placas-sinalizacao","7":"product_tag-placa-rota-homem-seta-a-direita","8":"product_tag-placa-rota-homem-seta-acima","9":"product_tag-placa-rota-homem-seta-sobe-a-direita","10":"product_tag-placa-rota-homem-seta-sobe-a-esquerda","11":"product_tag-placa-seta-rota-de-saida-para-rodapes","12":"product_tag-spray-fumaca-teste","14":"first","15":"onbackorder","16":"shipping-taxable","17":"product-type-simple"},"yoast_head":"<!-- This site is optimized with the Yoast SEO plugin v27.2 - https:\/\/yoast.com\/product\/yoast-seo-wordpress\/ -->\n<title>Placa S5 rota homem seta sobe \u00e0 esquerda Protecci\u00f3n<\/title>\n<meta name=\"description\" content=\"Placa rota homem seta sobe \u00e0 esquerda - tem finalidade Indicativa a rota de sa\u00edda de fuga do local, no caso de emerg\u00eancia.\" \/>\n<meta name=\"robots\" content=\"index, follow, max-snippet:-1, max-image-preview:large, max-video-preview:-1\" \/>\n<link rel=\"canonical\" href=\"https:\/\/proteccionshoppingonline.com.br\/loja\/loja\/placas-sinalizacao\/placa-rota-homem-seta-sobe-a-esquerda\/\" \/>\n<meta property=\"og:locale\" content=\"pt_BR\" \/>\n<meta property=\"og:type\" content=\"article\" \/>\n<meta property=\"og:title\" content=\"Placa S5 rota homem seta sobe \u00e0 esquerda Protecci\u00f3n\" \/>\n<meta property=\"og:description\" content=\"Placa rota homem seta sobe \u00e0 esquerda - tem finalidade Indicativa a rota de sa\u00edda de fuga do local, no caso de emerg\u00eancia.\" \/>\n<meta property=\"og:url\" content=\"https:\/\/proteccionshoppingonline.com.br\/loja\/loja\/placas-sinalizacao\/placa-rota-homem-seta-sobe-a-esquerda\/\" \/>\n<meta property=\"og:site_name\" content=\"Protecci\u00f3n\" \/>\n<meta property=\"article:modified_time\" content=\"2022-05-16T16:40:44+00:00\" \/>\n<meta property=\"og:image\" content=\"https:\/\/proteccionshoppingonline.com.br\/loja\/wp-content\/uploads\/2020\/05\/Placa-Rota-de-Fuga-Homem-Seta-Sobe-a-Esquerda.jpg\" \/>\n\t<meta property=\"og:image:width\" content=\"600\" \/>\n\t<meta property=\"og:image:height\" content=\"600\" \/>\n\t<meta property=\"og:image:type\" content=\"image\/jpeg\" \/>\n<meta name=\"twitter:card\" content=\"summary_large_image\" \/>\n<meta name=\"twitter:label1\" content=\"Est. tempo de leitura\" \/>\n\t<meta name=\"twitter:data1\" content=\"1 minuto\" \/>\n<script type=\"application\/ld+json\" class=\"yoast-schema-graph\">{\"@context\":\"https:\/\/schema.org\",\"@graph\":[{\"@type\":\"WebPage\",\"@id\":\"https:\/\/proteccionshoppingonline.com.br\/loja\/loja\/placas-sinalizacao\/placa-rota-homem-seta-sobe-a-esquerda\/\",\"url\":\"https:\/\/proteccionshoppingonline.com.br\/loja\/loja\/placas-sinalizacao\/placa-rota-homem-seta-sobe-a-esquerda\/\",\"name\":\"Placa S5 rota homem seta sobe \u00e0 esquerda Protecci\u00f3n\",\"isPartOf\":{\"@id\":\"https:\/\/proteccionshoppingonline.com.br\/loja\/#website\"},\"primaryImageOfPage\":{\"@id\":\"https:\/\/proteccionshoppingonline.com.br\/loja\/loja\/placas-sinalizacao\/placa-rota-homem-seta-sobe-a-esquerda\/#primaryimage\"},\"image\":{\"@id\":\"https:\/\/proteccionshoppingonline.com.br\/loja\/loja\/placas-sinalizacao\/placa-rota-homem-seta-sobe-a-esquerda\/#primaryimage\"},\"thumbnailUrl\":\"https:\/\/proteccionshoppingonline.com.br\/loja\/wp-content\/uploads\/2020\/05\/Placa-Rota-de-Fuga-Homem-Seta-Sobe-a-Esquerda.jpg\",\"datePublished\":\"2020-05-29T17:16:10+00:00\",\"dateModified\":\"2022-05-16T16:40:44+00:00\",\"description\":\"Placa rota homem seta sobe \u00e0 esquerda - tem finalidade Indicativa a rota de sa\u00edda de fuga do local, no caso de emerg\u00eancia.\",\"breadcrumb\":{\"@id\":\"https:\/\/proteccionshoppingonline.com.br\/loja\/loja\/placas-sinalizacao\/placa-rota-homem-seta-sobe-a-esquerda\/#breadcrumb\"},\"inLanguage\":\"pt-BR\",\"potentialAction\":[{\"@type\":\"ReadAction\",\"target\":[\"https:\/\/proteccionshoppingonline.com.br\/loja\/loja\/placas-sinalizacao\/placa-rota-homem-seta-sobe-a-esquerda\/\"]}]},{\"@type\":\"ImageObject\",\"inLanguage\":\"pt-BR\",\"@id\":\"https:\/\/proteccionshoppingonline.com.br\/loja\/loja\/placas-sinalizacao\/placa-rota-homem-seta-sobe-a-esquerda\/#primaryimage\",\"url\":\"https:\/\/proteccionshoppingonline.com.br\/loja\/wp-content\/uploads\/2020\/05\/Placa-Rota-de-Fuga-Homem-Seta-Sobe-a-Esquerda.jpg\",\"contentUrl\":\"https:\/\/proteccionshoppingonline.com.br\/loja\/wp-content\/uploads\/2020\/05\/Placa-Rota-de-Fuga-Homem-Seta-Sobe-a-Esquerda.jpg\",\"width\":600,\"height\":600,\"caption\":\"Placa S5 rota homem seta sobe \u00e0 esquerda\"},{\"@type\":\"BreadcrumbList\",\"@id\":\"https:\/\/proteccionshoppingonline.com.br\/loja\/loja\/placas-sinalizacao\/placa-rota-homem-seta-sobe-a-esquerda\/#breadcrumb\",\"itemListElement\":[{\"@type\":\"ListItem\",\"position\":1,\"name\":\"Home\",\"item\":\"https:\/\/proteccionshoppingonline.com.br\/loja\/\"},{\"@type\":\"ListItem\",\"position\":2,\"name\":\"Produtos\",\"item\":\"https:\/\/proteccionshoppingonline.com.br\/loja\/cart-2\/\"},{\"@type\":\"ListItem\",\"position\":3,\"name\":\"Placa S5 rota homem seta sobe \u00e0 esquerda\"}]},{\"@type\":\"WebSite\",\"@id\":\"https:\/\/proteccionshoppingonline.com.br\/loja\/#website\",\"url\":\"https:\/\/proteccionshoppingonline.com.br\/loja\/\",\"name\":\"Protecci\u00f3n Shopping On Line | Seguran\u00e7a contra Inc\u00eandios\",\"description\":\"Seguran\u00e7a contra Inc\u00eandios\",\"publisher\":{\"@id\":\"https:\/\/proteccionshoppingonline.com.br\/loja\/#organization\"},\"potentialAction\":[{\"@type\":\"SearchAction\",\"target\":{\"@type\":\"EntryPoint\",\"urlTemplate\":\"https:\/\/proteccionshoppingonline.com.br\/loja\/?s={search_term_string}\"},\"query-input\":{\"@type\":\"PropertyValueSpecification\",\"valueRequired\":true,\"valueName\":\"search_term_string\"}}],\"inLanguage\":\"pt-BR\"},{\"@type\":\"Organization\",\"@id\":\"https:\/\/proteccionshoppingonline.com.br\/loja\/#organization\",\"name\":\"Protecci\u00f3n Shopping On Line\",\"url\":\"https:\/\/proteccionshoppingonline.com.br\/loja\/\",\"logo\":{\"@type\":\"ImageObject\",\"inLanguage\":\"pt-BR\",\"@id\":\"https:\/\/proteccionshoppingonline.com.br\/loja\/#\/schema\/logo\/image\/\",\"url\":\"https:\/\/proteccionshoppingonline.com.br\/loja\/wp-content\/uploads\/2024\/01\/Proteccion-Shopping-On-Line-Logo-Nova.png\",\"contentUrl\":\"https:\/\/proteccionshoppingonline.com.br\/loja\/wp-content\/uploads\/2024\/01\/Proteccion-Shopping-On-Line-Logo-Nova.png\",\"width\":2000,\"height\":600,\"caption\":\"Protecci\u00f3n Shopping On Line\"},\"image\":{\"@id\":\"https:\/\/proteccionshoppingonline.com.br\/loja\/#\/schema\/logo\/image\/\"}}]}<\/script>\n<!-- \/ Yoast SEO plugin. -->","yoast_head_json":{"title":"Placa S5 rota homem seta sobe \u00e0 esquerda Protecci\u00f3n","description":"Placa rota homem seta sobe \u00e0 esquerda - tem finalidade Indicativa a rota de sa\u00edda de fuga do local, no caso de emerg\u00eancia.","robots":{"index":"index","follow":"follow","max-snippet":"max-snippet:-1","max-image-preview":"max-image-preview:large","max-video-preview":"max-video-preview:-1"},"canonical":"https:\/\/proteccionshoppingonline.com.br\/loja\/loja\/placas-sinalizacao\/placa-rota-homem-seta-sobe-a-esquerda\/","og_locale":"pt_BR","og_type":"article","og_title":"Placa S5 rota homem seta sobe \u00e0 esquerda Protecci\u00f3n","og_description":"Placa rota homem seta sobe \u00e0 esquerda - tem finalidade Indicativa a rota de sa\u00edda de fuga do local, no caso de emerg\u00eancia.","og_url":"https:\/\/proteccionshoppingonline.com.br\/loja\/loja\/placas-sinalizacao\/placa-rota-homem-seta-sobe-a-esquerda\/","og_site_name":"Protecci\u00f3n","article_modified_time":"2022-05-16T16:40:44+00:00","og_image":[{"width":600,"height":600,"url":"https:\/\/proteccionshoppingonline.com.br\/loja\/wp-content\/uploads\/2020\/05\/Placa-Rota-de-Fuga-Homem-Seta-Sobe-a-Esquerda.jpg","type":"image\/jpeg"}],"twitter_card":"summary_large_image","twitter_misc":{"Est. tempo de leitura":"1 minuto"},"schema":{"@context":"https:\/\/schema.org","@graph":[{"@type":"WebPage","@id":"https:\/\/proteccionshoppingonline.com.br\/loja\/loja\/placas-sinalizacao\/placa-rota-homem-seta-sobe-a-esquerda\/","url":"https:\/\/proteccionshoppingonline.com.br\/loja\/loja\/placas-sinalizacao\/placa-rota-homem-seta-sobe-a-esquerda\/","name":"Placa S5 rota homem seta sobe \u00e0 esquerda Protecci\u00f3n","isPartOf":{"@id":"https:\/\/proteccionshoppingonline.com.br\/loja\/#website"},"primaryImageOfPage":{"@id":"https:\/\/proteccionshoppingonline.com.br\/loja\/loja\/placas-sinalizacao\/placa-rota-homem-seta-sobe-a-esquerda\/#primaryimage"},"image":{"@id":"https:\/\/proteccionshoppingonline.com.br\/loja\/loja\/placas-sinalizacao\/placa-rota-homem-seta-sobe-a-esquerda\/#primaryimage"},"thumbnailUrl":"https:\/\/proteccionshoppingonline.com.br\/loja\/wp-content\/uploads\/2020\/05\/Placa-Rota-de-Fuga-Homem-Seta-Sobe-a-Esquerda.jpg","datePublished":"2020-05-29T17:16:10+00:00","dateModified":"2022-05-16T16:40:44+00:00","description":"Placa rota homem seta sobe \u00e0 esquerda - tem finalidade Indicativa a rota de sa\u00edda de fuga do local, no caso de emerg\u00eancia.","breadcrumb":{"@id":"https:\/\/proteccionshoppingonline.com.br\/loja\/loja\/placas-sinalizacao\/placa-rota-homem-seta-sobe-a-esquerda\/#breadcrumb"},"inLanguage":"pt-BR","potentialAction":[{"@type":"ReadAction","target":["https:\/\/proteccionshoppingonline.com.br\/loja\/loja\/placas-sinalizacao\/placa-rota-homem-seta-sobe-a-esquerda\/"]}]},{"@type":"ImageObject","inLanguage":"pt-BR","@id":"https:\/\/proteccionshoppingonline.com.br\/loja\/loja\/placas-sinalizacao\/placa-rota-homem-seta-sobe-a-esquerda\/#primaryimage","url":"https:\/\/proteccionshoppingonline.com.br\/loja\/wp-content\/uploads\/2020\/05\/Placa-Rota-de-Fuga-Homem-Seta-Sobe-a-Esquerda.jpg","contentUrl":"https:\/\/proteccionshoppingonline.com.br\/loja\/wp-content\/uploads\/2020\/05\/Placa-Rota-de-Fuga-Homem-Seta-Sobe-a-Esquerda.jpg","width":600,"height":600,"caption":"Placa S5 rota homem seta sobe \u00e0 esquerda"},{"@type":"BreadcrumbList","@id":"https:\/\/proteccionshoppingonline.com.br\/loja\/loja\/placas-sinalizacao\/placa-rota-homem-seta-sobe-a-esquerda\/#breadcrumb","itemListElement":[{"@type":"ListItem","position":1,"name":"Home","item":"https:\/\/proteccionshoppingonline.com.br\/loja\/"},{"@type":"ListItem","position":2,"name":"Produtos","item":"https:\/\/proteccionshoppingonline.com.br\/loja\/cart-2\/"},{"@type":"ListItem","position":3,"name":"Placa S5 rota homem seta sobe \u00e0 esquerda"}]},{"@type":"WebSite","@id":"https:\/\/proteccionshoppingonline.com.br\/loja\/#website","url":"https:\/\/proteccionshoppingonline.com.br\/loja\/","name":"Protecci\u00f3n Shopping On Line | Seguran\u00e7a contra Inc\u00eandios","description":"Seguran\u00e7a contra Inc\u00eandios","publisher":{"@id":"https:\/\/proteccionshoppingonline.com.br\/loja\/#organization"},"potentialAction":[{"@type":"SearchAction","target":{"@type":"EntryPoint","urlTemplate":"https:\/\/proteccionshoppingonline.com.br\/loja\/?s={search_term_string}"},"query-input":{"@type":"PropertyValueSpecification","valueRequired":true,"valueName":"search_term_string"}}],"inLanguage":"pt-BR"},{"@type":"Organization","@id":"https:\/\/proteccionshoppingonline.com.br\/loja\/#organization","name":"Protecci\u00f3n Shopping On Line","url":"https:\/\/proteccionshoppingonline.com.br\/loja\/","logo":{"@type":"ImageObject","inLanguage":"pt-BR","@id":"https:\/\/proteccionshoppingonline.com.br\/loja\/#\/schema\/logo\/image\/","url":"https:\/\/proteccionshoppingonline.com.br\/loja\/wp-content\/uploads\/2024\/01\/Proteccion-Shopping-On-Line-Logo-Nova.png","contentUrl":"https:\/\/proteccionshoppingonline.com.br\/loja\/wp-content\/uploads\/2024\/01\/Proteccion-Shopping-On-Line-Logo-Nova.png","width":2000,"height":600,"caption":"Protecci\u00f3n Shopping On Line"},"image":{"@id":"https:\/\/proteccionshoppingonline.com.br\/loja\/#\/schema\/logo\/image\/"}}]}},"_links":{"self":[{"href":"https:\/\/proteccionshoppingonline.com.br\/loja\/wp-json\/wp\/v2\/product\/11146","targetHints":{"allow":["GET"]}}],"collection":[{"href":"https:\/\/proteccionshoppingonline.com.br\/loja\/wp-json\/wp\/v2\/product"}],"about":[{"href":"https:\/\/proteccionshoppingonline.com.br\/loja\/wp-json\/wp\/v2\/types\/product"}],"version-history":[{"count":0,"href":"https:\/\/proteccionshoppingonline.com.br\/loja\/wp-json\/wp\/v2\/product\/11146\/revisions"}],"wp:featuredmedia":[{"embeddable":true,"href":"https:\/\/proteccionshoppingonline.com.br\/loja\/wp-json\/wp\/v2\/media\/13317"}],"wp:attachment":[{"href":"https:\/\/proteccionshoppingonline.com.br\/loja\/wp-json\/wp\/v2\/media?parent=11146"}],"wp:term":[{"taxonomy":"product_brand","embeddable":true,"href":"https:\/\/proteccionshoppingonline.com.br\/loja\/wp-json\/wp\/v2\/product_brand?post=11146"},{"taxonomy":"product_cat","embeddable":true,"href":"https:\/\/proteccionshoppingonline.com.br\/loja\/wp-json\/wp\/v2\/product_cat?post=11146"},{"taxonomy":"product_tag","embeddable":true,"href":"https:\/\/proteccionshoppingonline.com.br\/loja\/wp-json\/wp\/v2\/product_tag?post=11146"}],"curies":[{"name":"wp","href":"https:\/\/api.w.org\/{rel}","templated":true}]}}