{"id":10587,"date":"2020-05-22T10:31:46","date_gmt":"2020-05-22T10:31:46","guid":{"rendered":"http:\/\/proteccionshoppingonline.com.br\/loja\/?post_type=product&#038;p=10587"},"modified":"2025-02-17T12:49:34","modified_gmt":"2025-02-17T15:49:34","slug":"valvula-monobloco-latao-forjado-gas","status":"publish","type":"product","link":"https:\/\/proteccionshoppingonline.com.br\/loja\/loja\/valvula-esfera\/valvula-monobloco-latao-forjado-gas\/","title":{"rendered":"V\u00e1lvula Monobloco Lat\u00e3o Forjado G\u00e1s"},"content":{"rendered":"<h3 style=\"text-align: center;\">V\u00c1LVULA MONOBLOCO LAT\u00c3O FORJADO G\u00c1S<\/h3>\n<p><strong>V\u00c1LVULA MONOBLOCO LAT\u00c3O FORJADO G\u00c1S &#8211;<\/strong> para bloqueio de fluxo. uso em redes de g\u00e1s com press\u00e3o m\u00e1xima de 290psi e sobretudo ainda com 2 an\u00e9is O\u2019ring para veda\u00e7\u00e3o da haste.<\/p>\n<p>A v\u00e1lvula de esfera monobloco em lat\u00e3o forjado\u00a0\u00e9 um dispositivo que controla o fluxo de g\u00e1s em redes de g\u00e1s encanado.\u00a0Pode ser utilizada em resid\u00eancias, apartamentos, fog\u00f5es a g\u00e1s, fornos a g\u00e1s, lareiras a g\u00e1s, entre outros.<\/p>\n<h3>\n<p>Especifica\u00e7\u00f5es:<\/h3>\n<p>&nbsp;<\/p>\n<p><em>VEM<\/em> = V\u00e1lvula de Esfera Monobloco PN 40 Acionamento Borboleta \/ Alavanca com haste a prova de expuls\u00e3o, conforme norma Testes: API 598<\/p>\n<p>Indicadas contudo para utiliza\u00e7\u00e3o em g\u00e1s.<\/p>\n<p>Aplica\u00e7\u00e3o conforme especifica\u00e7\u00f5es, para equipamentos industriais, comerciais e residenciais.<\/p>\n<p><em>Material:\u00a0<\/em><\/p>\n<p>\u2013\u00a0<strong>Lat\u00e3o<\/strong>\u00a0Forjado com haste a prova de expuls\u00e3o.<\/p>\n<p>\u2013<b>\u00a0F<\/b><strong>erro e carbono<\/strong><\/p>\n<p>&#8211; <strong>TP<\/strong>\u00a0= Teflon puro &#8216;160 graus&#8221;<\/p>\n<p>Temperaturas de servi\u00e7o: &#8211; 20\u00baC a 80\u00baC<br \/>\n*N\u00e3o devem ser utilizadas no final da linha.*<\/p>\n<p>&#8211; Passagem Plena.<\/p>\n<p><em>Rosca:<\/em>\u00a0 \u00a0NPT<\/p>\n<h4><\/h4>\n<p>Temos centenas de produtos dispon\u00edveis, a fim de atender suas necessidades!<\/p>\n<p>Consulte-nos para mais detalhes, com a finalidade de sanar suas d\u00favidas!<\/p>\n<p>Atendimento em suma de seg \u00e0 sexta das 08 &#8211; 12 e 13 &#8211; 17hs<\/p>\n<p>&nbsp;<\/p>\n<p>Fabricante: MGA &#8211; Metal\u00fargica Golden Arts.<\/p>\n<p>Consultar\u00a0<a href=\"https:\/\/proteccionshoppingonline.com.br\/loja\/catalogos-it-normas\/\">CA<\/a><br \/>\nConsultar\u00a0<a href=\"http:\/\/www.engeharia.proteciononline.com.br\/\">Proteccion Engenharia<\/a><\/p>\n<p>&nbsp;<\/p>\n","protected":false},"excerpt":{"rendered":"<p>A v\u00e1lvula de esfera monobloco em lat\u00e3o forjado \u00e9 um dispositivo que controla o fluxo de g\u00e1s em redes de g\u00e1s encanado. A press\u00e3o m\u00e1xima de 16 bar.<\/p>\n","protected":false},"featured_media":18128,"template":"","meta":{"_seopress_robots_primary_cat":"none","_seopress_titles_title":"%%title%% %%page%% %%sep%%","_seopress_titles_desc":"A v\u00e1lvula de esfera monobloco em lat\u00e3o forjado \u00e9 um dispositivo que controla o fluxo de g\u00e1s em redes de g\u00e1s encanado. A press\u00e3o m\u00e1xima de 16 bar.","_seopress_robots_index":""},"product_brand":[],"product_cat":[171,151],"product_tag":[259,260,261,267,258,262],"class_list":{"0":"post-10587","1":"product","2":"type-product","3":"status-publish","4":"has-post-thumbnail","6":"product_cat-hidraulica","7":"product_cat-valvula-esfera","8":"product_tag-valvula-borboleta-wafer-vedacao-epdm","9":"product_tag-valvula-esfera-tripartida-flangeada-cl150","10":"product_tag-valvula-esfera-tripartida-flangeada-s1000-cl300","11":"product_tag-valvula-monobloco-latao-forjado-gas","12":"product_tag-valvula-triparte-mga","13":"product_tag-valvula-triparte-mga-s1000","15":"first","16":"onbackorder","17":"shipping-taxable","18":"purchasable","19":"product-type-variable"},"yoast_head":"<!-- This site is optimized with the Yoast SEO plugin v27.2 - https:\/\/yoast.com\/product\/yoast-seo-wordpress\/ -->\n<title>V\u00e1lvula Monobloco Lat\u00e3o Forjado G\u00e1s -<\/title>\n<meta name=\"description\" content=\"A v\u00e1lvula de esfera monobloco em lat\u00e3o forjado \u00e9 um dispositivo que controla o fluxo de g\u00e1s em redes de g\u00e1s encanado. A press\u00e3o m\u00e1xima de 16 bar.\" \/>\n<meta name=\"robots\" content=\"index, follow, max-snippet:-1, max-image-preview:large, max-video-preview:-1\" \/>\n<link rel=\"canonical\" href=\"https:\/\/proteccionshoppingonline.com.br\/loja\/loja\/valvula-esfera\/valvula-monobloco-latao-forjado-gas\/\" \/>\n<meta property=\"og:locale\" content=\"pt_BR\" \/>\n<meta property=\"og:type\" content=\"article\" \/>\n<meta property=\"og:title\" content=\"V\u00e1lvula Monobloco Lat\u00e3o Forjado G\u00e1s -\" \/>\n<meta property=\"og:description\" content=\"A v\u00e1lvula de esfera monobloco em lat\u00e3o forjado \u00e9 um dispositivo que controla o fluxo de g\u00e1s em redes de g\u00e1s encanado. A press\u00e3o m\u00e1xima de 16 bar.\" \/>\n<meta property=\"og:url\" content=\"https:\/\/proteccionshoppingonline.com.br\/loja\/loja\/valvula-esfera\/valvula-monobloco-latao-forjado-gas\/\" \/>\n<meta property=\"og:site_name\" content=\"Protecci\u00f3n\" \/>\n<meta property=\"article:modified_time\" content=\"2025-02-17T15:49:34+00:00\" \/>\n<meta property=\"og:image\" content=\"https:\/\/proteccionshoppingonline.com.br\/loja\/wp-content\/uploads\/2020\/05\/Design-sem-nome-51.png\" \/>\n\t<meta property=\"og:image:width\" content=\"500\" \/>\n\t<meta property=\"og:image:height\" content=\"500\" \/>\n\t<meta property=\"og:image:type\" content=\"image\/png\" \/>\n<meta name=\"twitter:card\" content=\"summary_large_image\" \/>\n<meta name=\"twitter:label1\" content=\"Est. tempo de leitura\" \/>\n\t<meta name=\"twitter:data1\" content=\"2 minutos\" \/>\n<script type=\"application\/ld+json\" class=\"yoast-schema-graph\">{\"@context\":\"https:\/\/schema.org\",\"@graph\":[{\"@type\":\"WebPage\",\"@id\":\"https:\/\/proteccionshoppingonline.com.br\/loja\/loja\/valvula-esfera\/valvula-monobloco-latao-forjado-gas\/\",\"url\":\"https:\/\/proteccionshoppingonline.com.br\/loja\/loja\/valvula-esfera\/valvula-monobloco-latao-forjado-gas\/\",\"name\":\"V\u00e1lvula Monobloco Lat\u00e3o Forjado G\u00e1s -\",\"isPartOf\":{\"@id\":\"https:\/\/proteccionshoppingonline.com.br\/loja\/#website\"},\"primaryImageOfPage\":{\"@id\":\"https:\/\/proteccionshoppingonline.com.br\/loja\/loja\/valvula-esfera\/valvula-monobloco-latao-forjado-gas\/#primaryimage\"},\"image\":{\"@id\":\"https:\/\/proteccionshoppingonline.com.br\/loja\/loja\/valvula-esfera\/valvula-monobloco-latao-forjado-gas\/#primaryimage\"},\"thumbnailUrl\":\"https:\/\/proteccionshoppingonline.com.br\/loja\/wp-content\/uploads\/2020\/05\/Design-sem-nome-51.png\",\"datePublished\":\"2020-05-22T10:31:46+00:00\",\"dateModified\":\"2025-02-17T15:49:34+00:00\",\"description\":\"A v\u00e1lvula de esfera monobloco em lat\u00e3o forjado \u00e9 um dispositivo que controla o fluxo de g\u00e1s em redes de g\u00e1s encanado. A press\u00e3o m\u00e1xima de 16 bar.\",\"breadcrumb\":{\"@id\":\"https:\/\/proteccionshoppingonline.com.br\/loja\/loja\/valvula-esfera\/valvula-monobloco-latao-forjado-gas\/#breadcrumb\"},\"inLanguage\":\"pt-BR\",\"potentialAction\":[{\"@type\":\"ReadAction\",\"target\":[\"https:\/\/proteccionshoppingonline.com.br\/loja\/loja\/valvula-esfera\/valvula-monobloco-latao-forjado-gas\/\"]}]},{\"@type\":\"ImageObject\",\"inLanguage\":\"pt-BR\",\"@id\":\"https:\/\/proteccionshoppingonline.com.br\/loja\/loja\/valvula-esfera\/valvula-monobloco-latao-forjado-gas\/#primaryimage\",\"url\":\"https:\/\/proteccionshoppingonline.com.br\/loja\/wp-content\/uploads\/2020\/05\/Design-sem-nome-51.png\",\"contentUrl\":\"https:\/\/proteccionshoppingonline.com.br\/loja\/wp-content\/uploads\/2020\/05\/Design-sem-nome-51.png\",\"width\":500,\"height\":500,\"caption\":\"V\u00e1lvula Monobloco Lat\u00e3o Forjado G\u00e1s\"},{\"@type\":\"BreadcrumbList\",\"@id\":\"https:\/\/proteccionshoppingonline.com.br\/loja\/loja\/valvula-esfera\/valvula-monobloco-latao-forjado-gas\/#breadcrumb\",\"itemListElement\":[{\"@type\":\"ListItem\",\"position\":1,\"name\":\"Home\",\"item\":\"https:\/\/proteccionshoppingonline.com.br\/loja\/\"},{\"@type\":\"ListItem\",\"position\":2,\"name\":\"Produtos\",\"item\":\"https:\/\/proteccionshoppingonline.com.br\/loja\/cart-2\/\"},{\"@type\":\"ListItem\",\"position\":3,\"name\":\"V\u00e1lvula Monobloco Lat\u00e3o Forjado G\u00e1s\"}]},{\"@type\":\"WebSite\",\"@id\":\"https:\/\/proteccionshoppingonline.com.br\/loja\/#website\",\"url\":\"https:\/\/proteccionshoppingonline.com.br\/loja\/\",\"name\":\"Protecci\u00f3n Shopping On Line | Seguran\u00e7a contra Inc\u00eandios\",\"description\":\"Seguran\u00e7a contra Inc\u00eandios\",\"publisher\":{\"@id\":\"https:\/\/proteccionshoppingonline.com.br\/loja\/#organization\"},\"potentialAction\":[{\"@type\":\"SearchAction\",\"target\":{\"@type\":\"EntryPoint\",\"urlTemplate\":\"https:\/\/proteccionshoppingonline.com.br\/loja\/?s={search_term_string}\"},\"query-input\":{\"@type\":\"PropertyValueSpecification\",\"valueRequired\":true,\"valueName\":\"search_term_string\"}}],\"inLanguage\":\"pt-BR\"},{\"@type\":\"Organization\",\"@id\":\"https:\/\/proteccionshoppingonline.com.br\/loja\/#organization\",\"name\":\"Protecci\u00f3n Shopping On Line\",\"url\":\"https:\/\/proteccionshoppingonline.com.br\/loja\/\",\"logo\":{\"@type\":\"ImageObject\",\"inLanguage\":\"pt-BR\",\"@id\":\"https:\/\/proteccionshoppingonline.com.br\/loja\/#\/schema\/logo\/image\/\",\"url\":\"https:\/\/proteccionshoppingonline.com.br\/loja\/wp-content\/uploads\/2024\/01\/Proteccion-Shopping-On-Line-Logo-Nova.png\",\"contentUrl\":\"https:\/\/proteccionshoppingonline.com.br\/loja\/wp-content\/uploads\/2024\/01\/Proteccion-Shopping-On-Line-Logo-Nova.png\",\"width\":2000,\"height\":600,\"caption\":\"Protecci\u00f3n Shopping On Line\"},\"image\":{\"@id\":\"https:\/\/proteccionshoppingonline.com.br\/loja\/#\/schema\/logo\/image\/\"}}]}<\/script>\n<!-- \/ Yoast SEO plugin. -->","yoast_head_json":{"title":"V\u00e1lvula Monobloco Lat\u00e3o Forjado G\u00e1s -","description":"A v\u00e1lvula de esfera monobloco em lat\u00e3o forjado \u00e9 um dispositivo que controla o fluxo de g\u00e1s em redes de g\u00e1s encanado. A press\u00e3o m\u00e1xima de 16 bar.","robots":{"index":"index","follow":"follow","max-snippet":"max-snippet:-1","max-image-preview":"max-image-preview:large","max-video-preview":"max-video-preview:-1"},"canonical":"https:\/\/proteccionshoppingonline.com.br\/loja\/loja\/valvula-esfera\/valvula-monobloco-latao-forjado-gas\/","og_locale":"pt_BR","og_type":"article","og_title":"V\u00e1lvula Monobloco Lat\u00e3o Forjado G\u00e1s -","og_description":"A v\u00e1lvula de esfera monobloco em lat\u00e3o forjado \u00e9 um dispositivo que controla o fluxo de g\u00e1s em redes de g\u00e1s encanado. A press\u00e3o m\u00e1xima de 16 bar.","og_url":"https:\/\/proteccionshoppingonline.com.br\/loja\/loja\/valvula-esfera\/valvula-monobloco-latao-forjado-gas\/","og_site_name":"Protecci\u00f3n","article_modified_time":"2025-02-17T15:49:34+00:00","og_image":[{"width":500,"height":500,"url":"https:\/\/proteccionshoppingonline.com.br\/loja\/wp-content\/uploads\/2020\/05\/Design-sem-nome-51.png","type":"image\/png"}],"twitter_card":"summary_large_image","twitter_misc":{"Est. tempo de leitura":"2 minutos"},"schema":{"@context":"https:\/\/schema.org","@graph":[{"@type":"WebPage","@id":"https:\/\/proteccionshoppingonline.com.br\/loja\/loja\/valvula-esfera\/valvula-monobloco-latao-forjado-gas\/","url":"https:\/\/proteccionshoppingonline.com.br\/loja\/loja\/valvula-esfera\/valvula-monobloco-latao-forjado-gas\/","name":"V\u00e1lvula Monobloco Lat\u00e3o Forjado G\u00e1s -","isPartOf":{"@id":"https:\/\/proteccionshoppingonline.com.br\/loja\/#website"},"primaryImageOfPage":{"@id":"https:\/\/proteccionshoppingonline.com.br\/loja\/loja\/valvula-esfera\/valvula-monobloco-latao-forjado-gas\/#primaryimage"},"image":{"@id":"https:\/\/proteccionshoppingonline.com.br\/loja\/loja\/valvula-esfera\/valvula-monobloco-latao-forjado-gas\/#primaryimage"},"thumbnailUrl":"https:\/\/proteccionshoppingonline.com.br\/loja\/wp-content\/uploads\/2020\/05\/Design-sem-nome-51.png","datePublished":"2020-05-22T10:31:46+00:00","dateModified":"2025-02-17T15:49:34+00:00","description":"A v\u00e1lvula de esfera monobloco em lat\u00e3o forjado \u00e9 um dispositivo que controla o fluxo de g\u00e1s em redes de g\u00e1s encanado. A press\u00e3o m\u00e1xima de 16 bar.","breadcrumb":{"@id":"https:\/\/proteccionshoppingonline.com.br\/loja\/loja\/valvula-esfera\/valvula-monobloco-latao-forjado-gas\/#breadcrumb"},"inLanguage":"pt-BR","potentialAction":[{"@type":"ReadAction","target":["https:\/\/proteccionshoppingonline.com.br\/loja\/loja\/valvula-esfera\/valvula-monobloco-latao-forjado-gas\/"]}]},{"@type":"ImageObject","inLanguage":"pt-BR","@id":"https:\/\/proteccionshoppingonline.com.br\/loja\/loja\/valvula-esfera\/valvula-monobloco-latao-forjado-gas\/#primaryimage","url":"https:\/\/proteccionshoppingonline.com.br\/loja\/wp-content\/uploads\/2020\/05\/Design-sem-nome-51.png","contentUrl":"https:\/\/proteccionshoppingonline.com.br\/loja\/wp-content\/uploads\/2020\/05\/Design-sem-nome-51.png","width":500,"height":500,"caption":"V\u00e1lvula Monobloco Lat\u00e3o Forjado G\u00e1s"},{"@type":"BreadcrumbList","@id":"https:\/\/proteccionshoppingonline.com.br\/loja\/loja\/valvula-esfera\/valvula-monobloco-latao-forjado-gas\/#breadcrumb","itemListElement":[{"@type":"ListItem","position":1,"name":"Home","item":"https:\/\/proteccionshoppingonline.com.br\/loja\/"},{"@type":"ListItem","position":2,"name":"Produtos","item":"https:\/\/proteccionshoppingonline.com.br\/loja\/cart-2\/"},{"@type":"ListItem","position":3,"name":"V\u00e1lvula Monobloco Lat\u00e3o Forjado G\u00e1s"}]},{"@type":"WebSite","@id":"https:\/\/proteccionshoppingonline.com.br\/loja\/#website","url":"https:\/\/proteccionshoppingonline.com.br\/loja\/","name":"Protecci\u00f3n Shopping On Line | Seguran\u00e7a contra Inc\u00eandios","description":"Seguran\u00e7a contra Inc\u00eandios","publisher":{"@id":"https:\/\/proteccionshoppingonline.com.br\/loja\/#organization"},"potentialAction":[{"@type":"SearchAction","target":{"@type":"EntryPoint","urlTemplate":"https:\/\/proteccionshoppingonline.com.br\/loja\/?s={search_term_string}"},"query-input":{"@type":"PropertyValueSpecification","valueRequired":true,"valueName":"search_term_string"}}],"inLanguage":"pt-BR"},{"@type":"Organization","@id":"https:\/\/proteccionshoppingonline.com.br\/loja\/#organization","name":"Protecci\u00f3n Shopping On Line","url":"https:\/\/proteccionshoppingonline.com.br\/loja\/","logo":{"@type":"ImageObject","inLanguage":"pt-BR","@id":"https:\/\/proteccionshoppingonline.com.br\/loja\/#\/schema\/logo\/image\/","url":"https:\/\/proteccionshoppingonline.com.br\/loja\/wp-content\/uploads\/2024\/01\/Proteccion-Shopping-On-Line-Logo-Nova.png","contentUrl":"https:\/\/proteccionshoppingonline.com.br\/loja\/wp-content\/uploads\/2024\/01\/Proteccion-Shopping-On-Line-Logo-Nova.png","width":2000,"height":600,"caption":"Protecci\u00f3n Shopping On Line"},"image":{"@id":"https:\/\/proteccionshoppingonline.com.br\/loja\/#\/schema\/logo\/image\/"}}]}},"_links":{"self":[{"href":"https:\/\/proteccionshoppingonline.com.br\/loja\/wp-json\/wp\/v2\/product\/10587","targetHints":{"allow":["GET"]}}],"collection":[{"href":"https:\/\/proteccionshoppingonline.com.br\/loja\/wp-json\/wp\/v2\/product"}],"about":[{"href":"https:\/\/proteccionshoppingonline.com.br\/loja\/wp-json\/wp\/v2\/types\/product"}],"version-history":[{"count":2,"href":"https:\/\/proteccionshoppingonline.com.br\/loja\/wp-json\/wp\/v2\/product\/10587\/revisions"}],"predecessor-version":[{"id":18129,"href":"https:\/\/proteccionshoppingonline.com.br\/loja\/wp-json\/wp\/v2\/product\/10587\/revisions\/18129"}],"wp:featuredmedia":[{"embeddable":true,"href":"https:\/\/proteccionshoppingonline.com.br\/loja\/wp-json\/wp\/v2\/media\/18128"}],"wp:attachment":[{"href":"https:\/\/proteccionshoppingonline.com.br\/loja\/wp-json\/wp\/v2\/media?parent=10587"}],"wp:term":[{"taxonomy":"product_brand","embeddable":true,"href":"https:\/\/proteccionshoppingonline.com.br\/loja\/wp-json\/wp\/v2\/product_brand?post=10587"},{"taxonomy":"product_cat","embeddable":true,"href":"https:\/\/proteccionshoppingonline.com.br\/loja\/wp-json\/wp\/v2\/product_cat?post=10587"},{"taxonomy":"product_tag","embeddable":true,"href":"https:\/\/proteccionshoppingonline.com.br\/loja\/wp-json\/wp\/v2\/product_tag?post=10587"}],"curies":[{"name":"wp","href":"https:\/\/api.w.org\/{rel}","templated":true}]}}