{"id":10523,"date":"2020-05-21T14:18:36","date_gmt":"2020-05-21T14:18:36","guid":{"rendered":"http:\/\/proteccionshoppingonline.com.br\/loja\/?post_type=product&#038;p=10523"},"modified":"2025-02-17T12:55:11","modified_gmt":"2025-02-17T15:55:11","slug":"valvula-globo-classe-300","status":"publish","type":"product","link":"https:\/\/proteccionshoppingonline.com.br\/loja\/loja\/hidraulica\/valvula-globo-classe-300\/","title":{"rendered":"V\u00e1lvula Globo Classe 300 MGA Volante"},"content":{"rendered":"<h3 style=\"text-align: center;\">V\u00e1lvula Globo Classe 300<\/h3>\n<p><strong>V\u00e1lvula Globo Classe 300 &#8211;<\/strong> para bloqueio de fluxo. com limpeza livre de \u00f3leo e \u00e1gua para servi\u00e7o criog\u00eanico, possui fluxo em um s\u00f3 sentido, contudo sendo indicadas para acionamentos frequentes.<\/p>\n<p>Abertura e fechamento mais r\u00e1pido do que as v\u00e1lvulas de gaveta.<\/p>\n<p><b>A V\u00e1lvula de bloqueio de fluxo Classe 300 indicada para utiliza\u00e7\u00e3o em diversos l\u00edquidos, gases e vapores em ampla faixa de temperatura e press\u00e3o conforme norma ASME B16.<\/b>\u00a0<b>34<\/b>. Constru\u00e7\u00e3o tripartida (um corpo e duas tampas), facilitando a manuten\u00e7\u00e3o sem a necessidade de desconectar as extremidades da linha.<\/p>\n<h3>Especifica\u00e7\u00f5es:<\/h3>\n<p>&nbsp;<\/p>\n<p>V\u00e1lvula Globo Criog\u00eanica Classe 300 BSP com op\u00e7\u00e3o de castelo longo ou curto, conforme norma Constru\u00e7\u00e3o: ASME B 16.34<\/p>\n<p>F\u00e1cil acesso aos componentes internos da v\u00e1lvula, favorecendo a manuten\u00e7\u00e3o sem que a mesma seja removida da rede.<\/p>\n<p>&nbsp;<\/p>\n<p><em>Material:\u00a0<\/em><\/p>\n<p><span style=\"font-size: 18px; font-weight: bold; letter-spacing: 1px; word-spacing: 0.5px;\">CF8 (A\u00e7o Inox)<\/span><\/p>\n<p><strong>&#8211; TI<\/strong>\u00a0= TOTALMENTE EM A\u00c7O INOX C\/PARAFUSOS E PORCAS EM A\u00c7O INOX 304<\/p>\n<p>&nbsp;<\/p>\n<p><em>CLasse 300: <\/em><\/p>\n<p>-Tipo curta: 49,6 bar a -50\u00baC \/ 45 bar a 65\u00baC<\/p>\n<p>-Tipo longa: 49,6 bar a -196\u00baC \/ 45 bar a 65\u00baC<\/p>\n<p>&nbsp;<\/p>\n<p><em>Rosca:<\/em>\u00a0 \u00a0 &#8211; Bsp<\/p>\n<p>&nbsp;<\/p>\n<h3><strong>Outros Modelos eventualmente para or\u00e7amento<\/strong><\/h3>\n<h4><\/h4>\n<h4><\/h4>\n<h4>CF8M (A\u00e7o Inoxid\u00e1vel Austen\u00edtico)<\/h4>\n<p>&nbsp;<\/p>\n<p><strong>&#8211; TI<\/strong>\u00a0= TOTALMENTE EM A\u00c7O INOX C\/PARAFUSOS E PORCAS EM A\u00c7O INOX 304<\/p>\n<p>&nbsp;<\/p>\n<h4>Roscas dispon\u00edveis:\u00a0 BSP \/ NPT \/ SW \/ BW<\/h4>\n<p>&nbsp;<\/p>\n<p>Temos centenas de produtos dispon\u00edveis, a fim de atender suas necessidades!<\/p>\n<p>Consulte-nos para mais detalhes, com a finalidade de sanar suas d\u00favidas!<\/p>\n<p>Atendimento em suma de seg \u00e0 sexta das 08 &#8211; 12 e 13 &#8211; 17hs<\/p>\n<p>&nbsp;<\/p>\n<p>Fabricante: MGA &#8211; Metal\u00fargica Golden Arts.<\/p>\n<p>Consultar\u00a0<a href=\"https:\/\/proteccionshoppingonline.com.br\/loja\/catalogos-it-normas\/\">CA<\/a><br \/>\nConsultar\u00a0<a href=\"http:\/\/www.engeharia.proteciononline.com.br\/\">Proteccion Engenharia<\/a><\/p>\n<p>&nbsp;<\/p>\n","protected":false},"excerpt":{"rendered":"<p>V\u00e1lvula Globo Classe 300- com limpeza livre de \u00f3leo e \u00e1gua para servi\u00e7o criog\u00eanico<\/p>\n","protected":false},"featured_media":18131,"template":"","meta":{"_seopress_robots_primary_cat":"none","_seopress_titles_title":"V\u00e1lvula Globo Classe 300","_seopress_titles_desc":"V\u00e1lvula Globo Classe 300- com limpeza livre de \u00f3leo e \u00e1gua para servi\u00e7o criog\u00eanico","_seopress_robots_index":""},"product_brand":[],"product_cat":[171,269],"product_tag":[259,260,261,266,258,262],"class_list":{"0":"post-10523","1":"product","2":"type-product","3":"status-publish","4":"has-post-thumbnail","6":"product_cat-hidraulica","7":"product_cat-valvula-globo","8":"product_tag-valvula-borboleta-wafer-vedacao-epdm","9":"product_tag-valvula-esfera-tripartida-flangeada-cl150","10":"product_tag-valvula-esfera-tripartida-flangeada-s1000-cl300","11":"product_tag-valvula-globo-classe-300","12":"product_tag-valvula-triparte-mga","13":"product_tag-valvula-triparte-mga-s1000","15":"first","16":"onbackorder","17":"shipping-taxable","18":"purchasable","19":"product-type-variable"},"yoast_head":"<!-- This site is optimized with the Yoast SEO plugin v27.2 - https:\/\/yoast.com\/product\/yoast-seo-wordpress\/ -->\n<title>V\u00e1lvula Globo Classe 300 MGA Volante - Protecci\u00f3n<\/title>\n<meta name=\"description\" content=\"V\u00e1lvula Globo Classe 300- com limpeza livre de \u00f3leo e \u00e1gua para servi\u00e7o criog\u00eanico\" \/>\n<meta name=\"robots\" content=\"index, follow, max-snippet:-1, max-image-preview:large, max-video-preview:-1\" \/>\n<link rel=\"canonical\" href=\"https:\/\/proteccionshoppingonline.com.br\/loja\/loja\/hidraulica\/valvula-globo-classe-300\/\" \/>\n<meta property=\"og:locale\" content=\"pt_BR\" \/>\n<meta property=\"og:type\" content=\"article\" \/>\n<meta property=\"og:title\" content=\"V\u00e1lvula Globo Classe 300 MGA Volante - Protecci\u00f3n\" \/>\n<meta property=\"og:description\" content=\"V\u00e1lvula Globo Classe 300- com limpeza livre de \u00f3leo e \u00e1gua para servi\u00e7o criog\u00eanico\" \/>\n<meta property=\"og:url\" content=\"https:\/\/proteccionshoppingonline.com.br\/loja\/loja\/hidraulica\/valvula-globo-classe-300\/\" \/>\n<meta property=\"og:site_name\" content=\"Protecci\u00f3n\" \/>\n<meta property=\"article:modified_time\" content=\"2025-02-17T15:55:11+00:00\" \/>\n<meta property=\"og:image\" content=\"https:\/\/proteccionshoppingonline.com.br\/loja\/wp-content\/uploads\/2020\/05\/Design-sem-nome-52.png\" \/>\n\t<meta property=\"og:image:width\" content=\"500\" \/>\n\t<meta property=\"og:image:height\" content=\"500\" \/>\n\t<meta property=\"og:image:type\" content=\"image\/png\" \/>\n<meta name=\"twitter:card\" content=\"summary_large_image\" \/>\n<meta name=\"twitter:label1\" content=\"Est. tempo de leitura\" \/>\n\t<meta name=\"twitter:data1\" content=\"2 minutos\" \/>\n<script type=\"application\/ld+json\" class=\"yoast-schema-graph\">{\"@context\":\"https:\/\/schema.org\",\"@graph\":[{\"@type\":\"WebPage\",\"@id\":\"https:\/\/proteccionshoppingonline.com.br\/loja\/loja\/hidraulica\/valvula-globo-classe-300\/\",\"url\":\"https:\/\/proteccionshoppingonline.com.br\/loja\/loja\/hidraulica\/valvula-globo-classe-300\/\",\"name\":\"V\u00e1lvula Globo Classe 300 MGA Volante - Protecci\u00f3n\",\"isPartOf\":{\"@id\":\"https:\/\/proteccionshoppingonline.com.br\/loja\/#website\"},\"primaryImageOfPage\":{\"@id\":\"https:\/\/proteccionshoppingonline.com.br\/loja\/loja\/hidraulica\/valvula-globo-classe-300\/#primaryimage\"},\"image\":{\"@id\":\"https:\/\/proteccionshoppingonline.com.br\/loja\/loja\/hidraulica\/valvula-globo-classe-300\/#primaryimage\"},\"thumbnailUrl\":\"https:\/\/proteccionshoppingonline.com.br\/loja\/wp-content\/uploads\/2020\/05\/Design-sem-nome-52.png\",\"datePublished\":\"2020-05-21T14:18:36+00:00\",\"dateModified\":\"2025-02-17T15:55:11+00:00\",\"description\":\"V\u00e1lvula Globo Classe 300- com limpeza livre de \u00f3leo e \u00e1gua para servi\u00e7o criog\u00eanico\",\"breadcrumb\":{\"@id\":\"https:\/\/proteccionshoppingonline.com.br\/loja\/loja\/hidraulica\/valvula-globo-classe-300\/#breadcrumb\"},\"inLanguage\":\"pt-BR\",\"potentialAction\":[{\"@type\":\"ReadAction\",\"target\":[\"https:\/\/proteccionshoppingonline.com.br\/loja\/loja\/hidraulica\/valvula-globo-classe-300\/\"]}]},{\"@type\":\"ImageObject\",\"inLanguage\":\"pt-BR\",\"@id\":\"https:\/\/proteccionshoppingonline.com.br\/loja\/loja\/hidraulica\/valvula-globo-classe-300\/#primaryimage\",\"url\":\"https:\/\/proteccionshoppingonline.com.br\/loja\/wp-content\/uploads\/2020\/05\/Design-sem-nome-52.png\",\"contentUrl\":\"https:\/\/proteccionshoppingonline.com.br\/loja\/wp-content\/uploads\/2020\/05\/Design-sem-nome-52.png\",\"width\":500,\"height\":500,\"caption\":\"V\u00e1lvula Globo Classe 300 MGA Volante\"},{\"@type\":\"BreadcrumbList\",\"@id\":\"https:\/\/proteccionshoppingonline.com.br\/loja\/loja\/hidraulica\/valvula-globo-classe-300\/#breadcrumb\",\"itemListElement\":[{\"@type\":\"ListItem\",\"position\":1,\"name\":\"Home\",\"item\":\"https:\/\/proteccionshoppingonline.com.br\/loja\/\"},{\"@type\":\"ListItem\",\"position\":2,\"name\":\"Produtos\",\"item\":\"https:\/\/proteccionshoppingonline.com.br\/loja\/cart-2\/\"},{\"@type\":\"ListItem\",\"position\":3,\"name\":\"V\u00e1lvula Globo Classe 300 MGA Volante\"}]},{\"@type\":\"WebSite\",\"@id\":\"https:\/\/proteccionshoppingonline.com.br\/loja\/#website\",\"url\":\"https:\/\/proteccionshoppingonline.com.br\/loja\/\",\"name\":\"Protecci\u00f3n Shopping On Line | Seguran\u00e7a contra Inc\u00eandios\",\"description\":\"Seguran\u00e7a contra Inc\u00eandios\",\"publisher\":{\"@id\":\"https:\/\/proteccionshoppingonline.com.br\/loja\/#organization\"},\"potentialAction\":[{\"@type\":\"SearchAction\",\"target\":{\"@type\":\"EntryPoint\",\"urlTemplate\":\"https:\/\/proteccionshoppingonline.com.br\/loja\/?s={search_term_string}\"},\"query-input\":{\"@type\":\"PropertyValueSpecification\",\"valueRequired\":true,\"valueName\":\"search_term_string\"}}],\"inLanguage\":\"pt-BR\"},{\"@type\":\"Organization\",\"@id\":\"https:\/\/proteccionshoppingonline.com.br\/loja\/#organization\",\"name\":\"Protecci\u00f3n Shopping On Line\",\"url\":\"https:\/\/proteccionshoppingonline.com.br\/loja\/\",\"logo\":{\"@type\":\"ImageObject\",\"inLanguage\":\"pt-BR\",\"@id\":\"https:\/\/proteccionshoppingonline.com.br\/loja\/#\/schema\/logo\/image\/\",\"url\":\"https:\/\/proteccionshoppingonline.com.br\/loja\/wp-content\/uploads\/2024\/01\/Proteccion-Shopping-On-Line-Logo-Nova.png\",\"contentUrl\":\"https:\/\/proteccionshoppingonline.com.br\/loja\/wp-content\/uploads\/2024\/01\/Proteccion-Shopping-On-Line-Logo-Nova.png\",\"width\":2000,\"height\":600,\"caption\":\"Protecci\u00f3n Shopping On Line\"},\"image\":{\"@id\":\"https:\/\/proteccionshoppingonline.com.br\/loja\/#\/schema\/logo\/image\/\"}}]}<\/script>\n<!-- \/ Yoast SEO plugin. -->","yoast_head_json":{"title":"V\u00e1lvula Globo Classe 300 MGA Volante - Protecci\u00f3n","description":"V\u00e1lvula Globo Classe 300- com limpeza livre de \u00f3leo e \u00e1gua para servi\u00e7o criog\u00eanico","robots":{"index":"index","follow":"follow","max-snippet":"max-snippet:-1","max-image-preview":"max-image-preview:large","max-video-preview":"max-video-preview:-1"},"canonical":"https:\/\/proteccionshoppingonline.com.br\/loja\/loja\/hidraulica\/valvula-globo-classe-300\/","og_locale":"pt_BR","og_type":"article","og_title":"V\u00e1lvula Globo Classe 300 MGA Volante - Protecci\u00f3n","og_description":"V\u00e1lvula Globo Classe 300- com limpeza livre de \u00f3leo e \u00e1gua para servi\u00e7o criog\u00eanico","og_url":"https:\/\/proteccionshoppingonline.com.br\/loja\/loja\/hidraulica\/valvula-globo-classe-300\/","og_site_name":"Protecci\u00f3n","article_modified_time":"2025-02-17T15:55:11+00:00","og_image":[{"width":500,"height":500,"url":"https:\/\/proteccionshoppingonline.com.br\/loja\/wp-content\/uploads\/2020\/05\/Design-sem-nome-52.png","type":"image\/png"}],"twitter_card":"summary_large_image","twitter_misc":{"Est. tempo de leitura":"2 minutos"},"schema":{"@context":"https:\/\/schema.org","@graph":[{"@type":"WebPage","@id":"https:\/\/proteccionshoppingonline.com.br\/loja\/loja\/hidraulica\/valvula-globo-classe-300\/","url":"https:\/\/proteccionshoppingonline.com.br\/loja\/loja\/hidraulica\/valvula-globo-classe-300\/","name":"V\u00e1lvula Globo Classe 300 MGA Volante - Protecci\u00f3n","isPartOf":{"@id":"https:\/\/proteccionshoppingonline.com.br\/loja\/#website"},"primaryImageOfPage":{"@id":"https:\/\/proteccionshoppingonline.com.br\/loja\/loja\/hidraulica\/valvula-globo-classe-300\/#primaryimage"},"image":{"@id":"https:\/\/proteccionshoppingonline.com.br\/loja\/loja\/hidraulica\/valvula-globo-classe-300\/#primaryimage"},"thumbnailUrl":"https:\/\/proteccionshoppingonline.com.br\/loja\/wp-content\/uploads\/2020\/05\/Design-sem-nome-52.png","datePublished":"2020-05-21T14:18:36+00:00","dateModified":"2025-02-17T15:55:11+00:00","description":"V\u00e1lvula Globo Classe 300- com limpeza livre de \u00f3leo e \u00e1gua para servi\u00e7o criog\u00eanico","breadcrumb":{"@id":"https:\/\/proteccionshoppingonline.com.br\/loja\/loja\/hidraulica\/valvula-globo-classe-300\/#breadcrumb"},"inLanguage":"pt-BR","potentialAction":[{"@type":"ReadAction","target":["https:\/\/proteccionshoppingonline.com.br\/loja\/loja\/hidraulica\/valvula-globo-classe-300\/"]}]},{"@type":"ImageObject","inLanguage":"pt-BR","@id":"https:\/\/proteccionshoppingonline.com.br\/loja\/loja\/hidraulica\/valvula-globo-classe-300\/#primaryimage","url":"https:\/\/proteccionshoppingonline.com.br\/loja\/wp-content\/uploads\/2020\/05\/Design-sem-nome-52.png","contentUrl":"https:\/\/proteccionshoppingonline.com.br\/loja\/wp-content\/uploads\/2020\/05\/Design-sem-nome-52.png","width":500,"height":500,"caption":"V\u00e1lvula Globo Classe 300 MGA Volante"},{"@type":"BreadcrumbList","@id":"https:\/\/proteccionshoppingonline.com.br\/loja\/loja\/hidraulica\/valvula-globo-classe-300\/#breadcrumb","itemListElement":[{"@type":"ListItem","position":1,"name":"Home","item":"https:\/\/proteccionshoppingonline.com.br\/loja\/"},{"@type":"ListItem","position":2,"name":"Produtos","item":"https:\/\/proteccionshoppingonline.com.br\/loja\/cart-2\/"},{"@type":"ListItem","position":3,"name":"V\u00e1lvula Globo Classe 300 MGA Volante"}]},{"@type":"WebSite","@id":"https:\/\/proteccionshoppingonline.com.br\/loja\/#website","url":"https:\/\/proteccionshoppingonline.com.br\/loja\/","name":"Protecci\u00f3n Shopping On Line | Seguran\u00e7a contra Inc\u00eandios","description":"Seguran\u00e7a contra Inc\u00eandios","publisher":{"@id":"https:\/\/proteccionshoppingonline.com.br\/loja\/#organization"},"potentialAction":[{"@type":"SearchAction","target":{"@type":"EntryPoint","urlTemplate":"https:\/\/proteccionshoppingonline.com.br\/loja\/?s={search_term_string}"},"query-input":{"@type":"PropertyValueSpecification","valueRequired":true,"valueName":"search_term_string"}}],"inLanguage":"pt-BR"},{"@type":"Organization","@id":"https:\/\/proteccionshoppingonline.com.br\/loja\/#organization","name":"Protecci\u00f3n Shopping On Line","url":"https:\/\/proteccionshoppingonline.com.br\/loja\/","logo":{"@type":"ImageObject","inLanguage":"pt-BR","@id":"https:\/\/proteccionshoppingonline.com.br\/loja\/#\/schema\/logo\/image\/","url":"https:\/\/proteccionshoppingonline.com.br\/loja\/wp-content\/uploads\/2024\/01\/Proteccion-Shopping-On-Line-Logo-Nova.png","contentUrl":"https:\/\/proteccionshoppingonline.com.br\/loja\/wp-content\/uploads\/2024\/01\/Proteccion-Shopping-On-Line-Logo-Nova.png","width":2000,"height":600,"caption":"Protecci\u00f3n Shopping On Line"},"image":{"@id":"https:\/\/proteccionshoppingonline.com.br\/loja\/#\/schema\/logo\/image\/"}}]}},"_links":{"self":[{"href":"https:\/\/proteccionshoppingonline.com.br\/loja\/wp-json\/wp\/v2\/product\/10523","targetHints":{"allow":["GET"]}}],"collection":[{"href":"https:\/\/proteccionshoppingonline.com.br\/loja\/wp-json\/wp\/v2\/product"}],"about":[{"href":"https:\/\/proteccionshoppingonline.com.br\/loja\/wp-json\/wp\/v2\/types\/product"}],"version-history":[{"count":2,"href":"https:\/\/proteccionshoppingonline.com.br\/loja\/wp-json\/wp\/v2\/product\/10523\/revisions"}],"predecessor-version":[{"id":18132,"href":"https:\/\/proteccionshoppingonline.com.br\/loja\/wp-json\/wp\/v2\/product\/10523\/revisions\/18132"}],"wp:featuredmedia":[{"embeddable":true,"href":"https:\/\/proteccionshoppingonline.com.br\/loja\/wp-json\/wp\/v2\/media\/18131"}],"wp:attachment":[{"href":"https:\/\/proteccionshoppingonline.com.br\/loja\/wp-json\/wp\/v2\/media?parent=10523"}],"wp:term":[{"taxonomy":"product_brand","embeddable":true,"href":"https:\/\/proteccionshoppingonline.com.br\/loja\/wp-json\/wp\/v2\/product_brand?post=10523"},{"taxonomy":"product_cat","embeddable":true,"href":"https:\/\/proteccionshoppingonline.com.br\/loja\/wp-json\/wp\/v2\/product_cat?post=10523"},{"taxonomy":"product_tag","embeddable":true,"href":"https:\/\/proteccionshoppingonline.com.br\/loja\/wp-json\/wp\/v2\/product_tag?post=10523"}],"curies":[{"name":"wp","href":"https:\/\/api.w.org\/{rel}","templated":true}]}}