{"id":10339,"date":"2020-05-18T12:44:31","date_gmt":"2020-05-18T12:44:31","guid":{"rendered":"http:\/\/proteccionshoppingonline.com.br\/loja\/?post_type=product&#038;p=10339"},"modified":"2025-02-17T13:02:17","modified_gmt":"2025-02-17T16:02:17","slug":"junta-de-expansao-epdm","status":"publish","type":"product","link":"https:\/\/proteccionshoppingonline.com.br\/loja\/loja\/conexoes-para-tubos\/junta-de-expansao-epdm\/","title":{"rendered":"Junta de Expans\u00e3o EPDM Classe 150"},"content":{"rendered":"<h3 style=\"text-align: center;\">\u00a0 Junta de Expans\u00e3o EPDM PN10<\/h3>\n<p><strong>\u00a0 Junta de Expans\u00e3o EPDM &#8211;<\/strong> projetadas para absorver vibra\u00e7\u00f5es em tubula\u00e7\u00f5es, movimentos axiais, laterais, angulares, e tamb\u00e9m para equipamentos que trabalham em condi\u00e7\u00f5es variadas de press\u00e3o e temperatura.<\/p>\n<p>A junta de expans\u00e3o EPDM classe 150\u00a0\u00e9 um componente mec\u00e2nico que absorve vibra\u00e7\u00f5es e movimentos em tubula\u00e7\u00f5es e equipamentos.\u00a0Ela \u00e9 feita de EPDM (etileno-propileno-dieno-mon\u00f4mero) e a\u00e7o carbono.<\/p>\n<h3>Especifica\u00e7\u00f5es:<\/h3>\n<p>&nbsp;<\/p>\n<p>&#8211; Com flange classe 150 conforme ASME B16.5.<br \/>\n&#8211; Corpo em EPDM (elemento flex\u00edvel) e extremidades em A\u00e7o Carbono Galvanizado<br \/>\n&#8211; Indicada para fluidos com altas vaz\u00f5es a press\u00f5es moderadas.<br \/>\n&#8211; Di\u00e2metros de 2&#8243; a 12&#8243;.<br \/>\n&#8211; Temperaturas de -20\u00baC a 100\u00baC.<br \/>\n&#8211; Press\u00e3o m\u00e1xima de 10 bar.<br \/>\n&#8211; Uso sobretudo em equipamentos industriais, comerciais e residenciais.<\/p>\n<p><em>Material:\u00a0<\/em><\/p>\n<p>&#8211;<strong>EPDM<\/strong> (elemento flex\u00edvel)<\/p>\n<p>&#8211;<strong>WCB<\/strong> A\u00e7o Carbono Galvanizado<\/p>\n<p>&nbsp;<\/p>\n<p><em>CLasse 150<\/em><\/p>\n<p>Dispensam juntas de veda\u00e7\u00e3o e sobretudo viabiliza descontinuidade el\u00e9trica.<\/p>\n<p>Terminais n\u00e3o soldados, favorecendo antes de tudo reaproveitamento dos mesmos e a sua eventual remontagem no local.<br \/>\nN\u00e3o podem ser utilizadas em v\u00e1cuo.<\/p>\n<p>&nbsp;<\/p>\n<p>Temos centenas de produtos dispon\u00edveis, a fim de atender suas necessidades!<\/p>\n<p>Consulte-nos para mais detalhes, com a finalidade de sanar suas d\u00favidas!<\/p>\n<p>Atendimento em suma de seg \u00e0 sexta das 08 &#8211; 12 e 13 &#8211; 17hs<\/p>\n<p>&nbsp;<\/p>\n<p>Fabricante:\u00a0 MGA.<\/p>\n<p>Consultar\u00a0<a href=\"https:\/\/proteccionshoppingonline.com.br\/loja\/catalogos-it-normas\/\">CA<\/a><br \/>\nConsultar\u00a0<a href=\"http:\/\/www.engeharia.proteciononline.com.br\/\">Proteccion Engenharia<\/a><\/p>\n<p>&nbsp;<\/p>\n","protected":false},"excerpt":{"rendered":"<p>Junta de Expans\u00e3o EPDM<\/p>\n","protected":false},"featured_media":18137,"template":"","meta":{"_seopress_robots_primary_cat":"none","_seopress_titles_title":"Junta de Expans\u00e3o EPDM","_seopress_titles_desc":"Junta de Expans\u00e3o EPDM - projetadas para absorver vibra\u00e7\u00f5es em tubula\u00e7\u00f5es, em condi\u00e7\u00f5es variadas de press\u00e3o e temperatura.","_seopress_robots_index":""},"product_brand":[],"product_cat":[205],"product_tag":[263,259,260,257],"class_list":{"0":"post-10339","1":"product","2":"type-product","3":"status-publish","4":"has-post-thumbnail","6":"product_cat-conexoes-para-tubos","7":"product_tag-junta-de-expansao-epdm","8":"product_tag-valvula-borboleta-wafer-vedacao-epdm","9":"product_tag-valvula-esfera-tripartida-flangeada-cl150","10":"product_tag-valvula-triparte-1-mcza","12":"first","13":"onbackorder","14":"shipping-taxable","15":"purchasable","16":"product-type-variable"},"yoast_head":"<!-- This site is optimized with the Yoast SEO plugin v27.2 - https:\/\/yoast.com\/product\/yoast-seo-wordpress\/ -->\n<title>Junta de Expans\u00e3o EPDM Classe 150 - Protecci\u00f3n<\/title>\n<meta name=\"description\" content=\"Junta de Expans\u00e3o EPDM - projetadas para absorver vibra\u00e7\u00f5es em tubula\u00e7\u00f5es, em condi\u00e7\u00f5es variadas de press\u00e3o e temperatura.\" \/>\n<meta name=\"robots\" content=\"index, follow, max-snippet:-1, max-image-preview:large, max-video-preview:-1\" \/>\n<link rel=\"canonical\" href=\"https:\/\/proteccionshoppingonline.com.br\/loja\/loja\/conexoes-para-tubos\/junta-de-expansao-epdm\/\" \/>\n<meta property=\"og:locale\" content=\"pt_BR\" \/>\n<meta property=\"og:type\" content=\"article\" \/>\n<meta property=\"og:title\" content=\"Junta de Expans\u00e3o EPDM Classe 150 - Protecci\u00f3n\" \/>\n<meta property=\"og:description\" content=\"Junta de Expans\u00e3o EPDM - projetadas para absorver vibra\u00e7\u00f5es em tubula\u00e7\u00f5es, em condi\u00e7\u00f5es variadas de press\u00e3o e temperatura.\" \/>\n<meta property=\"og:url\" content=\"https:\/\/proteccionshoppingonline.com.br\/loja\/loja\/conexoes-para-tubos\/junta-de-expansao-epdm\/\" \/>\n<meta property=\"og:site_name\" content=\"Protecci\u00f3n\" \/>\n<meta property=\"article:modified_time\" content=\"2025-02-17T16:02:17+00:00\" \/>\n<meta property=\"og:image\" content=\"https:\/\/proteccionshoppingonline.com.br\/loja\/wp-content\/uploads\/2020\/05\/Design-sem-nome-54.png\" \/>\n\t<meta property=\"og:image:width\" content=\"500\" \/>\n\t<meta property=\"og:image:height\" content=\"500\" \/>\n\t<meta property=\"og:image:type\" content=\"image\/png\" \/>\n<meta name=\"twitter:card\" content=\"summary_large_image\" \/>\n<meta name=\"twitter:label1\" content=\"Est. tempo de leitura\" \/>\n\t<meta name=\"twitter:data1\" content=\"2 minutos\" \/>\n<script type=\"application\/ld+json\" class=\"yoast-schema-graph\">{\"@context\":\"https:\/\/schema.org\",\"@graph\":[{\"@type\":\"WebPage\",\"@id\":\"https:\/\/proteccionshoppingonline.com.br\/loja\/loja\/conexoes-para-tubos\/junta-de-expansao-epdm\/\",\"url\":\"https:\/\/proteccionshoppingonline.com.br\/loja\/loja\/conexoes-para-tubos\/junta-de-expansao-epdm\/\",\"name\":\"Junta de Expans\u00e3o EPDM Classe 150 - Protecci\u00f3n\",\"isPartOf\":{\"@id\":\"https:\/\/proteccionshoppingonline.com.br\/loja\/#website\"},\"primaryImageOfPage\":{\"@id\":\"https:\/\/proteccionshoppingonline.com.br\/loja\/loja\/conexoes-para-tubos\/junta-de-expansao-epdm\/#primaryimage\"},\"image\":{\"@id\":\"https:\/\/proteccionshoppingonline.com.br\/loja\/loja\/conexoes-para-tubos\/junta-de-expansao-epdm\/#primaryimage\"},\"thumbnailUrl\":\"https:\/\/proteccionshoppingonline.com.br\/loja\/wp-content\/uploads\/2020\/05\/Design-sem-nome-54.png\",\"datePublished\":\"2020-05-18T12:44:31+00:00\",\"dateModified\":\"2025-02-17T16:02:17+00:00\",\"description\":\"Junta de Expans\u00e3o EPDM - projetadas para absorver vibra\u00e7\u00f5es em tubula\u00e7\u00f5es, em condi\u00e7\u00f5es variadas de press\u00e3o e temperatura.\",\"breadcrumb\":{\"@id\":\"https:\/\/proteccionshoppingonline.com.br\/loja\/loja\/conexoes-para-tubos\/junta-de-expansao-epdm\/#breadcrumb\"},\"inLanguage\":\"pt-BR\",\"potentialAction\":[{\"@type\":\"ReadAction\",\"target\":[\"https:\/\/proteccionshoppingonline.com.br\/loja\/loja\/conexoes-para-tubos\/junta-de-expansao-epdm\/\"]}]},{\"@type\":\"ImageObject\",\"inLanguage\":\"pt-BR\",\"@id\":\"https:\/\/proteccionshoppingonline.com.br\/loja\/loja\/conexoes-para-tubos\/junta-de-expansao-epdm\/#primaryimage\",\"url\":\"https:\/\/proteccionshoppingonline.com.br\/loja\/wp-content\/uploads\/2020\/05\/Design-sem-nome-54.png\",\"contentUrl\":\"https:\/\/proteccionshoppingonline.com.br\/loja\/wp-content\/uploads\/2020\/05\/Design-sem-nome-54.png\",\"width\":500,\"height\":500,\"caption\":\"Junta de Expans\u00e3o EPDM\"},{\"@type\":\"BreadcrumbList\",\"@id\":\"https:\/\/proteccionshoppingonline.com.br\/loja\/loja\/conexoes-para-tubos\/junta-de-expansao-epdm\/#breadcrumb\",\"itemListElement\":[{\"@type\":\"ListItem\",\"position\":1,\"name\":\"Home\",\"item\":\"https:\/\/proteccionshoppingonline.com.br\/loja\/\"},{\"@type\":\"ListItem\",\"position\":2,\"name\":\"Produtos\",\"item\":\"https:\/\/proteccionshoppingonline.com.br\/loja\/cart-2\/\"},{\"@type\":\"ListItem\",\"position\":3,\"name\":\"Junta de Expans\u00e3o EPDM Classe 150\"}]},{\"@type\":\"WebSite\",\"@id\":\"https:\/\/proteccionshoppingonline.com.br\/loja\/#website\",\"url\":\"https:\/\/proteccionshoppingonline.com.br\/loja\/\",\"name\":\"Protecci\u00f3n Shopping On Line | Seguran\u00e7a contra Inc\u00eandios\",\"description\":\"Seguran\u00e7a contra Inc\u00eandios\",\"publisher\":{\"@id\":\"https:\/\/proteccionshoppingonline.com.br\/loja\/#organization\"},\"potentialAction\":[{\"@type\":\"SearchAction\",\"target\":{\"@type\":\"EntryPoint\",\"urlTemplate\":\"https:\/\/proteccionshoppingonline.com.br\/loja\/?s={search_term_string}\"},\"query-input\":{\"@type\":\"PropertyValueSpecification\",\"valueRequired\":true,\"valueName\":\"search_term_string\"}}],\"inLanguage\":\"pt-BR\"},{\"@type\":\"Organization\",\"@id\":\"https:\/\/proteccionshoppingonline.com.br\/loja\/#organization\",\"name\":\"Protecci\u00f3n Shopping On Line\",\"url\":\"https:\/\/proteccionshoppingonline.com.br\/loja\/\",\"logo\":{\"@type\":\"ImageObject\",\"inLanguage\":\"pt-BR\",\"@id\":\"https:\/\/proteccionshoppingonline.com.br\/loja\/#\/schema\/logo\/image\/\",\"url\":\"https:\/\/proteccionshoppingonline.com.br\/loja\/wp-content\/uploads\/2024\/01\/Proteccion-Shopping-On-Line-Logo-Nova.png\",\"contentUrl\":\"https:\/\/proteccionshoppingonline.com.br\/loja\/wp-content\/uploads\/2024\/01\/Proteccion-Shopping-On-Line-Logo-Nova.png\",\"width\":2000,\"height\":600,\"caption\":\"Protecci\u00f3n Shopping On Line\"},\"image\":{\"@id\":\"https:\/\/proteccionshoppingonline.com.br\/loja\/#\/schema\/logo\/image\/\"}}]}<\/script>\n<!-- \/ Yoast SEO plugin. -->","yoast_head_json":{"title":"Junta de Expans\u00e3o EPDM Classe 150 - Protecci\u00f3n","description":"Junta de Expans\u00e3o EPDM - projetadas para absorver vibra\u00e7\u00f5es em tubula\u00e7\u00f5es, em condi\u00e7\u00f5es variadas de press\u00e3o e temperatura.","robots":{"index":"index","follow":"follow","max-snippet":"max-snippet:-1","max-image-preview":"max-image-preview:large","max-video-preview":"max-video-preview:-1"},"canonical":"https:\/\/proteccionshoppingonline.com.br\/loja\/loja\/conexoes-para-tubos\/junta-de-expansao-epdm\/","og_locale":"pt_BR","og_type":"article","og_title":"Junta de Expans\u00e3o EPDM Classe 150 - Protecci\u00f3n","og_description":"Junta de Expans\u00e3o EPDM - projetadas para absorver vibra\u00e7\u00f5es em tubula\u00e7\u00f5es, em condi\u00e7\u00f5es variadas de press\u00e3o e temperatura.","og_url":"https:\/\/proteccionshoppingonline.com.br\/loja\/loja\/conexoes-para-tubos\/junta-de-expansao-epdm\/","og_site_name":"Protecci\u00f3n","article_modified_time":"2025-02-17T16:02:17+00:00","og_image":[{"width":500,"height":500,"url":"https:\/\/proteccionshoppingonline.com.br\/loja\/wp-content\/uploads\/2020\/05\/Design-sem-nome-54.png","type":"image\/png"}],"twitter_card":"summary_large_image","twitter_misc":{"Est. tempo de leitura":"2 minutos"},"schema":{"@context":"https:\/\/schema.org","@graph":[{"@type":"WebPage","@id":"https:\/\/proteccionshoppingonline.com.br\/loja\/loja\/conexoes-para-tubos\/junta-de-expansao-epdm\/","url":"https:\/\/proteccionshoppingonline.com.br\/loja\/loja\/conexoes-para-tubos\/junta-de-expansao-epdm\/","name":"Junta de Expans\u00e3o EPDM Classe 150 - Protecci\u00f3n","isPartOf":{"@id":"https:\/\/proteccionshoppingonline.com.br\/loja\/#website"},"primaryImageOfPage":{"@id":"https:\/\/proteccionshoppingonline.com.br\/loja\/loja\/conexoes-para-tubos\/junta-de-expansao-epdm\/#primaryimage"},"image":{"@id":"https:\/\/proteccionshoppingonline.com.br\/loja\/loja\/conexoes-para-tubos\/junta-de-expansao-epdm\/#primaryimage"},"thumbnailUrl":"https:\/\/proteccionshoppingonline.com.br\/loja\/wp-content\/uploads\/2020\/05\/Design-sem-nome-54.png","datePublished":"2020-05-18T12:44:31+00:00","dateModified":"2025-02-17T16:02:17+00:00","description":"Junta de Expans\u00e3o EPDM - projetadas para absorver vibra\u00e7\u00f5es em tubula\u00e7\u00f5es, em condi\u00e7\u00f5es variadas de press\u00e3o e temperatura.","breadcrumb":{"@id":"https:\/\/proteccionshoppingonline.com.br\/loja\/loja\/conexoes-para-tubos\/junta-de-expansao-epdm\/#breadcrumb"},"inLanguage":"pt-BR","potentialAction":[{"@type":"ReadAction","target":["https:\/\/proteccionshoppingonline.com.br\/loja\/loja\/conexoes-para-tubos\/junta-de-expansao-epdm\/"]}]},{"@type":"ImageObject","inLanguage":"pt-BR","@id":"https:\/\/proteccionshoppingonline.com.br\/loja\/loja\/conexoes-para-tubos\/junta-de-expansao-epdm\/#primaryimage","url":"https:\/\/proteccionshoppingonline.com.br\/loja\/wp-content\/uploads\/2020\/05\/Design-sem-nome-54.png","contentUrl":"https:\/\/proteccionshoppingonline.com.br\/loja\/wp-content\/uploads\/2020\/05\/Design-sem-nome-54.png","width":500,"height":500,"caption":"Junta de Expans\u00e3o EPDM"},{"@type":"BreadcrumbList","@id":"https:\/\/proteccionshoppingonline.com.br\/loja\/loja\/conexoes-para-tubos\/junta-de-expansao-epdm\/#breadcrumb","itemListElement":[{"@type":"ListItem","position":1,"name":"Home","item":"https:\/\/proteccionshoppingonline.com.br\/loja\/"},{"@type":"ListItem","position":2,"name":"Produtos","item":"https:\/\/proteccionshoppingonline.com.br\/loja\/cart-2\/"},{"@type":"ListItem","position":3,"name":"Junta de Expans\u00e3o EPDM Classe 150"}]},{"@type":"WebSite","@id":"https:\/\/proteccionshoppingonline.com.br\/loja\/#website","url":"https:\/\/proteccionshoppingonline.com.br\/loja\/","name":"Protecci\u00f3n Shopping On Line | Seguran\u00e7a contra Inc\u00eandios","description":"Seguran\u00e7a contra Inc\u00eandios","publisher":{"@id":"https:\/\/proteccionshoppingonline.com.br\/loja\/#organization"},"potentialAction":[{"@type":"SearchAction","target":{"@type":"EntryPoint","urlTemplate":"https:\/\/proteccionshoppingonline.com.br\/loja\/?s={search_term_string}"},"query-input":{"@type":"PropertyValueSpecification","valueRequired":true,"valueName":"search_term_string"}}],"inLanguage":"pt-BR"},{"@type":"Organization","@id":"https:\/\/proteccionshoppingonline.com.br\/loja\/#organization","name":"Protecci\u00f3n Shopping On Line","url":"https:\/\/proteccionshoppingonline.com.br\/loja\/","logo":{"@type":"ImageObject","inLanguage":"pt-BR","@id":"https:\/\/proteccionshoppingonline.com.br\/loja\/#\/schema\/logo\/image\/","url":"https:\/\/proteccionshoppingonline.com.br\/loja\/wp-content\/uploads\/2024\/01\/Proteccion-Shopping-On-Line-Logo-Nova.png","contentUrl":"https:\/\/proteccionshoppingonline.com.br\/loja\/wp-content\/uploads\/2024\/01\/Proteccion-Shopping-On-Line-Logo-Nova.png","width":2000,"height":600,"caption":"Protecci\u00f3n Shopping On Line"},"image":{"@id":"https:\/\/proteccionshoppingonline.com.br\/loja\/#\/schema\/logo\/image\/"}}]}},"_links":{"self":[{"href":"https:\/\/proteccionshoppingonline.com.br\/loja\/wp-json\/wp\/v2\/product\/10339","targetHints":{"allow":["GET"]}}],"collection":[{"href":"https:\/\/proteccionshoppingonline.com.br\/loja\/wp-json\/wp\/v2\/product"}],"about":[{"href":"https:\/\/proteccionshoppingonline.com.br\/loja\/wp-json\/wp\/v2\/types\/product"}],"version-history":[{"count":2,"href":"https:\/\/proteccionshoppingonline.com.br\/loja\/wp-json\/wp\/v2\/product\/10339\/revisions"}],"predecessor-version":[{"id":18138,"href":"https:\/\/proteccionshoppingonline.com.br\/loja\/wp-json\/wp\/v2\/product\/10339\/revisions\/18138"}],"wp:featuredmedia":[{"embeddable":true,"href":"https:\/\/proteccionshoppingonline.com.br\/loja\/wp-json\/wp\/v2\/media\/18137"}],"wp:attachment":[{"href":"https:\/\/proteccionshoppingonline.com.br\/loja\/wp-json\/wp\/v2\/media?parent=10339"}],"wp:term":[{"taxonomy":"product_brand","embeddable":true,"href":"https:\/\/proteccionshoppingonline.com.br\/loja\/wp-json\/wp\/v2\/product_brand?post=10339"},{"taxonomy":"product_cat","embeddable":true,"href":"https:\/\/proteccionshoppingonline.com.br\/loja\/wp-json\/wp\/v2\/product_cat?post=10339"},{"taxonomy":"product_tag","embeddable":true,"href":"https:\/\/proteccionshoppingonline.com.br\/loja\/wp-json\/wp\/v2\/product_tag?post=10339"}],"curies":[{"name":"wp","href":"https:\/\/api.w.org\/{rel}","templated":true}]}}