{"id":18089,"date":"2025-02-14T14:36:51","date_gmt":"2025-02-14T17:36:51","guid":{"rendered":"https:\/\/proteccionshoppingonline.com.br\/loja\/?page_id=18089"},"modified":"2025-02-18T09:09:28","modified_gmt":"2025-02-18T12:09:28","slug":"cadeirantes","status":"publish","type":"page","link":"https:\/\/proteccionshoppingonline.com.br\/loja\/cadeirantes\/","title":{"rendered":"Cadeirantes"},"content":{"rendered":"\t\t<div data-elementor-type=\"wp-page\" data-elementor-id=\"18089\" class=\"elementor elementor-18089\" data-elementor-post-type=\"page\">\n\t\t\t\t<div class=\"elementor-element elementor-element-4ed8faa e-flex e-con-boxed e-con e-parent\" data-id=\"4ed8faa\" data-element_type=\"container\" data-e-type=\"container\">\n\t\t\t\t\t<div class=\"e-con-inner\">\n\t\t<div class=\"elementor-element elementor-element-80d66ff e-con-full e-flex e-con e-child\" data-id=\"80d66ff\" data-element_type=\"container\" data-e-type=\"container\">\n\t\t<div class=\"elementor-element elementor-element-dcb62f6 e-grid e-con-full e-con e-child\" data-id=\"dcb62f6\" data-element_type=\"container\" data-e-type=\"container\">\n\t\t\t\t<div class=\"elementor-element elementor-element-8bbc243 elementor-grid-1 elementor-grid-tablet-3 elementor-grid-mobile-2 elementor-products-grid elementor-wc-products elementor-widget elementor-widget-woocommerce-products\" data-id=\"8bbc243\" data-element_type=\"widget\" data-e-type=\"widget\" data-widget_type=\"woocommerce-products.default\">\n\t\t\t\t<div class=\"elementor-widget-container\">\n\t\t\t\t\t<div class=\"woocommerce columns-1 \"><ul class=\"products elementor-grid columns-1\">\n<li class=\"product type-product post-18170 status-publish first onbackorder product_cat-placas-cadeirante product_tag-placa-alcool-em-gel product_tag-placa-extintor-agua-fotoluminescente product_tag-placa-mangueira-de-incendio-fotoluminescente product_tag-placa-pictograma-hidrante-fotoluminescente product_tag-spray-fumaca-teste has-post-thumbnail shipping-taxable product-type-variable\">\n\t<a href=\"https:\/\/proteccionshoppingonline.com.br\/loja\/loja\/placas-cadeirante\/placa-cadeirante-sinalizacao\/\" class=\"woocommerce-LoopProduct-link woocommerce-loop-product__link\"><img fetchpriority=\"high\" decoding=\"async\" width=\"500\" height=\"500\" src=\"https:\/\/proteccionshoppingonline.com.br\/loja\/wp-content\/uploads\/2025\/02\/Design-sem-nome-61.png\" class=\"attachment-woocommerce_thumbnail size-woocommerce_thumbnail\" alt=\"placa cadeirante\" srcset=\"https:\/\/proteccionshoppingonline.com.br\/loja\/wp-content\/uploads\/2025\/02\/Design-sem-nome-61.png 500w, https:\/\/proteccionshoppingonline.com.br\/loja\/wp-content\/uploads\/2025\/02\/Design-sem-nome-61-300x300.png 300w, https:\/\/proteccionshoppingonline.com.br\/loja\/wp-content\/uploads\/2025\/02\/Design-sem-nome-61-150x150.png 150w, https:\/\/proteccionshoppingonline.com.br\/loja\/wp-content\/uploads\/2025\/02\/Design-sem-nome-61-60x60.png 60w, https:\/\/proteccionshoppingonline.com.br\/loja\/wp-content\/uploads\/2025\/02\/Design-sem-nome-61-90x90.png 90w, https:\/\/proteccionshoppingonline.com.br\/loja\/wp-content\/uploads\/2025\/02\/Design-sem-nome-61-100x100.png 100w\" sizes=\"(max-width: 500px) 100vw, 500px\" \/><h2 class=\"woocommerce-loop-product__title\">Placa Sinaliza\u00e7\u00e3o Cadeirante<\/h2>\n<\/a><a href=\"https:\/\/proteccionshoppingonline.com.br\/loja\/loja\/placas-cadeirante\/placa-cadeirante-sinalizacao\/\" aria-describedby=\"woocommerce_loop_add_to_cart_link_describedby_18170\" data-quantity=\"1\" class=\"button product_type_variable\" data-product_id=\"18170\" data-product_sku=\"E8-2-1-1-1-1\" aria-label=\"Selecione as op\u00e7\u00f5es para &ldquo;Placa Sinaliza\u00e7\u00e3o Cadeirante&rdquo;\" rel=\"nofollow\">Leia mais<\/a>\t<span id=\"woocommerce_loop_add_to_cart_link_describedby_18170\" class=\"screen-reader-text\">\n\t\t\t<\/span>\n<\/li>\n<\/ul>\n<\/div>\t\t\t\t<\/div>\n\t\t\t\t<\/div>\n\t\t\t\t<div class=\"elementor-element elementor-element-7c763a1 elementor-grid-1 elementor-grid-tablet-3 elementor-grid-mobile-2 elementor-products-grid elementor-wc-products elementor-widget elementor-widget-woocommerce-products\" data-id=\"7c763a1\" data-element_type=\"widget\" data-e-type=\"widget\" data-widget_type=\"woocommerce-products.default\">\n\t\t\t\t<div class=\"elementor-widget-container\">\n\t\t\t\t\t<div class=\"woocommerce columns-1 \"><ul class=\"products elementor-grid columns-1\">\n<li class=\"product type-product post-18193 status-publish first onbackorder product_cat-placas-cadeirante product_tag-placa-alcool-em-gel product_tag-placa-extintor-agua-fotoluminescente product_tag-placa-mangueira-de-incendio-fotoluminescente product_tag-placa-pictograma-hidrante-fotoluminescente product_tag-spray-fumaca-teste has-post-thumbnail shipping-taxable product-type-variable\">\n\t<a href=\"https:\/\/proteccionshoppingonline.com.br\/loja\/loja\/placas-cadeirante\/placa-exclusivo-para-cadeirante\/\" class=\"woocommerce-LoopProduct-link woocommerce-loop-product__link\"><img decoding=\"async\" width=\"500\" height=\"500\" src=\"https:\/\/proteccionshoppingonline.com.br\/loja\/wp-content\/uploads\/2025\/02\/Design-sem-nome-60.png\" class=\"attachment-woocommerce_thumbnail size-woocommerce_thumbnail\" alt=\"Placa Exclusivo para Cadeirante\" srcset=\"https:\/\/proteccionshoppingonline.com.br\/loja\/wp-content\/uploads\/2025\/02\/Design-sem-nome-60.png 500w, https:\/\/proteccionshoppingonline.com.br\/loja\/wp-content\/uploads\/2025\/02\/Design-sem-nome-60-300x300.png 300w, https:\/\/proteccionshoppingonline.com.br\/loja\/wp-content\/uploads\/2025\/02\/Design-sem-nome-60-150x150.png 150w, https:\/\/proteccionshoppingonline.com.br\/loja\/wp-content\/uploads\/2025\/02\/Design-sem-nome-60-60x60.png 60w, https:\/\/proteccionshoppingonline.com.br\/loja\/wp-content\/uploads\/2025\/02\/Design-sem-nome-60-90x90.png 90w, https:\/\/proteccionshoppingonline.com.br\/loja\/wp-content\/uploads\/2025\/02\/Design-sem-nome-60-100x100.png 100w\" sizes=\"(max-width: 500px) 100vw, 500px\" \/><h2 class=\"woocommerce-loop-product__title\">Placa Exclusivo para Cadeirante<\/h2>\n<\/a><a href=\"https:\/\/proteccionshoppingonline.com.br\/loja\/loja\/placas-cadeirante\/placa-exclusivo-para-cadeirante\/\" aria-describedby=\"woocommerce_loop_add_to_cart_link_describedby_18193\" data-quantity=\"1\" class=\"button product_type_variable\" data-product_id=\"18193\" data-product_sku=\"E8-2-1-1-1-1-1-1-1\" aria-label=\"Selecione as op\u00e7\u00f5es para &ldquo;Placa Exclusivo para Cadeirante&rdquo;\" rel=\"nofollow\">Leia mais<\/a>\t<span id=\"woocommerce_loop_add_to_cart_link_describedby_18193\" class=\"screen-reader-text\">\n\t\t\t<\/span>\n<\/li>\n<\/ul>\n<\/div>\t\t\t\t<\/div>\n\t\t\t\t<\/div>\n\t\t\t\t<div class=\"elementor-element elementor-element-6cbfc4e elementor-grid-1 elementor-grid-tablet-3 elementor-grid-mobile-2 elementor-products-grid elementor-wc-products elementor-widget elementor-widget-woocommerce-products\" data-id=\"6cbfc4e\" data-element_type=\"widget\" data-e-type=\"widget\" data-widget_type=\"woocommerce-products.default\">\n\t\t\t\t<div class=\"elementor-widget-container\">\n\t\t\t\t\t<div class=\"woocommerce columns-1 \"><ul class=\"products elementor-grid columns-1\">\n<li class=\"product type-product post-18179 status-publish first onbackorder product_cat-placas-cadeirante product_tag-placa-alcool-em-gel product_tag-placa-extintor-agua-fotoluminescente product_tag-placa-mangueira-de-incendio-fotoluminescente product_tag-placa-pictograma-hidrante-fotoluminescente product_tag-spray-fumaca-teste has-post-thumbnail shipping-taxable product-type-variable\">\n\t<a href=\"https:\/\/proteccionshoppingonline.com.br\/loja\/loja\/placas-cadeirante\/placa-entrada-para-cadeirante\/\" class=\"woocommerce-LoopProduct-link woocommerce-loop-product__link\"><img decoding=\"async\" width=\"500\" height=\"500\" src=\"https:\/\/proteccionshoppingonline.com.br\/loja\/wp-content\/uploads\/2025\/02\/Design-sem-nome-58.png\" class=\"attachment-woocommerce_thumbnail size-woocommerce_thumbnail\" alt=\"Placa Entrada para Cadeirante\" srcset=\"https:\/\/proteccionshoppingonline.com.br\/loja\/wp-content\/uploads\/2025\/02\/Design-sem-nome-58.png 500w, https:\/\/proteccionshoppingonline.com.br\/loja\/wp-content\/uploads\/2025\/02\/Design-sem-nome-58-300x300.png 300w, https:\/\/proteccionshoppingonline.com.br\/loja\/wp-content\/uploads\/2025\/02\/Design-sem-nome-58-150x150.png 150w, https:\/\/proteccionshoppingonline.com.br\/loja\/wp-content\/uploads\/2025\/02\/Design-sem-nome-58-60x60.png 60w, https:\/\/proteccionshoppingonline.com.br\/loja\/wp-content\/uploads\/2025\/02\/Design-sem-nome-58-90x90.png 90w, https:\/\/proteccionshoppingonline.com.br\/loja\/wp-content\/uploads\/2025\/02\/Design-sem-nome-58-100x100.png 100w\" sizes=\"(max-width: 500px) 100vw, 500px\" \/><h2 class=\"woocommerce-loop-product__title\">Placa Entrada para Cadeirante<\/h2>\n<\/a><a href=\"https:\/\/proteccionshoppingonline.com.br\/loja\/loja\/placas-cadeirante\/placa-entrada-para-cadeirante\/\" aria-describedby=\"woocommerce_loop_add_to_cart_link_describedby_18179\" data-quantity=\"1\" class=\"button product_type_variable\" data-product_id=\"18179\" data-product_sku=\"E8-2-1-1-1-1-1\" aria-label=\"Selecione as op\u00e7\u00f5es para &ldquo;Placa Entrada para Cadeirante&rdquo;\" rel=\"nofollow\">Leia mais<\/a>\t<span id=\"woocommerce_loop_add_to_cart_link_describedby_18179\" class=\"screen-reader-text\">\n\t\t\t<\/span>\n<\/li>\n<\/ul>\n<\/div>\t\t\t\t<\/div>\n\t\t\t\t<\/div>\n\t\t\t\t<div class=\"elementor-element elementor-element-7f8d324 elementor-grid-1 elementor-grid-tablet-3 elementor-grid-mobile-2 elementor-products-grid elementor-wc-products elementor-widget elementor-widget-woocommerce-products\" data-id=\"7f8d324\" data-element_type=\"widget\" data-e-type=\"widget\" data-widget_type=\"woocommerce-products.default\">\n\t\t\t\t<div class=\"elementor-widget-container\">\n\t\t\t\t\t<div class=\"woocommerce columns-1 \"><ul class=\"products elementor-grid columns-1\">\n<li class=\"product type-product post-18185 status-publish first onbackorder product_cat-placas-cadeirante product_tag-placa-alcool-em-gel product_tag-placa-extintor-agua-fotoluminescente product_tag-placa-mangueira-de-incendio-fotoluminescente product_tag-placa-pictograma-hidrante-fotoluminescente product_tag-spray-fumaca-teste has-post-thumbnail shipping-taxable product-type-variable\">\n\t<a href=\"https:\/\/proteccionshoppingonline.com.br\/loja\/loja\/placas-cadeirante\/placa-saida-para-cadeirante\/\" class=\"woocommerce-LoopProduct-link woocommerce-loop-product__link\"><img loading=\"lazy\" decoding=\"async\" width=\"500\" height=\"500\" src=\"https:\/\/proteccionshoppingonline.com.br\/loja\/wp-content\/uploads\/2025\/02\/Design-sem-nome-59.png\" class=\"attachment-woocommerce_thumbnail size-woocommerce_thumbnail\" alt=\"placa sa\u00edda cadeirante\" srcset=\"https:\/\/proteccionshoppingonline.com.br\/loja\/wp-content\/uploads\/2025\/02\/Design-sem-nome-59.png 500w, https:\/\/proteccionshoppingonline.com.br\/loja\/wp-content\/uploads\/2025\/02\/Design-sem-nome-59-300x300.png 300w, https:\/\/proteccionshoppingonline.com.br\/loja\/wp-content\/uploads\/2025\/02\/Design-sem-nome-59-150x150.png 150w, https:\/\/proteccionshoppingonline.com.br\/loja\/wp-content\/uploads\/2025\/02\/Design-sem-nome-59-60x60.png 60w, https:\/\/proteccionshoppingonline.com.br\/loja\/wp-content\/uploads\/2025\/02\/Design-sem-nome-59-90x90.png 90w, https:\/\/proteccionshoppingonline.com.br\/loja\/wp-content\/uploads\/2025\/02\/Design-sem-nome-59-100x100.png 100w\" sizes=\"(max-width: 500px) 100vw, 500px\" \/><h2 class=\"woocommerce-loop-product__title\">Placa Sa\u00edda para Cadeirante<\/h2>\n<\/a><a href=\"https:\/\/proteccionshoppingonline.com.br\/loja\/loja\/placas-cadeirante\/placa-saida-para-cadeirante\/\" aria-describedby=\"woocommerce_loop_add_to_cart_link_describedby_18185\" data-quantity=\"1\" class=\"button product_type_variable\" data-product_id=\"18185\" data-product_sku=\"E8-2-1-1-1-1-1-1\" aria-label=\"Selecione as op\u00e7\u00f5es para &ldquo;Placa Sa\u00edda para Cadeirante&rdquo;\" rel=\"nofollow\">Leia mais<\/a>\t<span id=\"woocommerce_loop_add_to_cart_link_describedby_18185\" class=\"screen-reader-text\">\n\t\t\t<\/span>\n<\/li>\n<\/ul>\n<\/div>\t\t\t\t<\/div>\n\t\t\t\t<\/div>\n\t\t\t\t<\/div>\n\t\t\t\t<\/div>\n\t\t\t\t\t<\/div>\n\t\t\t\t<\/div>\n\t\t\t\t<\/div>\n\t\t","protected":false},"excerpt":{"rendered":"","protected":false},"author":1,"featured_media":0,"parent":0,"menu_order":0,"comment_status":"closed","ping_status":"closed","template":"","meta":{"_seopress_robots_primary_cat":"","_seopress_titles_title":"","_seopress_titles_desc":"","_seopress_robots_index":"","footnotes":""},"class_list":["post-18089","page","type-page","status-publish","hentry"],"yoast_head":"<!-- This site is optimized with the Yoast SEO plugin v27.2 - https:\/\/yoast.com\/product\/yoast-seo-wordpress\/ -->\n<title>Cadeirantes - Protecci\u00f3n<\/title>\n<meta name=\"robots\" content=\"index, follow, max-snippet:-1, max-image-preview:large, max-video-preview:-1\" \/>\n<link rel=\"canonical\" href=\"https:\/\/proteccionshoppingonline.com.br\/loja\/cadeirantes\/\" \/>\n<meta property=\"og:locale\" content=\"pt_BR\" \/>\n<meta property=\"og:type\" content=\"article\" \/>\n<meta property=\"og:title\" content=\"Cadeirantes - Protecci\u00f3n\" \/>\n<meta property=\"og:url\" content=\"https:\/\/proteccionshoppingonline.com.br\/loja\/cadeirantes\/\" \/>\n<meta property=\"og:site_name\" content=\"Protecci\u00f3n\" \/>\n<meta property=\"article:modified_time\" content=\"2025-02-18T12:09:28+00:00\" \/>\n<meta name=\"twitter:card\" content=\"summary_large_image\" \/>\n<meta name=\"twitter:label1\" content=\"Est. tempo de leitura\" \/>\n\t<meta name=\"twitter:data1\" content=\"1 minuto\" \/>\n<script type=\"application\/ld+json\" class=\"yoast-schema-graph\">{\"@context\":\"https:\/\/schema.org\",\"@graph\":[{\"@type\":\"WebPage\",\"@id\":\"https:\/\/proteccionshoppingonline.com.br\/loja\/cadeirantes\/\",\"url\":\"https:\/\/proteccionshoppingonline.com.br\/loja\/cadeirantes\/\",\"name\":\"Cadeirantes - Protecci\u00f3n\",\"isPartOf\":{\"@id\":\"https:\/\/proteccionshoppingonline.com.br\/loja\/#website\"},\"datePublished\":\"2025-02-14T17:36:51+00:00\",\"dateModified\":\"2025-02-18T12:09:28+00:00\",\"breadcrumb\":{\"@id\":\"https:\/\/proteccionshoppingonline.com.br\/loja\/cadeirantes\/#breadcrumb\"},\"inLanguage\":\"pt-BR\",\"potentialAction\":[{\"@type\":\"ReadAction\",\"target\":[\"https:\/\/proteccionshoppingonline.com.br\/loja\/cadeirantes\/\"]}]},{\"@type\":\"BreadcrumbList\",\"@id\":\"https:\/\/proteccionshoppingonline.com.br\/loja\/cadeirantes\/#breadcrumb\",\"itemListElement\":[{\"@type\":\"ListItem\",\"position\":1,\"name\":\"Home\",\"item\":\"https:\/\/proteccionshoppingonline.com.br\/loja\/\"},{\"@type\":\"ListItem\",\"position\":2,\"name\":\"Cadeirantes\"}]},{\"@type\":\"WebSite\",\"@id\":\"https:\/\/proteccionshoppingonline.com.br\/loja\/#website\",\"url\":\"https:\/\/proteccionshoppingonline.com.br\/loja\/\",\"name\":\"Protecci\u00f3n Shopping On Line | Seguran\u00e7a contra Inc\u00eandios\",\"description\":\"Seguran\u00e7a contra Inc\u00eandios\",\"publisher\":{\"@id\":\"https:\/\/proteccionshoppingonline.com.br\/loja\/#organization\"},\"potentialAction\":[{\"@type\":\"SearchAction\",\"target\":{\"@type\":\"EntryPoint\",\"urlTemplate\":\"https:\/\/proteccionshoppingonline.com.br\/loja\/?s={search_term_string}\"},\"query-input\":{\"@type\":\"PropertyValueSpecification\",\"valueRequired\":true,\"valueName\":\"search_term_string\"}}],\"inLanguage\":\"pt-BR\"},{\"@type\":\"Organization\",\"@id\":\"https:\/\/proteccionshoppingonline.com.br\/loja\/#organization\",\"name\":\"Protecci\u00f3n Shopping On Line\",\"url\":\"https:\/\/proteccionshoppingonline.com.br\/loja\/\",\"logo\":{\"@type\":\"ImageObject\",\"inLanguage\":\"pt-BR\",\"@id\":\"https:\/\/proteccionshoppingonline.com.br\/loja\/#\/schema\/logo\/image\/\",\"url\":\"https:\/\/proteccionshoppingonline.com.br\/loja\/wp-content\/uploads\/2024\/01\/Proteccion-Shopping-On-Line-Logo-Nova.png\",\"contentUrl\":\"https:\/\/proteccionshoppingonline.com.br\/loja\/wp-content\/uploads\/2024\/01\/Proteccion-Shopping-On-Line-Logo-Nova.png\",\"width\":2000,\"height\":600,\"caption\":\"Protecci\u00f3n Shopping On Line\"},\"image\":{\"@id\":\"https:\/\/proteccionshoppingonline.com.br\/loja\/#\/schema\/logo\/image\/\"}}]}<\/script>\n<!-- \/ Yoast SEO plugin. -->","yoast_head_json":{"title":"Cadeirantes - Protecci\u00f3n","robots":{"index":"index","follow":"follow","max-snippet":"max-snippet:-1","max-image-preview":"max-image-preview:large","max-video-preview":"max-video-preview:-1"},"canonical":"https:\/\/proteccionshoppingonline.com.br\/loja\/cadeirantes\/","og_locale":"pt_BR","og_type":"article","og_title":"Cadeirantes - Protecci\u00f3n","og_url":"https:\/\/proteccionshoppingonline.com.br\/loja\/cadeirantes\/","og_site_name":"Protecci\u00f3n","article_modified_time":"2025-02-18T12:09:28+00:00","twitter_card":"summary_large_image","twitter_misc":{"Est. tempo de leitura":"1 minuto"},"schema":{"@context":"https:\/\/schema.org","@graph":[{"@type":"WebPage","@id":"https:\/\/proteccionshoppingonline.com.br\/loja\/cadeirantes\/","url":"https:\/\/proteccionshoppingonline.com.br\/loja\/cadeirantes\/","name":"Cadeirantes - Protecci\u00f3n","isPartOf":{"@id":"https:\/\/proteccionshoppingonline.com.br\/loja\/#website"},"datePublished":"2025-02-14T17:36:51+00:00","dateModified":"2025-02-18T12:09:28+00:00","breadcrumb":{"@id":"https:\/\/proteccionshoppingonline.com.br\/loja\/cadeirantes\/#breadcrumb"},"inLanguage":"pt-BR","potentialAction":[{"@type":"ReadAction","target":["https:\/\/proteccionshoppingonline.com.br\/loja\/cadeirantes\/"]}]},{"@type":"BreadcrumbList","@id":"https:\/\/proteccionshoppingonline.com.br\/loja\/cadeirantes\/#breadcrumb","itemListElement":[{"@type":"ListItem","position":1,"name":"Home","item":"https:\/\/proteccionshoppingonline.com.br\/loja\/"},{"@type":"ListItem","position":2,"name":"Cadeirantes"}]},{"@type":"WebSite","@id":"https:\/\/proteccionshoppingonline.com.br\/loja\/#website","url":"https:\/\/proteccionshoppingonline.com.br\/loja\/","name":"Protecci\u00f3n Shopping On Line | Seguran\u00e7a contra Inc\u00eandios","description":"Seguran\u00e7a contra Inc\u00eandios","publisher":{"@id":"https:\/\/proteccionshoppingonline.com.br\/loja\/#organization"},"potentialAction":[{"@type":"SearchAction","target":{"@type":"EntryPoint","urlTemplate":"https:\/\/proteccionshoppingonline.com.br\/loja\/?s={search_term_string}"},"query-input":{"@type":"PropertyValueSpecification","valueRequired":true,"valueName":"search_term_string"}}],"inLanguage":"pt-BR"},{"@type":"Organization","@id":"https:\/\/proteccionshoppingonline.com.br\/loja\/#organization","name":"Protecci\u00f3n Shopping On Line","url":"https:\/\/proteccionshoppingonline.com.br\/loja\/","logo":{"@type":"ImageObject","inLanguage":"pt-BR","@id":"https:\/\/proteccionshoppingonline.com.br\/loja\/#\/schema\/logo\/image\/","url":"https:\/\/proteccionshoppingonline.com.br\/loja\/wp-content\/uploads\/2024\/01\/Proteccion-Shopping-On-Line-Logo-Nova.png","contentUrl":"https:\/\/proteccionshoppingonline.com.br\/loja\/wp-content\/uploads\/2024\/01\/Proteccion-Shopping-On-Line-Logo-Nova.png","width":2000,"height":600,"caption":"Protecci\u00f3n Shopping On Line"},"image":{"@id":"https:\/\/proteccionshoppingonline.com.br\/loja\/#\/schema\/logo\/image\/"}}]}},"_links":{"self":[{"href":"https:\/\/proteccionshoppingonline.com.br\/loja\/wp-json\/wp\/v2\/pages\/18089","targetHints":{"allow":["GET"]}}],"collection":[{"href":"https:\/\/proteccionshoppingonline.com.br\/loja\/wp-json\/wp\/v2\/pages"}],"about":[{"href":"https:\/\/proteccionshoppingonline.com.br\/loja\/wp-json\/wp\/v2\/types\/page"}],"author":[{"embeddable":true,"href":"https:\/\/proteccionshoppingonline.com.br\/loja\/wp-json\/wp\/v2\/users\/1"}],"replies":[{"embeddable":true,"href":"https:\/\/proteccionshoppingonline.com.br\/loja\/wp-json\/wp\/v2\/comments?post=18089"}],"version-history":[{"count":7,"href":"https:\/\/proteccionshoppingonline.com.br\/loja\/wp-json\/wp\/v2\/pages\/18089\/revisions"}],"predecessor-version":[{"id":18201,"href":"https:\/\/proteccionshoppingonline.com.br\/loja\/wp-json\/wp\/v2\/pages\/18089\/revisions\/18201"}],"wp:attachment":[{"href":"https:\/\/proteccionshoppingonline.com.br\/loja\/wp-json\/wp\/v2\/media?parent=18089"}],"curies":[{"name":"wp","href":"https:\/\/api.w.org\/{rel}","templated":true}]}}