{"id":18075,"date":"2025-02-14T14:10:59","date_gmt":"2025-02-14T17:10:59","guid":{"rendered":"https:\/\/proteccionshoppingonline.com.br\/loja\/?page_id=18075"},"modified":"2025-02-14T15:49:42","modified_gmt":"2025-02-14T18:49:42","slug":"placas-personalizadas","status":"publish","type":"page","link":"https:\/\/proteccionshoppingonline.com.br\/loja\/placas-personalizadas\/","title":{"rendered":"Placas Personalizadas"},"content":{"rendered":"\t\t<div data-elementor-type=\"wp-page\" data-elementor-id=\"18075\" class=\"elementor elementor-18075\" data-elementor-post-type=\"page\">\n\t\t\t\t<div class=\"elementor-element elementor-element-4ed8faa e-grid e-con-full e-con e-parent\" data-id=\"4ed8faa\" data-element_type=\"container\" data-e-type=\"container\">\n\t\t\t\t<div class=\"elementor-element elementor-element-c6e337c elementor-grid-1 elementor-grid-tablet-3 elementor-grid-mobile-2 elementor-products-grid elementor-wc-products elementor-widget elementor-widget-woocommerce-products\" data-id=\"c6e337c\" data-element_type=\"widget\" data-e-type=\"widget\" data-widget_type=\"woocommerce-products.default\">\n\t\t\t\t<div class=\"elementor-widget-container\">\n\t\t\t\t\t<div class=\"woocommerce columns-1 \"><ul class=\"products elementor-grid columns-1\">\n<li class=\"product type-product post-12316 status-publish first onbackorder product_cat-placas-adesivos-diversas-frases-30-x-10-cm product_tag-placa-adesivo-sanitarios-masc-fem product_tag-placa-adesivo-wifi-zona-de-wifi product_tag-placa-adesivos-diversas-frases-30x10cm product_tag-placa-atencao-110-220-380-volts product_tag-placa-saida-para-deficientes-fisicos has-post-thumbnail shipping-taxable product-type-variable\">\n\t<a href=\"https:\/\/proteccionshoppingonline.com.br\/loja\/loja\/placas-adesivos-diversas-frases-30-x-10-cm\/placa-adesivos-diversas-frases-30x10cm\/\" class=\"woocommerce-LoopProduct-link woocommerce-loop-product__link\"><img fetchpriority=\"high\" decoding=\"async\" width=\"600\" height=\"600\" src=\"https:\/\/proteccionshoppingonline.com.br\/loja\/wp-content\/uploads\/2022\/05\/placas-diversas-600x600.jpg\" class=\"attachment-woocommerce_thumbnail size-woocommerce_thumbnail\" alt=\"PLACAS DIVERSAS FRASES\" srcset=\"https:\/\/proteccionshoppingonline.com.br\/loja\/wp-content\/uploads\/2022\/05\/placas-diversas.jpg 600w, https:\/\/proteccionshoppingonline.com.br\/loja\/wp-content\/uploads\/2022\/05\/placas-diversas-300x300.jpg 300w, https:\/\/proteccionshoppingonline.com.br\/loja\/wp-content\/uploads\/2022\/05\/placas-diversas-150x150.jpg 150w, https:\/\/proteccionshoppingonline.com.br\/loja\/wp-content\/uploads\/2022\/05\/placas-diversas-90x90.jpg 90w, https:\/\/proteccionshoppingonline.com.br\/loja\/wp-content\/uploads\/2022\/05\/placas-diversas-100x100.jpg 100w\" sizes=\"(max-width: 600px) 100vw, 600px\" \/><h2 class=\"woocommerce-loop-product__title\">Placa Adesivos diversas frases 30x10cm<\/h2>\n<\/a><a href=\"https:\/\/proteccionshoppingonline.com.br\/loja\/loja\/placas-adesivos-diversas-frases-30-x-10-cm\/placa-adesivos-diversas-frases-30x10cm\/\" aria-describedby=\"woocommerce_loop_add_to_cart_link_describedby_12316\" data-quantity=\"1\" class=\"button product_type_variable\" data-product_id=\"12316\" data-product_sku=\"PSMPDT\" aria-label=\"Selecione as op\u00e7\u00f5es para &ldquo;Placa Adesivos diversas frases 30x10cm&rdquo;\" rel=\"nofollow\">Leia mais<\/a>\t<span id=\"woocommerce_loop_add_to_cart_link_describedby_12316\" class=\"screen-reader-text\">\n\t\t\t<\/span>\n<\/li>\n<\/ul>\n<\/div>\t\t\t\t<\/div>\n\t\t\t\t<\/div>\n\t\t\t\t<div class=\"elementor-element elementor-element-3dac28f elementor-grid-1 elementor-grid-tablet-3 elementor-grid-mobile-2 elementor-products-grid elementor-wc-products elementor-widget elementor-widget-woocommerce-products\" data-id=\"3dac28f\" data-element_type=\"widget\" data-e-type=\"widget\" data-widget_type=\"woocommerce-products.default\">\n\t\t\t\t<div class=\"elementor-widget-container\">\n\t\t\t\t\t<div class=\"woocommerce columns-1 \"><ul class=\"products elementor-grid columns-1\">\n<li class=\"product type-product post-12562 status-publish first onbackorder product_cat-placas-adesivos-diversas-frases-30-x-10-cm product_tag-placa-adesivo-wifi-zona-de-wifi product_tag-placa-adesivo-wifi-wireless product_tag-placa-atencao-110-220-380-volts product_tag-placa-perigo-lave-as-maos product_tag-placa-saida-para-deficientes-fisicos has-post-thumbnail shipping-taxable product-type-simple\">\n\t<a href=\"https:\/\/proteccionshoppingonline.com.br\/loja\/loja\/placas-adesivos-diversas-frases-30-x-10-cm\/placa-adesivo-wifi-wireless\/\" class=\"woocommerce-LoopProduct-link woocommerce-loop-product__link\"><img decoding=\"async\" width=\"600\" height=\"600\" src=\"https:\/\/proteccionshoppingonline.com.br\/loja\/wp-content\/uploads\/2020\/06\/E69-600x600-1-600x600.jpg\" class=\"attachment-woocommerce_thumbnail size-woocommerce_thumbnail\" alt=\"Placa Adesivo wifi &quot;zona\" srcset=\"https:\/\/proteccionshoppingonline.com.br\/loja\/wp-content\/uploads\/2020\/06\/E69-600x600-1.jpg 600w, https:\/\/proteccionshoppingonline.com.br\/loja\/wp-content\/uploads\/2020\/06\/E69-600x600-1-300x300.jpg 300w, https:\/\/proteccionshoppingonline.com.br\/loja\/wp-content\/uploads\/2020\/06\/E69-600x600-1-150x150.jpg 150w, https:\/\/proteccionshoppingonline.com.br\/loja\/wp-content\/uploads\/2020\/06\/E69-600x600-1-90x90.jpg 90w, https:\/\/proteccionshoppingonline.com.br\/loja\/wp-content\/uploads\/2020\/06\/E69-600x600-1-100x100.jpg 100w\" sizes=\"(max-width: 600px) 100vw, 600px\" \/><h2 class=\"woocommerce-loop-product__title\">Placa Adesivo Wifi Wireless<\/h2>\n<\/a><a href=\"https:\/\/proteccionshoppingonline.com.br\/loja\/loja\/placas-adesivos-diversas-frases-30-x-10-cm\/placa-adesivo-wifi-wireless\/\" aria-describedby=\"woocommerce_loop_add_to_cart_link_describedby_12562\" data-quantity=\"1\" class=\"button product_type_simple\" data-product_id=\"12562\" data-product_sku=\"SPM12\" aria-label=\"Leia mais sobre &ldquo;Placa Adesivo Wifi Wireless&rdquo;\" rel=\"nofollow\" data-success_message=\"\">Leia mais<\/a>\t<span id=\"woocommerce_loop_add_to_cart_link_describedby_12562\" class=\"screen-reader-text\">\n\t\t\t<\/span>\n<\/li>\n<\/ul>\n<\/div>\t\t\t\t<\/div>\n\t\t\t\t<\/div>\n\t\t\t\t<div class=\"elementor-element elementor-element-39ac5df elementor-grid-1 elementor-grid-tablet-3 elementor-grid-mobile-2 elementor-products-grid elementor-wc-products elementor-widget elementor-widget-woocommerce-products\" data-id=\"39ac5df\" data-element_type=\"widget\" data-e-type=\"widget\" data-widget_type=\"woocommerce-products.default\">\n\t\t\t\t<div class=\"elementor-widget-container\">\n\t\t\t\t\t<div class=\"woocommerce columns-1 \"><ul class=\"products elementor-grid columns-1\">\n<li class=\"product type-product post-12559 status-publish first onbackorder product_cat-placas-adesivos-diversas-frases-30-x-10-cm product_tag-placa-adesivo-wifi-zona-de-wifi product_tag-placa-atencao-110-220-380-volts product_tag-placa-perigo-110-220-380-volts product_tag-placa-perigo-lave-as-maos product_tag-placa-saida-para-deficientes-fisicos has-post-thumbnail shipping-taxable product-type-simple\">\n\t<a href=\"https:\/\/proteccionshoppingonline.com.br\/loja\/loja\/placas-adesivos-diversas-frases-30-x-10-cm\/placa-adesivo-wifi-para-senha\/\" class=\"woocommerce-LoopProduct-link woocommerce-loop-product__link\"><img decoding=\"async\" width=\"600\" height=\"600\" src=\"https:\/\/proteccionshoppingonline.com.br\/loja\/wp-content\/uploads\/2020\/06\/SPM31-145x145-1-600x600.jpg\" class=\"attachment-woocommerce_thumbnail size-woocommerce_thumbnail\" alt=\"Placa Adesivo wifi para senha\" srcset=\"https:\/\/proteccionshoppingonline.com.br\/loja\/wp-content\/uploads\/2020\/06\/SPM31-145x145-1.jpg 600w, https:\/\/proteccionshoppingonline.com.br\/loja\/wp-content\/uploads\/2020\/06\/SPM31-145x145-1-300x300.jpg 300w, https:\/\/proteccionshoppingonline.com.br\/loja\/wp-content\/uploads\/2020\/06\/SPM31-145x145-1-150x150.jpg 150w, https:\/\/proteccionshoppingonline.com.br\/loja\/wp-content\/uploads\/2020\/06\/SPM31-145x145-1-90x90.jpg 90w, https:\/\/proteccionshoppingonline.com.br\/loja\/wp-content\/uploads\/2020\/06\/SPM31-145x145-1-100x100.jpg 100w\" sizes=\"(max-width: 600px) 100vw, 600px\" \/><h2 class=\"woocommerce-loop-product__title\">Placa Adesivo wifi para senha<\/h2>\n<\/a><a href=\"https:\/\/proteccionshoppingonline.com.br\/loja\/loja\/placas-adesivos-diversas-frases-30-x-10-cm\/placa-adesivo-wifi-para-senha\/\" aria-describedby=\"woocommerce_loop_add_to_cart_link_describedby_12559\" data-quantity=\"1\" class=\"button product_type_simple\" data-product_id=\"12559\" data-product_sku=\"SPM31\" aria-label=\"Leia mais sobre &ldquo;Placa Adesivo wifi para senha&rdquo;\" rel=\"nofollow\" data-success_message=\"\">Leia mais<\/a>\t<span id=\"woocommerce_loop_add_to_cart_link_describedby_12559\" class=\"screen-reader-text\">\n\t\t\t<\/span>\n<\/li>\n<\/ul>\n<\/div>\t\t\t\t<\/div>\n\t\t\t\t<\/div>\n\t\t\t\t<div class=\"elementor-element elementor-element-3364bea elementor-grid-1 elementor-grid-tablet-3 elementor-grid-mobile-2 elementor-products-grid elementor-wc-products elementor-widget elementor-widget-woocommerce-products\" data-id=\"3364bea\" data-element_type=\"widget\" data-e-type=\"widget\" data-widget_type=\"woocommerce-products.default\">\n\t\t\t\t<div class=\"elementor-widget-container\">\n\t\t\t\t\t<div class=\"woocommerce columns-1 \"><ul class=\"products elementor-grid columns-1\">\n<li class=\"product type-product post-12021 status-publish first onbackorder product_cat-placas-adesivos-diversas-frases-30-x-10-cm product_tag-placa-identifique-se-pelo-interfone product_tag-placa-reciclagem-de-lixo-organico product_tag-placa-reciclagem-de-metal product_tag-placa-reciclagem-de-papel product_tag-placa-reciclagem-de-plastico-local product_tag-placa-reciclagem-pilha-e-bateria has-post-thumbnail shipping-taxable product-type-simple\">\n\t<a href=\"https:\/\/proteccionshoppingonline.com.br\/loja\/loja\/placas-adesivos-diversas-frases-30-x-10-cm\/placa-identifique-se-pelo-interfone\/\" class=\"woocommerce-LoopProduct-link woocommerce-loop-product__link\"><img loading=\"lazy\" decoding=\"async\" width=\"600\" height=\"600\" src=\"https:\/\/proteccionshoppingonline.com.br\/loja\/wp-content\/uploads\/2020\/06\/placa-interfone-600x600.jpg\" class=\"attachment-woocommerce_thumbnail size-woocommerce_thumbnail\" alt=\"Placa Identifique-se pelo interfone\" srcset=\"https:\/\/proteccionshoppingonline.com.br\/loja\/wp-content\/uploads\/2020\/06\/placa-interfone.jpg 600w, https:\/\/proteccionshoppingonline.com.br\/loja\/wp-content\/uploads\/2020\/06\/placa-interfone-300x300.jpg 300w, https:\/\/proteccionshoppingonline.com.br\/loja\/wp-content\/uploads\/2020\/06\/placa-interfone-150x150.jpg 150w, https:\/\/proteccionshoppingonline.com.br\/loja\/wp-content\/uploads\/2020\/06\/placa-interfone-90x90.jpg 90w, https:\/\/proteccionshoppingonline.com.br\/loja\/wp-content\/uploads\/2020\/06\/placa-interfone-100x100.jpg 100w\" sizes=\"(max-width: 600px) 100vw, 600px\" \/><h2 class=\"woocommerce-loop-product__title\">Placa Identifique-se pelo interfone<\/h2>\n<\/a><a href=\"https:\/\/proteccionshoppingonline.com.br\/loja\/loja\/placas-adesivos-diversas-frases-30-x-10-cm\/placa-identifique-se-pelo-interfone\/\" aria-describedby=\"woocommerce_loop_add_to_cart_link_describedby_12021\" data-quantity=\"1\" class=\"button product_type_simple\" data-product_id=\"12021\" data-product_sku=\"SPK32\" aria-label=\"Leia mais sobre &ldquo;Placa Identifique-se pelo interfone&rdquo;\" rel=\"nofollow\" data-success_message=\"\">Leia mais<\/a>\t<span id=\"woocommerce_loop_add_to_cart_link_describedby_12021\" class=\"screen-reader-text\">\n\t\t\t<\/span>\n<\/li>\n<\/ul>\n<\/div>\t\t\t\t<\/div>\n\t\t\t\t<\/div>\n\t\t\t\t<div class=\"elementor-element elementor-element-d4c4e4c elementor-grid-1 elementor-grid-tablet-3 elementor-grid-mobile-2 elementor-products-grid elementor-wc-products elementor-widget elementor-widget-woocommerce-products\" data-id=\"d4c4e4c\" data-element_type=\"widget\" data-e-type=\"widget\" data-widget_type=\"woocommerce-products.default\">\n\t\t\t\t<div class=\"elementor-widget-container\">\n\t\t\t\t\t<div class=\"woocommerce columns-1 \"><ul class=\"products elementor-grid columns-1\">\n<li class=\"product type-product post-12313 status-publish first onbackorder product_cat-placas-adesivos-diversas-frases-30-x-10-cm product_tag-placa-adesivo-sanitarios-masc-fem product_tag-placa-adesivo-wifi-zona-de-wifi product_tag-placa-atencao-110-220-380-volts product_tag-placa-perigo-lave-as-maos product_tag-placa-saida-para-deficientes-fisicos has-post-thumbnail shipping-taxable product-type-simple\">\n\t<a href=\"https:\/\/proteccionshoppingonline.com.br\/loja\/loja\/placas-adesivos-diversas-frases-30-x-10-cm\/placa-adesivo-sanitarios-masc-fem\/\" class=\"woocommerce-LoopProduct-link woocommerce-loop-product__link\"><img loading=\"lazy\" decoding=\"async\" width=\"600\" height=\"600\" src=\"https:\/\/proteccionshoppingonline.com.br\/loja\/wp-content\/uploads\/2020\/06\/1-placa-sinal-feminino-600x600.png\" class=\"attachment-woocommerce_thumbnail size-woocommerce_thumbnail\" alt=\"Placa Adesivo Sanit\u00e1rios Masc\/Fem\" srcset=\"https:\/\/proteccionshoppingonline.com.br\/loja\/wp-content\/uploads\/2020\/06\/1-placa-sinal-feminino.png 600w, https:\/\/proteccionshoppingonline.com.br\/loja\/wp-content\/uploads\/2020\/06\/1-placa-sinal-feminino-300x300.png 300w, https:\/\/proteccionshoppingonline.com.br\/loja\/wp-content\/uploads\/2020\/06\/1-placa-sinal-feminino-150x150.png 150w, https:\/\/proteccionshoppingonline.com.br\/loja\/wp-content\/uploads\/2020\/06\/1-placa-sinal-feminino-90x90.png 90w, https:\/\/proteccionshoppingonline.com.br\/loja\/wp-content\/uploads\/2020\/06\/1-placa-sinal-feminino-100x100.png 100w\" sizes=\"(max-width: 600px) 100vw, 600px\" \/><h2 class=\"woocommerce-loop-product__title\">Placa Adesivo Sanit\u00e1rios Masc\/Fem<\/h2>\n<\/a><a href=\"https:\/\/proteccionshoppingonline.com.br\/loja\/loja\/placas-adesivos-diversas-frases-30-x-10-cm\/placa-adesivo-sanitarios-masc-fem\/\" aria-describedby=\"woocommerce_loop_add_to_cart_link_describedby_12313\" data-quantity=\"1\" class=\"button product_type_simple\" data-product_id=\"12313\" data-product_sku=\"SPM36\" aria-label=\"Leia mais sobre &ldquo;Placa Adesivo Sanit\u00e1rios Masc\/Fem&rdquo;\" rel=\"nofollow\" data-success_message=\"\">Leia mais<\/a>\t<span id=\"woocommerce_loop_add_to_cart_link_describedby_12313\" class=\"screen-reader-text\">\n\t\t\t<\/span>\n<\/li>\n<\/ul>\n<\/div>\t\t\t\t<\/div>\n\t\t\t\t<\/div>\n\t\t\t\t<div class=\"elementor-element elementor-element-bb86509 elementor-grid-1 elementor-grid-tablet-3 elementor-grid-mobile-2 elementor-products-grid elementor-wc-products elementor-widget elementor-widget-woocommerce-products\" data-id=\"bb86509\" data-element_type=\"widget\" data-e-type=\"widget\" data-widget_type=\"woocommerce-products.default\">\n\t\t\t\t<div class=\"elementor-widget-container\">\n\t\t\t\t\t<div class=\"woocommerce columns-1 \"><ul class=\"products elementor-grid columns-1\">\n<li class=\"product type-product post-11306 status-publish first onbackorder product_cat-placas-adesivos-diversas-frases-30-x-10-cm product_tag-placa-andares product_tag-placa-saida-emergencia-cadeirante-a-direita product_tag-placa-saida-emergencia-cadeirante-a-esquerda product_tag-placa-toalete-banheiro-feminino-masculino has-post-thumbnail shipping-taxable product-type-variable\">\n\t<a href=\"https:\/\/proteccionshoppingonline.com.br\/loja\/loja\/placas-adesivos-diversas-frases-30-x-10-cm\/placa-toalete-banheiro-feminino-masculino\/\" class=\"woocommerce-LoopProduct-link woocommerce-loop-product__link\"><img loading=\"lazy\" decoding=\"async\" width=\"600\" height=\"600\" src=\"https:\/\/proteccionshoppingonline.com.br\/loja\/wp-content\/uploads\/2020\/06\/toilette-fem-1-600x600.jpg\" class=\"attachment-woocommerce_thumbnail size-woocommerce_thumbnail\" alt=\"Placa toalete banheiro feminino masculino\" srcset=\"https:\/\/proteccionshoppingonline.com.br\/loja\/wp-content\/uploads\/2020\/06\/toilette-fem-1.jpg 600w, https:\/\/proteccionshoppingonline.com.br\/loja\/wp-content\/uploads\/2020\/06\/toilette-fem-1-300x300.jpg 300w, https:\/\/proteccionshoppingonline.com.br\/loja\/wp-content\/uploads\/2020\/06\/toilette-fem-1-150x150.jpg 150w, https:\/\/proteccionshoppingonline.com.br\/loja\/wp-content\/uploads\/2020\/06\/toilette-fem-1-90x90.jpg 90w, https:\/\/proteccionshoppingonline.com.br\/loja\/wp-content\/uploads\/2020\/06\/toilette-fem-1-100x100.jpg 100w\" sizes=\"(max-width: 600px) 100vw, 600px\" \/><h2 class=\"woocommerce-loop-product__title\">Placa toalete banheiro feminino masculino<\/h2>\n<\/a><a href=\"https:\/\/proteccionshoppingonline.com.br\/loja\/loja\/placas-adesivos-diversas-frases-30-x-10-cm\/placa-toalete-banheiro-feminino-masculino\/\" aria-describedby=\"woocommerce_loop_add_to_cart_link_describedby_11306\" data-quantity=\"1\" class=\"button product_type_variable\" data-product_id=\"11306\" data-product_sku=\"FEM-MAS\" aria-label=\"Selecione as op\u00e7\u00f5es para &ldquo;Placa toalete banheiro feminino masculino&rdquo;\" rel=\"nofollow\">Leia mais<\/a>\t<span id=\"woocommerce_loop_add_to_cart_link_describedby_11306\" class=\"screen-reader-text\">\n\t\t\t<\/span>\n<\/li>\n<\/ul>\n<\/div>\t\t\t\t<\/div>\n\t\t\t\t<\/div>\n\t\t\t\t<\/div>\n\t\t<div class=\"elementor-element elementor-element-a81a286 e-flex e-con-boxed e-con e-parent\" data-id=\"a81a286\" data-element_type=\"container\" data-e-type=\"container\">\n\t\t\t\t\t<div class=\"e-con-inner\">\n\t\t\t\t<div class=\"elementor-element elementor-element-8925488 elementor-widget elementor-widget-heading\" data-id=\"8925488\" data-element_type=\"widget\" data-e-type=\"widget\" data-widget_type=\"heading.default\">\n\t\t\t\t\t<h3 class=\"elementor-heading-title elementor-size-default\"><br>Solicite sua proposta pelo nosso WhatsApp ou pelo        e-mail: bruna.carpejani@proteccion.com.br<br><br><\/h3>\t\t\t\t<\/div>\n\t\t\t\t\t<\/div>\n\t\t\t\t<\/div>\n\t\t\t\t<\/div>\n\t\t","protected":false},"excerpt":{"rendered":"<p>Solicite sua proposta pelo nosso WhatsApp ou pelo e-mail: bruna.carpejani@proteccion.com.br<\/p>\n","protected":false},"author":1,"featured_media":0,"parent":0,"menu_order":0,"comment_status":"closed","ping_status":"closed","template":"","meta":{"_seopress_robots_primary_cat":"","_seopress_titles_title":"","_seopress_titles_desc":"","_seopress_robots_index":"","footnotes":""},"class_list":["post-18075","page","type-page","status-publish","hentry"],"yoast_head":"<!-- This site is optimized with the Yoast SEO plugin v27.2 - https:\/\/yoast.com\/product\/yoast-seo-wordpress\/ -->\n<title>Placas Personalizadas - Protecci\u00f3n<\/title>\n<meta name=\"robots\" content=\"index, follow, max-snippet:-1, max-image-preview:large, max-video-preview:-1\" \/>\n<link rel=\"canonical\" href=\"https:\/\/proteccionshoppingonline.com.br\/loja\/placas-personalizadas\/\" \/>\n<meta property=\"og:locale\" content=\"pt_BR\" \/>\n<meta property=\"og:type\" content=\"article\" \/>\n<meta property=\"og:title\" content=\"Placas Personalizadas - Protecci\u00f3n\" \/>\n<meta property=\"og:description\" content=\"Solicite sua proposta pelo nosso WhatsApp ou pelo e-mail: bruna.carpejani@proteccion.com.br\" \/>\n<meta property=\"og:url\" content=\"https:\/\/proteccionshoppingonline.com.br\/loja\/placas-personalizadas\/\" \/>\n<meta property=\"og:site_name\" content=\"Protecci\u00f3n\" \/>\n<meta property=\"article:modified_time\" content=\"2025-02-14T18:49:42+00:00\" \/>\n<meta name=\"twitter:card\" content=\"summary_large_image\" \/>\n<meta name=\"twitter:label1\" content=\"Est. tempo de leitura\" \/>\n\t<meta name=\"twitter:data1\" content=\"2 minutos\" \/>\n<script type=\"application\/ld+json\" class=\"yoast-schema-graph\">{\"@context\":\"https:\/\/schema.org\",\"@graph\":[{\"@type\":\"WebPage\",\"@id\":\"https:\/\/proteccionshoppingonline.com.br\/loja\/placas-personalizadas\/\",\"url\":\"https:\/\/proteccionshoppingonline.com.br\/loja\/placas-personalizadas\/\",\"name\":\"Placas Personalizadas - Protecci\u00f3n\",\"isPartOf\":{\"@id\":\"https:\/\/proteccionshoppingonline.com.br\/loja\/#website\"},\"datePublished\":\"2025-02-14T17:10:59+00:00\",\"dateModified\":\"2025-02-14T18:49:42+00:00\",\"breadcrumb\":{\"@id\":\"https:\/\/proteccionshoppingonline.com.br\/loja\/placas-personalizadas\/#breadcrumb\"},\"inLanguage\":\"pt-BR\",\"potentialAction\":[{\"@type\":\"ReadAction\",\"target\":[\"https:\/\/proteccionshoppingonline.com.br\/loja\/placas-personalizadas\/\"]}]},{\"@type\":\"BreadcrumbList\",\"@id\":\"https:\/\/proteccionshoppingonline.com.br\/loja\/placas-personalizadas\/#breadcrumb\",\"itemListElement\":[{\"@type\":\"ListItem\",\"position\":1,\"name\":\"Home\",\"item\":\"https:\/\/proteccionshoppingonline.com.br\/loja\/\"},{\"@type\":\"ListItem\",\"position\":2,\"name\":\"Placas Personalizadas\"}]},{\"@type\":\"WebSite\",\"@id\":\"https:\/\/proteccionshoppingonline.com.br\/loja\/#website\",\"url\":\"https:\/\/proteccionshoppingonline.com.br\/loja\/\",\"name\":\"Protecci\u00f3n Shopping On Line | Seguran\u00e7a contra Inc\u00eandios\",\"description\":\"Seguran\u00e7a contra Inc\u00eandios\",\"publisher\":{\"@id\":\"https:\/\/proteccionshoppingonline.com.br\/loja\/#organization\"},\"potentialAction\":[{\"@type\":\"SearchAction\",\"target\":{\"@type\":\"EntryPoint\",\"urlTemplate\":\"https:\/\/proteccionshoppingonline.com.br\/loja\/?s={search_term_string}\"},\"query-input\":{\"@type\":\"PropertyValueSpecification\",\"valueRequired\":true,\"valueName\":\"search_term_string\"}}],\"inLanguage\":\"pt-BR\"},{\"@type\":\"Organization\",\"@id\":\"https:\/\/proteccionshoppingonline.com.br\/loja\/#organization\",\"name\":\"Protecci\u00f3n Shopping On Line\",\"url\":\"https:\/\/proteccionshoppingonline.com.br\/loja\/\",\"logo\":{\"@type\":\"ImageObject\",\"inLanguage\":\"pt-BR\",\"@id\":\"https:\/\/proteccionshoppingonline.com.br\/loja\/#\/schema\/logo\/image\/\",\"url\":\"https:\/\/proteccionshoppingonline.com.br\/loja\/wp-content\/uploads\/2024\/01\/Proteccion-Shopping-On-Line-Logo-Nova.png\",\"contentUrl\":\"https:\/\/proteccionshoppingonline.com.br\/loja\/wp-content\/uploads\/2024\/01\/Proteccion-Shopping-On-Line-Logo-Nova.png\",\"width\":2000,\"height\":600,\"caption\":\"Protecci\u00f3n Shopping On Line\"},\"image\":{\"@id\":\"https:\/\/proteccionshoppingonline.com.br\/loja\/#\/schema\/logo\/image\/\"}}]}<\/script>\n<!-- \/ Yoast SEO plugin. -->","yoast_head_json":{"title":"Placas Personalizadas - Protecci\u00f3n","robots":{"index":"index","follow":"follow","max-snippet":"max-snippet:-1","max-image-preview":"max-image-preview:large","max-video-preview":"max-video-preview:-1"},"canonical":"https:\/\/proteccionshoppingonline.com.br\/loja\/placas-personalizadas\/","og_locale":"pt_BR","og_type":"article","og_title":"Placas Personalizadas - Protecci\u00f3n","og_description":"Solicite sua proposta pelo nosso WhatsApp ou pelo e-mail: bruna.carpejani@proteccion.com.br","og_url":"https:\/\/proteccionshoppingonline.com.br\/loja\/placas-personalizadas\/","og_site_name":"Protecci\u00f3n","article_modified_time":"2025-02-14T18:49:42+00:00","twitter_card":"summary_large_image","twitter_misc":{"Est. tempo de leitura":"2 minutos"},"schema":{"@context":"https:\/\/schema.org","@graph":[{"@type":"WebPage","@id":"https:\/\/proteccionshoppingonline.com.br\/loja\/placas-personalizadas\/","url":"https:\/\/proteccionshoppingonline.com.br\/loja\/placas-personalizadas\/","name":"Placas Personalizadas - Protecci\u00f3n","isPartOf":{"@id":"https:\/\/proteccionshoppingonline.com.br\/loja\/#website"},"datePublished":"2025-02-14T17:10:59+00:00","dateModified":"2025-02-14T18:49:42+00:00","breadcrumb":{"@id":"https:\/\/proteccionshoppingonline.com.br\/loja\/placas-personalizadas\/#breadcrumb"},"inLanguage":"pt-BR","potentialAction":[{"@type":"ReadAction","target":["https:\/\/proteccionshoppingonline.com.br\/loja\/placas-personalizadas\/"]}]},{"@type":"BreadcrumbList","@id":"https:\/\/proteccionshoppingonline.com.br\/loja\/placas-personalizadas\/#breadcrumb","itemListElement":[{"@type":"ListItem","position":1,"name":"Home","item":"https:\/\/proteccionshoppingonline.com.br\/loja\/"},{"@type":"ListItem","position":2,"name":"Placas Personalizadas"}]},{"@type":"WebSite","@id":"https:\/\/proteccionshoppingonline.com.br\/loja\/#website","url":"https:\/\/proteccionshoppingonline.com.br\/loja\/","name":"Protecci\u00f3n Shopping On Line | Seguran\u00e7a contra Inc\u00eandios","description":"Seguran\u00e7a contra Inc\u00eandios","publisher":{"@id":"https:\/\/proteccionshoppingonline.com.br\/loja\/#organization"},"potentialAction":[{"@type":"SearchAction","target":{"@type":"EntryPoint","urlTemplate":"https:\/\/proteccionshoppingonline.com.br\/loja\/?s={search_term_string}"},"query-input":{"@type":"PropertyValueSpecification","valueRequired":true,"valueName":"search_term_string"}}],"inLanguage":"pt-BR"},{"@type":"Organization","@id":"https:\/\/proteccionshoppingonline.com.br\/loja\/#organization","name":"Protecci\u00f3n Shopping On Line","url":"https:\/\/proteccionshoppingonline.com.br\/loja\/","logo":{"@type":"ImageObject","inLanguage":"pt-BR","@id":"https:\/\/proteccionshoppingonline.com.br\/loja\/#\/schema\/logo\/image\/","url":"https:\/\/proteccionshoppingonline.com.br\/loja\/wp-content\/uploads\/2024\/01\/Proteccion-Shopping-On-Line-Logo-Nova.png","contentUrl":"https:\/\/proteccionshoppingonline.com.br\/loja\/wp-content\/uploads\/2024\/01\/Proteccion-Shopping-On-Line-Logo-Nova.png","width":2000,"height":600,"caption":"Protecci\u00f3n Shopping On Line"},"image":{"@id":"https:\/\/proteccionshoppingonline.com.br\/loja\/#\/schema\/logo\/image\/"}}]}},"_links":{"self":[{"href":"https:\/\/proteccionshoppingonline.com.br\/loja\/wp-json\/wp\/v2\/pages\/18075","targetHints":{"allow":["GET"]}}],"collection":[{"href":"https:\/\/proteccionshoppingonline.com.br\/loja\/wp-json\/wp\/v2\/pages"}],"about":[{"href":"https:\/\/proteccionshoppingonline.com.br\/loja\/wp-json\/wp\/v2\/types\/page"}],"author":[{"embeddable":true,"href":"https:\/\/proteccionshoppingonline.com.br\/loja\/wp-json\/wp\/v2\/users\/1"}],"replies":[{"embeddable":true,"href":"https:\/\/proteccionshoppingonline.com.br\/loja\/wp-json\/wp\/v2\/comments?post=18075"}],"version-history":[{"count":12,"href":"https:\/\/proteccionshoppingonline.com.br\/loja\/wp-json\/wp\/v2\/pages\/18075\/revisions"}],"predecessor-version":[{"id":18104,"href":"https:\/\/proteccionshoppingonline.com.br\/loja\/wp-json\/wp\/v2\/pages\/18075\/revisions\/18104"}],"wp:attachment":[{"href":"https:\/\/proteccionshoppingonline.com.br\/loja\/wp-json\/wp\/v2\/media?parent=18075"}],"curies":[{"name":"wp","href":"https:\/\/api.w.org\/{rel}","templated":true}]}}