{"id":17372,"date":"2025-01-09T15:42:35","date_gmt":"2025-01-09T18:42:35","guid":{"rendered":"https:\/\/proteccionshoppingonline.com.br\/loja\/?page_id=17372"},"modified":"2026-02-02T11:34:44","modified_gmt":"2026-02-02T14:34:44","slug":"mangotinhos-valvula-globo","status":"publish","type":"page","link":"https:\/\/proteccionshoppingonline.com.br\/loja\/mangotinhos-valvula-globo\/","title":{"rendered":"Mangotinhos e Valvula Globo"},"content":{"rendered":"\t\t<div data-elementor-type=\"wp-page\" data-elementor-id=\"17372\" class=\"elementor elementor-17372\" data-elementor-post-type=\"page\">\n\t\t\t\t<div class=\"elementor-element elementor-element-4ed8faa e-grid e-con-full e-con e-parent\" data-id=\"4ed8faa\" data-element_type=\"container\" data-e-type=\"container\">\n\t\t\t\t<div class=\"elementor-element elementor-element-a2cefc0 elementor-grid-1 elementor-grid-tablet-3 elementor-grid-mobile-2 elementor-products-grid elementor-wc-products elementor-widget elementor-widget-woocommerce-products\" data-id=\"a2cefc0\" data-element_type=\"widget\" data-e-type=\"widget\" data-widget_type=\"woocommerce-products.default\">\n\t\t\t\t<div class=\"elementor-widget-container\">\n\t\t\t\t\t<div class=\"woocommerce columns-1 \"><ul class=\"products elementor-grid columns-1\">\n<li class=\"product type-product post-17038 status-publish first onbackorder product_cat-hidrantes product_tag-abrigo-de-extintor-em-inox-80x30x20 product_tag-abrigo-de-hidrante-90x60x17-embutir product_tag-acrilico-para-hidrante-21x21 product_tag-mangueira-hidrante-tipo-2-1-1-2-15mt-industrial product_tag-mangueira-hidrante-tipo-2-2-1-2-15mt-industrial product_tag-suporte-extintor-incendio-tripe has-post-thumbnail shipping-taxable product-type-simple\">\n\t<a href=\"https:\/\/proteccionshoppingonline.com.br\/loja\/loja\/hidrantes\/carretel-para-mangotinho\/\" class=\"woocommerce-LoopProduct-link woocommerce-loop-product__link\"><img fetchpriority=\"high\" decoding=\"async\" width=\"500\" height=\"500\" src=\"https:\/\/proteccionshoppingonline.com.br\/loja\/wp-content\/uploads\/2024\/12\/CARRETEL-PARA-MANGOTINHO.png\" class=\"attachment-woocommerce_thumbnail size-woocommerce_thumbnail\" alt=\"CARRETEL PARA MANGOTINHO\" srcset=\"https:\/\/proteccionshoppingonline.com.br\/loja\/wp-content\/uploads\/2024\/12\/CARRETEL-PARA-MANGOTINHO.png 500w, https:\/\/proteccionshoppingonline.com.br\/loja\/wp-content\/uploads\/2024\/12\/CARRETEL-PARA-MANGOTINHO-300x300.png 300w, https:\/\/proteccionshoppingonline.com.br\/loja\/wp-content\/uploads\/2024\/12\/CARRETEL-PARA-MANGOTINHO-150x150.png 150w, https:\/\/proteccionshoppingonline.com.br\/loja\/wp-content\/uploads\/2024\/12\/CARRETEL-PARA-MANGOTINHO-60x60.png 60w, https:\/\/proteccionshoppingonline.com.br\/loja\/wp-content\/uploads\/2024\/12\/CARRETEL-PARA-MANGOTINHO-90x90.png 90w, https:\/\/proteccionshoppingonline.com.br\/loja\/wp-content\/uploads\/2024\/12\/CARRETEL-PARA-MANGOTINHO-100x100.png 100w\" sizes=\"(max-width: 500px) 100vw, 500px\" \/><h2 class=\"woocommerce-loop-product__title\">Carretel para Mangotinho Sem Mangueira<\/h2>\n<\/a><a href=\"https:\/\/proteccionshoppingonline.com.br\/loja\/loja\/hidrantes\/carretel-para-mangotinho\/\" aria-describedby=\"woocommerce_loop_add_to_cart_link_describedby_17038\" data-quantity=\"1\" class=\"button product_type_simple\" data-product_id=\"17038\" data-product_sku=\"\" aria-label=\"Leia mais sobre &ldquo;Carretel para Mangotinho Sem Mangueira&rdquo;\" rel=\"nofollow\" data-success_message=\"\">Leia mais<\/a>\t<span id=\"woocommerce_loop_add_to_cart_link_describedby_17038\" class=\"screen-reader-text\">\n\t\t\t<\/span>\n<\/li>\n<\/ul>\n<\/div>\t\t\t\t<\/div>\n\t\t\t\t<\/div>\n\t\t\t\t<div class=\"elementor-element elementor-element-9994771 elementor-grid-1 elementor-grid-tablet-3 elementor-grid-mobile-2 elementor-products-grid elementor-wc-products elementor-widget elementor-widget-woocommerce-products\" data-id=\"9994771\" data-element_type=\"widget\" data-e-type=\"widget\" data-widget_type=\"woocommerce-products.default\">\n\t\t\t\t<div class=\"elementor-widget-container\">\n\t\t\t\t\t<div class=\"woocommerce columns-1 \"><ul class=\"products elementor-grid columns-1\">\n<li class=\"product type-product post-17053 status-publish first onbackorder product_cat-hidrantes product_tag-abrigo-de-extintor-em-inox-80x30x20 product_tag-abrigo-de-hidrante-90x60x17-embutir product_tag-acrilico-para-hidrante-21x21 product_tag-mangueira-hidrante-tipo-2-1-1-2-15mt-industrial product_tag-mangueira-hidrante-tipo-2-2-1-2-15mt-industrial product_tag-suporte-extintor-incendio-tripe has-post-thumbnail shipping-taxable product-type-simple\">\n\t<a href=\"https:\/\/proteccionshoppingonline.com.br\/loja\/loja\/hidrantes\/carretel-mangueira-mangotinho\/\" class=\"woocommerce-LoopProduct-link woocommerce-loop-product__link\"><img decoding=\"async\" width=\"500\" height=\"500\" src=\"https:\/\/proteccionshoppingonline.com.br\/loja\/wp-content\/uploads\/2024\/12\/CARRETEL-COM-MANGUEIRA-MANGOTINHO-1.png\" class=\"attachment-woocommerce_thumbnail size-woocommerce_thumbnail\" alt=\"CARRETEL COM MANGUEIRA MANGOTINHO\" srcset=\"https:\/\/proteccionshoppingonline.com.br\/loja\/wp-content\/uploads\/2024\/12\/CARRETEL-COM-MANGUEIRA-MANGOTINHO-1.png 500w, https:\/\/proteccionshoppingonline.com.br\/loja\/wp-content\/uploads\/2024\/12\/CARRETEL-COM-MANGUEIRA-MANGOTINHO-1-300x300.png 300w, https:\/\/proteccionshoppingonline.com.br\/loja\/wp-content\/uploads\/2024\/12\/CARRETEL-COM-MANGUEIRA-MANGOTINHO-1-150x150.png 150w, https:\/\/proteccionshoppingonline.com.br\/loja\/wp-content\/uploads\/2024\/12\/CARRETEL-COM-MANGUEIRA-MANGOTINHO-1-60x60.png 60w, https:\/\/proteccionshoppingonline.com.br\/loja\/wp-content\/uploads\/2024\/12\/CARRETEL-COM-MANGUEIRA-MANGOTINHO-1-90x90.png 90w, https:\/\/proteccionshoppingonline.com.br\/loja\/wp-content\/uploads\/2024\/12\/CARRETEL-COM-MANGUEIRA-MANGOTINHO-1-100x100.png 100w\" sizes=\"(max-width: 500px) 100vw, 500px\" \/><h2 class=\"woocommerce-loop-product__title\">Carretel com Mangueira Mangotinho 1&#8243; x 30cm<\/h2>\n<\/a><a href=\"https:\/\/proteccionshoppingonline.com.br\/loja\/loja\/hidrantes\/carretel-mangueira-mangotinho\/\" aria-describedby=\"woocommerce_loop_add_to_cart_link_describedby_17053\" data-quantity=\"1\" class=\"button product_type_simple\" data-product_id=\"17053\" data-product_sku=\"\" aria-label=\"Leia mais sobre &ldquo;Carretel com Mangueira Mangotinho 1&quot; x 30cm&rdquo;\" rel=\"nofollow\" data-success_message=\"\">Leia mais<\/a>\t<span id=\"woocommerce_loop_add_to_cart_link_describedby_17053\" class=\"screen-reader-text\">\n\t\t\t<\/span>\n<\/li>\n<\/ul>\n<\/div>\t\t\t\t<\/div>\n\t\t\t\t<\/div>\n\t\t\t\t<div class=\"elementor-element elementor-element-f866799 elementor-grid-1 elementor-grid-tablet-3 elementor-grid-mobile-2 elementor-products-grid elementor-wc-products elementor-widget elementor-widget-woocommerce-products\" data-id=\"f866799\" data-element_type=\"widget\" data-e-type=\"widget\" data-widget_type=\"woocommerce-products.default\">\n\t\t\t\t<div class=\"elementor-widget-container\">\n\t\t\t\t\t<div class=\"woocommerce columns-1 \"><ul class=\"products elementor-grid columns-1\">\n<li class=\"product type-product post-17042 status-publish first onbackorder product_cat-hidrantes product_tag-abrigo-de-extintor-em-inox-80x30x20 product_tag-abrigo-de-hidrante-90x60x17-embutir product_tag-acrilico-para-hidrante-21x21 product_tag-mangueira-hidrante-tipo-2-1-1-2-15mt-industrial product_tag-mangueira-hidrante-tipo-2-2-1-2-15mt-industrial product_tag-suporte-extintor-incendio-tripe has-post-thumbnail shipping-taxable product-type-simple\">\n\t<a href=\"https:\/\/proteccionshoppingonline.com.br\/loja\/loja\/hidrantes\/mangueira-mangotinho-semirrigida\/\" class=\"woocommerce-LoopProduct-link woocommerce-loop-product__link\"><img decoding=\"async\" width=\"500\" height=\"500\" src=\"https:\/\/proteccionshoppingonline.com.br\/loja\/wp-content\/uploads\/2024\/12\/MANGUEIRA-MANGOTE-01X15.png\" class=\"attachment-woocommerce_thumbnail size-woocommerce_thumbnail\" alt=\"MANGUEIRA MANGOTE 01X15\" srcset=\"https:\/\/proteccionshoppingonline.com.br\/loja\/wp-content\/uploads\/2024\/12\/MANGUEIRA-MANGOTE-01X15.png 500w, https:\/\/proteccionshoppingonline.com.br\/loja\/wp-content\/uploads\/2024\/12\/MANGUEIRA-MANGOTE-01X15-300x300.png 300w, https:\/\/proteccionshoppingonline.com.br\/loja\/wp-content\/uploads\/2024\/12\/MANGUEIRA-MANGOTE-01X15-150x150.png 150w, https:\/\/proteccionshoppingonline.com.br\/loja\/wp-content\/uploads\/2024\/12\/MANGUEIRA-MANGOTE-01X15-60x60.png 60w, https:\/\/proteccionshoppingonline.com.br\/loja\/wp-content\/uploads\/2024\/12\/MANGUEIRA-MANGOTE-01X15-90x90.png 90w, https:\/\/proteccionshoppingonline.com.br\/loja\/wp-content\/uploads\/2024\/12\/MANGUEIRA-MANGOTE-01X15-100x100.png 100w\" sizes=\"(max-width: 500px) 100vw, 500px\" \/><h2 class=\"woocommerce-loop-product__title\">Mangueira Mangotinho 1&#8243; x 15cm<\/h2>\n<\/a><a href=\"https:\/\/proteccionshoppingonline.com.br\/loja\/loja\/hidrantes\/mangueira-mangotinho-semirrigida\/\" aria-describedby=\"woocommerce_loop_add_to_cart_link_describedby_17042\" data-quantity=\"1\" class=\"button product_type_simple\" data-product_id=\"17042\" data-product_sku=\"\" aria-label=\"Leia mais sobre &ldquo;Mangueira Mangotinho 1&quot; x 15cm&rdquo;\" rel=\"nofollow\" data-success_message=\"\">Leia mais<\/a>\t<span id=\"woocommerce_loop_add_to_cart_link_describedby_17042\" class=\"screen-reader-text\">\n\t\t\t<\/span>\n<\/li>\n<\/ul>\n<\/div>\t\t\t\t<\/div>\n\t\t\t\t<\/div>\n\t\t\t\t<div class=\"elementor-element elementor-element-6fe4825 elementor-grid-1 elementor-grid-tablet-3 elementor-grid-mobile-2 elementor-products-grid elementor-wc-products elementor-widget elementor-widget-woocommerce-products\" data-id=\"6fe4825\" data-element_type=\"widget\" data-e-type=\"widget\" data-widget_type=\"woocommerce-products.default\">\n\t\t\t\t<div class=\"elementor-widget-container\">\n\t\t\t\t\t<div class=\"woocommerce columns-1 \"><ul class=\"products elementor-grid columns-1\">\n<li class=\"product type-product post-17050 status-publish first onbackorder product_cat-hidrantes product_tag-abrigo-de-extintor-em-inox-80x30x20 product_tag-abrigo-de-hidrante-90x60x17-embutir product_tag-acrilico-para-hidrante-21x21 product_tag-mangueira-hidrante-tipo-2-1-1-2-15mt-industrial product_tag-mangueira-hidrante-tipo-2-2-1-2-15mt-industrial product_tag-suporte-extintor-incendio-tripe has-post-thumbnail shipping-taxable product-type-simple\">\n\t<a href=\"https:\/\/proteccionshoppingonline.com.br\/loja\/loja\/hidrantes\/mangueira-mangotinho-1-x-30cm\/\" class=\"woocommerce-LoopProduct-link woocommerce-loop-product__link\"><img decoding=\"async\" width=\"500\" height=\"500\" src=\"https:\/\/proteccionshoppingonline.com.br\/loja\/wp-content\/uploads\/2024\/12\/MANGUEIRA-MANGOTE-01X15.png\" class=\"attachment-woocommerce_thumbnail size-woocommerce_thumbnail\" alt=\"MANGUEIRA MANGOTE 01X15\" srcset=\"https:\/\/proteccionshoppingonline.com.br\/loja\/wp-content\/uploads\/2024\/12\/MANGUEIRA-MANGOTE-01X15.png 500w, https:\/\/proteccionshoppingonline.com.br\/loja\/wp-content\/uploads\/2024\/12\/MANGUEIRA-MANGOTE-01X15-300x300.png 300w, https:\/\/proteccionshoppingonline.com.br\/loja\/wp-content\/uploads\/2024\/12\/MANGUEIRA-MANGOTE-01X15-150x150.png 150w, https:\/\/proteccionshoppingonline.com.br\/loja\/wp-content\/uploads\/2024\/12\/MANGUEIRA-MANGOTE-01X15-60x60.png 60w, https:\/\/proteccionshoppingonline.com.br\/loja\/wp-content\/uploads\/2024\/12\/MANGUEIRA-MANGOTE-01X15-90x90.png 90w, https:\/\/proteccionshoppingonline.com.br\/loja\/wp-content\/uploads\/2024\/12\/MANGUEIRA-MANGOTE-01X15-100x100.png 100w\" sizes=\"(max-width: 500px) 100vw, 500px\" \/><h2 class=\"woocommerce-loop-product__title\">Mangueira Mangotinho 1&#8243; x 30cm<\/h2>\n<\/a><a href=\"https:\/\/proteccionshoppingonline.com.br\/loja\/loja\/hidrantes\/mangueira-mangotinho-1-x-30cm\/\" aria-describedby=\"woocommerce_loop_add_to_cart_link_describedby_17050\" data-quantity=\"1\" class=\"button product_type_simple\" data-product_id=\"17050\" data-product_sku=\"\" aria-label=\"Leia mais sobre &ldquo;Mangueira Mangotinho 1&quot; x 30cm&rdquo;\" rel=\"nofollow\" data-success_message=\"\">Leia mais<\/a>\t<span id=\"woocommerce_loop_add_to_cart_link_describedby_17050\" class=\"screen-reader-text\">\n\t\t\t<\/span>\n<\/li>\n<\/ul>\n<\/div>\t\t\t\t<\/div>\n\t\t\t\t<\/div>\n\t\t\t\t<div class=\"elementor-element elementor-element-c587509 elementor-grid-1 elementor-grid-tablet-3 elementor-grid-mobile-2 elementor-products-grid elementor-wc-products elementor-widget elementor-widget-woocommerce-products\" data-id=\"c587509\" data-element_type=\"widget\" data-e-type=\"widget\" data-widget_type=\"woocommerce-products.default\">\n\t\t\t\t<div class=\"elementor-widget-container\">\n\t\t\t\t\t<div class=\"woocommerce columns-1 \"><ul class=\"products elementor-grid columns-1\">\n<li class=\"product type-product post-12747 status-publish first onbackorder product_cat-hidraulica product_tag-abrigo-de-hidrante-90x60x17-embutir product_tag-esguicho-jato-regulavel-1-1-2 product_tag-mangueira-hidrante-tipo-2-1-1-2-30mt product_tag-suporte-extintor-incendio-tripe product_tag-valvula-globo-angular-de-2-1-2-x-45o has-post-thumbnail shipping-taxable product-type-simple\">\n\t<a href=\"https:\/\/proteccionshoppingonline.com.br\/loja\/loja\/hidraulica\/valvula-globo-angular-de-2-1-2-x-45o\/\" class=\"woocommerce-LoopProduct-link woocommerce-loop-product__link\"><img loading=\"lazy\" decoding=\"async\" width=\"500\" height=\"500\" src=\"https:\/\/proteccionshoppingonline.com.br\/loja\/wp-content\/uploads\/2020\/08\/REGISTRO-GLOBO-LATAO.png\" class=\"attachment-woocommerce_thumbnail size-woocommerce_thumbnail\" alt=\"REGISTRO GLOBO (LAT\u00c3O)\" srcset=\"https:\/\/proteccionshoppingonline.com.br\/loja\/wp-content\/uploads\/2020\/08\/REGISTRO-GLOBO-LATAO.png 500w, https:\/\/proteccionshoppingonline.com.br\/loja\/wp-content\/uploads\/2020\/08\/REGISTRO-GLOBO-LATAO-300x300.png 300w, https:\/\/proteccionshoppingonline.com.br\/loja\/wp-content\/uploads\/2020\/08\/REGISTRO-GLOBO-LATAO-150x150.png 150w, https:\/\/proteccionshoppingonline.com.br\/loja\/wp-content\/uploads\/2020\/08\/REGISTRO-GLOBO-LATAO-60x60.png 60w, https:\/\/proteccionshoppingonline.com.br\/loja\/wp-content\/uploads\/2020\/08\/REGISTRO-GLOBO-LATAO-90x90.png 90w, https:\/\/proteccionshoppingonline.com.br\/loja\/wp-content\/uploads\/2020\/08\/REGISTRO-GLOBO-LATAO-100x100.png 100w\" sizes=\"(max-width: 500px) 100vw, 500px\" \/><h2 class=\"woocommerce-loop-product__title\">V\u00e1lvula Globo Angular de 2.1\/2&#8243; x 45\u00ba<\/h2>\n<\/a><a href=\"https:\/\/proteccionshoppingonline.com.br\/loja\/loja\/hidraulica\/valvula-globo-angular-de-2-1-2-x-45o\/\" aria-describedby=\"woocommerce_loop_add_to_cart_link_describedby_12747\" data-quantity=\"1\" class=\"button product_type_simple\" data-product_id=\"12747\" data-product_sku=\"PH-1-4-4\" aria-label=\"Leia mais sobre &ldquo;V\u00e1lvula Globo Angular de 2.1\/2&quot; x 45\u00ba&rdquo;\" rel=\"nofollow\" data-success_message=\"\">Leia mais<\/a>\t<span id=\"woocommerce_loop_add_to_cart_link_describedby_12747\" class=\"screen-reader-text\">\n\t\t\t<\/span>\n<\/li>\n<\/ul>\n<\/div>\t\t\t\t<\/div>\n\t\t\t\t<\/div>\n\t\t\t\t<div class=\"elementor-element elementor-element-ecaea74 elementor-grid-1 elementor-grid-tablet-3 elementor-grid-mobile-2 elementor-products-grid elementor-wc-products elementor-widget elementor-widget-woocommerce-products\" data-id=\"ecaea74\" data-element_type=\"widget\" data-e-type=\"widget\" data-widget_type=\"woocommerce-products.default\">\n\t\t\t\t<div class=\"elementor-widget-container\">\n\t\t\t\t\t<div class=\"woocommerce columns-1 \"><ul class=\"products elementor-grid columns-1\">\n<li class=\"product type-product post-17432 status-publish first onbackorder product_cat-hidraulica product_tag-abrigo-de-hidrante-90x60x17-embutir product_tag-esguicho-jato-regulavel-1-1-2 product_tag-mangueira-hidrante-tipo-2-1-1-2-30mt product_tag-suporte-extintor-incendio-tripe product_tag-valvula-globo-angular-de-2-1-2-x-45o has-post-thumbnail shipping-taxable product-type-simple\">\n\t<a href=\"https:\/\/proteccionshoppingonline.com.br\/loja\/loja\/hidraulica\/valvula-globo-angular-de-2-1-2-x-45\/\" class=\"woocommerce-LoopProduct-link woocommerce-loop-product__link\"><img loading=\"lazy\" decoding=\"async\" width=\"500\" height=\"500\" src=\"https:\/\/proteccionshoppingonline.com.br\/loja\/wp-content\/uploads\/2025\/01\/VALVULA-GLOBO-ANGULAR.png\" class=\"attachment-woocommerce_thumbnail size-woocommerce_thumbnail\" alt=\"V\u00c1LVULA GLOBO ANGULAR\" srcset=\"https:\/\/proteccionshoppingonline.com.br\/loja\/wp-content\/uploads\/2025\/01\/VALVULA-GLOBO-ANGULAR.png 500w, https:\/\/proteccionshoppingonline.com.br\/loja\/wp-content\/uploads\/2025\/01\/VALVULA-GLOBO-ANGULAR-300x300.png 300w, https:\/\/proteccionshoppingonline.com.br\/loja\/wp-content\/uploads\/2025\/01\/VALVULA-GLOBO-ANGULAR-150x150.png 150w, https:\/\/proteccionshoppingonline.com.br\/loja\/wp-content\/uploads\/2025\/01\/VALVULA-GLOBO-ANGULAR-60x60.png 60w, https:\/\/proteccionshoppingonline.com.br\/loja\/wp-content\/uploads\/2025\/01\/VALVULA-GLOBO-ANGULAR-90x90.png 90w, https:\/\/proteccionshoppingonline.com.br\/loja\/wp-content\/uploads\/2025\/01\/VALVULA-GLOBO-ANGULAR-100x100.png 100w\" sizes=\"(max-width: 500px) 100vw, 500px\" \/><h2 class=\"woocommerce-loop-product__title\">V\u00e1lvula Globo Angular 2.1\/2 X 45\u00ba<\/h2>\n<\/a><a href=\"https:\/\/proteccionshoppingonline.com.br\/loja\/loja\/hidraulica\/valvula-globo-angular-de-2-1-2-x-45\/\" aria-describedby=\"woocommerce_loop_add_to_cart_link_describedby_17432\" data-quantity=\"1\" class=\"button product_type_simple\" data-product_id=\"17432\" data-product_sku=\"PH-1-4-4-1\" aria-label=\"Leia mais sobre &ldquo;V\u00e1lvula Globo Angular 2.1\/2 X 45\u00ba&rdquo;\" rel=\"nofollow\" data-success_message=\"\">Leia mais<\/a>\t<span id=\"woocommerce_loop_add_to_cart_link_describedby_17432\" class=\"screen-reader-text\">\n\t\t\t<\/span>\n<\/li>\n<\/ul>\n<\/div>\t\t\t\t<\/div>\n\t\t\t\t<\/div>\n\t\t\t\t<\/div>\n\t\t<div class=\"elementor-element elementor-element-a81a286 e-flex e-con-boxed e-con e-parent\" data-id=\"a81a286\" data-element_type=\"container\" data-e-type=\"container\">\n\t\t\t\t\t<div class=\"e-con-inner\">\n\t\t\t\t<div class=\"elementor-element elementor-element-8925488 elementor-widget elementor-widget-heading\" data-id=\"8925488\" data-element_type=\"widget\" data-e-type=\"widget\" data-widget_type=\"heading.default\">\n\t\t\t\t\t<h3 class=\"elementor-heading-title elementor-size-default\"><br>Solicite sua proposta pelo nosso WhatsApp ou pelo        e-mail: vendas@proteccion.com.br<br><br><\/h3>\t\t\t\t<\/div>\n\t\t\t\t\t<\/div>\n\t\t\t\t<\/div>\n\t\t\t\t<\/div>\n\t\t","protected":false},"excerpt":{"rendered":"<p>Solicite sua proposta pelo nosso WhatsApp ou pelo e-mail: vendas@proteccion.com.br<\/p>\n","protected":false},"author":1,"featured_media":0,"parent":0,"menu_order":0,"comment_status":"closed","ping_status":"closed","template":"","meta":{"_seopress_robots_primary_cat":"","_seopress_titles_title":"","_seopress_titles_desc":"","_seopress_robots_index":"","footnotes":""},"class_list":["post-17372","page","type-page","status-publish","hentry"],"yoast_head":"<!-- This site is optimized with the Yoast SEO plugin v27.2 - https:\/\/yoast.com\/product\/yoast-seo-wordpress\/ -->\n<title>Mangotinhos e Valvula Globo - Protecci\u00f3n<\/title>\n<meta name=\"robots\" content=\"index, follow, max-snippet:-1, max-image-preview:large, max-video-preview:-1\" \/>\n<link rel=\"canonical\" href=\"https:\/\/proteccionshoppingonline.com.br\/loja\/mangotinhos-valvula-globo\/\" \/>\n<meta property=\"og:locale\" content=\"pt_BR\" \/>\n<meta property=\"og:type\" content=\"article\" \/>\n<meta property=\"og:title\" content=\"Mangotinhos e Valvula Globo - Protecci\u00f3n\" \/>\n<meta property=\"og:description\" content=\"Solicite sua proposta pelo nosso WhatsApp ou pelo e-mail: vendas@proteccion.com.br\" \/>\n<meta property=\"og:url\" content=\"https:\/\/proteccionshoppingonline.com.br\/loja\/mangotinhos-valvula-globo\/\" \/>\n<meta property=\"og:site_name\" content=\"Protecci\u00f3n\" \/>\n<meta property=\"article:modified_time\" content=\"2026-02-02T14:34:44+00:00\" \/>\n<meta name=\"twitter:card\" content=\"summary_large_image\" \/>\n<meta name=\"twitter:label1\" content=\"Est. tempo de leitura\" \/>\n\t<meta name=\"twitter:data1\" content=\"2 minutos\" \/>\n<script type=\"application\/ld+json\" class=\"yoast-schema-graph\">{\"@context\":\"https:\/\/schema.org\",\"@graph\":[{\"@type\":\"WebPage\",\"@id\":\"https:\/\/proteccionshoppingonline.com.br\/loja\/mangotinhos-valvula-globo\/\",\"url\":\"https:\/\/proteccionshoppingonline.com.br\/loja\/mangotinhos-valvula-globo\/\",\"name\":\"Mangotinhos e Valvula Globo - Protecci\u00f3n\",\"isPartOf\":{\"@id\":\"https:\/\/proteccionshoppingonline.com.br\/loja\/#website\"},\"datePublished\":\"2025-01-09T18:42:35+00:00\",\"dateModified\":\"2026-02-02T14:34:44+00:00\",\"breadcrumb\":{\"@id\":\"https:\/\/proteccionshoppingonline.com.br\/loja\/mangotinhos-valvula-globo\/#breadcrumb\"},\"inLanguage\":\"pt-BR\",\"potentialAction\":[{\"@type\":\"ReadAction\",\"target\":[\"https:\/\/proteccionshoppingonline.com.br\/loja\/mangotinhos-valvula-globo\/\"]}]},{\"@type\":\"BreadcrumbList\",\"@id\":\"https:\/\/proteccionshoppingonline.com.br\/loja\/mangotinhos-valvula-globo\/#breadcrumb\",\"itemListElement\":[{\"@type\":\"ListItem\",\"position\":1,\"name\":\"Home\",\"item\":\"https:\/\/proteccionshoppingonline.com.br\/loja\/\"},{\"@type\":\"ListItem\",\"position\":2,\"name\":\"Mangotinhos e Valvula Globo\"}]},{\"@type\":\"WebSite\",\"@id\":\"https:\/\/proteccionshoppingonline.com.br\/loja\/#website\",\"url\":\"https:\/\/proteccionshoppingonline.com.br\/loja\/\",\"name\":\"Protecci\u00f3n Shopping On Line | Seguran\u00e7a contra Inc\u00eandios\",\"description\":\"Seguran\u00e7a contra Inc\u00eandios\",\"publisher\":{\"@id\":\"https:\/\/proteccionshoppingonline.com.br\/loja\/#organization\"},\"potentialAction\":[{\"@type\":\"SearchAction\",\"target\":{\"@type\":\"EntryPoint\",\"urlTemplate\":\"https:\/\/proteccionshoppingonline.com.br\/loja\/?s={search_term_string}\"},\"query-input\":{\"@type\":\"PropertyValueSpecification\",\"valueRequired\":true,\"valueName\":\"search_term_string\"}}],\"inLanguage\":\"pt-BR\"},{\"@type\":\"Organization\",\"@id\":\"https:\/\/proteccionshoppingonline.com.br\/loja\/#organization\",\"name\":\"Protecci\u00f3n Shopping On Line\",\"url\":\"https:\/\/proteccionshoppingonline.com.br\/loja\/\",\"logo\":{\"@type\":\"ImageObject\",\"inLanguage\":\"pt-BR\",\"@id\":\"https:\/\/proteccionshoppingonline.com.br\/loja\/#\/schema\/logo\/image\/\",\"url\":\"https:\/\/proteccionshoppingonline.com.br\/loja\/wp-content\/uploads\/2024\/01\/Proteccion-Shopping-On-Line-Logo-Nova.png\",\"contentUrl\":\"https:\/\/proteccionshoppingonline.com.br\/loja\/wp-content\/uploads\/2024\/01\/Proteccion-Shopping-On-Line-Logo-Nova.png\",\"width\":2000,\"height\":600,\"caption\":\"Protecci\u00f3n Shopping On Line\"},\"image\":{\"@id\":\"https:\/\/proteccionshoppingonline.com.br\/loja\/#\/schema\/logo\/image\/\"}}]}<\/script>\n<!-- \/ Yoast SEO plugin. -->","yoast_head_json":{"title":"Mangotinhos e Valvula Globo - Protecci\u00f3n","robots":{"index":"index","follow":"follow","max-snippet":"max-snippet:-1","max-image-preview":"max-image-preview:large","max-video-preview":"max-video-preview:-1"},"canonical":"https:\/\/proteccionshoppingonline.com.br\/loja\/mangotinhos-valvula-globo\/","og_locale":"pt_BR","og_type":"article","og_title":"Mangotinhos e Valvula Globo - Protecci\u00f3n","og_description":"Solicite sua proposta pelo nosso WhatsApp ou pelo e-mail: vendas@proteccion.com.br","og_url":"https:\/\/proteccionshoppingonline.com.br\/loja\/mangotinhos-valvula-globo\/","og_site_name":"Protecci\u00f3n","article_modified_time":"2026-02-02T14:34:44+00:00","twitter_card":"summary_large_image","twitter_misc":{"Est. tempo de leitura":"2 minutos"},"schema":{"@context":"https:\/\/schema.org","@graph":[{"@type":"WebPage","@id":"https:\/\/proteccionshoppingonline.com.br\/loja\/mangotinhos-valvula-globo\/","url":"https:\/\/proteccionshoppingonline.com.br\/loja\/mangotinhos-valvula-globo\/","name":"Mangotinhos e Valvula Globo - Protecci\u00f3n","isPartOf":{"@id":"https:\/\/proteccionshoppingonline.com.br\/loja\/#website"},"datePublished":"2025-01-09T18:42:35+00:00","dateModified":"2026-02-02T14:34:44+00:00","breadcrumb":{"@id":"https:\/\/proteccionshoppingonline.com.br\/loja\/mangotinhos-valvula-globo\/#breadcrumb"},"inLanguage":"pt-BR","potentialAction":[{"@type":"ReadAction","target":["https:\/\/proteccionshoppingonline.com.br\/loja\/mangotinhos-valvula-globo\/"]}]},{"@type":"BreadcrumbList","@id":"https:\/\/proteccionshoppingonline.com.br\/loja\/mangotinhos-valvula-globo\/#breadcrumb","itemListElement":[{"@type":"ListItem","position":1,"name":"Home","item":"https:\/\/proteccionshoppingonline.com.br\/loja\/"},{"@type":"ListItem","position":2,"name":"Mangotinhos e Valvula Globo"}]},{"@type":"WebSite","@id":"https:\/\/proteccionshoppingonline.com.br\/loja\/#website","url":"https:\/\/proteccionshoppingonline.com.br\/loja\/","name":"Protecci\u00f3n Shopping On Line | Seguran\u00e7a contra Inc\u00eandios","description":"Seguran\u00e7a contra Inc\u00eandios","publisher":{"@id":"https:\/\/proteccionshoppingonline.com.br\/loja\/#organization"},"potentialAction":[{"@type":"SearchAction","target":{"@type":"EntryPoint","urlTemplate":"https:\/\/proteccionshoppingonline.com.br\/loja\/?s={search_term_string}"},"query-input":{"@type":"PropertyValueSpecification","valueRequired":true,"valueName":"search_term_string"}}],"inLanguage":"pt-BR"},{"@type":"Organization","@id":"https:\/\/proteccionshoppingonline.com.br\/loja\/#organization","name":"Protecci\u00f3n Shopping On Line","url":"https:\/\/proteccionshoppingonline.com.br\/loja\/","logo":{"@type":"ImageObject","inLanguage":"pt-BR","@id":"https:\/\/proteccionshoppingonline.com.br\/loja\/#\/schema\/logo\/image\/","url":"https:\/\/proteccionshoppingonline.com.br\/loja\/wp-content\/uploads\/2024\/01\/Proteccion-Shopping-On-Line-Logo-Nova.png","contentUrl":"https:\/\/proteccionshoppingonline.com.br\/loja\/wp-content\/uploads\/2024\/01\/Proteccion-Shopping-On-Line-Logo-Nova.png","width":2000,"height":600,"caption":"Protecci\u00f3n Shopping On Line"},"image":{"@id":"https:\/\/proteccionshoppingonline.com.br\/loja\/#\/schema\/logo\/image\/"}}]}},"_links":{"self":[{"href":"https:\/\/proteccionshoppingonline.com.br\/loja\/wp-json\/wp\/v2\/pages\/17372","targetHints":{"allow":["GET"]}}],"collection":[{"href":"https:\/\/proteccionshoppingonline.com.br\/loja\/wp-json\/wp\/v2\/pages"}],"about":[{"href":"https:\/\/proteccionshoppingonline.com.br\/loja\/wp-json\/wp\/v2\/types\/page"}],"author":[{"embeddable":true,"href":"https:\/\/proteccionshoppingonline.com.br\/loja\/wp-json\/wp\/v2\/users\/1"}],"replies":[{"embeddable":true,"href":"https:\/\/proteccionshoppingonline.com.br\/loja\/wp-json\/wp\/v2\/comments?post=17372"}],"version-history":[{"count":26,"href":"https:\/\/proteccionshoppingonline.com.br\/loja\/wp-json\/wp\/v2\/pages\/17372\/revisions"}],"predecessor-version":[{"id":18879,"href":"https:\/\/proteccionshoppingonline.com.br\/loja\/wp-json\/wp\/v2\/pages\/17372\/revisions\/18879"}],"wp:attachment":[{"href":"https:\/\/proteccionshoppingonline.com.br\/loja\/wp-json\/wp\/v2\/media?parent=17372"}],"curies":[{"name":"wp","href":"https:\/\/api.w.org\/{rel}","templated":true}]}}