{"id":17334,"date":"2025-01-09T14:30:27","date_gmt":"2025-01-09T17:30:27","guid":{"rendered":"https:\/\/proteccionshoppingonline.com.br\/loja\/?page_id=17334"},"modified":"2026-02-02T11:33:48","modified_gmt":"2026-02-02T14:33:48","slug":"esguicho-regulavel-2","status":"publish","type":"page","link":"https:\/\/proteccionshoppingonline.com.br\/loja\/esguicho-regulavel-2\/","title":{"rendered":"Esguicho Regul\u00e1vel"},"content":{"rendered":"\t\t<div data-elementor-type=\"wp-page\" data-elementor-id=\"17334\" class=\"elementor elementor-17334\" data-elementor-post-type=\"page\">\n\t\t\t\t<div class=\"elementor-element elementor-element-4ed8faa e-grid e-con-full e-con e-parent\" data-id=\"4ed8faa\" data-element_type=\"container\" data-e-type=\"container\">\n\t\t\t\t<div class=\"elementor-element elementor-element-ca8ad09 elementor-grid-1 elementor-grid-tablet-3 elementor-grid-mobile-2 elementor-products-grid elementor-wc-products elementor-widget elementor-widget-woocommerce-products\" data-id=\"ca8ad09\" data-element_type=\"widget\" data-e-type=\"widget\" data-widget_type=\"woocommerce-products.default\">\n\t\t\t\t<div class=\"elementor-widget-container\">\n\t\t\t\t\t<div class=\"woocommerce columns-1 \"><ul class=\"products elementor-grid columns-1\">\n<li class=\"product type-product post-12732 status-publish first instock product_cat-hidrantes product_tag-abrigo-de-hidrante-90x60x17-embutir product_tag-acrilico-para-hidrante-21x21 product_tag-esguicho-jato-regulavel-1-1-2 product_tag-mangueira-hidrante-tipo-2-1-1-2-30mt product_tag-suporte-extintor-incendio-tripe has-post-thumbnail sale shipping-taxable purchasable product-type-simple\">\n\t<a href=\"https:\/\/proteccionshoppingonline.com.br\/loja\/loja\/hidrantes\/esguicho-jato-regulavel-latao-1-1-2%e2%80%b3\/\" class=\"woocommerce-LoopProduct-link woocommerce-loop-product__link\">\n\t<span class=\"onsale\">Oferta!<\/span>\n\t<img fetchpriority=\"high\" decoding=\"async\" width=\"500\" height=\"500\" src=\"https:\/\/proteccionshoppingonline.com.br\/loja\/wp-content\/uploads\/2024\/11\/ESGUICHO-REGULAVEL-LATAO.png\" class=\"attachment-woocommerce_thumbnail size-woocommerce_thumbnail\" alt=\"ESGUICHO REGULAVEL (LAT\u00c3O)\" srcset=\"https:\/\/proteccionshoppingonline.com.br\/loja\/wp-content\/uploads\/2024\/11\/ESGUICHO-REGULAVEL-LATAO.png 500w, https:\/\/proteccionshoppingonline.com.br\/loja\/wp-content\/uploads\/2024\/11\/ESGUICHO-REGULAVEL-LATAO-300x300.png 300w, https:\/\/proteccionshoppingonline.com.br\/loja\/wp-content\/uploads\/2024\/11\/ESGUICHO-REGULAVEL-LATAO-150x150.png 150w, https:\/\/proteccionshoppingonline.com.br\/loja\/wp-content\/uploads\/2024\/11\/ESGUICHO-REGULAVEL-LATAO-60x60.png 60w, https:\/\/proteccionshoppingonline.com.br\/loja\/wp-content\/uploads\/2024\/11\/ESGUICHO-REGULAVEL-LATAO-90x90.png 90w, https:\/\/proteccionshoppingonline.com.br\/loja\/wp-content\/uploads\/2024\/11\/ESGUICHO-REGULAVEL-LATAO-100x100.png 100w\" sizes=\"(max-width: 500px) 100vw, 500px\" \/><h2 class=\"woocommerce-loop-product__title\">Esguicho Regul\u00e1vel 1.1\/2&#8243; Lat\u00e3o<\/h2>\n\t<span class=\"price\"><del aria-hidden=\"true\"><span class=\"woocommerce-Price-amount amount\"><bdi><span class=\"woocommerce-Price-currencySymbol\">&#82;&#36;<\/span>125,24<\/bdi><\/span><\/del> <span class=\"screen-reader-text\">O pre\u00e7o original era: &#082;&#036;125,24.<\/span><ins aria-hidden=\"true\"><span class=\"woocommerce-Price-amount amount\"><bdi><span class=\"woocommerce-Price-currencySymbol\">&#82;&#36;<\/span>106,50<\/bdi><\/span><\/ins><span class=\"screen-reader-text\">O pre\u00e7o atual \u00e9: &#082;&#036;106,50.<\/span><\/span>\n<\/a><a href=\"\/loja\/wp-json\/wp\/v2\/pages\/17334?add-to-cart=12732\" aria-describedby=\"woocommerce_loop_add_to_cart_link_describedby_12732\" data-quantity=\"1\" class=\"button product_type_simple add_to_cart_button ajax_add_to_cart\" data-product_id=\"12732\" data-product_sku=\"PH-1-4\" aria-label=\"Adicione ao carrinho: &ldquo;Esguicho Regul\u00e1vel 1.1\/2&quot; Lat\u00e3o&rdquo;\" rel=\"nofollow\" data-success_message=\"\u201cEsguicho Regul\u00e1vel 1.1\/2&quot; Lat\u00e3o\u201d foi adicionado ao seu carrinho\">Adicionar ao carrinho<\/a>\t<span id=\"woocommerce_loop_add_to_cart_link_describedby_12732\" class=\"screen-reader-text\">\n\t\t\t<\/span>\n<\/li>\n<\/ul>\n<\/div>\t\t\t\t<\/div>\n\t\t\t\t<\/div>\n\t\t\t\t<div class=\"elementor-element elementor-element-9994771 elementor-grid-1 elementor-grid-tablet-3 elementor-grid-mobile-2 elementor-products-grid elementor-wc-products elementor-widget elementor-widget-woocommerce-products\" data-id=\"9994771\" data-element_type=\"widget\" data-e-type=\"widget\" data-widget_type=\"woocommerce-products.default\">\n\t\t\t\t<div class=\"elementor-widget-container\">\n\t\t\t\t\t<div class=\"woocommerce columns-1 \"><ul class=\"products elementor-grid columns-1\">\n<li class=\"product type-product post-12735 status-publish first onbackorder product_cat-hidrantes product_tag-abrigo-de-hidrante-90x60x17-embutir product_tag-esguicho-jato-regulavel-1-1-2 product_tag-esguicho-jato-regulavel-1-1-2aluminio product_tag-mangueira-hidrante-tipo-2-1-1-2-30mt product_tag-suporte-extintor-incendio-tripe has-post-thumbnail shipping-taxable purchasable product-type-simple\">\n\t<a href=\"https:\/\/proteccionshoppingonline.com.br\/loja\/loja\/hidrantes\/esguicho-jato-regulavel-1-1-2%e2%80%b3aluminio\/\" class=\"woocommerce-LoopProduct-link woocommerce-loop-product__link\"><img decoding=\"async\" width=\"500\" height=\"500\" src=\"https:\/\/proteccionshoppingonline.com.br\/loja\/wp-content\/uploads\/2024\/11\/ESGUICHO-REGULAVEL-ALUMINIO.png\" class=\"attachment-woocommerce_thumbnail size-woocommerce_thumbnail\" alt=\"ESGUICHO REGUL\u00c1VEL ALUM\u00cdNIO\" srcset=\"https:\/\/proteccionshoppingonline.com.br\/loja\/wp-content\/uploads\/2024\/11\/ESGUICHO-REGULAVEL-ALUMINIO.png 500w, https:\/\/proteccionshoppingonline.com.br\/loja\/wp-content\/uploads\/2024\/11\/ESGUICHO-REGULAVEL-ALUMINIO-300x300.png 300w, https:\/\/proteccionshoppingonline.com.br\/loja\/wp-content\/uploads\/2024\/11\/ESGUICHO-REGULAVEL-ALUMINIO-150x150.png 150w, https:\/\/proteccionshoppingonline.com.br\/loja\/wp-content\/uploads\/2024\/11\/ESGUICHO-REGULAVEL-ALUMINIO-60x60.png 60w, https:\/\/proteccionshoppingonline.com.br\/loja\/wp-content\/uploads\/2024\/11\/ESGUICHO-REGULAVEL-ALUMINIO-90x90.png 90w, https:\/\/proteccionshoppingonline.com.br\/loja\/wp-content\/uploads\/2024\/11\/ESGUICHO-REGULAVEL-ALUMINIO-100x100.png 100w\" sizes=\"(max-width: 500px) 100vw, 500px\" \/><h2 class=\"woocommerce-loop-product__title\">Esguicho Regul\u00e1vel 1.1\/2\u2033alum\u00ednio<\/h2>\n\t<span class=\"price\"><span class=\"woocommerce-Price-amount amount\"><bdi><span class=\"woocommerce-Price-currencySymbol\">&#82;&#36;<\/span>69,35<\/bdi><\/span><\/span>\n<\/a><a href=\"\/loja\/wp-json\/wp\/v2\/pages\/17334?add-to-cart=12735\" aria-describedby=\"woocommerce_loop_add_to_cart_link_describedby_12735\" data-quantity=\"1\" class=\"button product_type_simple add_to_cart_button ajax_add_to_cart\" data-product_id=\"12735\" data-product_sku=\"PH-1-4-3\" aria-label=\"Adicione ao carrinho: &ldquo;Esguicho Regul\u00e1vel 1.1\/2\u2033alum\u00ednio&rdquo;\" rel=\"nofollow\" data-success_message=\"\u201cEsguicho Regul\u00e1vel 1.1\/2\u2033alum\u00ednio\u201d foi adicionado ao seu carrinho\">Adicionar ao carrinho<\/a>\t<span id=\"woocommerce_loop_add_to_cart_link_describedby_12735\" class=\"screen-reader-text\">\n\t\t\t<\/span>\n<\/li>\n<\/ul>\n<\/div>\t\t\t\t<\/div>\n\t\t\t\t<\/div>\n\t\t\t\t<div class=\"elementor-element elementor-element-e812709 elementor-grid-1 elementor-grid-tablet-3 elementor-grid-mobile-2 elementor-products-grid elementor-wc-products elementor-widget elementor-widget-woocommerce-products\" data-id=\"e812709\" data-element_type=\"widget\" data-e-type=\"widget\" data-widget_type=\"woocommerce-products.default\">\n\t\t\t\t<div class=\"elementor-widget-container\">\n\t\t\t\t\t<div class=\"woocommerce columns-1 \"><ul class=\"products elementor-grid columns-1\">\n<li class=\"product type-product post-16296 status-publish first onbackorder product_cat-hidrantes product_tag-abrigo-de-hidrante-90x60x17-embutir product_tag-acrilico-para-hidrante-21x21 product_tag-esguicho-jato-regulavel-1-1-2 product_tag-mangueira-hidrante-tipo-2-1-1-2-30mt product_tag-suporte-extintor-incendio-tripe has-post-thumbnail shipping-taxable purchasable product-type-simple\">\n\t<a href=\"https:\/\/proteccionshoppingonline.com.br\/loja\/loja\/hidrantes\/esguicho-jato-regulavel-latao-2-1-2\/\" class=\"woocommerce-LoopProduct-link woocommerce-loop-product__link\"><img fetchpriority=\"high\" decoding=\"async\" width=\"500\" height=\"500\" src=\"https:\/\/proteccionshoppingonline.com.br\/loja\/wp-content\/uploads\/2024\/11\/ESGUICHO-REGULAVEL-LATAO.png\" class=\"attachment-woocommerce_thumbnail size-woocommerce_thumbnail\" alt=\"ESGUICHO REGULAVEL (LAT\u00c3O)\" srcset=\"https:\/\/proteccionshoppingonline.com.br\/loja\/wp-content\/uploads\/2024\/11\/ESGUICHO-REGULAVEL-LATAO.png 500w, https:\/\/proteccionshoppingonline.com.br\/loja\/wp-content\/uploads\/2024\/11\/ESGUICHO-REGULAVEL-LATAO-300x300.png 300w, https:\/\/proteccionshoppingonline.com.br\/loja\/wp-content\/uploads\/2024\/11\/ESGUICHO-REGULAVEL-LATAO-150x150.png 150w, https:\/\/proteccionshoppingonline.com.br\/loja\/wp-content\/uploads\/2024\/11\/ESGUICHO-REGULAVEL-LATAO-60x60.png 60w, https:\/\/proteccionshoppingonline.com.br\/loja\/wp-content\/uploads\/2024\/11\/ESGUICHO-REGULAVEL-LATAO-90x90.png 90w, https:\/\/proteccionshoppingonline.com.br\/loja\/wp-content\/uploads\/2024\/11\/ESGUICHO-REGULAVEL-LATAO-100x100.png 100w\" sizes=\"(max-width: 500px) 100vw, 500px\" \/><h2 class=\"woocommerce-loop-product__title\">Esguicho Regul\u00e1vel 2.1\/2&#8243; Lat\u00e3o<\/h2>\n\t<span class=\"price\"><span class=\"woocommerce-Price-amount amount\"><bdi><span class=\"woocommerce-Price-currencySymbol\">&#82;&#36;<\/span>190,00<\/bdi><\/span><\/span>\n<\/a><a href=\"\/loja\/wp-json\/wp\/v2\/pages\/17334?add-to-cart=16296\" aria-describedby=\"woocommerce_loop_add_to_cart_link_describedby_16296\" data-quantity=\"1\" class=\"button product_type_simple add_to_cart_button ajax_add_to_cart\" data-product_id=\"16296\" data-product_sku=\"PH-1-4-1\" aria-label=\"Adicione ao carrinho: &ldquo;Esguicho Regul\u00e1vel 2.1\/2&quot; Lat\u00e3o&rdquo;\" rel=\"nofollow\" data-success_message=\"\u201cEsguicho Regul\u00e1vel 2.1\/2&quot; Lat\u00e3o\u201d foi adicionado ao seu carrinho\">Adicionar ao carrinho<\/a>\t<span id=\"woocommerce_loop_add_to_cart_link_describedby_16296\" class=\"screen-reader-text\">\n\t\t\t<\/span>\n<\/li>\n<\/ul>\n<\/div>\t\t\t\t<\/div>\n\t\t\t\t<\/div>\n\t\t\t\t<div class=\"elementor-element elementor-element-5fa7039 elementor-grid-1 elementor-grid-tablet-3 elementor-grid-mobile-2 elementor-products-grid elementor-wc-products elementor-widget elementor-widget-woocommerce-products\" data-id=\"5fa7039\" data-element_type=\"widget\" data-e-type=\"widget\" data-widget_type=\"woocommerce-products.default\">\n\t\t\t\t<div class=\"elementor-widget-container\">\n\t\t\t\t\t<div class=\"woocommerce columns-1 \"><ul class=\"products elementor-grid columns-1\">\n<li class=\"product type-product post-17001 status-publish first onbackorder product_cat-hidrantes product_tag-abrigo-de-hidrante-90x60x17-embutir product_tag-acrilico-para-hidrante-21x21 product_tag-esguicho-jato-regulavel-1-1-2 product_tag-mangueira-hidrante-tipo-2-1-1-2-30mt product_tag-suporte-extintor-incendio-tripe has-post-thumbnail shipping-taxable purchasable product-type-simple\">\n\t<a href=\"https:\/\/proteccionshoppingonline.com.br\/loja\/loja\/hidrantes\/esguicho-regulavel-mangotinho-latao\/\" class=\"woocommerce-LoopProduct-link woocommerce-loop-product__link\"><img decoding=\"async\" width=\"500\" height=\"500\" src=\"https:\/\/proteccionshoppingonline.com.br\/loja\/wp-content\/uploads\/2024\/12\/ESGUICHO-REGULAVEL-MANGOTINHO-1.12.png\" class=\"attachment-woocommerce_thumbnail size-woocommerce_thumbnail\" alt=\"ESGUICHO REGULAVEL MANGOTINHO 1.12\" srcset=\"https:\/\/proteccionshoppingonline.com.br\/loja\/wp-content\/uploads\/2024\/12\/ESGUICHO-REGULAVEL-MANGOTINHO-1.12.png 500w, https:\/\/proteccionshoppingonline.com.br\/loja\/wp-content\/uploads\/2024\/12\/ESGUICHO-REGULAVEL-MANGOTINHO-1.12-300x300.png 300w, https:\/\/proteccionshoppingonline.com.br\/loja\/wp-content\/uploads\/2024\/12\/ESGUICHO-REGULAVEL-MANGOTINHO-1.12-150x150.png 150w, https:\/\/proteccionshoppingonline.com.br\/loja\/wp-content\/uploads\/2024\/12\/ESGUICHO-REGULAVEL-MANGOTINHO-1.12-60x60.png 60w, https:\/\/proteccionshoppingonline.com.br\/loja\/wp-content\/uploads\/2024\/12\/ESGUICHO-REGULAVEL-MANGOTINHO-1.12-90x90.png 90w, https:\/\/proteccionshoppingonline.com.br\/loja\/wp-content\/uploads\/2024\/12\/ESGUICHO-REGULAVEL-MANGOTINHO-1.12-100x100.png 100w\" sizes=\"(max-width: 500px) 100vw, 500px\" \/><h2 class=\"woocommerce-loop-product__title\">Esguicho Regul\u00e1vel Mangotinho 1&#8243; Lat\u00e3o<\/h2>\n\t<span class=\"price\"><span class=\"woocommerce-Price-amount amount\"><bdi><span class=\"woocommerce-Price-currencySymbol\">&#82;&#36;<\/span>100,25<\/bdi><\/span><\/span>\n<\/a><a href=\"\/loja\/wp-json\/wp\/v2\/pages\/17334?add-to-cart=17001\" aria-describedby=\"woocommerce_loop_add_to_cart_link_describedby_17001\" data-quantity=\"1\" class=\"button product_type_simple add_to_cart_button ajax_add_to_cart\" data-product_id=\"17001\" data-product_sku=\"PH-1-4-2\" aria-label=\"Adicione ao carrinho: &ldquo;Esguicho Regul\u00e1vel Mangotinho 1&quot; Lat\u00e3o&rdquo;\" rel=\"nofollow\" data-success_message=\"\u201cEsguicho Regul\u00e1vel Mangotinho 1&quot; Lat\u00e3o\u201d foi adicionado ao seu carrinho\">Adicionar ao carrinho<\/a>\t<span id=\"woocommerce_loop_add_to_cart_link_describedby_17001\" class=\"screen-reader-text\">\n\t\t\t<\/span>\n<\/li>\n<\/ul>\n<\/div>\t\t\t\t<\/div>\n\t\t\t\t<\/div>\n\t\t\t\t<\/div>\n\t\t<div class=\"elementor-element elementor-element-a81a286 e-flex e-con-boxed e-con e-parent\" data-id=\"a81a286\" data-element_type=\"container\" data-e-type=\"container\">\n\t\t\t\t\t<div class=\"e-con-inner\">\n\t\t\t\t<div class=\"elementor-element elementor-element-8925488 elementor-widget elementor-widget-heading\" data-id=\"8925488\" data-element_type=\"widget\" data-e-type=\"widget\" data-widget_type=\"heading.default\">\n\t\t\t\t\t<h3 class=\"elementor-heading-title elementor-size-default\"><br>Solicite sua proposta pelo nosso WhatsApp ou pelo        e-mail: vendas@proteccion.com.br<br><br><\/h3>\t\t\t\t<\/div>\n\t\t\t\t\t<\/div>\n\t\t\t\t<\/div>\n\t\t\t\t<\/div>\n\t\t","protected":false},"excerpt":{"rendered":"<p>Solicite sua proposta pelo nosso WhatsApp ou pelo e-mail: vendas@proteccion.com.br<\/p>\n","protected":false},"author":1,"featured_media":0,"parent":0,"menu_order":0,"comment_status":"closed","ping_status":"closed","template":"","meta":{"_seopress_robots_primary_cat":"","_seopress_titles_title":"","_seopress_titles_desc":"","_seopress_robots_index":"","footnotes":""},"class_list":["post-17334","page","type-page","status-publish","hentry"],"yoast_head":"<!-- This site is optimized with the Yoast SEO plugin v27.2 - https:\/\/yoast.com\/product\/yoast-seo-wordpress\/ -->\n<title>Esguicho Regul\u00e1vel - Protecci\u00f3n<\/title>\n<meta name=\"robots\" content=\"index, follow, max-snippet:-1, max-image-preview:large, max-video-preview:-1\" \/>\n<link rel=\"canonical\" href=\"https:\/\/proteccionshoppingonline.com.br\/loja\/esguicho-regulavel-2\/\" \/>\n<meta property=\"og:locale\" content=\"pt_BR\" \/>\n<meta property=\"og:type\" content=\"article\" \/>\n<meta property=\"og:title\" content=\"Esguicho Regul\u00e1vel - Protecci\u00f3n\" \/>\n<meta property=\"og:description\" content=\"Solicite sua proposta pelo nosso WhatsApp ou pelo e-mail: vendas@proteccion.com.br\" \/>\n<meta property=\"og:url\" content=\"https:\/\/proteccionshoppingonline.com.br\/loja\/esguicho-regulavel-2\/\" \/>\n<meta property=\"og:site_name\" content=\"Protecci\u00f3n\" \/>\n<meta property=\"article:modified_time\" content=\"2026-02-02T14:33:48+00:00\" \/>\n<meta name=\"twitter:card\" content=\"summary_large_image\" \/>\n<meta name=\"twitter:label1\" content=\"Est. tempo de leitura\" \/>\n\t<meta name=\"twitter:data1\" content=\"2 minutos\" \/>\n<script type=\"application\/ld+json\" class=\"yoast-schema-graph\">{\"@context\":\"https:\/\/schema.org\",\"@graph\":[{\"@type\":\"WebPage\",\"@id\":\"https:\/\/proteccionshoppingonline.com.br\/loja\/esguicho-regulavel-2\/\",\"url\":\"https:\/\/proteccionshoppingonline.com.br\/loja\/esguicho-regulavel-2\/\",\"name\":\"Esguicho Regul\u00e1vel - Protecci\u00f3n\",\"isPartOf\":{\"@id\":\"https:\/\/proteccionshoppingonline.com.br\/loja\/#website\"},\"datePublished\":\"2025-01-09T17:30:27+00:00\",\"dateModified\":\"2026-02-02T14:33:48+00:00\",\"breadcrumb\":{\"@id\":\"https:\/\/proteccionshoppingonline.com.br\/loja\/esguicho-regulavel-2\/#breadcrumb\"},\"inLanguage\":\"pt-BR\",\"potentialAction\":[{\"@type\":\"ReadAction\",\"target\":[\"https:\/\/proteccionshoppingonline.com.br\/loja\/esguicho-regulavel-2\/\"]}]},{\"@type\":\"BreadcrumbList\",\"@id\":\"https:\/\/proteccionshoppingonline.com.br\/loja\/esguicho-regulavel-2\/#breadcrumb\",\"itemListElement\":[{\"@type\":\"ListItem\",\"position\":1,\"name\":\"Home\",\"item\":\"https:\/\/proteccionshoppingonline.com.br\/loja\/\"},{\"@type\":\"ListItem\",\"position\":2,\"name\":\"Esguicho Regul\u00e1vel\"}]},{\"@type\":\"WebSite\",\"@id\":\"https:\/\/proteccionshoppingonline.com.br\/loja\/#website\",\"url\":\"https:\/\/proteccionshoppingonline.com.br\/loja\/\",\"name\":\"Protecci\u00f3n Shopping On Line | Seguran\u00e7a contra Inc\u00eandios\",\"description\":\"Seguran\u00e7a contra Inc\u00eandios\",\"publisher\":{\"@id\":\"https:\/\/proteccionshoppingonline.com.br\/loja\/#organization\"},\"potentialAction\":[{\"@type\":\"SearchAction\",\"target\":{\"@type\":\"EntryPoint\",\"urlTemplate\":\"https:\/\/proteccionshoppingonline.com.br\/loja\/?s={search_term_string}\"},\"query-input\":{\"@type\":\"PropertyValueSpecification\",\"valueRequired\":true,\"valueName\":\"search_term_string\"}}],\"inLanguage\":\"pt-BR\"},{\"@type\":\"Organization\",\"@id\":\"https:\/\/proteccionshoppingonline.com.br\/loja\/#organization\",\"name\":\"Protecci\u00f3n Shopping On Line\",\"url\":\"https:\/\/proteccionshoppingonline.com.br\/loja\/\",\"logo\":{\"@type\":\"ImageObject\",\"inLanguage\":\"pt-BR\",\"@id\":\"https:\/\/proteccionshoppingonline.com.br\/loja\/#\/schema\/logo\/image\/\",\"url\":\"https:\/\/proteccionshoppingonline.com.br\/loja\/wp-content\/uploads\/2024\/01\/Proteccion-Shopping-On-Line-Logo-Nova.png\",\"contentUrl\":\"https:\/\/proteccionshoppingonline.com.br\/loja\/wp-content\/uploads\/2024\/01\/Proteccion-Shopping-On-Line-Logo-Nova.png\",\"width\":2000,\"height\":600,\"caption\":\"Protecci\u00f3n Shopping On Line\"},\"image\":{\"@id\":\"https:\/\/proteccionshoppingonline.com.br\/loja\/#\/schema\/logo\/image\/\"}}]}<\/script>\n<!-- \/ Yoast SEO plugin. -->","yoast_head_json":{"title":"Esguicho Regul\u00e1vel - Protecci\u00f3n","robots":{"index":"index","follow":"follow","max-snippet":"max-snippet:-1","max-image-preview":"max-image-preview:large","max-video-preview":"max-video-preview:-1"},"canonical":"https:\/\/proteccionshoppingonline.com.br\/loja\/esguicho-regulavel-2\/","og_locale":"pt_BR","og_type":"article","og_title":"Esguicho Regul\u00e1vel - Protecci\u00f3n","og_description":"Solicite sua proposta pelo nosso WhatsApp ou pelo e-mail: vendas@proteccion.com.br","og_url":"https:\/\/proteccionshoppingonline.com.br\/loja\/esguicho-regulavel-2\/","og_site_name":"Protecci\u00f3n","article_modified_time":"2026-02-02T14:33:48+00:00","twitter_card":"summary_large_image","twitter_misc":{"Est. tempo de leitura":"2 minutos"},"schema":{"@context":"https:\/\/schema.org","@graph":[{"@type":"WebPage","@id":"https:\/\/proteccionshoppingonline.com.br\/loja\/esguicho-regulavel-2\/","url":"https:\/\/proteccionshoppingonline.com.br\/loja\/esguicho-regulavel-2\/","name":"Esguicho Regul\u00e1vel - Protecci\u00f3n","isPartOf":{"@id":"https:\/\/proteccionshoppingonline.com.br\/loja\/#website"},"datePublished":"2025-01-09T17:30:27+00:00","dateModified":"2026-02-02T14:33:48+00:00","breadcrumb":{"@id":"https:\/\/proteccionshoppingonline.com.br\/loja\/esguicho-regulavel-2\/#breadcrumb"},"inLanguage":"pt-BR","potentialAction":[{"@type":"ReadAction","target":["https:\/\/proteccionshoppingonline.com.br\/loja\/esguicho-regulavel-2\/"]}]},{"@type":"BreadcrumbList","@id":"https:\/\/proteccionshoppingonline.com.br\/loja\/esguicho-regulavel-2\/#breadcrumb","itemListElement":[{"@type":"ListItem","position":1,"name":"Home","item":"https:\/\/proteccionshoppingonline.com.br\/loja\/"},{"@type":"ListItem","position":2,"name":"Esguicho Regul\u00e1vel"}]},{"@type":"WebSite","@id":"https:\/\/proteccionshoppingonline.com.br\/loja\/#website","url":"https:\/\/proteccionshoppingonline.com.br\/loja\/","name":"Protecci\u00f3n Shopping On Line | Seguran\u00e7a contra Inc\u00eandios","description":"Seguran\u00e7a contra Inc\u00eandios","publisher":{"@id":"https:\/\/proteccionshoppingonline.com.br\/loja\/#organization"},"potentialAction":[{"@type":"SearchAction","target":{"@type":"EntryPoint","urlTemplate":"https:\/\/proteccionshoppingonline.com.br\/loja\/?s={search_term_string}"},"query-input":{"@type":"PropertyValueSpecification","valueRequired":true,"valueName":"search_term_string"}}],"inLanguage":"pt-BR"},{"@type":"Organization","@id":"https:\/\/proteccionshoppingonline.com.br\/loja\/#organization","name":"Protecci\u00f3n Shopping On Line","url":"https:\/\/proteccionshoppingonline.com.br\/loja\/","logo":{"@type":"ImageObject","inLanguage":"pt-BR","@id":"https:\/\/proteccionshoppingonline.com.br\/loja\/#\/schema\/logo\/image\/","url":"https:\/\/proteccionshoppingonline.com.br\/loja\/wp-content\/uploads\/2024\/01\/Proteccion-Shopping-On-Line-Logo-Nova.png","contentUrl":"https:\/\/proteccionshoppingonline.com.br\/loja\/wp-content\/uploads\/2024\/01\/Proteccion-Shopping-On-Line-Logo-Nova.png","width":2000,"height":600,"caption":"Protecci\u00f3n Shopping On Line"},"image":{"@id":"https:\/\/proteccionshoppingonline.com.br\/loja\/#\/schema\/logo\/image\/"}}]}},"_links":{"self":[{"href":"https:\/\/proteccionshoppingonline.com.br\/loja\/wp-json\/wp\/v2\/pages\/17334","targetHints":{"allow":["GET"]}}],"collection":[{"href":"https:\/\/proteccionshoppingonline.com.br\/loja\/wp-json\/wp\/v2\/pages"}],"about":[{"href":"https:\/\/proteccionshoppingonline.com.br\/loja\/wp-json\/wp\/v2\/types\/page"}],"author":[{"embeddable":true,"href":"https:\/\/proteccionshoppingonline.com.br\/loja\/wp-json\/wp\/v2\/users\/1"}],"replies":[{"embeddable":true,"href":"https:\/\/proteccionshoppingonline.com.br\/loja\/wp-json\/wp\/v2\/comments?post=17334"}],"version-history":[{"count":13,"href":"https:\/\/proteccionshoppingonline.com.br\/loja\/wp-json\/wp\/v2\/pages\/17334\/revisions"}],"predecessor-version":[{"id":18876,"href":"https:\/\/proteccionshoppingonline.com.br\/loja\/wp-json\/wp\/v2\/pages\/17334\/revisions\/18876"}],"wp:attachment":[{"href":"https:\/\/proteccionshoppingonline.com.br\/loja\/wp-json\/wp\/v2\/media?parent=17334"}],"curies":[{"name":"wp","href":"https:\/\/api.w.org\/{rel}","templated":true}]}}