{"id":15460,"date":"2024-03-29T21:39:26","date_gmt":"2024-03-29T21:39:26","guid":{"rendered":"https:\/\/proteccionshoppingonline.com.br\/loja\/?page_id=15460"},"modified":"2025-02-14T14:18:47","modified_gmt":"2025-02-14T17:18:47","slug":"placas-de-sinalizacao-rotade-fuga-2","status":"publish","type":"page","link":"https:\/\/proteccionshoppingonline.com.br\/loja\/placas-de-sinalizacao-rotade-fuga-2\/","title":{"rendered":"Placas De Sinaliza\u00e7\u00e3o Rota de Fuga"},"content":{"rendered":"\t\t<div data-elementor-type=\"wp-page\" data-elementor-id=\"15460\" class=\"elementor elementor-15460\" data-elementor-post-type=\"page\">\n\t\t\t\t<div class=\"elementor-element elementor-element-4ed8faa e-flex e-con-boxed e-con e-parent\" data-id=\"4ed8faa\" data-element_type=\"container\" data-e-type=\"container\">\n\t\t\t\t\t<div class=\"e-con-inner\">\n\t\t<div class=\"elementor-element elementor-element-80d66ff e-con-full e-flex e-con e-child\" data-id=\"80d66ff\" data-element_type=\"container\" data-e-type=\"container\">\n\t\t<div class=\"elementor-element elementor-element-dcb62f6 e-grid e-con-full e-con e-child\" data-id=\"dcb62f6\" data-element_type=\"container\" data-e-type=\"container\">\n\t\t\t\t<div class=\"elementor-element elementor-element-8bbc243 elementor-grid-1 elementor-grid-tablet-3 elementor-grid-mobile-2 elementor-products-grid elementor-wc-products elementor-widget elementor-widget-woocommerce-products\" data-id=\"8bbc243\" data-element_type=\"widget\" data-e-type=\"widget\" data-widget_type=\"woocommerce-products.default\">\n\t\t\t\t<div class=\"elementor-widget-container\">\n\t\t\t\t\t<div class=\"woocommerce columns-1 \"><ul class=\"products elementor-grid columns-1\">\n<li class=\"product type-product post-3429 status-publish first instock product_cat-hidrantes product_cat-placas-combate-incendio product_tag-detector-fumaca-convencional-dfc420 product_tag-placa-sinal product_tag-spray-fumaca-teste has-post-thumbnail shipping-taxable product-type-simple\">\n\t<a href=\"https:\/\/proteccionshoppingonline.com.br\/loja\/loja\/hidrantes\/placa-de-sinalizacao-alarme-incendio\/\" class=\"woocommerce-LoopProduct-link woocommerce-loop-product__link\"><img fetchpriority=\"high\" decoding=\"async\" width=\"600\" height=\"600\" src=\"https:\/\/proteccionshoppingonline.com.br\/loja\/wp-content\/uploads\/2019\/12\/E2_-300x300-1-600x600.jpg\" class=\"attachment-woocommerce_thumbnail size-woocommerce_thumbnail\" alt=\"Placa E2 Alarme de Inc\u00eandio acionador\" srcset=\"https:\/\/proteccionshoppingonline.com.br\/loja\/wp-content\/uploads\/2019\/12\/E2_-300x300-1.jpg 600w, https:\/\/proteccionshoppingonline.com.br\/loja\/wp-content\/uploads\/2019\/12\/E2_-300x300-1-300x300.jpg 300w, https:\/\/proteccionshoppingonline.com.br\/loja\/wp-content\/uploads\/2019\/12\/E2_-300x300-1-150x150.jpg 150w, https:\/\/proteccionshoppingonline.com.br\/loja\/wp-content\/uploads\/2019\/12\/E2_-300x300-1-90x90.jpg 90w, https:\/\/proteccionshoppingonline.com.br\/loja\/wp-content\/uploads\/2019\/12\/E2_-300x300-1-100x100.jpg 100w\" sizes=\"(max-width: 600px) 100vw, 600px\" \/><h2 class=\"woocommerce-loop-product__title\">Placa E2 Alarme de Inc\u00eandio acionador<\/h2>\n<\/a><a href=\"https:\/\/proteccionshoppingonline.com.br\/loja\/loja\/hidrantes\/placa-de-sinalizacao-alarme-incendio\/\" aria-describedby=\"woocommerce_loop_add_to_cart_link_describedby_3429\" data-quantity=\"1\" class=\"button product_type_simple\" data-product_id=\"3429\" data-product_sku=\"E4a\" aria-label=\"Leia mais sobre &ldquo;Placa E2 Alarme de Inc\u00eandio acionador&rdquo;\" rel=\"nofollow\" data-success_message=\"\">Leia mais<\/a>\t<span id=\"woocommerce_loop_add_to_cart_link_describedby_3429\" class=\"screen-reader-text\">\n\t\t\t<\/span>\n<\/li>\n<\/ul>\n<\/div>\t\t\t\t<\/div>\n\t\t\t\t<\/div>\n\t\t\t\t<div class=\"elementor-element elementor-element-7c763a1 elementor-grid-1 elementor-grid-tablet-3 elementor-grid-mobile-2 elementor-products-grid elementor-wc-products elementor-widget elementor-widget-woocommerce-products\" data-id=\"7c763a1\" data-element_type=\"widget\" data-e-type=\"widget\" data-widget_type=\"woocommerce-products.default\">\n\t\t\t\t<div class=\"elementor-widget-container\">\n\t\t\t\t\t<div class=\"woocommerce columns-1 \"><ul class=\"products elementor-grid columns-1\">\n<li class=\"product type-product post-17408 status-publish first instock product_cat-hidrantes product_cat-placas-combate-incendio product_tag-placa-alcool-em-gel product_tag-placa-extintor-agua-fotoluminescente product_tag-placa-mangueira-de-incendio-fotoluminescente product_tag-placa-pictograma-hidrante-fotoluminescente product_tag-spray-fumaca-teste has-post-thumbnail shipping-taxable product-type-variable\">\n\t<a href=\"https:\/\/proteccionshoppingonline.com.br\/loja\/loja\/hidrantes\/placa-e1-pictograma-sirene-fotoluminescente\/\" class=\"woocommerce-LoopProduct-link woocommerce-loop-product__link\"><img decoding=\"async\" width=\"500\" height=\"500\" src=\"https:\/\/proteccionshoppingonline.com.br\/loja\/wp-content\/uploads\/2025\/01\/Design-sem-nome-32.png\" class=\"attachment-woocommerce_thumbnail size-woocommerce_thumbnail\" alt=\"PLACA SIRENE\" srcset=\"https:\/\/proteccionshoppingonline.com.br\/loja\/wp-content\/uploads\/2025\/01\/Design-sem-nome-32.png 500w, https:\/\/proteccionshoppingonline.com.br\/loja\/wp-content\/uploads\/2025\/01\/Design-sem-nome-32-300x300.png 300w, https:\/\/proteccionshoppingonline.com.br\/loja\/wp-content\/uploads\/2025\/01\/Design-sem-nome-32-150x150.png 150w, https:\/\/proteccionshoppingonline.com.br\/loja\/wp-content\/uploads\/2025\/01\/Design-sem-nome-32-60x60.png 60w, https:\/\/proteccionshoppingonline.com.br\/loja\/wp-content\/uploads\/2025\/01\/Design-sem-nome-32-90x90.png 90w, https:\/\/proteccionshoppingonline.com.br\/loja\/wp-content\/uploads\/2025\/01\/Design-sem-nome-32-100x100.png 100w\" sizes=\"(max-width: 500px) 100vw, 500px\" \/><h2 class=\"woocommerce-loop-product__title\">Placa E1 &#8211; Sirene Fotoluminescente<\/h2>\n<\/a><a href=\"https:\/\/proteccionshoppingonline.com.br\/loja\/loja\/hidrantes\/placa-e1-pictograma-sirene-fotoluminescente\/\" aria-describedby=\"woocommerce_loop_add_to_cart_link_describedby_17408\" data-quantity=\"1\" class=\"button product_type_variable\" data-product_id=\"17408\" data-product_sku=\"E8-2\" aria-label=\"Selecione as op\u00e7\u00f5es para &ldquo;Placa E1 - Sirene Fotoluminescente&rdquo;\" rel=\"nofollow\">Leia mais<\/a>\t<span id=\"woocommerce_loop_add_to_cart_link_describedby_17408\" class=\"screen-reader-text\">\n\t\t\t<\/span>\n<\/li>\n<\/ul>\n<\/div>\t\t\t\t<\/div>\n\t\t\t\t<\/div>\n\t\t\t\t<div class=\"elementor-element elementor-element-8cd0ca1 elementor-grid-1 elementor-grid-tablet-3 elementor-grid-mobile-2 elementor-products-grid elementor-wc-products elementor-widget elementor-widget-woocommerce-products\" data-id=\"8cd0ca1\" data-element_type=\"widget\" data-e-type=\"widget\" data-widget_type=\"woocommerce-products.default\">\n\t\t\t\t<div class=\"elementor-widget-container\">\n\t\t\t\t\t<div class=\"woocommerce columns-1 \"><ul class=\"products elementor-grid columns-1\">\n<li class=\"product type-product post-2110 status-publish first instock product_cat-hidrantes product_cat-lacres product_tag-lacre-selo-hidrante has-post-thumbnail shipping-taxable product-type-simple\">\n\t<a href=\"https:\/\/proteccionshoppingonline.com.br\/loja\/loja\/hidrantes\/lacre-selo-hidrante-vistoria\/\" class=\"woocommerce-LoopProduct-link woocommerce-loop-product__link\"><img decoding=\"async\" width=\"500\" height=\"500\" src=\"https:\/\/proteccionshoppingonline.com.br\/loja\/wp-content\/uploads\/2018\/09\/Design-sem-nome-1.png\" class=\"attachment-woocommerce_thumbnail size-woocommerce_thumbnail\" alt=\"LACRE SELO HIDRANTE\" srcset=\"https:\/\/proteccionshoppingonline.com.br\/loja\/wp-content\/uploads\/2018\/09\/Design-sem-nome-1.png 500w, https:\/\/proteccionshoppingonline.com.br\/loja\/wp-content\/uploads\/2018\/09\/Design-sem-nome-1-300x300.png 300w, https:\/\/proteccionshoppingonline.com.br\/loja\/wp-content\/uploads\/2018\/09\/Design-sem-nome-1-150x150.png 150w, https:\/\/proteccionshoppingonline.com.br\/loja\/wp-content\/uploads\/2018\/09\/Design-sem-nome-1-60x60.png 60w, https:\/\/proteccionshoppingonline.com.br\/loja\/wp-content\/uploads\/2018\/09\/Design-sem-nome-1-90x90.png 90w, https:\/\/proteccionshoppingonline.com.br\/loja\/wp-content\/uploads\/2018\/09\/Design-sem-nome-1-100x100.png 100w\" sizes=\"(max-width: 500px) 100vw, 500px\" \/><h2 class=\"woocommerce-loop-product__title\">Lacre Selo Hidrante Vistoria de Seguran\u00e7a<\/h2>\n<\/a><a href=\"https:\/\/proteccionshoppingonline.com.br\/loja\/loja\/hidrantes\/lacre-selo-hidrante-vistoria\/\" aria-describedby=\"woocommerce_loop_add_to_cart_link_describedby_2110\" data-quantity=\"1\" class=\"button product_type_simple\" data-product_id=\"2110\" data-product_sku=\"\" aria-label=\"Leia mais sobre &ldquo;Lacre Selo Hidrante Vistoria de Seguran\u00e7a&rdquo;\" rel=\"nofollow\" data-success_message=\"\">Leia mais<\/a>\t<span id=\"woocommerce_loop_add_to_cart_link_describedby_2110\" class=\"screen-reader-text\">\n\t\t\t<\/span>\n<\/li>\n<\/ul>\n<\/div>\t\t\t\t<\/div>\n\t\t\t\t<\/div>\n\t\t\t\t<div class=\"elementor-element elementor-element-a5391c1 elementor-grid-1 elementor-grid-tablet-3 elementor-grid-mobile-2 elementor-products-grid elementor-wc-products elementor-widget elementor-widget-woocommerce-products\" data-id=\"a5391c1\" data-element_type=\"widget\" data-e-type=\"widget\" data-widget_type=\"woocommerce-products.default\">\n\t\t\t\t<div class=\"elementor-widget-container\">\n\t\t\t\t\t<div class=\"woocommerce columns-1 \"><ul class=\"products elementor-grid columns-1\">\n<li class=\"product type-product post-11541 status-publish first instock product_cat-hidrantes product_cat-placas-combate-incendio product_tag-placa-alcool-em-gel product_tag-placa-extintor-agua-fotoluminescente product_tag-placa-extintor-co2-fotoluminescente product_tag-placa-extintor-po-abc-fotoluminescente product_tag-placa-fotoluminescente-hidrante-certificada product_tag-spray-fumaca-teste has-post-thumbnail shipping-taxable product-type-variable\">\n\t<a href=\"https:\/\/proteccionshoppingonline.com.br\/loja\/loja\/hidrantes\/placa-fotoluminescente-hidrante-certificada\/\" class=\"woocommerce-LoopProduct-link woocommerce-loop-product__link\"><img loading=\"lazy\" decoding=\"async\" width=\"600\" height=\"600\" src=\"https:\/\/proteccionshoppingonline.com.br\/loja\/wp-content\/uploads\/2020\/06\/hidrante-600x600.png\" class=\"attachment-woocommerce_thumbnail size-woocommerce_thumbnail\" alt=\"Placa E7 fotoluminescente Hidrante certificada\" srcset=\"https:\/\/proteccionshoppingonline.com.br\/loja\/wp-content\/uploads\/2020\/06\/hidrante.png 600w, https:\/\/proteccionshoppingonline.com.br\/loja\/wp-content\/uploads\/2020\/06\/hidrante-300x300.png 300w, https:\/\/proteccionshoppingonline.com.br\/loja\/wp-content\/uploads\/2020\/06\/hidrante-150x150.png 150w, https:\/\/proteccionshoppingonline.com.br\/loja\/wp-content\/uploads\/2020\/06\/hidrante-90x90.png 90w, https:\/\/proteccionshoppingonline.com.br\/loja\/wp-content\/uploads\/2020\/06\/hidrante-100x100.png 100w\" sizes=\"(max-width: 600px) 100vw, 600px\" \/><h2 class=\"woocommerce-loop-product__title\">Placa E7 hidrante fotoluminescente<\/h2>\n<\/a><a href=\"https:\/\/proteccionshoppingonline.com.br\/loja\/loja\/hidrantes\/placa-fotoluminescente-hidrante-certificada\/\" aria-describedby=\"woocommerce_loop_add_to_cart_link_describedby_11541\" data-quantity=\"1\" class=\"button product_type_variable\" data-product_id=\"11541\" data-product_sku=\"E52\" aria-label=\"Selecione as op\u00e7\u00f5es para &ldquo;Placa E7 hidrante fotoluminescente&rdquo;\" rel=\"nofollow\">Leia mais<\/a>\t<span id=\"woocommerce_loop_add_to_cart_link_describedby_11541\" class=\"screen-reader-text\">\n\t\t\t<\/span>\n<\/li>\n<\/ul>\n<\/div>\t\t\t\t<\/div>\n\t\t\t\t<\/div>\n\t\t\t\t<div class=\"elementor-element elementor-element-38602fb elementor-grid-1 elementor-grid-tablet-3 elementor-grid-mobile-2 elementor-products-grid elementor-wc-products elementor-widget elementor-widget-woocommerce-products\" data-id=\"38602fb\" data-element_type=\"widget\" data-e-type=\"widget\" data-widget_type=\"woocommerce-products.default\">\n\t\t\t\t<div class=\"elementor-widget-container\">\n\t\t\t\t\t<div class=\"woocommerce columns-1 \"><ul class=\"products elementor-grid columns-1\">\n<li class=\"product type-product post-11556 status-publish first instock product_cat-hidrantes product_cat-placas-combate-incendio product_tag-placa-alcool-em-gel product_tag-placa-extintor-agua-fotoluminescente product_tag-placa-extintor-po-abc-fotoluminescente product_tag-placa-fotoluminescente-hidrante-certificada product_tag-placa-mangueira-de-incendio-fotoluminescente product_tag-spray-fumaca-teste has-post-thumbnail shipping-taxable product-type-variable\">\n\t<a href=\"https:\/\/proteccionshoppingonline.com.br\/loja\/loja\/hidrantes\/placa-mangueira-de-incendio-fotoluminescente\/\" class=\"woocommerce-LoopProduct-link woocommerce-loop-product__link\"><img loading=\"lazy\" decoding=\"async\" width=\"600\" height=\"600\" src=\"https:\/\/proteccionshoppingonline.com.br\/loja\/wp-content\/uploads\/2020\/06\/placa-mangueira-de-incendio-600x600.png\" class=\"attachment-woocommerce_thumbnail size-woocommerce_thumbnail\" alt=\"Placa E7 Mangueira de inc\u00eandio fotoluminescente\" srcset=\"https:\/\/proteccionshoppingonline.com.br\/loja\/wp-content\/uploads\/2020\/06\/placa-mangueira-de-incendio.png 600w, https:\/\/proteccionshoppingonline.com.br\/loja\/wp-content\/uploads\/2020\/06\/placa-mangueira-de-incendio-300x300.png 300w, https:\/\/proteccionshoppingonline.com.br\/loja\/wp-content\/uploads\/2020\/06\/placa-mangueira-de-incendio-150x150.png 150w, https:\/\/proteccionshoppingonline.com.br\/loja\/wp-content\/uploads\/2020\/06\/placa-mangueira-de-incendio-90x90.png 90w, https:\/\/proteccionshoppingonline.com.br\/loja\/wp-content\/uploads\/2020\/06\/placa-mangueira-de-incendio-100x100.png 100w\" sizes=\"(max-width: 600px) 100vw, 600px\" \/><h2 class=\"woocommerce-loop-product__title\">Placa E7 Mangueira de inc\u00eandio<\/h2>\n<\/a><a href=\"https:\/\/proteccionshoppingonline.com.br\/loja\/loja\/hidrantes\/placa-mangueira-de-incendio-fotoluminescente\/\" aria-describedby=\"woocommerce_loop_add_to_cart_link_describedby_11556\" data-quantity=\"1\" class=\"button product_type_variable\" data-product_id=\"11556\" data-product_sku=\"E7\" aria-label=\"Selecione as op\u00e7\u00f5es para &ldquo;Placa E7 Mangueira de inc\u00eandio&rdquo;\" rel=\"nofollow\">Leia mais<\/a>\t<span id=\"woocommerce_loop_add_to_cart_link_describedby_11556\" class=\"screen-reader-text\">\n\t\t\t<\/span>\n<\/li>\n<\/ul>\n<\/div>\t\t\t\t<\/div>\n\t\t\t\t<\/div>\n\t\t\t\t<div class=\"elementor-element elementor-element-ee02f5a elementor-grid-1 elementor-grid-tablet-3 elementor-grid-mobile-2 elementor-products-grid elementor-wc-products elementor-widget elementor-widget-woocommerce-products\" data-id=\"ee02f5a\" data-element_type=\"widget\" data-e-type=\"widget\" data-widget_type=\"woocommerce-products.default\">\n\t\t\t\t<div class=\"elementor-widget-container\">\n\t\t\t\t\t<div class=\"woocommerce columns-1 \"><ul class=\"products elementor-grid columns-1\">\n<li class=\"product type-product post-11563 status-publish first instock product_cat-hidrantes product_cat-placas-combate-incendio product_tag-placa-alcool-em-gel product_tag-placa-extintor-agua-fotoluminescente product_tag-placa-mangueira-de-incendio-fotoluminescente product_tag-placa-pictograma-hidrante-fotoluminescente product_tag-spray-fumaca-teste has-post-thumbnail shipping-taxable product-type-variable\">\n\t<a href=\"https:\/\/proteccionshoppingonline.com.br\/loja\/loja\/hidrantes\/placa-pictograma-hidrante-fotoluminescente\/\" class=\"woocommerce-LoopProduct-link woocommerce-loop-product__link\"><img loading=\"lazy\" decoding=\"async\" width=\"600\" height=\"600\" src=\"https:\/\/proteccionshoppingonline.com.br\/loja\/wp-content\/uploads\/2020\/06\/placa-PICTOGRAMA-HIDRANTE-600x600.png\" class=\"attachment-woocommerce_thumbnail size-woocommerce_thumbnail\" alt=\"Placa E8 Pictograma Hidrante fotoluminescente\" srcset=\"https:\/\/proteccionshoppingonline.com.br\/loja\/wp-content\/uploads\/2020\/06\/placa-PICTOGRAMA-HIDRANTE.png 600w, https:\/\/proteccionshoppingonline.com.br\/loja\/wp-content\/uploads\/2020\/06\/placa-PICTOGRAMA-HIDRANTE-300x300.png 300w, https:\/\/proteccionshoppingonline.com.br\/loja\/wp-content\/uploads\/2020\/06\/placa-PICTOGRAMA-HIDRANTE-150x150.png 150w, https:\/\/proteccionshoppingonline.com.br\/loja\/wp-content\/uploads\/2020\/06\/placa-PICTOGRAMA-HIDRANTE-90x90.png 90w, https:\/\/proteccionshoppingonline.com.br\/loja\/wp-content\/uploads\/2020\/06\/placa-PICTOGRAMA-HIDRANTE-100x100.png 100w\" sizes=\"(max-width: 600px) 100vw, 600px\" \/><h2 class=\"woocommerce-loop-product__title\">Placa E8 Pictograma Hidrante<\/h2>\n<\/a><a href=\"https:\/\/proteccionshoppingonline.com.br\/loja\/loja\/hidrantes\/placa-pictograma-hidrante-fotoluminescente\/\" aria-describedby=\"woocommerce_loop_add_to_cart_link_describedby_11563\" data-quantity=\"1\" class=\"button product_type_variable\" data-product_id=\"11563\" data-product_sku=\"E8\" aria-label=\"Selecione as op\u00e7\u00f5es para &ldquo;Placa E8 Pictograma Hidrante&rdquo;\" rel=\"nofollow\">Leia mais<\/a>\t<span id=\"woocommerce_loop_add_to_cart_link_describedby_11563\" class=\"screen-reader-text\">\n\t\t\t<\/span>\n<\/li>\n<\/ul>\n<\/div>\t\t\t\t<\/div>\n\t\t\t\t<\/div>\n\t\t\t\t<\/div>\n\t\t\t\t<\/div>\n\t\t\t\t\t<\/div>\n\t\t\t\t<\/div>\n\t\t\t\t<\/div>\n\t\t","protected":false},"excerpt":{"rendered":"","protected":false},"author":1,"featured_media":0,"parent":0,"menu_order":0,"comment_status":"closed","ping_status":"closed","template":"","meta":{"_seopress_robots_primary_cat":"","_seopress_titles_title":"","_seopress_titles_desc":"","_seopress_robots_index":"","footnotes":""},"class_list":["post-15460","page","type-page","status-publish","hentry"],"yoast_head":"<!-- This site is optimized with the Yoast SEO plugin v27.2 - https:\/\/yoast.com\/product\/yoast-seo-wordpress\/ -->\n<title>Placas De Sinaliza\u00e7\u00e3o Rota de Fuga - Protecci\u00f3n<\/title>\n<meta name=\"robots\" content=\"index, follow, max-snippet:-1, max-image-preview:large, max-video-preview:-1\" \/>\n<link rel=\"canonical\" href=\"https:\/\/proteccionshoppingonline.com.br\/loja\/placas-de-sinalizacao-rotade-fuga-2\/\" \/>\n<meta property=\"og:locale\" content=\"pt_BR\" \/>\n<meta property=\"og:type\" content=\"article\" \/>\n<meta property=\"og:title\" content=\"Placas De Sinaliza\u00e7\u00e3o Rota de Fuga - Protecci\u00f3n\" \/>\n<meta property=\"og:url\" content=\"https:\/\/proteccionshoppingonline.com.br\/loja\/placas-de-sinalizacao-rotade-fuga-2\/\" \/>\n<meta property=\"og:site_name\" content=\"Protecci\u00f3n\" \/>\n<meta property=\"article:modified_time\" content=\"2025-02-14T17:18:47+00:00\" \/>\n<meta name=\"twitter:card\" content=\"summary_large_image\" \/>\n<script type=\"application\/ld+json\" class=\"yoast-schema-graph\">{\"@context\":\"https:\/\/schema.org\",\"@graph\":[{\"@type\":\"WebPage\",\"@id\":\"https:\/\/proteccionshoppingonline.com.br\/loja\/placas-de-sinalizacao-rotade-fuga-2\/\",\"url\":\"https:\/\/proteccionshoppingonline.com.br\/loja\/placas-de-sinalizacao-rotade-fuga-2\/\",\"name\":\"Placas De Sinaliza\u00e7\u00e3o Rota de Fuga - Protecci\u00f3n\",\"isPartOf\":{\"@id\":\"https:\/\/proteccionshoppingonline.com.br\/loja\/#website\"},\"datePublished\":\"2024-03-29T21:39:26+00:00\",\"dateModified\":\"2025-02-14T17:18:47+00:00\",\"breadcrumb\":{\"@id\":\"https:\/\/proteccionshoppingonline.com.br\/loja\/placas-de-sinalizacao-rotade-fuga-2\/#breadcrumb\"},\"inLanguage\":\"pt-BR\",\"potentialAction\":[{\"@type\":\"ReadAction\",\"target\":[\"https:\/\/proteccionshoppingonline.com.br\/loja\/placas-de-sinalizacao-rotade-fuga-2\/\"]}]},{\"@type\":\"BreadcrumbList\",\"@id\":\"https:\/\/proteccionshoppingonline.com.br\/loja\/placas-de-sinalizacao-rotade-fuga-2\/#breadcrumb\",\"itemListElement\":[{\"@type\":\"ListItem\",\"position\":1,\"name\":\"Home\",\"item\":\"https:\/\/proteccionshoppingonline.com.br\/loja\/\"},{\"@type\":\"ListItem\",\"position\":2,\"name\":\"Placas De Sinaliza\u00e7\u00e3o Rota de Fuga\"}]},{\"@type\":\"WebSite\",\"@id\":\"https:\/\/proteccionshoppingonline.com.br\/loja\/#website\",\"url\":\"https:\/\/proteccionshoppingonline.com.br\/loja\/\",\"name\":\"Protecci\u00f3n Shopping On Line | Seguran\u00e7a contra Inc\u00eandios\",\"description\":\"Seguran\u00e7a contra Inc\u00eandios\",\"publisher\":{\"@id\":\"https:\/\/proteccionshoppingonline.com.br\/loja\/#organization\"},\"potentialAction\":[{\"@type\":\"SearchAction\",\"target\":{\"@type\":\"EntryPoint\",\"urlTemplate\":\"https:\/\/proteccionshoppingonline.com.br\/loja\/?s={search_term_string}\"},\"query-input\":{\"@type\":\"PropertyValueSpecification\",\"valueRequired\":true,\"valueName\":\"search_term_string\"}}],\"inLanguage\":\"pt-BR\"},{\"@type\":\"Organization\",\"@id\":\"https:\/\/proteccionshoppingonline.com.br\/loja\/#organization\",\"name\":\"Protecci\u00f3n Shopping On Line\",\"url\":\"https:\/\/proteccionshoppingonline.com.br\/loja\/\",\"logo\":{\"@type\":\"ImageObject\",\"inLanguage\":\"pt-BR\",\"@id\":\"https:\/\/proteccionshoppingonline.com.br\/loja\/#\/schema\/logo\/image\/\",\"url\":\"https:\/\/proteccionshoppingonline.com.br\/loja\/wp-content\/uploads\/2024\/01\/Proteccion-Shopping-On-Line-Logo-Nova.png\",\"contentUrl\":\"https:\/\/proteccionshoppingonline.com.br\/loja\/wp-content\/uploads\/2024\/01\/Proteccion-Shopping-On-Line-Logo-Nova.png\",\"width\":2000,\"height\":600,\"caption\":\"Protecci\u00f3n Shopping On Line\"},\"image\":{\"@id\":\"https:\/\/proteccionshoppingonline.com.br\/loja\/#\/schema\/logo\/image\/\"}}]}<\/script>\n<!-- \/ Yoast SEO plugin. -->","yoast_head_json":{"title":"Placas De Sinaliza\u00e7\u00e3o Rota de Fuga - Protecci\u00f3n","robots":{"index":"index","follow":"follow","max-snippet":"max-snippet:-1","max-image-preview":"max-image-preview:large","max-video-preview":"max-video-preview:-1"},"canonical":"https:\/\/proteccionshoppingonline.com.br\/loja\/placas-de-sinalizacao-rotade-fuga-2\/","og_locale":"pt_BR","og_type":"article","og_title":"Placas De Sinaliza\u00e7\u00e3o Rota de Fuga - Protecci\u00f3n","og_url":"https:\/\/proteccionshoppingonline.com.br\/loja\/placas-de-sinalizacao-rotade-fuga-2\/","og_site_name":"Protecci\u00f3n","article_modified_time":"2025-02-14T17:18:47+00:00","twitter_card":"summary_large_image","schema":{"@context":"https:\/\/schema.org","@graph":[{"@type":"WebPage","@id":"https:\/\/proteccionshoppingonline.com.br\/loja\/placas-de-sinalizacao-rotade-fuga-2\/","url":"https:\/\/proteccionshoppingonline.com.br\/loja\/placas-de-sinalizacao-rotade-fuga-2\/","name":"Placas De Sinaliza\u00e7\u00e3o Rota de Fuga - Protecci\u00f3n","isPartOf":{"@id":"https:\/\/proteccionshoppingonline.com.br\/loja\/#website"},"datePublished":"2024-03-29T21:39:26+00:00","dateModified":"2025-02-14T17:18:47+00:00","breadcrumb":{"@id":"https:\/\/proteccionshoppingonline.com.br\/loja\/placas-de-sinalizacao-rotade-fuga-2\/#breadcrumb"},"inLanguage":"pt-BR","potentialAction":[{"@type":"ReadAction","target":["https:\/\/proteccionshoppingonline.com.br\/loja\/placas-de-sinalizacao-rotade-fuga-2\/"]}]},{"@type":"BreadcrumbList","@id":"https:\/\/proteccionshoppingonline.com.br\/loja\/placas-de-sinalizacao-rotade-fuga-2\/#breadcrumb","itemListElement":[{"@type":"ListItem","position":1,"name":"Home","item":"https:\/\/proteccionshoppingonline.com.br\/loja\/"},{"@type":"ListItem","position":2,"name":"Placas De Sinaliza\u00e7\u00e3o Rota de Fuga"}]},{"@type":"WebSite","@id":"https:\/\/proteccionshoppingonline.com.br\/loja\/#website","url":"https:\/\/proteccionshoppingonline.com.br\/loja\/","name":"Protecci\u00f3n Shopping On Line | Seguran\u00e7a contra Inc\u00eandios","description":"Seguran\u00e7a contra Inc\u00eandios","publisher":{"@id":"https:\/\/proteccionshoppingonline.com.br\/loja\/#organization"},"potentialAction":[{"@type":"SearchAction","target":{"@type":"EntryPoint","urlTemplate":"https:\/\/proteccionshoppingonline.com.br\/loja\/?s={search_term_string}"},"query-input":{"@type":"PropertyValueSpecification","valueRequired":true,"valueName":"search_term_string"}}],"inLanguage":"pt-BR"},{"@type":"Organization","@id":"https:\/\/proteccionshoppingonline.com.br\/loja\/#organization","name":"Protecci\u00f3n Shopping On Line","url":"https:\/\/proteccionshoppingonline.com.br\/loja\/","logo":{"@type":"ImageObject","inLanguage":"pt-BR","@id":"https:\/\/proteccionshoppingonline.com.br\/loja\/#\/schema\/logo\/image\/","url":"https:\/\/proteccionshoppingonline.com.br\/loja\/wp-content\/uploads\/2024\/01\/Proteccion-Shopping-On-Line-Logo-Nova.png","contentUrl":"https:\/\/proteccionshoppingonline.com.br\/loja\/wp-content\/uploads\/2024\/01\/Proteccion-Shopping-On-Line-Logo-Nova.png","width":2000,"height":600,"caption":"Protecci\u00f3n Shopping On Line"},"image":{"@id":"https:\/\/proteccionshoppingonline.com.br\/loja\/#\/schema\/logo\/image\/"}}]}},"_links":{"self":[{"href":"https:\/\/proteccionshoppingonline.com.br\/loja\/wp-json\/wp\/v2\/pages\/15460","targetHints":{"allow":["GET"]}}],"collection":[{"href":"https:\/\/proteccionshoppingonline.com.br\/loja\/wp-json\/wp\/v2\/pages"}],"about":[{"href":"https:\/\/proteccionshoppingonline.com.br\/loja\/wp-json\/wp\/v2\/types\/page"}],"author":[{"embeddable":true,"href":"https:\/\/proteccionshoppingonline.com.br\/loja\/wp-json\/wp\/v2\/users\/1"}],"replies":[{"embeddable":true,"href":"https:\/\/proteccionshoppingonline.com.br\/loja\/wp-json\/wp\/v2\/comments?post=15460"}],"version-history":[{"count":24,"href":"https:\/\/proteccionshoppingonline.com.br\/loja\/wp-json\/wp\/v2\/pages\/15460\/revisions"}],"predecessor-version":[{"id":18083,"href":"https:\/\/proteccionshoppingonline.com.br\/loja\/wp-json\/wp\/v2\/pages\/15460\/revisions\/18083"}],"wp:attachment":[{"href":"https:\/\/proteccionshoppingonline.com.br\/loja\/wp-json\/wp\/v2\/media?parent=15460"}],"curies":[{"name":"wp","href":"https:\/\/api.w.org\/{rel}","templated":true}]}}