{"id":15458,"date":"2024-03-29T21:51:11","date_gmt":"2024-03-29T21:51:11","guid":{"rendered":"https:\/\/proteccionshoppingonline.com.br\/loja\/?page_id=15458"},"modified":"2025-02-13T11:06:03","modified_gmt":"2025-02-13T14:06:03","slug":"placas-de-sinalizacao-covid19","status":"publish","type":"page","link":"https:\/\/proteccionshoppingonline.com.br\/loja\/placas-de-sinalizacao-covid19\/","title":{"rendered":"Placas De Sinaliza\u00e7\u00e3o Covid19"},"content":{"rendered":"\t\t<div data-elementor-type=\"wp-page\" data-elementor-id=\"15458\" class=\"elementor elementor-15458\" data-elementor-post-type=\"page\">\n\t\t\t\t<div class=\"elementor-element elementor-element-4ed8faa e-flex e-con-boxed e-con e-parent\" data-id=\"4ed8faa\" data-element_type=\"container\" data-e-type=\"container\">\n\t\t\t\t\t<div class=\"e-con-inner\">\n\t\t<div class=\"elementor-element elementor-element-cafa1c9 e-grid e-con-full e-con e-child\" data-id=\"cafa1c9\" data-element_type=\"container\" data-e-type=\"container\">\n\t\t\t\t<div class=\"elementor-element elementor-element-8aef847 elementor-grid-1 elementor-grid-tablet-3 elementor-grid-mobile-2 elementor-products-grid elementor-wc-products elementor-widget elementor-widget-woocommerce-products\" data-id=\"8aef847\" data-element_type=\"widget\" data-e-type=\"widget\" data-widget_type=\"woocommerce-products.default\">\n\t\t\t\t<div class=\"elementor-widget-container\">\n\t\t\t\t\t<div class=\"woocommerce columns-1 \"><ul class=\"products elementor-grid columns-1\">\n<li class=\"product type-product post-12591 status-publish first onbackorder product_cat-placas-covid-19-prevencao product_tag-placa-alcool-em-gel product_tag-placa-cartaz-uso-de-mascara-obrigatorio-covid-19 product_tag-placa-decreto-covid-19-obrigatorio-mascara product_tag-placa-uso-de-mascara-protocolos-covid-19 product_tag-spray-fumaca-teste has-post-thumbnail shipping-taxable product-type-simple\">\n\t<a href=\"https:\/\/proteccionshoppingonline.com.br\/loja\/loja\/placas-covid-19-prevencao\/placa-decreto-covid-19-obrigatorio-mascara\/\" class=\"woocommerce-LoopProduct-link woocommerce-loop-product__link\"><img fetchpriority=\"high\" decoding=\"async\" width=\"599\" height=\"600\" src=\"https:\/\/proteccionshoppingonline.com.br\/loja\/wp-content\/uploads\/2020\/07\/CARTAZ-USO-DE-MASCARA-VERTICAL.jpg\" class=\"attachment-woocommerce_thumbnail size-woocommerce_thumbnail\" alt=\"Placa Decreto COVID-19 obrigat\u00f3rio m\u00e1scara\" srcset=\"https:\/\/proteccionshoppingonline.com.br\/loja\/wp-content\/uploads\/2020\/07\/CARTAZ-USO-DE-MASCARA-VERTICAL.jpg 600w, https:\/\/proteccionshoppingonline.com.br\/loja\/wp-content\/uploads\/2020\/07\/CARTAZ-USO-DE-MASCARA-VERTICAL-300x300.jpg 300w, https:\/\/proteccionshoppingonline.com.br\/loja\/wp-content\/uploads\/2020\/07\/CARTAZ-USO-DE-MASCARA-VERTICAL-150x150.jpg 150w, https:\/\/proteccionshoppingonline.com.br\/loja\/wp-content\/uploads\/2020\/07\/CARTAZ-USO-DE-MASCARA-VERTICAL-90x90.jpg 90w, https:\/\/proteccionshoppingonline.com.br\/loja\/wp-content\/uploads\/2020\/07\/CARTAZ-USO-DE-MASCARA-VERTICAL-100x100.jpg 100w\" sizes=\"(max-width: 599px) 100vw, 599px\" \/><h2 class=\"woocommerce-loop-product__title\">Placa Decreto COVID-19 obrigat\u00f3rio m\u00e1scara<\/h2>\n<\/a><a href=\"https:\/\/proteccionshoppingonline.com.br\/loja\/loja\/placas-covid-19-prevencao\/placa-decreto-covid-19-obrigatorio-mascara\/\" aria-describedby=\"woocommerce_loop_add_to_cart_link_describedby_12591\" data-quantity=\"1\" class=\"button product_type_simple\" data-product_id=\"12591\" data-product_sku=\"CV07\" aria-label=\"Leia mais sobre &ldquo;Placa Decreto COVID-19 obrigat\u00f3rio m\u00e1scara&rdquo;\" rel=\"nofollow\" data-success_message=\"\">Leia mais<\/a>\t<span id=\"woocommerce_loop_add_to_cart_link_describedby_12591\" class=\"screen-reader-text\">\n\t\t\t<\/span>\n<\/li>\n<\/ul>\n<\/div>\t\t\t\t<\/div>\n\t\t\t\t<\/div>\n\t\t\t\t<div class=\"elementor-element elementor-element-c0fcdd4 elementor-grid-1 elementor-grid-tablet-3 elementor-grid-mobile-2 elementor-products-grid elementor-wc-products elementor-widget elementor-widget-woocommerce-products\" data-id=\"c0fcdd4\" data-element_type=\"widget\" data-e-type=\"widget\" data-widget_type=\"woocommerce-products.default\">\n\t\t\t\t<div class=\"elementor-widget-container\">\n\t\t\t\t\t<div class=\"woocommerce columns-1 \"><ul class=\"products elementor-grid columns-1\">\n<li class=\"product type-product post-11389 status-publish first onbackorder product_cat-placas-covid-19-prevencao product_tag-placa-alcool-em-gel product_tag-placa-central-de-alarme product_tag-placa-instrucao-de-uso-elevador-covid-19-protocolo-de-seguranca product_tag-placa-uso-de-mascara-protocolos-covid-19 product_tag-spray-fumaca-teste has-post-thumbnail shipping-taxable product-type-simple\">\n\t<a href=\"https:\/\/proteccionshoppingonline.com.br\/loja\/loja\/placas-covid-19-prevencao\/placa-instrucao-de-uso-elevador-covid-19\/\" class=\"woocommerce-LoopProduct-link woocommerce-loop-product__link\"><img decoding=\"async\" width=\"600\" height=\"600\" src=\"https:\/\/proteccionshoppingonline.com.br\/loja\/wp-content\/uploads\/2020\/06\/instrucoes-de-uso-elevador-600x600.jpg\" class=\"attachment-woocommerce_thumbnail size-woocommerce_thumbnail\" alt=\"Placa Instru\u00e7\u00e3o de uso elevador COVID 19\" srcset=\"https:\/\/proteccionshoppingonline.com.br\/loja\/wp-content\/uploads\/2020\/06\/instrucoes-de-uso-elevador.jpg 600w, https:\/\/proteccionshoppingonline.com.br\/loja\/wp-content\/uploads\/2020\/06\/instrucoes-de-uso-elevador-300x300.jpg 300w, https:\/\/proteccionshoppingonline.com.br\/loja\/wp-content\/uploads\/2020\/06\/instrucoes-de-uso-elevador-150x150.jpg 150w, https:\/\/proteccionshoppingonline.com.br\/loja\/wp-content\/uploads\/2020\/06\/instrucoes-de-uso-elevador-90x90.jpg 90w, https:\/\/proteccionshoppingonline.com.br\/loja\/wp-content\/uploads\/2020\/06\/instrucoes-de-uso-elevador-100x100.jpg 100w\" sizes=\"(max-width: 600px) 100vw, 600px\" \/><h2 class=\"woocommerce-loop-product__title\">Placa Instru\u00e7\u00e3o de uso elevador &#8211; COVID-19<\/h2>\n<\/a><a href=\"https:\/\/proteccionshoppingonline.com.br\/loja\/loja\/placas-covid-19-prevencao\/placa-instrucao-de-uso-elevador-covid-19\/\" aria-describedby=\"woocommerce_loop_add_to_cart_link_describedby_11389\" data-quantity=\"1\" class=\"button product_type_simple\" data-product_id=\"11389\" data-product_sku=\"CV08\" aria-label=\"Leia mais sobre &ldquo;Placa Instru\u00e7\u00e3o de uso elevador - COVID-19&rdquo;\" rel=\"nofollow\" data-success_message=\"\">Leia mais<\/a>\t<span id=\"woocommerce_loop_add_to_cart_link_describedby_11389\" class=\"screen-reader-text\">\n\t\t\t<\/span>\n<\/li>\n<\/ul>\n<\/div>\t\t\t\t<\/div>\n\t\t\t\t<\/div>\n\t\t\t\t<div class=\"elementor-element elementor-element-d3e5576 elementor-grid-1 elementor-grid-tablet-3 elementor-grid-mobile-2 elementor-products-grid elementor-wc-products elementor-widget elementor-widget-woocommerce-products\" data-id=\"d3e5576\" data-element_type=\"widget\" data-e-type=\"widget\" data-widget_type=\"woocommerce-products.default\">\n\t\t\t\t<div class=\"elementor-widget-container\">\n\t\t\t\t\t<div class=\"woocommerce columns-1 \"><ul class=\"products elementor-grid columns-1\">\n<li class=\"product type-product post-11386 status-publish first onbackorder product_cat-placas-covid-19-prevencao product_tag-placa-alcool-em-gel product_tag-placa-central-de-alarme product_tag-placa-uso-de-mascara-protocolos-covid-19 product_tag-spray-fumaca-teste has-post-thumbnail shipping-taxable product-type-simple\">\n\t<a href=\"https:\/\/proteccionshoppingonline.com.br\/loja\/loja\/placas-covid-19-prevencao\/placa-uso-de-mascara-protocolos-covid-19\/\" class=\"woocommerce-LoopProduct-link woocommerce-loop-product__link\"><img decoding=\"async\" width=\"600\" height=\"600\" src=\"https:\/\/proteccionshoppingonline.com.br\/loja\/wp-content\/uploads\/2020\/06\/USO-DE-MASCARA-600x600.jpg\" class=\"attachment-woocommerce_thumbnail size-woocommerce_thumbnail\" alt=\"Placa uso de m\u00e1scara - Protocolos COVID-19\" srcset=\"https:\/\/proteccionshoppingonline.com.br\/loja\/wp-content\/uploads\/2020\/06\/USO-DE-MASCARA.jpg 600w, https:\/\/proteccionshoppingonline.com.br\/loja\/wp-content\/uploads\/2020\/06\/USO-DE-MASCARA-300x300.jpg 300w, https:\/\/proteccionshoppingonline.com.br\/loja\/wp-content\/uploads\/2020\/06\/USO-DE-MASCARA-150x150.jpg 150w, https:\/\/proteccionshoppingonline.com.br\/loja\/wp-content\/uploads\/2020\/06\/USO-DE-MASCARA-90x90.jpg 90w, https:\/\/proteccionshoppingonline.com.br\/loja\/wp-content\/uploads\/2020\/06\/USO-DE-MASCARA-100x100.jpg 100w\" sizes=\"(max-width: 600px) 100vw, 600px\" \/><h2 class=\"woocommerce-loop-product__title\">Placa uso de m\u00e1scara &#8211; Protocolos COVID-19<\/h2>\n<\/a><a href=\"https:\/\/proteccionshoppingonline.com.br\/loja\/loja\/placas-covid-19-prevencao\/placa-uso-de-mascara-protocolos-covid-19\/\" aria-describedby=\"woocommerce_loop_add_to_cart_link_describedby_11386\" data-quantity=\"1\" class=\"button product_type_simple\" data-product_id=\"11386\" data-product_sku=\"CV05\" aria-label=\"Leia mais sobre &ldquo;Placa uso de m\u00e1scara - Protocolos COVID-19&rdquo;\" rel=\"nofollow\" data-success_message=\"\">Leia mais<\/a>\t<span id=\"woocommerce_loop_add_to_cart_link_describedby_11386\" class=\"screen-reader-text\">\n\t\t\t<\/span>\n<\/li>\n<\/ul>\n<\/div>\t\t\t\t<\/div>\n\t\t\t\t<\/div>\n\t\t\t\t<div class=\"elementor-element elementor-element-b98e44e elementor-grid-1 elementor-grid-tablet-3 elementor-grid-mobile-2 elementor-products-grid elementor-wc-products elementor-widget elementor-widget-woocommerce-products\" data-id=\"b98e44e\" data-element_type=\"widget\" data-e-type=\"widget\" data-widget_type=\"woocommerce-products.default\">\n\t\t\t\t<div class=\"elementor-widget-container\">\n\t\t\t\t\t<div class=\"woocommerce columns-1 \"><ul class=\"products elementor-grid columns-1\">\n<li class=\"product type-product post-11333 status-publish first onbackorder product_cat-placas-covid-19-prevencao product_tag-placa-central-de-alarme product_tag-placa-higiene-alcool-em-gel-covid-19 product_tag-placa-instrucao-de-uso-elevador-covid-19-protocolo-de-seguranca product_tag-placa-uso-de-mascara-protocolos-covid-19 product_tag-spray-fumaca-teste has-post-thumbnail shipping-taxable product-type-simple\">\n\t<a href=\"https:\/\/proteccionshoppingonline.com.br\/loja\/loja\/placas-covid-19-prevencao\/placa-higiene-alcool-em-gel-covid-19\/\" class=\"woocommerce-LoopProduct-link woocommerce-loop-product__link\"><img loading=\"lazy\" decoding=\"async\" width=\"600\" height=\"600\" src=\"https:\/\/proteccionshoppingonline.com.br\/loja\/wp-content\/uploads\/2020\/06\/Alcool-em-gel-15x15Cm-600x600.jpg\" class=\"attachment-woocommerce_thumbnail size-woocommerce_thumbnail\" alt=\"Placa higiene \u00e1lcool em gel - COVID-19\" srcset=\"https:\/\/proteccionshoppingonline.com.br\/loja\/wp-content\/uploads\/2020\/06\/Alcool-em-gel-15x15Cm.jpg 600w, https:\/\/proteccionshoppingonline.com.br\/loja\/wp-content\/uploads\/2020\/06\/Alcool-em-gel-15x15Cm-300x300.jpg 300w, https:\/\/proteccionshoppingonline.com.br\/loja\/wp-content\/uploads\/2020\/06\/Alcool-em-gel-15x15Cm-150x150.jpg 150w, https:\/\/proteccionshoppingonline.com.br\/loja\/wp-content\/uploads\/2020\/06\/Alcool-em-gel-15x15Cm-90x90.jpg 90w, https:\/\/proteccionshoppingonline.com.br\/loja\/wp-content\/uploads\/2020\/06\/Alcool-em-gel-15x15Cm-100x100.jpg 100w\" sizes=\"(max-width: 600px) 100vw, 600px\" \/><h2 class=\"woocommerce-loop-product__title\">Placa higiene \u00e1lcool em gel &#8211; COVID-19<\/h2>\n<\/a><a href=\"https:\/\/proteccionshoppingonline.com.br\/loja\/loja\/placas-covid-19-prevencao\/placa-higiene-alcool-em-gel-covid-19\/\" aria-describedby=\"woocommerce_loop_add_to_cart_link_describedby_11333\" data-quantity=\"1\" class=\"button product_type_simple\" data-product_id=\"11333\" data-product_sku=\"CV07D\" aria-label=\"Leia mais sobre &ldquo;Placa higiene \u00e1lcool em gel - COVID-19&rdquo;\" rel=\"nofollow\" data-success_message=\"\">Leia mais<\/a>\t<span id=\"woocommerce_loop_add_to_cart_link_describedby_11333\" class=\"screen-reader-text\">\n\t\t\t<\/span>\n<\/li>\n<\/ul>\n<\/div>\t\t\t\t<\/div>\n\t\t\t\t<\/div>\n\t\t\t\t<div class=\"elementor-element elementor-element-8c5ac3b elementor-grid-1 elementor-grid-tablet-3 elementor-grid-mobile-2 elementor-products-grid elementor-wc-products elementor-widget elementor-widget-woocommerce-products\" data-id=\"8c5ac3b\" data-element_type=\"widget\" data-e-type=\"widget\" data-widget_type=\"woocommerce-products.default\">\n\t\t\t\t<div class=\"elementor-widget-container\">\n\t\t\t\t\t<div class=\"woocommerce columns-1 \"><ul class=\"products elementor-grid columns-1\">\n<li class=\"product type-product post-12570 status-publish first onbackorder product_cat-placas-covid-19-prevencao product_tag-placa-alcool-em-gel product_tag-placa-cartaz-uso-de-mascara-obrigatorio-covid-19 product_tag-placa-central-de-alarme product_tag-placa-uso-de-mascara-protocolos-covid-19 product_tag-spray-fumaca-teste has-post-thumbnail shipping-taxable product-type-simple\">\n\t<a href=\"https:\/\/proteccionshoppingonline.com.br\/loja\/loja\/placas-covid-19-prevencao\/placa-cartaz-uso-de-mascara-obrigatorio-covid-19\/\" class=\"woocommerce-LoopProduct-link woocommerce-loop-product__link\"><img loading=\"lazy\" decoding=\"async\" width=\"600\" height=\"600\" src=\"https:\/\/proteccionshoppingonline.com.br\/loja\/wp-content\/uploads\/2020\/07\/CARTAZ-USO-DE-MASCARA-HORIZONTAL-600x600.jpg\" class=\"attachment-woocommerce_thumbnail size-woocommerce_thumbnail\" alt=\"Placa Cartaz uso de m\u00e1scara obrigat\u00f3rio - COVID-19\" srcset=\"https:\/\/proteccionshoppingonline.com.br\/loja\/wp-content\/uploads\/2020\/07\/CARTAZ-USO-DE-MASCARA-HORIZONTAL.jpg 600w, https:\/\/proteccionshoppingonline.com.br\/loja\/wp-content\/uploads\/2020\/07\/CARTAZ-USO-DE-MASCARA-HORIZONTAL-300x300.jpg 300w, https:\/\/proteccionshoppingonline.com.br\/loja\/wp-content\/uploads\/2020\/07\/CARTAZ-USO-DE-MASCARA-HORIZONTAL-150x150.jpg 150w, https:\/\/proteccionshoppingonline.com.br\/loja\/wp-content\/uploads\/2020\/07\/CARTAZ-USO-DE-MASCARA-HORIZONTAL-90x90.jpg 90w, https:\/\/proteccionshoppingonline.com.br\/loja\/wp-content\/uploads\/2020\/07\/CARTAZ-USO-DE-MASCARA-HORIZONTAL-100x100.jpg 100w\" sizes=\"(max-width: 600px) 100vw, 600px\" \/><h2 class=\"woocommerce-loop-product__title\">Placa Cartaz uso de m\u00e1scara obrigat\u00f3rio &#8211; COVID-19<\/h2>\n<\/a><a href=\"https:\/\/proteccionshoppingonline.com.br\/loja\/loja\/placas-covid-19-prevencao\/placa-cartaz-uso-de-mascara-obrigatorio-covid-19\/\" aria-describedby=\"woocommerce_loop_add_to_cart_link_describedby_12570\" data-quantity=\"1\" class=\"button product_type_simple\" data-product_id=\"12570\" data-product_sku=\"CV06\" aria-label=\"Leia mais sobre &ldquo;Placa Cartaz uso de m\u00e1scara obrigat\u00f3rio - COVID-19&rdquo;\" rel=\"nofollow\" data-success_message=\"\">Leia mais<\/a>\t<span id=\"woocommerce_loop_add_to_cart_link_describedby_12570\" class=\"screen-reader-text\">\n\t\t\t<\/span>\n<\/li>\n<\/ul>\n<\/div>\t\t\t\t<\/div>\n\t\t\t\t<\/div>\n\t\t\t\t<\/div>\n\t\t\t\t\t<\/div>\n\t\t\t\t<\/div>\n\t\t\t\t<\/div>\n\t\t","protected":false},"excerpt":{"rendered":"","protected":false},"author":1,"featured_media":0,"parent":0,"menu_order":0,"comment_status":"closed","ping_status":"closed","template":"","meta":{"_seopress_robots_primary_cat":"","_seopress_titles_title":"","_seopress_titles_desc":"","_seopress_robots_index":"","footnotes":""},"class_list":["post-15458","page","type-page","status-publish","hentry"],"yoast_head":"<!-- This site is optimized with the Yoast SEO plugin v27.2 - https:\/\/yoast.com\/product\/yoast-seo-wordpress\/ -->\n<title>Placas De Sinaliza\u00e7\u00e3o Covid19 - Protecci\u00f3n<\/title>\n<meta name=\"robots\" content=\"index, follow, max-snippet:-1, max-image-preview:large, max-video-preview:-1\" \/>\n<link rel=\"canonical\" href=\"https:\/\/proteccionshoppingonline.com.br\/loja\/placas-de-sinalizacao-covid19\/\" \/>\n<meta property=\"og:locale\" content=\"pt_BR\" \/>\n<meta property=\"og:type\" content=\"article\" \/>\n<meta property=\"og:title\" content=\"Placas De Sinaliza\u00e7\u00e3o Covid19 - Protecci\u00f3n\" \/>\n<meta property=\"og:url\" content=\"https:\/\/proteccionshoppingonline.com.br\/loja\/placas-de-sinalizacao-covid19\/\" \/>\n<meta property=\"og:site_name\" content=\"Protecci\u00f3n\" \/>\n<meta property=\"article:modified_time\" content=\"2025-02-13T14:06:03+00:00\" \/>\n<meta name=\"twitter:card\" content=\"summary_large_image\" \/>\n<meta name=\"twitter:label1\" content=\"Est. tempo de leitura\" \/>\n\t<meta name=\"twitter:data1\" content=\"2 minutos\" \/>\n<script type=\"application\/ld+json\" class=\"yoast-schema-graph\">{\"@context\":\"https:\/\/schema.org\",\"@graph\":[{\"@type\":\"WebPage\",\"@id\":\"https:\/\/proteccionshoppingonline.com.br\/loja\/placas-de-sinalizacao-covid19\/\",\"url\":\"https:\/\/proteccionshoppingonline.com.br\/loja\/placas-de-sinalizacao-covid19\/\",\"name\":\"Placas De Sinaliza\u00e7\u00e3o Covid19 - Protecci\u00f3n\",\"isPartOf\":{\"@id\":\"https:\/\/proteccionshoppingonline.com.br\/loja\/#website\"},\"datePublished\":\"2024-03-29T21:51:11+00:00\",\"dateModified\":\"2025-02-13T14:06:03+00:00\",\"breadcrumb\":{\"@id\":\"https:\/\/proteccionshoppingonline.com.br\/loja\/placas-de-sinalizacao-covid19\/#breadcrumb\"},\"inLanguage\":\"pt-BR\",\"potentialAction\":[{\"@type\":\"ReadAction\",\"target\":[\"https:\/\/proteccionshoppingonline.com.br\/loja\/placas-de-sinalizacao-covid19\/\"]}]},{\"@type\":\"BreadcrumbList\",\"@id\":\"https:\/\/proteccionshoppingonline.com.br\/loja\/placas-de-sinalizacao-covid19\/#breadcrumb\",\"itemListElement\":[{\"@type\":\"ListItem\",\"position\":1,\"name\":\"Home\",\"item\":\"https:\/\/proteccionshoppingonline.com.br\/loja\/\"},{\"@type\":\"ListItem\",\"position\":2,\"name\":\"Placas De Sinaliza\u00e7\u00e3o Covid19\"}]},{\"@type\":\"WebSite\",\"@id\":\"https:\/\/proteccionshoppingonline.com.br\/loja\/#website\",\"url\":\"https:\/\/proteccionshoppingonline.com.br\/loja\/\",\"name\":\"Protecci\u00f3n Shopping On Line | Seguran\u00e7a contra Inc\u00eandios\",\"description\":\"Seguran\u00e7a contra Inc\u00eandios\",\"publisher\":{\"@id\":\"https:\/\/proteccionshoppingonline.com.br\/loja\/#organization\"},\"potentialAction\":[{\"@type\":\"SearchAction\",\"target\":{\"@type\":\"EntryPoint\",\"urlTemplate\":\"https:\/\/proteccionshoppingonline.com.br\/loja\/?s={search_term_string}\"},\"query-input\":{\"@type\":\"PropertyValueSpecification\",\"valueRequired\":true,\"valueName\":\"search_term_string\"}}],\"inLanguage\":\"pt-BR\"},{\"@type\":\"Organization\",\"@id\":\"https:\/\/proteccionshoppingonline.com.br\/loja\/#organization\",\"name\":\"Protecci\u00f3n Shopping On Line\",\"url\":\"https:\/\/proteccionshoppingonline.com.br\/loja\/\",\"logo\":{\"@type\":\"ImageObject\",\"inLanguage\":\"pt-BR\",\"@id\":\"https:\/\/proteccionshoppingonline.com.br\/loja\/#\/schema\/logo\/image\/\",\"url\":\"https:\/\/proteccionshoppingonline.com.br\/loja\/wp-content\/uploads\/2024\/01\/Proteccion-Shopping-On-Line-Logo-Nova.png\",\"contentUrl\":\"https:\/\/proteccionshoppingonline.com.br\/loja\/wp-content\/uploads\/2024\/01\/Proteccion-Shopping-On-Line-Logo-Nova.png\",\"width\":2000,\"height\":600,\"caption\":\"Protecci\u00f3n Shopping On Line\"},\"image\":{\"@id\":\"https:\/\/proteccionshoppingonline.com.br\/loja\/#\/schema\/logo\/image\/\"}}]}<\/script>\n<!-- \/ Yoast SEO plugin. -->","yoast_head_json":{"title":"Placas De Sinaliza\u00e7\u00e3o Covid19 - Protecci\u00f3n","robots":{"index":"index","follow":"follow","max-snippet":"max-snippet:-1","max-image-preview":"max-image-preview:large","max-video-preview":"max-video-preview:-1"},"canonical":"https:\/\/proteccionshoppingonline.com.br\/loja\/placas-de-sinalizacao-covid19\/","og_locale":"pt_BR","og_type":"article","og_title":"Placas De Sinaliza\u00e7\u00e3o Covid19 - Protecci\u00f3n","og_url":"https:\/\/proteccionshoppingonline.com.br\/loja\/placas-de-sinalizacao-covid19\/","og_site_name":"Protecci\u00f3n","article_modified_time":"2025-02-13T14:06:03+00:00","twitter_card":"summary_large_image","twitter_misc":{"Est. tempo de leitura":"2 minutos"},"schema":{"@context":"https:\/\/schema.org","@graph":[{"@type":"WebPage","@id":"https:\/\/proteccionshoppingonline.com.br\/loja\/placas-de-sinalizacao-covid19\/","url":"https:\/\/proteccionshoppingonline.com.br\/loja\/placas-de-sinalizacao-covid19\/","name":"Placas De Sinaliza\u00e7\u00e3o Covid19 - Protecci\u00f3n","isPartOf":{"@id":"https:\/\/proteccionshoppingonline.com.br\/loja\/#website"},"datePublished":"2024-03-29T21:51:11+00:00","dateModified":"2025-02-13T14:06:03+00:00","breadcrumb":{"@id":"https:\/\/proteccionshoppingonline.com.br\/loja\/placas-de-sinalizacao-covid19\/#breadcrumb"},"inLanguage":"pt-BR","potentialAction":[{"@type":"ReadAction","target":["https:\/\/proteccionshoppingonline.com.br\/loja\/placas-de-sinalizacao-covid19\/"]}]},{"@type":"BreadcrumbList","@id":"https:\/\/proteccionshoppingonline.com.br\/loja\/placas-de-sinalizacao-covid19\/#breadcrumb","itemListElement":[{"@type":"ListItem","position":1,"name":"Home","item":"https:\/\/proteccionshoppingonline.com.br\/loja\/"},{"@type":"ListItem","position":2,"name":"Placas De Sinaliza\u00e7\u00e3o Covid19"}]},{"@type":"WebSite","@id":"https:\/\/proteccionshoppingonline.com.br\/loja\/#website","url":"https:\/\/proteccionshoppingonline.com.br\/loja\/","name":"Protecci\u00f3n Shopping On Line | Seguran\u00e7a contra Inc\u00eandios","description":"Seguran\u00e7a contra Inc\u00eandios","publisher":{"@id":"https:\/\/proteccionshoppingonline.com.br\/loja\/#organization"},"potentialAction":[{"@type":"SearchAction","target":{"@type":"EntryPoint","urlTemplate":"https:\/\/proteccionshoppingonline.com.br\/loja\/?s={search_term_string}"},"query-input":{"@type":"PropertyValueSpecification","valueRequired":true,"valueName":"search_term_string"}}],"inLanguage":"pt-BR"},{"@type":"Organization","@id":"https:\/\/proteccionshoppingonline.com.br\/loja\/#organization","name":"Protecci\u00f3n Shopping On Line","url":"https:\/\/proteccionshoppingonline.com.br\/loja\/","logo":{"@type":"ImageObject","inLanguage":"pt-BR","@id":"https:\/\/proteccionshoppingonline.com.br\/loja\/#\/schema\/logo\/image\/","url":"https:\/\/proteccionshoppingonline.com.br\/loja\/wp-content\/uploads\/2024\/01\/Proteccion-Shopping-On-Line-Logo-Nova.png","contentUrl":"https:\/\/proteccionshoppingonline.com.br\/loja\/wp-content\/uploads\/2024\/01\/Proteccion-Shopping-On-Line-Logo-Nova.png","width":2000,"height":600,"caption":"Protecci\u00f3n Shopping On Line"},"image":{"@id":"https:\/\/proteccionshoppingonline.com.br\/loja\/#\/schema\/logo\/image\/"}}]}},"_links":{"self":[{"href":"https:\/\/proteccionshoppingonline.com.br\/loja\/wp-json\/wp\/v2\/pages\/15458","targetHints":{"allow":["GET"]}}],"collection":[{"href":"https:\/\/proteccionshoppingonline.com.br\/loja\/wp-json\/wp\/v2\/pages"}],"about":[{"href":"https:\/\/proteccionshoppingonline.com.br\/loja\/wp-json\/wp\/v2\/types\/page"}],"author":[{"embeddable":true,"href":"https:\/\/proteccionshoppingonline.com.br\/loja\/wp-json\/wp\/v2\/users\/1"}],"replies":[{"embeddable":true,"href":"https:\/\/proteccionshoppingonline.com.br\/loja\/wp-json\/wp\/v2\/comments?post=15458"}],"version-history":[{"count":14,"href":"https:\/\/proteccionshoppingonline.com.br\/loja\/wp-json\/wp\/v2\/pages\/15458\/revisions"}],"predecessor-version":[{"id":17970,"href":"https:\/\/proteccionshoppingonline.com.br\/loja\/wp-json\/wp\/v2\/pages\/15458\/revisions\/17970"}],"wp:attachment":[{"href":"https:\/\/proteccionshoppingonline.com.br\/loja\/wp-json\/wp\/v2\/media?parent=15458"}],"curies":[{"name":"wp","href":"https:\/\/api.w.org\/{rel}","templated":true}]}}