{"id":14954,"date":"2024-02-09T15:38:47","date_gmt":"2024-02-09T15:38:47","guid":{"rendered":"https:\/\/proteccionshoppingonline.com.br\/loja\/?page_id=14954"},"modified":"2026-02-02T11:01:41","modified_gmt":"2026-02-02T14:01:41","slug":"subpagcabosalarmesincendio","status":"publish","type":"page","link":"https:\/\/proteccionshoppingonline.com.br\/loja\/subpagcabosalarmesincendio\/","title":{"rendered":"Cabos para Alarmes de Inc\u00eandio"},"content":{"rendered":"\t\t<div data-elementor-type=\"wp-page\" data-elementor-id=\"14954\" class=\"elementor elementor-14954\" data-elementor-post-type=\"page\">\n\t\t\t\t<div class=\"elementor-element elementor-element-f621a99 e-flex e-con-boxed e-con e-parent\" data-id=\"f621a99\" data-element_type=\"container\" data-e-type=\"container\">\n\t\t\t\t\t<div class=\"e-con-inner\">\n\t\t\t\t<div class=\"elementor-element elementor-element-6cf4fcf elementor-grid-3 elementor-product-loop-item--align-center elementor-grid-tablet-3 elementor-grid-mobile-2 elementor-products-grid elementor-wc-products elementor-widget elementor-widget-woocommerce-products\" data-id=\"6cf4fcf\" data-element_type=\"widget\" data-e-type=\"widget\" data-widget_type=\"woocommerce-products.default\">\n\t\t\t\t<div class=\"elementor-widget-container\">\n\t\t\t\t\t<div class=\"woocommerce columns-3 \"><ul class=\"products elementor-grid columns-3\">\n<li class=\"product type-product post-8058 status-publish first instock product_cat-cabo-para-alarme-de-incendio product_cat-outros has-post-thumbnail sale shipping-taxable purchasable product-type-simple\">\n\t<a href=\"https:\/\/proteccionshoppingonline.com.br\/loja\/loja\/outros\/cabo-para-alarme-de-incendio-2-vias-x-07mm-nbr-17240\/\" class=\"woocommerce-LoopProduct-link woocommerce-loop-product__link\">\n\t<span class=\"onsale\">Oferta!<\/span>\n\t<img fetchpriority=\"high\" decoding=\"async\" width=\"600\" height=\"600\" src=\"https:\/\/proteccionshoppingonline.com.br\/loja\/wp-content\/uploads\/2020\/04\/Cabo-para-alarme-075mm-b-600x600.jpg\" class=\"attachment-woocommerce_thumbnail size-woocommerce_thumbnail\" alt=\"Cabo alarme 075mm\" srcset=\"https:\/\/proteccionshoppingonline.com.br\/loja\/wp-content\/uploads\/2020\/04\/Cabo-para-alarme-075mm-b.jpg 600w, https:\/\/proteccionshoppingonline.com.br\/loja\/wp-content\/uploads\/2020\/04\/Cabo-para-alarme-075mm-b-300x300.jpg 300w, https:\/\/proteccionshoppingonline.com.br\/loja\/wp-content\/uploads\/2020\/04\/Cabo-para-alarme-075mm-b-150x150.jpg 150w, https:\/\/proteccionshoppingonline.com.br\/loja\/wp-content\/uploads\/2020\/04\/Cabo-para-alarme-075mm-b-90x90.jpg 90w, https:\/\/proteccionshoppingonline.com.br\/loja\/wp-content\/uploads\/2020\/04\/Cabo-para-alarme-075mm-b-100x100.jpg 100w\" sizes=\"(max-width: 600px) 100vw, 600px\" \/><h2 class=\"woocommerce-loop-product__title\">Cabo para alarme de inc\u00eandio NBR 17240 &#8211; 2 vias x 0,75mm<\/h2>\n\t<span class=\"price\"><del aria-hidden=\"true\"><span class=\"woocommerce-Price-amount amount\"><bdi><span class=\"woocommerce-Price-currencySymbol\">&#82;&#36;<\/span>5,00<\/bdi><\/span><\/del> <span class=\"screen-reader-text\">O pre\u00e7o original era: &#082;&#036;5,00.<\/span><ins aria-hidden=\"true\"><span class=\"woocommerce-Price-amount amount\"><bdi><span class=\"woocommerce-Price-currencySymbol\">&#82;&#36;<\/span>3,50<\/bdi><\/span><\/ins><span class=\"screen-reader-text\">O pre\u00e7o atual \u00e9: &#082;&#036;3,50.<\/span><\/span>\n<\/a><a href=\"\/loja\/wp-json\/wp\/v2\/pages\/14954?add-to-cart=8058\" aria-describedby=\"woocommerce_loop_add_to_cart_link_describedby_8058\" data-quantity=\"1\" class=\"button product_type_simple add_to_cart_button ajax_add_to_cart\" data-product_id=\"8058\" data-product_sku=\"GP0119\" aria-label=\"Adicione ao carrinho: &ldquo;Cabo para alarme de inc\u00eandio NBR 17240 - 2 vias x 0,75mm&rdquo;\" rel=\"nofollow\" data-success_message=\"\u201cCabo para alarme de inc\u00eandio NBR 17240 - 2 vias x 0,75mm\u201d foi adicionado ao seu carrinho\">Adicionar ao carrinho<\/a>\t<span id=\"woocommerce_loop_add_to_cart_link_describedby_8058\" class=\"screen-reader-text\">\n\t\t\t<\/span>\n<\/li>\n<li class=\"product type-product post-8039 status-publish instock product_cat-cabo-para-alarme-de-incendio-2 product_cat-cabos product_tag-cabo-para-alarme-de-incendio-2-vias-x-1-0mm has-post-thumbnail sale shipping-taxable purchasable product-type-simple\">\n\t<a href=\"https:\/\/proteccionshoppingonline.com.br\/loja\/loja\/cabos\/cabo-para-alarme-de-incendio-2-vias-x-1-0mm\/\" class=\"woocommerce-LoopProduct-link woocommerce-loop-product__link\">\n\t<span class=\"onsale\">Oferta!<\/span>\n\t<img decoding=\"async\" width=\"600\" height=\"600\" src=\"https:\/\/proteccionshoppingonline.com.br\/loja\/wp-content\/uploads\/2020\/04\/Cabo-2-vias-1mm-c-600x600.jpg\" class=\"attachment-woocommerce_thumbnail size-woocommerce_thumbnail\" alt=\"Cabo para alarme 2 vias 1mm\" srcset=\"https:\/\/proteccionshoppingonline.com.br\/loja\/wp-content\/uploads\/2020\/04\/Cabo-2-vias-1mm-c.jpg 600w, https:\/\/proteccionshoppingonline.com.br\/loja\/wp-content\/uploads\/2020\/04\/Cabo-2-vias-1mm-c-300x300.jpg 300w, https:\/\/proteccionshoppingonline.com.br\/loja\/wp-content\/uploads\/2020\/04\/Cabo-2-vias-1mm-c-150x150.jpg 150w, https:\/\/proteccionshoppingonline.com.br\/loja\/wp-content\/uploads\/2020\/04\/Cabo-2-vias-1mm-c-90x90.jpg 90w, https:\/\/proteccionshoppingonline.com.br\/loja\/wp-content\/uploads\/2020\/04\/Cabo-2-vias-1mm-c-100x100.jpg 100w\" sizes=\"(max-width: 600px) 100vw, 600px\" \/><h2 class=\"woocommerce-loop-product__title\">Cabo para alarme de inc\u00eandio NBR 17240 &#8211; 2 vias x 1.0mm<\/h2>\n\t<span class=\"price\"><del aria-hidden=\"true\"><span class=\"woocommerce-Price-amount amount\"><bdi><span class=\"woocommerce-Price-currencySymbol\">&#82;&#36;<\/span>4,85<\/bdi><\/span><\/del> <span class=\"screen-reader-text\">O pre\u00e7o original era: &#082;&#036;4,85.<\/span><ins aria-hidden=\"true\"><span class=\"woocommerce-Price-amount amount\"><bdi><span class=\"woocommerce-Price-currencySymbol\">&#82;&#36;<\/span>4,30<\/bdi><\/span><\/ins><span class=\"screen-reader-text\">O pre\u00e7o atual \u00e9: &#082;&#036;4,30.<\/span><\/span>\n<\/a><a href=\"\/loja\/wp-json\/wp\/v2\/pages\/14954?add-to-cart=8039\" aria-describedby=\"woocommerce_loop_add_to_cart_link_describedby_8039\" data-quantity=\"1\" class=\"button product_type_simple add_to_cart_button ajax_add_to_cart\" data-product_id=\"8039\" data-product_sku=\"GP0118\" aria-label=\"Adicione ao carrinho: &ldquo;Cabo para alarme de inc\u00eandio NBR 17240 - 2 vias x 1.0mm&rdquo;\" rel=\"nofollow\" data-success_message=\"\u201cCabo para alarme de inc\u00eandio NBR 17240 - 2 vias x 1.0mm\u201d foi adicionado ao seu carrinho\">Adicionar ao carrinho<\/a>\t<span id=\"woocommerce_loop_add_to_cart_link_describedby_8039\" class=\"screen-reader-text\">\n\t\t\t<\/span>\n<\/li>\n<li class=\"product type-product post-2203 status-publish last instock product_cat-1-5-mm product_cat-cabo-para-alarme-de-incendio-3 product_tag-cabo-para-alarme-de-incendio has-post-thumbnail sale shipping-taxable purchasable product-type-simple\">\n\t<a href=\"https:\/\/proteccionshoppingonline.com.br\/loja\/loja\/cabos\/1-5-mm\/cabo-para-alarme-de-incendio-2-vias-1-5mm\/\" class=\"woocommerce-LoopProduct-link woocommerce-loop-product__link\">\n\t<span class=\"onsale\">Oferta!<\/span>\n\t<img decoding=\"async\" width=\"600\" height=\"600\" src=\"https:\/\/proteccionshoppingonline.com.br\/loja\/wp-content\/uploads\/2018\/09\/Cabo-2-vias-15mm-600x600.jpg\" class=\"attachment-woocommerce_thumbnail size-woocommerce_thumbnail\" alt=\"Cabo para alarme de inc\u00eandio 2 vias 1.5mm\" srcset=\"https:\/\/proteccionshoppingonline.com.br\/loja\/wp-content\/uploads\/2018\/09\/Cabo-2-vias-15mm.jpg 600w, https:\/\/proteccionshoppingonline.com.br\/loja\/wp-content\/uploads\/2018\/09\/Cabo-2-vias-15mm-300x300.jpg 300w, https:\/\/proteccionshoppingonline.com.br\/loja\/wp-content\/uploads\/2018\/09\/Cabo-2-vias-15mm-150x150.jpg 150w, https:\/\/proteccionshoppingonline.com.br\/loja\/wp-content\/uploads\/2018\/09\/Cabo-2-vias-15mm-90x90.jpg 90w, https:\/\/proteccionshoppingonline.com.br\/loja\/wp-content\/uploads\/2018\/09\/Cabo-2-vias-15mm-100x100.jpg 100w\" sizes=\"(max-width: 600px) 100vw, 600px\" \/><h2 class=\"woocommerce-loop-product__title\">Cabo para Alarme de inc\u00eandio NBR17240  2viasX1.5mm<\/h2>\n\t<span class=\"price\"><del aria-hidden=\"true\"><span class=\"woocommerce-Price-amount amount\"><bdi><span class=\"woocommerce-Price-currencySymbol\">&#82;&#36;<\/span>6,25<\/bdi><\/span><\/del> <span class=\"screen-reader-text\">O pre\u00e7o original era: &#082;&#036;6,25.<\/span><ins aria-hidden=\"true\"><span class=\"woocommerce-Price-amount amount\"><bdi><span class=\"woocommerce-Price-currencySymbol\">&#82;&#36;<\/span>5,29<\/bdi><\/span><\/ins><span class=\"screen-reader-text\">O pre\u00e7o atual \u00e9: &#082;&#036;5,29.<\/span><\/span>\n<\/a><a href=\"\/loja\/wp-json\/wp\/v2\/pages\/14954?add-to-cart=2203\" aria-describedby=\"woocommerce_loop_add_to_cart_link_describedby_2203\" data-quantity=\"1\" class=\"button product_type_simple add_to_cart_button ajax_add_to_cart\" data-product_id=\"2203\" data-product_sku=\"GP0117\" aria-label=\"Adicione ao carrinho: &ldquo;Cabo para Alarme de inc\u00eandio NBR17240  2viasX1.5mm&rdquo;\" rel=\"nofollow\" data-success_message=\"\u201cCabo para Alarme de inc\u00eandio NBR17240  2viasX1.5mm\u201d foi adicionado ao seu carrinho\">Adicionar ao carrinho<\/a>\t<span id=\"woocommerce_loop_add_to_cart_link_describedby_2203\" class=\"screen-reader-text\">\n\t\t\t<\/span>\n<\/li>\n<\/ul>\n<\/div>\t\t\t\t<\/div>\n\t\t\t\t<\/div>\n\t\t\t\t<div class=\"elementor-element elementor-element-fd929fc elementor-grid-3 elementor-product-loop-item--align-center elementor-grid-tablet-3 elementor-grid-mobile-2 elementor-products-grid elementor-wc-products elementor-widget elementor-widget-woocommerce-products\" data-id=\"fd929fc\" data-element_type=\"widget\" data-e-type=\"widget\" data-widget_type=\"woocommerce-products.default\">\n\t\t\t\t<div class=\"elementor-widget-container\">\n\t\t\t\t\t<div class=\"woocommerce columns-3 \"><ul class=\"products elementor-grid columns-3\">\n<li class=\"product type-product post-12882 status-publish first instock product_cat-cabo-para-alarme-de-incendio-5 product_cat-cabos product_tag-5mm product_tag-cabo-de-rede-lan-cat5e-utp-4p product_tag-cabo-para-alarme-de-incendio product_tag-cabo-para-alarme-de-incendio-4vias-2x1mm-2x1 product_tag-lacre product_tag-placa-atencao-somente-pessoas-autorizadas has-post-thumbnail sale shipping-taxable purchasable product-type-simple\">\n\t<a href=\"https:\/\/proteccionshoppingonline.com.br\/loja\/loja\/cabos\/cabo-para-alarme-de-incendio-4-vias-15mm-075mm\/\" class=\"woocommerce-LoopProduct-link woocommerce-loop-product__link\">\n\t<span class=\"onsale\">Oferta!<\/span>\n\t<img loading=\"lazy\" decoding=\"async\" width=\"600\" height=\"600\" src=\"https:\/\/proteccionshoppingonline.com.br\/loja\/wp-content\/uploads\/2021\/01\/Cabo-4-vias-600x600.jpg\" class=\"attachment-woocommerce_thumbnail size-woocommerce_thumbnail\" alt=\"Cabo de alarme para inc\u00eandio 4 vias x 1,5mm\" srcset=\"https:\/\/proteccionshoppingonline.com.br\/loja\/wp-content\/uploads\/2021\/01\/Cabo-4-vias.jpg 600w, https:\/\/proteccionshoppingonline.com.br\/loja\/wp-content\/uploads\/2021\/01\/Cabo-4-vias-300x300.jpg 300w, https:\/\/proteccionshoppingonline.com.br\/loja\/wp-content\/uploads\/2021\/01\/Cabo-4-vias-150x150.jpg 150w, https:\/\/proteccionshoppingonline.com.br\/loja\/wp-content\/uploads\/2021\/01\/Cabo-4-vias-90x90.jpg 90w, https:\/\/proteccionshoppingonline.com.br\/loja\/wp-content\/uploads\/2021\/01\/Cabo-4-vias-100x100.jpg 100w\" sizes=\"(max-width: 600px) 100vw, 600px\" \/><h2 class=\"woocommerce-loop-product__title\">Cabo para alarme de inc\u00eandio 4Vias &#8211; 1,5mm+0,75mm<\/h2>\n\t<span class=\"price\"><del aria-hidden=\"true\"><span class=\"woocommerce-Price-amount amount\"><bdi><span class=\"woocommerce-Price-currencySymbol\">&#82;&#36;<\/span>8,50<\/bdi><\/span><\/del> <span class=\"screen-reader-text\">O pre\u00e7o original era: &#082;&#036;8,50.<\/span><ins aria-hidden=\"true\"><span class=\"woocommerce-Price-amount amount\"><bdi><span class=\"woocommerce-Price-currencySymbol\">&#82;&#36;<\/span>7,25<\/bdi><\/span><\/ins><span class=\"screen-reader-text\">O pre\u00e7o atual \u00e9: &#082;&#036;7,25.<\/span><\/span>\n<\/a><a href=\"\/loja\/wp-json\/wp\/v2\/pages\/14954?add-to-cart=12882\" aria-describedby=\"woocommerce_loop_add_to_cart_link_describedby_12882\" data-quantity=\"1\" class=\"button product_type_simple add_to_cart_button ajax_add_to_cart\" data-product_id=\"12882\" data-product_sku=\"PCRNCAT-1\" aria-label=\"Adicione ao carrinho: &ldquo;Cabo para alarme de inc\u00eandio 4Vias - 1,5mm+0,75mm&rdquo;\" rel=\"nofollow\" data-success_message=\"\u201cCabo para alarme de inc\u00eandio 4Vias - 1,5mm+0,75mm\u201d foi adicionado ao seu carrinho\">Adicionar ao carrinho<\/a>\t<span id=\"woocommerce_loop_add_to_cart_link_describedby_12882\" class=\"screen-reader-text\">\n\t\t\t<\/span>\n<\/li>\n<li class=\"product type-product post-12639 status-publish instock product_cat-1-5-mm product_cat-cabo-para-alarme-de-incendio-4 product_tag-cabo-para-alarme-de-incendio product_tag-cabo-para-alarme-de-incendio-2-vias-x-1-0mm product_tag-cabo-para-alarme-de-incendio-3-vias-1-5mm has-post-thumbnail sale shipping-taxable purchasable product-type-simple\">\n\t<a href=\"https:\/\/proteccionshoppingonline.com.br\/loja\/loja\/cabos\/1-5-mm\/cabo-para-alarme-de-incendio-3-vias-1-5mm\/\" class=\"woocommerce-LoopProduct-link woocommerce-loop-product__link\">\n\t<span class=\"onsale\">Oferta!<\/span>\n\t<img loading=\"lazy\" decoding=\"async\" width=\"600\" height=\"600\" src=\"https:\/\/proteccionshoppingonline.com.br\/loja\/wp-content\/uploads\/2020\/07\/Cabo-3-vias-b-600x600.jpg\" class=\"attachment-woocommerce_thumbnail size-woocommerce_thumbnail\" alt=\"Cabo para alarme 3 vias\" srcset=\"https:\/\/proteccionshoppingonline.com.br\/loja\/wp-content\/uploads\/2020\/07\/Cabo-3-vias-b.jpg 600w, https:\/\/proteccionshoppingonline.com.br\/loja\/wp-content\/uploads\/2020\/07\/Cabo-3-vias-b-300x300.jpg 300w, https:\/\/proteccionshoppingonline.com.br\/loja\/wp-content\/uploads\/2020\/07\/Cabo-3-vias-b-150x150.jpg 150w, https:\/\/proteccionshoppingonline.com.br\/loja\/wp-content\/uploads\/2020\/07\/Cabo-3-vias-b-90x90.jpg 90w, https:\/\/proteccionshoppingonline.com.br\/loja\/wp-content\/uploads\/2020\/07\/Cabo-3-vias-b-100x100.jpg 100w\" sizes=\"(max-width: 600px) 100vw, 600px\" \/><h2 class=\"woocommerce-loop-product__title\">Cabo para alarme de inc\u00eandio NBR 17240 &#8211; 3 vias X 1.5mm<\/h2>\n\t<span class=\"price\"><del aria-hidden=\"true\"><span class=\"woocommerce-Price-amount amount\"><bdi><span class=\"woocommerce-Price-currencySymbol\">&#82;&#36;<\/span>8,25<\/bdi><\/span><\/del> <span class=\"screen-reader-text\">O pre\u00e7o original era: &#082;&#036;8,25.<\/span><ins aria-hidden=\"true\"><span class=\"woocommerce-Price-amount amount\"><bdi><span class=\"woocommerce-Price-currencySymbol\">&#82;&#36;<\/span>7,14<\/bdi><\/span><\/ins><span class=\"screen-reader-text\">O pre\u00e7o atual \u00e9: &#082;&#036;7,14.<\/span><\/span>\n<\/a><a href=\"\/loja\/wp-json\/wp\/v2\/pages\/14954?add-to-cart=12639\" aria-describedby=\"woocommerce_loop_add_to_cart_link_describedby_12639\" data-quantity=\"1\" class=\"button product_type_simple add_to_cart_button ajax_add_to_cart\" data-product_id=\"12639\" data-product_sku=\"GP0117-1\" aria-label=\"Adicione ao carrinho: &ldquo;Cabo para alarme de inc\u00eandio NBR 17240 - 3 vias X 1.5mm&rdquo;\" rel=\"nofollow\" data-success_message=\"\u201cCabo para alarme de inc\u00eandio NBR 17240 - 3 vias X 1.5mm\u201d foi adicionado ao seu carrinho\">Adicionar ao carrinho<\/a>\t<span id=\"woocommerce_loop_add_to_cart_link_describedby_12639\" class=\"screen-reader-text\">\n\t\t\t<\/span>\n<\/li>\n<\/ul>\n<\/div>\t\t\t\t<\/div>\n\t\t\t\t<\/div>\n\t\t\t\t\t<\/div>\n\t\t\t\t<\/div>\n\t\t<div class=\"elementor-element elementor-element-6547479 e-grid e-con-boxed e-con e-parent\" data-id=\"6547479\" data-element_type=\"container\" data-e-type=\"container\">\n\t\t\t\t\t<div class=\"e-con-inner\">\n\t\t\t\t<div class=\"elementor-element elementor-element-40d393f elementor-widget elementor-widget-heading\" data-id=\"40d393f\" data-element_type=\"widget\" data-e-type=\"widget\" data-widget_type=\"heading.default\">\n\t\t\t\t\t<h3 class=\"elementor-heading-title elementor-size-default\"><br>Solicite sua proposta pelo nosso WhatsApp ou pelo        e-mail: vendas@proteccion.com.br<br><br><\/h3>\t\t\t\t<\/div>\n\t\t\t\t\t<\/div>\n\t\t\t\t<\/div>\n\t\t\t\t<\/div>\n\t\t","protected":false},"excerpt":{"rendered":"<p>Solicite sua proposta pelo nosso WhatsApp ou pelo e-mail: vendas@proteccion.com.br<\/p>\n","protected":false},"author":1,"featured_media":0,"parent":0,"menu_order":0,"comment_status":"closed","ping_status":"closed","template":"","meta":{"_seopress_robots_primary_cat":"","_seopress_titles_title":"","_seopress_titles_desc":"","_seopress_robots_index":"","footnotes":""},"class_list":["post-14954","page","type-page","status-publish","hentry"],"yoast_head":"<!-- This site is optimized with the Yoast SEO plugin v27.2 - https:\/\/yoast.com\/product\/yoast-seo-wordpress\/ -->\n<title>Cabos para Alarmes de Inc\u00eandio - Protecci\u00f3n<\/title>\n<meta name=\"robots\" content=\"index, follow, max-snippet:-1, max-image-preview:large, max-video-preview:-1\" \/>\n<link rel=\"canonical\" href=\"https:\/\/proteccionshoppingonline.com.br\/loja\/subpagcabosalarmesincendio\/\" \/>\n<meta property=\"og:locale\" content=\"pt_BR\" \/>\n<meta property=\"og:type\" content=\"article\" \/>\n<meta property=\"og:title\" content=\"Cabos para Alarmes de Inc\u00eandio - Protecci\u00f3n\" \/>\n<meta property=\"og:description\" content=\"Solicite sua proposta pelo nosso WhatsApp ou pelo e-mail: vendas@proteccion.com.br\" \/>\n<meta property=\"og:url\" content=\"https:\/\/proteccionshoppingonline.com.br\/loja\/subpagcabosalarmesincendio\/\" \/>\n<meta property=\"og:site_name\" content=\"Protecci\u00f3n\" \/>\n<meta property=\"article:modified_time\" content=\"2026-02-02T14:01:41+00:00\" \/>\n<meta name=\"twitter:card\" content=\"summary_large_image\" \/>\n<meta name=\"twitter:label1\" content=\"Est. tempo de leitura\" \/>\n\t<meta name=\"twitter:data1\" content=\"2 minutos\" \/>\n<script type=\"application\/ld+json\" class=\"yoast-schema-graph\">{\"@context\":\"https:\/\/schema.org\",\"@graph\":[{\"@type\":\"WebPage\",\"@id\":\"https:\/\/proteccionshoppingonline.com.br\/loja\/subpagcabosalarmesincendio\/\",\"url\":\"https:\/\/proteccionshoppingonline.com.br\/loja\/subpagcabosalarmesincendio\/\",\"name\":\"Cabos para Alarmes de Inc\u00eandio - Protecci\u00f3n\",\"isPartOf\":{\"@id\":\"https:\/\/proteccionshoppingonline.com.br\/loja\/#website\"},\"datePublished\":\"2024-02-09T15:38:47+00:00\",\"dateModified\":\"2026-02-02T14:01:41+00:00\",\"breadcrumb\":{\"@id\":\"https:\/\/proteccionshoppingonline.com.br\/loja\/subpagcabosalarmesincendio\/#breadcrumb\"},\"inLanguage\":\"pt-BR\",\"potentialAction\":[{\"@type\":\"ReadAction\",\"target\":[\"https:\/\/proteccionshoppingonline.com.br\/loja\/subpagcabosalarmesincendio\/\"]}]},{\"@type\":\"BreadcrumbList\",\"@id\":\"https:\/\/proteccionshoppingonline.com.br\/loja\/subpagcabosalarmesincendio\/#breadcrumb\",\"itemListElement\":[{\"@type\":\"ListItem\",\"position\":1,\"name\":\"Home\",\"item\":\"https:\/\/proteccionshoppingonline.com.br\/loja\/\"},{\"@type\":\"ListItem\",\"position\":2,\"name\":\"Cabos para Alarmes de Inc\u00eandio\"}]},{\"@type\":\"WebSite\",\"@id\":\"https:\/\/proteccionshoppingonline.com.br\/loja\/#website\",\"url\":\"https:\/\/proteccionshoppingonline.com.br\/loja\/\",\"name\":\"Protecci\u00f3n Shopping On Line | Seguran\u00e7a contra Inc\u00eandios\",\"description\":\"Seguran\u00e7a contra Inc\u00eandios\",\"publisher\":{\"@id\":\"https:\/\/proteccionshoppingonline.com.br\/loja\/#organization\"},\"potentialAction\":[{\"@type\":\"SearchAction\",\"target\":{\"@type\":\"EntryPoint\",\"urlTemplate\":\"https:\/\/proteccionshoppingonline.com.br\/loja\/?s={search_term_string}\"},\"query-input\":{\"@type\":\"PropertyValueSpecification\",\"valueRequired\":true,\"valueName\":\"search_term_string\"}}],\"inLanguage\":\"pt-BR\"},{\"@type\":\"Organization\",\"@id\":\"https:\/\/proteccionshoppingonline.com.br\/loja\/#organization\",\"name\":\"Protecci\u00f3n Shopping On Line\",\"url\":\"https:\/\/proteccionshoppingonline.com.br\/loja\/\",\"logo\":{\"@type\":\"ImageObject\",\"inLanguage\":\"pt-BR\",\"@id\":\"https:\/\/proteccionshoppingonline.com.br\/loja\/#\/schema\/logo\/image\/\",\"url\":\"https:\/\/proteccionshoppingonline.com.br\/loja\/wp-content\/uploads\/2024\/01\/Proteccion-Shopping-On-Line-Logo-Nova.png\",\"contentUrl\":\"https:\/\/proteccionshoppingonline.com.br\/loja\/wp-content\/uploads\/2024\/01\/Proteccion-Shopping-On-Line-Logo-Nova.png\",\"width\":2000,\"height\":600,\"caption\":\"Protecci\u00f3n Shopping On Line\"},\"image\":{\"@id\":\"https:\/\/proteccionshoppingonline.com.br\/loja\/#\/schema\/logo\/image\/\"}}]}<\/script>\n<!-- \/ Yoast SEO plugin. -->","yoast_head_json":{"title":"Cabos para Alarmes de Inc\u00eandio - Protecci\u00f3n","robots":{"index":"index","follow":"follow","max-snippet":"max-snippet:-1","max-image-preview":"max-image-preview:large","max-video-preview":"max-video-preview:-1"},"canonical":"https:\/\/proteccionshoppingonline.com.br\/loja\/subpagcabosalarmesincendio\/","og_locale":"pt_BR","og_type":"article","og_title":"Cabos para Alarmes de Inc\u00eandio - Protecci\u00f3n","og_description":"Solicite sua proposta pelo nosso WhatsApp ou pelo e-mail: vendas@proteccion.com.br","og_url":"https:\/\/proteccionshoppingonline.com.br\/loja\/subpagcabosalarmesincendio\/","og_site_name":"Protecci\u00f3n","article_modified_time":"2026-02-02T14:01:41+00:00","twitter_card":"summary_large_image","twitter_misc":{"Est. tempo de leitura":"2 minutos"},"schema":{"@context":"https:\/\/schema.org","@graph":[{"@type":"WebPage","@id":"https:\/\/proteccionshoppingonline.com.br\/loja\/subpagcabosalarmesincendio\/","url":"https:\/\/proteccionshoppingonline.com.br\/loja\/subpagcabosalarmesincendio\/","name":"Cabos para Alarmes de Inc\u00eandio - Protecci\u00f3n","isPartOf":{"@id":"https:\/\/proteccionshoppingonline.com.br\/loja\/#website"},"datePublished":"2024-02-09T15:38:47+00:00","dateModified":"2026-02-02T14:01:41+00:00","breadcrumb":{"@id":"https:\/\/proteccionshoppingonline.com.br\/loja\/subpagcabosalarmesincendio\/#breadcrumb"},"inLanguage":"pt-BR","potentialAction":[{"@type":"ReadAction","target":["https:\/\/proteccionshoppingonline.com.br\/loja\/subpagcabosalarmesincendio\/"]}]},{"@type":"BreadcrumbList","@id":"https:\/\/proteccionshoppingonline.com.br\/loja\/subpagcabosalarmesincendio\/#breadcrumb","itemListElement":[{"@type":"ListItem","position":1,"name":"Home","item":"https:\/\/proteccionshoppingonline.com.br\/loja\/"},{"@type":"ListItem","position":2,"name":"Cabos para Alarmes de Inc\u00eandio"}]},{"@type":"WebSite","@id":"https:\/\/proteccionshoppingonline.com.br\/loja\/#website","url":"https:\/\/proteccionshoppingonline.com.br\/loja\/","name":"Protecci\u00f3n Shopping On Line | Seguran\u00e7a contra Inc\u00eandios","description":"Seguran\u00e7a contra Inc\u00eandios","publisher":{"@id":"https:\/\/proteccionshoppingonline.com.br\/loja\/#organization"},"potentialAction":[{"@type":"SearchAction","target":{"@type":"EntryPoint","urlTemplate":"https:\/\/proteccionshoppingonline.com.br\/loja\/?s={search_term_string}"},"query-input":{"@type":"PropertyValueSpecification","valueRequired":true,"valueName":"search_term_string"}}],"inLanguage":"pt-BR"},{"@type":"Organization","@id":"https:\/\/proteccionshoppingonline.com.br\/loja\/#organization","name":"Protecci\u00f3n Shopping On Line","url":"https:\/\/proteccionshoppingonline.com.br\/loja\/","logo":{"@type":"ImageObject","inLanguage":"pt-BR","@id":"https:\/\/proteccionshoppingonline.com.br\/loja\/#\/schema\/logo\/image\/","url":"https:\/\/proteccionshoppingonline.com.br\/loja\/wp-content\/uploads\/2024\/01\/Proteccion-Shopping-On-Line-Logo-Nova.png","contentUrl":"https:\/\/proteccionshoppingonline.com.br\/loja\/wp-content\/uploads\/2024\/01\/Proteccion-Shopping-On-Line-Logo-Nova.png","width":2000,"height":600,"caption":"Protecci\u00f3n Shopping On Line"},"image":{"@id":"https:\/\/proteccionshoppingonline.com.br\/loja\/#\/schema\/logo\/image\/"}}]}},"_links":{"self":[{"href":"https:\/\/proteccionshoppingonline.com.br\/loja\/wp-json\/wp\/v2\/pages\/14954","targetHints":{"allow":["GET"]}}],"collection":[{"href":"https:\/\/proteccionshoppingonline.com.br\/loja\/wp-json\/wp\/v2\/pages"}],"about":[{"href":"https:\/\/proteccionshoppingonline.com.br\/loja\/wp-json\/wp\/v2\/types\/page"}],"author":[{"embeddable":true,"href":"https:\/\/proteccionshoppingonline.com.br\/loja\/wp-json\/wp\/v2\/users\/1"}],"replies":[{"embeddable":true,"href":"https:\/\/proteccionshoppingonline.com.br\/loja\/wp-json\/wp\/v2\/comments?post=14954"}],"version-history":[{"count":68,"href":"https:\/\/proteccionshoppingonline.com.br\/loja\/wp-json\/wp\/v2\/pages\/14954\/revisions"}],"predecessor-version":[{"id":18861,"href":"https:\/\/proteccionshoppingonline.com.br\/loja\/wp-json\/wp\/v2\/pages\/14954\/revisions\/18861"}],"wp:attachment":[{"href":"https:\/\/proteccionshoppingonline.com.br\/loja\/wp-json\/wp\/v2\/media?parent=14954"}],"curies":[{"name":"wp","href":"https:\/\/api.w.org\/{rel}","templated":true}]}}