{"id":14257,"date":"2024-01-24T01:18:12","date_gmt":"2024-01-24T01:18:12","guid":{"rendered":"https:\/\/proteccionshoppingonline.com.br\/loja\/?page_id=14257"},"modified":"2025-02-20T15:06:31","modified_gmt":"2025-02-20T18:06:31","slug":"edwards","status":"publish","type":"page","link":"https:\/\/proteccionshoppingonline.com.br\/loja\/edwards\/","title":{"rendered":"Edwards"},"content":{"rendered":"\t\t<div data-elementor-type=\"wp-page\" data-elementor-id=\"14257\" class=\"elementor elementor-14257\" data-elementor-post-type=\"page\">\n\t\t\t\t<div class=\"elementor-element elementor-element-280dad3 e-grid e-con-full e-con e-parent\" data-id=\"280dad3\" data-element_type=\"container\" data-e-type=\"container\">\n\t\t\t\t<div class=\"elementor-element elementor-element-5a1868d elementor-grid-1 elementor-grid-tablet-3 elementor-grid-mobile-2 elementor-products-grid elementor-wc-products elementor-widget elementor-widget-woocommerce-products\" data-id=\"5a1868d\" data-element_type=\"widget\" data-e-type=\"widget\" data-widget_type=\"woocommerce-products.default\">\n\t\t\t\t<div class=\"elementor-widget-container\">\n\t\t\t\t\t<div class=\"woocommerce columns-1 \"><ul class=\"products elementor-grid columns-1\">\n<li class=\"product type-product post-15951 status-publish first onbackorder product_cat-deteccao-de-incendio product_cat-edwards product_tag-acionador-manual-de-dupla-acao-siga-278 has-post-thumbnail shipping-taxable product-type-simple\">\n\t<a href=\"https:\/\/proteccionshoppingonline.com.br\/loja\/loja\/deteccao-de-incendio\/acionador-manual-enderecavel-de-dupla-acao-siga-278\/\" class=\"woocommerce-LoopProduct-link woocommerce-loop-product__link\"><img fetchpriority=\"high\" decoding=\"async\" width=\"500\" height=\"500\" src=\"https:\/\/proteccionshoppingonline.com.br\/loja\/wp-content\/uploads\/2024\/11\/SIGA-278.png\" class=\"attachment-woocommerce_thumbnail size-woocommerce_thumbnail\" alt=\"Acionador Manual End de Dupla A\u00e7\u00e3o SIGA-278\" srcset=\"https:\/\/proteccionshoppingonline.com.br\/loja\/wp-content\/uploads\/2024\/11\/SIGA-278.png 500w, https:\/\/proteccionshoppingonline.com.br\/loja\/wp-content\/uploads\/2024\/11\/SIGA-278-300x300.png 300w, https:\/\/proteccionshoppingonline.com.br\/loja\/wp-content\/uploads\/2024\/11\/SIGA-278-150x150.png 150w, https:\/\/proteccionshoppingonline.com.br\/loja\/wp-content\/uploads\/2024\/11\/SIGA-278-60x60.png 60w, https:\/\/proteccionshoppingonline.com.br\/loja\/wp-content\/uploads\/2024\/11\/SIGA-278-90x90.png 90w, https:\/\/proteccionshoppingonline.com.br\/loja\/wp-content\/uploads\/2024\/11\/SIGA-278-100x100.png 100w\" sizes=\"(max-width: 500px) 100vw, 500px\" \/><h2 class=\"woocommerce-loop-product__title\">Acionador Manual End de Dupla A\u00e7\u00e3o SIGA-278<\/h2>\n<\/a><a href=\"https:\/\/proteccionshoppingonline.com.br\/loja\/loja\/deteccao-de-incendio\/acionador-manual-enderecavel-de-dupla-acao-siga-278\/\" aria-describedby=\"woocommerce_loop_add_to_cart_link_describedby_15951\" data-quantity=\"1\" class=\"button product_type_simple\" data-product_id=\"15951\" data-product_sku=\"\" aria-label=\"Leia mais sobre &ldquo;Acionador Manual End de Dupla A\u00e7\u00e3o SIGA-278&rdquo;\" rel=\"nofollow\" data-success_message=\"\">Leia mais<\/a>\t<span id=\"woocommerce_loop_add_to_cart_link_describedby_15951\" class=\"screen-reader-text\">\n\t\t\t<\/span>\n<\/li>\n<\/ul>\n<\/div>\t\t\t\t<\/div>\n\t\t\t\t<\/div>\n\t\t\t\t<div class=\"elementor-element elementor-element-608f221 elementor-grid-1 elementor-grid-tablet-3 elementor-grid-mobile-2 elementor-products-grid elementor-wc-products elementor-widget elementor-widget-woocommerce-products\" data-id=\"608f221\" data-element_type=\"widget\" data-e-type=\"widget\" data-widget_type=\"woocommerce-products.default\">\n\t\t\t\t<div class=\"elementor-widget-container\">\n\t\t\t\t\t<div class=\"woocommerce columns-1 \"><ul class=\"products elementor-grid columns-1\">\n<li class=\"product type-product post-15964 status-publish first onbackorder product_cat-deteccao-de-incendio product_cat-edwards product_tag-sirene-audiovisual-enderecavel-g1avrf has-post-thumbnail shipping-taxable product-type-simple\">\n\t<a href=\"https:\/\/proteccionshoppingonline.com.br\/loja\/loja\/deteccao-de-incendio\/sirene-audiovisual-enderecavel-g1avrf\/\" class=\"woocommerce-LoopProduct-link woocommerce-loop-product__link\"><img decoding=\"async\" width=\"500\" height=\"500\" src=\"https:\/\/proteccionshoppingonline.com.br\/loja\/wp-content\/uploads\/2024\/11\/G1AVRF.png\" class=\"attachment-woocommerce_thumbnail size-woocommerce_thumbnail\" alt=\"Sirene Audiovisual Endere\u00e7\u00e1vel G1AVRF\" srcset=\"https:\/\/proteccionshoppingonline.com.br\/loja\/wp-content\/uploads\/2024\/11\/G1AVRF.png 500w, https:\/\/proteccionshoppingonline.com.br\/loja\/wp-content\/uploads\/2024\/11\/G1AVRF-300x300.png 300w, https:\/\/proteccionshoppingonline.com.br\/loja\/wp-content\/uploads\/2024\/11\/G1AVRF-150x150.png 150w, https:\/\/proteccionshoppingonline.com.br\/loja\/wp-content\/uploads\/2024\/11\/G1AVRF-60x60.png 60w, https:\/\/proteccionshoppingonline.com.br\/loja\/wp-content\/uploads\/2024\/11\/G1AVRF-90x90.png 90w, https:\/\/proteccionshoppingonline.com.br\/loja\/wp-content\/uploads\/2024\/11\/G1AVRF-100x100.png 100w\" sizes=\"(max-width: 500px) 100vw, 500px\" \/><h2 class=\"woocommerce-loop-product__title\">Sirene Audiovisual Endere\u00e7\u00e1vel G1AVRF<\/h2>\n<\/a><a href=\"https:\/\/proteccionshoppingonline.com.br\/loja\/loja\/deteccao-de-incendio\/sirene-audiovisual-enderecavel-g1avrf\/\" aria-describedby=\"woocommerce_loop_add_to_cart_link_describedby_15964\" data-quantity=\"1\" class=\"button product_type_simple\" data-product_id=\"15964\" data-product_sku=\"\" aria-label=\"Leia mais sobre &ldquo;Sirene Audiovisual Endere\u00e7\u00e1vel G1AVRF&rdquo;\" rel=\"nofollow\" data-success_message=\"\">Leia mais<\/a>\t<span id=\"woocommerce_loop_add_to_cart_link_describedby_15964\" class=\"screen-reader-text\">\n\t\t\t<\/span>\n<\/li>\n<\/ul>\n<\/div>\t\t\t\t<\/div>\n\t\t\t\t<\/div>\n\t\t\t\t<div class=\"elementor-element elementor-element-f5bc444 elementor-grid-1 elementor-grid-tablet-3 elementor-grid-mobile-2 elementor-products-grid elementor-wc-products elementor-widget elementor-widget-woocommerce-products\" data-id=\"f5bc444\" data-element_type=\"widget\" data-e-type=\"widget\" data-widget_type=\"woocommerce-products.default\">\n\t\t\t\t<div class=\"elementor-widget-container\">\n\t\t\t\t\t<div class=\"woocommerce columns-1 \"><ul class=\"products elementor-grid columns-1\">\n<li class=\"product type-product post-15945 status-publish first onbackorder product_cat-deteccao-de-incendio product_cat-edwards product_tag-modulo-enderecavel-de-rele-de-controle-siga-cr has-post-thumbnail shipping-taxable product-type-simple\">\n\t<a href=\"https:\/\/proteccionshoppingonline.com.br\/loja\/loja\/deteccao-de-incendio\/modulo-enderecavel-de-rele-de-controle-siga-cr\/\" class=\"woocommerce-LoopProduct-link woocommerce-loop-product__link\"><img decoding=\"async\" width=\"500\" height=\"500\" src=\"https:\/\/proteccionshoppingonline.com.br\/loja\/wp-content\/uploads\/2024\/11\/SIGA-CR-1.png\" class=\"attachment-woocommerce_thumbnail size-woocommerce_thumbnail\" alt=\"M\u00f3dulo Endere\u00e7\u00e1vel de Rel\u00e9 de Controle SIGA-CR\" srcset=\"https:\/\/proteccionshoppingonline.com.br\/loja\/wp-content\/uploads\/2024\/11\/SIGA-CR-1.png 500w, https:\/\/proteccionshoppingonline.com.br\/loja\/wp-content\/uploads\/2024\/11\/SIGA-CR-1-300x300.png 300w, https:\/\/proteccionshoppingonline.com.br\/loja\/wp-content\/uploads\/2024\/11\/SIGA-CR-1-150x150.png 150w, https:\/\/proteccionshoppingonline.com.br\/loja\/wp-content\/uploads\/2024\/11\/SIGA-CR-1-60x60.png 60w, https:\/\/proteccionshoppingonline.com.br\/loja\/wp-content\/uploads\/2024\/11\/SIGA-CR-1-90x90.png 90w, https:\/\/proteccionshoppingonline.com.br\/loja\/wp-content\/uploads\/2024\/11\/SIGA-CR-1-100x100.png 100w\" sizes=\"(max-width: 500px) 100vw, 500px\" \/><h2 class=\"woocommerce-loop-product__title\">M\u00f3dulo Endere\u00e7\u00e1vel de Rel\u00e9 de Controle SIGA-CR<\/h2>\n<\/a><a href=\"https:\/\/proteccionshoppingonline.com.br\/loja\/loja\/deteccao-de-incendio\/modulo-enderecavel-de-rele-de-controle-siga-cr\/\" aria-describedby=\"woocommerce_loop_add_to_cart_link_describedby_15945\" data-quantity=\"1\" class=\"button product_type_simple\" data-product_id=\"15945\" data-product_sku=\"\" aria-label=\"Leia mais sobre &ldquo;M\u00f3dulo Endere\u00e7\u00e1vel de Rel\u00e9 de Controle SIGA-CR&rdquo;\" rel=\"nofollow\" data-success_message=\"\">Leia mais<\/a>\t<span id=\"woocommerce_loop_add_to_cart_link_describedby_15945\" class=\"screen-reader-text\">\n\t\t\t<\/span>\n<\/li>\n<\/ul>\n<\/div>\t\t\t\t<\/div>\n\t\t\t\t<\/div>\n\t\t\t\t<div class=\"elementor-element elementor-element-4354d20 elementor-grid-1 elementor-grid-tablet-3 elementor-grid-mobile-2 elementor-products-grid elementor-wc-products elementor-widget elementor-widget-woocommerce-products\" data-id=\"4354d20\" data-element_type=\"widget\" data-e-type=\"widget\" data-widget_type=\"woocommerce-products.default\">\n\t\t\t\t<div class=\"elementor-widget-container\">\n\t\t\t\t\t<div class=\"woocommerce columns-1 \"><ul class=\"products elementor-grid columns-1\">\n<li class=\"product type-product post-15941 status-publish first onbackorder product_cat-deteccao-de-incendio product_cat-edwards product_tag-mini-modulo-monitor-siga-ct1-enderecavel has-post-thumbnail shipping-taxable product-type-simple\">\n\t<a href=\"https:\/\/proteccionshoppingonline.com.br\/loja\/loja\/deteccao-de-incendio\/mini-modulo-monitor-enderecavel-ct1\/\" class=\"woocommerce-LoopProduct-link woocommerce-loop-product__link\"><img loading=\"lazy\" decoding=\"async\" width=\"500\" height=\"500\" src=\"https:\/\/proteccionshoppingonline.com.br\/loja\/wp-content\/uploads\/2024\/11\/SIGA-CT1.png\" class=\"attachment-woocommerce_thumbnail size-woocommerce_thumbnail\" alt=\"Mini Modulo Monitor SIGA-CT1 - Endere\u00e7\u00e1vel\" srcset=\"https:\/\/proteccionshoppingonline.com.br\/loja\/wp-content\/uploads\/2024\/11\/SIGA-CT1.png 500w, https:\/\/proteccionshoppingonline.com.br\/loja\/wp-content\/uploads\/2024\/11\/SIGA-CT1-300x300.png 300w, https:\/\/proteccionshoppingonline.com.br\/loja\/wp-content\/uploads\/2024\/11\/SIGA-CT1-150x150.png 150w, https:\/\/proteccionshoppingonline.com.br\/loja\/wp-content\/uploads\/2024\/11\/SIGA-CT1-60x60.png 60w, https:\/\/proteccionshoppingonline.com.br\/loja\/wp-content\/uploads\/2024\/11\/SIGA-CT1-90x90.png 90w, https:\/\/proteccionshoppingonline.com.br\/loja\/wp-content\/uploads\/2024\/11\/SIGA-CT1-100x100.png 100w\" sizes=\"(max-width: 500px) 100vw, 500px\" \/><h2 class=\"woocommerce-loop-product__title\">Mini Modulo Monitor SIGA-CT1 &#8211; Endere\u00e7\u00e1vel<\/h2>\n<\/a><a href=\"https:\/\/proteccionshoppingonline.com.br\/loja\/loja\/deteccao-de-incendio\/mini-modulo-monitor-enderecavel-ct1\/\" aria-describedby=\"woocommerce_loop_add_to_cart_link_describedby_15941\" data-quantity=\"1\" class=\"button product_type_simple\" data-product_id=\"15941\" data-product_sku=\"\" aria-label=\"Leia mais sobre &ldquo;Mini Modulo Monitor SIGA-CT1 - Endere\u00e7\u00e1vel&rdquo;\" rel=\"nofollow\" data-success_message=\"\">Leia mais<\/a>\t<span id=\"woocommerce_loop_add_to_cart_link_describedby_15941\" class=\"screen-reader-text\">\n\t\t\t<\/span>\n<\/li>\n<\/ul>\n<\/div>\t\t\t\t<\/div>\n\t\t\t\t<\/div>\n\t\t\t\t<div class=\"elementor-element elementor-element-20b7fef elementor-grid-1 elementor-grid-tablet-3 elementor-grid-mobile-2 elementor-products-grid elementor-wc-products elementor-widget elementor-widget-woocommerce-products\" data-id=\"20b7fef\" data-element_type=\"widget\" data-e-type=\"widget\" data-widget_type=\"woocommerce-products.default\">\n\t\t\t\t<div class=\"elementor-widget-container\">\n\t\t\t\t\t<div class=\"woocommerce columns-1 \"><ul class=\"products elementor-grid columns-1\">\n<li class=\"product type-product post-15932 status-publish first onbackorder product_cat-deteccao-de-incendio product_cat-edwards product_tag-detector-edwards product_tag-detector-siga-hrd has-post-thumbnail shipping-taxable product-type-simple\">\n\t<a href=\"https:\/\/proteccionshoppingonline.com.br\/loja\/loja\/deteccao-de-incendio\/detector-de-temperatura-siga-hrd-enderecavel\/\" class=\"woocommerce-LoopProduct-link woocommerce-loop-product__link\"><img loading=\"lazy\" decoding=\"async\" width=\"500\" height=\"500\" src=\"https:\/\/proteccionshoppingonline.com.br\/loja\/wp-content\/uploads\/2024\/11\/SIGA-HRD.png\" class=\"attachment-woocommerce_thumbnail size-woocommerce_thumbnail\" alt=\"Detector de Temperatura SIGA-HRD Endere\u00e7\u00e1vel\" srcset=\"https:\/\/proteccionshoppingonline.com.br\/loja\/wp-content\/uploads\/2024\/11\/SIGA-HRD.png 500w, https:\/\/proteccionshoppingonline.com.br\/loja\/wp-content\/uploads\/2024\/11\/SIGA-HRD-300x300.png 300w, https:\/\/proteccionshoppingonline.com.br\/loja\/wp-content\/uploads\/2024\/11\/SIGA-HRD-150x150.png 150w, https:\/\/proteccionshoppingonline.com.br\/loja\/wp-content\/uploads\/2024\/11\/SIGA-HRD-60x60.png 60w, https:\/\/proteccionshoppingonline.com.br\/loja\/wp-content\/uploads\/2024\/11\/SIGA-HRD-90x90.png 90w, https:\/\/proteccionshoppingonline.com.br\/loja\/wp-content\/uploads\/2024\/11\/SIGA-HRD-100x100.png 100w\" sizes=\"(max-width: 500px) 100vw, 500px\" \/><h2 class=\"woocommerce-loop-product__title\">Detector de Temperatura SIGA-HRD Endere\u00e7\u00e1vel<\/h2>\n<\/a><a href=\"https:\/\/proteccionshoppingonline.com.br\/loja\/loja\/deteccao-de-incendio\/detector-de-temperatura-siga-hrd-enderecavel\/\" aria-describedby=\"woocommerce_loop_add_to_cart_link_describedby_15932\" data-quantity=\"1\" class=\"button product_type_simple\" data-product_id=\"15932\" data-product_sku=\"\" aria-label=\"Leia mais sobre &ldquo;Detector de Temperatura SIGA-HRD Endere\u00e7\u00e1vel&rdquo;\" rel=\"nofollow\" data-success_message=\"\">Leia mais<\/a>\t<span id=\"woocommerce_loop_add_to_cart_link_describedby_15932\" class=\"screen-reader-text\">\n\t\t\t<\/span>\n<\/li>\n<\/ul>\n<\/div>\t\t\t\t<\/div>\n\t\t\t\t<\/div>\n\t\t\t\t<div class=\"elementor-element elementor-element-a3bfcd0 elementor-grid-1 elementor-grid-tablet-3 elementor-grid-mobile-2 elementor-products-grid elementor-wc-products elementor-widget elementor-widget-woocommerce-products\" data-id=\"a3bfcd0\" data-element_type=\"widget\" data-e-type=\"widget\" data-widget_type=\"woocommerce-products.default\">\n\t\t\t\t<div class=\"elementor-widget-container\">\n\t\t\t\t\t<div class=\"woocommerce columns-1 \"><ul class=\"products elementor-grid columns-1\">\n<li class=\"product type-product post-15924 status-publish first onbackorder product_cat-deteccao-de-incendio product_cat-edwards product_tag-detector-de-fumaca-enderecavel-siga-osd product_tag-detector-edwards product_tag-detector-siga-osd has-post-thumbnail shipping-taxable product-type-simple\">\n\t<a href=\"https:\/\/proteccionshoppingonline.com.br\/loja\/loja\/deteccao-de-incendio\/detector-fumaca-siga-osd-enderecavel-edwards\/\" class=\"woocommerce-LoopProduct-link woocommerce-loop-product__link\"><img loading=\"lazy\" decoding=\"async\" width=\"500\" height=\"500\" src=\"https:\/\/proteccionshoppingonline.com.br\/loja\/wp-content\/uploads\/2024\/11\/SIGA-OSD.png\" class=\"attachment-woocommerce_thumbnail size-woocommerce_thumbnail\" alt=\"Detector de Fuma\u00e7a SIGA-OSD Endere\u00e7\u00e1vel\" srcset=\"https:\/\/proteccionshoppingonline.com.br\/loja\/wp-content\/uploads\/2024\/11\/SIGA-OSD.png 500w, https:\/\/proteccionshoppingonline.com.br\/loja\/wp-content\/uploads\/2024\/11\/SIGA-OSD-300x300.png 300w, https:\/\/proteccionshoppingonline.com.br\/loja\/wp-content\/uploads\/2024\/11\/SIGA-OSD-150x150.png 150w, https:\/\/proteccionshoppingonline.com.br\/loja\/wp-content\/uploads\/2024\/11\/SIGA-OSD-60x60.png 60w, https:\/\/proteccionshoppingonline.com.br\/loja\/wp-content\/uploads\/2024\/11\/SIGA-OSD-90x90.png 90w, https:\/\/proteccionshoppingonline.com.br\/loja\/wp-content\/uploads\/2024\/11\/SIGA-OSD-100x100.png 100w\" sizes=\"(max-width: 500px) 100vw, 500px\" \/><h2 class=\"woocommerce-loop-product__title\">Detector de Fuma\u00e7a SIGA-OSD Endere\u00e7\u00e1vel<\/h2>\n<\/a><a href=\"https:\/\/proteccionshoppingonline.com.br\/loja\/loja\/deteccao-de-incendio\/detector-fumaca-siga-osd-enderecavel-edwards\/\" aria-describedby=\"woocommerce_loop_add_to_cart_link_describedby_15924\" data-quantity=\"1\" class=\"button product_type_simple\" data-product_id=\"15924\" data-product_sku=\"\" aria-label=\"Leia mais sobre &ldquo;Detector de Fuma\u00e7a SIGA-OSD Endere\u00e7\u00e1vel&rdquo;\" rel=\"nofollow\" data-success_message=\"\">Leia mais<\/a>\t<span id=\"woocommerce_loop_add_to_cart_link_describedby_15924\" class=\"screen-reader-text\">\n\t\t\t<\/span>\n<\/li>\n<\/ul>\n<\/div>\t\t\t\t<\/div>\n\t\t\t\t<\/div>\n\t\t\t\t<div class=\"elementor-element elementor-element-20f7cd9 elementor-grid-1 elementor-grid-tablet-3 elementor-grid-mobile-2 elementor-products-grid elementor-wc-products elementor-widget elementor-widget-woocommerce-products\" data-id=\"20f7cd9\" data-element_type=\"widget\" data-e-type=\"widget\" data-widget_type=\"woocommerce-products.default\">\n\t\t\t\t<div class=\"elementor-widget-container\">\n\t\t\t\t\t<div class=\"woocommerce columns-1 \"><ul class=\"products elementor-grid columns-1\">\n<li class=\"product type-product post-15936 status-publish first onbackorder product_cat-deteccao-de-incendio product_cat-edwards product_tag-base-siga-sb has-post-thumbnail shipping-taxable product-type-simple\">\n\t<a href=\"https:\/\/proteccionshoppingonline.com.br\/loja\/loja\/deteccao-de-incendio\/base-siga-sb-para-detector-enderecavel\/\" class=\"woocommerce-LoopProduct-link woocommerce-loop-product__link\"><img loading=\"lazy\" decoding=\"async\" width=\"500\" height=\"500\" src=\"https:\/\/proteccionshoppingonline.com.br\/loja\/wp-content\/uploads\/2024\/11\/SIGA-SB.png\" class=\"attachment-woocommerce_thumbnail size-woocommerce_thumbnail\" alt=\"Base Para Detector SIGA-SB Endere\u00e7avel\" srcset=\"https:\/\/proteccionshoppingonline.com.br\/loja\/wp-content\/uploads\/2024\/11\/SIGA-SB.png 500w, https:\/\/proteccionshoppingonline.com.br\/loja\/wp-content\/uploads\/2024\/11\/SIGA-SB-300x300.png 300w, https:\/\/proteccionshoppingonline.com.br\/loja\/wp-content\/uploads\/2024\/11\/SIGA-SB-150x150.png 150w, https:\/\/proteccionshoppingonline.com.br\/loja\/wp-content\/uploads\/2024\/11\/SIGA-SB-60x60.png 60w, https:\/\/proteccionshoppingonline.com.br\/loja\/wp-content\/uploads\/2024\/11\/SIGA-SB-90x90.png 90w, https:\/\/proteccionshoppingonline.com.br\/loja\/wp-content\/uploads\/2024\/11\/SIGA-SB-100x100.png 100w\" sizes=\"(max-width: 500px) 100vw, 500px\" \/><h2 class=\"woocommerce-loop-product__title\">Base Para Detector SIGA-SB Endere\u00e7avel<\/h2>\n<\/a><a href=\"https:\/\/proteccionshoppingonline.com.br\/loja\/loja\/deteccao-de-incendio\/base-siga-sb-para-detector-enderecavel\/\" aria-describedby=\"woocommerce_loop_add_to_cart_link_describedby_15936\" data-quantity=\"1\" class=\"button product_type_simple\" data-product_id=\"15936\" data-product_sku=\"\" aria-label=\"Leia mais sobre &ldquo;Base Para Detector SIGA-SB Endere\u00e7avel&rdquo;\" rel=\"nofollow\" data-success_message=\"\">Leia mais<\/a>\t<span id=\"woocommerce_loop_add_to_cart_link_describedby_15936\" class=\"screen-reader-text\">\n\t\t\t<\/span>\n<\/li>\n<\/ul>\n<\/div>\t\t\t\t<\/div>\n\t\t\t\t<\/div>\n\t\t\t\t<\/div>\n\t\t\t\t<\/div>\n\t\t","protected":false},"excerpt":{"rendered":"","protected":false},"author":1,"featured_media":0,"parent":0,"menu_order":0,"comment_status":"closed","ping_status":"closed","template":"","meta":{"_seopress_robots_primary_cat":"","_seopress_titles_title":"","_seopress_titles_desc":"","_seopress_robots_index":"","footnotes":""},"class_list":["post-14257","page","type-page","status-publish","hentry"],"yoast_head":"<!-- This site is optimized with the Yoast SEO plugin v27.2 - https:\/\/yoast.com\/product\/yoast-seo-wordpress\/ -->\n<title>Edwards - Protecci\u00f3n<\/title>\n<meta name=\"robots\" content=\"index, follow, max-snippet:-1, max-image-preview:large, max-video-preview:-1\" \/>\n<link rel=\"canonical\" href=\"https:\/\/proteccionshoppingonline.com.br\/loja\/edwards\/\" \/>\n<meta property=\"og:locale\" content=\"pt_BR\" \/>\n<meta property=\"og:type\" content=\"article\" \/>\n<meta property=\"og:title\" content=\"Edwards - Protecci\u00f3n\" \/>\n<meta property=\"og:url\" content=\"https:\/\/proteccionshoppingonline.com.br\/loja\/edwards\/\" \/>\n<meta property=\"og:site_name\" content=\"Protecci\u00f3n\" \/>\n<meta property=\"article:modified_time\" content=\"2025-02-20T18:06:31+00:00\" \/>\n<meta name=\"twitter:card\" content=\"summary_large_image\" \/>\n<meta name=\"twitter:label1\" content=\"Est. tempo de leitura\" \/>\n\t<meta name=\"twitter:data1\" content=\"2 minutos\" \/>\n<script type=\"application\/ld+json\" class=\"yoast-schema-graph\">{\"@context\":\"https:\/\/schema.org\",\"@graph\":[{\"@type\":\"WebPage\",\"@id\":\"https:\/\/proteccionshoppingonline.com.br\/loja\/edwards\/\",\"url\":\"https:\/\/proteccionshoppingonline.com.br\/loja\/edwards\/\",\"name\":\"Edwards - Protecci\u00f3n\",\"isPartOf\":{\"@id\":\"https:\/\/proteccionshoppingonline.com.br\/loja\/#website\"},\"datePublished\":\"2024-01-24T01:18:12+00:00\",\"dateModified\":\"2025-02-20T18:06:31+00:00\",\"breadcrumb\":{\"@id\":\"https:\/\/proteccionshoppingonline.com.br\/loja\/edwards\/#breadcrumb\"},\"inLanguage\":\"pt-BR\",\"potentialAction\":[{\"@type\":\"ReadAction\",\"target\":[\"https:\/\/proteccionshoppingonline.com.br\/loja\/edwards\/\"]}]},{\"@type\":\"BreadcrumbList\",\"@id\":\"https:\/\/proteccionshoppingonline.com.br\/loja\/edwards\/#breadcrumb\",\"itemListElement\":[{\"@type\":\"ListItem\",\"position\":1,\"name\":\"Home\",\"item\":\"https:\/\/proteccionshoppingonline.com.br\/loja\/\"},{\"@type\":\"ListItem\",\"position\":2,\"name\":\"Edwards\"}]},{\"@type\":\"WebSite\",\"@id\":\"https:\/\/proteccionshoppingonline.com.br\/loja\/#website\",\"url\":\"https:\/\/proteccionshoppingonline.com.br\/loja\/\",\"name\":\"Protecci\u00f3n Shopping On Line | Seguran\u00e7a contra Inc\u00eandios\",\"description\":\"Seguran\u00e7a contra Inc\u00eandios\",\"publisher\":{\"@id\":\"https:\/\/proteccionshoppingonline.com.br\/loja\/#organization\"},\"potentialAction\":[{\"@type\":\"SearchAction\",\"target\":{\"@type\":\"EntryPoint\",\"urlTemplate\":\"https:\/\/proteccionshoppingonline.com.br\/loja\/?s={search_term_string}\"},\"query-input\":{\"@type\":\"PropertyValueSpecification\",\"valueRequired\":true,\"valueName\":\"search_term_string\"}}],\"inLanguage\":\"pt-BR\"},{\"@type\":\"Organization\",\"@id\":\"https:\/\/proteccionshoppingonline.com.br\/loja\/#organization\",\"name\":\"Protecci\u00f3n Shopping On Line\",\"url\":\"https:\/\/proteccionshoppingonline.com.br\/loja\/\",\"logo\":{\"@type\":\"ImageObject\",\"inLanguage\":\"pt-BR\",\"@id\":\"https:\/\/proteccionshoppingonline.com.br\/loja\/#\/schema\/logo\/image\/\",\"url\":\"https:\/\/proteccionshoppingonline.com.br\/loja\/wp-content\/uploads\/2024\/01\/Proteccion-Shopping-On-Line-Logo-Nova.png\",\"contentUrl\":\"https:\/\/proteccionshoppingonline.com.br\/loja\/wp-content\/uploads\/2024\/01\/Proteccion-Shopping-On-Line-Logo-Nova.png\",\"width\":2000,\"height\":600,\"caption\":\"Protecci\u00f3n Shopping On Line\"},\"image\":{\"@id\":\"https:\/\/proteccionshoppingonline.com.br\/loja\/#\/schema\/logo\/image\/\"}}]}<\/script>\n<!-- \/ Yoast SEO plugin. -->","yoast_head_json":{"title":"Edwards - Protecci\u00f3n","robots":{"index":"index","follow":"follow","max-snippet":"max-snippet:-1","max-image-preview":"max-image-preview:large","max-video-preview":"max-video-preview:-1"},"canonical":"https:\/\/proteccionshoppingonline.com.br\/loja\/edwards\/","og_locale":"pt_BR","og_type":"article","og_title":"Edwards - Protecci\u00f3n","og_url":"https:\/\/proteccionshoppingonline.com.br\/loja\/edwards\/","og_site_name":"Protecci\u00f3n","article_modified_time":"2025-02-20T18:06:31+00:00","twitter_card":"summary_large_image","twitter_misc":{"Est. tempo de leitura":"2 minutos"},"schema":{"@context":"https:\/\/schema.org","@graph":[{"@type":"WebPage","@id":"https:\/\/proteccionshoppingonline.com.br\/loja\/edwards\/","url":"https:\/\/proteccionshoppingonline.com.br\/loja\/edwards\/","name":"Edwards - Protecci\u00f3n","isPartOf":{"@id":"https:\/\/proteccionshoppingonline.com.br\/loja\/#website"},"datePublished":"2024-01-24T01:18:12+00:00","dateModified":"2025-02-20T18:06:31+00:00","breadcrumb":{"@id":"https:\/\/proteccionshoppingonline.com.br\/loja\/edwards\/#breadcrumb"},"inLanguage":"pt-BR","potentialAction":[{"@type":"ReadAction","target":["https:\/\/proteccionshoppingonline.com.br\/loja\/edwards\/"]}]},{"@type":"BreadcrumbList","@id":"https:\/\/proteccionshoppingonline.com.br\/loja\/edwards\/#breadcrumb","itemListElement":[{"@type":"ListItem","position":1,"name":"Home","item":"https:\/\/proteccionshoppingonline.com.br\/loja\/"},{"@type":"ListItem","position":2,"name":"Edwards"}]},{"@type":"WebSite","@id":"https:\/\/proteccionshoppingonline.com.br\/loja\/#website","url":"https:\/\/proteccionshoppingonline.com.br\/loja\/","name":"Protecci\u00f3n Shopping On Line | Seguran\u00e7a contra Inc\u00eandios","description":"Seguran\u00e7a contra Inc\u00eandios","publisher":{"@id":"https:\/\/proteccionshoppingonline.com.br\/loja\/#organization"},"potentialAction":[{"@type":"SearchAction","target":{"@type":"EntryPoint","urlTemplate":"https:\/\/proteccionshoppingonline.com.br\/loja\/?s={search_term_string}"},"query-input":{"@type":"PropertyValueSpecification","valueRequired":true,"valueName":"search_term_string"}}],"inLanguage":"pt-BR"},{"@type":"Organization","@id":"https:\/\/proteccionshoppingonline.com.br\/loja\/#organization","name":"Protecci\u00f3n Shopping On Line","url":"https:\/\/proteccionshoppingonline.com.br\/loja\/","logo":{"@type":"ImageObject","inLanguage":"pt-BR","@id":"https:\/\/proteccionshoppingonline.com.br\/loja\/#\/schema\/logo\/image\/","url":"https:\/\/proteccionshoppingonline.com.br\/loja\/wp-content\/uploads\/2024\/01\/Proteccion-Shopping-On-Line-Logo-Nova.png","contentUrl":"https:\/\/proteccionshoppingonline.com.br\/loja\/wp-content\/uploads\/2024\/01\/Proteccion-Shopping-On-Line-Logo-Nova.png","width":2000,"height":600,"caption":"Protecci\u00f3n Shopping On Line"},"image":{"@id":"https:\/\/proteccionshoppingonline.com.br\/loja\/#\/schema\/logo\/image\/"}}]}},"_links":{"self":[{"href":"https:\/\/proteccionshoppingonline.com.br\/loja\/wp-json\/wp\/v2\/pages\/14257","targetHints":{"allow":["GET"]}}],"collection":[{"href":"https:\/\/proteccionshoppingonline.com.br\/loja\/wp-json\/wp\/v2\/pages"}],"about":[{"href":"https:\/\/proteccionshoppingonline.com.br\/loja\/wp-json\/wp\/v2\/types\/page"}],"author":[{"embeddable":true,"href":"https:\/\/proteccionshoppingonline.com.br\/loja\/wp-json\/wp\/v2\/users\/1"}],"replies":[{"embeddable":true,"href":"https:\/\/proteccionshoppingonline.com.br\/loja\/wp-json\/wp\/v2\/comments?post=14257"}],"version-history":[{"count":20,"href":"https:\/\/proteccionshoppingonline.com.br\/loja\/wp-json\/wp\/v2\/pages\/14257\/revisions"}],"predecessor-version":[{"id":18249,"href":"https:\/\/proteccionshoppingonline.com.br\/loja\/wp-json\/wp\/v2\/pages\/14257\/revisions\/18249"}],"wp:attachment":[{"href":"https:\/\/proteccionshoppingonline.com.br\/loja\/wp-json\/wp\/v2\/media?parent=14257"}],"curies":[{"name":"wp","href":"https:\/\/api.w.org\/{rel}","templated":true}]}}